{"id":5967,"date":"2024-10-16T11:32:11","date_gmt":"2024-10-16T11:32:11","guid":{"rendered":"https:\/\/poudresdenarco.com\/?post_type=product&#038;p=5967"},"modified":"2025-12-08T10:13:09","modified_gmt":"2025-12-08T10:13:09","slug":"4fmph","status":"publish","type":"product","link":"https:\/\/poudresdenarco.com\/pt\/produto\/4fmph\/","title":{"rendered":"4fmph"},"content":{"rendered":"<h2>Comprar 4F-MPH online<\/h2>\n<p>Comprar <a href=\"https:\/\/poudresdenarco.com\/pt\/produto\/4fmph\/\">4F-MPH<\/a> \u00e9 uma mol\u00e9cula sint\u00e9tica das classes das fenetilaminas e piperidinas substitu\u00eddas e um an\u00e1logo fluorado do metilfenidato. Cont\u00e9m um n\u00facleo de fenetilamina com um anel fen\u00edlico ligado a um grupo amino -NH2 por uma cadeia de etilo. \u00c9 estruturalmente semelhante \u00e0 anfetamina, com uma substitui\u00e7\u00e3o em R\u03b1 que \u00e9 incorporada num anel de piperidina que termina na amina terminal da cadeia de fenetilamina. Al\u00e9m disso, cont\u00e9m um acetato de metilo ligado a R2 ou \u00e0 sua estrutura. O <a href=\"https:\/\/en.wikipedia.org\/wiki\/4-Fluoromethylphenidate\">4F-MPH<\/a> \u00e9 estruturalmente id\u00eantico ao metilfenidato, com exce\u00e7\u00e3o de um \u00fanico \u00e1tomo de fl\u00faor ligado \u00e0 posi\u00e7\u00e3o quatro do anel de fenetilamina. <a href=\"https:\/\/poudresdenarco.com\/pt\/\">poudresdenarco<\/a><\/p>\n<h2><strong>Comprar 4F-MPH de alta pureza para investiga\u00e7\u00e3o - Narc\u00f3ticos em p\u00f3<\/strong><\/h2>\n<p>Poudres de Narco \u00e9 um fornecedor fi\u00e1vel de <strong>4F-MPH qualidade da investiga\u00e7\u00e3o<\/strong>concebido exclusivamente para <strong>aplica\u00e7\u00f5es em laborat\u00f3rios cient\u00edficos<\/strong>. O nosso 4F-MPH \u00e9 produzido segundo normas rigorosas de pureza e qualidade, garantindo resultados consistentes para investigadores em qu\u00edmica e farmacologia Comprar 4F-MPH<a href=\"https:\/\/poudresdenarco.com\/pt\/produto\/2fdck\/\">.<\/a><\/p>\n<h3>Porqu\u00ea escolher 4F-MPH de Poudres de Narco?<\/h3>\n<p>Como <strong>fornecedor de 4F-MPH para investiga\u00e7\u00e3o<\/strong>Poudres de Narco oferece produtos testados e que respeitam os mais elevados padr\u00f5es de qualidade:<\/p>\n<ul>\n<li><strong>4F-MPH Alta Pureza<\/strong> Cada lote \u00e9 rigorosamente testado para garantir a m\u00e1xima pureza, essencial para resultados exactos.<\/li>\n<li><strong>Qualidade consistente e fi\u00e1vel<\/strong> O nosso 4F-MPH foi concebido para um desempenho est\u00e1vel em ambientes de investiga\u00e7\u00e3o controlados.<\/li>\n<li><strong>Encomendas online seguras<\/strong> : Tornamos mais f\u00e1cil<strong>compra de 4F-MPH para aplica\u00e7\u00f5es cient\u00edficas<\/strong> com um processo de encomenda seguro e confidencial.<\/li>\n<\/ul>\n<h3>Aplica\u00e7\u00f5es e instru\u00e7\u00f5es de seguran\u00e7a<\/h3>\n<p>Le <strong>4F-MPH<\/strong> de Poudres de Narco \u00e9 destinado a <strong>aplica\u00e7\u00f5es de investiga\u00e7\u00e3o laboratorial<\/strong>. Fornecemos protocolos de manuseamento e armazenamento para garantir uma utiliza\u00e7\u00e3o segura e correta:<\/p>\n<ul>\n<li><strong>Armazenamento seguro<\/strong> Conservar o 4F-MPH num local fresco e seco, ao abrigo da luz direta.<\/li>\n<li><strong>Manuseamento com precau\u00e7\u00f5es<\/strong> Utilizar equipamento de prote\u00e7\u00e3o individual (EPI) e trabalhar numa \u00e1rea bem ventilada.<\/li>\n<li><strong>Utiliza\u00e7\u00e3o estritamente reservada \u00e0 investiga\u00e7\u00e3o<\/strong> Este produto destina-se exclusivamente a investigadores qualificados e a laborat\u00f3rios autorizados.<\/li>\n<\/ul>\n<h3>Encomendar 4F-MPH de elevada pureza para os seus estudos cient\u00edficos<\/h3>\n<p>Poudres de Narco garante um abastecimento fi\u00e1vel de <strong>4F-MPH de alta qualidade<\/strong> para as suas necessidades de investiga\u00e7\u00e3o. <strong>Contactar-nos<\/strong> para um or\u00e7amento ou para saber mais sobre a nossa gama de produtos para o laborat\u00f3rio Comprar 4F-MPH .<\/p>","protected":false},"excerpt":{"rendered":"<p>Acheter 4F-MPH en ligne Acheter 4F-MPH est une mol\u00e9cule synth\u00e9tique des classes de ph\u00e9n\u00e9thylamine et de pip\u00e9ridine substitu\u00e9es, et un analogue fluor\u00e9 du m\u00e9thylph\u00e9nidate. Il contient un noyau de ph\u00e9n\u00e9thylamine comportant un cycle ph\u00e9nyle li\u00e9 \u00e0 un groupe amino -NH2 par une cha\u00eene \u00e9thyle. Il est structurellement similaire \u00e0 l&rsquo;amph\u00e9tamine, pr\u00e9sentant une substitution au niveau&hellip;<\/p>","protected":false},"featured_media":6176,"comment_status":"open","ping_status":"closed","template":"","meta":{"_joinchat":[]},"product_cat":[558],"product_tag":[],"class_list":{"0":"post-5967","1":"product","2":"type-product","3":"status-publish","4":"has-post-thumbnail","6":"product_cat-chimiques-de-recherche","8":"first","9":"instock","10":"shipping-taxable","11":"purchasable","12":"product-type-variable","13":"col-xs-6 col-sm-4","14":"col-md-3 col-lg-3","15":"un-4-cols"},"yoast_head":"<!-- This site is optimized with the Yoast SEO plugin v23.8 - https:\/\/yoast.com\/wordpress\/plugins\/seo\/ -->\n<title>Acheter 4F-MPH | Poudres de Narco<\/title>\n<meta name=\"description\" content=\"Fournisseur de 4F-MPH pour applications scientifiques en laboratoire. Puret\u00e9 et s\u00e9curit\u00e9 garanties pour recherches chez Poudres de Narco, Acheter 4F-MPH\" \/>\n<meta name=\"robots\" content=\"index, follow, max-snippet:-1, max-image-preview:large, max-video-preview:-1\" \/>\n<link rel=\"canonical\" href=\"https:\/\/poudresdenarco.com\/pt\/produto\/4fmph\/\" \/>\n<meta property=\"og:locale\" content=\"pt_PT\" \/>\n<meta property=\"og:type\" content=\"article\" \/>\n<meta property=\"og:title\" content=\"Acheter 4F-MPH | Poudres de Narco\" \/>\n<meta property=\"og:description\" content=\"Fournisseur de 4F-MPH pour applications scientifiques en laboratoire. Puret\u00e9 et s\u00e9curit\u00e9 garanties pour recherches chez Poudres de Narco, Acheter 4F-MPH\" \/>\n<meta property=\"og:url\" content=\"https:\/\/poudresdenarco.com\/pt\/produto\/4fmph\/\" \/>\n<meta property=\"og:site_name\" content=\"Poudresde Narco\" \/>\n<meta property=\"article:modified_time\" content=\"2025-12-08T10:13:09+00:00\" \/>\n<meta property=\"og:image\" content=\"https:\/\/poudresdenarco.com\/wp-content\/uploads\/2024\/10\/4fmph.gif\" \/>\n\t<meta property=\"og:image:width\" content=\"600\" \/>\n\t<meta property=\"og:image:height\" content=\"600\" \/>\n\t<meta property=\"og:image:type\" content=\"image\/gif\" \/>\n<meta name=\"twitter:card\" content=\"summary_large_image\" \/>\n<meta name=\"twitter:label1\" content=\"Tempo estimado de leitura\" \/>\n\t<meta name=\"twitter:data1\" content=\"2 minutos\" \/>\n<script type=\"application\/ld+json\" class=\"yoast-schema-graph\">{\"@context\":\"https:\/\/schema.org\",\"@graph\":[{\"@type\":\"WebPage\",\"@id\":\"https:\/\/poudresdenarco.com\/produit\/4fmph\/\",\"url\":\"https:\/\/poudresdenarco.com\/produit\/4fmph\/\",\"name\":\"Acheter 4F-MPH | Poudres de Narco\",\"isPartOf\":{\"@id\":\"https:\/\/poudresdenarco.com\/#website\"},\"primaryImageOfPage\":{\"@id\":\"https:\/\/poudresdenarco.com\/produit\/4fmph\/#primaryimage\"},\"image\":{\"@id\":\"https:\/\/poudresdenarco.com\/produit\/4fmph\/#primaryimage\"},\"thumbnailUrl\":\"https:\/\/poudresdenarco.com\/wp-content\/uploads\/2024\/10\/4fmph.gif\",\"datePublished\":\"2024-10-16T11:32:11+00:00\",\"dateModified\":\"2025-12-08T10:13:09+00:00\",\"description\":\"Fournisseur de 4F-MPH pour applications scientifiques en laboratoire. Puret\u00e9 et s\u00e9curit\u00e9 garanties pour recherches chez Poudres de Narco, Acheter 4F-MPH\",\"breadcrumb\":{\"@id\":\"https:\/\/poudresdenarco.com\/produit\/4fmph\/#breadcrumb\"},\"inLanguage\":\"pt-PT\",\"potentialAction\":[{\"@type\":\"ReadAction\",\"target\":[\"https:\/\/poudresdenarco.com\/produit\/4fmph\/\"]}]},{\"@type\":\"ImageObject\",\"inLanguage\":\"pt-PT\",\"@id\":\"https:\/\/poudresdenarco.com\/produit\/4fmph\/#primaryimage\",\"url\":\"https:\/\/poudresdenarco.com\/wp-content\/uploads\/2024\/10\/4fmph.gif\",\"contentUrl\":\"https:\/\/poudresdenarco.com\/wp-content\/uploads\/2024\/10\/4fmph.gif\",\"width\":600,\"height\":600,\"caption\":\"4fmph\"},{\"@type\":\"BreadcrumbList\",\"@id\":\"https:\/\/poudresdenarco.com\/produit\/4fmph\/#breadcrumb\",\"itemListElement\":[{\"@type\":\"ListItem\",\"position\":1,\"name\":\"Home\",\"item\":\"https:\/\/poudresdenarco.com\/\"},{\"@type\":\"ListItem\",\"position\":2,\"name\":\"Boutique\",\"item\":\"https:\/\/poudresdenarco.com\/boutique\/\"},{\"@type\":\"ListItem\",\"position\":3,\"name\":\"4fmph\"}]},{\"@type\":\"WebSite\",\"@id\":\"https:\/\/poudresdenarco.com\/#website\",\"url\":\"https:\/\/poudresdenarco.com\/\",\"name\":\"Poudresde Narco\",\"description\":\"Acheter de la coca\u00efne et de l&#039;h\u00e9ro\u00efne en ligne\",\"potentialAction\":[{\"@type\":\"SearchAction\",\"target\":{\"@type\":\"EntryPoint\",\"urlTemplate\":\"https:\/\/poudresdenarco.com\/?s={search_term_string}\"},\"query-input\":{\"@type\":\"PropertyValueSpecification\",\"valueRequired\":true,\"valueName\":\"search_term_string\"}}],\"inLanguage\":\"pt-PT\"}]}<\/script>\n<!-- \/ Yoast SEO plugin. -->","yoast_head_json":{"title":"Acheter 4F-MPH | Poudres de Narco","description":"Fournisseur de 4F-MPH pour applications scientifiques en laboratoire. Puret\u00e9 et s\u00e9curit\u00e9 garanties pour recherches chez Poudres de Narco, Acheter 4F-MPH","robots":{"index":"index","follow":"follow","max-snippet":"max-snippet:-1","max-image-preview":"max-image-preview:large","max-video-preview":"max-video-preview:-1"},"canonical":"https:\/\/poudresdenarco.com\/pt\/produto\/4fmph\/","og_locale":"pt_PT","og_type":"article","og_title":"Acheter 4F-MPH | Poudres de Narco","og_description":"Fournisseur de 4F-MPH pour applications scientifiques en laboratoire. Puret\u00e9 et s\u00e9curit\u00e9 garanties pour recherches chez Poudres de Narco, Acheter 4F-MPH","og_url":"https:\/\/poudresdenarco.com\/pt\/produto\/4fmph\/","og_site_name":"Poudresde Narco","article_modified_time":"2025-12-08T10:13:09+00:00","og_image":[{"width":600,"height":600,"url":"https:\/\/poudresdenarco.com\/wp-content\/uploads\/2024\/10\/4fmph.gif","type":"image\/gif"}],"twitter_card":"summary_large_image","twitter_misc":{"Tempo estimado de leitura":"2 minutos"},"schema":{"@context":"https:\/\/schema.org","@graph":[{"@type":"WebPage","@id":"https:\/\/poudresdenarco.com\/produit\/4fmph\/","url":"https:\/\/poudresdenarco.com\/produit\/4fmph\/","name":"Acheter 4F-MPH | Poudres de Narco","isPartOf":{"@id":"https:\/\/poudresdenarco.com\/#website"},"primaryImageOfPage":{"@id":"https:\/\/poudresdenarco.com\/produit\/4fmph\/#primaryimage"},"image":{"@id":"https:\/\/poudresdenarco.com\/produit\/4fmph\/#primaryimage"},"thumbnailUrl":"https:\/\/poudresdenarco.com\/wp-content\/uploads\/2024\/10\/4fmph.gif","datePublished":"2024-10-16T11:32:11+00:00","dateModified":"2025-12-08T10:13:09+00:00","description":"Fournisseur de 4F-MPH pour applications scientifiques en laboratoire. Puret\u00e9 et s\u00e9curit\u00e9 garanties pour recherches chez Poudres de Narco, Acheter 4F-MPH","breadcrumb":{"@id":"https:\/\/poudresdenarco.com\/produit\/4fmph\/#breadcrumb"},"inLanguage":"pt-PT","potentialAction":[{"@type":"ReadAction","target":["https:\/\/poudresdenarco.com\/produit\/4fmph\/"]}]},{"@type":"ImageObject","inLanguage":"pt-PT","@id":"https:\/\/poudresdenarco.com\/produit\/4fmph\/#primaryimage","url":"https:\/\/poudresdenarco.com\/wp-content\/uploads\/2024\/10\/4fmph.gif","contentUrl":"https:\/\/poudresdenarco.com\/wp-content\/uploads\/2024\/10\/4fmph.gif","width":600,"height":600,"caption":"4fmph"},{"@type":"BreadcrumbList","@id":"https:\/\/poudresdenarco.com\/produit\/4fmph\/#breadcrumb","itemListElement":[{"@type":"ListItem","position":1,"name":"Home","item":"https:\/\/poudresdenarco.com\/"},{"@type":"ListItem","position":2,"name":"Boutique","item":"https:\/\/poudresdenarco.com\/boutique\/"},{"@type":"ListItem","position":3,"name":"4fmph"}]},{"@type":"WebSite","@id":"https:\/\/poudresdenarco.com\/#website","url":"https:\/\/poudresdenarco.com\/","name":"Poudresde Narco","description":"Acheter de la coca\u00efne et de l&#039;h\u00e9ro\u00efne en ligne","potentialAction":[{"@type":"SearchAction","target":{"@type":"EntryPoint","urlTemplate":"https:\/\/poudresdenarco.com\/?s={search_term_string}"},"query-input":{"@type":"PropertyValueSpecification","valueRequired":true,"valueName":"search_term_string"}}],"inLanguage":"pt-PT"}]}},"_links":{"self":[{"href":"https:\/\/poudresdenarco.com\/pt\/wp-json\/wp\/v2\/product\/5967","targetHints":{"allow":["GET"]}}],"collection":[{"href":"https:\/\/poudresdenarco.com\/pt\/wp-json\/wp\/v2\/product"}],"about":[{"href":"https:\/\/poudresdenarco.com\/pt\/wp-json\/wp\/v2\/types\/product"}],"replies":[{"embeddable":true,"href":"https:\/\/poudresdenarco.com\/pt\/wp-json\/wp\/v2\/comments?post=5967"}],"wp:featuredmedia":[{"embeddable":true,"href":"https:\/\/poudresdenarco.com\/pt\/wp-json\/wp\/v2\/media\/6176"}],"wp:attachment":[{"href":"https:\/\/poudresdenarco.com\/pt\/wp-json\/wp\/v2\/media?parent=5967"}],"wp:term":[{"taxonomy":"product_cat","embeddable":true,"href":"https:\/\/poudresdenarco.com\/pt\/wp-json\/wp\/v2\/product_cat?post=5967"},{"taxonomy":"product_tag","embeddable":true,"href":"https:\/\/poudresdenarco.com\/pt\/wp-json\/wp\/v2\/product_tag?post=5967"}],"curies":[{"name":"wp","href":"https:\/\/api.w.org\/{rel}","templated":true}]}}