{"id":5968,"date":"2024-10-16T11:32:11","date_gmt":"2024-10-16T11:32:11","guid":{"rendered":"https:\/\/poudresdenarco.com\/?post_type=product&#038;p=5968"},"modified":"2024-10-21T05:04:43","modified_gmt":"2024-10-21T05:04:43","slug":"amphetamine","status":"publish","type":"product","link":"https:\/\/poudresdenarco.com\/pt\/produto\/amphetamine\/","title":{"rendered":"Anfetamina"},"content":{"rendered":"<h2>Acheter AMPHETAMINE en ligne<\/h2>\n<p>La poudre d&rsquo;<a href=\"https:\/\/poudresdenarco.com\/pt\/produto\/amphetamine\/\">amph\u00e9tamine<\/a> est un puissant stimulant du syst\u00e8me nerveux central (cerveau et nerfs de la moelle \u00e9pini\u00e8re) et joue un r\u00f4le m\u00e9dicinal dans un certain nombre de maladies. Elle est \u00e9galement tr\u00e8s addictive et a des ant\u00e9c\u00e9dents d&rsquo;abus.<\/p>\n<p>La poudre d&rsquo;<a href=\"https:\/\/en.wikipedia.org\/wiki\/Amphetamine\">amph\u00e9tamine<\/a> est m\u00e9dicalement utilis\u00e9e pour traiter le trouble d\u00e9ficitaire de l&rsquo;attention avec hyperactivit\u00e9 (TDAH) et la narcolepsie, une maladie caract\u00e9ris\u00e9e par des crises de somnolence intense et inappropri\u00e9e.1<\/p>\n<p>La poudre d&rsquo;amph\u00e9tamine \u00e0 une teneur moindre est \u00e9galement utilis\u00e9e dans le traitement de la d\u00e9pression et de l&rsquo;ob\u00e9sit\u00e9.<\/p>\n<p>Dans cet article, nous examinerons l&rsquo;utilisation m\u00e9dicale de l&rsquo;amph\u00e9tamine, ses effets secondaires et ses contre-indications.<\/p>\n<p>La poudre d&rsquo;amph\u00e9tamine est un stimulant synth\u00e9tique. Son utilisation m\u00e9dicale actuelle est limit\u00e9e, seule la dex\u00e9drine (sulfate de dexamph\u00e9tamine) \u00e9tant actuellement disponible pour le traitement de la narcolepsie, o\u00f9 le patient ne peut s&#8217;emp\u00eacher de s&rsquo;endormir soudainement. Le seul autre m\u00e9dicament apparent\u00e9 \u00e0 l&rsquo;amph\u00e9tamine<\/p>\n<p>disponible \u00e0 des fins m\u00e9dicales est le m\u00e9thylph\u00e9nidate (Ritalin) pour le traitement du syndrome du d\u00e9ficit de l&rsquo;attention chez les enfants (le Ritalin n&rsquo;est pas \u00e0 proprement parler une amph\u00e9tamine, bien qu&rsquo;il soit tr\u00e8s similaire en termes de structure chimique et d&rsquo;effets). <a href=\"https:\/\/poudresdenarco.com\/pt\/\">poudresdenarco<\/a><\/p>\n<p>En tant que drogue de rue, l&rsquo;amph\u00e9tamine se pr\u00e9sente g\u00e9n\u00e9ralement sous la forme d&rsquo;une poudre blanche, grise, jaun\u00e2tre ou ros\u00e2tre ou d&rsquo;une substance semblable \u00e0 du mastic appel\u00e9e base. La puret\u00e9 des poudres vendues dans la rue est inf\u00e9rieure \u00e0 15 %, la plupart des ventes ne contenant que 10 % d&rsquo;amph\u00e9tamine et le reste sous forme d&rsquo;autres poudres comme le glucose, la vitamine C, les laxatifs, le lait en poudre pour b\u00e9b\u00e9, la caf\u00e9ine ou d&rsquo;autres m\u00e9dicaments comme le parac\u00e9tamol ou l&rsquo;aspirine.<\/p>\n<p>La base est plus forte, \u00e0 environ 50 % de puret\u00e9 ou plus, mais ce chiffre est en baisse. Une forme similaire, bien que certains disent plus forte, de la drogue est la m\u00e9thamph\u00e9tamine. Elle se pr\u00e9sente sous forme de poudre, de cristaux (connus sous le nom de glace) ou de comprim\u00e9s.<\/p>\n<p>Les poudres sont sniff\u00e9es par le nez, m\u00e9lang\u00e9es \u00e0 une boisson ou, chez certains gros consommateurs, pr\u00e9par\u00e9es pour l&rsquo;injection. La base est g\u00e9n\u00e9ralement aval\u00e9e ou, en raison de son mauvais go\u00fbt, envelopp\u00e9e dans du papier (\u00e0 cigarette) et aval\u00e9e. Elle peut \u00eatre sniff\u00e9e si elle est bien s\u00e9ch\u00e9e.<\/p>\n<p>La m\u00e9thamph\u00e9tamine est consomm\u00e9e de plusieurs fa\u00e7ons, selon la forme. Les pilules sont aval\u00e9es. Sous forme de cristaux, comme la base de sel a \u00e9t\u00e9 retir\u00e9e, elle peut \u00eatre facilement enflamm\u00e9e et fum\u00e9e (de la m\u00eame mani\u00e8re que le crack l&rsquo;est pour la coca\u00efne). La poudre est aval\u00e9e ou sniff\u00e9e.<\/p>","protected":false},"excerpt":{"rendered":"<p>Acheter AMPHETAMINE en ligne La poudre d&rsquo;amph\u00e9tamine est un puissant stimulant du syst\u00e8me nerveux central (cerveau et nerfs de la moelle \u00e9pini\u00e8re) et joue un r\u00f4le m\u00e9dicinal dans un certain nombre de maladies. Elle est \u00e9galement tr\u00e8s addictive et a des ant\u00e9c\u00e9dents d&rsquo;abus. La poudre d&rsquo;amph\u00e9tamine est m\u00e9dicalement utilis\u00e9e pour traiter le trouble d\u00e9ficitaire de&hellip;<\/p>","protected":false},"featured_media":6175,"comment_status":"open","ping_status":"closed","template":"","meta":{"_joinchat":[]},"product_cat":[558],"product_tag":[],"class_list":{"0":"post-5968","1":"product","2":"type-product","3":"status-publish","4":"has-post-thumbnail","6":"product_cat-chimiques-de-recherche","8":"first","9":"instock","10":"shipping-taxable","11":"purchasable","12":"product-type-variable","13":"col-xs-6 col-sm-4","14":"col-md-3 col-lg-3","15":"un-4-cols"},"yoast_head":"<!-- This site is optimized with the Yoast SEO plugin v23.8 - https:\/\/yoast.com\/wordpress\/plugins\/seo\/ -->\n<title>Amphetamine - Poudresde Narco<\/title>\n<meta name=\"robots\" content=\"index, follow, max-snippet:-1, max-image-preview:large, max-video-preview:-1\" \/>\n<link rel=\"canonical\" href=\"https:\/\/poudresdenarco.com\/pt\/produto\/amphetamine\/\" \/>\n<meta property=\"og:locale\" content=\"pt_PT\" \/>\n<meta property=\"og:type\" content=\"article\" \/>\n<meta property=\"og:title\" content=\"Amphetamine - Poudresde Narco\" \/>\n<meta property=\"og:description\" content=\"Acheter AMPHETAMINE en ligne La poudre d&rsquo;amph\u00e9tamine est un puissant stimulant du syst\u00e8me nerveux central (cerveau et nerfs de la moelle \u00e9pini\u00e8re) et joue un r\u00f4le m\u00e9dicinal dans un certain nombre de maladies. Elle est \u00e9galement tr\u00e8s addictive et a des ant\u00e9c\u00e9dents d&rsquo;abus. La poudre d&rsquo;amph\u00e9tamine est m\u00e9dicalement utilis\u00e9e pour traiter le trouble d\u00e9ficitaire de&hellip;\" \/>\n<meta property=\"og:url\" content=\"https:\/\/poudresdenarco.com\/pt\/produto\/amphetamine\/\" \/>\n<meta property=\"og:site_name\" content=\"Poudresde Narco\" \/>\n<meta property=\"article:modified_time\" content=\"2024-10-21T05:04:43+00:00\" \/>\n<meta property=\"og:image\" content=\"https:\/\/poudresdenarco.com\/wp-content\/uploads\/2024\/10\/Amphetamine.gif\" \/>\n\t<meta property=\"og:image:width\" content=\"600\" \/>\n\t<meta property=\"og:image:height\" content=\"600\" \/>\n\t<meta property=\"og:image:type\" content=\"image\/gif\" \/>\n<meta name=\"twitter:card\" content=\"summary_large_image\" \/>\n<meta name=\"twitter:label1\" content=\"Tempo estimado de leitura\" \/>\n\t<meta name=\"twitter:data1\" content=\"3 minutos\" \/>\n<script type=\"application\/ld+json\" class=\"yoast-schema-graph\">{\"@context\":\"https:\/\/schema.org\",\"@graph\":[{\"@type\":\"WebPage\",\"@id\":\"https:\/\/poudresdenarco.com\/produit\/amphetamine\/\",\"url\":\"https:\/\/poudresdenarco.com\/produit\/amphetamine\/\",\"name\":\"Amphetamine - Poudresde Narco\",\"isPartOf\":{\"@id\":\"https:\/\/poudresdenarco.com\/#website\"},\"primaryImageOfPage\":{\"@id\":\"https:\/\/poudresdenarco.com\/produit\/amphetamine\/#primaryimage\"},\"image\":{\"@id\":\"https:\/\/poudresdenarco.com\/produit\/amphetamine\/#primaryimage\"},\"thumbnailUrl\":\"https:\/\/poudresdenarco.com\/wp-content\/uploads\/2024\/10\/Amphetamine.gif\",\"datePublished\":\"2024-10-16T11:32:11+00:00\",\"dateModified\":\"2024-10-21T05:04:43+00:00\",\"breadcrumb\":{\"@id\":\"https:\/\/poudresdenarco.com\/produit\/amphetamine\/#breadcrumb\"},\"inLanguage\":\"pt-PT\",\"potentialAction\":[{\"@type\":\"ReadAction\",\"target\":[\"https:\/\/poudresdenarco.com\/produit\/amphetamine\/\"]}]},{\"@type\":\"ImageObject\",\"inLanguage\":\"pt-PT\",\"@id\":\"https:\/\/poudresdenarco.com\/produit\/amphetamine\/#primaryimage\",\"url\":\"https:\/\/poudresdenarco.com\/wp-content\/uploads\/2024\/10\/Amphetamine.gif\",\"contentUrl\":\"https:\/\/poudresdenarco.com\/wp-content\/uploads\/2024\/10\/Amphetamine.gif\",\"width\":600,\"height\":600,\"caption\":\"Amphetamine\"},{\"@type\":\"BreadcrumbList\",\"@id\":\"https:\/\/poudresdenarco.com\/produit\/amphetamine\/#breadcrumb\",\"itemListElement\":[{\"@type\":\"ListItem\",\"position\":1,\"name\":\"Home\",\"item\":\"https:\/\/poudresdenarco.com\/\"},{\"@type\":\"ListItem\",\"position\":2,\"name\":\"Boutique\",\"item\":\"https:\/\/poudresdenarco.com\/boutique\/\"},{\"@type\":\"ListItem\",\"position\":3,\"name\":\"Amphetamine\"}]},{\"@type\":\"WebSite\",\"@id\":\"https:\/\/poudresdenarco.com\/#website\",\"url\":\"https:\/\/poudresdenarco.com\/\",\"name\":\"Poudresde Narco\",\"description\":\"Acheter de la coca\u00efne et de l&#039;h\u00e9ro\u00efne en ligne\",\"potentialAction\":[{\"@type\":\"SearchAction\",\"target\":{\"@type\":\"EntryPoint\",\"urlTemplate\":\"https:\/\/poudresdenarco.com\/?s={search_term_string}\"},\"query-input\":{\"@type\":\"PropertyValueSpecification\",\"valueRequired\":true,\"valueName\":\"search_term_string\"}}],\"inLanguage\":\"pt-PT\"}]}<\/script>\n<!-- \/ Yoast SEO plugin. -->","yoast_head_json":{"title":"Amphetamine - Poudresde Narco","robots":{"index":"index","follow":"follow","max-snippet":"max-snippet:-1","max-image-preview":"max-image-preview:large","max-video-preview":"max-video-preview:-1"},"canonical":"https:\/\/poudresdenarco.com\/pt\/produto\/amphetamine\/","og_locale":"pt_PT","og_type":"article","og_title":"Amphetamine - Poudresde Narco","og_description":"Acheter AMPHETAMINE en ligne La poudre d&rsquo;amph\u00e9tamine est un puissant stimulant du syst\u00e8me nerveux central (cerveau et nerfs de la moelle \u00e9pini\u00e8re) et joue un r\u00f4le m\u00e9dicinal dans un certain nombre de maladies. Elle est \u00e9galement tr\u00e8s addictive et a des ant\u00e9c\u00e9dents d&rsquo;abus. La poudre d&rsquo;amph\u00e9tamine est m\u00e9dicalement utilis\u00e9e pour traiter le trouble d\u00e9ficitaire de&hellip;","og_url":"https:\/\/poudresdenarco.com\/pt\/produto\/amphetamine\/","og_site_name":"Poudresde Narco","article_modified_time":"2024-10-21T05:04:43+00:00","og_image":[{"width":600,"height":600,"url":"https:\/\/poudresdenarco.com\/wp-content\/uploads\/2024\/10\/Amphetamine.gif","type":"image\/gif"}],"twitter_card":"summary_large_image","twitter_misc":{"Tempo estimado de leitura":"3 minutos"},"schema":{"@context":"https:\/\/schema.org","@graph":[{"@type":"WebPage","@id":"https:\/\/poudresdenarco.com\/produit\/amphetamine\/","url":"https:\/\/poudresdenarco.com\/produit\/amphetamine\/","name":"Amphetamine - Poudresde Narco","isPartOf":{"@id":"https:\/\/poudresdenarco.com\/#website"},"primaryImageOfPage":{"@id":"https:\/\/poudresdenarco.com\/produit\/amphetamine\/#primaryimage"},"image":{"@id":"https:\/\/poudresdenarco.com\/produit\/amphetamine\/#primaryimage"},"thumbnailUrl":"https:\/\/poudresdenarco.com\/wp-content\/uploads\/2024\/10\/Amphetamine.gif","datePublished":"2024-10-16T11:32:11+00:00","dateModified":"2024-10-21T05:04:43+00:00","breadcrumb":{"@id":"https:\/\/poudresdenarco.com\/produit\/amphetamine\/#breadcrumb"},"inLanguage":"pt-PT","potentialAction":[{"@type":"ReadAction","target":["https:\/\/poudresdenarco.com\/produit\/amphetamine\/"]}]},{"@type":"ImageObject","inLanguage":"pt-PT","@id":"https:\/\/poudresdenarco.com\/produit\/amphetamine\/#primaryimage","url":"https:\/\/poudresdenarco.com\/wp-content\/uploads\/2024\/10\/Amphetamine.gif","contentUrl":"https:\/\/poudresdenarco.com\/wp-content\/uploads\/2024\/10\/Amphetamine.gif","width":600,"height":600,"caption":"Amphetamine"},{"@type":"BreadcrumbList","@id":"https:\/\/poudresdenarco.com\/produit\/amphetamine\/#breadcrumb","itemListElement":[{"@type":"ListItem","position":1,"name":"Home","item":"https:\/\/poudresdenarco.com\/"},{"@type":"ListItem","position":2,"name":"Boutique","item":"https:\/\/poudresdenarco.com\/boutique\/"},{"@type":"ListItem","position":3,"name":"Amphetamine"}]},{"@type":"WebSite","@id":"https:\/\/poudresdenarco.com\/#website","url":"https:\/\/poudresdenarco.com\/","name":"Poudresde Narco","description":"Acheter de la coca\u00efne et de l&#039;h\u00e9ro\u00efne en ligne","potentialAction":[{"@type":"SearchAction","target":{"@type":"EntryPoint","urlTemplate":"https:\/\/poudresdenarco.com\/?s={search_term_string}"},"query-input":{"@type":"PropertyValueSpecification","valueRequired":true,"valueName":"search_term_string"}}],"inLanguage":"pt-PT"}]}},"_links":{"self":[{"href":"https:\/\/poudresdenarco.com\/pt\/wp-json\/wp\/v2\/product\/5968","targetHints":{"allow":["GET"]}}],"collection":[{"href":"https:\/\/poudresdenarco.com\/pt\/wp-json\/wp\/v2\/product"}],"about":[{"href":"https:\/\/poudresdenarco.com\/pt\/wp-json\/wp\/v2\/types\/product"}],"replies":[{"embeddable":true,"href":"https:\/\/poudresdenarco.com\/pt\/wp-json\/wp\/v2\/comments?post=5968"}],"wp:featuredmedia":[{"embeddable":true,"href":"https:\/\/poudresdenarco.com\/pt\/wp-json\/wp\/v2\/media\/6175"}],"wp:attachment":[{"href":"https:\/\/poudresdenarco.com\/pt\/wp-json\/wp\/v2\/media?parent=5968"}],"wp:term":[{"taxonomy":"product_cat","embeddable":true,"href":"https:\/\/poudresdenarco.com\/pt\/wp-json\/wp\/v2\/product_cat?post=5968"},{"taxonomy":"product_tag","embeddable":true,"href":"https:\/\/poudresdenarco.com\/pt\/wp-json\/wp\/v2\/product_tag?post=5968"}],"curies":[{"name":"wp","href":"https:\/\/api.w.org\/{rel}","templated":true}]}}