{"id":6002,"date":"2024-10-16T11:32:20","date_gmt":"2024-10-16T11:32:20","guid":{"rendered":"https:\/\/poudresdenarco.com\/?post_type=product&#038;p=6002"},"modified":"2025-05-28T14:02:30","modified_gmt":"2025-05-28T14:02:30","slug":"benzolam","status":"publish","type":"product","link":"https:\/\/poudresdenarco.com\/pt\/produto\/benzolam\/","title":{"rendered":"Benzolam"},"content":{"rendered":"<h2>Acheter du benzolam en ligne<\/h2>\n<p>Le <a href=\"https:\/\/poudresdenarco.com\/pt\/produto\/benzolam\/\">benzolam<\/a>, commun\u00e9ment appel\u00e9 Alpha-PVP, est un stimulant puissant qui est g\u00e9n\u00e9ralement utilis\u00e9 pour produire de l&rsquo;euphorie. Il est \u00e9galement qualifi\u00e9 de drogue psychoactive par certaines \u00e9tudes. Il a \u00e9t\u00e9 d\u00e9couvert au d\u00e9but des ann\u00e9es 1960 et a un niveau de puissance 1\/4 par rapport au MDPV, Acheter Benzolam .<\/p>\n<p>De plus, les effets sont \u00e0 peu pr\u00e8s les m\u00eames. En g\u00e9n\u00e9ral, les CRISTAUX D&rsquo;A-PVP se trouvent sous forme de cristaux de roche blancs. Diverses applications et effets de l&rsquo;A-PVP Avant d&rsquo;ing\u00e9rer de l&rsquo;Alpha-PVP, m\u00e9langez-le avec d&rsquo;autres m\u00e9dicaments.<\/p>\n<p>De plus, vous avez la possibilit\u00e9 de l&rsquo;avaler ou de l&rsquo;inhaler. Seul le m\u00e9decin doit d\u00e9terminer le dosage, et vous ne devez pas en prendre plus d&rsquo;un en une heure.<\/p>\n<p>Le <a href=\"https:\/\/en.wikipedia.org\/wiki\/Benzodiazepine\">benzolam<\/a> est comparable \u00e0 la coca\u00efne, bien qu&rsquo;il ait une puissance moindre. <a href=\"https:\/\/poudresdenarco.com\/pt\/\">Poudresnarco<\/a><\/p>\n<p>Mettez-le sous votre langue et vous d\u00e9couvrirez qu&rsquo;il se dissout rapidement. En m\u00eame temps, vous pouvez ressentir une sensation d&rsquo;engourdissement.<\/p>\n<p>Bien que cela prenne un certain temps \u00e0 se manifester, l\u2019euphorie devrait appara\u00eetre 30 minutes apr\u00e8s l\u2019ingestion. Vous remarquerez une l\u00e9g\u00e8re augmentation de la pression art\u00e9rielle suite \u00e0 l\u2019engourdissement.<\/p>\n<h3>De plus, vous n\u2019aurez plus envie de boire de l\u2019eau.<\/h3>\n<p>Apr\u00e8s avoir consomm\u00e9 quelque chose, vous ressentirez une l\u00e9g\u00e8re stimulation et peut-\u00eatre m\u00eame une somnolence 45 minutes plus tard ou plus.<\/p>\n<p>En g\u00e9n\u00e9ral, les effets ne devraient pas persister plus de trois heures et vous ne ressentirez peut-\u00eatre pas le besoin de prendre une autre dose imm\u00e9diatement.<\/p>\n<p>Vous ressentirez sans doute une euphorie plus longue si vous utilisez la m\u00e9thode d\u2019insufflation. N\u00e9anmoins, il peut \u00eatre difficile d\u2019estimer la puissance car certaines personnes ressentent un effet tr\u00e8s progressif, tandis que d\u2019autres en ressentent un assez rapide.<\/p>\n<h4><strong>Acheter du Benzolam de Haute Puret\u00e9 pour la Recherche &#8211; Poudres de Narco<\/strong><\/h4>\n<p><strong>P\u00f3s estupefacientes<\/strong> \u00e9 o seu fornecedor de confian\u00e7a para <strong>Benzolam qualidade da investiga\u00e7\u00e3o<\/strong>concebido exclusivamente para <strong>aplica\u00e7\u00f5es em laborat\u00f3rios cient\u00edficos<\/strong>. Notre Benzolam est produit selon des normes rigoureuses de puret\u00e9 et de qualit\u00e9, offrant des r\u00e9sultats constants pour les chercheurs en pharmacologie et chimie.<\/p>\n<h3>Porqu\u00ea comprar Benzolam de Poudres de Narco?<\/h3>\n<p>Como <strong>fornecedor fi\u00e1vel de Benzolam<\/strong>, <strong>P\u00f3s estupefacientes<\/strong> garante produtos que satisfazem os requisitos de <strong>laborat\u00f3rios certificados<\/strong> :<\/p>\n<ul>\n<li><strong>Benzolam de elevada pureza para laborat\u00f3rios<\/strong> Cada lote de Benzolam \u00e9 rigorosamente testado para garantir a m\u00e1xima pureza, o que \u00e9 essencial para <strong>aplica\u00e7\u00f5es cient\u00edficas de alta precis\u00e3o<\/strong>.<\/li>\n<li><strong>Qualidade consistente e fi\u00e1vel<\/strong> O nosso Benzolam \u00e9 formulado para um desempenho est\u00e1vel e fi\u00e1vel, ideal para <strong>estudos anal\u00edticos e de investiga\u00e7\u00e3o<\/strong>.<\/li>\n<li><strong>Encomendas online seguras<\/strong> : <strong>P\u00f3s estupefacientes<\/strong> facilita a<strong>comprar Benzolam online<\/strong> com um processo seguro concebido para profissionais de investiga\u00e7\u00e3o.<\/li>\n<\/ul>\n<h3>Aplica\u00e7\u00f5es e instru\u00e7\u00f5es de seguran\u00e7a<\/h3>\n<p>Le <strong>Benzolam para investiga\u00e7\u00e3o<\/strong> de <strong>P\u00f3s estupefacientes<\/strong> foi especificamente concebido para <strong>aplica\u00e7\u00f5es anal\u00edticas e estudos cient\u00edficos<\/strong>. Para garantir uma utiliza\u00e7\u00e3o correta, fornecemos instru\u00e7\u00f5es de seguran\u00e7a pormenorizadas:<\/p>\n<ul>\n<li><strong>Armazenamento seguro<\/strong> Conservar o Benzolam num local fresco e seco, ao abrigo da luz, para preservar a sua qualidade.<\/li>\n<li><strong>Manuseamento com precau\u00e7\u00f5es<\/strong> Utilizar equipamento de prote\u00e7\u00e3o individual (EPI) e trabalhar num ambiente bem ventilado.<\/li>\n<li><strong>Utiliza\u00e7\u00e3o estritamente reservada \u00e0 investiga\u00e7\u00e3o<\/strong> Este produto destina-se exclusivamente a investigadores qualificados e a laborat\u00f3rios certificados para <strong>estudos cient\u00edficos avan\u00e7ados<\/strong>.<\/li>\n<\/ul>\n<h3>Encomendar Benzolam de alta pureza para os seus estudos cient\u00edficos<\/h3>\n<p>Com <strong>P\u00f3s estupefacientes<\/strong>beneficiar de <strong>fornecimento fi\u00e1vel de Benzolam para aplica\u00e7\u00f5es laboratoriais<\/strong>. Os nossos elevados padr\u00f5es de qualidade e seguran\u00e7a tornam <strong>P\u00f3s estupefacientes<\/strong> a escolha ideal para os profissionais da investiga\u00e7\u00e3o. <strong>Contactar-nos<\/strong> para um or\u00e7amento ou para saber mais sobre a nossa gama de produtos de elevada pureza para investiga\u00e7\u00e3o cient\u00edfica.<\/p>","protected":false},"excerpt":{"rendered":"<p>Acheter du benzolam en ligne Le benzolam, commun\u00e9ment appel\u00e9 Alpha-PVP, est un stimulant puissant qui est g\u00e9n\u00e9ralement utilis\u00e9 pour produire de l&rsquo;euphorie. Il est \u00e9galement qualifi\u00e9 de drogue psychoactive par certaines \u00e9tudes. Il a \u00e9t\u00e9 d\u00e9couvert au d\u00e9but des ann\u00e9es 1960 et a un niveau de puissance 1\/4 par rapport au MDPV, Acheter Benzolam .&hellip;<\/p>","protected":false},"featured_media":6181,"comment_status":"open","ping_status":"closed","template":"","meta":{"_joinchat":[]},"product_cat":[558],"product_tag":[],"class_list":{"0":"post-6002","1":"product","2":"type-product","3":"status-publish","4":"has-post-thumbnail","6":"product_cat-chimiques-de-recherche","8":"first","9":"instock","10":"shipping-taxable","11":"purchasable","12":"product-type-variable","13":"col-xs-6 col-sm-4","14":"col-md-3 col-lg-3","15":"un-4-cols"},"yoast_head":"<!-- This site is optimized with the Yoast SEO plugin v23.8 - https:\/\/yoast.com\/wordpress\/plugins\/seo\/ -->\n<title>Acheter Benzolam pour la Recherche | Poudres de Narco&quot;<\/title>\n<meta name=\"description\" content=\"Fournisseur de Benzolam pour applications scientifiques en laboratoire. Puret\u00e9 et s\u00e9curit\u00e9 garanties pour recherches avanc\u00e9es chez Poudres de Narco.\" \/>\n<meta name=\"robots\" content=\"index, follow, max-snippet:-1, max-image-preview:large, max-video-preview:-1\" \/>\n<link rel=\"canonical\" href=\"https:\/\/poudresdenarco.com\/pt\/produto\/benzolam\/\" \/>\n<meta property=\"og:locale\" content=\"pt_PT\" \/>\n<meta property=\"og:type\" content=\"article\" \/>\n<meta property=\"og:title\" content=\"Acheter Benzolam pour la Recherche | Poudres de Narco&quot;\" \/>\n<meta property=\"og:description\" content=\"Fournisseur de Benzolam pour applications scientifiques en laboratoire. Puret\u00e9 et s\u00e9curit\u00e9 garanties pour recherches avanc\u00e9es chez Poudres de Narco.\" \/>\n<meta property=\"og:url\" content=\"https:\/\/poudresdenarco.com\/pt\/produto\/benzolam\/\" \/>\n<meta property=\"og:site_name\" content=\"Poudresde Narco\" \/>\n<meta property=\"article:modified_time\" content=\"2025-05-28T14:02:30+00:00\" \/>\n<meta property=\"og:image\" content=\"https:\/\/poudresdenarco.com\/wp-content\/uploads\/2024\/10\/Benzolam.gif\" \/>\n\t<meta property=\"og:image:width\" content=\"600\" \/>\n\t<meta property=\"og:image:height\" content=\"600\" \/>\n\t<meta property=\"og:image:type\" content=\"image\/gif\" \/>\n<meta name=\"twitter:card\" content=\"summary_large_image\" \/>\n<meta name=\"twitter:label1\" content=\"Tempo estimado de leitura\" \/>\n\t<meta name=\"twitter:data1\" content=\"3 minutos\" \/>\n<script type=\"application\/ld+json\" class=\"yoast-schema-graph\">{\"@context\":\"https:\/\/schema.org\",\"@graph\":[{\"@type\":\"WebPage\",\"@id\":\"https:\/\/poudresdenarco.com\/produit\/benzolam\/\",\"url\":\"https:\/\/poudresdenarco.com\/produit\/benzolam\/\",\"name\":\"Acheter Benzolam pour la Recherche | Poudres de Narco\\\"\",\"isPartOf\":{\"@id\":\"https:\/\/poudresdenarco.com\/#website\"},\"primaryImageOfPage\":{\"@id\":\"https:\/\/poudresdenarco.com\/produit\/benzolam\/#primaryimage\"},\"image\":{\"@id\":\"https:\/\/poudresdenarco.com\/produit\/benzolam\/#primaryimage\"},\"thumbnailUrl\":\"https:\/\/poudresdenarco.com\/wp-content\/uploads\/2024\/10\/Benzolam.gif\",\"datePublished\":\"2024-10-16T11:32:20+00:00\",\"dateModified\":\"2025-05-28T14:02:30+00:00\",\"description\":\"Fournisseur de Benzolam pour applications scientifiques en laboratoire. Puret\u00e9 et s\u00e9curit\u00e9 garanties pour recherches avanc\u00e9es chez Poudres de Narco.\",\"breadcrumb\":{\"@id\":\"https:\/\/poudresdenarco.com\/produit\/benzolam\/#breadcrumb\"},\"inLanguage\":\"pt-PT\",\"potentialAction\":[{\"@type\":\"ReadAction\",\"target\":[\"https:\/\/poudresdenarco.com\/produit\/benzolam\/\"]}]},{\"@type\":\"ImageObject\",\"inLanguage\":\"pt-PT\",\"@id\":\"https:\/\/poudresdenarco.com\/produit\/benzolam\/#primaryimage\",\"url\":\"https:\/\/poudresdenarco.com\/wp-content\/uploads\/2024\/10\/Benzolam.gif\",\"contentUrl\":\"https:\/\/poudresdenarco.com\/wp-content\/uploads\/2024\/10\/Benzolam.gif\",\"width\":600,\"height\":600,\"caption\":\"Benzolam\"},{\"@type\":\"BreadcrumbList\",\"@id\":\"https:\/\/poudresdenarco.com\/produit\/benzolam\/#breadcrumb\",\"itemListElement\":[{\"@type\":\"ListItem\",\"position\":1,\"name\":\"Home\",\"item\":\"https:\/\/poudresdenarco.com\/\"},{\"@type\":\"ListItem\",\"position\":2,\"name\":\"Boutique\",\"item\":\"https:\/\/poudresdenarco.com\/boutique\/\"},{\"@type\":\"ListItem\",\"position\":3,\"name\":\"Benzolam\"}]},{\"@type\":\"WebSite\",\"@id\":\"https:\/\/poudresdenarco.com\/#website\",\"url\":\"https:\/\/poudresdenarco.com\/\",\"name\":\"Poudresde Narco\",\"description\":\"Acheter de la coca\u00efne et de l&#039;h\u00e9ro\u00efne en ligne\",\"potentialAction\":[{\"@type\":\"SearchAction\",\"target\":{\"@type\":\"EntryPoint\",\"urlTemplate\":\"https:\/\/poudresdenarco.com\/?s={search_term_string}\"},\"query-input\":{\"@type\":\"PropertyValueSpecification\",\"valueRequired\":true,\"valueName\":\"search_term_string\"}}],\"inLanguage\":\"pt-PT\"}]}<\/script>\n<!-- \/ Yoast SEO plugin. -->","yoast_head_json":{"title":"Acheter Benzolam pour la Recherche | Poudres de Narco\"","description":"Fournisseur de Benzolam pour applications scientifiques en laboratoire. Puret\u00e9 et s\u00e9curit\u00e9 garanties pour recherches avanc\u00e9es chez Poudres de Narco.","robots":{"index":"index","follow":"follow","max-snippet":"max-snippet:-1","max-image-preview":"max-image-preview:large","max-video-preview":"max-video-preview:-1"},"canonical":"https:\/\/poudresdenarco.com\/pt\/produto\/benzolam\/","og_locale":"pt_PT","og_type":"article","og_title":"Acheter Benzolam pour la Recherche | Poudres de Narco\"","og_description":"Fournisseur de Benzolam pour applications scientifiques en laboratoire. Puret\u00e9 et s\u00e9curit\u00e9 garanties pour recherches avanc\u00e9es chez Poudres de Narco.","og_url":"https:\/\/poudresdenarco.com\/pt\/produto\/benzolam\/","og_site_name":"Poudresde Narco","article_modified_time":"2025-05-28T14:02:30+00:00","og_image":[{"width":600,"height":600,"url":"https:\/\/poudresdenarco.com\/wp-content\/uploads\/2024\/10\/Benzolam.gif","type":"image\/gif"}],"twitter_card":"summary_large_image","twitter_misc":{"Tempo estimado de leitura":"3 minutos"},"schema":{"@context":"https:\/\/schema.org","@graph":[{"@type":"WebPage","@id":"https:\/\/poudresdenarco.com\/produit\/benzolam\/","url":"https:\/\/poudresdenarco.com\/produit\/benzolam\/","name":"Acheter Benzolam pour la Recherche | Poudres de Narco\"","isPartOf":{"@id":"https:\/\/poudresdenarco.com\/#website"},"primaryImageOfPage":{"@id":"https:\/\/poudresdenarco.com\/produit\/benzolam\/#primaryimage"},"image":{"@id":"https:\/\/poudresdenarco.com\/produit\/benzolam\/#primaryimage"},"thumbnailUrl":"https:\/\/poudresdenarco.com\/wp-content\/uploads\/2024\/10\/Benzolam.gif","datePublished":"2024-10-16T11:32:20+00:00","dateModified":"2025-05-28T14:02:30+00:00","description":"Fournisseur de Benzolam pour applications scientifiques en laboratoire. Puret\u00e9 et s\u00e9curit\u00e9 garanties pour recherches avanc\u00e9es chez Poudres de Narco.","breadcrumb":{"@id":"https:\/\/poudresdenarco.com\/produit\/benzolam\/#breadcrumb"},"inLanguage":"pt-PT","potentialAction":[{"@type":"ReadAction","target":["https:\/\/poudresdenarco.com\/produit\/benzolam\/"]}]},{"@type":"ImageObject","inLanguage":"pt-PT","@id":"https:\/\/poudresdenarco.com\/produit\/benzolam\/#primaryimage","url":"https:\/\/poudresdenarco.com\/wp-content\/uploads\/2024\/10\/Benzolam.gif","contentUrl":"https:\/\/poudresdenarco.com\/wp-content\/uploads\/2024\/10\/Benzolam.gif","width":600,"height":600,"caption":"Benzolam"},{"@type":"BreadcrumbList","@id":"https:\/\/poudresdenarco.com\/produit\/benzolam\/#breadcrumb","itemListElement":[{"@type":"ListItem","position":1,"name":"Home","item":"https:\/\/poudresdenarco.com\/"},{"@type":"ListItem","position":2,"name":"Boutique","item":"https:\/\/poudresdenarco.com\/boutique\/"},{"@type":"ListItem","position":3,"name":"Benzolam"}]},{"@type":"WebSite","@id":"https:\/\/poudresdenarco.com\/#website","url":"https:\/\/poudresdenarco.com\/","name":"Poudresde Narco","description":"Acheter de la coca\u00efne et de l&#039;h\u00e9ro\u00efne en ligne","potentialAction":[{"@type":"SearchAction","target":{"@type":"EntryPoint","urlTemplate":"https:\/\/poudresdenarco.com\/?s={search_term_string}"},"query-input":{"@type":"PropertyValueSpecification","valueRequired":true,"valueName":"search_term_string"}}],"inLanguage":"pt-PT"}]}},"_links":{"self":[{"href":"https:\/\/poudresdenarco.com\/pt\/wp-json\/wp\/v2\/product\/6002","targetHints":{"allow":["GET"]}}],"collection":[{"href":"https:\/\/poudresdenarco.com\/pt\/wp-json\/wp\/v2\/product"}],"about":[{"href":"https:\/\/poudresdenarco.com\/pt\/wp-json\/wp\/v2\/types\/product"}],"replies":[{"embeddable":true,"href":"https:\/\/poudresdenarco.com\/pt\/wp-json\/wp\/v2\/comments?post=6002"}],"wp:featuredmedia":[{"embeddable":true,"href":"https:\/\/poudresdenarco.com\/pt\/wp-json\/wp\/v2\/media\/6181"}],"wp:attachment":[{"href":"https:\/\/poudresdenarco.com\/pt\/wp-json\/wp\/v2\/media?parent=6002"}],"wp:term":[{"taxonomy":"product_cat","embeddable":true,"href":"https:\/\/poudresdenarco.com\/pt\/wp-json\/wp\/v2\/product_cat?post=6002"},{"taxonomy":"product_tag","embeddable":true,"href":"https:\/\/poudresdenarco.com\/pt\/wp-json\/wp\/v2\/product_tag?post=6002"}],"curies":[{"name":"wp","href":"https:\/\/api.w.org\/{rel}","templated":true}]}}