{"id":6004,"date":"2024-10-16T11:32:20","date_gmt":"2024-10-16T11:32:20","guid":{"rendered":"https:\/\/poudresdenarco.com\/?post_type=product&#038;p=6004"},"modified":"2025-12-23T22:04:25","modified_gmt":"2025-12-23T22:04:25","slug":"alpha-php","status":"publish","type":"product","link":"https:\/\/poudresdenarco.com\/pt\/produto\/alpha-php\/","title":{"rendered":"Alpha-php"},"content":{"rendered":"<h2>Comprar Alpha-PHP online<\/h2>\n<p>PV-7, tamb\u00e9m conhecido como \u03b1-PHP, <a href=\"https:\/\/poudresdenarco.com\/pt\/produto\/alpha-php\/\">alfa-PHP<\/a>, <a href=\"https:\/\/en.wikipedia.org\/wiki\/%CE%91-Pyrrolidinohexiophenone\">\u03b1-pirrolidinohexanofenona<\/a> ou PV-7, \u00e9 uma droga estimulante sint\u00e9tica pertencente \u00e0 classe das catinonas Comprar Alpha-PHP<a href=\"https:\/\/poudresdenarco.com\/pt\/produto\/lisotonitazeno\/\">.<\/a><\/p>\n<p>13415-86-6 De acordo<\/p>\n<p>HCl (13415-59-3)<\/p>\n<p>PubChem CID<\/p>\n<p>102107923<\/p>\n<p>Qu\u00edmico-aranha<\/p>\n<p>52084419<\/p>\n<p>UNII 297J9K8A4G<\/p>\n<p>Informa\u00e7\u00f5es f\u00edsicas e qu\u00edmicas<\/p>\n<p>A f\u00f3rmula C16H23NO<\/p>\n<p>Massa molar: 245,37 gramas por mole<\/p>\n<p>SOMOS UM FORNECEDOR GLOBAL DE PRODUTOS QU\u00cdMICOS PARA INVESTIGA\u00c7\u00c3O<br \/>\nRelativamente a<\/p>\n<h3><strong>Comprar Alpha-PHP de alta pureza para investiga\u00e7\u00e3o - Narc\u00f3ticos em p\u00f3<\/strong><\/h3>\n<p><strong>P\u00f3s estupefacientes<\/strong> \u00e9 a sua fonte de confian\u00e7a para<strong>Qualidade da investiga\u00e7\u00e3o Alpha-PHP<\/strong>concebido exclusivamente para <strong>aplica\u00e7\u00f5es em laborat\u00f3rios cient\u00edficos<\/strong>. O nosso Alpha-PHP \u00e9 produzido segundo normas rigorosas de pureza e qualidade, oferecendo resultados fi\u00e1veis para investigadores em qu\u00edmica e farmacologia.<\/p>\n<h3>Porqu\u00ea escolher Poudres de Narco Alpha-PHP?<\/h3>\n<p>Como <strong>Fornecedor de Alpha-PHP para investiga\u00e7\u00e3o<\/strong>, <strong>P\u00f3s estupefacientes<\/strong> garante produtos de alta qualidade adaptados a <strong>laborat\u00f3rios certificados<\/strong> :<\/p>\n<ul>\n<li><strong>Alfa-PHP de alta pureza para laborat\u00f3rios<\/strong> Cada lote \u00e9 rigorosamente testado para garantir uma pureza \u00f3ptima, essencial para <strong>aplica\u00e7\u00f5es cient\u00edficas de precis\u00e3o<\/strong>.<\/li>\n<li><strong>Qualidade consistente e fi\u00e1vel<\/strong> O nosso Alpha-PHP \u00e9 formulado para um desempenho est\u00e1vel, ideal para <strong>estudos anal\u00edticos e investiga\u00e7\u00e3o laboratorial<\/strong>.<\/li>\n<li><strong>Encomendas online seguras<\/strong> : <strong>P\u00f3s estupefacientes<\/strong> simplifica<strong>comprar Alpha-PHP online<\/strong> com um processo seguro concebido para profissionais de investiga\u00e7\u00e3o.<\/li>\n<\/ul>\n<h3>Aplica\u00e7\u00f5es e instru\u00e7\u00f5es de seguran\u00e7a<\/h3>\n<p>Le <strong>Alpha-PHP para pesquisa<\/strong> de <strong>P\u00f3s estupefacientes<\/strong> destina-se a <strong>aplica\u00e7\u00f5es anal\u00edticas e estudos cient\u00edficos<\/strong>. Fornecemos instru\u00e7\u00f5es de seguran\u00e7a para garantir uma utiliza\u00e7\u00e3o correta e segura:<\/p>\n<ul>\n<li><strong>Armazenamento seguro<\/strong> Conservar o Alpha-PHP num local fresco, seco e ao abrigo da luz para preservar a sua qualidade.<\/li>\n<li><strong>Manuseamento com precau\u00e7\u00f5es<\/strong> Utilizar equipamento de prote\u00e7\u00e3o individual (EPI) e trabalhar num ambiente bem ventilado para garantir a seguran\u00e7a.<\/li>\n<li><strong>Utiliza\u00e7\u00e3o estritamente reservada \u00e0 investiga\u00e7\u00e3o<\/strong> Este produto destina-se exclusivamente a investigadores qualificados e a laborat\u00f3rios certificados.<\/li>\n<\/ul>\n<h3>Encomendar Alpha-PHP de alta pureza para os seus estudos cient\u00edficos<\/h3>\n<p>Com <strong>P\u00f3s estupefacientes<\/strong>beneficiar de <strong>fornecimento fi\u00e1vel de Alpha-PHP para aplica\u00e7\u00f5es laboratoriais<\/strong>. Os nossos elevados padr\u00f5es de qualidade e seguran\u00e7a tornam <strong>P\u00f3s estupefacientes<\/strong> a escolha ideal para os profissionais da investiga\u00e7\u00e3o. <strong>Contactar-nos<\/strong> para um or\u00e7amento ou para saber mais sobre a nossa gama de produtos de elevada pureza para investiga\u00e7\u00e3o cient\u00edfica Comprar Alpha-PHP.<\/p>\n<p>&nbsp;<\/p>","protected":false},"excerpt":{"rendered":"<p>Acheter Alpha-PHP en ligne Le PV-7, \u00e9galement connu sous le nom d&rsquo;\u03b1-PHP, alpha-PHP, \u03b1-pyrrolidinohexanoph\u00e9none ou PV-7, est un m\u00e9dicament stimulant synth\u00e9tique appartenant \u00e0 la classe des cathinones Acheter Alpha-PHP. 13415-86-6 En accord HCl (13415-59-3) CID de PubChem 102107923 ChemSpider 52084419 UNII 297J9K8A4G Informations physiques et chimiques La formule C16H23NO Masse molaire : 245,37 grammes par&hellip;<\/p>","protected":false},"featured_media":6179,"comment_status":"open","ping_status":"closed","template":"","meta":{"_joinchat":[]},"product_cat":[558],"product_tag":[],"class_list":{"0":"post-6004","1":"product","2":"type-product","3":"status-publish","4":"has-post-thumbnail","6":"product_cat-chimiques-de-recherche","8":"first","9":"instock","10":"shipping-taxable","11":"purchasable","12":"product-type-variable","13":"col-xs-6 col-sm-4","14":"col-md-3 col-lg-3","15":"un-4-cols"},"yoast_head":"<!-- This site is optimized with the Yoast SEO plugin v23.8 - https:\/\/yoast.com\/wordpress\/plugins\/seo\/ -->\n<title>Acheter Alpha-PHP pour la Recherche | Poudres de Narco<\/title>\n<meta name=\"description\" content=\"Fournisseur d&#039;Alpha-PHP pour applications scientifiques en laboratoire. Puret\u00e9 et s\u00e9curit\u00e9 garanties pour recherches avanc\u00e9es chez Poudres de Narco. Acheter Alpha-PHP\" \/>\n<meta name=\"robots\" content=\"index, follow, max-snippet:-1, max-image-preview:large, max-video-preview:-1\" \/>\n<link rel=\"canonical\" href=\"https:\/\/poudresdenarco.com\/pt\/produto\/alpha-php\/\" \/>\n<meta property=\"og:locale\" content=\"pt_PT\" \/>\n<meta property=\"og:type\" content=\"article\" \/>\n<meta property=\"og:title\" content=\"Acheter Alpha-PHP pour la Recherche | Poudres de Narco\" \/>\n<meta property=\"og:description\" content=\"Fournisseur d&#039;Alpha-PHP pour applications scientifiques en laboratoire. Puret\u00e9 et s\u00e9curit\u00e9 garanties pour recherches avanc\u00e9es chez Poudres de Narco. Acheter Alpha-PHP\" \/>\n<meta property=\"og:url\" content=\"https:\/\/poudresdenarco.com\/pt\/produto\/alpha-php\/\" \/>\n<meta property=\"og:site_name\" content=\"Poudresde Narco\" \/>\n<meta property=\"article:modified_time\" content=\"2025-12-23T22:04:25+00:00\" \/>\n<meta property=\"og:image\" content=\"https:\/\/poudresdenarco.com\/wp-content\/uploads\/2024\/10\/Alpha-php.gif\" \/>\n\t<meta property=\"og:image:width\" content=\"600\" \/>\n\t<meta property=\"og:image:height\" content=\"600\" \/>\n\t<meta property=\"og:image:type\" content=\"image\/gif\" \/>\n<meta name=\"twitter:card\" content=\"summary_large_image\" \/>\n<meta name=\"twitter:label1\" content=\"Tempo estimado de leitura\" \/>\n\t<meta name=\"twitter:data1\" content=\"2 minutos\" \/>\n<script type=\"application\/ld+json\" class=\"yoast-schema-graph\">{\"@context\":\"https:\/\/schema.org\",\"@graph\":[{\"@type\":\"WebPage\",\"@id\":\"https:\/\/poudresdenarco.com\/produit\/alpha-php\/\",\"url\":\"https:\/\/poudresdenarco.com\/produit\/alpha-php\/\",\"name\":\"Acheter Alpha-PHP pour la Recherche | Poudres de Narco\",\"isPartOf\":{\"@id\":\"https:\/\/poudresdenarco.com\/#website\"},\"primaryImageOfPage\":{\"@id\":\"https:\/\/poudresdenarco.com\/produit\/alpha-php\/#primaryimage\"},\"image\":{\"@id\":\"https:\/\/poudresdenarco.com\/produit\/alpha-php\/#primaryimage\"},\"thumbnailUrl\":\"https:\/\/poudresdenarco.com\/wp-content\/uploads\/2024\/10\/Alpha-php.gif\",\"datePublished\":\"2024-10-16T11:32:20+00:00\",\"dateModified\":\"2025-12-23T22:04:25+00:00\",\"description\":\"Fournisseur d'Alpha-PHP pour applications scientifiques en laboratoire. Puret\u00e9 et s\u00e9curit\u00e9 garanties pour recherches avanc\u00e9es chez Poudres de Narco. Acheter Alpha-PHP\",\"breadcrumb\":{\"@id\":\"https:\/\/poudresdenarco.com\/produit\/alpha-php\/#breadcrumb\"},\"inLanguage\":\"pt-PT\",\"potentialAction\":[{\"@type\":\"ReadAction\",\"target\":[\"https:\/\/poudresdenarco.com\/produit\/alpha-php\/\"]}]},{\"@type\":\"ImageObject\",\"inLanguage\":\"pt-PT\",\"@id\":\"https:\/\/poudresdenarco.com\/produit\/alpha-php\/#primaryimage\",\"url\":\"https:\/\/poudresdenarco.com\/wp-content\/uploads\/2024\/10\/Alpha-php.gif\",\"contentUrl\":\"https:\/\/poudresdenarco.com\/wp-content\/uploads\/2024\/10\/Alpha-php.gif\",\"width\":600,\"height\":600,\"caption\":\"Alpha-php\"},{\"@type\":\"BreadcrumbList\",\"@id\":\"https:\/\/poudresdenarco.com\/produit\/alpha-php\/#breadcrumb\",\"itemListElement\":[{\"@type\":\"ListItem\",\"position\":1,\"name\":\"Home\",\"item\":\"https:\/\/poudresdenarco.com\/\"},{\"@type\":\"ListItem\",\"position\":2,\"name\":\"Boutique\",\"item\":\"https:\/\/poudresdenarco.com\/boutique\/\"},{\"@type\":\"ListItem\",\"position\":3,\"name\":\"Alpha-php\"}]},{\"@type\":\"WebSite\",\"@id\":\"https:\/\/poudresdenarco.com\/#website\",\"url\":\"https:\/\/poudresdenarco.com\/\",\"name\":\"Poudresde Narco\",\"description\":\"Acheter de la coca\u00efne et de l&#039;h\u00e9ro\u00efne en ligne\",\"potentialAction\":[{\"@type\":\"SearchAction\",\"target\":{\"@type\":\"EntryPoint\",\"urlTemplate\":\"https:\/\/poudresdenarco.com\/?s={search_term_string}\"},\"query-input\":{\"@type\":\"PropertyValueSpecification\",\"valueRequired\":true,\"valueName\":\"search_term_string\"}}],\"inLanguage\":\"pt-PT\"}]}<\/script>\n<!-- \/ Yoast SEO plugin. -->","yoast_head_json":{"title":"Acheter Alpha-PHP pour la Recherche | Poudres de Narco","description":"Fournisseur d'Alpha-PHP pour applications scientifiques en laboratoire. Puret\u00e9 et s\u00e9curit\u00e9 garanties pour recherches avanc\u00e9es chez Poudres de Narco. Acheter Alpha-PHP","robots":{"index":"index","follow":"follow","max-snippet":"max-snippet:-1","max-image-preview":"max-image-preview:large","max-video-preview":"max-video-preview:-1"},"canonical":"https:\/\/poudresdenarco.com\/pt\/produto\/alpha-php\/","og_locale":"pt_PT","og_type":"article","og_title":"Acheter Alpha-PHP pour la Recherche | Poudres de Narco","og_description":"Fournisseur d'Alpha-PHP pour applications scientifiques en laboratoire. Puret\u00e9 et s\u00e9curit\u00e9 garanties pour recherches avanc\u00e9es chez Poudres de Narco. Acheter Alpha-PHP","og_url":"https:\/\/poudresdenarco.com\/pt\/produto\/alpha-php\/","og_site_name":"Poudresde Narco","article_modified_time":"2025-12-23T22:04:25+00:00","og_image":[{"width":600,"height":600,"url":"https:\/\/poudresdenarco.com\/wp-content\/uploads\/2024\/10\/Alpha-php.gif","type":"image\/gif"}],"twitter_card":"summary_large_image","twitter_misc":{"Tempo estimado de leitura":"2 minutos"},"schema":{"@context":"https:\/\/schema.org","@graph":[{"@type":"WebPage","@id":"https:\/\/poudresdenarco.com\/produit\/alpha-php\/","url":"https:\/\/poudresdenarco.com\/produit\/alpha-php\/","name":"Acheter Alpha-PHP pour la Recherche | Poudres de Narco","isPartOf":{"@id":"https:\/\/poudresdenarco.com\/#website"},"primaryImageOfPage":{"@id":"https:\/\/poudresdenarco.com\/produit\/alpha-php\/#primaryimage"},"image":{"@id":"https:\/\/poudresdenarco.com\/produit\/alpha-php\/#primaryimage"},"thumbnailUrl":"https:\/\/poudresdenarco.com\/wp-content\/uploads\/2024\/10\/Alpha-php.gif","datePublished":"2024-10-16T11:32:20+00:00","dateModified":"2025-12-23T22:04:25+00:00","description":"Fournisseur d'Alpha-PHP pour applications scientifiques en laboratoire. Puret\u00e9 et s\u00e9curit\u00e9 garanties pour recherches avanc\u00e9es chez Poudres de Narco. Acheter Alpha-PHP","breadcrumb":{"@id":"https:\/\/poudresdenarco.com\/produit\/alpha-php\/#breadcrumb"},"inLanguage":"pt-PT","potentialAction":[{"@type":"ReadAction","target":["https:\/\/poudresdenarco.com\/produit\/alpha-php\/"]}]},{"@type":"ImageObject","inLanguage":"pt-PT","@id":"https:\/\/poudresdenarco.com\/produit\/alpha-php\/#primaryimage","url":"https:\/\/poudresdenarco.com\/wp-content\/uploads\/2024\/10\/Alpha-php.gif","contentUrl":"https:\/\/poudresdenarco.com\/wp-content\/uploads\/2024\/10\/Alpha-php.gif","width":600,"height":600,"caption":"Alpha-php"},{"@type":"BreadcrumbList","@id":"https:\/\/poudresdenarco.com\/produit\/alpha-php\/#breadcrumb","itemListElement":[{"@type":"ListItem","position":1,"name":"Home","item":"https:\/\/poudresdenarco.com\/"},{"@type":"ListItem","position":2,"name":"Boutique","item":"https:\/\/poudresdenarco.com\/boutique\/"},{"@type":"ListItem","position":3,"name":"Alpha-php"}]},{"@type":"WebSite","@id":"https:\/\/poudresdenarco.com\/#website","url":"https:\/\/poudresdenarco.com\/","name":"Poudresde Narco","description":"Acheter de la coca\u00efne et de l&#039;h\u00e9ro\u00efne en ligne","potentialAction":[{"@type":"SearchAction","target":{"@type":"EntryPoint","urlTemplate":"https:\/\/poudresdenarco.com\/?s={search_term_string}"},"query-input":{"@type":"PropertyValueSpecification","valueRequired":true,"valueName":"search_term_string"}}],"inLanguage":"pt-PT"}]}},"_links":{"self":[{"href":"https:\/\/poudresdenarco.com\/pt\/wp-json\/wp\/v2\/product\/6004","targetHints":{"allow":["GET"]}}],"collection":[{"href":"https:\/\/poudresdenarco.com\/pt\/wp-json\/wp\/v2\/product"}],"about":[{"href":"https:\/\/poudresdenarco.com\/pt\/wp-json\/wp\/v2\/types\/product"}],"replies":[{"embeddable":true,"href":"https:\/\/poudresdenarco.com\/pt\/wp-json\/wp\/v2\/comments?post=6004"}],"wp:featuredmedia":[{"embeddable":true,"href":"https:\/\/poudresdenarco.com\/pt\/wp-json\/wp\/v2\/media\/6179"}],"wp:attachment":[{"href":"https:\/\/poudresdenarco.com\/pt\/wp-json\/wp\/v2\/media?parent=6004"}],"wp:term":[{"taxonomy":"product_cat","embeddable":true,"href":"https:\/\/poudresdenarco.com\/pt\/wp-json\/wp\/v2\/product_cat?post=6004"},{"taxonomy":"product_tag","embeddable":true,"href":"https:\/\/poudresdenarco.com\/pt\/wp-json\/wp\/v2\/product_tag?post=6004"}],"curies":[{"name":"wp","href":"https:\/\/api.w.org\/{rel}","templated":true}]}}