{"id":6005,"date":"2024-10-16T11:32:20","date_gmt":"2024-10-16T11:32:20","guid":{"rendered":"https:\/\/poudresdenarco.com\/?post_type=product&#038;p=6005"},"modified":"2024-12-23T09:43:19","modified_gmt":"2024-12-23T09:43:19","slug":"flualprazolam","status":"publish","type":"product","link":"https:\/\/poudresdenarco.com\/pt\/produto\/flualprazolam\/","title":{"rendered":"Flualprazolam"},"content":{"rendered":"<h1><strong>Comprar Flualprazolam de alta pureza para investiga\u00e7\u00e3o <a href=\"https:\/\/cokebricks.com\/de\/shop\/\">&#8211;<\/a> P\u00f3s estupefacientes<\/strong><\/h1>\n<p><strong>P\u00f3s estupefacientes<\/strong> \u00e9 o seu fornecedor de confian\u00e7a para <strong>Qualidade da investiga\u00e7\u00e3o do flualprazolam<\/strong>concebido exclusivamente para <strong>aplica\u00e7\u00f5es em laborat\u00f3rios cient\u00edficos<\/strong>. O nosso Flualprazolam \u00e9 produzido segundo rigorosos padr\u00f5es de pureza e qualidade, garantindo resultados fi\u00e1veis para investigadores em qu\u00edmica e farmacologia Comprar Flualprazolam\u00a0<a href=\"https:\/\/poudresdenarco.com\/pt\/produto\/ghb\/\">.<\/a><\/p>\n<h3>Porqu\u00ea escolher Flualprazolam de Poudres de Narco?<\/h3>\n<p>Como <strong>fornecedor de Flualprazolam para investiga\u00e7\u00e3o<\/strong>, <strong>P\u00f3s estupefacientes<\/strong> garante produtos de alta qualidade, adaptados a <strong>laborat\u00f3rios certificados<\/strong> :<\/p>\n<ul>\n<li><strong>Flualprazolam de elevada pureza para laborat\u00f3rios<\/strong> Cada lote \u00e9 rigorosamente testado para garantir uma pureza \u00f3ptima, essencial para <strong>aplica\u00e7\u00f5es cient\u00edficas de precis\u00e3o<\/strong>.<\/li>\n<li><strong>Qualidade consistente e fi\u00e1vel<\/strong> O nosso Flualprazolam \u00e9 formulado para um desempenho est\u00e1vel e fi\u00e1vel, adaptado \u00e0s necessidades de <strong>estudos laboratoriais anal\u00edticos<\/strong>.<\/li>\n<li><strong>Encomendas online seguras<\/strong> : <strong>P\u00f3s estupefacientes<\/strong> oferece um processo simplificado para<strong>comprar Flualprazolam online<\/strong>garantir a seguran\u00e7a e a conformidade dos profissionais da investiga\u00e7\u00e3o.<\/li>\n<\/ul>\n<h3>Aplica\u00e7\u00f5es e instru\u00e7\u00f5es de seguran\u00e7a<\/h3>\n<p>Le <strong>Flualprazolam para investiga\u00e7\u00e3o<\/strong> de <strong>P\u00f3s estupefacientes<\/strong> destina-se a <strong>aplica\u00e7\u00f5es anal\u00edticas e estudos cient\u00edficos<\/strong>. Para garantir uma utiliza\u00e7\u00e3o correta, fornecemos protocolos de seguran\u00e7a:<\/p>\n<ul>\n<li><strong>Armazenamento seguro<\/strong> Conservar o Flualprazolam num local fresco, seco e ao abrigo da luz para preservar a sua qualidade.<\/li>\n<li><strong>Manuseamento com precau\u00e7\u00f5es<\/strong> Utilizar equipamento de prote\u00e7\u00e3o individual (EPI) e trabalhar num ambiente bem ventilado.<\/li>\n<li><strong>Utiliza\u00e7\u00e3o estritamente reservada \u00e0 investiga\u00e7\u00e3o<\/strong> Este produto destina-se exclusivamente a investigadores qualificados e a laborat\u00f3rios certificados para <strong>estudos cient\u00edficos avan\u00e7ados<\/strong>.<\/li>\n<\/ul>\n<h4>Encomendar Flualprazolam de elevada pureza para os seus estudos cient\u00edficos<\/h4>\n<p>Com <strong>P\u00f3s estupefacientes<\/strong>beneficia de <strong>fornecimento fi\u00e1vel de Flualprazolam para aplica\u00e7\u00f5es laboratoriais<\/strong>. Os nossos elevados padr\u00f5es de qualidade e seguran\u00e7a tornam <strong>P\u00f3s estupefacientes<\/strong> a escolha ideal para os profissionais da investiga\u00e7\u00e3o. <strong>Contactar-nos<\/strong> para um or\u00e7amento ou para saber mais sobre a nossa gama de produtos de elevada pureza para investiga\u00e7\u00e3o cient\u00edfica.<\/p>\n<h4>Como \u00e9 que o flubromazepam actua?<\/h4>\n<p>Le <a href=\"https:\/\/en.wikipedia.org\/wiki\/Flualprazolam\">flubromazepam<\/a> \u00e9 um produto qu\u00edmico experimental pertencente \u00e0 fam\u00edlia das triazolobenzodiazepinas. \u00c9 um derivado das benzodiazepinas.<br \/>\nA investiga\u00e7\u00e3o atual centra-se em efeitos estruturais compar\u00e1veis aos do pirazolam, apesar da sua raridade. Assemelha-se igualmente a outras benzodiazepinas. Dentro da fam\u00edlia das benzodiazepinas, \u00e9 classificado como depressor na classe dos psicotr\u00f3picos. Devido \u00e0s substitui\u00e7\u00f5es de bromo e fl\u00faor no seu esqueleto, o qu\u00edmico de investiga\u00e7\u00e3o recebeu este nome.<\/p>\n<p>* Note-se que o <a href=\"https:\/\/poudresdenarco.com\/pt\/produto\/flualprazolam\/\">flubromazepam<\/a> \u00e9 autorizado apenas para fins de investiga\u00e7\u00e3o e n\u00e3o pode ser consumido por seres humanos.<\/p>\n<p>Composi\u00e7\u00e3o qu\u00edmica do flubromazepam<br \/>\nNome completo: C15H10BrFN2O (s\u00edmbolo) iso-flubromazepam, um derivado de benzodiazepina<\/p>\n<p>Massa molar (g\/mol): 333,160<\/p>\n<p>98 % pureza<\/p>\n<p>Utilizar o equipamento de prote\u00e7\u00e3o individual adequado (\u00f3culos de prote\u00e7\u00e3o, m\u00e1scara e fato-macaco) para cobrir as \u00e1reas expostas da pele quando se trabalha com flubromazepam.<\/p>\n<p>* Nota importante: para um prazo de validade \u00f3timo, conservar sempre num local fresco e seco. Este produto destina-se apenas a utiliza\u00e7\u00e3o forense e de investiga\u00e7\u00e3o. Por conseguinte, N\u00c3O se destina a experi\u00eancias in vivo de qualquer tipo em animais ou outros seres vivos, nem ao consumo humano.<\/p>\n<h3>Onde \u00e9 que o posso comprar?<\/h3>\n<p>Os flubromazepams de pureza laboratorial est\u00e3o dispon\u00edveis na poudresdenarco. A melhor fonte para comprar produtos qu\u00edmicos de investiga\u00e7\u00e3o \u00e9 poudresdenarco. Por favor, note que comprar Flubromazepam de <a href=\"https:\/\/poudresdenarco.com\/pt\/\">poudresdenarco<\/a> requer que o utilizador tenha pelo menos dezoito anos de idade. Todos os produtos qu\u00edmicos de investiga\u00e7\u00e3o comercial n\u00e3o se destinam ao consumo humano; em vez disso, devem ser utilizados apenas em experi\u00eancias de investiga\u00e7\u00e3o e de laborat\u00f3rio Buy Flualprazolam .<\/p>","protected":false},"excerpt":{"rendered":"<p>Acheter du Flualprazolam de Haute Puret\u00e9 pour la Recherche &#8211; Poudres de Narco Poudres de Narco est votre fournisseur de confiance pour le Flualprazolam de qualit\u00e9 recherche, con\u00e7u exclusivement pour des applications scientifiques en laboratoire. Notre Flualprazolam est produit selon des normes rigoureuses de puret\u00e9 et de qualit\u00e9, assurant des r\u00e9sultats fiables pour les chercheurs&hellip;<\/p>","protected":false},"featured_media":6178,"comment_status":"open","ping_status":"closed","template":"","meta":{"_joinchat":[]},"product_cat":[558,751],"product_tag":[],"class_list":{"0":"post-6005","1":"product","2":"type-product","3":"status-publish","4":"has-post-thumbnail","6":"product_cat-chimiques-de-recherche","7":"product_cat-stimulants","9":"first","10":"instock","11":"shipping-taxable","12":"purchasable","13":"product-type-variable","14":"col-xs-6 col-sm-4","15":"col-md-3 col-lg-3","16":"un-4-cols"},"yoast_head":"<!-- This site is optimized with the Yoast SEO plugin v23.8 - https:\/\/yoast.com\/wordpress\/plugins\/seo\/ -->\n<title>Acheter Flualprazolam Pur pour Recherche | Poudres de Narco<\/title>\n<meta name=\"description\" content=\"Flualprazolam de haute puret\u00e9 pour laboratoires. Fournisseur fiable pour applications scientifiques chez Poudres de Narco.\" \/>\n<meta name=\"robots\" content=\"index, follow, max-snippet:-1, max-image-preview:large, max-video-preview:-1\" \/>\n<link rel=\"canonical\" href=\"https:\/\/poudresdenarco.com\/pt\/produto\/flualprazolam\/\" \/>\n<meta property=\"og:locale\" content=\"pt_PT\" \/>\n<meta property=\"og:type\" content=\"article\" \/>\n<meta property=\"og:title\" content=\"Acheter Flualprazolam Pur pour Recherche | Poudres de Narco\" \/>\n<meta property=\"og:description\" content=\"Flualprazolam de haute puret\u00e9 pour laboratoires. Fournisseur fiable pour applications scientifiques chez Poudres de Narco.\" \/>\n<meta property=\"og:url\" content=\"https:\/\/poudresdenarco.com\/pt\/produto\/flualprazolam\/\" \/>\n<meta property=\"og:site_name\" content=\"Poudresde Narco\" \/>\n<meta property=\"article:modified_time\" content=\"2024-12-23T09:43:19+00:00\" \/>\n<meta property=\"og:image\" content=\"https:\/\/poudresdenarco.com\/wp-content\/uploads\/2024\/10\/Flualprazolam.gif\" \/>\n\t<meta property=\"og:image:width\" content=\"600\" \/>\n\t<meta property=\"og:image:height\" content=\"600\" \/>\n\t<meta property=\"og:image:type\" content=\"image\/gif\" \/>\n<meta name=\"twitter:card\" content=\"summary_large_image\" \/>\n<meta name=\"twitter:label1\" content=\"Tempo estimado de leitura\" \/>\n\t<meta name=\"twitter:data1\" content=\"3 minutos\" \/>\n<script type=\"application\/ld+json\" class=\"yoast-schema-graph\">{\"@context\":\"https:\/\/schema.org\",\"@graph\":[{\"@type\":\"WebPage\",\"@id\":\"https:\/\/poudresdenarco.com\/produit\/flualprazolam\/\",\"url\":\"https:\/\/poudresdenarco.com\/produit\/flualprazolam\/\",\"name\":\"Acheter Flualprazolam Pur pour Recherche | Poudres de Narco\",\"isPartOf\":{\"@id\":\"https:\/\/poudresdenarco.com\/#website\"},\"primaryImageOfPage\":{\"@id\":\"https:\/\/poudresdenarco.com\/produit\/flualprazolam\/#primaryimage\"},\"image\":{\"@id\":\"https:\/\/poudresdenarco.com\/produit\/flualprazolam\/#primaryimage\"},\"thumbnailUrl\":\"https:\/\/poudresdenarco.com\/wp-content\/uploads\/2024\/10\/Flualprazolam.gif\",\"datePublished\":\"2024-10-16T11:32:20+00:00\",\"dateModified\":\"2024-12-23T09:43:19+00:00\",\"description\":\"Flualprazolam de haute puret\u00e9 pour laboratoires. Fournisseur fiable pour applications scientifiques chez Poudres de Narco.\",\"breadcrumb\":{\"@id\":\"https:\/\/poudresdenarco.com\/produit\/flualprazolam\/#breadcrumb\"},\"inLanguage\":\"pt-PT\",\"potentialAction\":[{\"@type\":\"ReadAction\",\"target\":[\"https:\/\/poudresdenarco.com\/produit\/flualprazolam\/\"]}]},{\"@type\":\"ImageObject\",\"inLanguage\":\"pt-PT\",\"@id\":\"https:\/\/poudresdenarco.com\/produit\/flualprazolam\/#primaryimage\",\"url\":\"https:\/\/poudresdenarco.com\/wp-content\/uploads\/2024\/10\/Flualprazolam.gif\",\"contentUrl\":\"https:\/\/poudresdenarco.com\/wp-content\/uploads\/2024\/10\/Flualprazolam.gif\",\"width\":600,\"height\":600,\"caption\":\"Flualprazolam\"},{\"@type\":\"BreadcrumbList\",\"@id\":\"https:\/\/poudresdenarco.com\/produit\/flualprazolam\/#breadcrumb\",\"itemListElement\":[{\"@type\":\"ListItem\",\"position\":1,\"name\":\"Home\",\"item\":\"https:\/\/poudresdenarco.com\/\"},{\"@type\":\"ListItem\",\"position\":2,\"name\":\"Boutique\",\"item\":\"https:\/\/poudresdenarco.com\/boutique\/\"},{\"@type\":\"ListItem\",\"position\":3,\"name\":\"Flualprazolam\"}]},{\"@type\":\"WebSite\",\"@id\":\"https:\/\/poudresdenarco.com\/#website\",\"url\":\"https:\/\/poudresdenarco.com\/\",\"name\":\"Poudresde Narco\",\"description\":\"Acheter de la coca\u00efne et de l&#039;h\u00e9ro\u00efne en ligne\",\"potentialAction\":[{\"@type\":\"SearchAction\",\"target\":{\"@type\":\"EntryPoint\",\"urlTemplate\":\"https:\/\/poudresdenarco.com\/?s={search_term_string}\"},\"query-input\":{\"@type\":\"PropertyValueSpecification\",\"valueRequired\":true,\"valueName\":\"search_term_string\"}}],\"inLanguage\":\"pt-PT\"}]}<\/script>\n<!-- \/ Yoast SEO plugin. -->","yoast_head_json":{"title":"Acheter Flualprazolam Pur pour Recherche | Poudres de Narco","description":"Flualprazolam de haute puret\u00e9 pour laboratoires. Fournisseur fiable pour applications scientifiques chez Poudres de Narco.","robots":{"index":"index","follow":"follow","max-snippet":"max-snippet:-1","max-image-preview":"max-image-preview:large","max-video-preview":"max-video-preview:-1"},"canonical":"https:\/\/poudresdenarco.com\/pt\/produto\/flualprazolam\/","og_locale":"pt_PT","og_type":"article","og_title":"Acheter Flualprazolam Pur pour Recherche | Poudres de Narco","og_description":"Flualprazolam de haute puret\u00e9 pour laboratoires. Fournisseur fiable pour applications scientifiques chez Poudres de Narco.","og_url":"https:\/\/poudresdenarco.com\/pt\/produto\/flualprazolam\/","og_site_name":"Poudresde Narco","article_modified_time":"2024-12-23T09:43:19+00:00","og_image":[{"width":600,"height":600,"url":"https:\/\/poudresdenarco.com\/wp-content\/uploads\/2024\/10\/Flualprazolam.gif","type":"image\/gif"}],"twitter_card":"summary_large_image","twitter_misc":{"Tempo estimado de leitura":"3 minutos"},"schema":{"@context":"https:\/\/schema.org","@graph":[{"@type":"WebPage","@id":"https:\/\/poudresdenarco.com\/produit\/flualprazolam\/","url":"https:\/\/poudresdenarco.com\/produit\/flualprazolam\/","name":"Acheter Flualprazolam Pur pour Recherche | Poudres de Narco","isPartOf":{"@id":"https:\/\/poudresdenarco.com\/#website"},"primaryImageOfPage":{"@id":"https:\/\/poudresdenarco.com\/produit\/flualprazolam\/#primaryimage"},"image":{"@id":"https:\/\/poudresdenarco.com\/produit\/flualprazolam\/#primaryimage"},"thumbnailUrl":"https:\/\/poudresdenarco.com\/wp-content\/uploads\/2024\/10\/Flualprazolam.gif","datePublished":"2024-10-16T11:32:20+00:00","dateModified":"2024-12-23T09:43:19+00:00","description":"Flualprazolam de haute puret\u00e9 pour laboratoires. Fournisseur fiable pour applications scientifiques chez Poudres de Narco.","breadcrumb":{"@id":"https:\/\/poudresdenarco.com\/produit\/flualprazolam\/#breadcrumb"},"inLanguage":"pt-PT","potentialAction":[{"@type":"ReadAction","target":["https:\/\/poudresdenarco.com\/produit\/flualprazolam\/"]}]},{"@type":"ImageObject","inLanguage":"pt-PT","@id":"https:\/\/poudresdenarco.com\/produit\/flualprazolam\/#primaryimage","url":"https:\/\/poudresdenarco.com\/wp-content\/uploads\/2024\/10\/Flualprazolam.gif","contentUrl":"https:\/\/poudresdenarco.com\/wp-content\/uploads\/2024\/10\/Flualprazolam.gif","width":600,"height":600,"caption":"Flualprazolam"},{"@type":"BreadcrumbList","@id":"https:\/\/poudresdenarco.com\/produit\/flualprazolam\/#breadcrumb","itemListElement":[{"@type":"ListItem","position":1,"name":"Home","item":"https:\/\/poudresdenarco.com\/"},{"@type":"ListItem","position":2,"name":"Boutique","item":"https:\/\/poudresdenarco.com\/boutique\/"},{"@type":"ListItem","position":3,"name":"Flualprazolam"}]},{"@type":"WebSite","@id":"https:\/\/poudresdenarco.com\/#website","url":"https:\/\/poudresdenarco.com\/","name":"Poudresde Narco","description":"Acheter de la coca\u00efne et de l&#039;h\u00e9ro\u00efne en ligne","potentialAction":[{"@type":"SearchAction","target":{"@type":"EntryPoint","urlTemplate":"https:\/\/poudresdenarco.com\/?s={search_term_string}"},"query-input":{"@type":"PropertyValueSpecification","valueRequired":true,"valueName":"search_term_string"}}],"inLanguage":"pt-PT"}]}},"_links":{"self":[{"href":"https:\/\/poudresdenarco.com\/pt\/wp-json\/wp\/v2\/product\/6005","targetHints":{"allow":["GET"]}}],"collection":[{"href":"https:\/\/poudresdenarco.com\/pt\/wp-json\/wp\/v2\/product"}],"about":[{"href":"https:\/\/poudresdenarco.com\/pt\/wp-json\/wp\/v2\/types\/product"}],"replies":[{"embeddable":true,"href":"https:\/\/poudresdenarco.com\/pt\/wp-json\/wp\/v2\/comments?post=6005"}],"wp:featuredmedia":[{"embeddable":true,"href":"https:\/\/poudresdenarco.com\/pt\/wp-json\/wp\/v2\/media\/6178"}],"wp:attachment":[{"href":"https:\/\/poudresdenarco.com\/pt\/wp-json\/wp\/v2\/media?parent=6005"}],"wp:term":[{"taxonomy":"product_cat","embeddable":true,"href":"https:\/\/poudresdenarco.com\/pt\/wp-json\/wp\/v2\/product_cat?post=6005"},{"taxonomy":"product_tag","embeddable":true,"href":"https:\/\/poudresdenarco.com\/pt\/wp-json\/wp\/v2\/product_tag?post=6005"}],"curies":[{"name":"wp","href":"https:\/\/api.w.org\/{rel}","templated":true}]}}