{"id":6030,"date":"2024-10-16T11:32:29","date_gmt":"2024-10-16T11:32:29","guid":{"rendered":"https:\/\/poudresdenarco.com\/?post_type=product&#038;p=6030"},"modified":"2024-12-23T09:29:29","modified_gmt":"2024-12-23T09:29:29","slug":"alpha-pihp","status":"publish","type":"product","link":"https:\/\/poudresdenarco.com\/pt\/produto\/alpha-pihp\/","title":{"rendered":"Alfa-Pihp"},"content":{"rendered":"<h2>O que \u00e9 o \u03b1-PHiP?<\/h2>\n<p>Comprar o<a href=\"https:\/\/poudresdenarco.com\/pt\/produto\/alpha-pihp\/\">\u03b1-PHiP<\/a>por vezes denominada alfa-PHiP, \u00e9 um is\u00f3mero estrutural da sua mol\u00e9cula-m\u00e3e, a pirovalerona, e pertence \u00e0 classe das catinonas.<br \/>\nAl\u00e9m disso, partilha muitas semelhan\u00e7as com outros produtos qu\u00edmicos mais conhecidos, como o MDPV e o A-PHP<a href=\"https:\/\/cokebricks.com\/es\/\">.<\/a><\/p>\n<p>Apesar das semelhan\u00e7as estruturais com subst\u00e2ncias que foram testadas e receberam luz verde para ingest\u00e3o humana, o \u03b1-PHiP destina-se estritamente a utiliza\u00e7\u00f5es de investiga\u00e7\u00e3o e n\u00e3o deve ser consumido.<\/p>\n<p>Propriedades qu\u00edmicas do \u03b1-PHiP<\/p>\n<p>F\u00f3rmula qu\u00edmica: C23H27N3O2<\/p>\n<p>Nome completo: 4-fenil-2-(pirrolidin-1-il)pentan-1-ona<\/p>\n<p>Peso molecular: g\/mol<\/p>\n<p>&gt; 98 % pureza<\/p>\n<h3>Onde \u00e9 vendido o \u03b1-PHiP?<\/h3>\n<p><a href=\"https:\/\/poudresdenarco.com\/pt\/\">P\u00f3Denarco<\/a>um fornecedor de confian\u00e7a de N1, oferece \u03b1-PHiP de qualidade laboratorial em forma de sal em p\u00f3 de primeira qualidade. A PoudresDenarco \u00e9 a melhor fonte para a compra de produtos qu\u00edmicos para investiga\u00e7\u00e3o. Note-se que, para comprar \u03b1-PHiP \u00e0 PoudresDenarco, \u00e9 necess\u00e1rio ter pelo menos 18 anos de idade. Todos os produtos qu\u00edmicos de investiga\u00e7\u00e3o comercial n\u00e3o se destinam ao consumo humano e s\u00f3 devem ser utilizados para investiga\u00e7\u00e3o e experi\u00eancias laboratoriais.<\/p>\n<h4><strong>Comprar Alfa-PiHP de alta pureza para investiga\u00e7\u00e3o - Narc\u00f3ticos em p\u00f3<\/strong><\/h4>\n<p><strong>P\u00f3s estupefacientes<\/strong> \u00e9 a sua fonte de confian\u00e7a para <strong>Qualidade da investiga\u00e7\u00e3o Alpha-PiHP<\/strong>concebido especificamente para <strong>aplica\u00e7\u00f5es em laborat\u00f3rios cient\u00edficos<\/strong>. O nosso Alpha-PiHP \u00e9 produzido segundo normas rigorosas de pureza e qualidade, oferecendo resultados consistentes aos investigadores em qu\u00edmica e farmacologia.<\/p>\n<h3>Porqu\u00ea escolher o Alpha-PiHP de Poudres de Narco?<\/h3>\n<p>Como <strong>fornecedor de Alpha-PiHP para investiga\u00e7\u00e3o<\/strong>, <strong>P\u00f3s estupefacientes<\/strong> garante produtos que satisfazem os requisitos de <strong>laborat\u00f3rios certificados<\/strong> :<\/p>\n<ul>\n<li><strong>Alfa-PiHP de elevada pureza para laborat\u00f3rios<\/strong> Cada lote \u00e9 rigorosamente testado para garantir uma pureza \u00f3ptima, essencial para <strong>aplica\u00e7\u00f5es cient\u00edficas de alta precis\u00e3o<\/strong>.<\/li>\n<li><strong>Qualidade consistente e fi\u00e1vel<\/strong> O nosso Alpha-PiHP \u00e9 formulado para um desempenho est\u00e1vel e fi\u00e1vel, adaptado \u00e0s necessidades de <strong>estudos laboratoriais anal\u00edticos<\/strong>.<\/li>\n<li><strong>Encomendas online seguras<\/strong> : <strong>P\u00f3s estupefacientes<\/strong> oferece um processo simplificado para<strong>comprar Alpha-PiHP online<\/strong>garantir a seguran\u00e7a e a conformidade dos profissionais da investiga\u00e7\u00e3o.<\/li>\n<\/ul>\n<h3>Aplica\u00e7\u00f5es e instru\u00e7\u00f5es de seguran\u00e7a<\/h3>\n<p>Le <strong>Alpha-PiHP para investiga\u00e7\u00e3o<\/strong> de <strong>P\u00f3s estupefacientes<\/strong> foi concebido para <strong>aplica\u00e7\u00f5es anal\u00edticas e estudos cient\u00edficos<\/strong>. Fornecemos recomenda\u00e7\u00f5es de seguran\u00e7a para uma utiliza\u00e7\u00e3o \u00f3ptima:<\/p>\n<ul>\n<li><strong>Armazenamento seguro<\/strong> Conservar o Alpha-PiHP num local fresco, seco e ao abrigo da luz para preservar a sua qualidade.<\/li>\n<li><strong>Manuseamento com precau\u00e7\u00f5es<\/strong> Utilizar equipamento de prote\u00e7\u00e3o individual (EPI) e trabalhar numa \u00e1rea bem ventilada para garantir a seguran\u00e7a.<\/li>\n<li><strong>Utiliza\u00e7\u00e3o estritamente reservada \u00e0 investiga\u00e7\u00e3o<\/strong> Este produto destina-se exclusivamente a laborat\u00f3rios certificados e a investigadores qualificados em ambientes controlados.<\/li>\n<\/ul>\n<h3>Encomendar Alpha-PiHP de alta pureza para os seus estudos cient\u00edficos<\/h3>\n<p>Com <strong>P\u00f3s estupefacientes<\/strong>beneficia de <strong>fornecimento fi\u00e1vel de Alpha-PiHP para aplica\u00e7\u00f5es laboratoriais<\/strong>. Os nossos padr\u00f5es de qualidade e seguran\u00e7a tornam <strong>P\u00f3s estupefacientes<\/strong> a escolha de confian\u00e7a dos profissionais de investiga\u00e7\u00e3o. <strong>Contactar-nos<\/strong> para um or\u00e7amento ou para saber mais sobre a nossa gama de produtos de elevada pureza para investiga\u00e7\u00e3o cient\u00edfica.<\/p>","protected":false},"excerpt":{"rendered":"<p>Qu&rsquo;est-ce que l&rsquo;\u03b1-PHiP\u00a0? Acheter l&rsquo;\u03b1-PHiP, parfois appel\u00e9 alpha-PHiP, est un isom\u00e8re structurel de sa mol\u00e9cule m\u00e8re Pyrovalerone et un membre de la classe des cathinones. De plus, il partage de nombreuses similitudes avec les autres produits chimiques plus connus MDPV et A-PHP. Malgr\u00e9 des similitudes structurelles avec des substances qui ont subi des tests et&hellip;<\/p>","protected":false},"featured_media":6192,"comment_status":"open","ping_status":"closed","template":"","meta":{"_joinchat":[]},"product_cat":[558,751],"product_tag":[],"class_list":{"0":"post-6030","1":"product","2":"type-product","3":"status-publish","4":"has-post-thumbnail","6":"product_cat-chimiques-de-recherche","7":"product_cat-stimulants","9":"first","10":"instock","11":"shipping-taxable","12":"purchasable","13":"product-type-variable","14":"col-xs-6 col-sm-4","15":"col-md-3 col-lg-3","16":"un-4-cols"},"yoast_head":"<!-- This site is optimized with the Yoast SEO plugin v23.8 - https:\/\/yoast.com\/wordpress\/plugins\/seo\/ -->\n<title>Acheter Alpha-PiHP pour la Recherche | Poudres de Narco<\/title>\n<meta name=\"description\" content=\"Fournisseur de Alpha-PiHP pour applications scientifiques en laboratoire. Puret\u00e9 et s\u00e9curit\u00e9 garanties pour recherches avanc\u00e9es chez Poudres de Narco.\" \/>\n<meta name=\"robots\" content=\"index, follow, max-snippet:-1, max-image-preview:large, max-video-preview:-1\" \/>\n<link rel=\"canonical\" href=\"https:\/\/poudresdenarco.com\/pt\/produto\/alpha-pihp\/\" \/>\n<meta property=\"og:locale\" content=\"pt_PT\" \/>\n<meta property=\"og:type\" content=\"article\" \/>\n<meta property=\"og:title\" content=\"Acheter Alpha-PiHP pour la Recherche | Poudres de Narco\" \/>\n<meta property=\"og:description\" content=\"Fournisseur de Alpha-PiHP pour applications scientifiques en laboratoire. Puret\u00e9 et s\u00e9curit\u00e9 garanties pour recherches avanc\u00e9es chez Poudres de Narco.\" \/>\n<meta property=\"og:url\" content=\"https:\/\/poudresdenarco.com\/pt\/produto\/alpha-pihp\/\" \/>\n<meta property=\"og:site_name\" content=\"Poudresde Narco\" \/>\n<meta property=\"article:modified_time\" content=\"2024-12-23T09:29:29+00:00\" \/>\n<meta property=\"og:image\" content=\"https:\/\/poudresdenarco.com\/wp-content\/uploads\/2024\/10\/Alpha-Pihp.gif\" \/>\n\t<meta property=\"og:image:width\" content=\"600\" \/>\n\t<meta property=\"og:image:height\" content=\"600\" \/>\n\t<meta property=\"og:image:type\" content=\"image\/gif\" \/>\n<meta name=\"twitter:card\" content=\"summary_large_image\" \/>\n<meta name=\"twitter:label1\" content=\"Tempo estimado de leitura\" \/>\n\t<meta name=\"twitter:data1\" content=\"3 minutos\" \/>\n<script type=\"application\/ld+json\" class=\"yoast-schema-graph\">{\"@context\":\"https:\/\/schema.org\",\"@graph\":[{\"@type\":\"WebPage\",\"@id\":\"https:\/\/poudresdenarco.com\/produit\/alpha-pihp\/\",\"url\":\"https:\/\/poudresdenarco.com\/produit\/alpha-pihp\/\",\"name\":\"Acheter Alpha-PiHP pour la Recherche | Poudres de Narco\",\"isPartOf\":{\"@id\":\"https:\/\/poudresdenarco.com\/#website\"},\"primaryImageOfPage\":{\"@id\":\"https:\/\/poudresdenarco.com\/produit\/alpha-pihp\/#primaryimage\"},\"image\":{\"@id\":\"https:\/\/poudresdenarco.com\/produit\/alpha-pihp\/#primaryimage\"},\"thumbnailUrl\":\"https:\/\/poudresdenarco.com\/wp-content\/uploads\/2024\/10\/Alpha-Pihp.gif\",\"datePublished\":\"2024-10-16T11:32:29+00:00\",\"dateModified\":\"2024-12-23T09:29:29+00:00\",\"description\":\"Fournisseur de Alpha-PiHP pour applications scientifiques en laboratoire. Puret\u00e9 et s\u00e9curit\u00e9 garanties pour recherches avanc\u00e9es chez Poudres de Narco.\",\"breadcrumb\":{\"@id\":\"https:\/\/poudresdenarco.com\/produit\/alpha-pihp\/#breadcrumb\"},\"inLanguage\":\"pt-PT\",\"potentialAction\":[{\"@type\":\"ReadAction\",\"target\":[\"https:\/\/poudresdenarco.com\/produit\/alpha-pihp\/\"]}]},{\"@type\":\"ImageObject\",\"inLanguage\":\"pt-PT\",\"@id\":\"https:\/\/poudresdenarco.com\/produit\/alpha-pihp\/#primaryimage\",\"url\":\"https:\/\/poudresdenarco.com\/wp-content\/uploads\/2024\/10\/Alpha-Pihp.gif\",\"contentUrl\":\"https:\/\/poudresdenarco.com\/wp-content\/uploads\/2024\/10\/Alpha-Pihp.gif\",\"width\":600,\"height\":600,\"caption\":\"Alpha-Pihp\"},{\"@type\":\"BreadcrumbList\",\"@id\":\"https:\/\/poudresdenarco.com\/produit\/alpha-pihp\/#breadcrumb\",\"itemListElement\":[{\"@type\":\"ListItem\",\"position\":1,\"name\":\"Home\",\"item\":\"https:\/\/poudresdenarco.com\/\"},{\"@type\":\"ListItem\",\"position\":2,\"name\":\"Boutique\",\"item\":\"https:\/\/poudresdenarco.com\/boutique\/\"},{\"@type\":\"ListItem\",\"position\":3,\"name\":\"Alpha-Pihp\"}]},{\"@type\":\"WebSite\",\"@id\":\"https:\/\/poudresdenarco.com\/#website\",\"url\":\"https:\/\/poudresdenarco.com\/\",\"name\":\"Poudresde Narco\",\"description\":\"Acheter de la coca\u00efne et de l&#039;h\u00e9ro\u00efne en ligne\",\"potentialAction\":[{\"@type\":\"SearchAction\",\"target\":{\"@type\":\"EntryPoint\",\"urlTemplate\":\"https:\/\/poudresdenarco.com\/?s={search_term_string}\"},\"query-input\":{\"@type\":\"PropertyValueSpecification\",\"valueRequired\":true,\"valueName\":\"search_term_string\"}}],\"inLanguage\":\"pt-PT\"}]}<\/script>\n<!-- \/ Yoast SEO plugin. -->","yoast_head_json":{"title":"Acheter Alpha-PiHP pour la Recherche | Poudres de Narco","description":"Fournisseur de Alpha-PiHP pour applications scientifiques en laboratoire. Puret\u00e9 et s\u00e9curit\u00e9 garanties pour recherches avanc\u00e9es chez Poudres de Narco.","robots":{"index":"index","follow":"follow","max-snippet":"max-snippet:-1","max-image-preview":"max-image-preview:large","max-video-preview":"max-video-preview:-1"},"canonical":"https:\/\/poudresdenarco.com\/pt\/produto\/alpha-pihp\/","og_locale":"pt_PT","og_type":"article","og_title":"Acheter Alpha-PiHP pour la Recherche | Poudres de Narco","og_description":"Fournisseur de Alpha-PiHP pour applications scientifiques en laboratoire. Puret\u00e9 et s\u00e9curit\u00e9 garanties pour recherches avanc\u00e9es chez Poudres de Narco.","og_url":"https:\/\/poudresdenarco.com\/pt\/produto\/alpha-pihp\/","og_site_name":"Poudresde Narco","article_modified_time":"2024-12-23T09:29:29+00:00","og_image":[{"width":600,"height":600,"url":"https:\/\/poudresdenarco.com\/wp-content\/uploads\/2024\/10\/Alpha-Pihp.gif","type":"image\/gif"}],"twitter_card":"summary_large_image","twitter_misc":{"Tempo estimado de leitura":"3 minutos"},"schema":{"@context":"https:\/\/schema.org","@graph":[{"@type":"WebPage","@id":"https:\/\/poudresdenarco.com\/produit\/alpha-pihp\/","url":"https:\/\/poudresdenarco.com\/produit\/alpha-pihp\/","name":"Acheter Alpha-PiHP pour la Recherche | Poudres de Narco","isPartOf":{"@id":"https:\/\/poudresdenarco.com\/#website"},"primaryImageOfPage":{"@id":"https:\/\/poudresdenarco.com\/produit\/alpha-pihp\/#primaryimage"},"image":{"@id":"https:\/\/poudresdenarco.com\/produit\/alpha-pihp\/#primaryimage"},"thumbnailUrl":"https:\/\/poudresdenarco.com\/wp-content\/uploads\/2024\/10\/Alpha-Pihp.gif","datePublished":"2024-10-16T11:32:29+00:00","dateModified":"2024-12-23T09:29:29+00:00","description":"Fournisseur de Alpha-PiHP pour applications scientifiques en laboratoire. Puret\u00e9 et s\u00e9curit\u00e9 garanties pour recherches avanc\u00e9es chez Poudres de Narco.","breadcrumb":{"@id":"https:\/\/poudresdenarco.com\/produit\/alpha-pihp\/#breadcrumb"},"inLanguage":"pt-PT","potentialAction":[{"@type":"ReadAction","target":["https:\/\/poudresdenarco.com\/produit\/alpha-pihp\/"]}]},{"@type":"ImageObject","inLanguage":"pt-PT","@id":"https:\/\/poudresdenarco.com\/produit\/alpha-pihp\/#primaryimage","url":"https:\/\/poudresdenarco.com\/wp-content\/uploads\/2024\/10\/Alpha-Pihp.gif","contentUrl":"https:\/\/poudresdenarco.com\/wp-content\/uploads\/2024\/10\/Alpha-Pihp.gif","width":600,"height":600,"caption":"Alpha-Pihp"},{"@type":"BreadcrumbList","@id":"https:\/\/poudresdenarco.com\/produit\/alpha-pihp\/#breadcrumb","itemListElement":[{"@type":"ListItem","position":1,"name":"Home","item":"https:\/\/poudresdenarco.com\/"},{"@type":"ListItem","position":2,"name":"Boutique","item":"https:\/\/poudresdenarco.com\/boutique\/"},{"@type":"ListItem","position":3,"name":"Alpha-Pihp"}]},{"@type":"WebSite","@id":"https:\/\/poudresdenarco.com\/#website","url":"https:\/\/poudresdenarco.com\/","name":"Poudresde Narco","description":"Acheter de la coca\u00efne et de l&#039;h\u00e9ro\u00efne en ligne","potentialAction":[{"@type":"SearchAction","target":{"@type":"EntryPoint","urlTemplate":"https:\/\/poudresdenarco.com\/?s={search_term_string}"},"query-input":{"@type":"PropertyValueSpecification","valueRequired":true,"valueName":"search_term_string"}}],"inLanguage":"pt-PT"}]}},"_links":{"self":[{"href":"https:\/\/poudresdenarco.com\/pt\/wp-json\/wp\/v2\/product\/6030","targetHints":{"allow":["GET"]}}],"collection":[{"href":"https:\/\/poudresdenarco.com\/pt\/wp-json\/wp\/v2\/product"}],"about":[{"href":"https:\/\/poudresdenarco.com\/pt\/wp-json\/wp\/v2\/types\/product"}],"replies":[{"embeddable":true,"href":"https:\/\/poudresdenarco.com\/pt\/wp-json\/wp\/v2\/comments?post=6030"}],"wp:featuredmedia":[{"embeddable":true,"href":"https:\/\/poudresdenarco.com\/pt\/wp-json\/wp\/v2\/media\/6192"}],"wp:attachment":[{"href":"https:\/\/poudresdenarco.com\/pt\/wp-json\/wp\/v2\/media?parent=6030"}],"wp:term":[{"taxonomy":"product_cat","embeddable":true,"href":"https:\/\/poudresdenarco.com\/pt\/wp-json\/wp\/v2\/product_cat?post=6030"},{"taxonomy":"product_tag","embeddable":true,"href":"https:\/\/poudresdenarco.com\/pt\/wp-json\/wp\/v2\/product_tag?post=6030"}],"curies":[{"name":"wp","href":"https:\/\/api.w.org\/{rel}","templated":true}]}}