{"id":6039,"date":"2024-10-16T11:32:30","date_gmt":"2024-10-16T11:32:30","guid":{"rendered":"https:\/\/poudresdenarco.com\/?post_type=product&#038;p=6039"},"modified":"2024-11-04T08:24:32","modified_gmt":"2024-11-04T08:24:32","slug":"o-dsmt-destramadol","status":"publish","type":"product","link":"https:\/\/poudresdenarco.com\/pt\/produto\/o-dsmt-destramadol\/","title":{"rendered":"O-DSMT [Destramadol]"},"content":{"rendered":"<h2>Comprar O-DSMT [Destramadol] online<\/h2>\n<p>L'<a href=\"https:\/\/poudresdenarco.com\/pt\/produto\/o-dsmt-destramadol\/\">O-desmetiltramadol (O-DSMT)<\/a> \u00e9 um opi\u00f3ide que tem sido utilizado principalmente de forma indireta, uma vez que \u00e9 um metabolito principal do analg\u00e9sico tramadol. Desde a d\u00e9cada de 2010, \u00e9 por vezes utilizado isoladamente, uma vez que \u00e9 vendido no mercado cinzento\/mercado qu\u00edmico de investiga\u00e7\u00e3o Comprar O-DSMT (Destramadol) .<\/p>\n<p>Tem uma dura\u00e7\u00e3o de a\u00e7\u00e3o mais longa do que o tramadol e efeitos opi\u00f3ides mais t\u00edpicos, embora continue a ter um impacto nos sistemas monoamin\u00e9rgicos, o que pode influenciar um pouco o perfil de efeitos. <a href=\"https:\/\/poudresdenarco.com\/pt\/\">P\u00f3Denarco<\/a><\/p>\n<p>O-Desmetiltramadol = O-DSMT ; Desmetramadol ; <a href=\"https:\/\/en.wikipedia.org\/?title=O-Desmethyltramadol&amp;redirect=no\">O-Demetiltramadol<\/a><\/p>\n<p>PubChem : 9838803<\/p>\n<p>Peso molecular: 249,354 g\/mol<\/p>\n<p>IUPAC: 3-[2-[(dimetilamino)metil]-1-hidroxiciclohexil]fenol<\/p>\n<h3><strong>Comprar O-DSMT (Destramadol) de alta pureza para investiga\u00e7\u00e3o - Narc\u00f3ticos em p\u00f3<\/strong><\/h3>\n<p><strong>P\u00f3s estupefacientes<\/strong> \u00e9 a sua fonte de confian\u00e7a para<strong>O-DSMT (Destramadol) de grau de investiga\u00e7\u00e3o<\/strong>concebido exclusivamente para <strong>aplica\u00e7\u00f5es em laborat\u00f3rios cient\u00edficos<\/strong>. O nosso O-DSMT \u00e9 produzido segundo normas rigorosas de pureza e qualidade, garantindo resultados fi\u00e1veis para investigadores farmacol\u00f3gicos e qu\u00edmicos.<\/p>\n<h3>Porqu\u00ea escolher O-DSMT (Destramadol) da Narco Powders?<\/h3>\n<p>Como <strong>Fornecedor de O-DSMT para investiga\u00e7\u00e3o<\/strong>, <strong>P\u00f3s estupefacientes<\/strong> garante produtos que cumprem com <strong>laborat\u00f3rios certificados<\/strong> :<\/p>\n<ul>\n<li><strong>O-DSMT de alta pureza para laborat\u00f3rios<\/strong> Cada lote \u00e9 rigorosamente testado para garantir a m\u00e1xima pureza, essencial para <strong>aplica\u00e7\u00f5es cient\u00edficas de precis\u00e3o<\/strong>.<\/li>\n<li><strong>Qualidade consistente e fi\u00e1vel<\/strong> O nosso O-DSMT \u00e9 formulado para um desempenho est\u00e1vel, adaptado a <strong>estudos laboratoriais anal\u00edticos<\/strong>.<\/li>\n<li><strong>Encomendas online seguras<\/strong> : <strong>P\u00f3s estupefacientes<\/strong> simplifica<strong>comprar O-DSMT online<\/strong> oferecendo um processo seguro que responde \u00e0s necessidades dos profissionais de investiga\u00e7\u00e3o.<\/li>\n<\/ul>\n<h3>Aplica\u00e7\u00f5es e instru\u00e7\u00f5es de seguran\u00e7a<\/h3>\n<p>L'<strong>O-DSMT para a investiga\u00e7\u00e3o<\/strong> de <strong>P\u00f3s estupefacientes<\/strong> destina-se a <strong>aplica\u00e7\u00f5es anal\u00edticas e estudos cient\u00edficos<\/strong>. Fornecemos recomenda\u00e7\u00f5es de seguran\u00e7a para garantir uma utiliza\u00e7\u00e3o correta e segura:<\/p>\n<ul>\n<li><strong>Armazenamento seguro<\/strong> Conservar o O-DSMT num local fresco e seco, ao abrigo da luz.<\/li>\n<li><strong>Manuseamento com precau\u00e7\u00f5es<\/strong> Utilizar equipamento de prote\u00e7\u00e3o individual (EPI) e trabalhar numa \u00e1rea bem ventilada.<\/li>\n<li><strong>Utiliza\u00e7\u00e3o estritamente reservada \u00e0 investiga\u00e7\u00e3o<\/strong> Este produto destina-se exclusivamente a investigadores qualificados e a laborat\u00f3rios certificados.<\/li>\n<\/ul>\n<h3>Encomendar O-DSMT (Destramadol) de alta pureza para os seus estudos cient\u00edficos<\/h3>\n<p>Com <strong>P\u00f3s estupefacientes<\/strong>beneficia de <strong>fornecimento fi\u00e1vel de O-DSMT para aplica\u00e7\u00f5es laboratoriais<\/strong>. Os nossos elevados padr\u00f5es de qualidade e seguran\u00e7a tornam <strong>P\u00f3s estupefacientes<\/strong> a escolha ideal para os profissionais da investiga\u00e7\u00e3o cient\u00edfica. <strong>Contactar-nos<\/strong> para um or\u00e7amento ou para saber mais sobre a nossa gama de produtos de elevada pureza Comprar O-DSMT (Destramadol) .<\/p>","protected":false},"excerpt":{"rendered":"<p>Acheter O-DSMT [Destramadol] en ligne L&rsquo;O-Desmethyltramadol (O-DSMT) est un opio\u00efde qui a \u00e9t\u00e9 principalement utilis\u00e9 indirectement car il est un m\u00e9tabolite principal de l&rsquo;analg\u00e9sique tramadol. Depuis les ann\u00e9es 2010, il est parfois utilis\u00e9 seul car il est vendu sur le march\u00e9 gris\/march\u00e9 des produits chimiques de recherche Acheter O-DSMT (Destramadol) . Il a une dur\u00e9e&hellip;<\/p>","protected":false},"featured_media":6193,"comment_status":"open","ping_status":"closed","template":"","meta":{"_joinchat":[]},"product_cat":[558],"product_tag":[],"class_list":{"0":"post-6039","1":"product","2":"type-product","3":"status-publish","4":"has-post-thumbnail","6":"product_cat-chimiques-de-recherche","8":"first","9":"instock","10":"shipping-taxable","11":"purchasable","12":"product-type-variable","13":"col-xs-6 col-sm-4","14":"col-md-3 col-lg-3","15":"un-4-cols"},"yoast_head":"<!-- This site is optimized with the Yoast SEO plugin v23.8 - https:\/\/yoast.com\/wordpress\/plugins\/seo\/ -->\n<title>Acheter O-DSMT (Destramadol) Poudres de Narco<\/title>\n<meta name=\"description\" content=\"Fournisseur d&#039;O-DSMT (Destramadol) pour applications scientifiques en laboratoire. Puret\u00e9 et s\u00e9curit\u00e9 garanties pour recherches avanc\u00e9es chez Poudres de Narco. Acheter O-DSMT (Destramadol)\" \/>\n<meta name=\"robots\" content=\"index, follow, max-snippet:-1, max-image-preview:large, max-video-preview:-1\" \/>\n<link rel=\"canonical\" href=\"https:\/\/poudresdenarco.com\/pt\/produto\/o-dsmt-destramadol\/\" \/>\n<meta property=\"og:locale\" content=\"pt_PT\" \/>\n<meta property=\"og:type\" content=\"article\" \/>\n<meta property=\"og:title\" content=\"Acheter O-DSMT (Destramadol) Poudres de Narco\" \/>\n<meta property=\"og:description\" content=\"Fournisseur d&#039;O-DSMT (Destramadol) pour applications scientifiques en laboratoire. Puret\u00e9 et s\u00e9curit\u00e9 garanties pour recherches avanc\u00e9es chez Poudres de Narco. Acheter O-DSMT (Destramadol)\" \/>\n<meta property=\"og:url\" content=\"https:\/\/poudresdenarco.com\/pt\/produto\/o-dsmt-destramadol\/\" \/>\n<meta property=\"og:site_name\" content=\"Poudresde Narco\" \/>\n<meta property=\"article:modified_time\" content=\"2024-11-04T08:24:32+00:00\" \/>\n<meta property=\"og:image\" content=\"https:\/\/poudresdenarco.com\/wp-content\/uploads\/2024\/10\/O-DSMTDestramadol.gif\" \/>\n\t<meta property=\"og:image:width\" content=\"600\" \/>\n\t<meta property=\"og:image:height\" content=\"600\" \/>\n\t<meta property=\"og:image:type\" content=\"image\/gif\" \/>\n<meta name=\"twitter:card\" content=\"summary_large_image\" \/>\n<meta name=\"twitter:label1\" content=\"Tempo estimado de leitura\" \/>\n\t<meta name=\"twitter:data1\" content=\"3 minutos\" \/>\n<script type=\"application\/ld+json\" class=\"yoast-schema-graph\">{\"@context\":\"https:\/\/schema.org\",\"@graph\":[{\"@type\":\"WebPage\",\"@id\":\"https:\/\/poudresdenarco.com\/produit\/o-dsmt-destramadol\/\",\"url\":\"https:\/\/poudresdenarco.com\/produit\/o-dsmt-destramadol\/\",\"name\":\"Acheter O-DSMT (Destramadol) Poudres de Narco\",\"isPartOf\":{\"@id\":\"https:\/\/poudresdenarco.com\/#website\"},\"primaryImageOfPage\":{\"@id\":\"https:\/\/poudresdenarco.com\/produit\/o-dsmt-destramadol\/#primaryimage\"},\"image\":{\"@id\":\"https:\/\/poudresdenarco.com\/produit\/o-dsmt-destramadol\/#primaryimage\"},\"thumbnailUrl\":\"https:\/\/poudresdenarco.com\/wp-content\/uploads\/2024\/10\/O-DSMTDestramadol.gif\",\"datePublished\":\"2024-10-16T11:32:30+00:00\",\"dateModified\":\"2024-11-04T08:24:32+00:00\",\"description\":\"Fournisseur d'O-DSMT (Destramadol) pour applications scientifiques en laboratoire. Puret\u00e9 et s\u00e9curit\u00e9 garanties pour recherches avanc\u00e9es chez Poudres de Narco. Acheter O-DSMT (Destramadol)\",\"breadcrumb\":{\"@id\":\"https:\/\/poudresdenarco.com\/produit\/o-dsmt-destramadol\/#breadcrumb\"},\"inLanguage\":\"pt-PT\",\"potentialAction\":[{\"@type\":\"ReadAction\",\"target\":[\"https:\/\/poudresdenarco.com\/produit\/o-dsmt-destramadol\/\"]}]},{\"@type\":\"ImageObject\",\"inLanguage\":\"pt-PT\",\"@id\":\"https:\/\/poudresdenarco.com\/produit\/o-dsmt-destramadol\/#primaryimage\",\"url\":\"https:\/\/poudresdenarco.com\/wp-content\/uploads\/2024\/10\/O-DSMTDestramadol.gif\",\"contentUrl\":\"https:\/\/poudresdenarco.com\/wp-content\/uploads\/2024\/10\/O-DSMTDestramadol.gif\",\"width\":600,\"height\":600,\"caption\":\"O-DSMT[Destramadol]\"},{\"@type\":\"BreadcrumbList\",\"@id\":\"https:\/\/poudresdenarco.com\/produit\/o-dsmt-destramadol\/#breadcrumb\",\"itemListElement\":[{\"@type\":\"ListItem\",\"position\":1,\"name\":\"Home\",\"item\":\"https:\/\/poudresdenarco.com\/\"},{\"@type\":\"ListItem\",\"position\":2,\"name\":\"Boutique\",\"item\":\"https:\/\/poudresdenarco.com\/boutique\/\"},{\"@type\":\"ListItem\",\"position\":3,\"name\":\"O-DSMT [Destramadol]\"}]},{\"@type\":\"WebSite\",\"@id\":\"https:\/\/poudresdenarco.com\/#website\",\"url\":\"https:\/\/poudresdenarco.com\/\",\"name\":\"Poudresde Narco\",\"description\":\"Acheter de la coca\u00efne et de l&#039;h\u00e9ro\u00efne en ligne\",\"potentialAction\":[{\"@type\":\"SearchAction\",\"target\":{\"@type\":\"EntryPoint\",\"urlTemplate\":\"https:\/\/poudresdenarco.com\/?s={search_term_string}\"},\"query-input\":{\"@type\":\"PropertyValueSpecification\",\"valueRequired\":true,\"valueName\":\"search_term_string\"}}],\"inLanguage\":\"pt-PT\"}]}<\/script>\n<!-- \/ Yoast SEO plugin. -->","yoast_head_json":{"title":"Acheter O-DSMT (Destramadol) Poudres de Narco","description":"Fournisseur d'O-DSMT (Destramadol) pour applications scientifiques en laboratoire. Puret\u00e9 et s\u00e9curit\u00e9 garanties pour recherches avanc\u00e9es chez Poudres de Narco. Acheter O-DSMT (Destramadol)","robots":{"index":"index","follow":"follow","max-snippet":"max-snippet:-1","max-image-preview":"max-image-preview:large","max-video-preview":"max-video-preview:-1"},"canonical":"https:\/\/poudresdenarco.com\/pt\/produto\/o-dsmt-destramadol\/","og_locale":"pt_PT","og_type":"article","og_title":"Acheter O-DSMT (Destramadol) Poudres de Narco","og_description":"Fournisseur d'O-DSMT (Destramadol) pour applications scientifiques en laboratoire. Puret\u00e9 et s\u00e9curit\u00e9 garanties pour recherches avanc\u00e9es chez Poudres de Narco. Acheter O-DSMT (Destramadol)","og_url":"https:\/\/poudresdenarco.com\/pt\/produto\/o-dsmt-destramadol\/","og_site_name":"Poudresde Narco","article_modified_time":"2024-11-04T08:24:32+00:00","og_image":[{"width":600,"height":600,"url":"https:\/\/poudresdenarco.com\/wp-content\/uploads\/2024\/10\/O-DSMTDestramadol.gif","type":"image\/gif"}],"twitter_card":"summary_large_image","twitter_misc":{"Tempo estimado de leitura":"3 minutos"},"schema":{"@context":"https:\/\/schema.org","@graph":[{"@type":"WebPage","@id":"https:\/\/poudresdenarco.com\/produit\/o-dsmt-destramadol\/","url":"https:\/\/poudresdenarco.com\/produit\/o-dsmt-destramadol\/","name":"Acheter O-DSMT (Destramadol) Poudres de Narco","isPartOf":{"@id":"https:\/\/poudresdenarco.com\/#website"},"primaryImageOfPage":{"@id":"https:\/\/poudresdenarco.com\/produit\/o-dsmt-destramadol\/#primaryimage"},"image":{"@id":"https:\/\/poudresdenarco.com\/produit\/o-dsmt-destramadol\/#primaryimage"},"thumbnailUrl":"https:\/\/poudresdenarco.com\/wp-content\/uploads\/2024\/10\/O-DSMTDestramadol.gif","datePublished":"2024-10-16T11:32:30+00:00","dateModified":"2024-11-04T08:24:32+00:00","description":"Fournisseur d'O-DSMT (Destramadol) pour applications scientifiques en laboratoire. Puret\u00e9 et s\u00e9curit\u00e9 garanties pour recherches avanc\u00e9es chez Poudres de Narco. Acheter O-DSMT (Destramadol)","breadcrumb":{"@id":"https:\/\/poudresdenarco.com\/produit\/o-dsmt-destramadol\/#breadcrumb"},"inLanguage":"pt-PT","potentialAction":[{"@type":"ReadAction","target":["https:\/\/poudresdenarco.com\/produit\/o-dsmt-destramadol\/"]}]},{"@type":"ImageObject","inLanguage":"pt-PT","@id":"https:\/\/poudresdenarco.com\/produit\/o-dsmt-destramadol\/#primaryimage","url":"https:\/\/poudresdenarco.com\/wp-content\/uploads\/2024\/10\/O-DSMTDestramadol.gif","contentUrl":"https:\/\/poudresdenarco.com\/wp-content\/uploads\/2024\/10\/O-DSMTDestramadol.gif","width":600,"height":600,"caption":"O-DSMT[Destramadol]"},{"@type":"BreadcrumbList","@id":"https:\/\/poudresdenarco.com\/produit\/o-dsmt-destramadol\/#breadcrumb","itemListElement":[{"@type":"ListItem","position":1,"name":"Home","item":"https:\/\/poudresdenarco.com\/"},{"@type":"ListItem","position":2,"name":"Boutique","item":"https:\/\/poudresdenarco.com\/boutique\/"},{"@type":"ListItem","position":3,"name":"O-DSMT [Destramadol]"}]},{"@type":"WebSite","@id":"https:\/\/poudresdenarco.com\/#website","url":"https:\/\/poudresdenarco.com\/","name":"Poudresde Narco","description":"Acheter de la coca\u00efne et de l&#039;h\u00e9ro\u00efne en ligne","potentialAction":[{"@type":"SearchAction","target":{"@type":"EntryPoint","urlTemplate":"https:\/\/poudresdenarco.com\/?s={search_term_string}"},"query-input":{"@type":"PropertyValueSpecification","valueRequired":true,"valueName":"search_term_string"}}],"inLanguage":"pt-PT"}]}},"_links":{"self":[{"href":"https:\/\/poudresdenarco.com\/pt\/wp-json\/wp\/v2\/product\/6039","targetHints":{"allow":["GET"]}}],"collection":[{"href":"https:\/\/poudresdenarco.com\/pt\/wp-json\/wp\/v2\/product"}],"about":[{"href":"https:\/\/poudresdenarco.com\/pt\/wp-json\/wp\/v2\/types\/product"}],"replies":[{"embeddable":true,"href":"https:\/\/poudresdenarco.com\/pt\/wp-json\/wp\/v2\/comments?post=6039"}],"wp:featuredmedia":[{"embeddable":true,"href":"https:\/\/poudresdenarco.com\/pt\/wp-json\/wp\/v2\/media\/6193"}],"wp:attachment":[{"href":"https:\/\/poudresdenarco.com\/pt\/wp-json\/wp\/v2\/media?parent=6039"}],"wp:term":[{"taxonomy":"product_cat","embeddable":true,"href":"https:\/\/poudresdenarco.com\/pt\/wp-json\/wp\/v2\/product_cat?post=6039"},{"taxonomy":"product_tag","embeddable":true,"href":"https:\/\/poudresdenarco.com\/pt\/wp-json\/wp\/v2\/product_tag?post=6039"}],"curies":[{"name":"wp","href":"https:\/\/api.w.org\/{rel}","templated":true}]}}