{"id":6041,"date":"2024-10-16T11:32:31","date_gmt":"2024-10-16T11:32:31","guid":{"rendered":"https:\/\/poudresdenarco.com\/?post_type=product&#038;p=6041"},"modified":"2024-11-02T12:32:10","modified_gmt":"2024-11-02T12:32:10","slug":"2ce","status":"publish","type":"product","link":"https:\/\/poudresdenarco.com\/pt\/produto\/2ce\/","title":{"rendered":"2CE"},"content":{"rendered":"<h2>Acheter 2CE en ligne<\/h2>\n<p>Description du <a href=\"https:\/\/poudresdenarco.com\/pt\/produto\/2ce\/\">2CE<\/a> (2-aminoindane) : \u00c9tant donn\u00e9 que peu de recherches ont \u00e9t\u00e9 men\u00e9es sur cette substance, toutes les discussions sur sa pharmacologie se sont concentr\u00e9es uniquement sur sa structure et sur ses similitudes avec d&rsquo;autres stimulants comme l&rsquo;amph\u00e9tamine, la m\u00e9thamph\u00e9tamine et le 2CE en termes d&rsquo;effets subjectifs Acheter 2C-E .<\/p>\n<p>Le 2CE lib\u00e8re probablement de la noradr\u00e9naline et de la dopamine en m\u00eame temps.<\/p>\n<p>Le 2CE se lie aux prot\u00e9ines de transport qui \u00e9liminent g\u00e9n\u00e9ralement la noradr\u00e9naline et la dopamine de la fente synaptique et les bloque partiellement, augmentant ainsi efficacement les niveaux de ces neurotransmetteurs dans le cerveau.<\/p>\n<p>Cela provoque l&rsquo;accumulation de noradr\u00e9naline et de dopamine dans le cerveau, produisant des effets euphorisants et stimulants.<\/p>\n<h3>R\u00e9percussions physiques du 2CE<\/h3>\n<p>Stimulation du <a href=\"https:\/\/en.wikipedia.org\/wiki\/2C-E\">2CE<\/a> : En raison de son impact sur les niveaux d&rsquo;\u00e9nergie physique de l&rsquo;utilisateur, le 2CEI est g\u00e9n\u00e9ralement consid\u00e9r\u00e9 comme \u00e9nergique et stimulant d&rsquo;une mani\u00e8re plus puissante que le modafinil ou la caf\u00e9ine, mais toujours proche de l&rsquo;amph\u00e9tamine. <a href=\"https:\/\/poudresdenarco.com\/pt\/\">P\u00f3Denarco<\/a><\/p>\n<p>Elle diff\u00e8re quelque peu de la stimulation provoqu\u00e9e par la MDMA, mais elle est \u00e9galement diff\u00e9rente en ce qu&rsquo;elle favorise l&rsquo;activit\u00e9 physique comme la danse, la convivialit\u00e9, la course ou le m\u00e9nage.<\/p>\n<h4><strong>Acheter du 2C-E de Haute Puret\u00e9 pour la Recherche &#8211; Poudres de Narco<\/strong><\/h4>\n<p>Poudres de Narco \u00e9 a sua fonte fi\u00e1vel para <strong>2C-E de qualit\u00e9 recherche<\/strong>exclusivamente para <strong>applications de laboratoire et \u00e9tudes scientifiques<\/strong>. Notre 2C-E est produit selon des normes strictes de puret\u00e9 et de qualit\u00e9, id\u00e9al pour les chercheurs en chimie et pharmacologie qui n\u00e9cessitent des produits fiables et s\u00e9curis\u00e9s.<\/p>\n<h3>Pourquoi Choisir le 2C-E de Poudres de Narco ?<\/h3>\n<p>Como <strong>fournisseur de 2C-E pour la recherche<\/strong>, Poudres de Narco garantit des produits conformes aux standards \u00e9lev\u00e9s de la recherche en laboratoire :<\/p>\n<ul>\n<li><strong>Pureza certificada<\/strong> : Chaque lot de 2C-E est minutieusement test\u00e9 pour assurer un niveau de puret\u00e9 maximal, crucial pour des r\u00e9sultats fiables.<\/li>\n<li><strong>Qualidade consistente<\/strong> : Notre 2C-E est con\u00e7u pour offrir des performances constantes dans des environnements de recherche exigeants.<\/li>\n<li><strong>Encomenda segura<\/strong> : Tornamos mais f\u00e1cil<strong>achat de 2C-E pour les applications scientifiques<\/strong>com um processo de encomenda seguro e confidencial.<\/li>\n<\/ul>\n<h3>Aplica\u00e7\u00f5es e instru\u00e7\u00f5es de seguran\u00e7a<\/h3>\n<p>Le <strong>2C-E<\/strong> de Poudres de Narco \u00e9 destinado a <strong>recherches analytiques et exp\u00e9rimentations de laboratoire<\/strong>. Pour garantir une utilisation s\u00fbre et conforme, nous fournissons des protocoles de manipulation\u202f:<\/p>\n<ul>\n<li><strong>Armazenamento seguro<\/strong> : Conservez le 2C-E dans un endroit frais, sec et \u00e0 l\u2019abri de la lumi\u00e8re.<\/li>\n<li><strong>Manusear com cuidado<\/strong> Utilizar equipamento de prote\u00e7\u00e3o individual (EPI) e trabalhar em \u00e1reas bem ventiladas.<\/li>\n<li><strong>Utiliza\u00e7\u00e3o estritamente reservada \u00e0 investiga\u00e7\u00e3o<\/strong> : Ce produit est exclusivement destin\u00e9 aux laboratoires autoris\u00e9s et aux chercheurs en environnement contr\u00f4l\u00e9.<\/li>\n<\/ul>\n<h3>Commandez du 2C-E de Haute Puret\u00e9 pour Vos \u00c9tudes Scientifiques<\/h3>\n<p>Com Poudres de Narco, pode contar com um fornecimento fi\u00e1vel de <strong>2C-E de haute qualit\u00e9<\/strong> para a investiga\u00e7\u00e3o. <strong>Contactar-nos<\/strong> pour un devis ou pour plus d\u2019informations sur notre gamme de produits pour applications de laboratoire.<\/p>\n<p>&nbsp;<\/p>","protected":false},"excerpt":{"rendered":"<p>Acheter 2CE en ligne Description du 2CE (2-aminoindane) : \u00c9tant donn\u00e9 que peu de recherches ont \u00e9t\u00e9 men\u00e9es sur cette substance, toutes les discussions sur sa pharmacologie se sont concentr\u00e9es uniquement sur sa structure et sur ses similitudes avec d&rsquo;autres stimulants comme l&rsquo;amph\u00e9tamine, la m\u00e9thamph\u00e9tamine et le 2CE en termes d&rsquo;effets subjectifs Acheter 2C-E .&hellip;<\/p>","protected":false},"featured_media":6198,"comment_status":"open","ping_status":"closed","template":"","meta":{"_joinchat":[]},"product_cat":[744],"product_tag":[],"class_list":{"0":"post-6041","1":"product","2":"type-product","3":"status-publish","4":"has-post-thumbnail","6":"product_cat-cocaine","8":"first","9":"instock","10":"shipping-taxable","11":"purchasable","12":"product-type-variable","13":"col-xs-6 col-sm-4","14":"col-md-3 col-lg-3","15":"un-4-cols"},"yoast_head":"<!-- This site is optimized with the Yoast SEO plugin v23.8 - https:\/\/yoast.com\/wordpress\/plugins\/seo\/ -->\n<title>Acheter 2C-E de Qualit\u00e9 pour la Recherche | Poudres de Narco<\/title>\n<meta name=\"description\" content=\"Fournisseur de 2C-E pour la recherche scientifique. Puret\u00e9 garantie pour applications en laboratoire chez Poudres de Narco.\" \/>\n<meta name=\"robots\" content=\"index, follow, max-snippet:-1, max-image-preview:large, max-video-preview:-1\" \/>\n<link rel=\"canonical\" href=\"https:\/\/poudresdenarco.com\/pt\/produto\/2ce\/\" \/>\n<meta property=\"og:locale\" content=\"pt_PT\" \/>\n<meta property=\"og:type\" content=\"article\" \/>\n<meta property=\"og:title\" content=\"Acheter 2C-E de Qualit\u00e9 pour la Recherche | Poudres de Narco\" \/>\n<meta property=\"og:description\" content=\"Fournisseur de 2C-E pour la recherche scientifique. Puret\u00e9 garantie pour applications en laboratoire chez Poudres de Narco.\" \/>\n<meta property=\"og:url\" content=\"https:\/\/poudresdenarco.com\/pt\/produto\/2ce\/\" \/>\n<meta property=\"og:site_name\" content=\"Poudresde Narco\" \/>\n<meta property=\"article:modified_time\" content=\"2024-11-02T12:32:10+00:00\" \/>\n<meta property=\"og:image\" content=\"https:\/\/poudresdenarco.com\/wp-content\/uploads\/2024\/10\/2CE.gif\" \/>\n\t<meta property=\"og:image:width\" content=\"600\" \/>\n\t<meta property=\"og:image:height\" content=\"600\" \/>\n\t<meta property=\"og:image:type\" content=\"image\/gif\" \/>\n<meta name=\"twitter:card\" content=\"summary_large_image\" \/>\n<meta name=\"twitter:label1\" content=\"Tempo estimado de leitura\" \/>\n\t<meta name=\"twitter:data1\" content=\"3 minutos\" \/>\n<script type=\"application\/ld+json\" class=\"yoast-schema-graph\">{\"@context\":\"https:\/\/schema.org\",\"@graph\":[{\"@type\":\"WebPage\",\"@id\":\"https:\/\/poudresdenarco.com\/produit\/2ce\/\",\"url\":\"https:\/\/poudresdenarco.com\/produit\/2ce\/\",\"name\":\"Acheter 2C-E de Qualit\u00e9 pour la Recherche | Poudres de Narco\",\"isPartOf\":{\"@id\":\"https:\/\/poudresdenarco.com\/#website\"},\"primaryImageOfPage\":{\"@id\":\"https:\/\/poudresdenarco.com\/produit\/2ce\/#primaryimage\"},\"image\":{\"@id\":\"https:\/\/poudresdenarco.com\/produit\/2ce\/#primaryimage\"},\"thumbnailUrl\":\"https:\/\/poudresdenarco.com\/wp-content\/uploads\/2024\/10\/2CE.gif\",\"datePublished\":\"2024-10-16T11:32:31+00:00\",\"dateModified\":\"2024-11-02T12:32:10+00:00\",\"description\":\"Fournisseur de 2C-E pour la recherche scientifique. Puret\u00e9 garantie pour applications en laboratoire chez Poudres de Narco.\",\"breadcrumb\":{\"@id\":\"https:\/\/poudresdenarco.com\/produit\/2ce\/#breadcrumb\"},\"inLanguage\":\"pt-PT\",\"potentialAction\":[{\"@type\":\"ReadAction\",\"target\":[\"https:\/\/poudresdenarco.com\/produit\/2ce\/\"]}]},{\"@type\":\"ImageObject\",\"inLanguage\":\"pt-PT\",\"@id\":\"https:\/\/poudresdenarco.com\/produit\/2ce\/#primaryimage\",\"url\":\"https:\/\/poudresdenarco.com\/wp-content\/uploads\/2024\/10\/2CE.gif\",\"contentUrl\":\"https:\/\/poudresdenarco.com\/wp-content\/uploads\/2024\/10\/2CE.gif\",\"width\":600,\"height\":600,\"caption\":\"2CE\"},{\"@type\":\"BreadcrumbList\",\"@id\":\"https:\/\/poudresdenarco.com\/produit\/2ce\/#breadcrumb\",\"itemListElement\":[{\"@type\":\"ListItem\",\"position\":1,\"name\":\"Home\",\"item\":\"https:\/\/poudresdenarco.com\/\"},{\"@type\":\"ListItem\",\"position\":2,\"name\":\"Boutique\",\"item\":\"https:\/\/poudresdenarco.com\/boutique\/\"},{\"@type\":\"ListItem\",\"position\":3,\"name\":\"2CE\"}]},{\"@type\":\"WebSite\",\"@id\":\"https:\/\/poudresdenarco.com\/#website\",\"url\":\"https:\/\/poudresdenarco.com\/\",\"name\":\"Poudresde Narco\",\"description\":\"Acheter de la coca\u00efne et de l&#039;h\u00e9ro\u00efne en ligne\",\"potentialAction\":[{\"@type\":\"SearchAction\",\"target\":{\"@type\":\"EntryPoint\",\"urlTemplate\":\"https:\/\/poudresdenarco.com\/?s={search_term_string}\"},\"query-input\":{\"@type\":\"PropertyValueSpecification\",\"valueRequired\":true,\"valueName\":\"search_term_string\"}}],\"inLanguage\":\"pt-PT\"}]}<\/script>\n<!-- \/ Yoast SEO plugin. -->","yoast_head_json":{"title":"Acheter 2C-E de Qualit\u00e9 pour la Recherche | Poudres de Narco","description":"Fournisseur de 2C-E pour la recherche scientifique. Puret\u00e9 garantie pour applications en laboratoire chez Poudres de Narco.","robots":{"index":"index","follow":"follow","max-snippet":"max-snippet:-1","max-image-preview":"max-image-preview:large","max-video-preview":"max-video-preview:-1"},"canonical":"https:\/\/poudresdenarco.com\/pt\/produto\/2ce\/","og_locale":"pt_PT","og_type":"article","og_title":"Acheter 2C-E de Qualit\u00e9 pour la Recherche | Poudres de Narco","og_description":"Fournisseur de 2C-E pour la recherche scientifique. Puret\u00e9 garantie pour applications en laboratoire chez Poudres de Narco.","og_url":"https:\/\/poudresdenarco.com\/pt\/produto\/2ce\/","og_site_name":"Poudresde Narco","article_modified_time":"2024-11-02T12:32:10+00:00","og_image":[{"width":600,"height":600,"url":"https:\/\/poudresdenarco.com\/wp-content\/uploads\/2024\/10\/2CE.gif","type":"image\/gif"}],"twitter_card":"summary_large_image","twitter_misc":{"Tempo estimado de leitura":"3 minutos"},"schema":{"@context":"https:\/\/schema.org","@graph":[{"@type":"WebPage","@id":"https:\/\/poudresdenarco.com\/produit\/2ce\/","url":"https:\/\/poudresdenarco.com\/produit\/2ce\/","name":"Acheter 2C-E de Qualit\u00e9 pour la Recherche | Poudres de Narco","isPartOf":{"@id":"https:\/\/poudresdenarco.com\/#website"},"primaryImageOfPage":{"@id":"https:\/\/poudresdenarco.com\/produit\/2ce\/#primaryimage"},"image":{"@id":"https:\/\/poudresdenarco.com\/produit\/2ce\/#primaryimage"},"thumbnailUrl":"https:\/\/poudresdenarco.com\/wp-content\/uploads\/2024\/10\/2CE.gif","datePublished":"2024-10-16T11:32:31+00:00","dateModified":"2024-11-02T12:32:10+00:00","description":"Fournisseur de 2C-E pour la recherche scientifique. Puret\u00e9 garantie pour applications en laboratoire chez Poudres de Narco.","breadcrumb":{"@id":"https:\/\/poudresdenarco.com\/produit\/2ce\/#breadcrumb"},"inLanguage":"pt-PT","potentialAction":[{"@type":"ReadAction","target":["https:\/\/poudresdenarco.com\/produit\/2ce\/"]}]},{"@type":"ImageObject","inLanguage":"pt-PT","@id":"https:\/\/poudresdenarco.com\/produit\/2ce\/#primaryimage","url":"https:\/\/poudresdenarco.com\/wp-content\/uploads\/2024\/10\/2CE.gif","contentUrl":"https:\/\/poudresdenarco.com\/wp-content\/uploads\/2024\/10\/2CE.gif","width":600,"height":600,"caption":"2CE"},{"@type":"BreadcrumbList","@id":"https:\/\/poudresdenarco.com\/produit\/2ce\/#breadcrumb","itemListElement":[{"@type":"ListItem","position":1,"name":"Home","item":"https:\/\/poudresdenarco.com\/"},{"@type":"ListItem","position":2,"name":"Boutique","item":"https:\/\/poudresdenarco.com\/boutique\/"},{"@type":"ListItem","position":3,"name":"2CE"}]},{"@type":"WebSite","@id":"https:\/\/poudresdenarco.com\/#website","url":"https:\/\/poudresdenarco.com\/","name":"Poudresde Narco","description":"Acheter de la coca\u00efne et de l&#039;h\u00e9ro\u00efne en ligne","potentialAction":[{"@type":"SearchAction","target":{"@type":"EntryPoint","urlTemplate":"https:\/\/poudresdenarco.com\/?s={search_term_string}"},"query-input":{"@type":"PropertyValueSpecification","valueRequired":true,"valueName":"search_term_string"}}],"inLanguage":"pt-PT"}]}},"_links":{"self":[{"href":"https:\/\/poudresdenarco.com\/pt\/wp-json\/wp\/v2\/product\/6041","targetHints":{"allow":["GET"]}}],"collection":[{"href":"https:\/\/poudresdenarco.com\/pt\/wp-json\/wp\/v2\/product"}],"about":[{"href":"https:\/\/poudresdenarco.com\/pt\/wp-json\/wp\/v2\/types\/product"}],"replies":[{"embeddable":true,"href":"https:\/\/poudresdenarco.com\/pt\/wp-json\/wp\/v2\/comments?post=6041"}],"wp:featuredmedia":[{"embeddable":true,"href":"https:\/\/poudresdenarco.com\/pt\/wp-json\/wp\/v2\/media\/6198"}],"wp:attachment":[{"href":"https:\/\/poudresdenarco.com\/pt\/wp-json\/wp\/v2\/media?parent=6041"}],"wp:term":[{"taxonomy":"product_cat","embeddable":true,"href":"https:\/\/poudresdenarco.com\/pt\/wp-json\/wp\/v2\/product_cat?post=6041"},{"taxonomy":"product_tag","embeddable":true,"href":"https:\/\/poudresdenarco.com\/pt\/wp-json\/wp\/v2\/product_tag?post=6041"}],"curies":[{"name":"wp","href":"https:\/\/api.w.org\/{rel}","templated":true}]}}