{"id":6088,"date":"2024-10-16T11:32:47","date_gmt":"2024-10-16T11:32:47","guid":{"rendered":"https:\/\/poudresdenarco.com\/?post_type=product&#038;p=6088"},"modified":"2025-06-10T07:21:27","modified_gmt":"2025-06-10T07:21:27","slug":"7-abf","status":"publish","type":"product","link":"https:\/\/poudresdenarco.com\/pt\/produto\/7-abf\/","title":{"rendered":"7-ABF"},"content":{"rendered":"<h2>Comprar 7-ABF online<\/h2>\n<p>Temos o prazer de apresentar o nosso principal produto qu\u00edmico de investiga\u00e7\u00e3o, o 7-ABF.<\/p>\n<p>Le <a href=\"https:\/\/poudresdenarco.com\/pt\/produto\/7-abf\/\">7-ABF<\/a> \u00e9 um composto \u00fanico que tem atra\u00eddo a aten\u00e7\u00e3o dos investigadores pelas suas potenciais aplica\u00e7\u00f5es em estudos cient\u00edficos. Pertence a uma classe especializada de produtos qu\u00edmicos de investiga\u00e7\u00e3o e oferece possibilidades intrigantes para uma variedade de objectivos de investiga\u00e7\u00e3o.<\/p>\n<p>O nosso 7-ABF \u00e9 meticulosamente sintetizado para garantir uma pureza e qualidade excepcionais. Este produto qu\u00edmico de investiga\u00e7\u00e3o fornece aos investigadores uma fonte fi\u00e1vel e consistente para as suas experi\u00eancias e investiga\u00e7\u00f5es.<\/p>\n<p>Os investigadores referiram que o 7-ABF pode ter propriedades interessantes, influenciando potencialmente determinados processos e vias biol\u00f3gicas. No entanto, \u00e9 essencial notar que este produto se destina estritamente a fins de investiga\u00e7\u00e3o e n\u00e3o deve ser utilizado para consumo humano.<\/p>\n<p>Na PoudresDenarco, a satisfa\u00e7\u00e3o e a seguran\u00e7a do cliente s\u00e3o as nossas principais prioridades. Oferecemos entregas discretas em todo o mundo para proteger a sua privacidade e conforto. Os nossos produtos s\u00e3o submetidos a testes rigorosos para garantir que cumprem os mais elevados padr\u00f5es de qualidade e autenticidade.<\/p>\n<p>N\u00e3o se esque\u00e7a de manusear todos os produtos qu\u00edmicos de investiga\u00e7\u00e3o de forma respons\u00e1vel e de acordo com os regulamentos e diretrizes locais. Instala\u00e7\u00f5es laboratoriais adequadas e conhecimentos especializados s\u00e3o essenciais quando se trabalha com o <a href=\"https:\/\/en.wikipedia.org\/wiki\/ABF_Freight_System\">7-ABF<\/a>.<\/p>\n<p>Liberte o potencial da sua investiga\u00e7\u00e3o com o 7-ABF da <a href=\"https:\/\/poudresdenarco.com\/pt\/\">P\u00f3Denarco<\/a>. Encomende agora e embarque na sua viagem cient\u00edfica com toda a confian\u00e7a!<\/p>\n<h3><strong>Comprar 7-ABF de alta pureza para investiga\u00e7\u00e3o - Narco Powders<\/strong><\/h3>\n<p><strong>P\u00f3s estupefacientes<\/strong> \u00e9 a sua fonte de confian\u00e7a para <strong>7-Qualidade da investiga\u00e7\u00e3o no \u00e2mbito do QCA<\/strong>concebido exclusivamente para <strong>aplica\u00e7\u00f5es em laborat\u00f3rios cient\u00edficos<\/strong>. O nosso 7-ABF \u00e9 produzido segundo normas rigorosas de pureza e qualidade, garantindo resultados fi\u00e1veis para investigadores em qu\u00edmica e farmacologia.<\/p>\n<h3>Porqu\u00ea comprar 7-ABF a Poudres de Narco?<\/h3>\n<p>Como <strong>fornecedor fi\u00e1vel de 7-ABF<\/strong>, <strong>P\u00f3s estupefacientes<\/strong> est\u00e1 empenhada em oferecer produtos de alta qualidade adaptados \u00e0s necessidades de <strong>laborat\u00f3rios certificados<\/strong> :<\/p>\n<ul>\n<li><strong>7-ABF de alta pureza para laborat\u00f3rios<\/strong> Cada lote \u00e9 rigorosamente testado para garantir uma pureza \u00f3ptima, indispens\u00e1vel para aplica\u00e7\u00f5es cient\u00edficas espec\u00edficas.<\/li>\n<li><strong>Qualidade consistente e fi\u00e1vel<\/strong> O nosso 7-ABF \u00e9 formulado para um desempenho est\u00e1vel, adaptado a <strong>estudos laboratoriais anal\u00edticos<\/strong>.<\/li>\n<li><strong>Encomendas online seguras<\/strong> : <strong>P\u00f3s estupefacientes<\/strong> facilita a<strong>comprar 7-ABF online<\/strong> com um processo de encomenda seguro que cumpre os requisitos da investiga\u00e7\u00e3o profissional.<\/li>\n<\/ul>\n<h3>Aplica\u00e7\u00f5es e instru\u00e7\u00f5es de seguran\u00e7a<\/h3>\n<p>Le <strong>7-ABF para a investiga\u00e7\u00e3o<\/strong> de <strong>P\u00f3s estupefacientes<\/strong> destina-se a <strong>aplica\u00e7\u00f5es anal\u00edticas e estudos cient\u00edficos<\/strong>. Fornecemos protocolos de seguran\u00e7a para garantir uma utiliza\u00e7\u00e3o correta:<\/p>\n<ul>\n<li><strong>Armazenamento seguro<\/strong> Conservar a 7-ABF num local fresco e seco, ao abrigo da luz.<\/li>\n<li><strong>Manuseamento com precau\u00e7\u00f5es<\/strong> Utilizar equipamento de prote\u00e7\u00e3o individual (EPI) e trabalhar num ambiente bem ventilado.<\/li>\n<li><strong>Utiliza\u00e7\u00e3o estritamente reservada \u00e0 investiga\u00e7\u00e3o<\/strong> Este produto destina-se exclusivamente a investigadores qualificados e a laborat\u00f3rios certificados.<\/li>\n<\/ul>\n<h3>Encomendar 7-ABF de elevada pureza para os seus estudos cient\u00edficos<\/h3>\n<p>Com <strong>P\u00f3s estupefacientes<\/strong>beneficia de <strong>fornecimento fi\u00e1vel de 7-ABF para aplica\u00e7\u00f5es laboratoriais<\/strong>. <strong>Contactar-nos<\/strong> para um or\u00e7amento ou para saber mais sobre a nossa gama de produtos para investiga\u00e7\u00e3o cient\u00edfica.<\/p>","protected":false},"excerpt":{"rendered":"<p>Acheter 7-ABF en ligne Nous sommes ravis de vous pr\u00e9senter notre produit chimique de recherche de pointe, le 7-ABF. Le 7-ABF est un compos\u00e9 unique qui a attir\u00e9 l&rsquo;attention des chercheurs pour ses applications potentielles dans les \u00e9tudes scientifiques. Il appartient \u00e0 une classe sp\u00e9cialis\u00e9e de produits chimiques de recherche et offre des possibilit\u00e9s intrigantes&hellip;<\/p>","protected":false},"featured_media":6210,"comment_status":"open","ping_status":"closed","template":"","meta":{"_joinchat":[]},"product_cat":[558],"product_tag":[],"class_list":{"0":"post-6088","1":"product","2":"type-product","3":"status-publish","4":"has-post-thumbnail","6":"product_cat-chimiques-de-recherche","8":"first","9":"instock","10":"shipping-taxable","11":"purchasable","12":"product-type-variable","13":"col-xs-6 col-sm-4","14":"col-md-3 col-lg-3","15":"un-4-cols"},"yoast_head":"<!-- This site is optimized with the Yoast SEO plugin v23.8 - https:\/\/yoast.com\/wordpress\/plugins\/seo\/ -->\n<title>&quot;Acheter 7-ABF pour de Recherche | Poudres de Narco&quot;<\/title>\n<meta name=\"description\" content=\"Fournisseur de 7-ABF pour applications scientifiques en laboratoire. Puret\u00e9 et s\u00e9curit\u00e9 garanties pour recherches chez Poudres de Narco.\" \/>\n<meta name=\"robots\" content=\"index, follow, max-snippet:-1, max-image-preview:large, max-video-preview:-1\" \/>\n<link rel=\"canonical\" href=\"https:\/\/poudresdenarco.com\/pt\/produto\/7-abf\/\" \/>\n<meta property=\"og:locale\" content=\"pt_PT\" \/>\n<meta property=\"og:type\" content=\"article\" \/>\n<meta property=\"og:title\" content=\"&quot;Acheter 7-ABF pour de Recherche | Poudres de Narco&quot;\" \/>\n<meta property=\"og:description\" content=\"Fournisseur de 7-ABF pour applications scientifiques en laboratoire. Puret\u00e9 et s\u00e9curit\u00e9 garanties pour recherches chez Poudres de Narco.\" \/>\n<meta property=\"og:url\" content=\"https:\/\/poudresdenarco.com\/pt\/produto\/7-abf\/\" \/>\n<meta property=\"og:site_name\" content=\"Poudresde Narco\" \/>\n<meta property=\"article:modified_time\" content=\"2025-06-10T07:21:27+00:00\" \/>\n<meta property=\"og:image\" content=\"https:\/\/poudresdenarco.com\/wp-content\/uploads\/2024\/10\/7-ABF.gif\" \/>\n\t<meta property=\"og:image:width\" content=\"600\" \/>\n\t<meta property=\"og:image:height\" content=\"600\" \/>\n\t<meta property=\"og:image:type\" content=\"image\/gif\" \/>\n<meta name=\"twitter:card\" content=\"summary_large_image\" \/>\n<meta name=\"twitter:label1\" content=\"Tempo estimado de leitura\" \/>\n\t<meta name=\"twitter:data1\" content=\"3 minutos\" \/>\n<script type=\"application\/ld+json\" class=\"yoast-schema-graph\">{\"@context\":\"https:\/\/schema.org\",\"@graph\":[{\"@type\":\"WebPage\",\"@id\":\"https:\/\/poudresdenarco.com\/produit\/7-abf\/\",\"url\":\"https:\/\/poudresdenarco.com\/produit\/7-abf\/\",\"name\":\"\\\"Acheter 7-ABF pour de Recherche | Poudres de Narco\\\"\",\"isPartOf\":{\"@id\":\"https:\/\/poudresdenarco.com\/#website\"},\"primaryImageOfPage\":{\"@id\":\"https:\/\/poudresdenarco.com\/produit\/7-abf\/#primaryimage\"},\"image\":{\"@id\":\"https:\/\/poudresdenarco.com\/produit\/7-abf\/#primaryimage\"},\"thumbnailUrl\":\"https:\/\/poudresdenarco.com\/wp-content\/uploads\/2024\/10\/7-ABF.gif\",\"datePublished\":\"2024-10-16T11:32:47+00:00\",\"dateModified\":\"2025-06-10T07:21:27+00:00\",\"description\":\"Fournisseur de 7-ABF pour applications scientifiques en laboratoire. Puret\u00e9 et s\u00e9curit\u00e9 garanties pour recherches chez Poudres de Narco.\",\"breadcrumb\":{\"@id\":\"https:\/\/poudresdenarco.com\/produit\/7-abf\/#breadcrumb\"},\"inLanguage\":\"pt-PT\",\"potentialAction\":[{\"@type\":\"ReadAction\",\"target\":[\"https:\/\/poudresdenarco.com\/produit\/7-abf\/\"]}]},{\"@type\":\"ImageObject\",\"inLanguage\":\"pt-PT\",\"@id\":\"https:\/\/poudresdenarco.com\/produit\/7-abf\/#primaryimage\",\"url\":\"https:\/\/poudresdenarco.com\/wp-content\/uploads\/2024\/10\/7-ABF.gif\",\"contentUrl\":\"https:\/\/poudresdenarco.com\/wp-content\/uploads\/2024\/10\/7-ABF.gif\",\"width\":600,\"height\":600,\"caption\":\"7-ABF\"},{\"@type\":\"BreadcrumbList\",\"@id\":\"https:\/\/poudresdenarco.com\/produit\/7-abf\/#breadcrumb\",\"itemListElement\":[{\"@type\":\"ListItem\",\"position\":1,\"name\":\"Home\",\"item\":\"https:\/\/poudresdenarco.com\/\"},{\"@type\":\"ListItem\",\"position\":2,\"name\":\"Boutique\",\"item\":\"https:\/\/poudresdenarco.com\/boutique\/\"},{\"@type\":\"ListItem\",\"position\":3,\"name\":\"7-ABF\"}]},{\"@type\":\"WebSite\",\"@id\":\"https:\/\/poudresdenarco.com\/#website\",\"url\":\"https:\/\/poudresdenarco.com\/\",\"name\":\"Poudresde Narco\",\"description\":\"Acheter de la coca\u00efne et de l&#039;h\u00e9ro\u00efne en ligne\",\"potentialAction\":[{\"@type\":\"SearchAction\",\"target\":{\"@type\":\"EntryPoint\",\"urlTemplate\":\"https:\/\/poudresdenarco.com\/?s={search_term_string}\"},\"query-input\":{\"@type\":\"PropertyValueSpecification\",\"valueRequired\":true,\"valueName\":\"search_term_string\"}}],\"inLanguage\":\"pt-PT\"}]}<\/script>\n<!-- \/ Yoast SEO plugin. -->","yoast_head_json":{"title":"\"Acheter 7-ABF pour de Recherche | Poudres de Narco\"","description":"Fournisseur de 7-ABF pour applications scientifiques en laboratoire. Puret\u00e9 et s\u00e9curit\u00e9 garanties pour recherches chez Poudres de Narco.","robots":{"index":"index","follow":"follow","max-snippet":"max-snippet:-1","max-image-preview":"max-image-preview:large","max-video-preview":"max-video-preview:-1"},"canonical":"https:\/\/poudresdenarco.com\/pt\/produto\/7-abf\/","og_locale":"pt_PT","og_type":"article","og_title":"\"Acheter 7-ABF pour de Recherche | Poudres de Narco\"","og_description":"Fournisseur de 7-ABF pour applications scientifiques en laboratoire. Puret\u00e9 et s\u00e9curit\u00e9 garanties pour recherches chez Poudres de Narco.","og_url":"https:\/\/poudresdenarco.com\/pt\/produto\/7-abf\/","og_site_name":"Poudresde Narco","article_modified_time":"2025-06-10T07:21:27+00:00","og_image":[{"width":600,"height":600,"url":"https:\/\/poudresdenarco.com\/wp-content\/uploads\/2024\/10\/7-ABF.gif","type":"image\/gif"}],"twitter_card":"summary_large_image","twitter_misc":{"Tempo estimado de leitura":"3 minutos"},"schema":{"@context":"https:\/\/schema.org","@graph":[{"@type":"WebPage","@id":"https:\/\/poudresdenarco.com\/produit\/7-abf\/","url":"https:\/\/poudresdenarco.com\/produit\/7-abf\/","name":"\"Acheter 7-ABF pour de Recherche | Poudres de Narco\"","isPartOf":{"@id":"https:\/\/poudresdenarco.com\/#website"},"primaryImageOfPage":{"@id":"https:\/\/poudresdenarco.com\/produit\/7-abf\/#primaryimage"},"image":{"@id":"https:\/\/poudresdenarco.com\/produit\/7-abf\/#primaryimage"},"thumbnailUrl":"https:\/\/poudresdenarco.com\/wp-content\/uploads\/2024\/10\/7-ABF.gif","datePublished":"2024-10-16T11:32:47+00:00","dateModified":"2025-06-10T07:21:27+00:00","description":"Fournisseur de 7-ABF pour applications scientifiques en laboratoire. Puret\u00e9 et s\u00e9curit\u00e9 garanties pour recherches chez Poudres de Narco.","breadcrumb":{"@id":"https:\/\/poudresdenarco.com\/produit\/7-abf\/#breadcrumb"},"inLanguage":"pt-PT","potentialAction":[{"@type":"ReadAction","target":["https:\/\/poudresdenarco.com\/produit\/7-abf\/"]}]},{"@type":"ImageObject","inLanguage":"pt-PT","@id":"https:\/\/poudresdenarco.com\/produit\/7-abf\/#primaryimage","url":"https:\/\/poudresdenarco.com\/wp-content\/uploads\/2024\/10\/7-ABF.gif","contentUrl":"https:\/\/poudresdenarco.com\/wp-content\/uploads\/2024\/10\/7-ABF.gif","width":600,"height":600,"caption":"7-ABF"},{"@type":"BreadcrumbList","@id":"https:\/\/poudresdenarco.com\/produit\/7-abf\/#breadcrumb","itemListElement":[{"@type":"ListItem","position":1,"name":"Home","item":"https:\/\/poudresdenarco.com\/"},{"@type":"ListItem","position":2,"name":"Boutique","item":"https:\/\/poudresdenarco.com\/boutique\/"},{"@type":"ListItem","position":3,"name":"7-ABF"}]},{"@type":"WebSite","@id":"https:\/\/poudresdenarco.com\/#website","url":"https:\/\/poudresdenarco.com\/","name":"Poudresde Narco","description":"Acheter de la coca\u00efne et de l&#039;h\u00e9ro\u00efne en ligne","potentialAction":[{"@type":"SearchAction","target":{"@type":"EntryPoint","urlTemplate":"https:\/\/poudresdenarco.com\/?s={search_term_string}"},"query-input":{"@type":"PropertyValueSpecification","valueRequired":true,"valueName":"search_term_string"}}],"inLanguage":"pt-PT"}]}},"_links":{"self":[{"href":"https:\/\/poudresdenarco.com\/pt\/wp-json\/wp\/v2\/product\/6088","targetHints":{"allow":["GET"]}}],"collection":[{"href":"https:\/\/poudresdenarco.com\/pt\/wp-json\/wp\/v2\/product"}],"about":[{"href":"https:\/\/poudresdenarco.com\/pt\/wp-json\/wp\/v2\/types\/product"}],"replies":[{"embeddable":true,"href":"https:\/\/poudresdenarco.com\/pt\/wp-json\/wp\/v2\/comments?post=6088"}],"wp:featuredmedia":[{"embeddable":true,"href":"https:\/\/poudresdenarco.com\/pt\/wp-json\/wp\/v2\/media\/6210"}],"wp:attachment":[{"href":"https:\/\/poudresdenarco.com\/pt\/wp-json\/wp\/v2\/media?parent=6088"}],"wp:term":[{"taxonomy":"product_cat","embeddable":true,"href":"https:\/\/poudresdenarco.com\/pt\/wp-json\/wp\/v2\/product_cat?post=6088"},{"taxonomy":"product_tag","embeddable":true,"href":"https:\/\/poudresdenarco.com\/pt\/wp-json\/wp\/v2\/product_tag?post=6088"}],"curies":[{"name":"wp","href":"https:\/\/api.w.org\/{rel}","templated":true}]}}