{"id":61,"date":"2023-12-25T08:20:08","date_gmt":"2023-12-25T08:20:08","guid":{"rendered":"https:\/\/unkrautmarkt.com\/narco1\/?post_type=product&#038;p=61"},"modified":"2025-06-09T23:41:17","modified_gmt":"2025-06-09T23:41:17","slug":"cocaine-colombienne","status":"publish","type":"product","link":"https:\/\/poudresdenarco.com\/pt\/produto\/colombiana-cocaina\/","title":{"rendered":"Coca\u00edna colombiana"},"content":{"rendered":"<h2><span style=\"vertical-align: inherit;\"><span style=\"vertical-align: inherit;\">Comprar Coca\u00edna Colombiana Online<\/span><\/span><\/h2>\n<h3><span style=\"vertical-align: inherit;\"><span style=\"vertical-align: inherit;\">Comprar coca\u00edna da Col\u00f4mbia em linha<\/span><\/span><\/h3>\n<p><a href=\"https:\/\/poudresdenarco.com\/pt\/produto\/colombiana-cocaina\/\"><span style=\"vertical-align: inherit;\"><span style=\"vertical-align: inherit;\">Comprar Coca\u00edna Online<\/span><\/span><\/a><span style=\"vertical-align: inherit;\"><span style=\"vertical-align: inherit;\"> na Col\u00f4mbia O bar\u00e3o da droga colombiano deu ao narc\u00f3tico o nome de \"Coca\u00edna Colombiana\" em honra da sua terra natal. Al\u00e9m disso, esta coca\u00edna est\u00e1 entre as melhores da hist\u00f3ria moderna devido \u00e0 sua pureza. O ingrediente deste produto \u00e9 derivado das folhas de coca. Encomende online coca\u00edna pura da Col\u00f4mbia.<\/span><\/span><\/p>\n<p><span style=\"vertical-align: inherit;\"><span style=\"vertical-align: inherit;\">Al\u00e9m disso, a coca\u00edna colombiana \u00e9 uma droga altamente viciante que lhe d\u00e1 mais energia e aten\u00e7\u00e3o. Por ser derivada da planta da coca, que \u00e9 nativa da Am\u00e9rica do Sul, pode ser chamada de estimulante. Tamb\u00e9m \u00e9 conhecida como Coca-Cola, Snow, Rock, Blow e Crack.<\/span><\/span><\/p>\n<p><a href=\"https:\/\/en.wikipedia.org\/wiki\/Coca_production_in_Colombia\"><span style=\"vertical-align: inherit;\"><span style=\"vertical-align: inherit;\">Coca\u00edna colombiana barata<\/span><\/span><\/a><span style=\"vertical-align: inherit;\"><span style=\"vertical-align: inherit;\"> Para venda - Obter coca\u00edna colombiana legal e acess\u00edvel online<\/span><\/span><\/p>\n<p><span style=\"vertical-align: inherit;\"><span style=\"vertical-align: inherit;\">Para al\u00e9m disso, a droga fornece elevadas concentra\u00e7\u00f5es de dopamina, o mensageiro qu\u00edmico natural do corpo, a \u00e1reas do c\u00e9rebro respons\u00e1veis pelo prazer. A energia e o estado de alerta extremos que resultam desta acumula\u00e7\u00e3o s\u00e3o designados por \"euforia\".<\/span><\/span><\/p>\n<p><span style=\"vertical-align: inherit;\"><span style=\"vertical-align: inherit;\">Compre coca\u00edna online. e receba um envio discreto para qualquer pa\u00eds do mundo. comprar coca\u00edna. Comprar coca\u00edna legalmente. Est\u00e1 dispon\u00edvel p\u00f3 branco puro cortado e n\u00e3o cortado. O envio e a embalagem s\u00e3o extremamente secretos. e evita o pagamento de impostos. Coca\u00edna da Col\u00f4mbia para venda<\/span><\/span><\/p>\n<p><span style=\"vertical-align: inherit;\"><span style=\"vertical-align: inherit;\">Para al\u00e9m disso, subst\u00e2ncias como a coca\u00edna, mesmo em p\u00f3, podem agora ser compradas online. Atualmente, vendemos regularmente snow, flakes, puff, cracked e coca\u00edna pura. No entanto, alguns de n\u00f3s podem ainda ter dificuldade em obter coca\u00edna para venda. Para al\u00e9m disso, n\u00e3o pode utilizar os nossos servi\u00e7os para.<\/span><\/span><\/p>\n<h3><span style=\"vertical-align: inherit;\"><span style=\"vertical-align: inherit;\">Por que raz\u00e3o deve comprar-nos coca\u00edna da Col\u00f4mbia?<\/span><\/span><\/h3>\n<p><span style=\"vertical-align: inherit;\"><span style=\"vertical-align: inherit;\">Oferecemos aos nossos clientes as melhores ofertas e envios discretos para todo o mundo, uma vez que somos os melhores negociantes. Comprar coca\u00edna em Col\u00f4mbia<\/span><\/span><\/p>\n<p><span style=\"vertical-align: inherit;\"><span style=\"vertical-align: inherit;\">Al\u00e9m disso, comprar coca\u00edna da Col\u00f4mbia, comprar coca\u00edna para venda, onde comprar coca\u00edna da Col\u00f4mbia, como comprar coca\u00edna, comprar coca\u00edna verdadeira, melhor lugar para comprar coca\u00edna, como comprar coca\u00edna da Col\u00f4mbia, comprar coca\u00edna na Alemanha, comprar coca\u00edna no Reino Unido, comprar coca\u00edna na Austr\u00e1lia, Reino Unido, Austr\u00e1lia, Europa, Canad\u00e1.<\/span><\/span><\/p>","protected":false},"excerpt":{"rendered":"<p>Buy Colombian Cocaine Online Buy cocaine from Colombia online Buy Cocaine Online in Colombia The Colombian drug lord gave the narcotic the name \u201cColombian Cocaine\u201d in honor of his homeland. Moreover, this cocaine is among the best in modern history due to its purity. The ingredient of this product is derived from coca leaves. Order&hellip;<\/p>","protected":false},"featured_media":271,"comment_status":"open","ping_status":"closed","template":"","meta":{"_joinchat":[]},"product_cat":[66],"product_tag":[378,377,375,380,379,382,385,384,383,376,388,387,381,386],"class_list":{"0":"post-61","1":"product","2":"type-product","3":"status-publish","4":"has-post-thumbnail","6":"product_cat-de-la-cocaine","7":"product_tag-acheter-de-la-cocaine-colombienne-en-ligne-pres-de-chez-moi","8":"product_tag-acheter-de-la-cocaine-colombienne-legalement","9":"product_tag-avantages-de-la-cocaine-colombienne","10":"product_tag-cocaine-colombienne-a-vendre","11":"product_tag-cocaine-colombienne-bon-marche","12":"product_tag-cocaine-colombienne-en-gros","13":"product_tag-cocaine-colombienne-legitime-en-ligne","14":"product_tag-comment-commander-de-la-cocaine-colombienne","15":"product_tag-comment-puis-je-obtenir-la-meilleure-cocaine-colombienne","16":"product_tag-meilleur-endroit-pour-commander-de-la-cocaine-colombienne","17":"product_tag-ou-acheter-de-la-cocaine-colombienne","18":"product_tag-ou-puis-je-acheter-de-la-cocaine-colombienne","19":"product_tag-prix-de-la-cocaine-colombienne","20":"product_tag-quest-ce-que-la-cocaine-colombienne","22":"first","23":"instock","24":"shipping-taxable","25":"purchasable","26":"product-type-variable","27":"col-xs-6 col-sm-4","28":"col-md-3 col-lg-3","29":"un-4-cols"},"yoast_head":"<!-- This site is optimized with the Yoast SEO plugin v23.8 - https:\/\/yoast.com\/wordpress\/plugins\/seo\/ -->\n<title>Acheter de la coca\u00efne colombienne en ligne - Coca\u00efne colombienne \u00e0 vendre<\/title>\n<meta name=\"description\" content=\"Notre magasin propose \u00e0 la vente de la coca\u00efne colombienne de qualit\u00e9 sup\u00e9rieure. Vous ne pourrez jamais vous passer de la qualit\u00e9 de nos produits. Si vous en avez besoin, vous pouvez acheter de la coca\u00efne colombienne en ligne imm\u00e9diatement. Commandez maintenant !\" \/>\n<meta name=\"robots\" content=\"index, follow, max-snippet:-1, max-image-preview:large, max-video-preview:-1\" \/>\n<link rel=\"canonical\" href=\"https:\/\/poudresdenarco.com\/pt\/produto\/colombiana-cocaina\/\" \/>\n<meta property=\"og:locale\" content=\"pt_PT\" \/>\n<meta property=\"og:type\" content=\"article\" \/>\n<meta property=\"og:title\" content=\"Acheter de la coca\u00efne colombienne en ligne - Coca\u00efne colombienne \u00e0 vendre\" \/>\n<meta property=\"og:description\" content=\"Notre magasin propose \u00e0 la vente de la coca\u00efne colombienne de qualit\u00e9 sup\u00e9rieure. Vous ne pourrez jamais vous passer de la qualit\u00e9 de nos produits. Si vous en avez besoin, vous pouvez acheter de la coca\u00efne colombienne en ligne imm\u00e9diatement. Commandez maintenant !\" \/>\n<meta property=\"og:url\" content=\"https:\/\/poudresdenarco.com\/pt\/produto\/colombiana-cocaina\/\" \/>\n<meta property=\"og:site_name\" content=\"Poudresde Narco\" \/>\n<meta property=\"article:modified_time\" content=\"2025-06-09T23:41:17+00:00\" \/>\n<meta property=\"og:image\" content=\"https:\/\/poudresdenarco.com\/wp-content\/uploads\/2023\/12\/Colombian-Cocaine.jpg\" \/>\n\t<meta property=\"og:image:width\" content=\"600\" \/>\n\t<meta property=\"og:image:height\" content=\"600\" \/>\n\t<meta property=\"og:image:type\" content=\"image\/jpeg\" \/>\n<meta name=\"twitter:card\" content=\"summary_large_image\" \/>\n<meta name=\"twitter:label1\" content=\"Tempo estimado de leitura\" \/>\n\t<meta name=\"twitter:data1\" content=\"2 minutos\" \/>\n<script type=\"application\/ld+json\" class=\"yoast-schema-graph\">{\"@context\":\"https:\/\/schema.org\",\"@graph\":[{\"@type\":\"WebPage\",\"@id\":\"https:\/\/poudresdenarco.com\/produit\/cocaine-colombienne\/\",\"url\":\"https:\/\/poudresdenarco.com\/produit\/cocaine-colombienne\/\",\"name\":\"Acheter de la coca\u00efne colombienne en ligne - Coca\u00efne colombienne \u00e0 vendre\",\"isPartOf\":{\"@id\":\"https:\/\/poudresdenarco.com\/#website\"},\"primaryImageOfPage\":{\"@id\":\"https:\/\/poudresdenarco.com\/produit\/cocaine-colombienne\/#primaryimage\"},\"image\":{\"@id\":\"https:\/\/poudresdenarco.com\/produit\/cocaine-colombienne\/#primaryimage\"},\"thumbnailUrl\":\"https:\/\/poudresdenarco.com\/wp-content\/uploads\/2023\/12\/Colombian-Cocaine.jpg\",\"datePublished\":\"2023-12-25T08:20:08+00:00\",\"dateModified\":\"2025-06-09T23:41:17+00:00\",\"description\":\"Notre magasin propose \u00e0 la vente de la coca\u00efne colombienne de qualit\u00e9 sup\u00e9rieure. Vous ne pourrez jamais vous passer de la qualit\u00e9 de nos produits. Si vous en avez besoin, vous pouvez acheter de la coca\u00efne colombienne en ligne imm\u00e9diatement. Commandez maintenant !\",\"breadcrumb\":{\"@id\":\"https:\/\/poudresdenarco.com\/produit\/cocaine-colombienne\/#breadcrumb\"},\"inLanguage\":\"pt-PT\",\"potentialAction\":[{\"@type\":\"ReadAction\",\"target\":[\"https:\/\/poudresdenarco.com\/produit\/cocaine-colombienne\/\"]}]},{\"@type\":\"ImageObject\",\"inLanguage\":\"pt-PT\",\"@id\":\"https:\/\/poudresdenarco.com\/produit\/cocaine-colombienne\/#primaryimage\",\"url\":\"https:\/\/poudresdenarco.com\/wp-content\/uploads\/2023\/12\/Colombian-Cocaine.jpg\",\"contentUrl\":\"https:\/\/poudresdenarco.com\/wp-content\/uploads\/2023\/12\/Colombian-Cocaine.jpg\",\"width\":600,\"height\":600,\"caption\":\"Acheter Colombian-Cocaine en ligne\"},{\"@type\":\"BreadcrumbList\",\"@id\":\"https:\/\/poudresdenarco.com\/produit\/cocaine-colombienne\/#breadcrumb\",\"itemListElement\":[{\"@type\":\"ListItem\",\"position\":1,\"name\":\"Home\",\"item\":\"https:\/\/poudresdenarco.com\/\"},{\"@type\":\"ListItem\",\"position\":2,\"name\":\"Boutique\",\"item\":\"https:\/\/poudresdenarco.com\/boutique\/\"},{\"@type\":\"ListItem\",\"position\":3,\"name\":\"Coca\u00efne colombienne\"}]},{\"@type\":\"WebSite\",\"@id\":\"https:\/\/poudresdenarco.com\/#website\",\"url\":\"https:\/\/poudresdenarco.com\/\",\"name\":\"Poudresde Narco\",\"description\":\"Acheter de la coca\u00efne et de l&#039;h\u00e9ro\u00efne en ligne\",\"potentialAction\":[{\"@type\":\"SearchAction\",\"target\":{\"@type\":\"EntryPoint\",\"urlTemplate\":\"https:\/\/poudresdenarco.com\/?s={search_term_string}\"},\"query-input\":{\"@type\":\"PropertyValueSpecification\",\"valueRequired\":true,\"valueName\":\"search_term_string\"}}],\"inLanguage\":\"pt-PT\"}]}<\/script>\n<!-- \/ Yoast SEO plugin. -->","yoast_head_json":{"title":"Acheter de la coca\u00efne colombienne en ligne - Coca\u00efne colombienne \u00e0 vendre","description":"Notre magasin propose \u00e0 la vente de la coca\u00efne colombienne de qualit\u00e9 sup\u00e9rieure. Vous ne pourrez jamais vous passer de la qualit\u00e9 de nos produits. Si vous en avez besoin, vous pouvez acheter de la coca\u00efne colombienne en ligne imm\u00e9diatement. Commandez maintenant !","robots":{"index":"index","follow":"follow","max-snippet":"max-snippet:-1","max-image-preview":"max-image-preview:large","max-video-preview":"max-video-preview:-1"},"canonical":"https:\/\/poudresdenarco.com\/pt\/produto\/colombiana-cocaina\/","og_locale":"pt_PT","og_type":"article","og_title":"Acheter de la coca\u00efne colombienne en ligne - Coca\u00efne colombienne \u00e0 vendre","og_description":"Notre magasin propose \u00e0 la vente de la coca\u00efne colombienne de qualit\u00e9 sup\u00e9rieure. Vous ne pourrez jamais vous passer de la qualit\u00e9 de nos produits. Si vous en avez besoin, vous pouvez acheter de la coca\u00efne colombienne en ligne imm\u00e9diatement. Commandez maintenant !","og_url":"https:\/\/poudresdenarco.com\/pt\/produto\/colombiana-cocaina\/","og_site_name":"Poudresde Narco","article_modified_time":"2025-06-09T23:41:17+00:00","og_image":[{"width":600,"height":600,"url":"https:\/\/poudresdenarco.com\/wp-content\/uploads\/2023\/12\/Colombian-Cocaine.jpg","type":"image\/jpeg"}],"twitter_card":"summary_large_image","twitter_misc":{"Tempo estimado de leitura":"2 minutos"},"schema":{"@context":"https:\/\/schema.org","@graph":[{"@type":"WebPage","@id":"https:\/\/poudresdenarco.com\/produit\/cocaine-colombienne\/","url":"https:\/\/poudresdenarco.com\/produit\/cocaine-colombienne\/","name":"Acheter de la coca\u00efne colombienne en ligne - Coca\u00efne colombienne \u00e0 vendre","isPartOf":{"@id":"https:\/\/poudresdenarco.com\/#website"},"primaryImageOfPage":{"@id":"https:\/\/poudresdenarco.com\/produit\/cocaine-colombienne\/#primaryimage"},"image":{"@id":"https:\/\/poudresdenarco.com\/produit\/cocaine-colombienne\/#primaryimage"},"thumbnailUrl":"https:\/\/poudresdenarco.com\/wp-content\/uploads\/2023\/12\/Colombian-Cocaine.jpg","datePublished":"2023-12-25T08:20:08+00:00","dateModified":"2025-06-09T23:41:17+00:00","description":"Notre magasin propose \u00e0 la vente de la coca\u00efne colombienne de qualit\u00e9 sup\u00e9rieure. Vous ne pourrez jamais vous passer de la qualit\u00e9 de nos produits. Si vous en avez besoin, vous pouvez acheter de la coca\u00efne colombienne en ligne imm\u00e9diatement. Commandez maintenant !","breadcrumb":{"@id":"https:\/\/poudresdenarco.com\/produit\/cocaine-colombienne\/#breadcrumb"},"inLanguage":"pt-PT","potentialAction":[{"@type":"ReadAction","target":["https:\/\/poudresdenarco.com\/produit\/cocaine-colombienne\/"]}]},{"@type":"ImageObject","inLanguage":"pt-PT","@id":"https:\/\/poudresdenarco.com\/produit\/cocaine-colombienne\/#primaryimage","url":"https:\/\/poudresdenarco.com\/wp-content\/uploads\/2023\/12\/Colombian-Cocaine.jpg","contentUrl":"https:\/\/poudresdenarco.com\/wp-content\/uploads\/2023\/12\/Colombian-Cocaine.jpg","width":600,"height":600,"caption":"Acheter Colombian-Cocaine en ligne"},{"@type":"BreadcrumbList","@id":"https:\/\/poudresdenarco.com\/produit\/cocaine-colombienne\/#breadcrumb","itemListElement":[{"@type":"ListItem","position":1,"name":"Home","item":"https:\/\/poudresdenarco.com\/"},{"@type":"ListItem","position":2,"name":"Boutique","item":"https:\/\/poudresdenarco.com\/boutique\/"},{"@type":"ListItem","position":3,"name":"Coca\u00efne colombienne"}]},{"@type":"WebSite","@id":"https:\/\/poudresdenarco.com\/#website","url":"https:\/\/poudresdenarco.com\/","name":"Poudresde Narco","description":"Acheter de la coca\u00efne et de l&#039;h\u00e9ro\u00efne en ligne","potentialAction":[{"@type":"SearchAction","target":{"@type":"EntryPoint","urlTemplate":"https:\/\/poudresdenarco.com\/?s={search_term_string}"},"query-input":{"@type":"PropertyValueSpecification","valueRequired":true,"valueName":"search_term_string"}}],"inLanguage":"pt-PT"}]}},"_links":{"self":[{"href":"https:\/\/poudresdenarco.com\/pt\/wp-json\/wp\/v2\/product\/61","targetHints":{"allow":["GET"]}}],"collection":[{"href":"https:\/\/poudresdenarco.com\/pt\/wp-json\/wp\/v2\/product"}],"about":[{"href":"https:\/\/poudresdenarco.com\/pt\/wp-json\/wp\/v2\/types\/product"}],"replies":[{"embeddable":true,"href":"https:\/\/poudresdenarco.com\/pt\/wp-json\/wp\/v2\/comments?post=61"}],"wp:featuredmedia":[{"embeddable":true,"href":"https:\/\/poudresdenarco.com\/pt\/wp-json\/wp\/v2\/media\/271"}],"wp:attachment":[{"href":"https:\/\/poudresdenarco.com\/pt\/wp-json\/wp\/v2\/media?parent=61"}],"wp:term":[{"taxonomy":"product_cat","embeddable":true,"href":"https:\/\/poudresdenarco.com\/pt\/wp-json\/wp\/v2\/product_cat?post=61"},{"taxonomy":"product_tag","embeddable":true,"href":"https:\/\/poudresdenarco.com\/pt\/wp-json\/wp\/v2\/product_tag?post=61"}],"curies":[{"name":"wp","href":"https:\/\/api.w.org\/{rel}","templated":true}]}}