{"id":6129,"date":"2024-10-16T11:32:57","date_gmt":"2024-10-16T11:32:57","guid":{"rendered":"https:\/\/poudresdenarco.com\/?post_type=product&#038;p=6129"},"modified":"2026-05-01T02:30:23","modified_gmt":"2026-05-01T02:30:23","slug":"5-meo-dalt","status":"publish","type":"product","link":"https:\/\/poudresdenarco.com\/pt\/produto\/5-meo-dalt\/","title":{"rendered":"5-MEO-DALT"},"content":{"rendered":"<h2><strong>Comprar 5-MeO-DALT para investiga\u00e7\u00e3o <a href=\"https:\/\/poudresdenarco.com\/pt\/produto\/3cl\/\">&#8211;<\/a> P\u00f3s estupefacientes<\/strong><\/h2>\n<p>Poudres de Narco \u00e9 o seu fornecedor de confian\u00e7a para <strong>5-MeO-DALT de elevada pureza<\/strong>. Destinado exclusivamente a <strong>aplica\u00e7\u00f5es cient\u00edficas e laboratoriais<\/strong>O nosso 5-MeO-DALT cumpre as normas rigorosas exigidas para estudos e an\u00e1lises qu\u00edmicas aprofundadas. Ao escolher o nosso produto, tem acesso a um <strong>fornecedor de 5-MeO-DALT para investiga\u00e7\u00e3o<\/strong> em conformidade com as normas de qualidade e seguran\u00e7a, Buy 5-MeO-DALT\u00a0<a href=\"https:\/\/k2spices.com\/nl\/\">.<\/a><\/p>\n<h3>Porqu\u00ea escolher o 5-MeO-DALT de Poudres de Narco?<\/h3>\n<p>Como <strong>Dispensador de 5-MeO-DALT para aplica\u00e7\u00f5es cient\u00edficas<\/strong>A Poudres de Narco garante que cada lote satisfaz os elevados padr\u00f5es de qualidade e pureza exigidos para os estudos laboratoriais:<\/p>\n<ul>\n<li><strong>Alta pureza<\/strong> O nosso 5-MeO-DALT \u00e9 testado para garantir uma pureza \u00f3ptima, essencial para resultados de investiga\u00e7\u00e3o fi\u00e1veis.<\/li>\n<li><strong>Conformidade e seguran\u00e7a<\/strong> : Especialmente concebido para <strong>laborat\u00f3rios aprovados<\/strong>o nosso produto destina-se estritamente a <strong>utiliza\u00e7\u00e3o da pesquisa<\/strong>.<\/li>\n<li><strong>Encomendas online seguras<\/strong> : Tornamos mais f\u00e1cil<strong>aquisi\u00e7\u00e3o de 5-MeO-DALT para aplica\u00e7\u00f5es de investiga\u00e7\u00e3o<\/strong>com um processo de encomenda confidencial e seguro.<\/li>\n<\/ul>\n<h3>Aplica\u00e7\u00f5es de investiga\u00e7\u00e3o do 5-MeO-DALT<\/h3>\n<p>Le <strong>5-MeO-DALT<\/strong> de Poudres de Narco \u00e9 utilizado em v\u00e1rios <strong>estudos qu\u00edmicos e an\u00e1lises laboratoriais<\/strong>. Os investigadores podem confiar no nosso produto para aplica\u00e7\u00f5es como :<\/p>\n<ul>\n<li><strong>An\u00e1lise qu\u00edmica<\/strong> Para experi\u00eancias laboratoriais controladas.<\/li>\n<li><strong>Estudos de compostos<\/strong> Para investigadores em qu\u00edmica e farmacologia.<\/li>\n<li><strong>Testes e controlos de qualidade<\/strong> Para profissionais que necessitam de precis\u00e3o no seu trabalho cient\u00edfico.<\/li>\n<\/ul>\n<p><strong>Pronto para encomendar o seu 5-MeO-DALT de qualidade?<\/strong> Confie na Poudres de Narco para um abastecimento fi\u00e1vel e conforme. <strong>Contactar-nos<\/strong> para mais informa\u00e7\u00f5es ou para efetuar uma encomenda segura.<\/p>","protected":false},"excerpt":{"rendered":"<p>Acheter du 5-MeO-DALT pour la Recherche &#8211; Poudres de Narco Poudres de Narco est votre fournisseur de confiance pour le 5-MeO-DALT de haute puret\u00e9. Destin\u00e9 exclusivement \u00e0 des applications scientifiques et de laboratoire, notre 5-MeO-DALT r\u00e9pond aux normes rigoureuses requises pour des \u00e9tudes et analyses chimiques approfondies. En choisissant notre produit, vous acc\u00e9dez \u00e0 un&hellip;<\/p>","protected":false},"featured_media":6211,"comment_status":"open","ping_status":"closed","template":"","meta":{"_joinchat":[]},"product_cat":[558],"product_tag":[],"class_list":{"0":"post-6129","1":"product","2":"type-product","3":"status-publish","4":"has-post-thumbnail","6":"product_cat-chimiques-de-recherche","8":"first","9":"instock","10":"shipping-taxable","11":"purchasable","12":"product-type-variable","13":"col-xs-6 col-sm-4","14":"col-md-3 col-lg-3","15":"un-4-cols"},"yoast_head":"<!-- This site is optimized with the Yoast SEO plugin v23.8 - https:\/\/yoast.com\/wordpress\/plugins\/seo\/ -->\n<title>Acheter 5-MeO-DALT de Qualit\u00e9 | Poudres de Narco<\/title>\n<meta name=\"description\" content=\"de 5-MeO-DALT pour la recherche scientifique. Achetez du 5-MeO-DALT de haute puret\u00e9 chez Poudres de Narco pour des applications de laboratoire.\" \/>\n<meta name=\"robots\" content=\"index, follow, max-snippet:-1, max-image-preview:large, max-video-preview:-1\" \/>\n<link rel=\"canonical\" href=\"https:\/\/poudresdenarco.com\/pt\/produto\/5-meo-dalt\/\" \/>\n<meta property=\"og:locale\" content=\"pt_PT\" \/>\n<meta property=\"og:type\" content=\"article\" \/>\n<meta property=\"og:title\" content=\"Acheter 5-MeO-DALT de Qualit\u00e9 | Poudres de Narco\" \/>\n<meta property=\"og:description\" content=\"de 5-MeO-DALT pour la recherche scientifique. Achetez du 5-MeO-DALT de haute puret\u00e9 chez Poudres de Narco pour des applications de laboratoire.\" \/>\n<meta property=\"og:url\" content=\"https:\/\/poudresdenarco.com\/pt\/produto\/5-meo-dalt\/\" \/>\n<meta property=\"og:site_name\" content=\"Poudresde Narco\" \/>\n<meta property=\"article:modified_time\" content=\"2026-05-01T02:30:23+00:00\" \/>\n<meta property=\"og:image\" content=\"https:\/\/poudresdenarco.com\/wp-content\/uploads\/2024\/10\/5-MEO-DALT-1.gif\" \/>\n\t<meta property=\"og:image:width\" content=\"600\" \/>\n\t<meta property=\"og:image:height\" content=\"600\" \/>\n\t<meta property=\"og:image:type\" content=\"image\/gif\" \/>\n<meta name=\"twitter:card\" content=\"summary_large_image\" \/>\n<meta name=\"twitter:label1\" content=\"Tempo estimado de leitura\" \/>\n\t<meta name=\"twitter:data1\" content=\"2 minutos\" \/>\n<script type=\"application\/ld+json\" class=\"yoast-schema-graph\">{\"@context\":\"https:\/\/schema.org\",\"@graph\":[{\"@type\":\"WebPage\",\"@id\":\"https:\/\/poudresdenarco.com\/produit\/5-meo-dalt\/\",\"url\":\"https:\/\/poudresdenarco.com\/produit\/5-meo-dalt\/\",\"name\":\"Acheter 5-MeO-DALT de Qualit\u00e9 | Poudres de Narco\",\"isPartOf\":{\"@id\":\"https:\/\/poudresdenarco.com\/#website\"},\"primaryImageOfPage\":{\"@id\":\"https:\/\/poudresdenarco.com\/produit\/5-meo-dalt\/#primaryimage\"},\"image\":{\"@id\":\"https:\/\/poudresdenarco.com\/produit\/5-meo-dalt\/#primaryimage\"},\"thumbnailUrl\":\"https:\/\/poudresdenarco.com\/wp-content\/uploads\/2024\/10\/5-MEO-DALT-1.gif\",\"datePublished\":\"2024-10-16T11:32:57+00:00\",\"dateModified\":\"2026-05-01T02:30:23+00:00\",\"description\":\"de 5-MeO-DALT pour la recherche scientifique. Achetez du 5-MeO-DALT de haute puret\u00e9 chez Poudres de Narco pour des applications de laboratoire.\",\"breadcrumb\":{\"@id\":\"https:\/\/poudresdenarco.com\/produit\/5-meo-dalt\/#breadcrumb\"},\"inLanguage\":\"pt-PT\",\"potentialAction\":[{\"@type\":\"ReadAction\",\"target\":[\"https:\/\/poudresdenarco.com\/produit\/5-meo-dalt\/\"]}]},{\"@type\":\"ImageObject\",\"inLanguage\":\"pt-PT\",\"@id\":\"https:\/\/poudresdenarco.com\/produit\/5-meo-dalt\/#primaryimage\",\"url\":\"https:\/\/poudresdenarco.com\/wp-content\/uploads\/2024\/10\/5-MEO-DALT-1.gif\",\"contentUrl\":\"https:\/\/poudresdenarco.com\/wp-content\/uploads\/2024\/10\/5-MEO-DALT-1.gif\",\"width\":600,\"height\":600,\"caption\":\"5-MEO-DALT\"},{\"@type\":\"BreadcrumbList\",\"@id\":\"https:\/\/poudresdenarco.com\/produit\/5-meo-dalt\/#breadcrumb\",\"itemListElement\":[{\"@type\":\"ListItem\",\"position\":1,\"name\":\"Home\",\"item\":\"https:\/\/poudresdenarco.com\/\"},{\"@type\":\"ListItem\",\"position\":2,\"name\":\"Boutique\",\"item\":\"https:\/\/poudresdenarco.com\/boutique\/\"},{\"@type\":\"ListItem\",\"position\":3,\"name\":\"5-MEO-DALT\"}]},{\"@type\":\"WebSite\",\"@id\":\"https:\/\/poudresdenarco.com\/#website\",\"url\":\"https:\/\/poudresdenarco.com\/\",\"name\":\"Poudresde Narco\",\"description\":\"Acheter de la coca\u00efne et de l&#039;h\u00e9ro\u00efne en ligne\",\"potentialAction\":[{\"@type\":\"SearchAction\",\"target\":{\"@type\":\"EntryPoint\",\"urlTemplate\":\"https:\/\/poudresdenarco.com\/?s={search_term_string}\"},\"query-input\":{\"@type\":\"PropertyValueSpecification\",\"valueRequired\":true,\"valueName\":\"search_term_string\"}}],\"inLanguage\":\"pt-PT\"}]}<\/script>\n<!-- \/ Yoast SEO plugin. -->","yoast_head_json":{"title":"Acheter 5-MeO-DALT de Qualit\u00e9 | Poudres de Narco","description":"de 5-MeO-DALT pour la recherche scientifique. Achetez du 5-MeO-DALT de haute puret\u00e9 chez Poudres de Narco pour des applications de laboratoire.","robots":{"index":"index","follow":"follow","max-snippet":"max-snippet:-1","max-image-preview":"max-image-preview:large","max-video-preview":"max-video-preview:-1"},"canonical":"https:\/\/poudresdenarco.com\/pt\/produto\/5-meo-dalt\/","og_locale":"pt_PT","og_type":"article","og_title":"Acheter 5-MeO-DALT de Qualit\u00e9 | Poudres de Narco","og_description":"de 5-MeO-DALT pour la recherche scientifique. Achetez du 5-MeO-DALT de haute puret\u00e9 chez Poudres de Narco pour des applications de laboratoire.","og_url":"https:\/\/poudresdenarco.com\/pt\/produto\/5-meo-dalt\/","og_site_name":"Poudresde Narco","article_modified_time":"2026-05-01T02:30:23+00:00","og_image":[{"width":600,"height":600,"url":"https:\/\/poudresdenarco.com\/wp-content\/uploads\/2024\/10\/5-MEO-DALT-1.gif","type":"image\/gif"}],"twitter_card":"summary_large_image","twitter_misc":{"Tempo estimado de leitura":"2 minutos"},"schema":{"@context":"https:\/\/schema.org","@graph":[{"@type":"WebPage","@id":"https:\/\/poudresdenarco.com\/produit\/5-meo-dalt\/","url":"https:\/\/poudresdenarco.com\/produit\/5-meo-dalt\/","name":"Acheter 5-MeO-DALT de Qualit\u00e9 | Poudres de Narco","isPartOf":{"@id":"https:\/\/poudresdenarco.com\/#website"},"primaryImageOfPage":{"@id":"https:\/\/poudresdenarco.com\/produit\/5-meo-dalt\/#primaryimage"},"image":{"@id":"https:\/\/poudresdenarco.com\/produit\/5-meo-dalt\/#primaryimage"},"thumbnailUrl":"https:\/\/poudresdenarco.com\/wp-content\/uploads\/2024\/10\/5-MEO-DALT-1.gif","datePublished":"2024-10-16T11:32:57+00:00","dateModified":"2026-05-01T02:30:23+00:00","description":"de 5-MeO-DALT pour la recherche scientifique. Achetez du 5-MeO-DALT de haute puret\u00e9 chez Poudres de Narco pour des applications de laboratoire.","breadcrumb":{"@id":"https:\/\/poudresdenarco.com\/produit\/5-meo-dalt\/#breadcrumb"},"inLanguage":"pt-PT","potentialAction":[{"@type":"ReadAction","target":["https:\/\/poudresdenarco.com\/produit\/5-meo-dalt\/"]}]},{"@type":"ImageObject","inLanguage":"pt-PT","@id":"https:\/\/poudresdenarco.com\/produit\/5-meo-dalt\/#primaryimage","url":"https:\/\/poudresdenarco.com\/wp-content\/uploads\/2024\/10\/5-MEO-DALT-1.gif","contentUrl":"https:\/\/poudresdenarco.com\/wp-content\/uploads\/2024\/10\/5-MEO-DALT-1.gif","width":600,"height":600,"caption":"5-MEO-DALT"},{"@type":"BreadcrumbList","@id":"https:\/\/poudresdenarco.com\/produit\/5-meo-dalt\/#breadcrumb","itemListElement":[{"@type":"ListItem","position":1,"name":"Home","item":"https:\/\/poudresdenarco.com\/"},{"@type":"ListItem","position":2,"name":"Boutique","item":"https:\/\/poudresdenarco.com\/boutique\/"},{"@type":"ListItem","position":3,"name":"5-MEO-DALT"}]},{"@type":"WebSite","@id":"https:\/\/poudresdenarco.com\/#website","url":"https:\/\/poudresdenarco.com\/","name":"Poudresde Narco","description":"Acheter de la coca\u00efne et de l&#039;h\u00e9ro\u00efne en ligne","potentialAction":[{"@type":"SearchAction","target":{"@type":"EntryPoint","urlTemplate":"https:\/\/poudresdenarco.com\/?s={search_term_string}"},"query-input":{"@type":"PropertyValueSpecification","valueRequired":true,"valueName":"search_term_string"}}],"inLanguage":"pt-PT"}]}},"_links":{"self":[{"href":"https:\/\/poudresdenarco.com\/pt\/wp-json\/wp\/v2\/product\/6129","targetHints":{"allow":["GET"]}}],"collection":[{"href":"https:\/\/poudresdenarco.com\/pt\/wp-json\/wp\/v2\/product"}],"about":[{"href":"https:\/\/poudresdenarco.com\/pt\/wp-json\/wp\/v2\/types\/product"}],"replies":[{"embeddable":true,"href":"https:\/\/poudresdenarco.com\/pt\/wp-json\/wp\/v2\/comments?post=6129"}],"wp:featuredmedia":[{"embeddable":true,"href":"https:\/\/poudresdenarco.com\/pt\/wp-json\/wp\/v2\/media\/6211"}],"wp:attachment":[{"href":"https:\/\/poudresdenarco.com\/pt\/wp-json\/wp\/v2\/media?parent=6129"}],"wp:term":[{"taxonomy":"product_cat","embeddable":true,"href":"https:\/\/poudresdenarco.com\/pt\/wp-json\/wp\/v2\/product_cat?post=6129"},{"taxonomy":"product_tag","embeddable":true,"href":"https:\/\/poudresdenarco.com\/pt\/wp-json\/wp\/v2\/product_tag?post=6129"}],"curies":[{"name":"wp","href":"https:\/\/api.w.org\/{rel}","templated":true}]}}