{"id":6220,"date":"2024-10-18T05:38:32","date_gmt":"2024-10-18T05:38:32","guid":{"rendered":"https:\/\/poudresdenarco.com\/?post_type=product&#038;p=6220"},"modified":"2026-01-17T03:00:11","modified_gmt":"2026-01-17T03:00:11","slug":"dmxe","status":"publish","type":"product","link":"https:\/\/poudresdenarco.com\/pt\/produto\/dmxe\/","title":{"rendered":"Dmxe"},"content":{"rendered":"<h2><strong>DMXE de alta pureza para investiga\u00e7\u00e3o <a href=\"https:\/\/poudresdenarco.com\/pt\/produto\/3cl\/\">&#8211;<\/a> P\u00f3s estupefacientes<\/strong><\/h2>\n<p>Na Poudres de Narco, fornecemos <strong>DMXE de alta qualidade<\/strong> apenas para aplica\u00e7\u00f5es de investiga\u00e7\u00e3o. Conhecido pelo seu perfil \u00fanico em estudos dissociativos, o nosso DMXE \u00e9 fabricado segundo normas rigorosas de pureza e qualidade, o que o torna uma escolha de confian\u00e7a para profissionais de qu\u00edmica e farmacologia Comprar Research DMXE<a href=\"https:\/\/k2spices.com\/product-category\/k2-powder-incense\/\">.<\/a><\/p>\n<h3>Porqu\u00ea escolher DMXE de Poudres de Narco?<\/h3>\n<p>Para os investigadores, a qualidade e a consist\u00eancia dos produtos s\u00e3o essenciais. Ao escolher <strong>DMXE para investiga\u00e7\u00e3o<\/strong> de Poudres de Narco, beneficia de :<\/p>\n<ul>\n<li><strong>Pureza fi\u00e1vel<\/strong> Cada lote de DMXE \u00e9 rigorosamente testado para garantir um elevado n\u00edvel de pureza.<\/li>\n<li><strong>Qualidade consistente<\/strong> O nosso produto \u00e9 tratado para satisfazer as exig\u00eancias dos laborat\u00f3rios e dos estudos anal\u00edticos.<\/li>\n<li><strong>Apoio especializado<\/strong> A nossa equipa est\u00e1 dispon\u00edvel para prestar aconselhamento sobre protocolos de manuseamento, armazenamento e seguran\u00e7a.<\/li>\n<\/ul>\n<h3>Aplica\u00e7\u00f5es e diretrizes de seguran\u00e7a<\/h3>\n<p>Le <strong>DMXE<\/strong> \u00e9 utilizado numa variedade de contextos de investiga\u00e7\u00e3o laboratorial. Poudres de Narco centra-se em protocolos de seguran\u00e7a adaptados ao <strong>manuseamento e armazenagem<\/strong> deste produto, garantindo a conformidade e a seguran\u00e7a dos investigadores :<\/p>\n<ul>\n<li><strong>Armazenamento<\/strong> Mantenha o DMXE num local fresco e seco, longe da luz direta.<\/li>\n<li><strong>Manuseamento<\/strong> Utilizar equipamento de prote\u00e7\u00e3o individual (EPI) e trabalhar em laborat\u00f3rios bem ventilados.<\/li>\n<li><strong>Utiliza\u00e7\u00e3o estritamente reservada \u00e0 investiga\u00e7\u00e3o<\/strong> Este produto destina-se apenas a ambientes de investiga\u00e7\u00e3o controlados.<\/li>\n<\/ul>\n<h3>Encomendas seguras para profissionais<\/h3>\n<p>A nossa plataforma em linha facilita a compra <strong>DMXE para investiga\u00e7\u00e3o, Comprar DMXE para investiga\u00e7\u00e3o<\/strong> para instala\u00e7\u00f5es autorizadas. A Poudres de Narco centra-se na seguran\u00e7a, qualidade e confidencialidade, garantindo que todas as encomendas cumprem as normas de conformidade. <strong>Contactar-nos<\/strong> para mais pormenores ou para solicitar um or\u00e7amento.<\/p>","protected":false},"excerpt":{"rendered":"<p>DMXE de Haute Puret\u00e9 pour la Recherche &#8211; Poudres de Narco Chez Poudres de Narco, nous fournissons du DMXE de qualit\u00e9 sup\u00e9rieure destin\u00e9 uniquement aux applications de recherche. Connu pour son profil unique dans les \u00e9tudes dissociatives, notre DMXE est fabriqu\u00e9 selon des normes strictes de puret\u00e9 et de qualit\u00e9, ce qui en fait un&hellip;<\/p>","protected":false},"featured_media":6295,"comment_status":"open","ping_status":"closed","template":"","meta":{"_joinchat":[]},"product_cat":[558],"product_tag":[],"class_list":{"0":"post-6220","1":"product","2":"type-product","3":"status-publish","4":"has-post-thumbnail","6":"product_cat-chimiques-de-recherche","8":"first","9":"instock","10":"shipping-taxable","11":"purchasable","12":"product-type-variable","13":"col-xs-6 col-sm-4","14":"col-md-3 col-lg-3","15":"un-4-cols"},"yoast_head":"<!-- This site is optimized with the Yoast SEO plugin v23.8 - https:\/\/yoast.com\/wordpress\/plugins\/seo\/ -->\n<title>Acheter DMXE de Recherche | Poudres de Narco<\/title>\n<meta name=\"description\" content=\"DMXE de haute puret\u00e9 pour la recherche chez Poudres de Narco. Qualit\u00e9 fiable et s\u00e9curit\u00e9 assur\u00e9e pour les applications en laboratoire, Acheter DMXE .\" \/>\n<meta name=\"robots\" content=\"index, follow, max-snippet:-1, max-image-preview:large, max-video-preview:-1\" \/>\n<link rel=\"canonical\" href=\"https:\/\/poudresdenarco.com\/pt\/produto\/dmxe\/\" \/>\n<meta property=\"og:locale\" content=\"pt_PT\" \/>\n<meta property=\"og:type\" content=\"article\" \/>\n<meta property=\"og:title\" content=\"Acheter DMXE de Recherche | Poudres de Narco\" \/>\n<meta property=\"og:description\" content=\"DMXE de haute puret\u00e9 pour la recherche chez Poudres de Narco. Qualit\u00e9 fiable et s\u00e9curit\u00e9 assur\u00e9e pour les applications en laboratoire, Acheter DMXE .\" \/>\n<meta property=\"og:url\" content=\"https:\/\/poudresdenarco.com\/pt\/produto\/dmxe\/\" \/>\n<meta property=\"og:site_name\" content=\"Poudresde Narco\" \/>\n<meta property=\"article:modified_time\" content=\"2026-01-17T03:00:11+00:00\" \/>\n<meta property=\"og:image\" content=\"https:\/\/poudresdenarco.com\/wp-content\/uploads\/2024\/10\/Dmxe-1.gif\" \/>\n\t<meta property=\"og:image:width\" content=\"600\" \/>\n\t<meta property=\"og:image:height\" content=\"600\" \/>\n\t<meta property=\"og:image:type\" content=\"image\/gif\" \/>\n<meta name=\"twitter:card\" content=\"summary_large_image\" \/>\n<meta name=\"twitter:label1\" content=\"Tempo estimado de leitura\" \/>\n\t<meta name=\"twitter:data1\" content=\"2 minutos\" \/>\n<script type=\"application\/ld+json\" class=\"yoast-schema-graph\">{\"@context\":\"https:\/\/schema.org\",\"@graph\":[{\"@type\":\"WebPage\",\"@id\":\"https:\/\/poudresdenarco.com\/produit\/dmxe\/\",\"url\":\"https:\/\/poudresdenarco.com\/produit\/dmxe\/\",\"name\":\"Acheter DMXE de Recherche | Poudres de Narco\",\"isPartOf\":{\"@id\":\"https:\/\/poudresdenarco.com\/#website\"},\"primaryImageOfPage\":{\"@id\":\"https:\/\/poudresdenarco.com\/produit\/dmxe\/#primaryimage\"},\"image\":{\"@id\":\"https:\/\/poudresdenarco.com\/produit\/dmxe\/#primaryimage\"},\"thumbnailUrl\":\"https:\/\/poudresdenarco.com\/wp-content\/uploads\/2024\/10\/Dmxe-1.gif\",\"datePublished\":\"2024-10-18T05:38:32+00:00\",\"dateModified\":\"2026-01-17T03:00:11+00:00\",\"description\":\"DMXE de haute puret\u00e9 pour la recherche chez Poudres de Narco. Qualit\u00e9 fiable et s\u00e9curit\u00e9 assur\u00e9e pour les applications en laboratoire, Acheter DMXE .\",\"breadcrumb\":{\"@id\":\"https:\/\/poudresdenarco.com\/produit\/dmxe\/#breadcrumb\"},\"inLanguage\":\"pt-PT\",\"potentialAction\":[{\"@type\":\"ReadAction\",\"target\":[\"https:\/\/poudresdenarco.com\/produit\/dmxe\/\"]}]},{\"@type\":\"ImageObject\",\"inLanguage\":\"pt-PT\",\"@id\":\"https:\/\/poudresdenarco.com\/produit\/dmxe\/#primaryimage\",\"url\":\"https:\/\/poudresdenarco.com\/wp-content\/uploads\/2024\/10\/Dmxe-1.gif\",\"contentUrl\":\"https:\/\/poudresdenarco.com\/wp-content\/uploads\/2024\/10\/Dmxe-1.gif\",\"width\":600,\"height\":600,\"caption\":\"Acheter DMXE de recherche\"},{\"@type\":\"BreadcrumbList\",\"@id\":\"https:\/\/poudresdenarco.com\/produit\/dmxe\/#breadcrumb\",\"itemListElement\":[{\"@type\":\"ListItem\",\"position\":1,\"name\":\"Home\",\"item\":\"https:\/\/poudresdenarco.com\/\"},{\"@type\":\"ListItem\",\"position\":2,\"name\":\"Boutique\",\"item\":\"https:\/\/poudresdenarco.com\/boutique\/\"},{\"@type\":\"ListItem\",\"position\":3,\"name\":\"Dmxe\"}]},{\"@type\":\"WebSite\",\"@id\":\"https:\/\/poudresdenarco.com\/#website\",\"url\":\"https:\/\/poudresdenarco.com\/\",\"name\":\"Poudresde Narco\",\"description\":\"Acheter de la coca\u00efne et de l&#039;h\u00e9ro\u00efne en ligne\",\"potentialAction\":[{\"@type\":\"SearchAction\",\"target\":{\"@type\":\"EntryPoint\",\"urlTemplate\":\"https:\/\/poudresdenarco.com\/?s={search_term_string}\"},\"query-input\":{\"@type\":\"PropertyValueSpecification\",\"valueRequired\":true,\"valueName\":\"search_term_string\"}}],\"inLanguage\":\"pt-PT\"}]}<\/script>\n<!-- \/ Yoast SEO plugin. -->","yoast_head_json":{"title":"Acheter DMXE de Recherche | Poudres de Narco","description":"DMXE de haute puret\u00e9 pour la recherche chez Poudres de Narco. Qualit\u00e9 fiable et s\u00e9curit\u00e9 assur\u00e9e pour les applications en laboratoire, Acheter DMXE .","robots":{"index":"index","follow":"follow","max-snippet":"max-snippet:-1","max-image-preview":"max-image-preview:large","max-video-preview":"max-video-preview:-1"},"canonical":"https:\/\/poudresdenarco.com\/pt\/produto\/dmxe\/","og_locale":"pt_PT","og_type":"article","og_title":"Acheter DMXE de Recherche | Poudres de Narco","og_description":"DMXE de haute puret\u00e9 pour la recherche chez Poudres de Narco. Qualit\u00e9 fiable et s\u00e9curit\u00e9 assur\u00e9e pour les applications en laboratoire, Acheter DMXE .","og_url":"https:\/\/poudresdenarco.com\/pt\/produto\/dmxe\/","og_site_name":"Poudresde Narco","article_modified_time":"2026-01-17T03:00:11+00:00","og_image":[{"width":600,"height":600,"url":"https:\/\/poudresdenarco.com\/wp-content\/uploads\/2024\/10\/Dmxe-1.gif","type":"image\/gif"}],"twitter_card":"summary_large_image","twitter_misc":{"Tempo estimado de leitura":"2 minutos"},"schema":{"@context":"https:\/\/schema.org","@graph":[{"@type":"WebPage","@id":"https:\/\/poudresdenarco.com\/produit\/dmxe\/","url":"https:\/\/poudresdenarco.com\/produit\/dmxe\/","name":"Acheter DMXE de Recherche | Poudres de Narco","isPartOf":{"@id":"https:\/\/poudresdenarco.com\/#website"},"primaryImageOfPage":{"@id":"https:\/\/poudresdenarco.com\/produit\/dmxe\/#primaryimage"},"image":{"@id":"https:\/\/poudresdenarco.com\/produit\/dmxe\/#primaryimage"},"thumbnailUrl":"https:\/\/poudresdenarco.com\/wp-content\/uploads\/2024\/10\/Dmxe-1.gif","datePublished":"2024-10-18T05:38:32+00:00","dateModified":"2026-01-17T03:00:11+00:00","description":"DMXE de haute puret\u00e9 pour la recherche chez Poudres de Narco. Qualit\u00e9 fiable et s\u00e9curit\u00e9 assur\u00e9e pour les applications en laboratoire, Acheter DMXE .","breadcrumb":{"@id":"https:\/\/poudresdenarco.com\/produit\/dmxe\/#breadcrumb"},"inLanguage":"pt-PT","potentialAction":[{"@type":"ReadAction","target":["https:\/\/poudresdenarco.com\/produit\/dmxe\/"]}]},{"@type":"ImageObject","inLanguage":"pt-PT","@id":"https:\/\/poudresdenarco.com\/produit\/dmxe\/#primaryimage","url":"https:\/\/poudresdenarco.com\/wp-content\/uploads\/2024\/10\/Dmxe-1.gif","contentUrl":"https:\/\/poudresdenarco.com\/wp-content\/uploads\/2024\/10\/Dmxe-1.gif","width":600,"height":600,"caption":"Acheter DMXE de recherche"},{"@type":"BreadcrumbList","@id":"https:\/\/poudresdenarco.com\/produit\/dmxe\/#breadcrumb","itemListElement":[{"@type":"ListItem","position":1,"name":"Home","item":"https:\/\/poudresdenarco.com\/"},{"@type":"ListItem","position":2,"name":"Boutique","item":"https:\/\/poudresdenarco.com\/boutique\/"},{"@type":"ListItem","position":3,"name":"Dmxe"}]},{"@type":"WebSite","@id":"https:\/\/poudresdenarco.com\/#website","url":"https:\/\/poudresdenarco.com\/","name":"Poudresde Narco","description":"Acheter de la coca\u00efne et de l&#039;h\u00e9ro\u00efne en ligne","potentialAction":[{"@type":"SearchAction","target":{"@type":"EntryPoint","urlTemplate":"https:\/\/poudresdenarco.com\/?s={search_term_string}"},"query-input":{"@type":"PropertyValueSpecification","valueRequired":true,"valueName":"search_term_string"}}],"inLanguage":"pt-PT"}]}},"_links":{"self":[{"href":"https:\/\/poudresdenarco.com\/pt\/wp-json\/wp\/v2\/product\/6220","targetHints":{"allow":["GET"]}}],"collection":[{"href":"https:\/\/poudresdenarco.com\/pt\/wp-json\/wp\/v2\/product"}],"about":[{"href":"https:\/\/poudresdenarco.com\/pt\/wp-json\/wp\/v2\/types\/product"}],"replies":[{"embeddable":true,"href":"https:\/\/poudresdenarco.com\/pt\/wp-json\/wp\/v2\/comments?post=6220"}],"wp:featuredmedia":[{"embeddable":true,"href":"https:\/\/poudresdenarco.com\/pt\/wp-json\/wp\/v2\/media\/6295"}],"wp:attachment":[{"href":"https:\/\/poudresdenarco.com\/pt\/wp-json\/wp\/v2\/media?parent=6220"}],"wp:term":[{"taxonomy":"product_cat","embeddable":true,"href":"https:\/\/poudresdenarco.com\/pt\/wp-json\/wp\/v2\/product_cat?post=6220"},{"taxonomy":"product_tag","embeddable":true,"href":"https:\/\/poudresdenarco.com\/pt\/wp-json\/wp\/v2\/product_tag?post=6220"}],"curies":[{"name":"wp","href":"https:\/\/api.w.org\/{rel}","templated":true}]}}