{"id":6222,"date":"2024-10-18T05:40:12","date_gmt":"2024-10-18T05:40:12","guid":{"rendered":"https:\/\/poudresdenarco.com\/?post_type=product&#038;p=6222"},"modified":"2026-01-17T02:57:21","modified_gmt":"2026-01-17T02:57:21","slug":"3cl","status":"publish","type":"product","link":"https:\/\/poudresdenarco.com\/pt\/produto\/3cl\/","title":{"rendered":"3-Aminoindano (3-CI)"},"content":{"rendered":"<h2><strong>Comprar 3-Aminoindan (3-AI) para investiga\u00e7\u00e3o <a href=\"https:\/\/poudresdenarco.com\/pt\/produto\/5f-adb\/\">|<\/a> Fornecedor de produtos qu\u00edmicos de alta qualidade<\/strong><\/h2>\n<p>Deseja <strong>comprar 3-Aminoindano<\/strong> para os seus projectos de investiga\u00e7\u00e3o? Na [Nome da empresa], somos especializados no fornecimento de <strong>3-Aminoindano (3-AI)<\/strong>um qu\u00edmico de investiga\u00e7\u00e3o \u00fanico conhecido pelas suas aplica\u00e7\u00f5es em farmacologia e neuroci\u00eancia. Com controlos de qualidade rigorosos, garantimos que os nossos <strong>3-AI<\/strong> cumpre as normas industriais, ideal para laborat\u00f3rios e institui\u00e7\u00f5es de investiga\u00e7\u00e3o<a href=\"https:\/\/k2spices.com\/product\/buy-liquid-k2-spice-paper\/\">.<\/a><\/p>\n<h3>O que \u00e9 o 3-aminoindano (3-AI)?<\/h3>\n<p><strong>3-Aminoindano<\/strong> \u00e9 um composto da fam\u00edlia dos aminoindanos, conhecido pela sua semelhan\u00e7a estrutural com certos estimulantes, embora as suas carater\u00edsticas \u00fanicas o tornem um instrumento valioso na investiga\u00e7\u00e3o cient\u00edfica. O <strong>3-Aminoindano (3-AI)<\/strong> \u00e9 utilizado principalmente para estudos cient\u00edficos de laborat\u00f3rio.<\/p>\n<h3>Carater\u00edsticas e aplica\u00e7\u00f5es do 3-Aminoindano<\/h3>\n<p>O nosso <strong>3-Aminoindano<\/strong> foi concebido para uma investiga\u00e7\u00e3o aprofundada em <strong>farmacologia e qu\u00edmica<\/strong>. As aplica\u00e7\u00f5es mais comuns incluem estudos sobre <strong>s\u00edntese de 3-Aminoindano<\/strong>seu <strong>farmacologia<\/strong>e a sua <strong>propriedades qu\u00edmicas<\/strong>. Os investigadores exploram frequentemente as intera\u00e7\u00f5es de <strong>3-Aminoindan com neurotransmissores<\/strong>o que o torna inestim\u00e1vel em neuroci\u00eancia.<\/p>\n<ul>\n<li><strong>Alta pureza<\/strong> Cada lote de 3-AI \u00e9 testado de acordo com as normas da ind\u00fastria, garantindo resultados seguros e exactos para aplica\u00e7\u00f5es cient\u00edficas.<\/li>\n<li><strong>Fornecedor fi\u00e1vel<\/strong> : Como <strong>fornecedor de 3-Aminoindano<\/strong>Estamos empenhados na transpar\u00eancia, na qualidade e no cumprimento dos protocolos do sector.<\/li>\n<li><strong>Ficha de dados de seguran\u00e7a<\/strong> Inclu\u00edmos dados exaustivos sobre <strong>Seguran\u00e7a do 3-Aminoindano<\/strong> para apoiar pr\u00e1ticas de manuseamento seguras no laborat\u00f3rio.<\/li>\n<\/ul>\n<h3>Onde comprar 3-Aminoindan (3-AI)<\/h3>\n<p>Se est\u00e1 \u00e0 procura de uma fonte fi\u00e1vel para <strong>comprar 3-Aminoindane online<\/strong>A [Nome da sua empresa] oferece op\u00e7\u00f5es de compra seguras e entrega r\u00e1pida a profissionais autorizados. Cada encomenda inclui <strong>dados de seguran\u00e7a<\/strong>informa\u00e7\u00f5es jur\u00eddicas, e um <strong>certificado de propriedades qu\u00edmicas<\/strong>Isto garante a integridade do produto para utiliza\u00e7\u00e3o num ambiente de investiga\u00e7\u00e3o aprovado.<\/p>\n<h3>Estatuto jur\u00eddico e considera\u00e7\u00f5es de seguran\u00e7a<\/h3>\n<p>Le <strong>3-Aminoindano<\/strong> \u00e9 estritamente para fins de investiga\u00e7\u00e3o e n\u00e3o se destina ao consumo humano. <strong>Verificar a situa\u00e7\u00e3o legal do 3-Aminoindano<\/strong> na sua regi\u00e3o antes de comprar. A nossa equipa cumpre todos os requisitos regulamentares, garantindo um acesso legal e seguro a <strong>3-Aminoindano<\/strong> apenas para uso profissional.<\/p>\n<p>Para os investigadores que necessitam de <strong>3-Aminoindano (3-AI) de alta qualidade<\/strong>Oferecemos um acesso fi\u00e1vel e um rigoroso controlo de qualidade, permitindo uma utiliza\u00e7\u00e3o segura e autorizada para aplica\u00e7\u00f5es cient\u00edficas e industriais. Contacte-nos hoje para <strong>comprar 3-Aminoindano<\/strong> com confian\u00e7a e transpar\u00eancia.<\/p>","protected":false},"excerpt":{"rendered":"<p>O 3-aminoindano tem uma estrutura bic\u00edclica com um grupo amino na posi\u00e7\u00e3o 3 e est\u00e1 a ser investigado pelos seus potenciais efeitos nos sistemas de neurotransmissores. Se precisar de mais informa\u00e7\u00f5es ou de pormenores espec\u00edficos, n\u00e3o hesite em perguntar!<\/p>\n<p>O 3-aminoindano (3-AI) tem as seguintes carater\u00edsticas<\/p>\n<ul>\n<li><strong>F\u00f3rmula qu\u00edmica<\/strong> C\u2089H\u2081\u2081N<\/li>\n<li><strong>N\u00famero CAS<\/strong> : 101-54-0<\/li>\n<\/ul>","protected":false},"featured_media":6297,"comment_status":"open","ping_status":"closed","template":"","meta":{"_joinchat":[]},"product_cat":[558],"product_tag":[],"class_list":{"0":"post-6222","1":"product","2":"type-product","3":"status-publish","4":"has-post-thumbnail","6":"product_cat-chimiques-de-recherche","8":"first","9":"instock","10":"shipping-taxable","11":"purchasable","12":"product-type-variable","13":"col-xs-6 col-sm-4","14":"col-md-3 col-lg-3","15":"un-4-cols"},"yoast_head":"<!-- This site is optimized with the Yoast SEO plugin v23.8 - https:\/\/yoast.com\/wordpress\/plugins\/seo\/ -->\n<title>Acheter 3-Aminoindane (3-AI) | Fournisseur de Qualit\u00e9<\/title>\n<meta name=\"description\" content=\"Achetez 3-Aminoindane (3-AI) de haute qualit\u00e9 pour la recherche. Fournisseur fiable avec livraison s\u00e9curis\u00e9e et fiche de s\u00e9curit\u00e9 incluse.\" \/>\n<meta name=\"robots\" content=\"index, follow, max-snippet:-1, max-image-preview:large, max-video-preview:-1\" \/>\n<link rel=\"canonical\" href=\"https:\/\/poudresdenarco.com\/pt\/produto\/3cl\/\" \/>\n<meta property=\"og:locale\" content=\"pt_PT\" \/>\n<meta property=\"og:type\" content=\"article\" \/>\n<meta property=\"og:title\" content=\"Acheter 3-Aminoindane (3-AI) | Fournisseur de Qualit\u00e9\" \/>\n<meta property=\"og:description\" content=\"Achetez 3-Aminoindane (3-AI) de haute qualit\u00e9 pour la recherche. Fournisseur fiable avec livraison s\u00e9curis\u00e9e et fiche de s\u00e9curit\u00e9 incluse.\" \/>\n<meta property=\"og:url\" content=\"https:\/\/poudresdenarco.com\/pt\/produto\/3cl\/\" \/>\n<meta property=\"og:site_name\" content=\"Poudresde Narco\" \/>\n<meta property=\"article:modified_time\" content=\"2026-01-17T02:57:21+00:00\" \/>\n<meta property=\"og:image\" content=\"https:\/\/poudresdenarco.com\/wp-content\/uploads\/2024\/10\/3cl-1.gif\" \/>\n\t<meta property=\"og:image:width\" content=\"600\" \/>\n\t<meta property=\"og:image:height\" content=\"600\" \/>\n\t<meta property=\"og:image:type\" content=\"image\/gif\" \/>\n<meta name=\"twitter:card\" content=\"summary_large_image\" \/>\n<meta name=\"twitter:label1\" content=\"Tempo estimado de leitura\" \/>\n\t<meta name=\"twitter:data1\" content=\"2 minutos\" \/>\n<script type=\"application\/ld+json\" class=\"yoast-schema-graph\">{\"@context\":\"https:\/\/schema.org\",\"@graph\":[{\"@type\":\"WebPage\",\"@id\":\"https:\/\/poudresdenarco.com\/produit\/3cl\/\",\"url\":\"https:\/\/poudresdenarco.com\/produit\/3cl\/\",\"name\":\"Acheter 3-Aminoindane (3-AI) | Fournisseur de Qualit\u00e9\",\"isPartOf\":{\"@id\":\"https:\/\/poudresdenarco.com\/#website\"},\"primaryImageOfPage\":{\"@id\":\"https:\/\/poudresdenarco.com\/produit\/3cl\/#primaryimage\"},\"image\":{\"@id\":\"https:\/\/poudresdenarco.com\/produit\/3cl\/#primaryimage\"},\"thumbnailUrl\":\"https:\/\/poudresdenarco.com\/wp-content\/uploads\/2024\/10\/3cl-1.gif\",\"datePublished\":\"2024-10-18T05:40:12+00:00\",\"dateModified\":\"2026-01-17T02:57:21+00:00\",\"description\":\"Achetez 3-Aminoindane (3-AI) de haute qualit\u00e9 pour la recherche. Fournisseur fiable avec livraison s\u00e9curis\u00e9e et fiche de s\u00e9curit\u00e9 incluse.\",\"breadcrumb\":{\"@id\":\"https:\/\/poudresdenarco.com\/produit\/3cl\/#breadcrumb\"},\"inLanguage\":\"pt-PT\",\"potentialAction\":[{\"@type\":\"ReadAction\",\"target\":[\"https:\/\/poudresdenarco.com\/produit\/3cl\/\"]}]},{\"@type\":\"ImageObject\",\"inLanguage\":\"pt-PT\",\"@id\":\"https:\/\/poudresdenarco.com\/produit\/3cl\/#primaryimage\",\"url\":\"https:\/\/poudresdenarco.com\/wp-content\/uploads\/2024\/10\/3cl-1.gif\",\"contentUrl\":\"https:\/\/poudresdenarco.com\/wp-content\/uploads\/2024\/10\/3cl-1.gif\",\"width\":600,\"height\":600,\"caption\":\"3cl\"},{\"@type\":\"BreadcrumbList\",\"@id\":\"https:\/\/poudresdenarco.com\/produit\/3cl\/#breadcrumb\",\"itemListElement\":[{\"@type\":\"ListItem\",\"position\":1,\"name\":\"Home\",\"item\":\"https:\/\/poudresdenarco.com\/\"},{\"@type\":\"ListItem\",\"position\":2,\"name\":\"Boutique\",\"item\":\"https:\/\/poudresdenarco.com\/boutique\/\"},{\"@type\":\"ListItem\",\"position\":3,\"name\":\"3-Aminoindane (3-CI)\"}]},{\"@type\":\"WebSite\",\"@id\":\"https:\/\/poudresdenarco.com\/#website\",\"url\":\"https:\/\/poudresdenarco.com\/\",\"name\":\"Poudresde Narco\",\"description\":\"Acheter de la coca\u00efne et de l&#039;h\u00e9ro\u00efne en ligne\",\"potentialAction\":[{\"@type\":\"SearchAction\",\"target\":{\"@type\":\"EntryPoint\",\"urlTemplate\":\"https:\/\/poudresdenarco.com\/?s={search_term_string}\"},\"query-input\":{\"@type\":\"PropertyValueSpecification\",\"valueRequired\":true,\"valueName\":\"search_term_string\"}}],\"inLanguage\":\"pt-PT\"}]}<\/script>\n<!-- \/ Yoast SEO plugin. -->","yoast_head_json":{"title":"Acheter 3-Aminoindane (3-AI) | Fournisseur de Qualit\u00e9","description":"Achetez 3-Aminoindane (3-AI) de haute qualit\u00e9 pour la recherche. Fournisseur fiable avec livraison s\u00e9curis\u00e9e et fiche de s\u00e9curit\u00e9 incluse.","robots":{"index":"index","follow":"follow","max-snippet":"max-snippet:-1","max-image-preview":"max-image-preview:large","max-video-preview":"max-video-preview:-1"},"canonical":"https:\/\/poudresdenarco.com\/pt\/produto\/3cl\/","og_locale":"pt_PT","og_type":"article","og_title":"Acheter 3-Aminoindane (3-AI) | Fournisseur de Qualit\u00e9","og_description":"Achetez 3-Aminoindane (3-AI) de haute qualit\u00e9 pour la recherche. Fournisseur fiable avec livraison s\u00e9curis\u00e9e et fiche de s\u00e9curit\u00e9 incluse.","og_url":"https:\/\/poudresdenarco.com\/pt\/produto\/3cl\/","og_site_name":"Poudresde Narco","article_modified_time":"2026-01-17T02:57:21+00:00","og_image":[{"width":600,"height":600,"url":"https:\/\/poudresdenarco.com\/wp-content\/uploads\/2024\/10\/3cl-1.gif","type":"image\/gif"}],"twitter_card":"summary_large_image","twitter_misc":{"Tempo estimado de leitura":"2 minutos"},"schema":{"@context":"https:\/\/schema.org","@graph":[{"@type":"WebPage","@id":"https:\/\/poudresdenarco.com\/produit\/3cl\/","url":"https:\/\/poudresdenarco.com\/produit\/3cl\/","name":"Acheter 3-Aminoindane (3-AI) | Fournisseur de Qualit\u00e9","isPartOf":{"@id":"https:\/\/poudresdenarco.com\/#website"},"primaryImageOfPage":{"@id":"https:\/\/poudresdenarco.com\/produit\/3cl\/#primaryimage"},"image":{"@id":"https:\/\/poudresdenarco.com\/produit\/3cl\/#primaryimage"},"thumbnailUrl":"https:\/\/poudresdenarco.com\/wp-content\/uploads\/2024\/10\/3cl-1.gif","datePublished":"2024-10-18T05:40:12+00:00","dateModified":"2026-01-17T02:57:21+00:00","description":"Achetez 3-Aminoindane (3-AI) de haute qualit\u00e9 pour la recherche. Fournisseur fiable avec livraison s\u00e9curis\u00e9e et fiche de s\u00e9curit\u00e9 incluse.","breadcrumb":{"@id":"https:\/\/poudresdenarco.com\/produit\/3cl\/#breadcrumb"},"inLanguage":"pt-PT","potentialAction":[{"@type":"ReadAction","target":["https:\/\/poudresdenarco.com\/produit\/3cl\/"]}]},{"@type":"ImageObject","inLanguage":"pt-PT","@id":"https:\/\/poudresdenarco.com\/produit\/3cl\/#primaryimage","url":"https:\/\/poudresdenarco.com\/wp-content\/uploads\/2024\/10\/3cl-1.gif","contentUrl":"https:\/\/poudresdenarco.com\/wp-content\/uploads\/2024\/10\/3cl-1.gif","width":600,"height":600,"caption":"3cl"},{"@type":"BreadcrumbList","@id":"https:\/\/poudresdenarco.com\/produit\/3cl\/#breadcrumb","itemListElement":[{"@type":"ListItem","position":1,"name":"Home","item":"https:\/\/poudresdenarco.com\/"},{"@type":"ListItem","position":2,"name":"Boutique","item":"https:\/\/poudresdenarco.com\/boutique\/"},{"@type":"ListItem","position":3,"name":"3-Aminoindane (3-CI)"}]},{"@type":"WebSite","@id":"https:\/\/poudresdenarco.com\/#website","url":"https:\/\/poudresdenarco.com\/","name":"Poudresde Narco","description":"Acheter de la coca\u00efne et de l&#039;h\u00e9ro\u00efne en ligne","potentialAction":[{"@type":"SearchAction","target":{"@type":"EntryPoint","urlTemplate":"https:\/\/poudresdenarco.com\/?s={search_term_string}"},"query-input":{"@type":"PropertyValueSpecification","valueRequired":true,"valueName":"search_term_string"}}],"inLanguage":"pt-PT"}]}},"_links":{"self":[{"href":"https:\/\/poudresdenarco.com\/pt\/wp-json\/wp\/v2\/product\/6222","targetHints":{"allow":["GET"]}}],"collection":[{"href":"https:\/\/poudresdenarco.com\/pt\/wp-json\/wp\/v2\/product"}],"about":[{"href":"https:\/\/poudresdenarco.com\/pt\/wp-json\/wp\/v2\/types\/product"}],"replies":[{"embeddable":true,"href":"https:\/\/poudresdenarco.com\/pt\/wp-json\/wp\/v2\/comments?post=6222"}],"wp:featuredmedia":[{"embeddable":true,"href":"https:\/\/poudresdenarco.com\/pt\/wp-json\/wp\/v2\/media\/6297"}],"wp:attachment":[{"href":"https:\/\/poudresdenarco.com\/pt\/wp-json\/wp\/v2\/media?parent=6222"}],"wp:term":[{"taxonomy":"product_cat","embeddable":true,"href":"https:\/\/poudresdenarco.com\/pt\/wp-json\/wp\/v2\/product_cat?post=6222"},{"taxonomy":"product_tag","embeddable":true,"href":"https:\/\/poudresdenarco.com\/pt\/wp-json\/wp\/v2\/product_tag?post=6222"}],"curies":[{"name":"wp","href":"https:\/\/api.w.org\/{rel}","templated":true}]}}