{"id":6223,"date":"2024-10-18T05:40:19","date_gmt":"2024-10-18T05:40:19","guid":{"rendered":"https:\/\/poudresdenarco.com\/?post_type=product&#038;p=6223"},"modified":"2026-01-17T02:59:50","modified_gmt":"2026-01-17T02:59:50","slug":"5f-adb","status":"publish","type":"product","link":"https:\/\/poudresdenarco.com\/pt\/produto\/5f-adb\/","title":{"rendered":"5F-ADB"},"content":{"rendered":"<h2><strong>Comprar 5F-ADB para investiga\u00e7\u00e3o | Fornecedor de canabin\u00f3ides sint\u00e9ticos de alta qualidade<\/strong><\/h2>\n<p>Bem-vindo ao <strong>poudresdenarco<\/strong>a sua fonte fi\u00e1vel de <strong>5F-ADB<\/strong>. Destinado aos profissionais da farmacologia e da investiga\u00e7\u00e3o sobre os canabin\u00f3ides, fornecemos os seguintes materiais <strong>5F-ADB<\/strong> - um potente canabin\u00f3ide sint\u00e9tico, tamb\u00e9m conhecido como <strong>5F-MDMB-PINACA<\/strong>. Conhecida pela sua elevada afinidade com os receptores CB1, a <strong>5F-ADB<\/strong> \u00e9 essencial para os investigadores que exploram os efeitos dos canabin\u00f3ides sint\u00e9ticos Comprar 5F-ADB<a href=\"https:\/\/k2spices.com\/product\/bizarro-liquid-k2-on-paper\/\">.<\/a><\/p>\n<h3>Porqu\u00ea escolher o nosso 5F-ADB?<\/h3>\n<p>O nosso <strong>5F-ADB<\/strong> prov\u00e9m de fornecedores certificados, garantindo os mais elevados padr\u00f5es de qualidade. <strong>pureza e qualidade<\/strong>. Fornecemos rigorosamente os <strong>5F-ADB para fins de investiga\u00e7\u00e3o<\/strong>Estes produtos foram concebidos para responder \u00e0s necessidades das institui\u00e7\u00f5es e dos profissionais qualificados que procuram compostos aut\u00eanticos e fi\u00e1veis.<a href=\"https:\/\/poudresdenarco.com\/pt\/produto\/fentanyl\/\">.<\/a><\/p>\n<ul>\n<li><strong>Qualidade e pureza superiores<\/strong> Cada lote \u00e9 submetido a testes rigorosos para cumprir as normas da ind\u00fastria.<\/li>\n<li><strong>Fiabilidade para a investiga\u00e7\u00e3o<\/strong> Apenas para aplica\u00e7\u00f5es de investiga\u00e7\u00e3o, apoia estudos sobre a atividade dos receptores canabin\u00f3ides, a farmacologia e a toxicologia.<\/li>\n<\/ul>\n<h3>Comprar 5F-ADB com seguran\u00e7a online<\/h3>\n<p>Para profissionais que procuram uma fonte segura e respeit\u00e1vel de <strong>comprar 5F-ADB online<\/strong>, <strong>poudresdenarco<\/strong> oferece encomendas r\u00e1pidas e confidenciais, respeitando todas as normas de seguran\u00e7a. Todos os <strong>5F-ADB em promo\u00e7\u00e3o<\/strong> \u00e9 acompanhado de um certificado de an\u00e1lise (COA), que documenta a pureza e a composi\u00e7\u00e3o para garantir a integridade da investiga\u00e7\u00e3o.<\/p>\n<h3>Informa\u00e7\u00f5es importantes sobre a utiliza\u00e7\u00e3o e a legalidade do 5F-ADB<\/h3>\n<p>O 5F-ADB destina-se exclusivamente \u00e0 investiga\u00e7\u00e3o laboratorial e \u00e9 um <strong>subst\u00e2ncia regulamentada<\/strong> em muitas regi\u00f5es devido \u00e0 sua elevada pot\u00eancia. <strong>Verificar o estatuto jur\u00eddico do 5F-ADB<\/strong> na sua jurisdi\u00e7\u00e3o antes de efetuar a encomenda. Cumprimos todos os regulamentos locais e fornecemos um servi\u00e7o transparente para garantir um acesso seguro e leg\u00edtimo a profissionais de investiga\u00e7\u00e3o qualificados.<\/p>\n<p>Para profissionais e institui\u00e7\u00f5es que procuram <strong>Alta qualidade 5F-ADB<\/strong>, <strong>poudresdenarco<\/strong> est\u00e1 empenhada em fornecer um servi\u00e7o de confian\u00e7a com os mais elevados padr\u00f5es da ind\u00fastria. Explore os nossos produtos, descubra os nossos rigorosos controlos de qualidade e saiba mais sobre os nossos produtos. <strong>comprar 5F-ADB com confian\u00e7a<\/strong> para apoiar os seus objectivos de investiga\u00e7\u00e3o.<\/p>","protected":false},"excerpt":{"rendered":"<p>Acheter du 5F-ADB pour la Recherche | Fournisseur de Cannabino\u00efdes Synth\u00e9tiques de Haute Qualit\u00e9 Bienvenue sur poudresdenarco, votre source fiable pour l&rsquo;achat de 5F-ADB. Destin\u00e9 aux professionnels de la pharmacologie et de la recherche sur les cannabino\u00efdes, nous fournissons du 5F-ADB \u2013 un cannabino\u00efde synth\u00e9tique puissant, \u00e9galement connu sous le nom de 5F-MDMB-PINACA. R\u00e9put\u00e9 pour&hellip;<\/p>","protected":false},"featured_media":6298,"comment_status":"open","ping_status":"closed","template":"","meta":{"_joinchat":[]},"product_cat":[558],"product_tag":[746,750,749,747,745,748],"class_list":{"0":"post-6223","1":"product","2":"type-product","3":"status-publish","4":"has-post-thumbnail","6":"product_cat-chimiques-de-recherche","7":"product_tag-5f-adb-en-vente","8":"product_tag-5f-adb-laboratoire","9":"product_tag-5f-adb-pour-la-recherche","10":"product_tag-5f-mdmb-pinaca","11":"product_tag-acheter-5f-adb","12":"product_tag-fournisseur-de-5f-adb","14":"first","15":"instock","16":"shipping-taxable","17":"purchasable","18":"product-type-variable","19":"col-xs-6 col-sm-4","20":"col-md-3 col-lg-3","21":"un-4-cols"},"yoast_head":"<!-- This site is optimized with the Yoast SEO plugin v23.8 - https:\/\/yoast.com\/wordpress\/plugins\/seo\/ -->\n<title>&quot;Acheter du 5F-ADB pour la Recherche | Poudresdenarco<\/title>\n<meta name=\"description\" content=\"Achetez du 5F-ADB de haute qualit\u00e9 pour la recherche sur poudresdenarco. Fournisseur fiable de 5F-MDMB-PINACA pour des applications en laboratoire,\" \/>\n<meta name=\"robots\" content=\"index, follow, max-snippet:-1, max-image-preview:large, max-video-preview:-1\" \/>\n<link rel=\"canonical\" href=\"https:\/\/poudresdenarco.com\/pt\/produto\/5f-adb\/\" \/>\n<meta property=\"og:locale\" content=\"pt_PT\" \/>\n<meta property=\"og:type\" content=\"article\" \/>\n<meta property=\"og:title\" content=\"&quot;Acheter du 5F-ADB pour la Recherche | Poudresdenarco\" \/>\n<meta property=\"og:description\" content=\"Achetez du 5F-ADB de haute qualit\u00e9 pour la recherche sur poudresdenarco. Fournisseur fiable de 5F-MDMB-PINACA pour des applications en laboratoire,\" \/>\n<meta property=\"og:url\" content=\"https:\/\/poudresdenarco.com\/pt\/produto\/5f-adb\/\" \/>\n<meta property=\"og:site_name\" content=\"Poudresde Narco\" \/>\n<meta property=\"article:modified_time\" content=\"2026-01-17T02:59:50+00:00\" \/>\n<meta property=\"og:image\" content=\"https:\/\/poudresdenarco.com\/wp-content\/uploads\/2024\/10\/5F-ADB-2.gif\" \/>\n\t<meta property=\"og:image:width\" content=\"600\" \/>\n\t<meta property=\"og:image:height\" content=\"600\" \/>\n\t<meta property=\"og:image:type\" content=\"image\/gif\" \/>\n<meta name=\"twitter:card\" content=\"summary_large_image\" \/>\n<meta name=\"twitter:label1\" content=\"Tempo estimado de leitura\" \/>\n\t<meta name=\"twitter:data1\" content=\"2 minutos\" \/>\n<script type=\"application\/ld+json\" class=\"yoast-schema-graph\">{\"@context\":\"https:\/\/schema.org\",\"@graph\":[{\"@type\":\"WebPage\",\"@id\":\"https:\/\/poudresdenarco.com\/produit\/5f-adb\/\",\"url\":\"https:\/\/poudresdenarco.com\/produit\/5f-adb\/\",\"name\":\"\\\"Acheter du 5F-ADB pour la Recherche | Poudresdenarco\",\"isPartOf\":{\"@id\":\"https:\/\/poudresdenarco.com\/#website\"},\"primaryImageOfPage\":{\"@id\":\"https:\/\/poudresdenarco.com\/produit\/5f-adb\/#primaryimage\"},\"image\":{\"@id\":\"https:\/\/poudresdenarco.com\/produit\/5f-adb\/#primaryimage\"},\"thumbnailUrl\":\"https:\/\/poudresdenarco.com\/wp-content\/uploads\/2024\/10\/5F-ADB-2.gif\",\"datePublished\":\"2024-10-18T05:40:19+00:00\",\"dateModified\":\"2026-01-17T02:59:50+00:00\",\"description\":\"Achetez du 5F-ADB de haute qualit\u00e9 pour la recherche sur poudresdenarco. Fournisseur fiable de 5F-MDMB-PINACA pour des applications en laboratoire,\",\"breadcrumb\":{\"@id\":\"https:\/\/poudresdenarco.com\/produit\/5f-adb\/#breadcrumb\"},\"inLanguage\":\"pt-PT\",\"potentialAction\":[{\"@type\":\"ReadAction\",\"target\":[\"https:\/\/poudresdenarco.com\/produit\/5f-adb\/\"]}]},{\"@type\":\"ImageObject\",\"inLanguage\":\"pt-PT\",\"@id\":\"https:\/\/poudresdenarco.com\/produit\/5f-adb\/#primaryimage\",\"url\":\"https:\/\/poudresdenarco.com\/wp-content\/uploads\/2024\/10\/5F-ADB-2.gif\",\"contentUrl\":\"https:\/\/poudresdenarco.com\/wp-content\/uploads\/2024\/10\/5F-ADB-2.gif\",\"width\":600,\"height\":600,\"caption\":\"5F-ADB\"},{\"@type\":\"BreadcrumbList\",\"@id\":\"https:\/\/poudresdenarco.com\/produit\/5f-adb\/#breadcrumb\",\"itemListElement\":[{\"@type\":\"ListItem\",\"position\":1,\"name\":\"Home\",\"item\":\"https:\/\/poudresdenarco.com\/\"},{\"@type\":\"ListItem\",\"position\":2,\"name\":\"Boutique\",\"item\":\"https:\/\/poudresdenarco.com\/boutique\/\"},{\"@type\":\"ListItem\",\"position\":3,\"name\":\"5F-ADB\"}]},{\"@type\":\"WebSite\",\"@id\":\"https:\/\/poudresdenarco.com\/#website\",\"url\":\"https:\/\/poudresdenarco.com\/\",\"name\":\"Poudresde Narco\",\"description\":\"Acheter de la coca\u00efne et de l&#039;h\u00e9ro\u00efne en ligne\",\"potentialAction\":[{\"@type\":\"SearchAction\",\"target\":{\"@type\":\"EntryPoint\",\"urlTemplate\":\"https:\/\/poudresdenarco.com\/?s={search_term_string}\"},\"query-input\":{\"@type\":\"PropertyValueSpecification\",\"valueRequired\":true,\"valueName\":\"search_term_string\"}}],\"inLanguage\":\"pt-PT\"}]}<\/script>\n<!-- \/ Yoast SEO plugin. -->","yoast_head_json":{"title":"\"Acheter du 5F-ADB pour la Recherche | Poudresdenarco","description":"Achetez du 5F-ADB de haute qualit\u00e9 pour la recherche sur poudresdenarco. Fournisseur fiable de 5F-MDMB-PINACA pour des applications en laboratoire,","robots":{"index":"index","follow":"follow","max-snippet":"max-snippet:-1","max-image-preview":"max-image-preview:large","max-video-preview":"max-video-preview:-1"},"canonical":"https:\/\/poudresdenarco.com\/pt\/produto\/5f-adb\/","og_locale":"pt_PT","og_type":"article","og_title":"\"Acheter du 5F-ADB pour la Recherche | Poudresdenarco","og_description":"Achetez du 5F-ADB de haute qualit\u00e9 pour la recherche sur poudresdenarco. Fournisseur fiable de 5F-MDMB-PINACA pour des applications en laboratoire,","og_url":"https:\/\/poudresdenarco.com\/pt\/produto\/5f-adb\/","og_site_name":"Poudresde Narco","article_modified_time":"2026-01-17T02:59:50+00:00","og_image":[{"width":600,"height":600,"url":"https:\/\/poudresdenarco.com\/wp-content\/uploads\/2024\/10\/5F-ADB-2.gif","type":"image\/gif"}],"twitter_card":"summary_large_image","twitter_misc":{"Tempo estimado de leitura":"2 minutos"},"schema":{"@context":"https:\/\/schema.org","@graph":[{"@type":"WebPage","@id":"https:\/\/poudresdenarco.com\/produit\/5f-adb\/","url":"https:\/\/poudresdenarco.com\/produit\/5f-adb\/","name":"\"Acheter du 5F-ADB pour la Recherche | Poudresdenarco","isPartOf":{"@id":"https:\/\/poudresdenarco.com\/#website"},"primaryImageOfPage":{"@id":"https:\/\/poudresdenarco.com\/produit\/5f-adb\/#primaryimage"},"image":{"@id":"https:\/\/poudresdenarco.com\/produit\/5f-adb\/#primaryimage"},"thumbnailUrl":"https:\/\/poudresdenarco.com\/wp-content\/uploads\/2024\/10\/5F-ADB-2.gif","datePublished":"2024-10-18T05:40:19+00:00","dateModified":"2026-01-17T02:59:50+00:00","description":"Achetez du 5F-ADB de haute qualit\u00e9 pour la recherche sur poudresdenarco. Fournisseur fiable de 5F-MDMB-PINACA pour des applications en laboratoire,","breadcrumb":{"@id":"https:\/\/poudresdenarco.com\/produit\/5f-adb\/#breadcrumb"},"inLanguage":"pt-PT","potentialAction":[{"@type":"ReadAction","target":["https:\/\/poudresdenarco.com\/produit\/5f-adb\/"]}]},{"@type":"ImageObject","inLanguage":"pt-PT","@id":"https:\/\/poudresdenarco.com\/produit\/5f-adb\/#primaryimage","url":"https:\/\/poudresdenarco.com\/wp-content\/uploads\/2024\/10\/5F-ADB-2.gif","contentUrl":"https:\/\/poudresdenarco.com\/wp-content\/uploads\/2024\/10\/5F-ADB-2.gif","width":600,"height":600,"caption":"5F-ADB"},{"@type":"BreadcrumbList","@id":"https:\/\/poudresdenarco.com\/produit\/5f-adb\/#breadcrumb","itemListElement":[{"@type":"ListItem","position":1,"name":"Home","item":"https:\/\/poudresdenarco.com\/"},{"@type":"ListItem","position":2,"name":"Boutique","item":"https:\/\/poudresdenarco.com\/boutique\/"},{"@type":"ListItem","position":3,"name":"5F-ADB"}]},{"@type":"WebSite","@id":"https:\/\/poudresdenarco.com\/#website","url":"https:\/\/poudresdenarco.com\/","name":"Poudresde Narco","description":"Acheter de la coca\u00efne et de l&#039;h\u00e9ro\u00efne en ligne","potentialAction":[{"@type":"SearchAction","target":{"@type":"EntryPoint","urlTemplate":"https:\/\/poudresdenarco.com\/?s={search_term_string}"},"query-input":{"@type":"PropertyValueSpecification","valueRequired":true,"valueName":"search_term_string"}}],"inLanguage":"pt-PT"}]}},"_links":{"self":[{"href":"https:\/\/poudresdenarco.com\/pt\/wp-json\/wp\/v2\/product\/6223","targetHints":{"allow":["GET"]}}],"collection":[{"href":"https:\/\/poudresdenarco.com\/pt\/wp-json\/wp\/v2\/product"}],"about":[{"href":"https:\/\/poudresdenarco.com\/pt\/wp-json\/wp\/v2\/types\/product"}],"replies":[{"embeddable":true,"href":"https:\/\/poudresdenarco.com\/pt\/wp-json\/wp\/v2\/comments?post=6223"}],"wp:featuredmedia":[{"embeddable":true,"href":"https:\/\/poudresdenarco.com\/pt\/wp-json\/wp\/v2\/media\/6298"}],"wp:attachment":[{"href":"https:\/\/poudresdenarco.com\/pt\/wp-json\/wp\/v2\/media?parent=6223"}],"wp:term":[{"taxonomy":"product_cat","embeddable":true,"href":"https:\/\/poudresdenarco.com\/pt\/wp-json\/wp\/v2\/product_cat?post=6223"},{"taxonomy":"product_tag","embeddable":true,"href":"https:\/\/poudresdenarco.com\/pt\/wp-json\/wp\/v2\/product_tag?post=6223"}],"curies":[{"name":"wp","href":"https:\/\/api.w.org\/{rel}","templated":true}]}}