{"id":6225,"date":"2024-10-18T05:40:24","date_gmt":"2024-10-18T05:40:24","guid":{"rendered":"https:\/\/poudresdenarco.com\/?post_type=product&#038;p=6225"},"modified":"2026-01-17T03:01:34","modified_gmt":"2026-01-17T03:01:34","slug":"ghb","status":"publish","type":"product","link":"https:\/\/poudresdenarco.com\/pt\/produto\/ghb\/","title":{"rendered":"GHB, gama-hidroxibutirato,"},"content":{"rendered":"<h3><strong>GHB <a href=\"https:\/\/k2spices.com\/product-category\/liquid-k2-spray\/\">:<\/a> Efeitos, perigos, utiliza\u00e7\u00e3o m\u00e9dica e estatuto legal<\/strong><\/h3>\n<p>Le <strong>GHB<\/strong>ou <strong>gama-hidroxibutirato<\/strong>\u00e9 uma subst\u00e2ncia conhecida pelos seus efeitos sedativos e anest\u00e9sicos. Utilizada medicinalmente para tratar a narcolepsia e, por vezes, como parte de tratamentos para a depend\u00eancia, \u00e9 tamb\u00e9m classificada como um \"narc\u00f3tico\". <strong>droga sint\u00e9tica<\/strong> devido ao seu potencial recreativo e aos riscos associados \u00e0 droga GHB<a href=\"https:\/\/poudresdenarco.com\/pt\/categoria-do-produto-2\/comprar-cocaina-online\/\">.<\/a><\/p>\n<h3><strong>Os efeitos do GHB e os seus perigos<\/strong><\/h3>\n<p>O <strong>efeitos do GHB<\/strong> variam consoante a dosagem: pode provocar relaxamento, sonol\u00eancia e euforia. No entanto, em doses elevadas <strong>perigos e efeitos secund\u00e1rios do GHB<\/strong> s\u00e3o numerosos, incluindo confus\u00e3o, n\u00e1useas e, em casos extremos, depress\u00e3o respirat\u00f3ria ou coma. O que a torna particularmente arriscada \u00e9 a sua perigosa intera\u00e7\u00e3o com<strong>\u00e1lcool<\/strong>o que aumenta consideravelmente o risco de sobredosagem.<\/p>\n<h3><strong>GHB: Estatuto legal e compra online<\/strong><\/h3>\n<p>Le <strong>estatuto jur\u00eddico do GHB<\/strong> difere de pa\u00eds para pa\u00eds. Em muitos locais, \u00e9 classificada como uma subst\u00e2ncia controlada, dispon\u00edvel apenas mediante receita m\u00e9dica para uso m\u00e9dico restrito. A venda e a utiliza\u00e7\u00e3o de<strong>comprar GHB online<\/strong> \u00e9 estritamente regulamentada e proibida fora dos canais m\u00e9dicos leg\u00edtimos, uma vez que a sua utiliza\u00e7\u00e3o recreativa \u00e9 ilegal na maioria das jurisdi\u00e7\u00f5es.<\/p>\n<h3><strong>GHB como medicamento: Dosagem e utiliza\u00e7\u00e3o segura<\/strong><\/h3>\n<p>Como <strong>medicamentos<\/strong>O GHB \u00e9 principalmente prescrito para tratar a narcolepsia. O <strong>Dosagem de GHB<\/strong> \u00e9 estritamente controlada e adaptada \u00e0s necessidades espec\u00edficas do paciente, uma vez que \u00e9 necess\u00e1ria uma monitoriza\u00e7\u00e3o para evitar a depend\u00eancia. Qualquer tentativa de auto-medica\u00e7\u00e3o \u00e9 fortemente desaconselhada devido aos seus efeitos potentes e \u00e0s intera\u00e7\u00f5es potenciais.<\/p>\n<h3><strong>Rastreio e dete\u00e7\u00e3o de GHB<\/strong><\/h3>\n<p>O GHB pode ser detectado no organismo por v\u00e1rios meios <strong>testes de despistagem<\/strong> toxicologia, embora a sua janela de dete\u00e7\u00e3o seja relativamente curta. Estes testes s\u00e3o frequentemente utilizados em contextos m\u00e9dicos e jur\u00eddicos, nomeadamente em casos de abuso ou de suspeita de intoxica\u00e7\u00e3o.<\/p>\n<h3><strong>Tratamento e recupera\u00e7\u00e3o da depend\u00eancia de GHB<\/strong><\/h3>\n<p>A depend\u00eancia de GHB pode ser um verdadeiro desafio devido aos seus efeitos no sistema nervoso central. O <strong>Tratamento da depend\u00eancia de GHB<\/strong> incluem cuidados m\u00e9dicos, monitoriza\u00e7\u00e3o e, por vezes, medica\u00e7\u00e3o para gerir a abstin\u00eancia com seguran\u00e7a. O apoio psicol\u00f3gico \u00e9 tamb\u00e9m essencial para ajudar os indiv\u00edduos a manterem a sua sobriedade a longo prazo.<\/p>","protected":false},"excerpt":{"rendered":"<p>GHB : Effets, Dangers, Usage M\u00e9dical et Statut L\u00e9gal Le GHB, ou gamma-hydroxybutyrate, est une substance connue pour ses effets s\u00e9datifs et anesth\u00e9siques. Utilis\u00e9 en m\u00e9decine pour traiter la narcolepsie et parfois dans le cadre de traitements contre la d\u00e9pendance, il est \u00e9galement class\u00e9 comme une drogue de synth\u00e8se en raison de son potentiel r\u00e9cr\u00e9atif&hellip;<\/p>","protected":false},"featured_media":6300,"comment_status":"open","ping_status":"closed","template":"","meta":{"_joinchat":[]},"product_cat":[558],"product_tag":[],"class_list":{"0":"post-6225","1":"product","2":"type-product","3":"status-publish","4":"has-post-thumbnail","6":"product_cat-chimiques-de-recherche","8":"first","9":"instock","10":"shipping-taxable","11":"purchasable","12":"product-type-variable","13":"col-xs-6 col-sm-4","14":"col-md-3 col-lg-3","15":"un-4-cols"},"yoast_head":"<!-- This site is optimized with the Yoast SEO plugin v23.8 - https:\/\/yoast.com\/wordpress\/plugins\/seo\/ -->\n<title>GHB : Effets, Dangers, et Usage M\u00e9dical<\/title>\n<meta name=\"description\" content=\"D\u00e9couvrez tout sur le GHB : effets, dangers, usage m\u00e9dical, statut l\u00e9gal, dosage, et traitement de d\u00e9pendance. Explorez les interactions avec l&#039;alcool, GHB m\u00e9dicament\" \/>\n<meta name=\"robots\" content=\"index, follow, max-snippet:-1, max-image-preview:large, max-video-preview:-1\" \/>\n<link rel=\"canonical\" href=\"https:\/\/poudresdenarco.com\/pt\/produto\/ghb\/\" \/>\n<meta property=\"og:locale\" content=\"pt_PT\" \/>\n<meta property=\"og:type\" content=\"article\" \/>\n<meta property=\"og:title\" content=\"GHB : Effets, Dangers, et Usage M\u00e9dical\" \/>\n<meta property=\"og:description\" content=\"D\u00e9couvrez tout sur le GHB : effets, dangers, usage m\u00e9dical, statut l\u00e9gal, dosage, et traitement de d\u00e9pendance. Explorez les interactions avec l&#039;alcool, GHB m\u00e9dicament\" \/>\n<meta property=\"og:url\" content=\"https:\/\/poudresdenarco.com\/pt\/produto\/ghb\/\" \/>\n<meta property=\"og:site_name\" content=\"Poudresde Narco\" \/>\n<meta property=\"article:modified_time\" content=\"2026-01-17T03:01:34+00:00\" \/>\n<meta property=\"og:image\" content=\"https:\/\/poudresdenarco.com\/wp-content\/uploads\/2024\/10\/GHB-1.gif\" \/>\n\t<meta property=\"og:image:width\" content=\"600\" \/>\n\t<meta property=\"og:image:height\" content=\"600\" \/>\n\t<meta property=\"og:image:type\" content=\"image\/gif\" \/>\n<meta name=\"twitter:card\" content=\"summary_large_image\" \/>\n<meta name=\"twitter:label1\" content=\"Tempo estimado de leitura\" \/>\n\t<meta name=\"twitter:data1\" content=\"2 minutos\" \/>\n<script type=\"application\/ld+json\" class=\"yoast-schema-graph\">{\"@context\":\"https:\/\/schema.org\",\"@graph\":[{\"@type\":\"WebPage\",\"@id\":\"https:\/\/poudresdenarco.com\/produit\/ghb\/\",\"url\":\"https:\/\/poudresdenarco.com\/produit\/ghb\/\",\"name\":\"GHB : Effets, Dangers, et Usage M\u00e9dical\",\"isPartOf\":{\"@id\":\"https:\/\/poudresdenarco.com\/#website\"},\"primaryImageOfPage\":{\"@id\":\"https:\/\/poudresdenarco.com\/produit\/ghb\/#primaryimage\"},\"image\":{\"@id\":\"https:\/\/poudresdenarco.com\/produit\/ghb\/#primaryimage\"},\"thumbnailUrl\":\"https:\/\/poudresdenarco.com\/wp-content\/uploads\/2024\/10\/GHB-1.gif\",\"datePublished\":\"2024-10-18T05:40:24+00:00\",\"dateModified\":\"2026-01-17T03:01:34+00:00\",\"description\":\"D\u00e9couvrez tout sur le GHB : effets, dangers, usage m\u00e9dical, statut l\u00e9gal, dosage, et traitement de d\u00e9pendance. Explorez les interactions avec l'alcool, GHB m\u00e9dicament\",\"breadcrumb\":{\"@id\":\"https:\/\/poudresdenarco.com\/produit\/ghb\/#breadcrumb\"},\"inLanguage\":\"pt-PT\",\"potentialAction\":[{\"@type\":\"ReadAction\",\"target\":[\"https:\/\/poudresdenarco.com\/produit\/ghb\/\"]}]},{\"@type\":\"ImageObject\",\"inLanguage\":\"pt-PT\",\"@id\":\"https:\/\/poudresdenarco.com\/produit\/ghb\/#primaryimage\",\"url\":\"https:\/\/poudresdenarco.com\/wp-content\/uploads\/2024\/10\/GHB-1.gif\",\"contentUrl\":\"https:\/\/poudresdenarco.com\/wp-content\/uploads\/2024\/10\/GHB-1.gif\",\"width\":600,\"height\":600,\"caption\":\"GHB\"},{\"@type\":\"BreadcrumbList\",\"@id\":\"https:\/\/poudresdenarco.com\/produit\/ghb\/#breadcrumb\",\"itemListElement\":[{\"@type\":\"ListItem\",\"position\":1,\"name\":\"Home\",\"item\":\"https:\/\/poudresdenarco.com\/\"},{\"@type\":\"ListItem\",\"position\":2,\"name\":\"Boutique\",\"item\":\"https:\/\/poudresdenarco.com\/boutique\/\"},{\"@type\":\"ListItem\",\"position\":3,\"name\":\"GHB,gamma-hydroxybutyrate,\"}]},{\"@type\":\"WebSite\",\"@id\":\"https:\/\/poudresdenarco.com\/#website\",\"url\":\"https:\/\/poudresdenarco.com\/\",\"name\":\"Poudresde Narco\",\"description\":\"Acheter de la coca\u00efne et de l&#039;h\u00e9ro\u00efne en ligne\",\"potentialAction\":[{\"@type\":\"SearchAction\",\"target\":{\"@type\":\"EntryPoint\",\"urlTemplate\":\"https:\/\/poudresdenarco.com\/?s={search_term_string}\"},\"query-input\":{\"@type\":\"PropertyValueSpecification\",\"valueRequired\":true,\"valueName\":\"search_term_string\"}}],\"inLanguage\":\"pt-PT\"}]}<\/script>\n<!-- \/ Yoast SEO plugin. -->","yoast_head_json":{"title":"GHB : Effets, Dangers, et Usage M\u00e9dical","description":"D\u00e9couvrez tout sur le GHB : effets, dangers, usage m\u00e9dical, statut l\u00e9gal, dosage, et traitement de d\u00e9pendance. Explorez les interactions avec l'alcool, GHB m\u00e9dicament","robots":{"index":"index","follow":"follow","max-snippet":"max-snippet:-1","max-image-preview":"max-image-preview:large","max-video-preview":"max-video-preview:-1"},"canonical":"https:\/\/poudresdenarco.com\/pt\/produto\/ghb\/","og_locale":"pt_PT","og_type":"article","og_title":"GHB : Effets, Dangers, et Usage M\u00e9dical","og_description":"D\u00e9couvrez tout sur le GHB : effets, dangers, usage m\u00e9dical, statut l\u00e9gal, dosage, et traitement de d\u00e9pendance. Explorez les interactions avec l'alcool, GHB m\u00e9dicament","og_url":"https:\/\/poudresdenarco.com\/pt\/produto\/ghb\/","og_site_name":"Poudresde Narco","article_modified_time":"2026-01-17T03:01:34+00:00","og_image":[{"width":600,"height":600,"url":"https:\/\/poudresdenarco.com\/wp-content\/uploads\/2024\/10\/GHB-1.gif","type":"image\/gif"}],"twitter_card":"summary_large_image","twitter_misc":{"Tempo estimado de leitura":"2 minutos"},"schema":{"@context":"https:\/\/schema.org","@graph":[{"@type":"WebPage","@id":"https:\/\/poudresdenarco.com\/produit\/ghb\/","url":"https:\/\/poudresdenarco.com\/produit\/ghb\/","name":"GHB : Effets, Dangers, et Usage M\u00e9dical","isPartOf":{"@id":"https:\/\/poudresdenarco.com\/#website"},"primaryImageOfPage":{"@id":"https:\/\/poudresdenarco.com\/produit\/ghb\/#primaryimage"},"image":{"@id":"https:\/\/poudresdenarco.com\/produit\/ghb\/#primaryimage"},"thumbnailUrl":"https:\/\/poudresdenarco.com\/wp-content\/uploads\/2024\/10\/GHB-1.gif","datePublished":"2024-10-18T05:40:24+00:00","dateModified":"2026-01-17T03:01:34+00:00","description":"D\u00e9couvrez tout sur le GHB : effets, dangers, usage m\u00e9dical, statut l\u00e9gal, dosage, et traitement de d\u00e9pendance. Explorez les interactions avec l'alcool, GHB m\u00e9dicament","breadcrumb":{"@id":"https:\/\/poudresdenarco.com\/produit\/ghb\/#breadcrumb"},"inLanguage":"pt-PT","potentialAction":[{"@type":"ReadAction","target":["https:\/\/poudresdenarco.com\/produit\/ghb\/"]}]},{"@type":"ImageObject","inLanguage":"pt-PT","@id":"https:\/\/poudresdenarco.com\/produit\/ghb\/#primaryimage","url":"https:\/\/poudresdenarco.com\/wp-content\/uploads\/2024\/10\/GHB-1.gif","contentUrl":"https:\/\/poudresdenarco.com\/wp-content\/uploads\/2024\/10\/GHB-1.gif","width":600,"height":600,"caption":"GHB"},{"@type":"BreadcrumbList","@id":"https:\/\/poudresdenarco.com\/produit\/ghb\/#breadcrumb","itemListElement":[{"@type":"ListItem","position":1,"name":"Home","item":"https:\/\/poudresdenarco.com\/"},{"@type":"ListItem","position":2,"name":"Boutique","item":"https:\/\/poudresdenarco.com\/boutique\/"},{"@type":"ListItem","position":3,"name":"GHB,gamma-hydroxybutyrate,"}]},{"@type":"WebSite","@id":"https:\/\/poudresdenarco.com\/#website","url":"https:\/\/poudresdenarco.com\/","name":"Poudresde Narco","description":"Acheter de la coca\u00efne et de l&#039;h\u00e9ro\u00efne en ligne","potentialAction":[{"@type":"SearchAction","target":{"@type":"EntryPoint","urlTemplate":"https:\/\/poudresdenarco.com\/?s={search_term_string}"},"query-input":{"@type":"PropertyValueSpecification","valueRequired":true,"valueName":"search_term_string"}}],"inLanguage":"pt-PT"}]}},"_links":{"self":[{"href":"https:\/\/poudresdenarco.com\/pt\/wp-json\/wp\/v2\/product\/6225","targetHints":{"allow":["GET"]}}],"collection":[{"href":"https:\/\/poudresdenarco.com\/pt\/wp-json\/wp\/v2\/product"}],"about":[{"href":"https:\/\/poudresdenarco.com\/pt\/wp-json\/wp\/v2\/types\/product"}],"replies":[{"embeddable":true,"href":"https:\/\/poudresdenarco.com\/pt\/wp-json\/wp\/v2\/comments?post=6225"}],"wp:featuredmedia":[{"embeddable":true,"href":"https:\/\/poudresdenarco.com\/pt\/wp-json\/wp\/v2\/media\/6300"}],"wp:attachment":[{"href":"https:\/\/poudresdenarco.com\/pt\/wp-json\/wp\/v2\/media?parent=6225"}],"wp:term":[{"taxonomy":"product_cat","embeddable":true,"href":"https:\/\/poudresdenarco.com\/pt\/wp-json\/wp\/v2\/product_cat?post=6225"},{"taxonomy":"product_tag","embeddable":true,"href":"https:\/\/poudresdenarco.com\/pt\/wp-json\/wp\/v2\/product_tag?post=6225"}],"curies":[{"name":"wp","href":"https:\/\/api.w.org\/{rel}","templated":true}]}}