{"id":6311,"date":"2024-10-18T05:55:06","date_gmt":"2024-10-18T05:55:06","guid":{"rendered":"https:\/\/poudresdenarco.com\/?post_type=product&#038;p=6311"},"modified":"2026-01-17T02:58:27","modified_gmt":"2026-01-17T02:58:27","slug":"3mmc","status":"publish","type":"product","link":"https:\/\/poudresdenarco.com\/pt\/produto\/3mmc\/","title":{"rendered":"3mmc"},"content":{"rendered":"<h2>O que \u00e9 o 3-MMC?<\/h2>\n<p>O 3-MMC de compra \u00e9 uma subst\u00e2ncia psicotr\u00f3pica pertencente \u00e0 fam\u00edlia das anfetaminas. A sua estrutura entactog\u00e9nica \u00e9 compar\u00e1vel \u00e0 da metanfetamina e a sua estrutura \u00e9 semelhante \u00e0 da metanfetamina, com exce\u00e7\u00e3o do grupo metilo do 3-MMC.<a href=\"https:\/\/legitgrams.com\/product-category\/cocaine\/\">.<\/a><\/p>\n<p>La <a href=\"https:\/\/poudresdenarco.com\/pt\/produto\/3mmc\/\">3-metil-metanfetamina<\/a>A 3-metoximetanfetamina \u00e9 um tipo de metanfetamina.<\/p>\n<p>A subst\u00e2ncia qu\u00edmica 1-(3-metoxifenil)-N-metil propano-2-amina pertence \u00e0 classe das fenetilaminas e anfetaminas. Os seus compostos s\u00e3o chamados derivados porque s\u00e3o gerados quando s\u00e3o substitu\u00eddos ou substitu\u00eddos. As anfetaminas s\u00e3o um tipo de fenetilamina que sofreu substitui\u00e7\u00e3o.<\/p>\n<p>A 3-metil-metanfetamina foi descoberta e fabricada pela primeira vez em It\u00e1lia em 1970. David E. Nichols redescobriu-a como um equivalente n\u00e3o neurot\u00f3xico mais tarde, em 1991. Nos laborat\u00f3rios, a 3-metil-metanfetamina \u00e9 produzida em conformidade com todas as normas de qualidade.<\/p>\n<p>Embora tenha sido demonstrado que inibe a reabsor\u00e7\u00e3o da serotonina, nada se sabe sobre as carater\u00edsticas da 3-metil-metanfetamina.<\/p>\n<p><strong>Aviso<\/strong><br \/>\nEste produto n\u00e3o deve ser administrado a seres humanos e animais. Destina-se exclusivamente \u00e0 venda para fins de investiga\u00e7\u00e3o laboratorial. Aconselhamos vivamente o manuseamento do composto com extremo cuidado, utilizando luvas, m\u00e1scaras e outros dispositivos anti-contamina\u00e7\u00e3o.<\/p>\n<h3>O 3-MMC \u00e9 legal?<\/h3>\n<p>Antes de comprar 3-metil-metanfetamina, recomendamos vivamente que se informe junto das autoridades competentes da sua regi\u00e3o de resid\u00eancia ou de destino.<\/p>\n<p>Ao impormos leis rigorosas \u00e0 venda deste produto, estamos a tomar todas as medidas de prote\u00e7\u00e3o necess\u00e1rias para garantir que os nossos consumidores est\u00e3o do lado seguro da lei. As leis e as regras est\u00e3o em constante mudan\u00e7a, pelo que \u00e9 essencial que o cliente se mantenha atualizado sobre o que se passa na sua \u00e1rea. N\u00e3o nos responsabilizamos por quaisquer problemas legais que possam surgir como resultado da obten\u00e7\u00e3o de 3-metil-metanfetamina na sua \u00e1rea.<\/p>\n<h3>Onde posso comprar o 3-MMC?<\/h3>\n<p><a href=\"https:\/\/poudresdenarco.com\/pt\/\">P\u00f3Denarco<\/a> \u00e9 um fabricante e distribuidor l\u00edder de 3-metil-metanfetamina e outros produtos qu\u00edmicos. Orgulhamo-nos de fornecer produtos qu\u00edmicos de alta qualidade, especialmente alguns que s\u00e3o dif\u00edceis de encontrar. O <a href=\"https:\/\/en.wikipedia.org\/wiki\/3-Methylmethcathinone\">3-metil-metanfetamina<\/a> est\u00e1 dispon\u00edvel na forma de p\u00f3 e s\u00f3 \u00e9 fornecido para estudos laboratoriais. Esta subst\u00e2ncia s\u00f3 est\u00e1 dispon\u00edvel para adultos com idade igual ou superior a 18 anos.<\/p>","protected":false},"excerpt":{"rendered":"<p>Qu&rsquo;est-ce que le 3-MMC ? Acheter du 3-MMC est une substance psychotrope qui appartient \u00e0 la famille des amph\u00e9tamines. Sa structure entactog\u00e8ne est comparable \u00e0 celle de la m\u00e9thamph\u00e9tamine et sa structure est similaire \u00e0 celle de la m\u00e9thamph\u00e9tamine \u00e0 l&rsquo;exception du groupe m\u00e9thyle 3-MMC. La 3-m\u00e9thyl-m\u00e9thamph\u00e9tamine, souvent appel\u00e9e 3-m\u00e9thoxym\u00e9thamph\u00e9tamine, est une sorte de m\u00e9thamph\u00e9tamine.&hellip;<\/p>","protected":false},"featured_media":6312,"comment_status":"open","ping_status":"closed","template":"","meta":{"_joinchat":[]},"product_cat":[558,751],"product_tag":[],"class_list":{"0":"post-6311","1":"product","2":"type-product","3":"status-publish","4":"has-post-thumbnail","6":"product_cat-chimiques-de-recherche","7":"product_cat-stimulants","9":"first","10":"instock","11":"shipping-taxable","12":"purchasable","13":"product-type-variable","14":"col-xs-6 col-sm-4","15":"col-md-3 col-lg-3","16":"un-4-cols"},"yoast_head":"<!-- This site is optimized with the Yoast SEO plugin v23.8 - https:\/\/yoast.com\/wordpress\/plugins\/seo\/ -->\n<title>3-MMC : Effets, Risques et Statut L\u00e9gal du 3-M\u00e9thylm\u00e9thcathinone<\/title>\n<meta name=\"description\" content=\"les risques et le statut l\u00e9gal du 3-MMC (3-M\u00e9thylm\u00e9thcathinone). D\u00e9couvrez ses usages, Acheter 3CMC rapidement et facilement sur poudresdenarco.\" \/>\n<meta name=\"robots\" content=\"index, follow, max-snippet:-1, max-image-preview:large, max-video-preview:-1\" \/>\n<link rel=\"canonical\" href=\"https:\/\/poudresdenarco.com\/pt\/produto\/3mmc\/\" \/>\n<meta property=\"og:locale\" content=\"pt_PT\" \/>\n<meta property=\"og:type\" content=\"article\" \/>\n<meta property=\"og:title\" content=\"3-MMC : Effets, Risques et Statut L\u00e9gal du 3-M\u00e9thylm\u00e9thcathinone\" \/>\n<meta property=\"og:description\" content=\"les risques et le statut l\u00e9gal du 3-MMC (3-M\u00e9thylm\u00e9thcathinone). D\u00e9couvrez ses usages, Acheter 3CMC rapidement et facilement sur poudresdenarco.\" \/>\n<meta property=\"og:url\" content=\"https:\/\/poudresdenarco.com\/pt\/produto\/3mmc\/\" \/>\n<meta property=\"og:site_name\" content=\"Poudresde Narco\" \/>\n<meta property=\"article:modified_time\" content=\"2026-01-17T02:58:27+00:00\" \/>\n<meta property=\"og:image\" content=\"https:\/\/poudresdenarco.com\/wp-content\/uploads\/2024\/10\/3mmc.gif\" \/>\n\t<meta property=\"og:image:width\" content=\"600\" \/>\n\t<meta property=\"og:image:height\" content=\"600\" \/>\n\t<meta property=\"og:image:type\" content=\"image\/gif\" \/>\n<meta name=\"twitter:card\" content=\"summary_large_image\" \/>\n<meta name=\"twitter:label1\" content=\"Tempo estimado de leitura\" \/>\n\t<meta name=\"twitter:data1\" content=\"2 minutos\" \/>\n<script type=\"application\/ld+json\" class=\"yoast-schema-graph\">{\"@context\":\"https:\/\/schema.org\",\"@graph\":[{\"@type\":\"WebPage\",\"@id\":\"https:\/\/poudresdenarco.com\/produit\/3mmc\/\",\"url\":\"https:\/\/poudresdenarco.com\/produit\/3mmc\/\",\"name\":\"3-MMC : Effets, Risques et Statut L\u00e9gal du 3-M\u00e9thylm\u00e9thcathinone\",\"isPartOf\":{\"@id\":\"https:\/\/poudresdenarco.com\/#website\"},\"primaryImageOfPage\":{\"@id\":\"https:\/\/poudresdenarco.com\/produit\/3mmc\/#primaryimage\"},\"image\":{\"@id\":\"https:\/\/poudresdenarco.com\/produit\/3mmc\/#primaryimage\"},\"thumbnailUrl\":\"https:\/\/poudresdenarco.com\/wp-content\/uploads\/2024\/10\/3mmc.gif\",\"datePublished\":\"2024-10-18T05:55:06+00:00\",\"dateModified\":\"2026-01-17T02:58:27+00:00\",\"description\":\"les risques et le statut l\u00e9gal du 3-MMC (3-M\u00e9thylm\u00e9thcathinone). D\u00e9couvrez ses usages, Acheter 3CMC rapidement et facilement sur poudresdenarco.\",\"breadcrumb\":{\"@id\":\"https:\/\/poudresdenarco.com\/produit\/3mmc\/#breadcrumb\"},\"inLanguage\":\"pt-PT\",\"potentialAction\":[{\"@type\":\"ReadAction\",\"target\":[\"https:\/\/poudresdenarco.com\/produit\/3mmc\/\"]}]},{\"@type\":\"ImageObject\",\"inLanguage\":\"pt-PT\",\"@id\":\"https:\/\/poudresdenarco.com\/produit\/3mmc\/#primaryimage\",\"url\":\"https:\/\/poudresdenarco.com\/wp-content\/uploads\/2024\/10\/3mmc.gif\",\"contentUrl\":\"https:\/\/poudresdenarco.com\/wp-content\/uploads\/2024\/10\/3mmc.gif\",\"width\":600,\"height\":600,\"caption\":\"3-MMC\"},{\"@type\":\"BreadcrumbList\",\"@id\":\"https:\/\/poudresdenarco.com\/produit\/3mmc\/#breadcrumb\",\"itemListElement\":[{\"@type\":\"ListItem\",\"position\":1,\"name\":\"Home\",\"item\":\"https:\/\/poudresdenarco.com\/\"},{\"@type\":\"ListItem\",\"position\":2,\"name\":\"Boutique\",\"item\":\"https:\/\/poudresdenarco.com\/boutique\/\"},{\"@type\":\"ListItem\",\"position\":3,\"name\":\"3mmc\"}]},{\"@type\":\"WebSite\",\"@id\":\"https:\/\/poudresdenarco.com\/#website\",\"url\":\"https:\/\/poudresdenarco.com\/\",\"name\":\"Poudresde Narco\",\"description\":\"Acheter de la coca\u00efne et de l&#039;h\u00e9ro\u00efne en ligne\",\"potentialAction\":[{\"@type\":\"SearchAction\",\"target\":{\"@type\":\"EntryPoint\",\"urlTemplate\":\"https:\/\/poudresdenarco.com\/?s={search_term_string}\"},\"query-input\":{\"@type\":\"PropertyValueSpecification\",\"valueRequired\":true,\"valueName\":\"search_term_string\"}}],\"inLanguage\":\"pt-PT\"}]}<\/script>\n<!-- \/ Yoast SEO plugin. -->","yoast_head_json":{"title":"3-MMC : Effets, Risques et Statut L\u00e9gal du 3-M\u00e9thylm\u00e9thcathinone","description":"les risques et le statut l\u00e9gal du 3-MMC (3-M\u00e9thylm\u00e9thcathinone). D\u00e9couvrez ses usages, Acheter 3CMC rapidement et facilement sur poudresdenarco.","robots":{"index":"index","follow":"follow","max-snippet":"max-snippet:-1","max-image-preview":"max-image-preview:large","max-video-preview":"max-video-preview:-1"},"canonical":"https:\/\/poudresdenarco.com\/pt\/produto\/3mmc\/","og_locale":"pt_PT","og_type":"article","og_title":"3-MMC : Effets, Risques et Statut L\u00e9gal du 3-M\u00e9thylm\u00e9thcathinone","og_description":"les risques et le statut l\u00e9gal du 3-MMC (3-M\u00e9thylm\u00e9thcathinone). D\u00e9couvrez ses usages, Acheter 3CMC rapidement et facilement sur poudresdenarco.","og_url":"https:\/\/poudresdenarco.com\/pt\/produto\/3mmc\/","og_site_name":"Poudresde Narco","article_modified_time":"2026-01-17T02:58:27+00:00","og_image":[{"width":600,"height":600,"url":"https:\/\/poudresdenarco.com\/wp-content\/uploads\/2024\/10\/3mmc.gif","type":"image\/gif"}],"twitter_card":"summary_large_image","twitter_misc":{"Tempo estimado de leitura":"2 minutos"},"schema":{"@context":"https:\/\/schema.org","@graph":[{"@type":"WebPage","@id":"https:\/\/poudresdenarco.com\/produit\/3mmc\/","url":"https:\/\/poudresdenarco.com\/produit\/3mmc\/","name":"3-MMC : Effets, Risques et Statut L\u00e9gal du 3-M\u00e9thylm\u00e9thcathinone","isPartOf":{"@id":"https:\/\/poudresdenarco.com\/#website"},"primaryImageOfPage":{"@id":"https:\/\/poudresdenarco.com\/produit\/3mmc\/#primaryimage"},"image":{"@id":"https:\/\/poudresdenarco.com\/produit\/3mmc\/#primaryimage"},"thumbnailUrl":"https:\/\/poudresdenarco.com\/wp-content\/uploads\/2024\/10\/3mmc.gif","datePublished":"2024-10-18T05:55:06+00:00","dateModified":"2026-01-17T02:58:27+00:00","description":"les risques et le statut l\u00e9gal du 3-MMC (3-M\u00e9thylm\u00e9thcathinone). D\u00e9couvrez ses usages, Acheter 3CMC rapidement et facilement sur poudresdenarco.","breadcrumb":{"@id":"https:\/\/poudresdenarco.com\/produit\/3mmc\/#breadcrumb"},"inLanguage":"pt-PT","potentialAction":[{"@type":"ReadAction","target":["https:\/\/poudresdenarco.com\/produit\/3mmc\/"]}]},{"@type":"ImageObject","inLanguage":"pt-PT","@id":"https:\/\/poudresdenarco.com\/produit\/3mmc\/#primaryimage","url":"https:\/\/poudresdenarco.com\/wp-content\/uploads\/2024\/10\/3mmc.gif","contentUrl":"https:\/\/poudresdenarco.com\/wp-content\/uploads\/2024\/10\/3mmc.gif","width":600,"height":600,"caption":"3-MMC"},{"@type":"BreadcrumbList","@id":"https:\/\/poudresdenarco.com\/produit\/3mmc\/#breadcrumb","itemListElement":[{"@type":"ListItem","position":1,"name":"Home","item":"https:\/\/poudresdenarco.com\/"},{"@type":"ListItem","position":2,"name":"Boutique","item":"https:\/\/poudresdenarco.com\/boutique\/"},{"@type":"ListItem","position":3,"name":"3mmc"}]},{"@type":"WebSite","@id":"https:\/\/poudresdenarco.com\/#website","url":"https:\/\/poudresdenarco.com\/","name":"Poudresde Narco","description":"Acheter de la coca\u00efne et de l&#039;h\u00e9ro\u00efne en ligne","potentialAction":[{"@type":"SearchAction","target":{"@type":"EntryPoint","urlTemplate":"https:\/\/poudresdenarco.com\/?s={search_term_string}"},"query-input":{"@type":"PropertyValueSpecification","valueRequired":true,"valueName":"search_term_string"}}],"inLanguage":"pt-PT"}]}},"_links":{"self":[{"href":"https:\/\/poudresdenarco.com\/pt\/wp-json\/wp\/v2\/product\/6311","targetHints":{"allow":["GET"]}}],"collection":[{"href":"https:\/\/poudresdenarco.com\/pt\/wp-json\/wp\/v2\/product"}],"about":[{"href":"https:\/\/poudresdenarco.com\/pt\/wp-json\/wp\/v2\/types\/product"}],"replies":[{"embeddable":true,"href":"https:\/\/poudresdenarco.com\/pt\/wp-json\/wp\/v2\/comments?post=6311"}],"wp:featuredmedia":[{"embeddable":true,"href":"https:\/\/poudresdenarco.com\/pt\/wp-json\/wp\/v2\/media\/6312"}],"wp:attachment":[{"href":"https:\/\/poudresdenarco.com\/pt\/wp-json\/wp\/v2\/media?parent=6311"}],"wp:term":[{"taxonomy":"product_cat","embeddable":true,"href":"https:\/\/poudresdenarco.com\/pt\/wp-json\/wp\/v2\/product_cat?post=6311"},{"taxonomy":"product_tag","embeddable":true,"href":"https:\/\/poudresdenarco.com\/pt\/wp-json\/wp\/v2\/product_tag?post=6311"}],"curies":[{"name":"wp","href":"https:\/\/api.w.org\/{rel}","templated":true}]}}