{"id":103,"date":"2023-12-25T08:20:15","date_gmt":"2023-12-25T08:20:15","guid":{"rendered":"https:\/\/unkrautmarkt.com\/narco1\/?post_type=product&#038;p=103"},"modified":"2025-06-10T03:00:51","modified_gmt":"2025-06-10T03:00:51","slug":"heroine-afghane","status":"publish","type":"product","link":"https:\/\/poudresdenarco.com\/ro\/produs\/heroina-afgana\/","title":{"rendered":"Heroin\u0103 afgan\u0103"},"content":{"rendered":"<h2>Cump\u0103rarea online de heroin\u0103 afgan\u0103<\/h2>\n<p>OB\u021aINE\u021aI MAI MULT<a href=\"https:\/\/en.wikipedia.org\/wiki\/Heroin\">HEROINA<\/a> AFGHANE ONLINE: CEA MAI RECENT\u0102 C\u0102UTARE POSIBIL\u0102 A ADEV\u0102RATEI EROINE AFGANE<\/p>\n<p>Salut\u0103ri de la<a href=\"https:\/\/poudresdenarco.com\/ro\/produs\/heroina-afgana\/\">Cump\u0103rarea online de heroin\u0103 afgan\u0103<\/a>Cel mai bun loc pentru a ob\u021bine heroin\u0103 afgan\u0103 adev\u0103rat\u0103. Specialitatea noastr\u0103 este s\u0103 oferim clien\u021bilor no\u0219tri cea mai bun\u0103 heroin\u0103 afgan\u0103 ieftin\u0103.<\/p>\n<p>ob\u021binut\u0103 direct din Afganistan. Cu ani de experien\u021b\u0103 \u00een domeniu, ne-am stabilit ca unul dintre cei mai de \u00eencredere \u0219i one\u0219ti furnizori de heroin\u0103 afgan\u0103 de pe pia\u021b\u0103.<\/p>\n<h3>Avantajele heroinei Aghani<\/h3>\n<p>Cump\u0103rarea online de heroin\u0103 afgan\u0103 este cea mai bun\u0103 op\u021biune dac\u0103 dori\u021bi un efect puternic \u0219i pl\u0103cut. Cele mai puternice efecte fac ca aceast\u0103 heroin\u0103 afgan\u0103 s\u0103 fie foarte popular\u0103 la v\u00e2nzare. Av\u00e2nd \u00een vedere prevalen\u021ba dependen\u021bei de opioide \u0219i a durerii cronice \u00een societatea contemporan\u0103, heroina afgan\u0103 este frecvent recomandat\u0103 pentru tratarea acestor afec\u021biuni.<\/p>\n<h3>Cum se fabric\u0103 heroina afgan\u0103?<\/h3>\n<p>Numai pe site-ul nostru pute\u021bi cump\u0103ra heroin\u0103 afgan\u0103 online \u00een Regatul Unit. Heroina afgan\u0103 este derivat\u0103 din opiu. Morfina \u0219i codeina sunt produse \u00een mod natural de planta de mac. Heroina afgan\u0103 se ob\u021bine prin fierberea opiului p\u00e2n\u0103 c\u00e2nd acesta se transform\u0103 \u00eentr-un gudron negru \u0219i lipicios, apoi se filtreaz\u0103 printr-o p\u00e2nz\u0103 de br\u00e2nzeturi pentru a elimina impurit\u0103\u021bile. Acest gudron negru este uscat \u0219i m\u0103cinat \u00een pulbere \u00eenainte de a fi utilizat pentru a face c\u0103r\u0103mizi sau pastile.<\/p>\n<p>Cump\u0103ra\u021bi heroin\u0103 afgan\u0103, care se prezint\u0103 \u00eentr-o varietate de forme \u0219i func\u021bii. Cea mai comun\u0103 varietate de heroin\u0103 afgan\u0103 se nume\u0219te \"opiu brut\" sau heroin\u0103 alb\u0103 \u0219i este, \u00een general, de calitate inferioar\u0103. Heroina brun\u0103, fabricat\u0103 din gudron negru par\u021bial uscat, este mai r\u0103sp\u00e2ndit\u0103 datorit\u0103 rezisten\u021bei sale. \u00cen timp ce heroina maro \u00eenchis ofer\u0103 cele mai puternice efecte, aceasta are, de asemenea, cel mai mare poten\u021bial de abuz, deoarece este fabricat\u0103 din gudron negru complet uscat.<\/p>\n<h3>Cum se fabric\u0103 heroina afgan\u0103?<\/h3>\n<p>Numai pe site-ul nostru pute\u021bi cump\u0103ra heroin\u0103 afgan\u0103 online \u00een Regatul Unit. Heroina afgan\u0103 este derivat\u0103 din opiu. Morfina \u0219i codeina sunt produse \u00een mod natural de planta de mac. Heroina afgan\u0103 se ob\u021bine prin fierberea opiului p\u00e2n\u0103 c\u00e2nd acesta se transform\u0103 \u00eentr-un gudron negru \u0219i lipicios, apoi se filtreaz\u0103 printr-o p\u00e2nz\u0103 de br\u00e2nzeturi pentru a elimina impurit\u0103\u021bile. Acest gudron negru este uscat \u0219i m\u0103cinat \u00een pulbere \u00eenainte de a fi utilizat pentru a face c\u0103r\u0103mizi sau pastile.<\/p>\n<p>Cump\u0103ra\u021bi heroin\u0103 afgan\u0103, care se prezint\u0103 \u00eentr-o varietate de forme \u0219i func\u021bii. Cea mai comun\u0103 varietate de heroin\u0103 afgan\u0103 se nume\u0219te \"opiu brut\" sau heroin\u0103 alb\u0103 \u0219i este, \u00een general, de calitate inferioar\u0103. Heroina brun\u0103, fabricat\u0103 din gudron negru par\u021bial uscat, este mai r\u0103sp\u00e2ndit\u0103 datorit\u0103 rezisten\u021bei sale. \u00cen timp ce heroina maro \u00eenchis ofer\u0103 cele mai puternice efecte, aceasta are, de asemenea, cel mai mare poten\u021bial de abuz, deoarece este fabricat\u0103 din gudron negru complet uscat.<\/p>\n<h3>din cauza dificult\u0103\u021bilor sale \u00een gestionarea dosaDe ce s\u0103 opta\u021bi pentru a cump\u0103ra heroin\u0103 afgan\u0103 online?<\/h3>\n<p>\u00cen\u021belegem c\u0103 g\u0103sirea unui furnizor de \u00eencredere de heroin\u0103 afgan\u0103 ieftin\u0103 poate fi dificil\u0103 \u0219i descurajant\u0103. Poate fi dificil s\u0103 determina\u021bi \u00een cine s\u0103 ave\u021bi \u00eencredere atunci c\u00e2nd exist\u0103 at\u00e2t de multe produse contraf\u0103cute \u0219i v\u00e2nz\u0103tori dubio\u0219i. La Buy Afghan Heroin Online, ne dorim ca clien\u021bii no\u0219tri s\u0103 aib\u0103 o experien\u021b\u0103 de cump\u0103rare simpl\u0103 \u0219i sigur\u0103, motiv pentru care oferim urm\u0103toarele beneficii:<\/p>\n<h3>Heroin\u0103 afgan\u0103 autentic\u0103 de v\u00e2nzare la pre\u021buri accesibile<\/h3>\n<p>Pentru a v\u0103 oferi cea mai bun\u0103 heroin\u0103 disponibil\u0103, lucr\u0103m direct cu surse de \u00eencredere din Afganistan. V\u0103 asigur\u0103m c\u0103 produsele noastre sunt pure \u0219i puternice \u0219i c\u0103 sunt 100 % legitime. Produsele noastre au pre\u021buri competitive \u0219i credem c\u0103 toat\u0103 lumea ar trebui s\u0103 aib\u0103 acces la heroin\u0103 de \u00eenalt\u0103 calitate la un pre\u021b accesibil.<\/p>","protected":false},"excerpt":{"rendered":"<p>Acheter de l&rsquo;h\u00e9ro\u00efne afghane en ligne OBTENEZ DE L&rsquo;H\u00c9RO\u00cfNE AFGHANE EN LIGNE\u00a0: LA RECHERCHE DERNI\u00c8RE POSSIBLE SUR LA VRAIE H\u00c9RO\u00cfNE AFGHANE Salutations de la part d&rsquo;Acheter de l&rsquo;h\u00e9ro\u00efne afghane en ligne, le meilleur endroit pour obtenir de la v\u00e9ritable h\u00e9ro\u00efne afghane. Notre sp\u00e9cialit\u00e9 est d&rsquo;offrir la meilleure h\u00e9ro\u00efne afghane bon march\u00e9 \u00e0 nos clients. obtenu&hellip;<\/p>","protected":false},"featured_media":251,"comment_status":"open","ping_status":"closed","template":"","meta":{"_joinchat":[]},"product_cat":[17],"product_tag":[],"class_list":{"0":"post-103","1":"product","2":"type-product","3":"status-publish","4":"has-post-thumbnail","6":"product_cat-de-heroine","8":"first","9":"instock","10":"shipping-taxable","11":"purchasable","12":"product-type-variable","13":"col-xs-6 col-sm-4","14":"col-md-3 col-lg-3","15":"un-4-cols"},"yoast_head":"<!-- This site is optimized with the Yoast SEO plugin v23.8 - https:\/\/yoast.com\/wordpress\/plugins\/seo\/ -->\n<title>Acheter de l&#039;h\u00e9ro\u00efne afghane en ligne - H\u00e9ro\u00efne afghane \u00e0 vendre<\/title>\n<meta name=\"description\" content=\"C&#039;est le meilleur moment pour visiter notre boutique en ligne PoudresDenarco et acheter de l&#039;h\u00e9ro\u00efne afghane en ligne. Nous avons de l&#039;h\u00e9ro\u00efne afghane \u00e0 vendre ici. Rencontrez-nous en ligne et passez votre commande d\u00e8s aujourd&#039;hui !\" \/>\n<meta name=\"robots\" content=\"index, follow, max-snippet:-1, max-image-preview:large, max-video-preview:-1\" \/>\n<link rel=\"canonical\" href=\"https:\/\/poudresdenarco.com\/ro\/produs\/heroina-afgana\/\" \/>\n<meta property=\"og:locale\" content=\"ro_RO\" \/>\n<meta property=\"og:type\" content=\"article\" \/>\n<meta property=\"og:title\" content=\"Acheter de l&#039;h\u00e9ro\u00efne afghane en ligne - H\u00e9ro\u00efne afghane \u00e0 vendre\" \/>\n<meta property=\"og:description\" content=\"C&#039;est le meilleur moment pour visiter notre boutique en ligne PoudresDenarco et acheter de l&#039;h\u00e9ro\u00efne afghane en ligne. Nous avons de l&#039;h\u00e9ro\u00efne afghane \u00e0 vendre ici. Rencontrez-nous en ligne et passez votre commande d\u00e8s aujourd&#039;hui !\" \/>\n<meta property=\"og:url\" content=\"https:\/\/poudresdenarco.com\/ro\/produs\/heroina-afgana\/\" \/>\n<meta property=\"og:site_name\" content=\"Poudresde Narco\" \/>\n<meta property=\"article:modified_time\" content=\"2025-06-10T03:00:51+00:00\" \/>\n<meta property=\"og:image\" content=\"https:\/\/poudresdenarco.com\/wp-content\/uploads\/2023\/12\/Afghan-Heroin-white.jpg\" \/>\n\t<meta property=\"og:image:width\" content=\"600\" \/>\n\t<meta property=\"og:image:height\" content=\"600\" \/>\n\t<meta property=\"og:image:type\" content=\"image\/jpeg\" \/>\n<meta name=\"twitter:card\" content=\"summary_large_image\" \/>\n<meta name=\"twitter:label1\" content=\"Timp estimat pentru citire\" \/>\n\t<meta name=\"twitter:data1\" content=\"4 minute\" \/>\n<script type=\"application\/ld+json\" class=\"yoast-schema-graph\">{\"@context\":\"https:\/\/schema.org\",\"@graph\":[{\"@type\":\"WebPage\",\"@id\":\"https:\/\/poudresdenarco.com\/produit\/heroine-afghane\/\",\"url\":\"https:\/\/poudresdenarco.com\/produit\/heroine-afghane\/\",\"name\":\"Acheter de l'h\u00e9ro\u00efne afghane en ligne - H\u00e9ro\u00efne afghane \u00e0 vendre\",\"isPartOf\":{\"@id\":\"https:\/\/poudresdenarco.com\/#website\"},\"primaryImageOfPage\":{\"@id\":\"https:\/\/poudresdenarco.com\/produit\/heroine-afghane\/#primaryimage\"},\"image\":{\"@id\":\"https:\/\/poudresdenarco.com\/produit\/heroine-afghane\/#primaryimage\"},\"thumbnailUrl\":\"https:\/\/poudresdenarco.com\/wp-content\/uploads\/2023\/12\/Afghan-Heroin-white.jpg\",\"datePublished\":\"2023-12-25T08:20:15+00:00\",\"dateModified\":\"2025-06-10T03:00:51+00:00\",\"description\":\"C'est le meilleur moment pour visiter notre boutique en ligne PoudresDenarco et acheter de l'h\u00e9ro\u00efne afghane en ligne. Nous avons de l'h\u00e9ro\u00efne afghane \u00e0 vendre ici. Rencontrez-nous en ligne et passez votre commande d\u00e8s aujourd'hui !\",\"breadcrumb\":{\"@id\":\"https:\/\/poudresdenarco.com\/produit\/heroine-afghane\/#breadcrumb\"},\"inLanguage\":\"ro-RO\",\"potentialAction\":[{\"@type\":\"ReadAction\",\"target\":[\"https:\/\/poudresdenarco.com\/produit\/heroine-afghane\/\"]}]},{\"@type\":\"ImageObject\",\"inLanguage\":\"ro-RO\",\"@id\":\"https:\/\/poudresdenarco.com\/produit\/heroine-afghane\/#primaryimage\",\"url\":\"https:\/\/poudresdenarco.com\/wp-content\/uploads\/2023\/12\/Afghan-Heroin-white.jpg\",\"contentUrl\":\"https:\/\/poudresdenarco.com\/wp-content\/uploads\/2023\/12\/Afghan-Heroin-white.jpg\",\"width\":600,\"height\":600,\"caption\":\"Afghan-Heroin-white\"},{\"@type\":\"BreadcrumbList\",\"@id\":\"https:\/\/poudresdenarco.com\/produit\/heroine-afghane\/#breadcrumb\",\"itemListElement\":[{\"@type\":\"ListItem\",\"position\":1,\"name\":\"Home\",\"item\":\"https:\/\/poudresdenarco.com\/\"},{\"@type\":\"ListItem\",\"position\":2,\"name\":\"Boutique\",\"item\":\"https:\/\/poudresdenarco.com\/boutique\/\"},{\"@type\":\"ListItem\",\"position\":3,\"name\":\"H\u00e9ro\u00efne afghane\"}]},{\"@type\":\"WebSite\",\"@id\":\"https:\/\/poudresdenarco.com\/#website\",\"url\":\"https:\/\/poudresdenarco.com\/\",\"name\":\"Poudresde Narco\",\"description\":\"Acheter de la coca\u00efne et de l&#039;h\u00e9ro\u00efne en ligne\",\"potentialAction\":[{\"@type\":\"SearchAction\",\"target\":{\"@type\":\"EntryPoint\",\"urlTemplate\":\"https:\/\/poudresdenarco.com\/?s={search_term_string}\"},\"query-input\":{\"@type\":\"PropertyValueSpecification\",\"valueRequired\":true,\"valueName\":\"search_term_string\"}}],\"inLanguage\":\"ro-RO\"}]}<\/script>\n<!-- \/ Yoast SEO plugin. -->","yoast_head_json":{"title":"Acheter de l'h\u00e9ro\u00efne afghane en ligne - H\u00e9ro\u00efne afghane \u00e0 vendre","description":"C'est le meilleur moment pour visiter notre boutique en ligne PoudresDenarco et acheter de l'h\u00e9ro\u00efne afghane en ligne. Nous avons de l'h\u00e9ro\u00efne afghane \u00e0 vendre ici. Rencontrez-nous en ligne et passez votre commande d\u00e8s aujourd'hui !","robots":{"index":"index","follow":"follow","max-snippet":"max-snippet:-1","max-image-preview":"max-image-preview:large","max-video-preview":"max-video-preview:-1"},"canonical":"https:\/\/poudresdenarco.com\/ro\/produs\/heroina-afgana\/","og_locale":"ro_RO","og_type":"article","og_title":"Acheter de l'h\u00e9ro\u00efne afghane en ligne - H\u00e9ro\u00efne afghane \u00e0 vendre","og_description":"C'est le meilleur moment pour visiter notre boutique en ligne PoudresDenarco et acheter de l'h\u00e9ro\u00efne afghane en ligne. Nous avons de l'h\u00e9ro\u00efne afghane \u00e0 vendre ici. Rencontrez-nous en ligne et passez votre commande d\u00e8s aujourd'hui !","og_url":"https:\/\/poudresdenarco.com\/ro\/produs\/heroina-afgana\/","og_site_name":"Poudresde Narco","article_modified_time":"2025-06-10T03:00:51+00:00","og_image":[{"width":600,"height":600,"url":"https:\/\/poudresdenarco.com\/wp-content\/uploads\/2023\/12\/Afghan-Heroin-white.jpg","type":"image\/jpeg"}],"twitter_card":"summary_large_image","twitter_misc":{"Timp estimat pentru citire":"4 minute"},"schema":{"@context":"https:\/\/schema.org","@graph":[{"@type":"WebPage","@id":"https:\/\/poudresdenarco.com\/produit\/heroine-afghane\/","url":"https:\/\/poudresdenarco.com\/produit\/heroine-afghane\/","name":"Acheter de l'h\u00e9ro\u00efne afghane en ligne - H\u00e9ro\u00efne afghane \u00e0 vendre","isPartOf":{"@id":"https:\/\/poudresdenarco.com\/#website"},"primaryImageOfPage":{"@id":"https:\/\/poudresdenarco.com\/produit\/heroine-afghane\/#primaryimage"},"image":{"@id":"https:\/\/poudresdenarco.com\/produit\/heroine-afghane\/#primaryimage"},"thumbnailUrl":"https:\/\/poudresdenarco.com\/wp-content\/uploads\/2023\/12\/Afghan-Heroin-white.jpg","datePublished":"2023-12-25T08:20:15+00:00","dateModified":"2025-06-10T03:00:51+00:00","description":"C'est le meilleur moment pour visiter notre boutique en ligne PoudresDenarco et acheter de l'h\u00e9ro\u00efne afghane en ligne. Nous avons de l'h\u00e9ro\u00efne afghane \u00e0 vendre ici. Rencontrez-nous en ligne et passez votre commande d\u00e8s aujourd'hui !","breadcrumb":{"@id":"https:\/\/poudresdenarco.com\/produit\/heroine-afghane\/#breadcrumb"},"inLanguage":"ro-RO","potentialAction":[{"@type":"ReadAction","target":["https:\/\/poudresdenarco.com\/produit\/heroine-afghane\/"]}]},{"@type":"ImageObject","inLanguage":"ro-RO","@id":"https:\/\/poudresdenarco.com\/produit\/heroine-afghane\/#primaryimage","url":"https:\/\/poudresdenarco.com\/wp-content\/uploads\/2023\/12\/Afghan-Heroin-white.jpg","contentUrl":"https:\/\/poudresdenarco.com\/wp-content\/uploads\/2023\/12\/Afghan-Heroin-white.jpg","width":600,"height":600,"caption":"Afghan-Heroin-white"},{"@type":"BreadcrumbList","@id":"https:\/\/poudresdenarco.com\/produit\/heroine-afghane\/#breadcrumb","itemListElement":[{"@type":"ListItem","position":1,"name":"Home","item":"https:\/\/poudresdenarco.com\/"},{"@type":"ListItem","position":2,"name":"Boutique","item":"https:\/\/poudresdenarco.com\/boutique\/"},{"@type":"ListItem","position":3,"name":"H\u00e9ro\u00efne afghane"}]},{"@type":"WebSite","@id":"https:\/\/poudresdenarco.com\/#website","url":"https:\/\/poudresdenarco.com\/","name":"Poudresde Narco","description":"Acheter de la coca\u00efne et de l&#039;h\u00e9ro\u00efne en ligne","potentialAction":[{"@type":"SearchAction","target":{"@type":"EntryPoint","urlTemplate":"https:\/\/poudresdenarco.com\/?s={search_term_string}"},"query-input":{"@type":"PropertyValueSpecification","valueRequired":true,"valueName":"search_term_string"}}],"inLanguage":"ro-RO"}]}},"_links":{"self":[{"href":"https:\/\/poudresdenarco.com\/ro\/wp-json\/wp\/v2\/product\/103","targetHints":{"allow":["GET"]}}],"collection":[{"href":"https:\/\/poudresdenarco.com\/ro\/wp-json\/wp\/v2\/product"}],"about":[{"href":"https:\/\/poudresdenarco.com\/ro\/wp-json\/wp\/v2\/types\/product"}],"replies":[{"embeddable":true,"href":"https:\/\/poudresdenarco.com\/ro\/wp-json\/wp\/v2\/comments?post=103"}],"wp:featuredmedia":[{"embeddable":true,"href":"https:\/\/poudresdenarco.com\/ro\/wp-json\/wp\/v2\/media\/251"}],"wp:attachment":[{"href":"https:\/\/poudresdenarco.com\/ro\/wp-json\/wp\/v2\/media?parent=103"}],"wp:term":[{"taxonomy":"product_cat","embeddable":true,"href":"https:\/\/poudresdenarco.com\/ro\/wp-json\/wp\/v2\/product_cat?post=103"},{"taxonomy":"product_tag","embeddable":true,"href":"https:\/\/poudresdenarco.com\/ro\/wp-json\/wp\/v2\/product_tag?post=103"}],"curies":[{"name":"wp","href":"https:\/\/api.w.org\/{rel}","templated":true}]}}