{"id":105,"date":"2023-12-25T08:20:19","date_gmt":"2023-12-25T08:20:19","guid":{"rendered":"https:\/\/unkrautmarkt.com\/narco1\/?post_type=product&#038;p=105"},"modified":"2025-10-04T22:38:03","modified_gmt":"2025-10-04T22:38:03","slug":"heroine-brute","status":"publish","type":"product","link":"https:\/\/poudresdenarco.com\/ro\/produs\/netaiat-heroina\/","title":{"rendered":"Heroin\u0103 brut\u0103"},"content":{"rendered":"<h2><span style=\"vertical-align: inherit;\"><span style=\"vertical-align: inherit;\">Cump\u0103rarea de heroin\u0103 net\u0103iat\u0103 online<\/span><\/span><\/h2>\n<p>PENTRU A OB\u021aINE <a href=\"https:\/\/en.wikipedia.org\/wiki\/Heroin\"><strong>L<\/strong><\/a>HEROIN\u0102 NET\u0102IAT\u0102 ONLINE PENTRU CALITATE OPTIM\u0102 \u0218I CONFORT<\/p>\n<p>V\u0103 ur\u0103m bun venit pe site-ul nostru de \u00eencredere, unde furniz\u0103m heroin\u0103 net\u0103iat\u0103 de cea mai \u00eenalt\u0103 calitate la cel mai mic pre\u021b posibil. A\u021bi ajuns \u00een locul potrivit dac\u0103 sunte\u021bi \u00een c\u0103utarea heroinei net\u0103iate de \u00eenalt\u0103 calitate. Numai la noi pute\u021bi ob\u021bine heroin\u0103 net\u0103iat\u0103 online. Suntem un retailer online de \u00eencredere care ofer\u0103 heroin\u0103 net\u0103iat\u0103 ieftin\u0103 disponibil\u0103 pentru cump\u0103rare \u00een Marea Britanie \u0219i \u00een alte \u021b\u0103ri. Ne aprovizion\u0103m de la cei mai reputa\u021bi furnizori \u0219i garant\u0103m calitatea \u0219i puritatea fiec\u0103ruia dintre produsele noastre.<\/p>\n<h3><span style=\"vertical-align: inherit;\"><span style=\"vertical-align: inherit;\">Avantajele heroinei net\u0103iate<\/span><\/span><\/h3>\n<p><span style=\"vertical-align: inherit;\"><span style=\"vertical-align: inherit;\">Pentru un efect superior, cump\u0103ra\u021bi heroin\u0103 net\u0103iat\u0103. Heroina net\u0103iat\u0103 este mai puternic\u0103 \u0219i mai pur\u0103 dec\u00e2t celelalte variet\u0103\u021bi, ceea ce \u00eenseamn\u0103 c\u0103 ve\u021bi ob\u021bine efecte superioare, de durat\u0103 mai lung\u0103. De asemenea, este adaptabil\u0103. Mai mult, poate fi personalizat\u0103 \u00een func\u021bie de specifica\u021biile utilizatorului, permi\u021b\u00e2ndu-i acestuia s\u0103 creeze cocteiluri care \u00eei ofer\u0103 un control mai mare asupra poten\u021bei \u0219i calit\u0103\u021bii drogului. De asemenea, este mai sigur s\u0103 folose\u0219ti heroin\u0103 brut\u0103 achizi\u021bionat\u0103 online \u00eentr-un mediu controlat. Riscul de supradoz\u0103 este mai sc\u0103zut deoarece heroina este mai puternic\u0103. \u00cen plus, \u00een compara\u021bie cu alte forme de heroin\u0103, heroina brut\u0103 are un poten\u021bial mai sc\u0103zut de dependen\u021b\u0103 \u0219i efecte negative. Unii utilizatori au afirmat chiar c\u0103 este mai u\u0219or s\u0103 g\u0103se\u0219ti heroin\u0103 brut\u0103 pur\u0103 \u0219i puternic\u0103 la un pre\u021b incredibil.<\/span><\/span><\/p>\n<h3><span style=\"vertical-align: inherit;\"><span style=\"vertical-align: inherit;\">De ce s\u0103 alege\u021bi eroina noastr\u0103 necenzurat\u0103?<\/span><\/span><\/h3>\n<p><span style=\"vertical-align: inherit;\"><span style=\"vertical-align: inherit;\">Pute\u021bi fi siguri c\u0103 ob\u021bine\u021bi cel mai bun produs atunci c\u00e2nd cump\u0103ra\u021bi heroin\u0103 net\u0103iat\u0103 din magazinul nostru online. Pentru a ne asigura c\u0103 clien\u021bii no\u0219tri primesc doar cea mai pur\u0103 \u0219i mai puternic\u0103 heroin\u0103 brut\u0103 disponibil\u0103, lucr\u0103m cu cei mai de \u00eencredere furnizori. Test\u0103m toate produsele noastre pentru a ne asigura c\u0103 acestea \u00eendeplinesc standardele noastre riguroase de puritate \u0219i calitate.<\/span><\/span><\/p>\n<p><span style=\"vertical-align: inherit;\"><span style=\"vertical-align: inherit;\">A\u021bi ajuns la locul potrivit dac\u0103 dori\u021bi s\u0103 cump\u0103ra\u021bi heroin\u0103 net\u0103iat\u0103 online. Distribuim produsele noastre \u00een \u00eentreaga lume \u0219i oferim o experien\u021b\u0103 de cump\u0103rare online simpl\u0103 \u0219i sigur\u0103. Pentru a v\u0103 proteja intimitatea, ambal\u0103m produsele noastre discret \u0219i oferim op\u021biuni de expediere rapide \u0219i fiabile. Putem livra heroin\u0103 net\u0103iat\u0103 direct la u\u0219a dumneavoastr\u0103, oriunde a\u021bi locui - \u00een Regatul Unit, SUA sau \u00een alt\u0103 parte. De asemenea, oferim o varietate de metode de plat\u0103, inclusiv Bitcoin, pentru a ne asigura c\u0103 achizi\u021bionarea de heroin\u0103 net\u0103iat\u0103 este c\u00e2t mai u\u0219oar\u0103 posibil.<\/span><\/span><\/p>\n<h3><span style=\"vertical-align: inherit;\"><span style=\"vertical-align: inherit;\">Cump\u0103rarea de heroin\u0103 online este u\u0219oar\u0103 \u0219i f\u0103r\u0103 griji<\/span><\/span><\/h3>\n<p><span style=\"vertical-align: inherit;\"><span style=\"vertical-align: inherit;\">Exist\u0103 mai multe avantaje \u00een a cump\u0103ra heroin\u0103 net\u0103iat\u0103 online. \u00cen primul r\u00e2nd, este discret \u0219i practic. Heroina net\u0103iat\u0103 se poate cump\u0103ra online \u0219i poate fi livrat\u0103 direct la domiciliu. De asemenea, pute\u021bi compara produsele \u0219i pre\u021burile atunci c\u00e2nd cump\u0103ra\u021bi online, pentru a v\u0103 asigura c\u0103 ob\u021bine\u021bi cea mai bun\u0103 heroin\u0103 net\u0103iat\u0103 la cel mai bun pre\u021b posibil. Suntem foarte m\u00e2ndri s\u0103 oferim heroin\u0103 net\u0103iat\u0103 de cea mai bun\u0103 calitate disponibil\u0103.<\/span><\/span><\/p>\n<h3><span style=\"vertical-align: inherit;\"><span style=\"vertical-align: inherit;\">De unde s\u0103 cump\u0103ra\u021bi heroin\u0103 brut\u0103.<\/span><\/span><\/h3>\n<p>Nu trebuie s\u0103 c\u0103uta\u021bi mai departe de magazinul nostru online pentru a afla unde s\u0103 cump\u0103ra\u021bi heroin\u0103 net\u0103iat\u0103 online. Vindem doar cea mai bun\u0103 heroin\u0103 net\u0103iat\u0103 \u0219i ne expediem produsele \u00een \u00eentreaga lume. Pute\u021bi cump\u0103ra cu \u00eencredere, deoarece garant\u0103m c\u0103 produsele noastre sunt pure \u0219i eficiente.<\/p>\n<p><em>Heroin\u0103<\/em>\u00a0este \u00eentotdeauna periculoas\u0103, indiferent dac\u0103 este \"pur\u0103\" sau \"pur\u0103\".\u00a0<em>t\u0103iat<\/em>\u00a0\" ?\u00a0<em>Heroin\u0103<\/em>\u00a0este o substan\u021b\u0103 psihoactiv\u0103 (care ac\u021bioneaz\u0103 asupra creierului).<\/p>","protected":false},"excerpt":{"rendered":"<p>Acheter de l&rsquo;h\u00e9ro\u00efne non coup\u00e9e en ligne OBTENIR DE L&lsquo;H\u00c9RO\u00cfNE NON COUP\u00c9E EN LIGNE POUR UNE QUALIT\u00c9 ET UNE COMMODIT\u00c9 OPTIMALES Nous vous souhaitons la bienvenue sur notre site fiable, o\u00f9 nous fournissons de l&rsquo;h\u00e9ro\u00efne non coup\u00e9e de la plus haute qualit\u00e9 au prix le plus bas possible. Vous \u00eates au bon endroit si vous&hellip;<\/p>","protected":false},"featured_media":267,"comment_status":"open","ping_status":"closed","template":"","meta":{"_joinchat":[]},"product_cat":[17],"product_tag":[],"class_list":{"0":"post-105","1":"product","2":"type-product","3":"status-publish","4":"has-post-thumbnail","6":"product_cat-de-heroine","8":"first","9":"instock","10":"shipping-taxable","11":"purchasable","12":"product-type-variable","13":"col-xs-6 col-sm-4","14":"col-md-3 col-lg-3","15":"un-4-cols"},"yoast_head":"<!-- This site is optimized with the Yoast SEO plugin v23.8 - https:\/\/yoast.com\/wordpress\/plugins\/seo\/ -->\n<title>Acheter de l&#039;h\u00e9ro\u00efne brute en ligne - H\u00e9ro\u00efne brute \u00e0 vendre<\/title>\n<meta name=\"description\" content=\"Si vous souhaitez acheter de l&#039;h\u00e9ro\u00efne brute en ligne, notre magasin PoudresDenarco peut vous aider. Nous avons de l&#039;h\u00e9ro\u00efne brute \u00e0 vendre aux meilleurs prix ici. Passez votre commande maintenant !\" \/>\n<meta name=\"robots\" content=\"index, follow, max-snippet:-1, max-image-preview:large, max-video-preview:-1\" \/>\n<link rel=\"canonical\" href=\"https:\/\/poudresdenarco.com\/ro\/produs\/netaiat-heroina\/\" \/>\n<meta property=\"og:locale\" content=\"ro_RO\" \/>\n<meta property=\"og:type\" content=\"article\" \/>\n<meta property=\"og:title\" content=\"Acheter de l&#039;h\u00e9ro\u00efne brute en ligne - H\u00e9ro\u00efne brute \u00e0 vendre\" \/>\n<meta property=\"og:description\" content=\"Si vous souhaitez acheter de l&#039;h\u00e9ro\u00efne brute en ligne, notre magasin PoudresDenarco peut vous aider. Nous avons de l&#039;h\u00e9ro\u00efne brute \u00e0 vendre aux meilleurs prix ici. Passez votre commande maintenant !\" \/>\n<meta property=\"og:url\" content=\"https:\/\/poudresdenarco.com\/ro\/produs\/netaiat-heroina\/\" \/>\n<meta property=\"og:site_name\" content=\"Poudresde Narco\" \/>\n<meta property=\"article:modified_time\" content=\"2025-10-04T22:38:03+00:00\" \/>\n<meta property=\"og:image\" content=\"https:\/\/poudresdenarco.com\/wp-content\/uploads\/2023\/12\/Uncut-Heroin.jpg\" \/>\n\t<meta property=\"og:image:width\" content=\"600\" \/>\n\t<meta property=\"og:image:height\" content=\"600\" \/>\n\t<meta property=\"og:image:type\" content=\"image\/jpeg\" \/>\n<meta name=\"twitter:card\" content=\"summary_large_image\" \/>\n<meta name=\"twitter:label1\" content=\"Timp estimat pentru citire\" \/>\n\t<meta name=\"twitter:data1\" content=\"3 minute\" \/>\n<script type=\"application\/ld+json\" class=\"yoast-schema-graph\">{\"@context\":\"https:\/\/schema.org\",\"@graph\":[{\"@type\":\"WebPage\",\"@id\":\"https:\/\/poudresdenarco.com\/produit\/heroine-brute\/\",\"url\":\"https:\/\/poudresdenarco.com\/produit\/heroine-brute\/\",\"name\":\"Acheter de l'h\u00e9ro\u00efne brute en ligne - H\u00e9ro\u00efne brute \u00e0 vendre\",\"isPartOf\":{\"@id\":\"https:\/\/poudresdenarco.com\/#website\"},\"primaryImageOfPage\":{\"@id\":\"https:\/\/poudresdenarco.com\/produit\/heroine-brute\/#primaryimage\"},\"image\":{\"@id\":\"https:\/\/poudresdenarco.com\/produit\/heroine-brute\/#primaryimage\"},\"thumbnailUrl\":\"https:\/\/poudresdenarco.com\/wp-content\/uploads\/2023\/12\/Uncut-Heroin.jpg\",\"datePublished\":\"2023-12-25T08:20:19+00:00\",\"dateModified\":\"2025-10-04T22:38:03+00:00\",\"description\":\"Si vous souhaitez acheter de l'h\u00e9ro\u00efne brute en ligne, notre magasin PoudresDenarco peut vous aider. Nous avons de l'h\u00e9ro\u00efne brute \u00e0 vendre aux meilleurs prix ici. Passez votre commande maintenant !\",\"breadcrumb\":{\"@id\":\"https:\/\/poudresdenarco.com\/produit\/heroine-brute\/#breadcrumb\"},\"inLanguage\":\"ro-RO\",\"potentialAction\":[{\"@type\":\"ReadAction\",\"target\":[\"https:\/\/poudresdenarco.com\/produit\/heroine-brute\/\"]}]},{\"@type\":\"ImageObject\",\"inLanguage\":\"ro-RO\",\"@id\":\"https:\/\/poudresdenarco.com\/produit\/heroine-brute\/#primaryimage\",\"url\":\"https:\/\/poudresdenarco.com\/wp-content\/uploads\/2023\/12\/Uncut-Heroin.jpg\",\"contentUrl\":\"https:\/\/poudresdenarco.com\/wp-content\/uploads\/2023\/12\/Uncut-Heroin.jpg\",\"width\":600,\"height\":600,\"caption\":\"Uncut-Heroin\"},{\"@type\":\"BreadcrumbList\",\"@id\":\"https:\/\/poudresdenarco.com\/produit\/heroine-brute\/#breadcrumb\",\"itemListElement\":[{\"@type\":\"ListItem\",\"position\":1,\"name\":\"Home\",\"item\":\"https:\/\/poudresdenarco.com\/\"},{\"@type\":\"ListItem\",\"position\":2,\"name\":\"Boutique\",\"item\":\"https:\/\/poudresdenarco.com\/boutique\/\"},{\"@type\":\"ListItem\",\"position\":3,\"name\":\"H\u00e9ro\u00efne brute\"}]},{\"@type\":\"WebSite\",\"@id\":\"https:\/\/poudresdenarco.com\/#website\",\"url\":\"https:\/\/poudresdenarco.com\/\",\"name\":\"Poudresde Narco\",\"description\":\"Acheter de la coca\u00efne et de l&#039;h\u00e9ro\u00efne en ligne\",\"potentialAction\":[{\"@type\":\"SearchAction\",\"target\":{\"@type\":\"EntryPoint\",\"urlTemplate\":\"https:\/\/poudresdenarco.com\/?s={search_term_string}\"},\"query-input\":{\"@type\":\"PropertyValueSpecification\",\"valueRequired\":true,\"valueName\":\"search_term_string\"}}],\"inLanguage\":\"ro-RO\"}]}<\/script>\n<!-- \/ Yoast SEO plugin. -->","yoast_head_json":{"title":"Acheter de l'h\u00e9ro\u00efne brute en ligne - H\u00e9ro\u00efne brute \u00e0 vendre","description":"Si vous souhaitez acheter de l'h\u00e9ro\u00efne brute en ligne, notre magasin PoudresDenarco peut vous aider. Nous avons de l'h\u00e9ro\u00efne brute \u00e0 vendre aux meilleurs prix ici. Passez votre commande maintenant !","robots":{"index":"index","follow":"follow","max-snippet":"max-snippet:-1","max-image-preview":"max-image-preview:large","max-video-preview":"max-video-preview:-1"},"canonical":"https:\/\/poudresdenarco.com\/ro\/produs\/netaiat-heroina\/","og_locale":"ro_RO","og_type":"article","og_title":"Acheter de l'h\u00e9ro\u00efne brute en ligne - H\u00e9ro\u00efne brute \u00e0 vendre","og_description":"Si vous souhaitez acheter de l'h\u00e9ro\u00efne brute en ligne, notre magasin PoudresDenarco peut vous aider. Nous avons de l'h\u00e9ro\u00efne brute \u00e0 vendre aux meilleurs prix ici. Passez votre commande maintenant !","og_url":"https:\/\/poudresdenarco.com\/ro\/produs\/netaiat-heroina\/","og_site_name":"Poudresde Narco","article_modified_time":"2025-10-04T22:38:03+00:00","og_image":[{"width":600,"height":600,"url":"https:\/\/poudresdenarco.com\/wp-content\/uploads\/2023\/12\/Uncut-Heroin.jpg","type":"image\/jpeg"}],"twitter_card":"summary_large_image","twitter_misc":{"Timp estimat pentru citire":"3 minute"},"schema":{"@context":"https:\/\/schema.org","@graph":[{"@type":"WebPage","@id":"https:\/\/poudresdenarco.com\/produit\/heroine-brute\/","url":"https:\/\/poudresdenarco.com\/produit\/heroine-brute\/","name":"Acheter de l'h\u00e9ro\u00efne brute en ligne - H\u00e9ro\u00efne brute \u00e0 vendre","isPartOf":{"@id":"https:\/\/poudresdenarco.com\/#website"},"primaryImageOfPage":{"@id":"https:\/\/poudresdenarco.com\/produit\/heroine-brute\/#primaryimage"},"image":{"@id":"https:\/\/poudresdenarco.com\/produit\/heroine-brute\/#primaryimage"},"thumbnailUrl":"https:\/\/poudresdenarco.com\/wp-content\/uploads\/2023\/12\/Uncut-Heroin.jpg","datePublished":"2023-12-25T08:20:19+00:00","dateModified":"2025-10-04T22:38:03+00:00","description":"Si vous souhaitez acheter de l'h\u00e9ro\u00efne brute en ligne, notre magasin PoudresDenarco peut vous aider. Nous avons de l'h\u00e9ro\u00efne brute \u00e0 vendre aux meilleurs prix ici. Passez votre commande maintenant !","breadcrumb":{"@id":"https:\/\/poudresdenarco.com\/produit\/heroine-brute\/#breadcrumb"},"inLanguage":"ro-RO","potentialAction":[{"@type":"ReadAction","target":["https:\/\/poudresdenarco.com\/produit\/heroine-brute\/"]}]},{"@type":"ImageObject","inLanguage":"ro-RO","@id":"https:\/\/poudresdenarco.com\/produit\/heroine-brute\/#primaryimage","url":"https:\/\/poudresdenarco.com\/wp-content\/uploads\/2023\/12\/Uncut-Heroin.jpg","contentUrl":"https:\/\/poudresdenarco.com\/wp-content\/uploads\/2023\/12\/Uncut-Heroin.jpg","width":600,"height":600,"caption":"Uncut-Heroin"},{"@type":"BreadcrumbList","@id":"https:\/\/poudresdenarco.com\/produit\/heroine-brute\/#breadcrumb","itemListElement":[{"@type":"ListItem","position":1,"name":"Home","item":"https:\/\/poudresdenarco.com\/"},{"@type":"ListItem","position":2,"name":"Boutique","item":"https:\/\/poudresdenarco.com\/boutique\/"},{"@type":"ListItem","position":3,"name":"H\u00e9ro\u00efne brute"}]},{"@type":"WebSite","@id":"https:\/\/poudresdenarco.com\/#website","url":"https:\/\/poudresdenarco.com\/","name":"Poudresde Narco","description":"Acheter de la coca\u00efne et de l&#039;h\u00e9ro\u00efne en ligne","potentialAction":[{"@type":"SearchAction","target":{"@type":"EntryPoint","urlTemplate":"https:\/\/poudresdenarco.com\/?s={search_term_string}"},"query-input":{"@type":"PropertyValueSpecification","valueRequired":true,"valueName":"search_term_string"}}],"inLanguage":"ro-RO"}]}},"_links":{"self":[{"href":"https:\/\/poudresdenarco.com\/ro\/wp-json\/wp\/v2\/product\/105","targetHints":{"allow":["GET"]}}],"collection":[{"href":"https:\/\/poudresdenarco.com\/ro\/wp-json\/wp\/v2\/product"}],"about":[{"href":"https:\/\/poudresdenarco.com\/ro\/wp-json\/wp\/v2\/types\/product"}],"replies":[{"embeddable":true,"href":"https:\/\/poudresdenarco.com\/ro\/wp-json\/wp\/v2\/comments?post=105"}],"wp:featuredmedia":[{"embeddable":true,"href":"https:\/\/poudresdenarco.com\/ro\/wp-json\/wp\/v2\/media\/267"}],"wp:attachment":[{"href":"https:\/\/poudresdenarco.com\/ro\/wp-json\/wp\/v2\/media?parent=105"}],"wp:term":[{"taxonomy":"product_cat","embeddable":true,"href":"https:\/\/poudresdenarco.com\/ro\/wp-json\/wp\/v2\/product_cat?post=105"},{"taxonomy":"product_tag","embeddable":true,"href":"https:\/\/poudresdenarco.com\/ro\/wp-json\/wp\/v2\/product_tag?post=105"}],"curies":[{"name":"wp","href":"https:\/\/api.w.org\/{rel}","templated":true}]}}