{"id":154,"date":"2023-12-25T08:20:26","date_gmt":"2023-12-25T08:20:26","guid":{"rendered":"https:\/\/unkrautmarkt.com\/narco1\/?post_type=product&#038;p=154"},"modified":"2025-06-10T07:41:15","modified_gmt":"2025-06-10T07:41:15","slug":"acheter-du-cristal-de-ketamine","status":"publish","type":"product","link":"https:\/\/poudresdenarco.com\/ro\/produs\/cumpara-ketamina-cristal\/","title":{"rendered":"Cump\u0103ra\u021bi ketamin\u0103 cristal"},"content":{"rendered":"<h2>Cump\u0103ra\u021bi cristale de ketamin\u0103 online<\/h2>\n<h3>Cump\u0103ra\u021bi cristale de ketamin\u0103 online<\/h3>\n<p>Les fournisseurs les plus r\u00e9put\u00e9s et dignes de confiance aux \u00c9tats-Unis proposent des cristaux de k\u00e9tamine \u00e0 la vente. Nous nous distinguons en tant que principal fournisseur de ce produit, au service des grands et petits laboratoires du monde entier. D&rsquo;autre part, Pureket Ketamine HCL Crystals poss\u00e8de l&rsquo;autorisation et la licence n\u00e9cessaires pour exporter ce produit dans le monde entier. Nos laboratoires sont donc \u00e0 la pointe de la technologie, garantissant que nos cristaux de <a href=\"https:\/\/en.wikipedia.org\/wiki\/Ketamine\">k\u00e9tamine HCl<\/a> sont purs \u00e0 99,9%. Le Canada, l\u2019Europe et les \u00c9tats-Unis font \u00e9galement partie des pays les plus furtifs. Apr\u00e8s tout, la k\u00e9tamine est disponible sous forme de cristaux, de poudre, de liquide, de pilule et de spray nasal. Apr\u00e8s avoir \u00e9t\u00e9 transform\u00e9 du liquide en cristal, les clients le re\u00e7oivent. Achetez des cristaux de k\u00e9tamine en ligne. Achetez des c\u00e9tones en ligne en Australie\u00a0; acheter des c\u00e9tones \u00e0 vendre Victoria, un fournisseur local de k\u00e9tamine \u00e0 Sydney, un revendeur de k\u00e9tamine \u00e0 Melbourne, o\u00f9 se procurer de la k\u00e9tamine \u00e0 Perth, NSW, QLD<\/p>\n<p>Ce este? \u00cen plus, cel mai bun loc pentru a comanda \u00een siguran\u021b\u0103 ketamin\u0103 HCL pulbere \u00een SUA \u0219i Australia este unde s\u0103 cump\u0103ra\u021bi cristale de orez de ketamin\u0103 online.<\/p>\n<p>Adolescen\u021bii folosesc frecvent ketamin\u0103, o substan\u021b\u0103 letal\u0103, \u00een scopuri recreative sau la petreceri. Halucina\u021biile \u0219i deta\u0219area de realitate pe care le poate produce aceast\u0103 substan\u021b\u0103 sunt motivele pentru care este folosit\u0103 \u00een mod abuziv. Efectele secundare periculoase ale consumului de ketamin\u0103 pot include dificult\u0103\u021bi de respira\u021bie \u0219i, \u00een situa\u021bii extreme, moartea. Av\u00e2nd \u00een vedere poten\u021bialul de efecte nocive, este esen\u021bial ca p\u0103rin\u021bii s\u0103 fie capabili s\u0103 identifice consumul de ketamin\u0103 la adolescen\u021bii lor.<\/p>\n<h3>Tipuri de ketamin\u0103: cump\u0103ra\u021bi ketamin\u0103 online pentru depresie<\/h3>\n<p>Exist\u0103 aplica\u021bii medicale legitime pentru ketamin\u0103, iar aceasta poate fi ob\u021binut\u0103 sub form\u0103 de lichid limpede sau sub form\u0103 de ketamin\u0103. Tipuri: Cump\u0103ra\u021bi ketamin\u0103 online pentru depresie<\/p>\n<p>Exist\u0103 aplica\u021bii medicale legitime pentru ketamin\u0103, iar aceasta poate fi ob\u021binut\u0103 sub form\u0103 de lichid limpede sau sub form\u0103 de pulbere alb\u0103 sau albicioas\u0103. Cele mai populare variet\u0103\u021bi de ketamin\u0103 sunt :<\/p>\n<p>\u00cen scopuri terapeutice, spray-ul nazal cu ketamin\u0103 con\u021bine, de asemenea, ketamin\u0103 lichid\u0103. Ketamin\u0103 pulbere: Ketamina poate fi achizi\u021bionat\u0103 sub form\u0103 de pulbere alb\u0103 sau albicioas\u0103. Pentru a injecta ketamin\u0103, aceast\u0103 pulbere se combin\u0103 cu ap\u0103. Pentru a ob\u021bine cristale sau pulbere de ketamin\u0103 de \u00eenalt\u0103 calitate care poate fi \u00eenghi\u021bit\u0103 sau inhalat\u0103 ca drog recrea\u021bional, se poate prelucra \u0219i ketamin\u0103 lichid\u0103.<\/p>\n<p>Pastilele de ketamin\u0103: Versiunea sub form\u0103 de pastile a ketaminei nu este utilizat\u0103 \u00een scop medical. Ketamina este utilizat\u0103 sub form\u0103 de pilul\u0103 doar atunci c\u00e2nd pulberea este luat\u0103 \u00een scop recrea\u021bional \u0219i plasat\u0103 \u00eentr-o capsul\u0103.<\/p>\n<p>Deoarece ketamina apare de obicei sub form\u0103 de lichid limpede sau pulbere alb\u0103, poate fi dificil s\u0103 se determine dac\u0103 un produs chimic este ketamin\u0103 f\u0103r\u0103 a-l testa, deoarece apare de obicei sub form\u0103 de lichid limpede sau pulbere alb\u0103. pulbere alb\u0103. Orice pastil\u0103, pudr\u0103 alb\u0103 sau flacon de lichid care nu se afl\u0103 \u00een ambalajul original \u0219i nu este etichetat corect ar putea fi ketamin\u0103 sau o alt\u0103 substan\u021b\u0103 ilegal\u0103.<\/p>\n<p>Cel mai bun site pentru a cump\u0103ra cristale de ketamin\u0103 online: furnizor de ketamin\u0103 din Europa \u0219i America<\/p>\n<p>Trebuie s\u0103 solicita\u021bi ajutor specializat imediat ce suspecta\u021bi un abuz de ketamin\u0103. Next Generation Village are o experien\u021b\u0103 dovedit\u0103 \u00een a ajuta tinerii care se lupt\u0103 cu dependen\u021ba s\u0103 devin\u0103 \u0219i s\u0103 r\u0103m\u00e2n\u0103 abstinen\u021bi. De v\u00e2nzare: cristale de ketamin\u0103<\/p>\n<p>Avis de non-responsabilit\u00e9 m\u00e9dicale\u00a0: L&rsquo;objectif du Next Generation Village est d&rsquo;am\u00e9liorer la vie de ceux qui luttent contre la toxicomanie. ou la maladie mentale avec des informations factuelles concernant les caract\u00e9ristiques des probl\u00e8mes de sant\u00e9 comportementale, les traitements disponibles et les cons\u00e9quences associ\u00e9es. <a href=\"https:\/\/poudresdenarco.com\/ro\/produs\/cumpara-ketamina-cristal\/\">Achetez des cristaux de k\u00e9tamine<\/a>.<\/p>\n<h3><strong>DE UNDE POT OB\u021aINE CRISTALE DE KETAMIN\u0102 ONLINE?<\/strong><\/h3>\n<p>Anestezic general cu ac\u021biune rapid\u0103 care provoac\u0103 halucina\u021bii. Folosit ocazional pentru a ajuta la infrac\u021biuni care implic\u0103 agresiuni sexuale.<\/p>\n<p>Nume de str\u0103zi<\/p>\n<p>Vitamina K, Special K, Purple, Special La Coke, Jet, Cat Valium, Kit Kat, K, Super Acid \u0219i Super K<\/p>\n<p>Care este scopul s\u0103u? Cristale pure de orez cu ketamin\u0103<\/p>\n<p>injectat<\/p>\n<p>amestecarea lichidelor \u0219i a lichidelor<\/p>\n<p>Fumatul sau inhalarea de praf de pu\u0219c\u0103. De unde s\u0103 cump\u0103ra\u021bi ketamin\u0103.<\/p>","protected":false},"excerpt":{"rendered":"<p>Acheter des cristaux de k\u00e9tamine en ligne Acheter des cristaux de k\u00e9tamine en ligne Les fournisseurs les plus r\u00e9put\u00e9s et dignes de confiance aux \u00c9tats-Unis proposent des cristaux de k\u00e9tamine \u00e0 la vente. Nous nous distinguons en tant que principal fournisseur de ce produit, au service des grands et petits laboratoires du monde entier. D&rsquo;autre&hellip;<\/p>","protected":false},"featured_media":261,"comment_status":"open","ping_status":"closed","template":"","meta":{"_joinchat":[]},"product_cat":[174],"product_tag":[],"class_list":{"0":"post-154","1":"product","2":"type-product","3":"status-publish","4":"has-post-thumbnail","6":"product_cat-la-ketamine","8":"first","9":"instock","10":"shipping-taxable","11":"purchasable","12":"product-type-variable","13":"col-xs-6 col-sm-4","14":"col-md-3 col-lg-3","15":"un-4-cols"},"yoast_head":"<!-- This site is optimized with the Yoast SEO plugin v23.8 - https:\/\/yoast.com\/wordpress\/plugins\/seo\/ -->\n<title>Acheter des cristaux de k\u00e9tamine en ligne - Vente de cristaux de k\u00e9tamine<\/title>\n<meta name=\"description\" content=\"C&#039;est le meilleur moment pour visiter notre boutique en ligne et acheter du cristal de k\u00e9tamine en ligne. Nous avons du cristal de k\u00e9tamine de haute qualit\u00e9 \u00e0 vendre ici au prix le plus abordable. Rencontrez-nous en ligne et passez votre commande d\u00e8s aujourd&#039;hui.\" \/>\n<meta name=\"robots\" content=\"index, follow, max-snippet:-1, max-image-preview:large, max-video-preview:-1\" \/>\n<link rel=\"canonical\" href=\"https:\/\/poudresdenarco.com\/ro\/produs\/cumpara-ketamina-cristal\/\" \/>\n<meta property=\"og:locale\" content=\"ro_RO\" \/>\n<meta property=\"og:type\" content=\"article\" \/>\n<meta property=\"og:title\" content=\"Acheter des cristaux de k\u00e9tamine en ligne - Vente de cristaux de k\u00e9tamine\" \/>\n<meta property=\"og:description\" content=\"C&#039;est le meilleur moment pour visiter notre boutique en ligne et acheter du cristal de k\u00e9tamine en ligne. Nous avons du cristal de k\u00e9tamine de haute qualit\u00e9 \u00e0 vendre ici au prix le plus abordable. Rencontrez-nous en ligne et passez votre commande d\u00e8s aujourd&#039;hui.\" \/>\n<meta property=\"og:url\" content=\"https:\/\/poudresdenarco.com\/ro\/produs\/cumpara-ketamina-cristal\/\" \/>\n<meta property=\"og:site_name\" content=\"Poudresde Narco\" \/>\n<meta property=\"article:modified_time\" content=\"2025-06-10T07:41:15+00:00\" \/>\n<meta property=\"og:image\" content=\"https:\/\/poudresdenarco.com\/wp-content\/uploads\/2023\/12\/Buy-Ketamine-Crystal.jpg\" \/>\n\t<meta property=\"og:image:width\" content=\"600\" \/>\n\t<meta property=\"og:image:height\" content=\"600\" \/>\n\t<meta property=\"og:image:type\" content=\"image\/jpeg\" \/>\n<meta name=\"twitter:card\" content=\"summary_large_image\" \/>\n<meta name=\"twitter:label1\" content=\"Timp estimat pentru citire\" \/>\n\t<meta name=\"twitter:data1\" content=\"4 minute\" \/>\n<script type=\"application\/ld+json\" class=\"yoast-schema-graph\">{\"@context\":\"https:\/\/schema.org\",\"@graph\":[{\"@type\":\"WebPage\",\"@id\":\"https:\/\/poudresdenarco.com\/produit\/acheter-du-cristal-de-ketamine\/\",\"url\":\"https:\/\/poudresdenarco.com\/produit\/acheter-du-cristal-de-ketamine\/\",\"name\":\"Acheter des cristaux de k\u00e9tamine en ligne - Vente de cristaux de k\u00e9tamine\",\"isPartOf\":{\"@id\":\"https:\/\/poudresdenarco.com\/#website\"},\"primaryImageOfPage\":{\"@id\":\"https:\/\/poudresdenarco.com\/produit\/acheter-du-cristal-de-ketamine\/#primaryimage\"},\"image\":{\"@id\":\"https:\/\/poudresdenarco.com\/produit\/acheter-du-cristal-de-ketamine\/#primaryimage\"},\"thumbnailUrl\":\"https:\/\/poudresdenarco.com\/wp-content\/uploads\/2023\/12\/Buy-Ketamine-Crystal.jpg\",\"datePublished\":\"2023-12-25T08:20:26+00:00\",\"dateModified\":\"2025-06-10T07:41:15+00:00\",\"description\":\"C'est le meilleur moment pour visiter notre boutique en ligne et acheter du cristal de k\u00e9tamine en ligne. Nous avons du cristal de k\u00e9tamine de haute qualit\u00e9 \u00e0 vendre ici au prix le plus abordable. Rencontrez-nous en ligne et passez votre commande d\u00e8s aujourd'hui.\",\"breadcrumb\":{\"@id\":\"https:\/\/poudresdenarco.com\/produit\/acheter-du-cristal-de-ketamine\/#breadcrumb\"},\"inLanguage\":\"ro-RO\",\"potentialAction\":[{\"@type\":\"ReadAction\",\"target\":[\"https:\/\/poudresdenarco.com\/produit\/acheter-du-cristal-de-ketamine\/\"]}]},{\"@type\":\"ImageObject\",\"inLanguage\":\"ro-RO\",\"@id\":\"https:\/\/poudresdenarco.com\/produit\/acheter-du-cristal-de-ketamine\/#primaryimage\",\"url\":\"https:\/\/poudresdenarco.com\/wp-content\/uploads\/2023\/12\/Buy-Ketamine-Crystal.jpg\",\"contentUrl\":\"https:\/\/poudresdenarco.com\/wp-content\/uploads\/2023\/12\/Buy-Ketamine-Crystal.jpg\",\"width\":600,\"height\":600,\"caption\":\"Buy-Ketamine-Crystal\"},{\"@type\":\"BreadcrumbList\",\"@id\":\"https:\/\/poudresdenarco.com\/produit\/acheter-du-cristal-de-ketamine\/#breadcrumb\",\"itemListElement\":[{\"@type\":\"ListItem\",\"position\":1,\"name\":\"Home\",\"item\":\"https:\/\/poudresdenarco.com\/\"},{\"@type\":\"ListItem\",\"position\":2,\"name\":\"Boutique\",\"item\":\"https:\/\/poudresdenarco.com\/boutique\/\"},{\"@type\":\"ListItem\",\"position\":3,\"name\":\"Acheter du cristal de k\u00e9tamine\"}]},{\"@type\":\"WebSite\",\"@id\":\"https:\/\/poudresdenarco.com\/#website\",\"url\":\"https:\/\/poudresdenarco.com\/\",\"name\":\"Poudresde Narco\",\"description\":\"Acheter de la coca\u00efne et de l&#039;h\u00e9ro\u00efne en ligne\",\"potentialAction\":[{\"@type\":\"SearchAction\",\"target\":{\"@type\":\"EntryPoint\",\"urlTemplate\":\"https:\/\/poudresdenarco.com\/?s={search_term_string}\"},\"query-input\":{\"@type\":\"PropertyValueSpecification\",\"valueRequired\":true,\"valueName\":\"search_term_string\"}}],\"inLanguage\":\"ro-RO\"}]}<\/script>\n<!-- \/ Yoast SEO plugin. -->","yoast_head_json":{"title":"Acheter des cristaux de k\u00e9tamine en ligne - Vente de cristaux de k\u00e9tamine","description":"C'est le meilleur moment pour visiter notre boutique en ligne et acheter du cristal de k\u00e9tamine en ligne. Nous avons du cristal de k\u00e9tamine de haute qualit\u00e9 \u00e0 vendre ici au prix le plus abordable. Rencontrez-nous en ligne et passez votre commande d\u00e8s aujourd'hui.","robots":{"index":"index","follow":"follow","max-snippet":"max-snippet:-1","max-image-preview":"max-image-preview:large","max-video-preview":"max-video-preview:-1"},"canonical":"https:\/\/poudresdenarco.com\/ro\/produs\/cumpara-ketamina-cristal\/","og_locale":"ro_RO","og_type":"article","og_title":"Acheter des cristaux de k\u00e9tamine en ligne - Vente de cristaux de k\u00e9tamine","og_description":"C'est le meilleur moment pour visiter notre boutique en ligne et acheter du cristal de k\u00e9tamine en ligne. Nous avons du cristal de k\u00e9tamine de haute qualit\u00e9 \u00e0 vendre ici au prix le plus abordable. Rencontrez-nous en ligne et passez votre commande d\u00e8s aujourd'hui.","og_url":"https:\/\/poudresdenarco.com\/ro\/produs\/cumpara-ketamina-cristal\/","og_site_name":"Poudresde Narco","article_modified_time":"2025-06-10T07:41:15+00:00","og_image":[{"width":600,"height":600,"url":"https:\/\/poudresdenarco.com\/wp-content\/uploads\/2023\/12\/Buy-Ketamine-Crystal.jpg","type":"image\/jpeg"}],"twitter_card":"summary_large_image","twitter_misc":{"Timp estimat pentru citire":"4 minute"},"schema":{"@context":"https:\/\/schema.org","@graph":[{"@type":"WebPage","@id":"https:\/\/poudresdenarco.com\/produit\/acheter-du-cristal-de-ketamine\/","url":"https:\/\/poudresdenarco.com\/produit\/acheter-du-cristal-de-ketamine\/","name":"Acheter des cristaux de k\u00e9tamine en ligne - Vente de cristaux de k\u00e9tamine","isPartOf":{"@id":"https:\/\/poudresdenarco.com\/#website"},"primaryImageOfPage":{"@id":"https:\/\/poudresdenarco.com\/produit\/acheter-du-cristal-de-ketamine\/#primaryimage"},"image":{"@id":"https:\/\/poudresdenarco.com\/produit\/acheter-du-cristal-de-ketamine\/#primaryimage"},"thumbnailUrl":"https:\/\/poudresdenarco.com\/wp-content\/uploads\/2023\/12\/Buy-Ketamine-Crystal.jpg","datePublished":"2023-12-25T08:20:26+00:00","dateModified":"2025-06-10T07:41:15+00:00","description":"C'est le meilleur moment pour visiter notre boutique en ligne et acheter du cristal de k\u00e9tamine en ligne. Nous avons du cristal de k\u00e9tamine de haute qualit\u00e9 \u00e0 vendre ici au prix le plus abordable. Rencontrez-nous en ligne et passez votre commande d\u00e8s aujourd'hui.","breadcrumb":{"@id":"https:\/\/poudresdenarco.com\/produit\/acheter-du-cristal-de-ketamine\/#breadcrumb"},"inLanguage":"ro-RO","potentialAction":[{"@type":"ReadAction","target":["https:\/\/poudresdenarco.com\/produit\/acheter-du-cristal-de-ketamine\/"]}]},{"@type":"ImageObject","inLanguage":"ro-RO","@id":"https:\/\/poudresdenarco.com\/produit\/acheter-du-cristal-de-ketamine\/#primaryimage","url":"https:\/\/poudresdenarco.com\/wp-content\/uploads\/2023\/12\/Buy-Ketamine-Crystal.jpg","contentUrl":"https:\/\/poudresdenarco.com\/wp-content\/uploads\/2023\/12\/Buy-Ketamine-Crystal.jpg","width":600,"height":600,"caption":"Buy-Ketamine-Crystal"},{"@type":"BreadcrumbList","@id":"https:\/\/poudresdenarco.com\/produit\/acheter-du-cristal-de-ketamine\/#breadcrumb","itemListElement":[{"@type":"ListItem","position":1,"name":"Home","item":"https:\/\/poudresdenarco.com\/"},{"@type":"ListItem","position":2,"name":"Boutique","item":"https:\/\/poudresdenarco.com\/boutique\/"},{"@type":"ListItem","position":3,"name":"Acheter du cristal de k\u00e9tamine"}]},{"@type":"WebSite","@id":"https:\/\/poudresdenarco.com\/#website","url":"https:\/\/poudresdenarco.com\/","name":"Poudresde Narco","description":"Acheter de la coca\u00efne et de l&#039;h\u00e9ro\u00efne en ligne","potentialAction":[{"@type":"SearchAction","target":{"@type":"EntryPoint","urlTemplate":"https:\/\/poudresdenarco.com\/?s={search_term_string}"},"query-input":{"@type":"PropertyValueSpecification","valueRequired":true,"valueName":"search_term_string"}}],"inLanguage":"ro-RO"}]}},"_links":{"self":[{"href":"https:\/\/poudresdenarco.com\/ro\/wp-json\/wp\/v2\/product\/154","targetHints":{"allow":["GET"]}}],"collection":[{"href":"https:\/\/poudresdenarco.com\/ro\/wp-json\/wp\/v2\/product"}],"about":[{"href":"https:\/\/poudresdenarco.com\/ro\/wp-json\/wp\/v2\/types\/product"}],"replies":[{"embeddable":true,"href":"https:\/\/poudresdenarco.com\/ro\/wp-json\/wp\/v2\/comments?post=154"}],"wp:featuredmedia":[{"embeddable":true,"href":"https:\/\/poudresdenarco.com\/ro\/wp-json\/wp\/v2\/media\/261"}],"wp:attachment":[{"href":"https:\/\/poudresdenarco.com\/ro\/wp-json\/wp\/v2\/media?parent=154"}],"wp:term":[{"taxonomy":"product_cat","embeddable":true,"href":"https:\/\/poudresdenarco.com\/ro\/wp-json\/wp\/v2\/product_cat?post=154"},{"taxonomy":"product_tag","embeddable":true,"href":"https:\/\/poudresdenarco.com\/ro\/wp-json\/wp\/v2\/product_tag?post=154"}],"curies":[{"name":"wp","href":"https:\/\/api.w.org\/{rel}","templated":true}]}}