{"id":172,"date":"2023-12-25T08:20:31","date_gmt":"2023-12-25T08:20:31","guid":{"rendered":"https:\/\/unkrautmarkt.com\/narco1\/?post_type=product&#038;p=172"},"modified":"2025-06-09T23:45:05","modified_gmt":"2025-06-09T23:45:05","slug":"acheter-de-la-ketamine-hcl","status":"publish","type":"product","link":"https:\/\/poudresdenarco.com\/ro\/produs\/cumpara-ketamina-hcl\/","title":{"rendered":"Cump\u0103ra\u021bi ketamin\u0103 HCL"},"content":{"rendered":"<h2>Cump\u0103ra\u021bi ketamina HCL online<\/h2>\n<h3>Cumpara Ketamine HCL lichid online | Ketamine HCL de v\u00e2nzare<\/h3>\n<p>Les prix de d\u00e9tail de la <a href=\"https:\/\/en.wikipedia.org\/wiki\/Ketamine\">k\u00e9tamine HCL<\/a> sont une substance \u00e9trange qui a fait que les gens se sont sentis effray\u00e9s, bless\u00e9s, vol\u00e9s ou touch\u00e9s. Tout cela \u00e0 cause de leur m\u00e9connaissance des propri\u00e9t\u00e9s \u00ab dissociatives \u00bb de la k\u00e9tamine. K ne dure que 15 \u00e0 40 minutes, mais pendant ce temps, il s\u00e9pare votre esprit et votre corps, ce qui vous emp\u00eache de ressentir ou de contr\u00f4ler votre corps. Il peut \u00eatre difficile de bouger, encore moins de courir ou de se promener, ce qui pourrait \u00eatre d\u00e9sastreux si vous vous retrouvez dans un sc\u00e9nario flou \u00e0 l&rsquo;improviste. Clinique K\u00e9tamine HCL Liquide.<\/p>\n<h3>Halucinogene :<\/h3>\n<p>la meilleure clinique liquide de <a href=\"https:\/\/poudresdenarco.com\/ro\/produs\/cumpara-ketamina-hcl\/\">k\u00e9tamine HCL<\/a> disponible en ligne. Flacons de k\u00e9tamine contenant de la k\u00e9tamine liquide.<\/p>\n<p>Chiar dac\u0103 crede\u021bi c\u0103 \u0219ti\u021bi deja totul pentru c\u0103 folosi\u021bi frecvent K, exist\u0103 c\u00e2teva detalii specifice despre medicament care merit\u0103 s\u0103 fie cunoscute. Folosi\u021bi aceste sfaturi pentru a v\u0103 asigura siguran\u021ba \u0219i pentru a maximiza beneficiile experien\u021bei dumneavoastr\u0103 cu K. Pentru c\u0103l\u0103torii K mai sigure, citi\u021bi aceste sugestii. (Voi publica \u00een cur\u00e2nd un alt articol despre istoria, cultura \u0219i mecanismul de ac\u021biune al K. Continua\u021bi s\u0103 verifica\u021bi site-ul nostru). V\u00e2nz\u0103rile de ketamin\u0103 pe flacon<\/p>\n<h3>Cump\u0103rarea de ketamin\u0103<\/h3>\n<p>Exist\u0103 aplica\u021bii medicale legitime pentru ketamin\u0103, iar aceasta poate fi ob\u021binut\u0103 sub form\u0103 de lichid limpede sau sub form\u0103 de pulbere alb\u0103 sau albicioas\u0103. Cele mai populare variet\u0103\u021bi de ketamin\u0103 sunt :<\/p>\n<p>Ketamina sub form\u0103 lichid\u0103: Pulberea de ketamin\u0103 se dizolv\u0103 \u00eentr-o solu\u021bie apoas\u0103 pentru a produce un lichid limpede.<\/p>\n<p>Ketamin\u0103 pulbere: Ketamina este uneori v\u00e2ndut\u0103 sub form\u0103 de pulbere alb\u0103 sau alb\u0103. Pentru a injecta ketamin\u0103, aceast\u0103 pulbere se combin\u0103 cu ap\u0103. Pentru ca ketamina s\u0103 fie potrivit\u0103 pentru a fi inhalat\u0103 sau ingerat\u0103 ca drog recrea\u021bional, ketamina lichid\u0103 poate fi transformat\u0103, de asemenea, \u00een cristale sau pulbere. Cump\u0103rarea de ketamin\u0103 lichid\u0103 \u00een Canada<\/p>\n<p>Poate fi dificil s\u0103 se determine dac\u0103 un produs este ketamin\u0103 f\u0103r\u0103 a-l testa, deoarece acesta se prezint\u0103 de obicei sub forma unui lichid limpede sau a unei pulberi albe. Orice pastil\u0103, flacon de lichid sau pulbere alb\u0103 care nu se afl\u0103 \u00een ambalajul original \u0219i nu este etichetat corect ar putea fi ketamin\u0103 sau o alt\u0103 substan\u021b\u0103 medicamentoas\u0103 ilegal\u0103. V\u00e2nz\u0103ri de ketamin\u0103 \u00een fiole<\/p>\n<h3>Accesorii \u0219i depozitare a ketaminei<\/h3>\n<p>\u00cen func\u021bie de forma \u0219i scopul s\u0103u, ketamina poate fi depozitat\u0103 \u00een moduri diferite. Ketamina poate fi depozitat\u0103 \u00een mai multe moduri, inclusiv :<\/p>\n<p>Sticle de sticl\u0103 care con\u021bin pulbere sau lichid<\/p>\n<p>Mai ales nu sub form\u0103 de pastile sau capsule. Alternativ, \u00eentr-o cutie de pastile care s\u0103 con\u021bin\u0103 un comprimat diferit de cel indicat pe etichet\u0103.<\/p>\n<p>Ca ni\u0219te pungi mici de plastic pentru pudr\u0103<\/p>\n<p>foaie sau h\u00e2rtie \u00eemp\u0103turit\u0103. Cump\u0103rarea de ketamin\u0103 lichid\u0103 \u00een Canada<\/p>\n<p>Accesoriile pot indica, de asemenea, faptul c\u0103 adolescentul dumneavoastr\u0103 consum\u0103 droguri. Capsulele goale pot indica faptul c\u0103 adolescentul dumneavoastr\u0103 inten\u021bioneaz\u0103 s\u0103 \u00ee\u0219i injecteze ketamin\u0103. Dac\u0103 adolescentul dumneavoastr\u0103 d\u0103 semne c\u0103 inten\u021bioneaz\u0103 s\u0103 \u00ee\u0219i injecteze ketamin\u0103 sau o alt\u0103 substan\u021b\u0103, este posibil s\u0103 foloseasc\u0103 seringi, flacoane, ace sau garouri. Cump\u0103ra\u021bi solu\u021bie de ketamin\u0103 HCL<\/p>","protected":false},"excerpt":{"rendered":"<p>Acheter de la k\u00e9tamine HCL en ligne Achetez du liquide K\u00e9tamine HCL en ligne | K\u00e9tamine HCL \u00e0 vendre Les prix de d\u00e9tail de la k\u00e9tamine HCL sont une substance \u00e9trange qui a fait que les gens se sont sentis effray\u00e9s, bless\u00e9s, vol\u00e9s ou touch\u00e9s. Tout cela \u00e0 cause de leur m\u00e9connaissance des propri\u00e9t\u00e9s \u00ab&hellip;<\/p>","protected":false},"featured_media":257,"comment_status":"open","ping_status":"closed","template":"","meta":{"_joinchat":[]},"product_cat":[174],"product_tag":[],"class_list":{"0":"post-172","1":"product","2":"type-product","3":"status-publish","4":"has-post-thumbnail","6":"product_cat-la-ketamine","8":"first","9":"instock","10":"shipping-taxable","11":"purchasable","12":"product-type-variable","13":"col-xs-6 col-sm-4","14":"col-md-3 col-lg-3","15":"un-4-cols"},"yoast_head":"<!-- This site is optimized with the Yoast SEO plugin v23.8 - https:\/\/yoast.com\/wordpress\/plugins\/seo\/ -->\n<title>Acheter de la k\u00e9tamine HCL en ligne - K\u00e9tamine HCL \u00e0 vendre<\/title>\n<meta name=\"description\" content=\"Votre demande d&#039;achat de K\u00e9tamine HCL en ligne peut \u00eatre satisfaite dans notre boutique en ligne car nous avons de la K\u00e9tamine HCL \u00e0 vendre ici. Passez votre commande et obtenez des offres abordables tous les jours. Commandez maintenant !\" \/>\n<meta name=\"robots\" content=\"index, follow, max-snippet:-1, max-image-preview:large, max-video-preview:-1\" \/>\n<link rel=\"canonical\" href=\"https:\/\/poudresdenarco.com\/ro\/produs\/cumpara-ketamina-hcl\/\" \/>\n<meta property=\"og:locale\" content=\"ro_RO\" \/>\n<meta property=\"og:type\" content=\"article\" \/>\n<meta property=\"og:title\" content=\"Acheter de la k\u00e9tamine HCL en ligne - K\u00e9tamine HCL \u00e0 vendre\" \/>\n<meta property=\"og:description\" content=\"Votre demande d&#039;achat de K\u00e9tamine HCL en ligne peut \u00eatre satisfaite dans notre boutique en ligne car nous avons de la K\u00e9tamine HCL \u00e0 vendre ici. Passez votre commande et obtenez des offres abordables tous les jours. Commandez maintenant !\" \/>\n<meta property=\"og:url\" content=\"https:\/\/poudresdenarco.com\/ro\/produs\/cumpara-ketamina-hcl\/\" \/>\n<meta property=\"og:site_name\" content=\"Poudresde Narco\" \/>\n<meta property=\"article:modified_time\" content=\"2025-06-09T23:45:05+00:00\" \/>\n<meta property=\"og:image\" content=\"https:\/\/poudresdenarco.com\/wp-content\/uploads\/2023\/12\/Buy-Ketamine-HCL.jpg\" \/>\n\t<meta property=\"og:image:width\" content=\"600\" \/>\n\t<meta property=\"og:image:height\" content=\"600\" \/>\n\t<meta property=\"og:image:type\" content=\"image\/jpeg\" \/>\n<meta name=\"twitter:card\" content=\"summary_large_image\" \/>\n<meta name=\"twitter:label1\" content=\"Timp estimat pentru citire\" \/>\n\t<meta name=\"twitter:data1\" content=\"3 minute\" \/>\n<script type=\"application\/ld+json\" class=\"yoast-schema-graph\">{\"@context\":\"https:\/\/schema.org\",\"@graph\":[{\"@type\":\"WebPage\",\"@id\":\"https:\/\/poudresdenarco.com\/produit\/acheter-de-la-ketamine-hcl\/\",\"url\":\"https:\/\/poudresdenarco.com\/produit\/acheter-de-la-ketamine-hcl\/\",\"name\":\"Acheter de la k\u00e9tamine HCL en ligne - K\u00e9tamine HCL \u00e0 vendre\",\"isPartOf\":{\"@id\":\"https:\/\/poudresdenarco.com\/#website\"},\"primaryImageOfPage\":{\"@id\":\"https:\/\/poudresdenarco.com\/produit\/acheter-de-la-ketamine-hcl\/#primaryimage\"},\"image\":{\"@id\":\"https:\/\/poudresdenarco.com\/produit\/acheter-de-la-ketamine-hcl\/#primaryimage\"},\"thumbnailUrl\":\"https:\/\/poudresdenarco.com\/wp-content\/uploads\/2023\/12\/Buy-Ketamine-HCL.jpg\",\"datePublished\":\"2023-12-25T08:20:31+00:00\",\"dateModified\":\"2025-06-09T23:45:05+00:00\",\"description\":\"Votre demande d'achat de K\u00e9tamine HCL en ligne peut \u00eatre satisfaite dans notre boutique en ligne car nous avons de la K\u00e9tamine HCL \u00e0 vendre ici. Passez votre commande et obtenez des offres abordables tous les jours. Commandez maintenant !\",\"breadcrumb\":{\"@id\":\"https:\/\/poudresdenarco.com\/produit\/acheter-de-la-ketamine-hcl\/#breadcrumb\"},\"inLanguage\":\"ro-RO\",\"potentialAction\":[{\"@type\":\"ReadAction\",\"target\":[\"https:\/\/poudresdenarco.com\/produit\/acheter-de-la-ketamine-hcl\/\"]}]},{\"@type\":\"ImageObject\",\"inLanguage\":\"ro-RO\",\"@id\":\"https:\/\/poudresdenarco.com\/produit\/acheter-de-la-ketamine-hcl\/#primaryimage\",\"url\":\"https:\/\/poudresdenarco.com\/wp-content\/uploads\/2023\/12\/Buy-Ketamine-HCL.jpg\",\"contentUrl\":\"https:\/\/poudresdenarco.com\/wp-content\/uploads\/2023\/12\/Buy-Ketamine-HCL.jpg\",\"width\":600,\"height\":600,\"caption\":\"Acheter de la k\u00e9tamine HCL\"},{\"@type\":\"BreadcrumbList\",\"@id\":\"https:\/\/poudresdenarco.com\/produit\/acheter-de-la-ketamine-hcl\/#breadcrumb\",\"itemListElement\":[{\"@type\":\"ListItem\",\"position\":1,\"name\":\"Home\",\"item\":\"https:\/\/poudresdenarco.com\/\"},{\"@type\":\"ListItem\",\"position\":2,\"name\":\"Boutique\",\"item\":\"https:\/\/poudresdenarco.com\/boutique\/\"},{\"@type\":\"ListItem\",\"position\":3,\"name\":\"Acheter de la k\u00e9tamine HCL\"}]},{\"@type\":\"WebSite\",\"@id\":\"https:\/\/poudresdenarco.com\/#website\",\"url\":\"https:\/\/poudresdenarco.com\/\",\"name\":\"Poudresde Narco\",\"description\":\"Acheter de la coca\u00efne et de l&#039;h\u00e9ro\u00efne en ligne\",\"potentialAction\":[{\"@type\":\"SearchAction\",\"target\":{\"@type\":\"EntryPoint\",\"urlTemplate\":\"https:\/\/poudresdenarco.com\/?s={search_term_string}\"},\"query-input\":{\"@type\":\"PropertyValueSpecification\",\"valueRequired\":true,\"valueName\":\"search_term_string\"}}],\"inLanguage\":\"ro-RO\"}]}<\/script>\n<!-- \/ Yoast SEO plugin. -->","yoast_head_json":{"title":"Acheter de la k\u00e9tamine HCL en ligne - K\u00e9tamine HCL \u00e0 vendre","description":"Votre demande d'achat de K\u00e9tamine HCL en ligne peut \u00eatre satisfaite dans notre boutique en ligne car nous avons de la K\u00e9tamine HCL \u00e0 vendre ici. Passez votre commande et obtenez des offres abordables tous les jours. Commandez maintenant !","robots":{"index":"index","follow":"follow","max-snippet":"max-snippet:-1","max-image-preview":"max-image-preview:large","max-video-preview":"max-video-preview:-1"},"canonical":"https:\/\/poudresdenarco.com\/ro\/produs\/cumpara-ketamina-hcl\/","og_locale":"ro_RO","og_type":"article","og_title":"Acheter de la k\u00e9tamine HCL en ligne - K\u00e9tamine HCL \u00e0 vendre","og_description":"Votre demande d'achat de K\u00e9tamine HCL en ligne peut \u00eatre satisfaite dans notre boutique en ligne car nous avons de la K\u00e9tamine HCL \u00e0 vendre ici. Passez votre commande et obtenez des offres abordables tous les jours. Commandez maintenant !","og_url":"https:\/\/poudresdenarco.com\/ro\/produs\/cumpara-ketamina-hcl\/","og_site_name":"Poudresde Narco","article_modified_time":"2025-06-09T23:45:05+00:00","og_image":[{"width":600,"height":600,"url":"https:\/\/poudresdenarco.com\/wp-content\/uploads\/2023\/12\/Buy-Ketamine-HCL.jpg","type":"image\/jpeg"}],"twitter_card":"summary_large_image","twitter_misc":{"Timp estimat pentru citire":"3 minute"},"schema":{"@context":"https:\/\/schema.org","@graph":[{"@type":"WebPage","@id":"https:\/\/poudresdenarco.com\/produit\/acheter-de-la-ketamine-hcl\/","url":"https:\/\/poudresdenarco.com\/produit\/acheter-de-la-ketamine-hcl\/","name":"Acheter de la k\u00e9tamine HCL en ligne - K\u00e9tamine HCL \u00e0 vendre","isPartOf":{"@id":"https:\/\/poudresdenarco.com\/#website"},"primaryImageOfPage":{"@id":"https:\/\/poudresdenarco.com\/produit\/acheter-de-la-ketamine-hcl\/#primaryimage"},"image":{"@id":"https:\/\/poudresdenarco.com\/produit\/acheter-de-la-ketamine-hcl\/#primaryimage"},"thumbnailUrl":"https:\/\/poudresdenarco.com\/wp-content\/uploads\/2023\/12\/Buy-Ketamine-HCL.jpg","datePublished":"2023-12-25T08:20:31+00:00","dateModified":"2025-06-09T23:45:05+00:00","description":"Votre demande d'achat de K\u00e9tamine HCL en ligne peut \u00eatre satisfaite dans notre boutique en ligne car nous avons de la K\u00e9tamine HCL \u00e0 vendre ici. Passez votre commande et obtenez des offres abordables tous les jours. Commandez maintenant !","breadcrumb":{"@id":"https:\/\/poudresdenarco.com\/produit\/acheter-de-la-ketamine-hcl\/#breadcrumb"},"inLanguage":"ro-RO","potentialAction":[{"@type":"ReadAction","target":["https:\/\/poudresdenarco.com\/produit\/acheter-de-la-ketamine-hcl\/"]}]},{"@type":"ImageObject","inLanguage":"ro-RO","@id":"https:\/\/poudresdenarco.com\/produit\/acheter-de-la-ketamine-hcl\/#primaryimage","url":"https:\/\/poudresdenarco.com\/wp-content\/uploads\/2023\/12\/Buy-Ketamine-HCL.jpg","contentUrl":"https:\/\/poudresdenarco.com\/wp-content\/uploads\/2023\/12\/Buy-Ketamine-HCL.jpg","width":600,"height":600,"caption":"Acheter de la k\u00e9tamine HCL"},{"@type":"BreadcrumbList","@id":"https:\/\/poudresdenarco.com\/produit\/acheter-de-la-ketamine-hcl\/#breadcrumb","itemListElement":[{"@type":"ListItem","position":1,"name":"Home","item":"https:\/\/poudresdenarco.com\/"},{"@type":"ListItem","position":2,"name":"Boutique","item":"https:\/\/poudresdenarco.com\/boutique\/"},{"@type":"ListItem","position":3,"name":"Acheter de la k\u00e9tamine HCL"}]},{"@type":"WebSite","@id":"https:\/\/poudresdenarco.com\/#website","url":"https:\/\/poudresdenarco.com\/","name":"Poudresde Narco","description":"Acheter de la coca\u00efne et de l&#039;h\u00e9ro\u00efne en ligne","potentialAction":[{"@type":"SearchAction","target":{"@type":"EntryPoint","urlTemplate":"https:\/\/poudresdenarco.com\/?s={search_term_string}"},"query-input":{"@type":"PropertyValueSpecification","valueRequired":true,"valueName":"search_term_string"}}],"inLanguage":"ro-RO"}]}},"_links":{"self":[{"href":"https:\/\/poudresdenarco.com\/ro\/wp-json\/wp\/v2\/product\/172","targetHints":{"allow":["GET"]}}],"collection":[{"href":"https:\/\/poudresdenarco.com\/ro\/wp-json\/wp\/v2\/product"}],"about":[{"href":"https:\/\/poudresdenarco.com\/ro\/wp-json\/wp\/v2\/types\/product"}],"replies":[{"embeddable":true,"href":"https:\/\/poudresdenarco.com\/ro\/wp-json\/wp\/v2\/comments?post=172"}],"wp:featuredmedia":[{"embeddable":true,"href":"https:\/\/poudresdenarco.com\/ro\/wp-json\/wp\/v2\/media\/257"}],"wp:attachment":[{"href":"https:\/\/poudresdenarco.com\/ro\/wp-json\/wp\/v2\/media?parent=172"}],"wp:term":[{"taxonomy":"product_cat","embeddable":true,"href":"https:\/\/poudresdenarco.com\/ro\/wp-json\/wp\/v2\/product_cat?post=172"},{"taxonomy":"product_tag","embeddable":true,"href":"https:\/\/poudresdenarco.com\/ro\/wp-json\/wp\/v2\/product_tag?post=172"}],"curies":[{"name":"wp","href":"https:\/\/api.w.org\/{rel}","templated":true}]}}