{"id":233,"date":"2023-12-25T08:20:45","date_gmt":"2023-12-25T08:20:45","guid":{"rendered":"https:\/\/unkrautmarkt.com\/narco1\/?post_type=product&#038;p=233"},"modified":"2025-06-09T20:06:14","modified_gmt":"2025-06-09T20:06:14","slug":"acheter-ketanir-ketamine-500mg-10","status":"publish","type":"product","link":"https:\/\/poudresdenarco.com\/ro\/produs\/cumpara-ketanir-ketamine-500mg-10\/","title":{"rendered":"Cump\u0103ra\u021bi Ketanir Ketamine 500mg\/10"},"content":{"rendered":"<h2><span style=\"vertical-align: inherit;\"><span style=\"vertical-align: inherit;\">Cump\u0103ra\u021bi Ketanir Ketamina 500mg\/10 online<\/span><\/span><\/h2>\n<h3><span style=\"vertical-align: inherit;\"><span style=\"vertical-align: inherit;\">Buy 500mg\/10ml Ketanir Ketamine online.<\/span><\/span><\/h3>\n<p><span style=\"vertical-align: inherit;\"><span style=\"vertical-align: inherit;\"><a href=\"https:\/\/en.wikipedia.org\/wiki\/Ketamine\">Ketamin\u0103 HCL<\/a> este un medicament utilizat \u00een principal \u00een anestezie. Utiliz\u0103rile suplimentare includ sedarea de terapie intensiv\u0103 \u0219i durerea persistent\u0103.<\/span><\/span><\/p>\n<p><span style=\"vertical-align: inherit;\"><span style=\"vertical-align: inherit;\">Fluxul provocat de ketamina dureaz\u0103 aproximativ o or\u0103. \u00cencepe la dou\u0103 p\u00e2n\u0103 la cinci minute dup\u0103 fumat sau ingerarea dozei. C\u00e2nd este injectat, apare la aproximativ 30 de secunde dup\u0103 injectare.<\/span><\/span><\/p>\n<p><span style=\"vertical-align: inherit;\"><span style=\"vertical-align: inherit;\">Sentimentul cople\u0219itor de relaxare pe care utilizatorul \u00eel experimenteaz\u0103 ini\u021bial \u00een timpul efectului este adesea denumit \u201e\u00a0buzz pe tot corpul.\u00bb Unii utilizatori chiar \u00eel descriu ca \u0219i cum ar fi plutind din corpul lor. Mul\u021bi oameni experimenteaz\u0103 halucina\u021bii care dureaz\u0103 mai mult dec\u00e2t efectele anesteziei.<\/span><\/span><\/p>\n<p><span style=\"vertical-align: inherit;\"><span style=\"vertical-align: inherit;\">Dozele mai mari pot duce la efecte mai puternice; indivizii au descris disocierea complet\u0103 \u0219i total\u0103 de corpurile lor. Oamenii care au avut experien\u021be \u00een apropierea mor\u021bii au descris sentimente similare, asem\u0103n\u0103toare cu cele ale unei \u201e\u00a0gauri K.\u00bb<\/span><\/span><\/p>\n<p><span style=\"vertical-align: inherit;\"><span style=\"vertical-align: inherit;\"><a href=\"https:\/\/poudresdenarco.com\/ro\/produs\/cumpara-ketanir-ketamine-500mg-10\/\">Cump\u0103ra\u021bi 500 mg\/10 ml Ketanir Ketamine online.<\/a> este oferit la un pre\u021b rezonabil online.<\/span><\/span><\/p>","protected":false},"excerpt":{"rendered":"<p>Buy Ketanir Ketamine 500mg\/10 Online Buy 500mg\/10ml Ketanir Ketamine online. Ketamine HCL is a medication primarily used in anesthesia. Additional uses include intensive care sedation and persistent pain. The high caused by ketamine lasts about an hour. It begins two to five minutes after smoking or ingesting the dose. When injected, it occurs about 30&hellip;<\/p>","protected":false},"featured_media":252,"comment_status":"open","ping_status":"closed","template":"","meta":{"_joinchat":[]},"product_cat":[174],"product_tag":[],"class_list":{"0":"post-233","1":"product","2":"type-product","3":"status-publish","4":"has-post-thumbnail","6":"product_cat-la-ketamine","8":"first","9":"instock","10":"shipping-taxable","11":"purchasable","12":"product-type-variable","13":"col-xs-6 col-sm-4","14":"col-md-3 col-lg-3","15":"un-4-cols"},"yoast_head":"<!-- This site is optimized with the Yoast SEO plugin v23.8 - https:\/\/yoast.com\/wordpress\/plugins\/seo\/ -->\n<title>Acheter K\u00e9tamine Ketanir 500 mg\/10 en ligne - K\u00e9tamine Ketanir 500 mg\/10 \u00e0 vendre<\/title>\n<meta name=\"description\" content=\"La k\u00e9tamine Ketanir 500 mg\/10 est d\u00e9sormais facilement disponible \u00e0 la vente dans notre boutique en ligne. Vous pouvez vous connecter directement \u00e0 notre magasin de produits chimiques et acheter Ketanir Ketamine 500 mg\/10 en ligne aux meilleurs prix.\" \/>\n<meta name=\"robots\" content=\"index, follow, max-snippet:-1, max-image-preview:large, max-video-preview:-1\" \/>\n<link rel=\"canonical\" href=\"https:\/\/poudresdenarco.com\/ro\/produs\/cumpara-ketanir-ketamine-500mg-10\/\" \/>\n<meta property=\"og:locale\" content=\"ro_RO\" \/>\n<meta property=\"og:type\" content=\"article\" \/>\n<meta property=\"og:title\" content=\"Acheter K\u00e9tamine Ketanir 500 mg\/10 en ligne - K\u00e9tamine Ketanir 500 mg\/10 \u00e0 vendre\" \/>\n<meta property=\"og:description\" content=\"La k\u00e9tamine Ketanir 500 mg\/10 est d\u00e9sormais facilement disponible \u00e0 la vente dans notre boutique en ligne. Vous pouvez vous connecter directement \u00e0 notre magasin de produits chimiques et acheter Ketanir Ketamine 500 mg\/10 en ligne aux meilleurs prix.\" \/>\n<meta property=\"og:url\" content=\"https:\/\/poudresdenarco.com\/ro\/produs\/cumpara-ketanir-ketamine-500mg-10\/\" \/>\n<meta property=\"og:site_name\" content=\"Poudresde Narco\" \/>\n<meta property=\"article:modified_time\" content=\"2025-06-09T20:06:14+00:00\" \/>\n<meta property=\"og:image\" content=\"https:\/\/poudresdenarco.com\/wp-content\/uploads\/2023\/12\/Buy-Ketanir-Ketamine-500mg-10.jpg\" \/>\n\t<meta property=\"og:image:width\" content=\"600\" \/>\n\t<meta property=\"og:image:height\" content=\"600\" \/>\n\t<meta property=\"og:image:type\" content=\"image\/jpeg\" \/>\n<meta name=\"twitter:card\" content=\"summary_large_image\" \/>\n<meta name=\"twitter:label1\" content=\"Timp estimat pentru citire\" \/>\n\t<meta name=\"twitter:data1\" content=\"1 minut\" \/>\n<script type=\"application\/ld+json\" class=\"yoast-schema-graph\">{\"@context\":\"https:\/\/schema.org\",\"@graph\":[{\"@type\":\"WebPage\",\"@id\":\"https:\/\/poudresdenarco.com\/produit\/acheter-ketanir-ketamine-500mg-10\/\",\"url\":\"https:\/\/poudresdenarco.com\/produit\/acheter-ketanir-ketamine-500mg-10\/\",\"name\":\"Acheter K\u00e9tamine Ketanir 500 mg\/10 en ligne - K\u00e9tamine Ketanir 500 mg\/10 \u00e0 vendre\",\"isPartOf\":{\"@id\":\"https:\/\/poudresdenarco.com\/#website\"},\"primaryImageOfPage\":{\"@id\":\"https:\/\/poudresdenarco.com\/produit\/acheter-ketanir-ketamine-500mg-10\/#primaryimage\"},\"image\":{\"@id\":\"https:\/\/poudresdenarco.com\/produit\/acheter-ketanir-ketamine-500mg-10\/#primaryimage\"},\"thumbnailUrl\":\"https:\/\/poudresdenarco.com\/wp-content\/uploads\/2023\/12\/Buy-Ketanir-Ketamine-500mg-10.jpg\",\"datePublished\":\"2023-12-25T08:20:45+00:00\",\"dateModified\":\"2025-06-09T20:06:14+00:00\",\"description\":\"La k\u00e9tamine Ketanir 500 mg\/10 est d\u00e9sormais facilement disponible \u00e0 la vente dans notre boutique en ligne. Vous pouvez vous connecter directement \u00e0 notre magasin de produits chimiques et acheter Ketanir Ketamine 500 mg\/10 en ligne aux meilleurs prix.\",\"breadcrumb\":{\"@id\":\"https:\/\/poudresdenarco.com\/produit\/acheter-ketanir-ketamine-500mg-10\/#breadcrumb\"},\"inLanguage\":\"ro-RO\",\"potentialAction\":[{\"@type\":\"ReadAction\",\"target\":[\"https:\/\/poudresdenarco.com\/produit\/acheter-ketanir-ketamine-500mg-10\/\"]}]},{\"@type\":\"ImageObject\",\"inLanguage\":\"ro-RO\",\"@id\":\"https:\/\/poudresdenarco.com\/produit\/acheter-ketanir-ketamine-500mg-10\/#primaryimage\",\"url\":\"https:\/\/poudresdenarco.com\/wp-content\/uploads\/2023\/12\/Buy-Ketanir-Ketamine-500mg-10.jpg\",\"contentUrl\":\"https:\/\/poudresdenarco.com\/wp-content\/uploads\/2023\/12\/Buy-Ketanir-Ketamine-500mg-10.jpg\",\"width\":600,\"height\":600,\"caption\":\"Acheter-Ketanir-Ketamine-500mg-10-en ligne\"},{\"@type\":\"BreadcrumbList\",\"@id\":\"https:\/\/poudresdenarco.com\/produit\/acheter-ketanir-ketamine-500mg-10\/#breadcrumb\",\"itemListElement\":[{\"@type\":\"ListItem\",\"position\":1,\"name\":\"Home\",\"item\":\"https:\/\/poudresdenarco.com\/\"},{\"@type\":\"ListItem\",\"position\":2,\"name\":\"Boutique\",\"item\":\"https:\/\/poudresdenarco.com\/boutique\/\"},{\"@type\":\"ListItem\",\"position\":3,\"name\":\"Acheter Ketanir K\u00e9tamine 500mg\/10\"}]},{\"@type\":\"WebSite\",\"@id\":\"https:\/\/poudresdenarco.com\/#website\",\"url\":\"https:\/\/poudresdenarco.com\/\",\"name\":\"Poudresde Narco\",\"description\":\"Acheter de la coca\u00efne et de l&#039;h\u00e9ro\u00efne en ligne\",\"potentialAction\":[{\"@type\":\"SearchAction\",\"target\":{\"@type\":\"EntryPoint\",\"urlTemplate\":\"https:\/\/poudresdenarco.com\/?s={search_term_string}\"},\"query-input\":{\"@type\":\"PropertyValueSpecification\",\"valueRequired\":true,\"valueName\":\"search_term_string\"}}],\"inLanguage\":\"ro-RO\"}]}<\/script>\n<!-- \/ Yoast SEO plugin. -->","yoast_head_json":{"title":"Acheter K\u00e9tamine Ketanir 500 mg\/10 en ligne - K\u00e9tamine Ketanir 500 mg\/10 \u00e0 vendre","description":"La k\u00e9tamine Ketanir 500 mg\/10 est d\u00e9sormais facilement disponible \u00e0 la vente dans notre boutique en ligne. Vous pouvez vous connecter directement \u00e0 notre magasin de produits chimiques et acheter Ketanir Ketamine 500 mg\/10 en ligne aux meilleurs prix.","robots":{"index":"index","follow":"follow","max-snippet":"max-snippet:-1","max-image-preview":"max-image-preview:large","max-video-preview":"max-video-preview:-1"},"canonical":"https:\/\/poudresdenarco.com\/ro\/produs\/cumpara-ketanir-ketamine-500mg-10\/","og_locale":"ro_RO","og_type":"article","og_title":"Acheter K\u00e9tamine Ketanir 500 mg\/10 en ligne - K\u00e9tamine Ketanir 500 mg\/10 \u00e0 vendre","og_description":"La k\u00e9tamine Ketanir 500 mg\/10 est d\u00e9sormais facilement disponible \u00e0 la vente dans notre boutique en ligne. Vous pouvez vous connecter directement \u00e0 notre magasin de produits chimiques et acheter Ketanir Ketamine 500 mg\/10 en ligne aux meilleurs prix.","og_url":"https:\/\/poudresdenarco.com\/ro\/produs\/cumpara-ketanir-ketamine-500mg-10\/","og_site_name":"Poudresde Narco","article_modified_time":"2025-06-09T20:06:14+00:00","og_image":[{"width":600,"height":600,"url":"https:\/\/poudresdenarco.com\/wp-content\/uploads\/2023\/12\/Buy-Ketanir-Ketamine-500mg-10.jpg","type":"image\/jpeg"}],"twitter_card":"summary_large_image","twitter_misc":{"Timp estimat pentru citire":"1 minut"},"schema":{"@context":"https:\/\/schema.org","@graph":[{"@type":"WebPage","@id":"https:\/\/poudresdenarco.com\/produit\/acheter-ketanir-ketamine-500mg-10\/","url":"https:\/\/poudresdenarco.com\/produit\/acheter-ketanir-ketamine-500mg-10\/","name":"Acheter K\u00e9tamine Ketanir 500 mg\/10 en ligne - K\u00e9tamine Ketanir 500 mg\/10 \u00e0 vendre","isPartOf":{"@id":"https:\/\/poudresdenarco.com\/#website"},"primaryImageOfPage":{"@id":"https:\/\/poudresdenarco.com\/produit\/acheter-ketanir-ketamine-500mg-10\/#primaryimage"},"image":{"@id":"https:\/\/poudresdenarco.com\/produit\/acheter-ketanir-ketamine-500mg-10\/#primaryimage"},"thumbnailUrl":"https:\/\/poudresdenarco.com\/wp-content\/uploads\/2023\/12\/Buy-Ketanir-Ketamine-500mg-10.jpg","datePublished":"2023-12-25T08:20:45+00:00","dateModified":"2025-06-09T20:06:14+00:00","description":"La k\u00e9tamine Ketanir 500 mg\/10 est d\u00e9sormais facilement disponible \u00e0 la vente dans notre boutique en ligne. Vous pouvez vous connecter directement \u00e0 notre magasin de produits chimiques et acheter Ketanir Ketamine 500 mg\/10 en ligne aux meilleurs prix.","breadcrumb":{"@id":"https:\/\/poudresdenarco.com\/produit\/acheter-ketanir-ketamine-500mg-10\/#breadcrumb"},"inLanguage":"ro-RO","potentialAction":[{"@type":"ReadAction","target":["https:\/\/poudresdenarco.com\/produit\/acheter-ketanir-ketamine-500mg-10\/"]}]},{"@type":"ImageObject","inLanguage":"ro-RO","@id":"https:\/\/poudresdenarco.com\/produit\/acheter-ketanir-ketamine-500mg-10\/#primaryimage","url":"https:\/\/poudresdenarco.com\/wp-content\/uploads\/2023\/12\/Buy-Ketanir-Ketamine-500mg-10.jpg","contentUrl":"https:\/\/poudresdenarco.com\/wp-content\/uploads\/2023\/12\/Buy-Ketanir-Ketamine-500mg-10.jpg","width":600,"height":600,"caption":"Acheter-Ketanir-Ketamine-500mg-10-en ligne"},{"@type":"BreadcrumbList","@id":"https:\/\/poudresdenarco.com\/produit\/acheter-ketanir-ketamine-500mg-10\/#breadcrumb","itemListElement":[{"@type":"ListItem","position":1,"name":"Home","item":"https:\/\/poudresdenarco.com\/"},{"@type":"ListItem","position":2,"name":"Boutique","item":"https:\/\/poudresdenarco.com\/boutique\/"},{"@type":"ListItem","position":3,"name":"Acheter Ketanir K\u00e9tamine 500mg\/10"}]},{"@type":"WebSite","@id":"https:\/\/poudresdenarco.com\/#website","url":"https:\/\/poudresdenarco.com\/","name":"Poudresde Narco","description":"Acheter de la coca\u00efne et de l&#039;h\u00e9ro\u00efne en ligne","potentialAction":[{"@type":"SearchAction","target":{"@type":"EntryPoint","urlTemplate":"https:\/\/poudresdenarco.com\/?s={search_term_string}"},"query-input":{"@type":"PropertyValueSpecification","valueRequired":true,"valueName":"search_term_string"}}],"inLanguage":"ro-RO"}]}},"_links":{"self":[{"href":"https:\/\/poudresdenarco.com\/ro\/wp-json\/wp\/v2\/product\/233","targetHints":{"allow":["GET"]}}],"collection":[{"href":"https:\/\/poudresdenarco.com\/ro\/wp-json\/wp\/v2\/product"}],"about":[{"href":"https:\/\/poudresdenarco.com\/ro\/wp-json\/wp\/v2\/types\/product"}],"replies":[{"embeddable":true,"href":"https:\/\/poudresdenarco.com\/ro\/wp-json\/wp\/v2\/comments?post=233"}],"wp:featuredmedia":[{"embeddable":true,"href":"https:\/\/poudresdenarco.com\/ro\/wp-json\/wp\/v2\/media\/252"}],"wp:attachment":[{"href":"https:\/\/poudresdenarco.com\/ro\/wp-json\/wp\/v2\/media?parent=233"}],"wp:term":[{"taxonomy":"product_cat","embeddable":true,"href":"https:\/\/poudresdenarco.com\/ro\/wp-json\/wp\/v2\/product_cat?post=233"},{"taxonomy":"product_tag","embeddable":true,"href":"https:\/\/poudresdenarco.com\/ro\/wp-json\/wp\/v2\/product_tag?post=233"}],"curies":[{"name":"wp","href":"https:\/\/api.w.org\/{rel}","templated":true}]}}