{"id":241,"date":"2023-12-25T08:20:46","date_gmt":"2023-12-25T08:20:46","guid":{"rendered":"https:\/\/unkrautmarkt.com\/narco1\/?post_type=product&#038;p=241"},"modified":"2025-06-09T17:25:11","modified_gmt":"2025-06-09T17:25:11","slug":"cocaine-rose-2c-b","status":"publish","type":"product","link":"https:\/\/poudresdenarco.com\/ro\/produs\/2c-b-cocaina-roz-cumpara\/","title":{"rendered":"Cocain\u0103 roz 2C-B"},"content":{"rendered":"<h2><span style=\"vertical-align: inherit;\"><span style=\"vertical-align: inherit;\">Cump\u0103ra\u021bi Pink Cocaine 2C-B Online<\/span><\/span><\/h2>\n<h3><span style=\"vertical-align: inherit;\"><span style=\"vertical-align: inherit;\">Cocaina roz: Ce este?<\/span><\/span><\/h3>\n<p><span style=\"vertical-align: inherit;\"><span style=\"vertical-align: inherit;\"><a href=\"https:\/\/en.wikipedia.org\/wiki\/2C-B\">Phenylethylamine 2C-B<\/a> a fost creat pentru prima dat\u0103 la \u00eenceputul anilor 1970 de chimistul de la Harvard Alexander Shulgin, care era cel mai bine cunoscut pentru munca sa asupra metilendioximetanfetaminei (MDMA sau ecstasy). Feniletilamina 2C-B, uneori cunoscut\u0103 sub numele de Performax sau Erox, a fost comercializat\u0103 \u0219i v\u00e2ndut\u0103 ca amplificator al libidoului \u0219i medicament pentru disfunc\u021bia erectil\u0103. Medicamentul a fost desemnat o substan\u021b\u0103 controlat\u0103 din Lista 1 de c\u0103tre Agen\u021bia SUA pentru Aplicarea Drogurilor \u00een 1995, dup\u0103 ce s-a stabilit c\u0103 nu are uz medical legitim \u0219i c\u0103 are un poten\u021bial semnificativ de abuz.<\/span><\/span><\/p>\n<p><span style=\"vertical-align: inherit;\"><span style=\"vertical-align: inherit;\">Feniletilamina 2C-B, uneori cunoscut\u0103 sub numele de cocain\u0103 roz sau Bromo, a ap\u0103rut pentru prima dat\u0103 \u00een cluburile din America de Sud \u0219i Central\u0103 \u0219i de atunci a revenit ca drog de petrecere recrea\u021bional\u0103 \u00een ultimul deceniu. De obicei, companiile farmaceutice \u00ee\u0219i produc produsele sub form\u0103 de pastile.<\/span><\/span><\/p>\n<h3><span style=\"vertical-align: inherit;\"><span style=\"vertical-align: inherit;\">Cocaina roz: Ce este?<\/span><\/span><\/h3>\n<p><span style=\"vertical-align: inherit;\"><span style=\"vertical-align: inherit;\">a fost creat pentru prima dat\u0103 la \u00eenceputul anilor 1970 de chimistul de la Harvard Alexander Shulgin, care era cel mai bine cunoscut pentru munca sa asupra metilendioximetanfetaminei (MDMA sau ecstasy). Feniletilamina 2C-B, uneori cunoscut\u0103 sub numele de Performax sau Erox, a fost comercializat\u0103 \u0219i v\u00e2ndut\u0103 ca amplificator al libidoului \u0219i medicament pentru disfunc\u021bia erectil\u0103. Medicamentul a fost desemnat o substan\u021b\u0103 controlat\u0103 din Lista 1 de c\u0103tre Agen\u021bia SUA pentru Aplicarea Drogurilor \u00een 1995, dup\u0103 ce s-a stabilit c\u0103 nu are uz medical legitim \u0219i c\u0103 are un poten\u021bial semnificativ de abuz.<\/span><\/span><\/p>\n<p><span style=\"vertical-align: inherit;\"><span style=\"vertical-align: inherit;\"><a href=\"https:\/\/poudresdenarco.com\/ro\/produs\/2c-b-cocaina-roz-cumpara\/\">Buy Phenylethylamine 2C-B online<\/a>Feniletilamina 2C-B, uneori cunoscut\u0103 sub numele de cocain\u0103 roz sau Bromo, a ap\u0103rut pentru prima dat\u0103 \u00een cluburile din America de Sud \u0219i Central\u0103 \u0219i de atunci a revenit ca drog de petrecere recrea\u021bional\u0103 \u00een ultimul deceniu. De obicei, companiile farmaceutice \u00ee\u0219i produc produsele sub form\u0103 de pastile.<\/span><\/span><\/p>\n<p><span style=\"vertical-align: inherit;\"><span style=\"vertical-align: inherit;\">Este posibil s\u0103 nu fie posibil s\u0103 determina\u021bi doza exact\u0103 pe care o lua\u021bi, deoarece este adesea produs\u0103 \u00een laboratoare ilegale \u0219i nu este supus\u0103 reglement\u0103rilor FDA. Cocaina roz poate fi t\u0103iat\u0103 de produc\u0103torul de droguri folosind substan\u021be chimice sau medicamente neidentificate, ceea ce ar putea intensifica efectele secundare.<\/span><\/span><\/p>\n<h3><span style=\"vertical-align: inherit;\"><span style=\"vertical-align: inherit;\">Ce diferen\u021biaz\u0103 cocaina de cocaina roz?<\/span><\/span><\/h3>\n<p><span style=\"vertical-align: inherit;\"><span style=\"vertical-align: inherit;\">There are some parallels between pink cocaine and conventional cocaine, such as the potential for addiction and chemical dependency. Cocaine hydrochloride is the concentrated and refined form of the coca plant commonly known as cocaine. Because it has both stimulant and anesthetic properties, cocaine is classified as a Schedule II drug in the United States and has some medical uses.<\/span><\/span><\/p>\n<p><span style=\"vertical-align: inherit;\"><span style=\"vertical-align: inherit;\">Pe de alt\u0103 parte, cocaina roz este un drog sintetic pe baz\u0103 de feniletilamin\u0103 care interac\u021bioneaz\u0103 cu calea serotoninei din organism pentru a produce un efect psihoactiv.<\/span><\/span><\/p>","protected":false},"excerpt":{"rendered":"<p>Buy Pink Cocaine 2C-B Online Pink Cocaine: What is it? Phenylethylamine 2C-B was first created in the early 1970s by Harvard chemist Alexander Shulgin, who was best known for his work on methylenedioxymethamphetamine (MDMA or ecstasy). Phenylethylamine 2C-B, sometimes known as Performax or Erox, was marketed and sold as a libido enhancer and erectile dysfunction&hellip;<\/p>","protected":false},"featured_media":249,"comment_status":"open","ping_status":"closed","template":"","meta":{"_joinchat":[]},"product_cat":[66],"product_tag":[314,313,316,315,310,312,311],"class_list":{"0":"post-241","1":"product","2":"type-product","3":"status-publish","4":"has-post-thumbnail","6":"product_cat-de-la-cocaine","7":"product_tag-acheter-cocaine-en-poudre-rose-2c-b","8":"product_tag-acheter-cocaine-rose-2c-b","9":"product_tag-achetez-de-la-cocaine-rose-2c-b","10":"product_tag-achetez-de-la-poudre-de-cocaine-rose-2c","11":"product_tag-cocaine-rose-2c-b-a-vendre","12":"product_tag-poudre-de-cocaine-rose-2c-b-a-vendre","13":"product_tag-poudre-de-cocaine-rose-2c-b-a-vendre-en-europe","15":"first","16":"instock","17":"shipping-taxable","18":"purchasable","19":"product-type-variable","20":"col-xs-6 col-sm-4","21":"col-md-3 col-lg-3","22":"un-4-cols"},"yoast_head":"<!-- This site is optimized with the Yoast SEO plugin v23.8 - https:\/\/yoast.com\/wordpress\/plugins\/seo\/ -->\n<title>Buy Coca\u00efne rose 2C-B Online - Coca\u00efne rose 2C-B for Sale<\/title>\n<meta name=\"description\" content=\"Si vous souhaitez acheter de la Coca\u00efne rose 2C-B en ligne, visitez notre boutique en ligne PoudresDenarco. Nous avons des produits de haute qualit\u00e9 comme la Coca\u00efne rose 2C-B \u00e0 vendre. Passez votre commande maintenant !\" \/>\n<meta name=\"robots\" content=\"index, follow, max-snippet:-1, max-image-preview:large, max-video-preview:-1\" \/>\n<link rel=\"canonical\" href=\"https:\/\/poudresdenarco.com\/ro\/produs\/2c-b-cocaina-roz-cumpara\/\" \/>\n<meta property=\"og:locale\" content=\"ro_RO\" \/>\n<meta property=\"og:type\" content=\"article\" \/>\n<meta property=\"og:title\" content=\"Buy Coca\u00efne rose 2C-B Online - Coca\u00efne rose 2C-B for Sale\" \/>\n<meta property=\"og:description\" content=\"Si vous souhaitez acheter de la Coca\u00efne rose 2C-B en ligne, visitez notre boutique en ligne PoudresDenarco. Nous avons des produits de haute qualit\u00e9 comme la Coca\u00efne rose 2C-B \u00e0 vendre. Passez votre commande maintenant !\" \/>\n<meta property=\"og:url\" content=\"https:\/\/poudresdenarco.com\/ro\/produs\/2c-b-cocaina-roz-cumpara\/\" \/>\n<meta property=\"og:site_name\" content=\"Poudresde Narco\" \/>\n<meta property=\"article:modified_time\" content=\"2025-06-09T17:25:11+00:00\" \/>\n<meta property=\"og:image\" content=\"https:\/\/poudresdenarco.com\/wp-content\/uploads\/2023\/12\/2C-B-Pink-Cocaine.jpg\" \/>\n\t<meta property=\"og:image:width\" content=\"600\" \/>\n\t<meta property=\"og:image:height\" content=\"600\" \/>\n\t<meta property=\"og:image:type\" content=\"image\/jpeg\" \/>\n<meta name=\"twitter:card\" content=\"summary_large_image\" \/>\n<meta name=\"twitter:label1\" content=\"Timp estimat pentru citire\" \/>\n\t<meta name=\"twitter:data1\" content=\"3 minute\" \/>\n<script type=\"application\/ld+json\" class=\"yoast-schema-graph\">{\"@context\":\"https:\/\/schema.org\",\"@graph\":[{\"@type\":\"WebPage\",\"@id\":\"https:\/\/poudresdenarco.com\/produit\/cocaine-rose-2c-b\/\",\"url\":\"https:\/\/poudresdenarco.com\/produit\/cocaine-rose-2c-b\/\",\"name\":\"Buy Coca\u00efne rose 2C-B Online - Coca\u00efne rose 2C-B for Sale\",\"isPartOf\":{\"@id\":\"https:\/\/poudresdenarco.com\/#website\"},\"primaryImageOfPage\":{\"@id\":\"https:\/\/poudresdenarco.com\/produit\/cocaine-rose-2c-b\/#primaryimage\"},\"image\":{\"@id\":\"https:\/\/poudresdenarco.com\/produit\/cocaine-rose-2c-b\/#primaryimage\"},\"thumbnailUrl\":\"https:\/\/poudresdenarco.com\/wp-content\/uploads\/2023\/12\/2C-B-Pink-Cocaine.jpg\",\"datePublished\":\"2023-12-25T08:20:46+00:00\",\"dateModified\":\"2025-06-09T17:25:11+00:00\",\"description\":\"Si vous souhaitez acheter de la Coca\u00efne rose 2C-B en ligne, visitez notre boutique en ligne PoudresDenarco. Nous avons des produits de haute qualit\u00e9 comme la Coca\u00efne rose 2C-B \u00e0 vendre. Passez votre commande maintenant !\",\"breadcrumb\":{\"@id\":\"https:\/\/poudresdenarco.com\/produit\/cocaine-rose-2c-b\/#breadcrumb\"},\"inLanguage\":\"ro-RO\",\"potentialAction\":[{\"@type\":\"ReadAction\",\"target\":[\"https:\/\/poudresdenarco.com\/produit\/cocaine-rose-2c-b\/\"]}]},{\"@type\":\"ImageObject\",\"inLanguage\":\"ro-RO\",\"@id\":\"https:\/\/poudresdenarco.com\/produit\/cocaine-rose-2c-b\/#primaryimage\",\"url\":\"https:\/\/poudresdenarco.com\/wp-content\/uploads\/2023\/12\/2C-B-Pink-Cocaine.jpg\",\"contentUrl\":\"https:\/\/poudresdenarco.com\/wp-content\/uploads\/2023\/12\/2C-B-Pink-Cocaine.jpg\",\"width\":600,\"height\":600,\"caption\":\"Acheter 2C-B-Pink-Cocaine en ligne\"},{\"@type\":\"BreadcrumbList\",\"@id\":\"https:\/\/poudresdenarco.com\/produit\/cocaine-rose-2c-b\/#breadcrumb\",\"itemListElement\":[{\"@type\":\"ListItem\",\"position\":1,\"name\":\"Home\",\"item\":\"https:\/\/poudresdenarco.com\/\"},{\"@type\":\"ListItem\",\"position\":2,\"name\":\"Boutique\",\"item\":\"https:\/\/poudresdenarco.com\/boutique\/\"},{\"@type\":\"ListItem\",\"position\":3,\"name\":\"Coca\u00efne rose 2C-B\"}]},{\"@type\":\"WebSite\",\"@id\":\"https:\/\/poudresdenarco.com\/#website\",\"url\":\"https:\/\/poudresdenarco.com\/\",\"name\":\"Poudresde Narco\",\"description\":\"Acheter de la coca\u00efne et de l&#039;h\u00e9ro\u00efne en ligne\",\"potentialAction\":[{\"@type\":\"SearchAction\",\"target\":{\"@type\":\"EntryPoint\",\"urlTemplate\":\"https:\/\/poudresdenarco.com\/?s={search_term_string}\"},\"query-input\":{\"@type\":\"PropertyValueSpecification\",\"valueRequired\":true,\"valueName\":\"search_term_string\"}}],\"inLanguage\":\"ro-RO\"}]}<\/script>\n<!-- \/ Yoast SEO plugin. -->","yoast_head_json":{"title":"Buy Coca\u00efne rose 2C-B Online - Coca\u00efne rose 2C-B for Sale","description":"Si vous souhaitez acheter de la Coca\u00efne rose 2C-B en ligne, visitez notre boutique en ligne PoudresDenarco. Nous avons des produits de haute qualit\u00e9 comme la Coca\u00efne rose 2C-B \u00e0 vendre. Passez votre commande maintenant !","robots":{"index":"index","follow":"follow","max-snippet":"max-snippet:-1","max-image-preview":"max-image-preview:large","max-video-preview":"max-video-preview:-1"},"canonical":"https:\/\/poudresdenarco.com\/ro\/produs\/2c-b-cocaina-roz-cumpara\/","og_locale":"ro_RO","og_type":"article","og_title":"Buy Coca\u00efne rose 2C-B Online - Coca\u00efne rose 2C-B for Sale","og_description":"Si vous souhaitez acheter de la Coca\u00efne rose 2C-B en ligne, visitez notre boutique en ligne PoudresDenarco. Nous avons des produits de haute qualit\u00e9 comme la Coca\u00efne rose 2C-B \u00e0 vendre. Passez votre commande maintenant !","og_url":"https:\/\/poudresdenarco.com\/ro\/produs\/2c-b-cocaina-roz-cumpara\/","og_site_name":"Poudresde Narco","article_modified_time":"2025-06-09T17:25:11+00:00","og_image":[{"width":600,"height":600,"url":"https:\/\/poudresdenarco.com\/wp-content\/uploads\/2023\/12\/2C-B-Pink-Cocaine.jpg","type":"image\/jpeg"}],"twitter_card":"summary_large_image","twitter_misc":{"Timp estimat pentru citire":"3 minute"},"schema":{"@context":"https:\/\/schema.org","@graph":[{"@type":"WebPage","@id":"https:\/\/poudresdenarco.com\/produit\/cocaine-rose-2c-b\/","url":"https:\/\/poudresdenarco.com\/produit\/cocaine-rose-2c-b\/","name":"Buy Coca\u00efne rose 2C-B Online - Coca\u00efne rose 2C-B for Sale","isPartOf":{"@id":"https:\/\/poudresdenarco.com\/#website"},"primaryImageOfPage":{"@id":"https:\/\/poudresdenarco.com\/produit\/cocaine-rose-2c-b\/#primaryimage"},"image":{"@id":"https:\/\/poudresdenarco.com\/produit\/cocaine-rose-2c-b\/#primaryimage"},"thumbnailUrl":"https:\/\/poudresdenarco.com\/wp-content\/uploads\/2023\/12\/2C-B-Pink-Cocaine.jpg","datePublished":"2023-12-25T08:20:46+00:00","dateModified":"2025-06-09T17:25:11+00:00","description":"Si vous souhaitez acheter de la Coca\u00efne rose 2C-B en ligne, visitez notre boutique en ligne PoudresDenarco. Nous avons des produits de haute qualit\u00e9 comme la Coca\u00efne rose 2C-B \u00e0 vendre. Passez votre commande maintenant !","breadcrumb":{"@id":"https:\/\/poudresdenarco.com\/produit\/cocaine-rose-2c-b\/#breadcrumb"},"inLanguage":"ro-RO","potentialAction":[{"@type":"ReadAction","target":["https:\/\/poudresdenarco.com\/produit\/cocaine-rose-2c-b\/"]}]},{"@type":"ImageObject","inLanguage":"ro-RO","@id":"https:\/\/poudresdenarco.com\/produit\/cocaine-rose-2c-b\/#primaryimage","url":"https:\/\/poudresdenarco.com\/wp-content\/uploads\/2023\/12\/2C-B-Pink-Cocaine.jpg","contentUrl":"https:\/\/poudresdenarco.com\/wp-content\/uploads\/2023\/12\/2C-B-Pink-Cocaine.jpg","width":600,"height":600,"caption":"Acheter 2C-B-Pink-Cocaine en ligne"},{"@type":"BreadcrumbList","@id":"https:\/\/poudresdenarco.com\/produit\/cocaine-rose-2c-b\/#breadcrumb","itemListElement":[{"@type":"ListItem","position":1,"name":"Home","item":"https:\/\/poudresdenarco.com\/"},{"@type":"ListItem","position":2,"name":"Boutique","item":"https:\/\/poudresdenarco.com\/boutique\/"},{"@type":"ListItem","position":3,"name":"Coca\u00efne rose 2C-B"}]},{"@type":"WebSite","@id":"https:\/\/poudresdenarco.com\/#website","url":"https:\/\/poudresdenarco.com\/","name":"Poudresde Narco","description":"Acheter de la coca\u00efne et de l&#039;h\u00e9ro\u00efne en ligne","potentialAction":[{"@type":"SearchAction","target":{"@type":"EntryPoint","urlTemplate":"https:\/\/poudresdenarco.com\/?s={search_term_string}"},"query-input":{"@type":"PropertyValueSpecification","valueRequired":true,"valueName":"search_term_string"}}],"inLanguage":"ro-RO"}]}},"_links":{"self":[{"href":"https:\/\/poudresdenarco.com\/ro\/wp-json\/wp\/v2\/product\/241","targetHints":{"allow":["GET"]}}],"collection":[{"href":"https:\/\/poudresdenarco.com\/ro\/wp-json\/wp\/v2\/product"}],"about":[{"href":"https:\/\/poudresdenarco.com\/ro\/wp-json\/wp\/v2\/types\/product"}],"replies":[{"embeddable":true,"href":"https:\/\/poudresdenarco.com\/ro\/wp-json\/wp\/v2\/comments?post=241"}],"wp:featuredmedia":[{"embeddable":true,"href":"https:\/\/poudresdenarco.com\/ro\/wp-json\/wp\/v2\/media\/249"}],"wp:attachment":[{"href":"https:\/\/poudresdenarco.com\/ro\/wp-json\/wp\/v2\/media?parent=241"}],"wp:term":[{"taxonomy":"product_cat","embeddable":true,"href":"https:\/\/poudresdenarco.com\/ro\/wp-json\/wp\/v2\/product_cat?post=241"},{"taxonomy":"product_tag","embeddable":true,"href":"https:\/\/poudresdenarco.com\/ro\/wp-json\/wp\/v2\/product_tag?post=241"}],"curies":[{"name":"wp","href":"https:\/\/api.w.org\/{rel}","templated":true}]}}