{"id":30,"date":"2023-12-25T08:20:02","date_gmt":"2023-12-25T08:20:02","guid":{"rendered":"https:\/\/unkrautmarkt.com\/narco1\/?post_type=product&#038;p=30"},"modified":"2025-06-09T08:19:03","modified_gmt":"2025-06-09T08:19:03","slug":"heroine-en-poudre-brune","status":"publish","type":"product","link":"https:\/\/poudresdenarco.com\/ro\/produs\/brown-pulver-heroina\/","title":{"rendered":"Heroin\u0103 pudr\u0103 maro"},"content":{"rendered":"<h2><span style=\"vertical-align: inherit;\"><span style=\"vertical-align: inherit;\">Buy Brown Powder Heroin Online<\/span><\/span><\/h2>\n<p><span style=\"vertical-align: inherit;\"><span style=\"vertical-align: inherit;\">GET CHEAP QUALITY BROWN POWDER HEROIN ONLINE &#8211; LAB TESTED PURITY &amp; REASONABLE PRICES<\/span><\/span><\/p>\n<p><span style=\"vertical-align: inherit;\"><span style=\"vertical-align: inherit;\">Greetings from the largest site to get <\/span><\/span><a href=\"https:\/\/poudresdenarco.com\/ro\/produs\/brown-pulver-heroina\/\"><span style=\"vertical-align: inherit;\"><span style=\"vertical-align: inherit;\">Black Tar Heroin<\/span><\/span><\/a><span style=\"vertical-align: inherit;\"><span style=\"vertical-align: inherit;\"> , our online store. We sell premium quality Black Tar Heroin in our store at reasonable prices. Our items are diverse and customers can get Black Tar Heroin online from any location.<\/span><\/span><\/p>\n<h3><span style=\"vertical-align: inherit;\"><span style=\"vertical-align: inherit;\">Why buy heroin online in brown powder form?<\/span><\/span><\/h3>\n<p><span style=\"vertical-align: inherit;\"><span style=\"vertical-align: inherit;\">Cheap brown powder heroin online shopping offers a private and convenient way to complete this transaction. We offer a wide selection of products at affordable prices in our online store, including Black Tar Heroin. You can be sure that our store offers the best items, discreet packaging, and fast, reliable delivery when you <\/span><\/span><a href=\"https:\/\/en.wikipedia.org\/wiki\/Heroin\"><span style=\"vertical-align: inherit;\"><span style=\"vertical-align: inherit;\">buy Black Tar heroin<\/span><\/span><\/a><span style=\"vertical-align: inherit;\"><span style=\"vertical-align: inherit;\"> online.<\/span><\/span><\/p>\n<p><span style=\"vertical-align: inherit;\"><span style=\"vertical-align: inherit;\">Our store is the best place to buy Black Tar heroin online in the UK. Our items are of the highest caliber and we deliver quickly and reliably anywhere in the UK. Browse our website, choose the items you want to buy, then order brown powder heroin. We accept a number of payment options including Bitcoin, bank transfers, and credit cards.<\/span><\/span><\/p>\n<h3><span style=\"vertical-align: inherit;\"><span style=\"vertical-align: inherit;\">Brown heroin powder has advantages.<\/span><\/span><\/h3>\n<p><span style=\"vertical-align: inherit;\"><span style=\"vertical-align: inherit;\">BPH stands for beta-adrenergic blocking drug. It packs a punch and is really affordable. Brown sugar, coffee, and baking powder are the main ingredients in brown heroin (BPH). Codeine and morphine are both found in high-grade heroin, such as BPH. For intense pain relief, it\u2019s perfect. Plus, BPH ships quickly worldwide, making it perfect for urgent medication orders. Finally, users who want high-quality narcotics without breaking their budget will find brown powder heroin more affordable than heroin from other sources.<\/span><\/span><\/p>\n<h3><span style=\"vertical-align: inherit;\"><span style=\"vertical-align: inherit;\">How to Buy Black Tar Heroin Online: A Complete Guide<\/span><\/span><\/h3>\n<p><span style=\"vertical-align: inherit;\"><span style=\"vertical-align: inherit;\">Ordering cheap brown powder heroin online is easy. Start by browsing our online store and choosing the items you want to buy. Proceed to checkout after adding your products to your cart. During checkout, you will be asked for your shipping and payment information. After providing this data, finalize your order and monitor the delivery of your merchandise.<\/span><\/span><\/p>\n<h3><span style=\"vertical-align: inherit;\"><span style=\"vertical-align: inherit;\">Cost of brown powder heroin: what is the price?<\/span><\/span><\/h3>\n<p><span style=\"vertical-align: inherit;\"><span style=\"vertical-align: inherit;\">The quantity and quality of the product can impact the price of brown powder heroin. While offering a low price and quality guarantee, we sell brown powder heroin. We understand that our customers need fair prices and we are honored to provide them. We offer a variety of sizes to meet your needs and you can save money by buying in bulk.<\/span><\/span><\/p>\n<h3><span style=\"vertical-align: inherit;\"><span style=\"vertical-align: inherit;\">Is it safe to buy brown powder heroin online?<\/span><\/span><\/h3>\n<p><span style=\"vertical-align: inherit;\"><span style=\"vertical-align: inherit;\">If you buy brown powder heroin from a reliable seller, buying it online can be safe. We guarantee that your order is handled discreetly and that our website is both easy to use and secure.<\/span><\/span><\/p>\n<p><span style=\"vertical-align: inherit;\"><span style=\"vertical-align: inherit;\">To ensure you receive the best possible product, we also ensure that our brown powder heroin is lab tested for purity and potency. We are committed to offering the best products at a reasonable cost and take the safety of our customers very seriously. The best place to buy brown powder heroin is from our trusted online retailer. We provide premium products at affordable costs, with fast and reliable delivery. Everything you need to buy is available in our store, whether you are in the UK or anywhere else in the world. Keep your Black Tar heroin safe. So why not wait? To buy brown powder heroin online now, head over to our website.<\/span><\/span><\/p>","protected":false},"excerpt":{"rendered":"<p>Buy Brown Powder Heroin Online GET CHEAP QUALITY BROWN POWDER HEROIN ONLINE &#8211; LAB TESTED PURITY &amp; REASONABLE PRICES Greetings from the largest site to get Black Tar Heroin , our online store. We sell premium quality Black Tar Heroin in our store at reasonable prices. Our items are diverse and customers can get Black&hellip;<\/p>","protected":false},"featured_media":276,"comment_status":"open","ping_status":"closed","template":"","meta":{"_joinchat":[]},"product_cat":[17],"product_tag":[355,357,356,354,349,360,359,351,358,353,361,350,364,363,352,362],"class_list":{"0":"post-30","1":"product","2":"type-product","3":"status-publish","4":"has-post-thumbnail","6":"product_cat-de-heroine","7":"product_tag-acheter-de-lheroine-en-poudre-brune-en-ligne","8":"product_tag-acheter-de-lheroine-en-poudre-brune-en-ligne-aux-etats-unis","9":"product_tag-acheter-de-lheroine-en-poudre-brune-en-ligne-pres-de-chez-moi","10":"product_tag-acheter-de-lheroine-en-poudre-brune-legalement","11":"product_tag-avantages-de-lheroine-en-poudre-brune","12":"product_tag-comment-commander-de-lheroine-en-poudre-brune","13":"product_tag-comment-puis-je-obtenir-la-meilleure-heroine-en-poudre-brune","14":"product_tag-heroine-en-poudre-brune-a-vendre","15":"product_tag-heroine-en-poudre-brune-bon-marche","16":"product_tag-heroine-en-poudre-brune-en-gros","17":"product_tag-heroine-en-poudre-brune-legitime-en-ligne","18":"product_tag-meilleur-endroit-pour-commander-de-lheroine-en-poudre-brune","19":"product_tag-ou-acheter-de-lheroine-en-poudre-brune","20":"product_tag-ou-puis-je-acheter-de-lheroine-en-poudre-brune","21":"product_tag-prix-de-lheroine-en-poudre-brune","22":"product_tag-quest-ce-que-lheroine-en-poudre-brune","24":"first","25":"instock","26":"shipping-taxable","27":"purchasable","28":"product-type-variable","29":"col-xs-6 col-sm-4","30":"col-md-3 col-lg-3","31":"un-4-cols"},"yoast_head":"<!-- This site is optimized with the Yoast SEO plugin v23.8 - https:\/\/yoast.com\/wordpress\/plugins\/seo\/ -->\n<title>Acheter de l&#039;h\u00e9ro\u00efne en poudre brune en ligne - Vente d&#039;h\u00e9ro\u00efne en poudre brune<\/title>\n<meta name=\"description\" content=\"Notre magasin propose la meilleure qualit\u00e9 d&#039;h\u00e9ro\u00efne en poudre brune \u00e0 vendre. Si vous souhaitez acheter de l&#039;h\u00e9ro\u00efne en poudre brune en ligne, contactez-nous et faites-la livrer sous peu !\" \/>\n<meta name=\"robots\" content=\"index, follow, max-snippet:-1, max-image-preview:large, max-video-preview:-1\" \/>\n<link rel=\"canonical\" href=\"https:\/\/poudresdenarco.com\/ro\/produs\/brown-pulver-heroina\/\" \/>\n<meta property=\"og:locale\" content=\"ro_RO\" \/>\n<meta property=\"og:type\" content=\"article\" \/>\n<meta property=\"og:title\" content=\"Acheter de l&#039;h\u00e9ro\u00efne en poudre brune en ligne - Vente d&#039;h\u00e9ro\u00efne en poudre brune\" \/>\n<meta property=\"og:description\" content=\"Notre magasin propose la meilleure qualit\u00e9 d&#039;h\u00e9ro\u00efne en poudre brune \u00e0 vendre. Si vous souhaitez acheter de l&#039;h\u00e9ro\u00efne en poudre brune en ligne, contactez-nous et faites-la livrer sous peu !\" \/>\n<meta property=\"og:url\" content=\"https:\/\/poudresdenarco.com\/ro\/produs\/brown-pulver-heroina\/\" \/>\n<meta property=\"og:site_name\" content=\"Poudresde Narco\" \/>\n<meta property=\"article:modified_time\" content=\"2025-06-09T08:19:03+00:00\" \/>\n<meta property=\"og:image\" content=\"https:\/\/poudresdenarco.com\/wp-content\/uploads\/2023\/12\/Brown-Powder-Heroin.jpg\" \/>\n\t<meta property=\"og:image:width\" content=\"600\" \/>\n\t<meta property=\"og:image:height\" content=\"600\" \/>\n\t<meta property=\"og:image:type\" content=\"image\/jpeg\" \/>\n<meta name=\"twitter:card\" content=\"summary_large_image\" \/>\n<meta name=\"twitter:label1\" content=\"Timp estimat pentru citire\" \/>\n\t<meta name=\"twitter:data1\" content=\"4 minute\" \/>\n<script type=\"application\/ld+json\" class=\"yoast-schema-graph\">{\"@context\":\"https:\/\/schema.org\",\"@graph\":[{\"@type\":\"WebPage\",\"@id\":\"https:\/\/poudresdenarco.com\/produit\/heroine-en-poudre-brune\/\",\"url\":\"https:\/\/poudresdenarco.com\/produit\/heroine-en-poudre-brune\/\",\"name\":\"Acheter de l'h\u00e9ro\u00efne en poudre brune en ligne - Vente d'h\u00e9ro\u00efne en poudre brune\",\"isPartOf\":{\"@id\":\"https:\/\/poudresdenarco.com\/#website\"},\"primaryImageOfPage\":{\"@id\":\"https:\/\/poudresdenarco.com\/produit\/heroine-en-poudre-brune\/#primaryimage\"},\"image\":{\"@id\":\"https:\/\/poudresdenarco.com\/produit\/heroine-en-poudre-brune\/#primaryimage\"},\"thumbnailUrl\":\"https:\/\/poudresdenarco.com\/wp-content\/uploads\/2023\/12\/Brown-Powder-Heroin.jpg\",\"datePublished\":\"2023-12-25T08:20:02+00:00\",\"dateModified\":\"2025-06-09T08:19:03+00:00\",\"description\":\"Notre magasin propose la meilleure qualit\u00e9 d'h\u00e9ro\u00efne en poudre brune \u00e0 vendre. Si vous souhaitez acheter de l'h\u00e9ro\u00efne en poudre brune en ligne, contactez-nous et faites-la livrer sous peu !\",\"breadcrumb\":{\"@id\":\"https:\/\/poudresdenarco.com\/produit\/heroine-en-poudre-brune\/#breadcrumb\"},\"inLanguage\":\"ro-RO\",\"potentialAction\":[{\"@type\":\"ReadAction\",\"target\":[\"https:\/\/poudresdenarco.com\/produit\/heroine-en-poudre-brune\/\"]}]},{\"@type\":\"ImageObject\",\"inLanguage\":\"ro-RO\",\"@id\":\"https:\/\/poudresdenarco.com\/produit\/heroine-en-poudre-brune\/#primaryimage\",\"url\":\"https:\/\/poudresdenarco.com\/wp-content\/uploads\/2023\/12\/Brown-Powder-Heroin.jpg\",\"contentUrl\":\"https:\/\/poudresdenarco.com\/wp-content\/uploads\/2023\/12\/Brown-Powder-Heroin.jpg\",\"width\":600,\"height\":600,\"caption\":\"Acheter Brown-Powder-Heroin en ligne\"},{\"@type\":\"BreadcrumbList\",\"@id\":\"https:\/\/poudresdenarco.com\/produit\/heroine-en-poudre-brune\/#breadcrumb\",\"itemListElement\":[{\"@type\":\"ListItem\",\"position\":1,\"name\":\"Home\",\"item\":\"https:\/\/poudresdenarco.com\/\"},{\"@type\":\"ListItem\",\"position\":2,\"name\":\"Boutique\",\"item\":\"https:\/\/poudresdenarco.com\/boutique\/\"},{\"@type\":\"ListItem\",\"position\":3,\"name\":\"H\u00e9ro\u00efne en poudre brune\"}]},{\"@type\":\"WebSite\",\"@id\":\"https:\/\/poudresdenarco.com\/#website\",\"url\":\"https:\/\/poudresdenarco.com\/\",\"name\":\"Poudresde Narco\",\"description\":\"Acheter de la coca\u00efne et de l&#039;h\u00e9ro\u00efne en ligne\",\"potentialAction\":[{\"@type\":\"SearchAction\",\"target\":{\"@type\":\"EntryPoint\",\"urlTemplate\":\"https:\/\/poudresdenarco.com\/?s={search_term_string}\"},\"query-input\":{\"@type\":\"PropertyValueSpecification\",\"valueRequired\":true,\"valueName\":\"search_term_string\"}}],\"inLanguage\":\"ro-RO\"}]}<\/script>\n<!-- \/ Yoast SEO plugin. -->","yoast_head_json":{"title":"Acheter de l'h\u00e9ro\u00efne en poudre brune en ligne - Vente d'h\u00e9ro\u00efne en poudre brune","description":"Notre magasin propose la meilleure qualit\u00e9 d'h\u00e9ro\u00efne en poudre brune \u00e0 vendre. Si vous souhaitez acheter de l'h\u00e9ro\u00efne en poudre brune en ligne, contactez-nous et faites-la livrer sous peu !","robots":{"index":"index","follow":"follow","max-snippet":"max-snippet:-1","max-image-preview":"max-image-preview:large","max-video-preview":"max-video-preview:-1"},"canonical":"https:\/\/poudresdenarco.com\/ro\/produs\/brown-pulver-heroina\/","og_locale":"ro_RO","og_type":"article","og_title":"Acheter de l'h\u00e9ro\u00efne en poudre brune en ligne - Vente d'h\u00e9ro\u00efne en poudre brune","og_description":"Notre magasin propose la meilleure qualit\u00e9 d'h\u00e9ro\u00efne en poudre brune \u00e0 vendre. Si vous souhaitez acheter de l'h\u00e9ro\u00efne en poudre brune en ligne, contactez-nous et faites-la livrer sous peu !","og_url":"https:\/\/poudresdenarco.com\/ro\/produs\/brown-pulver-heroina\/","og_site_name":"Poudresde Narco","article_modified_time":"2025-06-09T08:19:03+00:00","og_image":[{"width":600,"height":600,"url":"https:\/\/poudresdenarco.com\/wp-content\/uploads\/2023\/12\/Brown-Powder-Heroin.jpg","type":"image\/jpeg"}],"twitter_card":"summary_large_image","twitter_misc":{"Timp estimat pentru citire":"4 minute"},"schema":{"@context":"https:\/\/schema.org","@graph":[{"@type":"WebPage","@id":"https:\/\/poudresdenarco.com\/produit\/heroine-en-poudre-brune\/","url":"https:\/\/poudresdenarco.com\/produit\/heroine-en-poudre-brune\/","name":"Acheter de l'h\u00e9ro\u00efne en poudre brune en ligne - Vente d'h\u00e9ro\u00efne en poudre brune","isPartOf":{"@id":"https:\/\/poudresdenarco.com\/#website"},"primaryImageOfPage":{"@id":"https:\/\/poudresdenarco.com\/produit\/heroine-en-poudre-brune\/#primaryimage"},"image":{"@id":"https:\/\/poudresdenarco.com\/produit\/heroine-en-poudre-brune\/#primaryimage"},"thumbnailUrl":"https:\/\/poudresdenarco.com\/wp-content\/uploads\/2023\/12\/Brown-Powder-Heroin.jpg","datePublished":"2023-12-25T08:20:02+00:00","dateModified":"2025-06-09T08:19:03+00:00","description":"Notre magasin propose la meilleure qualit\u00e9 d'h\u00e9ro\u00efne en poudre brune \u00e0 vendre. Si vous souhaitez acheter de l'h\u00e9ro\u00efne en poudre brune en ligne, contactez-nous et faites-la livrer sous peu !","breadcrumb":{"@id":"https:\/\/poudresdenarco.com\/produit\/heroine-en-poudre-brune\/#breadcrumb"},"inLanguage":"ro-RO","potentialAction":[{"@type":"ReadAction","target":["https:\/\/poudresdenarco.com\/produit\/heroine-en-poudre-brune\/"]}]},{"@type":"ImageObject","inLanguage":"ro-RO","@id":"https:\/\/poudresdenarco.com\/produit\/heroine-en-poudre-brune\/#primaryimage","url":"https:\/\/poudresdenarco.com\/wp-content\/uploads\/2023\/12\/Brown-Powder-Heroin.jpg","contentUrl":"https:\/\/poudresdenarco.com\/wp-content\/uploads\/2023\/12\/Brown-Powder-Heroin.jpg","width":600,"height":600,"caption":"Acheter Brown-Powder-Heroin en ligne"},{"@type":"BreadcrumbList","@id":"https:\/\/poudresdenarco.com\/produit\/heroine-en-poudre-brune\/#breadcrumb","itemListElement":[{"@type":"ListItem","position":1,"name":"Home","item":"https:\/\/poudresdenarco.com\/"},{"@type":"ListItem","position":2,"name":"Boutique","item":"https:\/\/poudresdenarco.com\/boutique\/"},{"@type":"ListItem","position":3,"name":"H\u00e9ro\u00efne en poudre brune"}]},{"@type":"WebSite","@id":"https:\/\/poudresdenarco.com\/#website","url":"https:\/\/poudresdenarco.com\/","name":"Poudresde Narco","description":"Acheter de la coca\u00efne et de l&#039;h\u00e9ro\u00efne en ligne","potentialAction":[{"@type":"SearchAction","target":{"@type":"EntryPoint","urlTemplate":"https:\/\/poudresdenarco.com\/?s={search_term_string}"},"query-input":{"@type":"PropertyValueSpecification","valueRequired":true,"valueName":"search_term_string"}}],"inLanguage":"ro-RO"}]}},"_links":{"self":[{"href":"https:\/\/poudresdenarco.com\/ro\/wp-json\/wp\/v2\/product\/30","targetHints":{"allow":["GET"]}}],"collection":[{"href":"https:\/\/poudresdenarco.com\/ro\/wp-json\/wp\/v2\/product"}],"about":[{"href":"https:\/\/poudresdenarco.com\/ro\/wp-json\/wp\/v2\/types\/product"}],"replies":[{"embeddable":true,"href":"https:\/\/poudresdenarco.com\/ro\/wp-json\/wp\/v2\/comments?post=30"}],"wp:featuredmedia":[{"embeddable":true,"href":"https:\/\/poudresdenarco.com\/ro\/wp-json\/wp\/v2\/media\/276"}],"wp:attachment":[{"href":"https:\/\/poudresdenarco.com\/ro\/wp-json\/wp\/v2\/media?parent=30"}],"wp:term":[{"taxonomy":"product_cat","embeddable":true,"href":"https:\/\/poudresdenarco.com\/ro\/wp-json\/wp\/v2\/product_cat?post=30"},{"taxonomy":"product_tag","embeddable":true,"href":"https:\/\/poudresdenarco.com\/ro\/wp-json\/wp\/v2\/product_tag?post=30"}],"curies":[{"name":"wp","href":"https:\/\/api.w.org\/{rel}","templated":true}]}}