{"id":4390,"date":"2024-01-02T08:53:53","date_gmt":"2024-01-02T08:53:53","guid":{"rendered":"https:\/\/unkrautmarkt.com\/narco1\/?post_type=product&#038;p=4390"},"modified":"2025-06-10T05:34:43","modified_gmt":"2025-06-10T05:34:43","slug":"biscuits-et-creme","status":"publish","type":"product","link":"https:\/\/poudresdenarco.com\/ro\/produs\/biscuiti-si-crema\/","title":{"rendered":"biscui\u021bi \u0219i crem\u0103"},"content":{"rendered":"<h2><strong>CUMP\u0102RA\u021aI BISCUI\u021aI \u0218I CREM\u0102 ONLINE - MOALE, DELICIOS \u0218I PUTERNIC<\/strong><\/h2>\n<p>Cookies and Cream este un hibrid de canabis versatil, cu un amestec gastronomic de arome \u0219i parfumuri \u0219i efecte bine echilibrate, care va atrage fanii soiurilor dulci \u0219i indulgente. Aceast\u0103 pagin\u0103 va discuta despre genetica, aroma \u0219i caracteristicile de cre\u0219tere ale Cookies &amp; Cream, \u00een plus fa\u021b\u0103 de efectele, beneficiile, sugestiile de dozare \u0219i efectele secundare raportate.<\/p>\n<h3><strong>CREM\u0102 GENETIC\u0102 \u0218I BAZ\u0102 DE BISCUI\u021aI<\/strong><\/h3>\n<p>Exotic Genetix, un renumit cultivator de canabis din statul Washington, este creditat cu crearea soiului hibrid Cookies and Cream. Girl Scout Cookies \u0219i Starfighter au fost \u00eencruci\u0219ate pentru a crea o tulpin\u0103 puternic\u0103 \u0219i gustoas\u0103, care a cucerit inimile multor fani ai canabisului.<\/p>\n<p>Fursecurile Girl Scout sunt cunoscute pentru aroma lor p\u0103m\u00e2ntie, dar dulce, asem\u0103n\u0103toare cu cea de brut\u0103rie. Acestea au c\u00e2\u0219tigat numeroase premii, inclusiv High Times Cannabis Cup. \u00centre timp, soiul Starfighter, de indica pur\u0103, are o arom\u0103 fructat\u0103 \u0219i un impact fizic relaxant.<\/p>\n<p>Cu o arom\u0103 bogat\u0103 \u0219i efecte bine echilibrate, Cookies &amp; Cream este o tulpin\u0103 popular\u0103 printre o gam\u0103 larg\u0103 de pasiona\u021bi de canabis. A mo\u0219tenit cele mai bune calit\u0103\u021bi ale ambelor tulpini p\u0103rinte\u0219ti.<\/p>\n<h3><strong>PARFUMUL, GUSTUL \u0218I IMPACTUL CREMEI \u0218I AL BISCUI\u021aILOR<\/strong><\/h3>\n<p>Cookies and Cream, dup\u0103 cum sugereaz\u0103 \u0219i numele, are o arom\u0103 dulce \u0219i cremoas\u0103, cu nuan\u021be p\u0103m\u00e2ntii \u0219i note de alune care se \u00eembin\u0103 bine cu vanilia. Acest lucru se datoreaz\u0103 unui profil terpenic compus \u00een principal din mircene, cariofilen \u0219i limonen. Varietatea miroase a l\u0103m\u00e2ie datorit\u0103 limonenei, are o not\u0103 picant\u0103, piperat\u0103 de la cariofilen \u0219i este \u00een principal lini\u0219titoare datorit\u0103 mircenei.<\/p>\n<p>Cookies and Cream este o tulpin\u0103 destul de puternic\u0103, cu o concentra\u021bie de THC cuprins\u0103 \u00eentre 20 % \u0219i 25 %. Efectul are beneficii multiple, inclusiv efecte calmante \u0219i \u00een\u0103l\u021b\u0103toare. O influen\u021b\u0103 intelectual\u0103 \u00een cre\u0219tere, care ridic\u0103 starea de spirit \u0219i promoveaz\u0103 creativitatea, domin\u0103 primele c\u00e2teva pufuri, dar pe m\u0103sur\u0103 ce continua\u021bi s\u0103 o folosi\u021bi, o senza\u021bie de calmare fizic\u0103 preia controlul. Aceast\u0103 tulpin\u0103 func\u021bioneaz\u0103 bine \u00een doze mici, ca un stimulent pe timp de zi, dar \u00een doze mai mari produce un high vesel, care o face s\u0103 fie un ideal pentru o b\u0103utur\u0103 de noapte.<\/p>\n<h3><strong>BENEFICIILE CONSUMULUI DE CREM\u0102 \u0218I BISCUI\u021aI<\/strong><\/h3>\n<p>Se crede c\u0103 fursecurile \u0219i crema pot oferi o serie de beneficii specifice, cum ar fi reducerea durerii \u0219i a stresului, stimularea foamei \u0219i \u00eembun\u0103t\u0103\u021birea somnului. Calit\u0103\u021bile analgezice ale acestui soi pot ajuta la gestionarea durerii cronice, \u00een timp ce efectele sale calmante pot reduce tensiunea \u0219i anxietatea. Cookies &amp; Cream are, de asemenea, capacitatea de a cre\u0219te pofta de m\u00e2ncare, a\u0219a c\u0103 este o op\u021biune bun\u0103 pentru cei care \u0219i-au pierdut pofta de m\u00e2ncare din cauza unei boli.<\/p>\n<h3><strong>EFECTE SECUNDARE \u0218I INSTRUC\u021aIUNI DE DOZARE PENTRU BISCUI\u021aI \u0218I CREM\u0102.<\/strong><\/h3>\n<p>Deoarece Cookies and Cream este o tulpin\u0103 puternic\u0103, trebuie s\u0103 ave\u021bi grij\u0103 c\u00e2nd o manipula\u021bi. \u00cencep\u0103torii ar trebui s\u0103 \u00eenceap\u0103 cu 1 sau 2 pufuri \u0219i s\u0103 a\u0219tepte ca efectele s\u0103 devin\u0103 vizibile \u00eenainte de a lua mai mult. Dac\u0103 exagerezi, po\u021bi avea efecte secundare, cum ar fi usc\u0103ciunea gurii \u0219i ame\u021beli.<\/p>\n<h3><strong>CREM\u0102 DE CANABIS \u0218I BISCUI\u021aI DE CULTUR\u0102<\/strong><\/h3>\n<p>Cookies &amp; Cream este un soi destul de simplu de cultivat \u0219i poate fi cultivat at\u00e2t \u00een interior, c\u00e2t \u0219i \u00een exterior. Cu toate acestea, este esen\u021bial s\u0103 \u00eei oferi\u021bi suficient\u0103 lumin\u0103, ap\u0103 \u0219i nutrien\u021bi.<\/p>\n<h3><strong>TEMPERATURA \u0218I \u0218TIIN\u021aA<\/strong><\/h3>\n<p>Un climat cald \u0219i uscat este ideal pentru ca Cookies &amp; Cream s\u0103 se dezvolte. V\u0103 recomand\u0103m s\u0103 men\u021bine\u021bi o temperatur\u0103 interioar\u0103 \u00eentre 20 \u0219i 27\u00b0C \u00een timpul zilei \u0219i \u00eentre 16 \u0219i 21\u00b0C pe timp de noapte. O umiditate relativ\u0103 de 40 p\u00e2n\u0103 la 50 % este intervalul ideal de men\u021binut. Atunci c\u00e2nd cre\u0219te \u00een exterior, un loc uscat \u0219i \u00eensorit este ideal pentru Cookies &amp; Cream.<\/p>\n<h3><strong>CREM\u0102 \u0218I BISCUI\u021aI: VISUL T\u0102U DEVINE REALITATE<\/strong> <strong>MAGIC<\/strong> <strong>DEVINE REALITATE<\/strong><\/h3>\n<p>O varietate minunat\u0103, Cookies and Cream va fi cu siguran\u021b\u0103 pe placul at\u00e2t al fanilor drogurilor dulci, c\u00e2t \u0219i al celor care caut\u0103 un efect lini\u0219titor, dar \u00een\u0103l\u021b\u0103tor. Se recomand\u0103 s\u0103 lua\u021bi aceast\u0103 varietate o doz\u0103 la un moment dat, fie \u00een scopuri recreative, fie pentru a trata probleme specifice.<\/p>\n<p>Dac\u0103 prime\u0219te suficient\u0103 lumin\u0103, nutrien\u021bi \u0219i ap\u0103, Cookies &amp; Cream este un specimen hibrid robust, cu cre\u0219tere rapid\u0103, care va atrage at\u00e2t cultivatorii de interior, c\u00e2t \u0219i pe cei de exterior.<\/p>","protected":false},"excerpt":{"rendered":"<p>ACHETER DES BISCUITS ET DE LA CR\u00c8ME EN LIGNE &#8211; DOUX, D\u00c9LICIEUX ET PUISSANTS Cookies and Cream est un hybride de cannabis polyvalent avec un m\u00e9lange gourmand de saveurs et de parfums ainsi que des effets bien \u00e9quilibr\u00e9s qui s\u00e9duiront les amateurs de vari\u00e9t\u00e9s douces et indulgentes. Cette page discutera de la g\u00e9n\u00e9tique, de la&hellip;<\/p>","protected":false},"featured_media":4507,"comment_status":"open","ping_status":"closed","template":"","meta":{"_joinchat":[]},"product_cat":[473],"product_tag":[],"class_list":{"0":"post-4390","1":"product","2":"type-product","3":"status-publish","4":"has-post-thumbnail","6":"product_cat-herbe","8":"first","9":"instock","10":"shipping-taxable","11":"purchasable","12":"product-type-variable","13":"col-xs-6 col-sm-4","14":"col-md-3 col-lg-3","15":"un-4-cols"},"yoast_head":"<!-- This site is optimized with the Yoast SEO plugin v23.8 - https:\/\/yoast.com\/wordpress\/plugins\/seo\/ -->\n<title>Achetez des biscuits et de la cr\u00e8me en ligne - Biscuits et cr\u00e8me \u00e0 vendre<\/title>\n<meta name=\"description\" content=\"Si vous \u00eates passionn\u00e9 par les biscuits et la cr\u00e8me, notre magasin est le meilleur endroit pour acheter des biscuits et de la cr\u00e8me en ligne. Vous pouvez avoir des biscuits et de la cr\u00e8me en vente au prix le plus bas. Commandez maintenant et recevez-le sous peu !\" \/>\n<meta name=\"robots\" content=\"index, follow, max-snippet:-1, max-image-preview:large, max-video-preview:-1\" \/>\n<link rel=\"canonical\" href=\"https:\/\/poudresdenarco.com\/ro\/produs\/biscuiti-si-crema\/\" \/>\n<meta property=\"og:locale\" content=\"ro_RO\" \/>\n<meta property=\"og:type\" content=\"article\" \/>\n<meta property=\"og:title\" content=\"Achetez des biscuits et de la cr\u00e8me en ligne - Biscuits et cr\u00e8me \u00e0 vendre\" \/>\n<meta property=\"og:description\" content=\"Si vous \u00eates passionn\u00e9 par les biscuits et la cr\u00e8me, notre magasin est le meilleur endroit pour acheter des biscuits et de la cr\u00e8me en ligne. Vous pouvez avoir des biscuits et de la cr\u00e8me en vente au prix le plus bas. Commandez maintenant et recevez-le sous peu !\" \/>\n<meta property=\"og:url\" content=\"https:\/\/poudresdenarco.com\/ro\/produs\/biscuiti-si-crema\/\" \/>\n<meta property=\"og:site_name\" content=\"Poudresde Narco\" \/>\n<meta property=\"article:modified_time\" content=\"2025-06-10T05:34:43+00:00\" \/>\n<meta property=\"og:image\" content=\"https:\/\/poudresdenarco.com\/wp-content\/uploads\/2024\/01\/COOKIES-CREAM.jpg\" \/>\n\t<meta property=\"og:image:width\" content=\"600\" \/>\n\t<meta property=\"og:image:height\" content=\"600\" \/>\n\t<meta property=\"og:image:type\" content=\"image\/jpeg\" \/>\n<meta name=\"twitter:card\" content=\"summary_large_image\" \/>\n<meta name=\"twitter:label1\" content=\"Timp estimat pentru citire\" \/>\n\t<meta name=\"twitter:data1\" content=\"4 minute\" \/>\n<script type=\"application\/ld+json\" class=\"yoast-schema-graph\">{\"@context\":\"https:\/\/schema.org\",\"@graph\":[{\"@type\":\"WebPage\",\"@id\":\"https:\/\/poudresdenarco.com\/produit\/biscuits-et-creme\/\",\"url\":\"https:\/\/poudresdenarco.com\/produit\/biscuits-et-creme\/\",\"name\":\"Achetez des biscuits et de la cr\u00e8me en ligne - Biscuits et cr\u00e8me \u00e0 vendre\",\"isPartOf\":{\"@id\":\"https:\/\/poudresdenarco.com\/#website\"},\"primaryImageOfPage\":{\"@id\":\"https:\/\/poudresdenarco.com\/produit\/biscuits-et-creme\/#primaryimage\"},\"image\":{\"@id\":\"https:\/\/poudresdenarco.com\/produit\/biscuits-et-creme\/#primaryimage\"},\"thumbnailUrl\":\"https:\/\/poudresdenarco.com\/wp-content\/uploads\/2024\/01\/COOKIES-CREAM.jpg\",\"datePublished\":\"2024-01-02T08:53:53+00:00\",\"dateModified\":\"2025-06-10T05:34:43+00:00\",\"description\":\"Si vous \u00eates passionn\u00e9 par les biscuits et la cr\u00e8me, notre magasin est le meilleur endroit pour acheter des biscuits et de la cr\u00e8me en ligne. Vous pouvez avoir des biscuits et de la cr\u00e8me en vente au prix le plus bas. Commandez maintenant et recevez-le sous peu !\",\"breadcrumb\":{\"@id\":\"https:\/\/poudresdenarco.com\/produit\/biscuits-et-creme\/#breadcrumb\"},\"inLanguage\":\"ro-RO\",\"potentialAction\":[{\"@type\":\"ReadAction\",\"target\":[\"https:\/\/poudresdenarco.com\/produit\/biscuits-et-creme\/\"]}]},{\"@type\":\"ImageObject\",\"inLanguage\":\"ro-RO\",\"@id\":\"https:\/\/poudresdenarco.com\/produit\/biscuits-et-creme\/#primaryimage\",\"url\":\"https:\/\/poudresdenarco.com\/wp-content\/uploads\/2024\/01\/COOKIES-CREAM.jpg\",\"contentUrl\":\"https:\/\/poudresdenarco.com\/wp-content\/uploads\/2024\/01\/COOKIES-CREAM.jpg\",\"width\":600,\"height\":600,\"caption\":\"Achetez des COOKIES-CREAM en ligne\"},{\"@type\":\"BreadcrumbList\",\"@id\":\"https:\/\/poudresdenarco.com\/produit\/biscuits-et-creme\/#breadcrumb\",\"itemListElement\":[{\"@type\":\"ListItem\",\"position\":1,\"name\":\"Home\",\"item\":\"https:\/\/poudresdenarco.com\/\"},{\"@type\":\"ListItem\",\"position\":2,\"name\":\"Boutique\",\"item\":\"https:\/\/poudresdenarco.com\/boutique\/\"},{\"@type\":\"ListItem\",\"position\":3,\"name\":\"biscuits et cr\u00e8me\"}]},{\"@type\":\"WebSite\",\"@id\":\"https:\/\/poudresdenarco.com\/#website\",\"url\":\"https:\/\/poudresdenarco.com\/\",\"name\":\"Poudresde Narco\",\"description\":\"Acheter de la coca\u00efne et de l&#039;h\u00e9ro\u00efne en ligne\",\"potentialAction\":[{\"@type\":\"SearchAction\",\"target\":{\"@type\":\"EntryPoint\",\"urlTemplate\":\"https:\/\/poudresdenarco.com\/?s={search_term_string}\"},\"query-input\":{\"@type\":\"PropertyValueSpecification\",\"valueRequired\":true,\"valueName\":\"search_term_string\"}}],\"inLanguage\":\"ro-RO\"}]}<\/script>\n<!-- \/ Yoast SEO plugin. -->","yoast_head_json":{"title":"Achetez des biscuits et de la cr\u00e8me en ligne - Biscuits et cr\u00e8me \u00e0 vendre","description":"Si vous \u00eates passionn\u00e9 par les biscuits et la cr\u00e8me, notre magasin est le meilleur endroit pour acheter des biscuits et de la cr\u00e8me en ligne. Vous pouvez avoir des biscuits et de la cr\u00e8me en vente au prix le plus bas. Commandez maintenant et recevez-le sous peu !","robots":{"index":"index","follow":"follow","max-snippet":"max-snippet:-1","max-image-preview":"max-image-preview:large","max-video-preview":"max-video-preview:-1"},"canonical":"https:\/\/poudresdenarco.com\/ro\/produs\/biscuiti-si-crema\/","og_locale":"ro_RO","og_type":"article","og_title":"Achetez des biscuits et de la cr\u00e8me en ligne - Biscuits et cr\u00e8me \u00e0 vendre","og_description":"Si vous \u00eates passionn\u00e9 par les biscuits et la cr\u00e8me, notre magasin est le meilleur endroit pour acheter des biscuits et de la cr\u00e8me en ligne. Vous pouvez avoir des biscuits et de la cr\u00e8me en vente au prix le plus bas. Commandez maintenant et recevez-le sous peu !","og_url":"https:\/\/poudresdenarco.com\/ro\/produs\/biscuiti-si-crema\/","og_site_name":"Poudresde Narco","article_modified_time":"2025-06-10T05:34:43+00:00","og_image":[{"width":600,"height":600,"url":"https:\/\/poudresdenarco.com\/wp-content\/uploads\/2024\/01\/COOKIES-CREAM.jpg","type":"image\/jpeg"}],"twitter_card":"summary_large_image","twitter_misc":{"Timp estimat pentru citire":"4 minute"},"schema":{"@context":"https:\/\/schema.org","@graph":[{"@type":"WebPage","@id":"https:\/\/poudresdenarco.com\/produit\/biscuits-et-creme\/","url":"https:\/\/poudresdenarco.com\/produit\/biscuits-et-creme\/","name":"Achetez des biscuits et de la cr\u00e8me en ligne - Biscuits et cr\u00e8me \u00e0 vendre","isPartOf":{"@id":"https:\/\/poudresdenarco.com\/#website"},"primaryImageOfPage":{"@id":"https:\/\/poudresdenarco.com\/produit\/biscuits-et-creme\/#primaryimage"},"image":{"@id":"https:\/\/poudresdenarco.com\/produit\/biscuits-et-creme\/#primaryimage"},"thumbnailUrl":"https:\/\/poudresdenarco.com\/wp-content\/uploads\/2024\/01\/COOKIES-CREAM.jpg","datePublished":"2024-01-02T08:53:53+00:00","dateModified":"2025-06-10T05:34:43+00:00","description":"Si vous \u00eates passionn\u00e9 par les biscuits et la cr\u00e8me, notre magasin est le meilleur endroit pour acheter des biscuits et de la cr\u00e8me en ligne. Vous pouvez avoir des biscuits et de la cr\u00e8me en vente au prix le plus bas. Commandez maintenant et recevez-le sous peu !","breadcrumb":{"@id":"https:\/\/poudresdenarco.com\/produit\/biscuits-et-creme\/#breadcrumb"},"inLanguage":"ro-RO","potentialAction":[{"@type":"ReadAction","target":["https:\/\/poudresdenarco.com\/produit\/biscuits-et-creme\/"]}]},{"@type":"ImageObject","inLanguage":"ro-RO","@id":"https:\/\/poudresdenarco.com\/produit\/biscuits-et-creme\/#primaryimage","url":"https:\/\/poudresdenarco.com\/wp-content\/uploads\/2024\/01\/COOKIES-CREAM.jpg","contentUrl":"https:\/\/poudresdenarco.com\/wp-content\/uploads\/2024\/01\/COOKIES-CREAM.jpg","width":600,"height":600,"caption":"Achetez des COOKIES-CREAM en ligne"},{"@type":"BreadcrumbList","@id":"https:\/\/poudresdenarco.com\/produit\/biscuits-et-creme\/#breadcrumb","itemListElement":[{"@type":"ListItem","position":1,"name":"Home","item":"https:\/\/poudresdenarco.com\/"},{"@type":"ListItem","position":2,"name":"Boutique","item":"https:\/\/poudresdenarco.com\/boutique\/"},{"@type":"ListItem","position":3,"name":"biscuits et cr\u00e8me"}]},{"@type":"WebSite","@id":"https:\/\/poudresdenarco.com\/#website","url":"https:\/\/poudresdenarco.com\/","name":"Poudresde Narco","description":"Acheter de la coca\u00efne et de l&#039;h\u00e9ro\u00efne en ligne","potentialAction":[{"@type":"SearchAction","target":{"@type":"EntryPoint","urlTemplate":"https:\/\/poudresdenarco.com\/?s={search_term_string}"},"query-input":{"@type":"PropertyValueSpecification","valueRequired":true,"valueName":"search_term_string"}}],"inLanguage":"ro-RO"}]}},"_links":{"self":[{"href":"https:\/\/poudresdenarco.com\/ro\/wp-json\/wp\/v2\/product\/4390","targetHints":{"allow":["GET"]}}],"collection":[{"href":"https:\/\/poudresdenarco.com\/ro\/wp-json\/wp\/v2\/product"}],"about":[{"href":"https:\/\/poudresdenarco.com\/ro\/wp-json\/wp\/v2\/types\/product"}],"replies":[{"embeddable":true,"href":"https:\/\/poudresdenarco.com\/ro\/wp-json\/wp\/v2\/comments?post=4390"}],"wp:featuredmedia":[{"embeddable":true,"href":"https:\/\/poudresdenarco.com\/ro\/wp-json\/wp\/v2\/media\/4507"}],"wp:attachment":[{"href":"https:\/\/poudresdenarco.com\/ro\/wp-json\/wp\/v2\/media?parent=4390"}],"wp:term":[{"taxonomy":"product_cat","embeddable":true,"href":"https:\/\/poudresdenarco.com\/ro\/wp-json\/wp\/v2\/product_cat?post=4390"},{"taxonomy":"product_tag","embeddable":true,"href":"https:\/\/poudresdenarco.com\/ro\/wp-json\/wp\/v2\/product_tag?post=4390"}],"curies":[{"name":"wp","href":"https:\/\/api.w.org\/{rel}","templated":true}]}}