{"id":4392,"date":"2024-01-02T09:01:23","date_gmt":"2024-01-02T09:01:23","guid":{"rendered":"https:\/\/unkrautmarkt.com\/narco1\/?post_type=product&#038;p=4392"},"modified":"2025-06-09T02:28:16","modified_gmt":"2025-06-09T02:28:16","slug":"grand-papa-violet","status":"publish","type":"product","link":"https:\/\/poudresdenarco.com\/ro\/produs\/grand-papa-violet\/","title":{"rendered":"Bunicul Violet"},"content":{"rendered":"<h2><strong>Cump\u0103ra\u021bi Grand Daddy Purple online<\/strong><\/h2>\n<h3><strong>Despre acest soi hibrid<\/strong><\/h3>\n<p>Granddaddy Purple, adesea cunoscut\u0103 sub numele de Grand Daddy Purps, este o varietate de canabis indica cu o arom\u0103 pl\u0103cut\u0103 de fructe de p\u0103dure \u0219i cu un postgust asem\u0103n\u0103tor strugurilor pentru utilizatori. Aceast\u0103 tulpin\u0103 este foarte izbitoare, cu o mul\u021bime de tricomi albi \u0219i fire de p\u0103r portocaliu str\u0103lucitor care \u00eenconjoar\u0103 mugurii mov \u00eenchis.<\/p>\n<p>Big Bud \u0219i Purple Urkle sunt cele dou\u0103 variet\u0103\u021bi indica care \u00eei sunt p\u0103rin\u021bi. Conform mitologiei, acest soi \u0219i Grape Ape ar putea fi identice. Ele sunt remarcabil de asem\u0103n\u0103toare. Dar Ken Estes l-a dezvoltat ini\u021bial \u00een 2003, \u00een California, dup\u0103 ce a decis s\u0103 combine dou\u0103 soiuri deja cunoscute pentru efectele lor pentru a crea o indica nou\u0103 \u0219i excep\u021bional\u0103.<\/p>\n<p>\u00cen general, con\u021binutul s\u0103u de THC este de 17 %, \u00een timp ce unele soiuri au p\u00e2n\u0103 la 23 %. Grand Daddy Purple produce o senza\u021bie hipnotic\u0103 \u0219i incredibil de lini\u0219titoare pentru corp, care \u00eenal\u021b\u0103 spiritul. Este ideal s\u0103 folosi\u021bi aceast\u0103 tulpin\u0103 pe timp de noapte, deoarece este o modalitate excelent\u0103 de a elibera tensiunea \u0219i de a promova somnul.<\/p>\n<p>Acest soi cre\u0219te pofta de m\u00e2ncare \u0219i amelioreaz\u0103 simptomele sindromului picioarelor nelini\u0219tite, permi\u021b\u00e2ndu-v\u0103 s\u0103 ave\u021bi un somn bun.<\/p>\n<p>Grand Daddy Purple \u00eenflore\u0219te \u00een aproximativ 10-11 s\u0103pt\u0103m\u00e2ni \u0219i este cel mai bine plantat\u0103 \u00een interior. Plantele vor avea nevoie de un sprijin suplimentar din cauza mugurilor mari, care vor pune presiune asupra structurii plantei. \u00cen func\u021bie de recolt\u0103 \u0219i de calitate, randamentul pe plant\u0103 poate varia de la patru uncii la trei kilograme.<\/p>\n<h3><strong>Istoria \u0219i genetica lui Granddaddy Purple<\/strong><\/h3>\n<p>\u00cen general, con\u021binutul s\u0103u de THC este de 17 %, \u00een timp ce unele soiuri au p\u00e2n\u0103 la 23 %. Grand Daddy Purple produce o senza\u021bie hipnotic\u0103 \u0219i incredibil de lini\u0219titoare pentru corp, care \u00eenal\u021b\u0103 spiritul. Este ideal s\u0103 folosi\u021bi aceast\u0103 tulpin\u0103 pe timp de noapte, deoarece este o modalitate excelent\u0103 de a elibera tensiunea \u0219i de a promova somnul.<\/p>\n<p>Acest soi cre\u0219te pofta de m\u00e2ncare \u0219i amelioreaz\u0103 simptomele sindromului picioarelor nelini\u0219tite, permi\u021b\u00e2ndu-v\u0103 s\u0103 ave\u021bi un somn bun.<\/p>\n<p>Grand Daddy Purple \u00eenflore\u0219te \u00een aproximativ 10-11 s\u0103pt\u0103m\u00e2ni \u0219i este cel mai bine plantat\u0103 \u00een interior. Plantele vor avea nevoie de un sprijin suplimentar din cauza mugurilor mari, care vor pune presiune asupra structurii plantei. \u00cen func\u021bie de recolt\u0103 \u0219i de calitate, randamentul pe plant\u0103 poate varia de la patru uncii la trei kilograme.<\/p>","protected":false},"excerpt":{"rendered":"<p>Acheter Grand Daddy Purple en ligne \u00c0 propos de cette vari\u00e9t\u00e9 hybride Granddaddy Purple, souvent connue sous le nom de Grand Daddy Purps, est une vari\u00e9t\u00e9 de cannabis indica avec un agr\u00e9able ar\u00f4me de baies et un arri\u00e8re-go\u00fbt de raisin pour les utilisateurs. Cette vari\u00e9t\u00e9 est tr\u00e8s saisissante, avec beaucoup de trichomes blancs et de&hellip;<\/p>","protected":false},"featured_media":4511,"comment_status":"open","ping_status":"closed","template":"","meta":{"_joinchat":[]},"product_cat":[473],"product_tag":[],"class_list":{"0":"post-4392","1":"product","2":"type-product","3":"status-publish","4":"has-post-thumbnail","6":"product_cat-herbe","8":"first","9":"instock","10":"shipping-taxable","11":"purchasable","12":"product-type-variable","13":"col-xs-6 col-sm-4","14":"col-md-3 col-lg-3","15":"un-4-cols"},"yoast_head":"<!-- This site is optimized with the Yoast SEO plugin v23.8 - https:\/\/yoast.com\/wordpress\/plugins\/seo\/ -->\n<title>Achetez Grandpa Violet en ligne - Grandpa Violet \u00e0 vendre<\/title>\n<meta name=\"description\" content=\"Ne manquez aucune opportunit\u00e9 d&#039;acheter Grandpa Violet en ligne dans notre boutique. Nous vendons exclusivement Grandpa Violet \u00e0 des prix avantageux. Nous sommes l\u00e0 pour vous aider. Commandez maintenant !\" \/>\n<meta name=\"robots\" content=\"index, follow, max-snippet:-1, max-image-preview:large, max-video-preview:-1\" \/>\n<link rel=\"canonical\" href=\"https:\/\/poudresdenarco.com\/ro\/produs\/grand-papa-violet\/\" \/>\n<meta property=\"og:locale\" content=\"ro_RO\" \/>\n<meta property=\"og:type\" content=\"article\" \/>\n<meta property=\"og:title\" content=\"Achetez Grandpa Violet en ligne - Grandpa Violet \u00e0 vendre\" \/>\n<meta property=\"og:description\" content=\"Ne manquez aucune opportunit\u00e9 d&#039;acheter Grandpa Violet en ligne dans notre boutique. Nous vendons exclusivement Grandpa Violet \u00e0 des prix avantageux. Nous sommes l\u00e0 pour vous aider. Commandez maintenant !\" \/>\n<meta property=\"og:url\" content=\"https:\/\/poudresdenarco.com\/ro\/produs\/grand-papa-violet\/\" \/>\n<meta property=\"og:site_name\" content=\"Poudresde Narco\" \/>\n<meta property=\"article:modified_time\" content=\"2025-06-09T02:28:16+00:00\" \/>\n<meta property=\"og:image\" content=\"https:\/\/poudresdenarco.com\/wp-content\/uploads\/2024\/01\/GRAND-DADDY-PURPLE.jpg\" \/>\n\t<meta property=\"og:image:width\" content=\"600\" \/>\n\t<meta property=\"og:image:height\" content=\"600\" \/>\n\t<meta property=\"og:image:type\" content=\"image\/jpeg\" \/>\n<meta name=\"twitter:card\" content=\"summary_large_image\" \/>\n<meta name=\"twitter:label1\" content=\"Timp estimat pentru citire\" \/>\n\t<meta name=\"twitter:data1\" content=\"2 minute\" \/>\n<script type=\"application\/ld+json\" class=\"yoast-schema-graph\">{\"@context\":\"https:\/\/schema.org\",\"@graph\":[{\"@type\":\"WebPage\",\"@id\":\"https:\/\/poudresdenarco.com\/produit\/grand-papa-violet\/\",\"url\":\"https:\/\/poudresdenarco.com\/produit\/grand-papa-violet\/\",\"name\":\"Achetez Grandpa Violet en ligne - Grandpa Violet \u00e0 vendre\",\"isPartOf\":{\"@id\":\"https:\/\/poudresdenarco.com\/#website\"},\"primaryImageOfPage\":{\"@id\":\"https:\/\/poudresdenarco.com\/produit\/grand-papa-violet\/#primaryimage\"},\"image\":{\"@id\":\"https:\/\/poudresdenarco.com\/produit\/grand-papa-violet\/#primaryimage\"},\"thumbnailUrl\":\"https:\/\/poudresdenarco.com\/wp-content\/uploads\/2024\/01\/GRAND-DADDY-PURPLE.jpg\",\"datePublished\":\"2024-01-02T09:01:23+00:00\",\"dateModified\":\"2025-06-09T02:28:16+00:00\",\"description\":\"Ne manquez aucune opportunit\u00e9 d'acheter Grandpa Violet en ligne dans notre boutique. Nous vendons exclusivement Grandpa Violet \u00e0 des prix avantageux. Nous sommes l\u00e0 pour vous aider. Commandez maintenant !\",\"breadcrumb\":{\"@id\":\"https:\/\/poudresdenarco.com\/produit\/grand-papa-violet\/#breadcrumb\"},\"inLanguage\":\"ro-RO\",\"potentialAction\":[{\"@type\":\"ReadAction\",\"target\":[\"https:\/\/poudresdenarco.com\/produit\/grand-papa-violet\/\"]}]},{\"@type\":\"ImageObject\",\"inLanguage\":\"ro-RO\",\"@id\":\"https:\/\/poudresdenarco.com\/produit\/grand-papa-violet\/#primaryimage\",\"url\":\"https:\/\/poudresdenarco.com\/wp-content\/uploads\/2024\/01\/GRAND-DADDY-PURPLE.jpg\",\"contentUrl\":\"https:\/\/poudresdenarco.com\/wp-content\/uploads\/2024\/01\/GRAND-DADDY-PURPLE.jpg\",\"width\":600,\"height\":600,\"caption\":\"Acheter Grand-Papa Violet en ligne\"},{\"@type\":\"BreadcrumbList\",\"@id\":\"https:\/\/poudresdenarco.com\/produit\/grand-papa-violet\/#breadcrumb\",\"itemListElement\":[{\"@type\":\"ListItem\",\"position\":1,\"name\":\"Home\",\"item\":\"https:\/\/poudresdenarco.com\/\"},{\"@type\":\"ListItem\",\"position\":2,\"name\":\"Boutique\",\"item\":\"https:\/\/poudresdenarco.com\/boutique\/\"},{\"@type\":\"ListItem\",\"position\":3,\"name\":\"Grand-Papa Violet\"}]},{\"@type\":\"WebSite\",\"@id\":\"https:\/\/poudresdenarco.com\/#website\",\"url\":\"https:\/\/poudresdenarco.com\/\",\"name\":\"Poudresde Narco\",\"description\":\"Acheter de la coca\u00efne et de l&#039;h\u00e9ro\u00efne en ligne\",\"potentialAction\":[{\"@type\":\"SearchAction\",\"target\":{\"@type\":\"EntryPoint\",\"urlTemplate\":\"https:\/\/poudresdenarco.com\/?s={search_term_string}\"},\"query-input\":{\"@type\":\"PropertyValueSpecification\",\"valueRequired\":true,\"valueName\":\"search_term_string\"}}],\"inLanguage\":\"ro-RO\"}]}<\/script>\n<!-- \/ Yoast SEO plugin. -->","yoast_head_json":{"title":"Achetez Grandpa Violet en ligne - Grandpa Violet \u00e0 vendre","description":"Ne manquez aucune opportunit\u00e9 d'acheter Grandpa Violet en ligne dans notre boutique. Nous vendons exclusivement Grandpa Violet \u00e0 des prix avantageux. Nous sommes l\u00e0 pour vous aider. Commandez maintenant !","robots":{"index":"index","follow":"follow","max-snippet":"max-snippet:-1","max-image-preview":"max-image-preview:large","max-video-preview":"max-video-preview:-1"},"canonical":"https:\/\/poudresdenarco.com\/ro\/produs\/grand-papa-violet\/","og_locale":"ro_RO","og_type":"article","og_title":"Achetez Grandpa Violet en ligne - Grandpa Violet \u00e0 vendre","og_description":"Ne manquez aucune opportunit\u00e9 d'acheter Grandpa Violet en ligne dans notre boutique. Nous vendons exclusivement Grandpa Violet \u00e0 des prix avantageux. Nous sommes l\u00e0 pour vous aider. Commandez maintenant !","og_url":"https:\/\/poudresdenarco.com\/ro\/produs\/grand-papa-violet\/","og_site_name":"Poudresde Narco","article_modified_time":"2025-06-09T02:28:16+00:00","og_image":[{"width":600,"height":600,"url":"https:\/\/poudresdenarco.com\/wp-content\/uploads\/2024\/01\/GRAND-DADDY-PURPLE.jpg","type":"image\/jpeg"}],"twitter_card":"summary_large_image","twitter_misc":{"Timp estimat pentru citire":"2 minute"},"schema":{"@context":"https:\/\/schema.org","@graph":[{"@type":"WebPage","@id":"https:\/\/poudresdenarco.com\/produit\/grand-papa-violet\/","url":"https:\/\/poudresdenarco.com\/produit\/grand-papa-violet\/","name":"Achetez Grandpa Violet en ligne - Grandpa Violet \u00e0 vendre","isPartOf":{"@id":"https:\/\/poudresdenarco.com\/#website"},"primaryImageOfPage":{"@id":"https:\/\/poudresdenarco.com\/produit\/grand-papa-violet\/#primaryimage"},"image":{"@id":"https:\/\/poudresdenarco.com\/produit\/grand-papa-violet\/#primaryimage"},"thumbnailUrl":"https:\/\/poudresdenarco.com\/wp-content\/uploads\/2024\/01\/GRAND-DADDY-PURPLE.jpg","datePublished":"2024-01-02T09:01:23+00:00","dateModified":"2025-06-09T02:28:16+00:00","description":"Ne manquez aucune opportunit\u00e9 d'acheter Grandpa Violet en ligne dans notre boutique. Nous vendons exclusivement Grandpa Violet \u00e0 des prix avantageux. Nous sommes l\u00e0 pour vous aider. Commandez maintenant !","breadcrumb":{"@id":"https:\/\/poudresdenarco.com\/produit\/grand-papa-violet\/#breadcrumb"},"inLanguage":"ro-RO","potentialAction":[{"@type":"ReadAction","target":["https:\/\/poudresdenarco.com\/produit\/grand-papa-violet\/"]}]},{"@type":"ImageObject","inLanguage":"ro-RO","@id":"https:\/\/poudresdenarco.com\/produit\/grand-papa-violet\/#primaryimage","url":"https:\/\/poudresdenarco.com\/wp-content\/uploads\/2024\/01\/GRAND-DADDY-PURPLE.jpg","contentUrl":"https:\/\/poudresdenarco.com\/wp-content\/uploads\/2024\/01\/GRAND-DADDY-PURPLE.jpg","width":600,"height":600,"caption":"Acheter Grand-Papa Violet en ligne"},{"@type":"BreadcrumbList","@id":"https:\/\/poudresdenarco.com\/produit\/grand-papa-violet\/#breadcrumb","itemListElement":[{"@type":"ListItem","position":1,"name":"Home","item":"https:\/\/poudresdenarco.com\/"},{"@type":"ListItem","position":2,"name":"Boutique","item":"https:\/\/poudresdenarco.com\/boutique\/"},{"@type":"ListItem","position":3,"name":"Grand-Papa Violet"}]},{"@type":"WebSite","@id":"https:\/\/poudresdenarco.com\/#website","url":"https:\/\/poudresdenarco.com\/","name":"Poudresde Narco","description":"Acheter de la coca\u00efne et de l&#039;h\u00e9ro\u00efne en ligne","potentialAction":[{"@type":"SearchAction","target":{"@type":"EntryPoint","urlTemplate":"https:\/\/poudresdenarco.com\/?s={search_term_string}"},"query-input":{"@type":"PropertyValueSpecification","valueRequired":true,"valueName":"search_term_string"}}],"inLanguage":"ro-RO"}]}},"_links":{"self":[{"href":"https:\/\/poudresdenarco.com\/ro\/wp-json\/wp\/v2\/product\/4392","targetHints":{"allow":["GET"]}}],"collection":[{"href":"https:\/\/poudresdenarco.com\/ro\/wp-json\/wp\/v2\/product"}],"about":[{"href":"https:\/\/poudresdenarco.com\/ro\/wp-json\/wp\/v2\/types\/product"}],"replies":[{"embeddable":true,"href":"https:\/\/poudresdenarco.com\/ro\/wp-json\/wp\/v2\/comments?post=4392"}],"wp:featuredmedia":[{"embeddable":true,"href":"https:\/\/poudresdenarco.com\/ro\/wp-json\/wp\/v2\/media\/4511"}],"wp:attachment":[{"href":"https:\/\/poudresdenarco.com\/ro\/wp-json\/wp\/v2\/media?parent=4392"}],"wp:term":[{"taxonomy":"product_cat","embeddable":true,"href":"https:\/\/poudresdenarco.com\/ro\/wp-json\/wp\/v2\/product_cat?post=4392"},{"taxonomy":"product_tag","embeddable":true,"href":"https:\/\/poudresdenarco.com\/ro\/wp-json\/wp\/v2\/product_tag?post=4392"}],"curies":[{"name":"wp","href":"https:\/\/api.w.org\/{rel}","templated":true}]}}