{"id":4459,"date":"2024-01-02T10:58:31","date_gmt":"2024-01-02T10:58:31","guid":{"rendered":"https:\/\/unkrautmarkt.com\/narco1\/?post_type=product&#038;p=4459"},"modified":"2025-04-05T23:33:57","modified_gmt":"2025-04-05T23:33:57","slug":"fendi-et-hachage","status":"publish","type":"product","link":"https:\/\/poudresdenarco.com\/ro\/produs\/fendi-si-taierea\/","title":{"rendered":"Fendi \u0218I Hachage"},"content":{"rendered":"<h2><strong><span style=\"vertical-align: inherit;\"><span style=\"vertical-align: inherit;\">Cump\u0103ra\u021bi online Fendi OG Hash<\/span><\/span><\/strong><\/h2>\n<p><span style=\"vertical-align: inherit;\"><span style=\"vertical-align: inherit;\">Comanda Fendi Hash online \u00een Europa Fendi Hash \u00een Europa de v\u00e2nzare Unde \u00een Europa pot ob\u021bine Fendi Hash online? Ob\u021bine\u021bi online Fendi Hash \u00een Marea Britanie. C\u0103uta\u021bi s\u0103 g\u0103si\u021bi hash de \u00eenalt\u0103 calitate care s\u0103 poat\u0103 fi livrat cu u\u0219urin\u021b\u0103 direct la u\u0219a dvs.? Doar vizita\u021bi Buy My Weed Online. Alege\u021bi dintr-o selec\u021bie larg\u0103 de hash afgan \u0219i marocan de calitate AAAAA \u0219i AAAA, r\u0103sfoind dispensarul nostru. Acum este mai u\u0219or ca niciodat\u0103 s\u0103 cumperi hash online. Iat\u0103 ghidul dvs. pentru acest tip unic de produs de canabis dac\u0103 sunte\u021bi nou \u00een cump\u0103rarea online de canabis \u0219i diferitele tipuri de produse de marijuana disponibile pentru dvs. Afla\u021bi ce este ha\u0219ul \u0219i cum s\u0103 \u00eel utiliza\u021bi \u00een regimul zilnic de canabis.<\/span><\/span><\/p>\n<p><span style=\"vertical-align: inherit;\"><span style=\"vertical-align: inherit;\">Este esen\u021bial s\u0103 \u00een\u021belege\u021bi ce este de fapt ha\u0219ul, cum se leag\u0103 de canabis \u0219i cum difer\u0103 de alte produse de marijuana \u00eenainte de a face o achizi\u021bie online. Ha\u0219i\u0219, care este prescurtarea pentru \u201eha\u0219i\u0219\u201d, este un concentrat de canabis produs prin distilarea r\u0103\u0219inii unei plante de marijuana. Acest lucru se realizeaz\u0103 prin t\u0103ierea tricomilor, sau glandelor de r\u0103\u0219in\u0103, din florile unei plante de canabis. Compu\u0219ii despre care se crede c\u0103 confer\u0103 produselor de marijuana calit\u0103\u021bile \u0219i atributele lor distinctive, terpenele \u0219i canabinoizii, se g\u0103sesc \u00een cele mai mari concentra\u021bii \u00een ace\u0219ti tricomi. Ha\u0219ul are o capacitate remarcabil\u0103 de a oferi consumatorilor de canabis efecte euforice \u0219i terapeutice puternice datorit\u0103 concentra\u021biei sale mari de terpene \u0219i canabinoizi. Fendi ET Hachage<\/span><\/span><\/p>\n<p><span style=\"vertical-align: inherit;\"><span style=\"vertical-align: inherit;\">Ha\u0219ul a fost \u00eentotdeauna un clasic \u0219i r\u0103m\u00e2ne unul dintre cele mai populare tipuri. \u00cen prezent, sunt disponibile sute de concentrate de canabis. Ha\u0219ul, care se distinge prin aspectul s\u0103u solid, negru, asem\u0103n\u0103tor c\u0103r\u0103mizii, este adesea ales de pasiona\u021bii de canabis care caut\u0103 un produs mai puternic dec\u00e2t florile.<\/span><\/span><\/p>\n<p><span style=\"vertical-align: inherit;\"><span style=\"vertical-align: inherit;\">Ha\u0219ul este o substan\u021b\u0103 foarte puternic\u0103 \u0219i versatil\u0103 care poate fi folosit\u0103 \u00een multe moduri unice, pl\u0103cute \u0219i creative. Cu toate acestea, fumatul \u00eentr-un castron sau articula\u021bie r\u0103m\u00e2ne metoda tradi\u021bional\u0103.<\/span><\/span><\/p>\n<p><span style=\"vertical-align: inherit;\"><span style=\"vertical-align: inherit;\">Comanda Fendi Hash online \u00een Europa Fendi Hash \u00een Europa de v\u00e2nzare Unde \u00een Europa pot ob\u021bine Fendi Hash online? Fendi Hash Cumpara Online in romana<\/span><\/span><\/p>\n<p><span style=\"vertical-align: inherit;\"><span style=\"vertical-align: inherit;\">V\u0103 recomand\u0103m cu c\u0103ldur\u0103 s\u0103 combina\u021bi ha\u0219ul cu ni\u0219te ierburi uscate dac\u0103 inten\u021biona\u021bi s\u0103-l afuma\u021bi \u00eentr-un rost. Deoarece ha\u0219ul singur nu arde foarte eficient \u0219i este pu\u021bin probabil s\u0103 v\u0103 ofere rezultatele dorite, ve\u021bi avea nevoie de mai mult.<\/span><\/span><\/p>\n<p><span style=\"vertical-align: inherit;\"><span style=\"vertical-align: inherit;\">A fuma \u00eentr-un rost este simplu. Rula\u021bi mai \u00eent\u00e2i un rost mai pu\u021bin plin, apoi preg\u0103ti\u021bi ni\u0219te ha\u0219 pentru a se f\u0103r\u00e2mi\u021ba \u0219i a savura. Canabisul va arde uniform, iar efectele bogate \u00een THC ale ha\u0219i\u0219ului vor \u00eencepe s\u0103 aib\u0103 efect la scurt timp dup\u0103. Cump\u0103ra\u021bi online Fendi ET Hachage\u00a0<\/span><\/span><\/p>\n<p><span style=\"vertical-align: inherit;\"><span style=\"vertical-align: inherit;\">\u00cen mod similar, pute\u021bi fuma ha\u0219 \u00eentr-un castron pur \u0219i simplu stropindu-l peste tutun sau muguri deja turna\u021bi \u00een bol. Aprinde\u021bi-v\u0103 bolul, lua\u021bi o lovitur\u0103 \u0219i \u00eencepe\u021bi pur \u0219i simplu s\u0103 v\u0103 bucura\u021bi de beneficiile \u00eembun\u0103t\u0103\u021bite ale hashului \u0219i canabisului \u00eempreun\u0103.<\/span><\/span><\/p>","protected":false},"excerpt":{"rendered":"<p>Buy Fendi OG Hash online Order Fendi Hashing Online in Europe Fendi Hash in Europe for Sale Where in Europe can I get Fendi Hash online? Get Fendi Hash online in the UK. Are you looking to find high-quality hash that can be easily delivered straight to your door? Just visit Buy My Weed Online.&hellip;<\/p>","protected":false},"featured_media":4530,"comment_status":"open","ping_status":"closed","template":"","meta":{"_joinchat":[]},"product_cat":[474],"product_tag":[],"class_list":{"0":"post-4459","1":"product","2":"type-product","3":"status-publish","4":"has-post-thumbnail","6":"product_cat-haschisch","8":"first","9":"instock","10":"shipping-taxable","11":"purchasable","12":"product-type-variable","13":"col-xs-6 col-sm-4","14":"col-md-3 col-lg-3","15":"un-4-cols"},"yoast_head":"<!-- This site is optimized with the Yoast SEO plugin v23.8 - https:\/\/yoast.com\/wordpress\/plugins\/seo\/ -->\n<title>Acheter Fendi et Hash en ligne - Fendi et Hash \u00e0 vendre | PD<\/title>\n<meta name=\"description\" content=\"D\u00e9couvrez les produits Fendi et Hash de premier ordre en vente dans notre boutique en ligne - achetez Fendi et Hash de mani\u00e8re pratique et s\u00e9curis\u00e9e pour alimenter vos recherches. Explorez et commandez Fendi et Hash en ligne, faisant progresser vos efforts scientifiques en toute simplicit\u00e9. Commandez maintenant !\" \/>\n<meta name=\"robots\" content=\"index, follow, max-snippet:-1, max-image-preview:large, max-video-preview:-1\" \/>\n<link rel=\"canonical\" href=\"https:\/\/poudresdenarco.com\/ro\/produs\/fendi-si-taierea\/\" \/>\n<meta property=\"og:locale\" content=\"ro_RO\" \/>\n<meta property=\"og:type\" content=\"article\" \/>\n<meta property=\"og:title\" content=\"Acheter Fendi et Hash en ligne - Fendi et Hash \u00e0 vendre | PD\" \/>\n<meta property=\"og:description\" content=\"D\u00e9couvrez les produits Fendi et Hash de premier ordre en vente dans notre boutique en ligne - achetez Fendi et Hash de mani\u00e8re pratique et s\u00e9curis\u00e9e pour alimenter vos recherches. Explorez et commandez Fendi et Hash en ligne, faisant progresser vos efforts scientifiques en toute simplicit\u00e9. Commandez maintenant !\" \/>\n<meta property=\"og:url\" content=\"https:\/\/poudresdenarco.com\/ro\/produs\/fendi-si-taierea\/\" \/>\n<meta property=\"og:site_name\" content=\"Poudresde Narco\" \/>\n<meta property=\"article:modified_time\" content=\"2025-04-05T23:33:57+00:00\" \/>\n<meta property=\"og:image\" content=\"https:\/\/poudresdenarco.com\/wp-content\/uploads\/2024\/01\/FENDI-OG-HASH.jpg\" \/>\n\t<meta property=\"og:image:width\" content=\"600\" \/>\n\t<meta property=\"og:image:height\" content=\"600\" \/>\n\t<meta property=\"og:image:type\" content=\"image\/jpeg\" \/>\n<meta name=\"twitter:card\" content=\"summary_large_image\" \/>\n<meta name=\"twitter:label1\" content=\"Timp estimat pentru citire\" \/>\n\t<meta name=\"twitter:data1\" content=\"3 minute\" \/>\n<script type=\"application\/ld+json\" class=\"yoast-schema-graph\">{\"@context\":\"https:\/\/schema.org\",\"@graph\":[{\"@type\":\"WebPage\",\"@id\":\"https:\/\/poudresdenarco.com\/produit\/fendi-et-hachage\/\",\"url\":\"https:\/\/poudresdenarco.com\/produit\/fendi-et-hachage\/\",\"name\":\"Acheter Fendi et Hash en ligne - Fendi et Hash \u00e0 vendre | PD\",\"isPartOf\":{\"@id\":\"https:\/\/poudresdenarco.com\/#website\"},\"primaryImageOfPage\":{\"@id\":\"https:\/\/poudresdenarco.com\/produit\/fendi-et-hachage\/#primaryimage\"},\"image\":{\"@id\":\"https:\/\/poudresdenarco.com\/produit\/fendi-et-hachage\/#primaryimage\"},\"thumbnailUrl\":\"https:\/\/poudresdenarco.com\/wp-content\/uploads\/2024\/01\/FENDI-OG-HASH.jpg\",\"datePublished\":\"2024-01-02T10:58:31+00:00\",\"dateModified\":\"2025-04-05T23:33:57+00:00\",\"description\":\"D\u00e9couvrez les produits Fendi et Hash de premier ordre en vente dans notre boutique en ligne - achetez Fendi et Hash de mani\u00e8re pratique et s\u00e9curis\u00e9e pour alimenter vos recherches. Explorez et commandez Fendi et Hash en ligne, faisant progresser vos efforts scientifiques en toute simplicit\u00e9. Commandez maintenant !\",\"breadcrumb\":{\"@id\":\"https:\/\/poudresdenarco.com\/produit\/fendi-et-hachage\/#breadcrumb\"},\"inLanguage\":\"ro-RO\",\"potentialAction\":[{\"@type\":\"ReadAction\",\"target\":[\"https:\/\/poudresdenarco.com\/produit\/fendi-et-hachage\/\"]}]},{\"@type\":\"ImageObject\",\"inLanguage\":\"ro-RO\",\"@id\":\"https:\/\/poudresdenarco.com\/produit\/fendi-et-hachage\/#primaryimage\",\"url\":\"https:\/\/poudresdenarco.com\/wp-content\/uploads\/2024\/01\/FENDI-OG-HASH.jpg\",\"contentUrl\":\"https:\/\/poudresdenarco.com\/wp-content\/uploads\/2024\/01\/FENDI-OG-HASH.jpg\",\"width\":600,\"height\":600,\"caption\":\"Achetez FENDI-AND-HASH en ligne\"},{\"@type\":\"BreadcrumbList\",\"@id\":\"https:\/\/poudresdenarco.com\/produit\/fendi-et-hachage\/#breadcrumb\",\"itemListElement\":[{\"@type\":\"ListItem\",\"position\":1,\"name\":\"Home\",\"item\":\"https:\/\/poudresdenarco.com\/\"},{\"@type\":\"ListItem\",\"position\":2,\"name\":\"Boutique\",\"item\":\"https:\/\/poudresdenarco.com\/boutique\/\"},{\"@type\":\"ListItem\",\"position\":3,\"name\":\"Fendi ET Hachage\"}]},{\"@type\":\"WebSite\",\"@id\":\"https:\/\/poudresdenarco.com\/#website\",\"url\":\"https:\/\/poudresdenarco.com\/\",\"name\":\"Poudresde Narco\",\"description\":\"Acheter de la coca\u00efne et de l&#039;h\u00e9ro\u00efne en ligne\",\"potentialAction\":[{\"@type\":\"SearchAction\",\"target\":{\"@type\":\"EntryPoint\",\"urlTemplate\":\"https:\/\/poudresdenarco.com\/?s={search_term_string}\"},\"query-input\":{\"@type\":\"PropertyValueSpecification\",\"valueRequired\":true,\"valueName\":\"search_term_string\"}}],\"inLanguage\":\"ro-RO\"}]}<\/script>\n<!-- \/ Yoast SEO plugin. -->","yoast_head_json":{"title":"Acheter Fendi et Hash en ligne - Fendi et Hash \u00e0 vendre | PD","description":"D\u00e9couvrez les produits Fendi et Hash de premier ordre en vente dans notre boutique en ligne - achetez Fendi et Hash de mani\u00e8re pratique et s\u00e9curis\u00e9e pour alimenter vos recherches. Explorez et commandez Fendi et Hash en ligne, faisant progresser vos efforts scientifiques en toute simplicit\u00e9. Commandez maintenant !","robots":{"index":"index","follow":"follow","max-snippet":"max-snippet:-1","max-image-preview":"max-image-preview:large","max-video-preview":"max-video-preview:-1"},"canonical":"https:\/\/poudresdenarco.com\/ro\/produs\/fendi-si-taierea\/","og_locale":"ro_RO","og_type":"article","og_title":"Acheter Fendi et Hash en ligne - Fendi et Hash \u00e0 vendre | PD","og_description":"D\u00e9couvrez les produits Fendi et Hash de premier ordre en vente dans notre boutique en ligne - achetez Fendi et Hash de mani\u00e8re pratique et s\u00e9curis\u00e9e pour alimenter vos recherches. Explorez et commandez Fendi et Hash en ligne, faisant progresser vos efforts scientifiques en toute simplicit\u00e9. Commandez maintenant !","og_url":"https:\/\/poudresdenarco.com\/ro\/produs\/fendi-si-taierea\/","og_site_name":"Poudresde Narco","article_modified_time":"2025-04-05T23:33:57+00:00","og_image":[{"width":600,"height":600,"url":"https:\/\/poudresdenarco.com\/wp-content\/uploads\/2024\/01\/FENDI-OG-HASH.jpg","type":"image\/jpeg"}],"twitter_card":"summary_large_image","twitter_misc":{"Timp estimat pentru citire":"3 minute"},"schema":{"@context":"https:\/\/schema.org","@graph":[{"@type":"WebPage","@id":"https:\/\/poudresdenarco.com\/produit\/fendi-et-hachage\/","url":"https:\/\/poudresdenarco.com\/produit\/fendi-et-hachage\/","name":"Acheter Fendi et Hash en ligne - Fendi et Hash \u00e0 vendre | PD","isPartOf":{"@id":"https:\/\/poudresdenarco.com\/#website"},"primaryImageOfPage":{"@id":"https:\/\/poudresdenarco.com\/produit\/fendi-et-hachage\/#primaryimage"},"image":{"@id":"https:\/\/poudresdenarco.com\/produit\/fendi-et-hachage\/#primaryimage"},"thumbnailUrl":"https:\/\/poudresdenarco.com\/wp-content\/uploads\/2024\/01\/FENDI-OG-HASH.jpg","datePublished":"2024-01-02T10:58:31+00:00","dateModified":"2025-04-05T23:33:57+00:00","description":"D\u00e9couvrez les produits Fendi et Hash de premier ordre en vente dans notre boutique en ligne - achetez Fendi et Hash de mani\u00e8re pratique et s\u00e9curis\u00e9e pour alimenter vos recherches. Explorez et commandez Fendi et Hash en ligne, faisant progresser vos efforts scientifiques en toute simplicit\u00e9. Commandez maintenant !","breadcrumb":{"@id":"https:\/\/poudresdenarco.com\/produit\/fendi-et-hachage\/#breadcrumb"},"inLanguage":"ro-RO","potentialAction":[{"@type":"ReadAction","target":["https:\/\/poudresdenarco.com\/produit\/fendi-et-hachage\/"]}]},{"@type":"ImageObject","inLanguage":"ro-RO","@id":"https:\/\/poudresdenarco.com\/produit\/fendi-et-hachage\/#primaryimage","url":"https:\/\/poudresdenarco.com\/wp-content\/uploads\/2024\/01\/FENDI-OG-HASH.jpg","contentUrl":"https:\/\/poudresdenarco.com\/wp-content\/uploads\/2024\/01\/FENDI-OG-HASH.jpg","width":600,"height":600,"caption":"Achetez FENDI-AND-HASH en ligne"},{"@type":"BreadcrumbList","@id":"https:\/\/poudresdenarco.com\/produit\/fendi-et-hachage\/#breadcrumb","itemListElement":[{"@type":"ListItem","position":1,"name":"Home","item":"https:\/\/poudresdenarco.com\/"},{"@type":"ListItem","position":2,"name":"Boutique","item":"https:\/\/poudresdenarco.com\/boutique\/"},{"@type":"ListItem","position":3,"name":"Fendi ET Hachage"}]},{"@type":"WebSite","@id":"https:\/\/poudresdenarco.com\/#website","url":"https:\/\/poudresdenarco.com\/","name":"Poudresde Narco","description":"Acheter de la coca\u00efne et de l&#039;h\u00e9ro\u00efne en ligne","potentialAction":[{"@type":"SearchAction","target":{"@type":"EntryPoint","urlTemplate":"https:\/\/poudresdenarco.com\/?s={search_term_string}"},"query-input":{"@type":"PropertyValueSpecification","valueRequired":true,"valueName":"search_term_string"}}],"inLanguage":"ro-RO"}]}},"_links":{"self":[{"href":"https:\/\/poudresdenarco.com\/ro\/wp-json\/wp\/v2\/product\/4459","targetHints":{"allow":["GET"]}}],"collection":[{"href":"https:\/\/poudresdenarco.com\/ro\/wp-json\/wp\/v2\/product"}],"about":[{"href":"https:\/\/poudresdenarco.com\/ro\/wp-json\/wp\/v2\/types\/product"}],"replies":[{"embeddable":true,"href":"https:\/\/poudresdenarco.com\/ro\/wp-json\/wp\/v2\/comments?post=4459"}],"wp:featuredmedia":[{"embeddable":true,"href":"https:\/\/poudresdenarco.com\/ro\/wp-json\/wp\/v2\/media\/4530"}],"wp:attachment":[{"href":"https:\/\/poudresdenarco.com\/ro\/wp-json\/wp\/v2\/media?parent=4459"}],"wp:term":[{"taxonomy":"product_cat","embeddable":true,"href":"https:\/\/poudresdenarco.com\/ro\/wp-json\/wp\/v2\/product_cat?post=4459"},{"taxonomy":"product_tag","embeddable":true,"href":"https:\/\/poudresdenarco.com\/ro\/wp-json\/wp\/v2\/product_tag?post=4459"}],"curies":[{"name":"wp","href":"https:\/\/api.w.org\/{rel}","templated":true}]}}