{"id":4481,"date":"2024-01-02T11:16:09","date_gmt":"2024-01-02T11:16:09","guid":{"rendered":"https:\/\/unkrautmarkt.com\/narco1\/?post_type=product&#038;p=4481"},"modified":"2025-06-04T01:22:54","modified_gmt":"2025-06-04T01:22:54","slug":"hachis-marocain","status":"publish","type":"product","link":"https:\/\/poudresdenarco.com\/ro\/produs\/hash-marocan\/","title":{"rendered":"Carne tocat\u0103 marocan\u0103"},"content":{"rendered":"<h2><strong><span style=\"vertical-align: inherit;\"><span style=\"vertical-align: inherit;\">Cump\u0103ra\u021bi online ha\u0219i\u0219 marocan<\/span><\/span><\/strong><\/h2>\n<h3><strong><span style=\"vertical-align: inherit;\"><span style=\"vertical-align: inherit;\">Hash marocan<\/span><\/span><\/strong><\/h3>\n<h3><span style=\"vertical-align: inherit;\"><span style=\"vertical-align: inherit;\">Remediile eterne ale Africii de Nord<\/span><\/span><\/h3>\n<p><span style=\"vertical-align: inherit;\"><span style=\"vertical-align: inherit;\">Ha\u0219i\u0219ul marocan este o comoar\u0103 secret\u0103 pre\u021buit\u0103 de pasiona\u021bii de canabis din \u00eentreaga lume, ascuns\u0103 ad\u00e2nc \u00een grani\u021bele misterioase ale Africii de Nord. Acest concentrat istoric de canabis a captivat pasiona\u021bii de genera\u021bii datorit\u0103 poten\u021bei, istoriei bogate \u0219i proceselor tradi\u021bionale de produc\u021bie. Ne aprofund\u0103m \u00een lumea fascinant\u0103 a ha\u0219hi\u0219ului marocan \u00een aceast\u0103 postare pe blog, examin\u00e2nd istoria, metoda de produc\u021bie, semnifica\u021bia cultural\u0103 \u0219i rolul acesteia \u00een cultura contemporan\u0103.<\/span><\/span><\/p>\n<h3><strong><span style=\"vertical-align: inherit;\"><span style=\"vertical-align: inherit;\">Originile ha\u0219i\u0219ului marocan<\/span><\/span><\/strong><\/h3>\n<p><span style=\"vertical-align: inherit;\"><span style=\"vertical-align: inherit;\">Ha\u0219ul marocan are o istorie bogat\u0103 \u0219i lung\u0103, care dateaz\u0103 de mii de ani. De mii de ani, planta de canabis, sau Cannabis sativa, a crescut s\u0103lbatic \u00een \u00eentreaga regiune. Se crede c\u0103 utilizarea acestei plante ca drog recrea\u021bional \u0219i medical are originea \u00een regiunea Maghreb, care include Marocul actual. <a href=\"https:\/\/poudresdenarco.com\/ro\/produs\/hash-marocan\/\">Tocat\u0103 marocan\u0103 de v\u00e2nzare<\/a><\/span><\/span><\/p>\n<p><span style=\"vertical-align: inherit;\"><span style=\"vertical-align: inherit;\">Primii cultivatori de canabis care au r\u0103zuit frunzele \u0219i florile plantei pentru a-\u0219i recupera tricomii lipicios sunt probabil cei care au inventat metoda de a face ha\u0219. Aceste proceduri s-au dezvoltat de-a lungul timpului, rezult\u00e2nd \u00een tehnicile meticuloase de rulare manual\u0103 folosite \u00eenc\u0103 de artizanii pricepu\u021bi ast\u0103zi.<\/span><\/span><\/p>\n<h3><span style=\"vertical-align: inherit;\"><span style=\"vertical-align: inherit;\">Tehnici de fabricare a ha\u0219ului marocan<\/span><\/span><\/h3>\n<p><span style=\"vertical-align: inherit;\"><span style=\"vertical-align: inherit;\">A face ha\u0219 marocan adev\u0103rat este o form\u0103 de art\u0103 \u00een sine. Primul pas este s\u0103 selecta\u021bi cu aten\u021bie plantele de canabis premium, care sunt de obicei soiuri bogate \u00een r\u0103\u0219in\u0103. \u00cenainte de recoltare, plantelor li se acord\u0103 suficient timp pentru a-\u0219i atinge poten\u021bialul maxim.<\/span><\/span><\/p>\n<p><span style=\"vertical-align: inherit;\"><span style=\"vertical-align: inherit;\">\u201eCererea uscat\u0103\u201d este un proces care necesit\u0103 mult\u0103 munc\u0103, care are loc dup\u0103 recoltare. Pentru a separa tricomii r\u0103\u0219ino\u0219i de materialul vegetal, fermierii cern u\u0219or materialul vegetal prin site cu ochiuri fine. Dup\u0103 aceea, ace\u0219ti tricomi sunt comprima\u021bi meticulos pentru a crea c\u0103r\u0103mizi sau bile de ha\u0219i\u0219 recunoscute.<\/span><\/span><\/p>\n<h3><strong><span style=\"vertical-align: inherit;\"><span style=\"vertical-align: inherit;\">Diferente si calitati<\/span><\/span><\/strong><\/h3>\n<p><span style=\"vertical-align: inherit;\"><span style=\"vertical-align: inherit;\">Exist\u0103 diferite clase de ha\u0219 marocan \u0219i fiecare are o arom\u0103, o arom\u0103 \u0219i o intensitate distincte.<\/span><\/span><\/p>","protected":false},"excerpt":{"rendered":"<p>Buy Moroccan Hashish Online Moroccan hash The Eternal Remedies of North Africa Moroccan hash is a secret treasure cherished by cannabis enthusiasts around the world, hidden deep within the mysterious borders of North Africa. This historic cannabis concentrate has captivated aficionados for generations due to its potency, rich history, and traditional production processes. We delve&hellip;<\/p>","protected":false},"featured_media":4534,"comment_status":"open","ping_status":"closed","template":"","meta":{"_joinchat":[]},"product_cat":[474],"product_tag":[],"class_list":{"0":"post-4481","1":"product","2":"type-product","3":"status-publish","4":"has-post-thumbnail","6":"product_cat-haschisch","8":"first","9":"instock","10":"shipping-taxable","11":"purchasable","12":"product-type-variable","13":"col-xs-6 col-sm-4","14":"col-md-3 col-lg-3","15":"un-4-cols"},"yoast_head":"<!-- This site is optimized with the Yoast SEO plugin v23.8 - https:\/\/yoast.com\/wordpress\/plugins\/seo\/ -->\n<title>Hash Morocain \u00e0 vendre - Achetez du Hash Morocain en ligne<\/title>\n<meta name=\"description\" content=\"Vous recherchez une source fiable pour acheter du Hash Morocain en ligne ? Votre recherche s&#039;arr\u00eate ici. Commandez du Hash Morocain en ligne dans notre boutique de confiance et profitez d&#039;un processus d&#039;achat transparent adapt\u00e9 \u00e0 vos besoins de recherche.\" \/>\n<meta name=\"robots\" content=\"index, follow, max-snippet:-1, max-image-preview:large, max-video-preview:-1\" \/>\n<link rel=\"canonical\" href=\"https:\/\/poudresdenarco.com\/ro\/produs\/hash-marocan\/\" \/>\n<meta property=\"og:locale\" content=\"ro_RO\" \/>\n<meta property=\"og:type\" content=\"article\" \/>\n<meta property=\"og:title\" content=\"Hash Morocain \u00e0 vendre - Achetez du Hash Morocain en ligne\" \/>\n<meta property=\"og:description\" content=\"Vous recherchez une source fiable pour acheter du Hash Morocain en ligne ? Votre recherche s&#039;arr\u00eate ici. Commandez du Hash Morocain en ligne dans notre boutique de confiance et profitez d&#039;un processus d&#039;achat transparent adapt\u00e9 \u00e0 vos besoins de recherche.\" \/>\n<meta property=\"og:url\" content=\"https:\/\/poudresdenarco.com\/ro\/produs\/hash-marocan\/\" \/>\n<meta property=\"og:site_name\" content=\"Poudresde Narco\" \/>\n<meta property=\"article:modified_time\" content=\"2025-06-04T01:22:54+00:00\" \/>\n<meta property=\"og:image\" content=\"https:\/\/poudresdenarco.com\/wp-content\/uploads\/2024\/01\/MORACCAN-HASH.jpg\" \/>\n\t<meta property=\"og:image:width\" content=\"600\" \/>\n\t<meta property=\"og:image:height\" content=\"600\" \/>\n\t<meta property=\"og:image:type\" content=\"image\/jpeg\" \/>\n<meta name=\"twitter:card\" content=\"summary_large_image\" \/>\n<meta name=\"twitter:label1\" content=\"Timp estimat pentru citire\" \/>\n\t<meta name=\"twitter:data1\" content=\"2 minute\" \/>\n<script type=\"application\/ld+json\" class=\"yoast-schema-graph\">{\"@context\":\"https:\/\/schema.org\",\"@graph\":[{\"@type\":\"WebPage\",\"@id\":\"https:\/\/poudresdenarco.com\/produit\/hachis-marocain\/\",\"url\":\"https:\/\/poudresdenarco.com\/produit\/hachis-marocain\/\",\"name\":\"Hash Morocain \u00e0 vendre - Achetez du Hash Morocain en ligne\",\"isPartOf\":{\"@id\":\"https:\/\/poudresdenarco.com\/#website\"},\"primaryImageOfPage\":{\"@id\":\"https:\/\/poudresdenarco.com\/produit\/hachis-marocain\/#primaryimage\"},\"image\":{\"@id\":\"https:\/\/poudresdenarco.com\/produit\/hachis-marocain\/#primaryimage\"},\"thumbnailUrl\":\"https:\/\/poudresdenarco.com\/wp-content\/uploads\/2024\/01\/MORACCAN-HASH.jpg\",\"datePublished\":\"2024-01-02T11:16:09+00:00\",\"dateModified\":\"2025-06-04T01:22:54+00:00\",\"description\":\"Vous recherchez une source fiable pour acheter du Hash Morocain en ligne ? Votre recherche s'arr\u00eate ici. Commandez du Hash Morocain en ligne dans notre boutique de confiance et profitez d'un processus d'achat transparent adapt\u00e9 \u00e0 vos besoins de recherche.\",\"breadcrumb\":{\"@id\":\"https:\/\/poudresdenarco.com\/produit\/hachis-marocain\/#breadcrumb\"},\"inLanguage\":\"ro-RO\",\"potentialAction\":[{\"@type\":\"ReadAction\",\"target\":[\"https:\/\/poudresdenarco.com\/produit\/hachis-marocain\/\"]}]},{\"@type\":\"ImageObject\",\"inLanguage\":\"ro-RO\",\"@id\":\"https:\/\/poudresdenarco.com\/produit\/hachis-marocain\/#primaryimage\",\"url\":\"https:\/\/poudresdenarco.com\/wp-content\/uploads\/2024\/01\/MORACCAN-HASH.jpg\",\"contentUrl\":\"https:\/\/poudresdenarco.com\/wp-content\/uploads\/2024\/01\/MORACCAN-HASH.jpg\",\"width\":600,\"height\":600,\"caption\":\"Achetez du haschisch marocain en ligne\"},{\"@type\":\"BreadcrumbList\",\"@id\":\"https:\/\/poudresdenarco.com\/produit\/hachis-marocain\/#breadcrumb\",\"itemListElement\":[{\"@type\":\"ListItem\",\"position\":1,\"name\":\"Home\",\"item\":\"https:\/\/poudresdenarco.com\/\"},{\"@type\":\"ListItem\",\"position\":2,\"name\":\"Boutique\",\"item\":\"https:\/\/poudresdenarco.com\/boutique\/\"},{\"@type\":\"ListItem\",\"position\":3,\"name\":\"Hachis marocain\"}]},{\"@type\":\"WebSite\",\"@id\":\"https:\/\/poudresdenarco.com\/#website\",\"url\":\"https:\/\/poudresdenarco.com\/\",\"name\":\"Poudresde Narco\",\"description\":\"Acheter de la coca\u00efne et de l&#039;h\u00e9ro\u00efne en ligne\",\"potentialAction\":[{\"@type\":\"SearchAction\",\"target\":{\"@type\":\"EntryPoint\",\"urlTemplate\":\"https:\/\/poudresdenarco.com\/?s={search_term_string}\"},\"query-input\":{\"@type\":\"PropertyValueSpecification\",\"valueRequired\":true,\"valueName\":\"search_term_string\"}}],\"inLanguage\":\"ro-RO\"}]}<\/script>\n<!-- \/ Yoast SEO plugin. -->","yoast_head_json":{"title":"Hash Morocain \u00e0 vendre - Achetez du Hash Morocain en ligne","description":"Vous recherchez une source fiable pour acheter du Hash Morocain en ligne ? Votre recherche s'arr\u00eate ici. Commandez du Hash Morocain en ligne dans notre boutique de confiance et profitez d'un processus d'achat transparent adapt\u00e9 \u00e0 vos besoins de recherche.","robots":{"index":"index","follow":"follow","max-snippet":"max-snippet:-1","max-image-preview":"max-image-preview:large","max-video-preview":"max-video-preview:-1"},"canonical":"https:\/\/poudresdenarco.com\/ro\/produs\/hash-marocan\/","og_locale":"ro_RO","og_type":"article","og_title":"Hash Morocain \u00e0 vendre - Achetez du Hash Morocain en ligne","og_description":"Vous recherchez une source fiable pour acheter du Hash Morocain en ligne ? Votre recherche s'arr\u00eate ici. Commandez du Hash Morocain en ligne dans notre boutique de confiance et profitez d'un processus d'achat transparent adapt\u00e9 \u00e0 vos besoins de recherche.","og_url":"https:\/\/poudresdenarco.com\/ro\/produs\/hash-marocan\/","og_site_name":"Poudresde Narco","article_modified_time":"2025-06-04T01:22:54+00:00","og_image":[{"width":600,"height":600,"url":"https:\/\/poudresdenarco.com\/wp-content\/uploads\/2024\/01\/MORACCAN-HASH.jpg","type":"image\/jpeg"}],"twitter_card":"summary_large_image","twitter_misc":{"Timp estimat pentru citire":"2 minute"},"schema":{"@context":"https:\/\/schema.org","@graph":[{"@type":"WebPage","@id":"https:\/\/poudresdenarco.com\/produit\/hachis-marocain\/","url":"https:\/\/poudresdenarco.com\/produit\/hachis-marocain\/","name":"Hash Morocain \u00e0 vendre - Achetez du Hash Morocain en ligne","isPartOf":{"@id":"https:\/\/poudresdenarco.com\/#website"},"primaryImageOfPage":{"@id":"https:\/\/poudresdenarco.com\/produit\/hachis-marocain\/#primaryimage"},"image":{"@id":"https:\/\/poudresdenarco.com\/produit\/hachis-marocain\/#primaryimage"},"thumbnailUrl":"https:\/\/poudresdenarco.com\/wp-content\/uploads\/2024\/01\/MORACCAN-HASH.jpg","datePublished":"2024-01-02T11:16:09+00:00","dateModified":"2025-06-04T01:22:54+00:00","description":"Vous recherchez une source fiable pour acheter du Hash Morocain en ligne ? Votre recherche s'arr\u00eate ici. Commandez du Hash Morocain en ligne dans notre boutique de confiance et profitez d'un processus d'achat transparent adapt\u00e9 \u00e0 vos besoins de recherche.","breadcrumb":{"@id":"https:\/\/poudresdenarco.com\/produit\/hachis-marocain\/#breadcrumb"},"inLanguage":"ro-RO","potentialAction":[{"@type":"ReadAction","target":["https:\/\/poudresdenarco.com\/produit\/hachis-marocain\/"]}]},{"@type":"ImageObject","inLanguage":"ro-RO","@id":"https:\/\/poudresdenarco.com\/produit\/hachis-marocain\/#primaryimage","url":"https:\/\/poudresdenarco.com\/wp-content\/uploads\/2024\/01\/MORACCAN-HASH.jpg","contentUrl":"https:\/\/poudresdenarco.com\/wp-content\/uploads\/2024\/01\/MORACCAN-HASH.jpg","width":600,"height":600,"caption":"Achetez du haschisch marocain en ligne"},{"@type":"BreadcrumbList","@id":"https:\/\/poudresdenarco.com\/produit\/hachis-marocain\/#breadcrumb","itemListElement":[{"@type":"ListItem","position":1,"name":"Home","item":"https:\/\/poudresdenarco.com\/"},{"@type":"ListItem","position":2,"name":"Boutique","item":"https:\/\/poudresdenarco.com\/boutique\/"},{"@type":"ListItem","position":3,"name":"Hachis marocain"}]},{"@type":"WebSite","@id":"https:\/\/poudresdenarco.com\/#website","url":"https:\/\/poudresdenarco.com\/","name":"Poudresde Narco","description":"Acheter de la coca\u00efne et de l&#039;h\u00e9ro\u00efne en ligne","potentialAction":[{"@type":"SearchAction","target":{"@type":"EntryPoint","urlTemplate":"https:\/\/poudresdenarco.com\/?s={search_term_string}"},"query-input":{"@type":"PropertyValueSpecification","valueRequired":true,"valueName":"search_term_string"}}],"inLanguage":"ro-RO"}]}},"_links":{"self":[{"href":"https:\/\/poudresdenarco.com\/ro\/wp-json\/wp\/v2\/product\/4481","targetHints":{"allow":["GET"]}}],"collection":[{"href":"https:\/\/poudresdenarco.com\/ro\/wp-json\/wp\/v2\/product"}],"about":[{"href":"https:\/\/poudresdenarco.com\/ro\/wp-json\/wp\/v2\/types\/product"}],"replies":[{"embeddable":true,"href":"https:\/\/poudresdenarco.com\/ro\/wp-json\/wp\/v2\/comments?post=4481"}],"wp:featuredmedia":[{"embeddable":true,"href":"https:\/\/poudresdenarco.com\/ro\/wp-json\/wp\/v2\/media\/4534"}],"wp:attachment":[{"href":"https:\/\/poudresdenarco.com\/ro\/wp-json\/wp\/v2\/media?parent=4481"}],"wp:term":[{"taxonomy":"product_cat","embeddable":true,"href":"https:\/\/poudresdenarco.com\/ro\/wp-json\/wp\/v2\/product_cat?post=4481"},{"taxonomy":"product_tag","embeddable":true,"href":"https:\/\/poudresdenarco.com\/ro\/wp-json\/wp\/v2\/product_tag?post=4481"}],"curies":[{"name":"wp","href":"https:\/\/api.w.org\/{rel}","templated":true}]}}