{"id":4752,"date":"2024-10-16T10:56:33","date_gmt":"2024-10-16T10:56:33","guid":{"rendered":"https:\/\/poudresdenarco.com\/?post_type=product&#038;p=4752"},"modified":"2025-06-03T11:25:29","modified_gmt":"2025-06-03T11:25:29","slug":"4-mec-hyper","status":"publish","type":"product","link":"https:\/\/poudresdenarco.com\/ro\/produs\/4-mec-hyper\/","title":{"rendered":"4-MEC hiper"},"content":{"rendered":"<h2>4-MEC<br \/>\n4-m\u00e9thyl-N-\u00e9thyl cathinone<\/h2>\n<p>La <a href=\"https:\/\/poudresdenarco.com\/ro\/produs\/4-mec-hyper\/\">4-m\u00e9thyl\u00e9thcathinone (4-MEC)<\/a> est un d\u00e9riv\u00e9 de la cathinone identifi\u00e9 dans plusieurs drogues r\u00e9cr\u00e9atives de synth\u00e8se vendues comme substituts \u00ab l\u00e9gaux \u00bb de stimulants contr\u00f4l\u00e9s tels que la m\u00e9thamph\u00e9tamine et la 3,4-m\u00e9thyl\u00e8nedioxym\u00e9thamph\u00e9tamine.1,2,3 La formulation de chlorhydrate de ce compos\u00e9 est destin\u00e9e \u00e0 \u00eatre utilis\u00e9e comme norme pour l&rsquo;analyse m\u00e9dico-l\u00e9gale d&rsquo;\u00e9chantillons pouvant contenir de la 4-MEC hyper.<\/p>\n<p>Informa\u021bii tehnice<\/p>\n<p>Nom officiel 2-(\u00e9thylamino)-1-(4-m\u00e9thylph\u00e9nyl)-1-propanone, monohydrochlorure<\/p>\n<p>Num\u00e9ro CAS 1266688-86-1<\/p>\n<p>Synonymes<\/p>\n<p>4-m\u00e9thyl-N-\u00e9thyl cathinone<\/p>\n<p><a href=\"https:\/\/en.wikipedia.org\/wiki\/4-Methylethcathinone\">4-MEC<\/a><\/p>\n<p>Formule mol\u00e9culaire C12H17NO \u2022 HCl<\/p>\n<p>Poids de la formule 227,7<\/p>\n<p>Puret\u00e9 \u2265 98 %<\/p>\n<p>Formulare A solid cristalin<\/p>\n<p>\u03bbmax 260 nm<\/p>\n<p>SMILES CC1=CC=C(C(C(NCC)C)=O)C=C1.Cl<\/p>\n<p>Code InChI InChI=1S\/C12H17NO.ClH\/c1-4-13-10(3)12(14)11-7-5-9(2)6-8-11;\/h5-8,10,13H,4H2,1-3H3;1H<\/p>\n<p>Cl\u00e9 InChI RQTXXFLUWZXGIE-UHFFFAOYSA-N<\/p>\n<h3>Poudresdenarco PRODUITS CHIMIQUES<\/h3>\n<p>NOUS FOURNISSONS DES PRODUITS CHIMIQUES DE RECHERCHE DANS LE MONDE ENTIER<br \/>\nDespre noi<\/p>\n<p>Fournisseurs de produits chimiques de recherche fiables, contr\u00f4l\u00e9s, v\u00e9rifi\u00e9s, s\u00fbrs et autoris\u00e9s<\/p>\n<p>Prezentarea <a href=\"https:\/\/poudresdenarco.com\/ro\/\">Poudresdenarco<\/a>, un fournisseur de produits chimiques de recherche r\u00e9put\u00e9 qui fournit des mat\u00e9riaux de pointe pour vos projets. Vous avez besoin d&rsquo;un fournisseur sur lequel vous pouvez compter pour offrir des produits chimiques 100 % authentiques et purs, et vous pouvez en \u00eatre s\u00fbr lorsque vous travaillez avec nous. Nous sommes tr\u00e8s fiers de notre r\u00e9putation de fournisseur parmi les plus r\u00e9put\u00e9s du secteur Internet, que nous avons b\u00e2tie gr\u00e2ce \u00e0 notre engagement envers la qualit\u00e9 et l&rsquo;int\u00e9grit\u00e9 scientifique.<\/p>\n<h3>Aplica\u021bii \u0219i instruc\u021biuni de siguran\u021b\u0103<\/h3>\n<p>Le <strong>4-MEC<\/strong> de Poudres de Narco este destinat pentru <strong>applications de recherche<\/strong> en laboratoire. Pour garantir un usage conforme et s\u00e9curis\u00e9, nous fournissons des protocoles de manipulation et de stockage d\u00e9taill\u00e9s\u202f:<\/p>\n<ul>\n<li><strong>Depozitare securizat\u0103<\/strong> : Conservez le 4-MEC dans un endroit frais et sec, prot\u00e9g\u00e9 de la lumi\u00e8re directe.<\/li>\n<li><strong>Manipulare cu precau\u021bii<\/strong> : Utilisez des \u00e9quipements de protection individuelle (EPI) et travaillez dans des espaces bien ventil\u00e9s pour des conditions optimales.<\/li>\n<li><strong>Usage R\u00e9serv\u00e9 aux Laboratoires Certifi\u00e9s<\/strong> : Ce produit est strictement destin\u00e9 aux chercheurs dans des environnements contr\u00f4l\u00e9s et des installations de recherche autoris\u00e9es.<\/li>\n<\/ul>\n<h3>Commandez du 4-MEC pour Vos \u00c9tudes Scientifiques<\/h3>\n<p>Chez Poudres de Narco, nous garantissons un <strong>approvisionnement fiable en 4-MEC de haute puret\u00e9<\/strong> pentru cercetare. <strong>Contacta\u021bi-ne<\/strong> pour un devis ou pour obtenir plus d\u2019informations sur notre gamme de produits sp\u00e9cialis\u00e9s pour les laboratoires 4-MEC hyper.<\/p>\n<p>&nbsp;<\/p>","protected":false},"excerpt":{"rendered":"<p>4-MEC 4-m\u00e9thyl-N-\u00e9thyl cathinone La 4-m\u00e9thyl\u00e9thcathinone (4-MEC) est un d\u00e9riv\u00e9 de la cathinone identifi\u00e9 dans plusieurs drogues r\u00e9cr\u00e9atives de synth\u00e8se vendues comme substituts \u00ab l\u00e9gaux \u00bb de stimulants contr\u00f4l\u00e9s tels que la m\u00e9thamph\u00e9tamine et la 3,4-m\u00e9thyl\u00e8nedioxym\u00e9thamph\u00e9tamine.1,2,3 La formulation de chlorhydrate de ce compos\u00e9 est destin\u00e9e \u00e0 \u00eatre utilis\u00e9e comme norme pour l&rsquo;analyse m\u00e9dico-l\u00e9gale d&rsquo;\u00e9chantillons pouvant contenir&hellip;<\/p>","protected":false},"featured_media":6149,"comment_status":"open","ping_status":"closed","template":"","meta":{"_joinchat":[]},"product_cat":[558,751],"product_tag":[],"class_list":{"0":"post-4752","1":"product","2":"type-product","3":"status-publish","4":"has-post-thumbnail","6":"product_cat-chimiques-de-recherche","7":"product_cat-stimulants","9":"first","10":"instock","11":"shipping-taxable","12":"purchasable","13":"product-type-variable","14":"col-xs-6 col-sm-4","15":"col-md-3 col-lg-3","16":"un-4-cols"},"yoast_head":"<!-- This site is optimized with the Yoast SEO plugin v23.8 - https:\/\/yoast.com\/wordpress\/plugins\/seo\/ -->\n<title>Acheter 4-MEC de | Poudres de Narco<\/title>\n<meta name=\"description\" content=\"Fournisseur de 4-MEC pour applications de recherche en laboratoire. Puret\u00e9 et s\u00e9curit\u00e9 garanties pour des \u00e9tudes scientifiques chez Poudres de Narco.\" \/>\n<meta name=\"robots\" content=\"index, follow, max-snippet:-1, max-image-preview:large, max-video-preview:-1\" \/>\n<link rel=\"canonical\" href=\"https:\/\/poudresdenarco.com\/ro\/produs\/4-mec-hyper\/\" \/>\n<meta property=\"og:locale\" content=\"ro_RO\" \/>\n<meta property=\"og:type\" content=\"article\" \/>\n<meta property=\"og:title\" content=\"Acheter 4-MEC de | Poudres de Narco\" \/>\n<meta property=\"og:description\" content=\"Fournisseur de 4-MEC pour applications de recherche en laboratoire. Puret\u00e9 et s\u00e9curit\u00e9 garanties pour des \u00e9tudes scientifiques chez Poudres de Narco.\" \/>\n<meta property=\"og:url\" content=\"https:\/\/poudresdenarco.com\/ro\/produs\/4-mec-hyper\/\" \/>\n<meta property=\"og:site_name\" content=\"Poudresde Narco\" \/>\n<meta property=\"article:modified_time\" content=\"2025-06-03T11:25:29+00:00\" \/>\n<meta property=\"og:image\" content=\"https:\/\/poudresdenarco.com\/wp-content\/uploads\/2024\/10\/4-MEC-hyper.gif\" \/>\n\t<meta property=\"og:image:width\" content=\"600\" \/>\n\t<meta property=\"og:image:height\" content=\"600\" \/>\n\t<meta property=\"og:image:type\" content=\"image\/gif\" \/>\n<meta name=\"twitter:card\" content=\"summary_large_image\" \/>\n<meta name=\"twitter:label1\" content=\"Timp estimat pentru citire\" \/>\n\t<meta name=\"twitter:data1\" content=\"2 minute\" \/>\n<script type=\"application\/ld+json\" class=\"yoast-schema-graph\">{\"@context\":\"https:\/\/schema.org\",\"@graph\":[{\"@type\":\"WebPage\",\"@id\":\"https:\/\/poudresdenarco.com\/produit\/4-mec-hyper\/\",\"url\":\"https:\/\/poudresdenarco.com\/produit\/4-mec-hyper\/\",\"name\":\"Acheter 4-MEC de | Poudres de Narco\",\"isPartOf\":{\"@id\":\"https:\/\/poudresdenarco.com\/#website\"},\"primaryImageOfPage\":{\"@id\":\"https:\/\/poudresdenarco.com\/produit\/4-mec-hyper\/#primaryimage\"},\"image\":{\"@id\":\"https:\/\/poudresdenarco.com\/produit\/4-mec-hyper\/#primaryimage\"},\"thumbnailUrl\":\"https:\/\/poudresdenarco.com\/wp-content\/uploads\/2024\/10\/4-MEC-hyper.gif\",\"datePublished\":\"2024-10-16T10:56:33+00:00\",\"dateModified\":\"2025-06-03T11:25:29+00:00\",\"description\":\"Fournisseur de 4-MEC pour applications de recherche en laboratoire. Puret\u00e9 et s\u00e9curit\u00e9 garanties pour des \u00e9tudes scientifiques chez Poudres de Narco.\",\"breadcrumb\":{\"@id\":\"https:\/\/poudresdenarco.com\/produit\/4-mec-hyper\/#breadcrumb\"},\"inLanguage\":\"ro-RO\",\"potentialAction\":[{\"@type\":\"ReadAction\",\"target\":[\"https:\/\/poudresdenarco.com\/produit\/4-mec-hyper\/\"]}]},{\"@type\":\"ImageObject\",\"inLanguage\":\"ro-RO\",\"@id\":\"https:\/\/poudresdenarco.com\/produit\/4-mec-hyper\/#primaryimage\",\"url\":\"https:\/\/poudresdenarco.com\/wp-content\/uploads\/2024\/10\/4-MEC-hyper.gif\",\"contentUrl\":\"https:\/\/poudresdenarco.com\/wp-content\/uploads\/2024\/10\/4-MEC-hyper.gif\",\"width\":600,\"height\":600,\"caption\":\"4-MEC-hyper\"},{\"@type\":\"BreadcrumbList\",\"@id\":\"https:\/\/poudresdenarco.com\/produit\/4-mec-hyper\/#breadcrumb\",\"itemListElement\":[{\"@type\":\"ListItem\",\"position\":1,\"name\":\"Home\",\"item\":\"https:\/\/poudresdenarco.com\/\"},{\"@type\":\"ListItem\",\"position\":2,\"name\":\"Boutique\",\"item\":\"https:\/\/poudresdenarco.com\/boutique\/\"},{\"@type\":\"ListItem\",\"position\":3,\"name\":\"4-MEC hyper\"}]},{\"@type\":\"WebSite\",\"@id\":\"https:\/\/poudresdenarco.com\/#website\",\"url\":\"https:\/\/poudresdenarco.com\/\",\"name\":\"Poudresde Narco\",\"description\":\"Acheter de la coca\u00efne et de l&#039;h\u00e9ro\u00efne en ligne\",\"potentialAction\":[{\"@type\":\"SearchAction\",\"target\":{\"@type\":\"EntryPoint\",\"urlTemplate\":\"https:\/\/poudresdenarco.com\/?s={search_term_string}\"},\"query-input\":{\"@type\":\"PropertyValueSpecification\",\"valueRequired\":true,\"valueName\":\"search_term_string\"}}],\"inLanguage\":\"ro-RO\"}]}<\/script>\n<!-- \/ Yoast SEO plugin. -->","yoast_head_json":{"title":"Acheter 4-MEC de | Poudres de Narco","description":"Fournisseur de 4-MEC pour applications de recherche en laboratoire. Puret\u00e9 et s\u00e9curit\u00e9 garanties pour des \u00e9tudes scientifiques chez Poudres de Narco.","robots":{"index":"index","follow":"follow","max-snippet":"max-snippet:-1","max-image-preview":"max-image-preview:large","max-video-preview":"max-video-preview:-1"},"canonical":"https:\/\/poudresdenarco.com\/ro\/produs\/4-mec-hyper\/","og_locale":"ro_RO","og_type":"article","og_title":"Acheter 4-MEC de | Poudres de Narco","og_description":"Fournisseur de 4-MEC pour applications de recherche en laboratoire. Puret\u00e9 et s\u00e9curit\u00e9 garanties pour des \u00e9tudes scientifiques chez Poudres de Narco.","og_url":"https:\/\/poudresdenarco.com\/ro\/produs\/4-mec-hyper\/","og_site_name":"Poudresde Narco","article_modified_time":"2025-06-03T11:25:29+00:00","og_image":[{"width":600,"height":600,"url":"https:\/\/poudresdenarco.com\/wp-content\/uploads\/2024\/10\/4-MEC-hyper.gif","type":"image\/gif"}],"twitter_card":"summary_large_image","twitter_misc":{"Timp estimat pentru citire":"2 minute"},"schema":{"@context":"https:\/\/schema.org","@graph":[{"@type":"WebPage","@id":"https:\/\/poudresdenarco.com\/produit\/4-mec-hyper\/","url":"https:\/\/poudresdenarco.com\/produit\/4-mec-hyper\/","name":"Acheter 4-MEC de | Poudres de Narco","isPartOf":{"@id":"https:\/\/poudresdenarco.com\/#website"},"primaryImageOfPage":{"@id":"https:\/\/poudresdenarco.com\/produit\/4-mec-hyper\/#primaryimage"},"image":{"@id":"https:\/\/poudresdenarco.com\/produit\/4-mec-hyper\/#primaryimage"},"thumbnailUrl":"https:\/\/poudresdenarco.com\/wp-content\/uploads\/2024\/10\/4-MEC-hyper.gif","datePublished":"2024-10-16T10:56:33+00:00","dateModified":"2025-06-03T11:25:29+00:00","description":"Fournisseur de 4-MEC pour applications de recherche en laboratoire. Puret\u00e9 et s\u00e9curit\u00e9 garanties pour des \u00e9tudes scientifiques chez Poudres de Narco.","breadcrumb":{"@id":"https:\/\/poudresdenarco.com\/produit\/4-mec-hyper\/#breadcrumb"},"inLanguage":"ro-RO","potentialAction":[{"@type":"ReadAction","target":["https:\/\/poudresdenarco.com\/produit\/4-mec-hyper\/"]}]},{"@type":"ImageObject","inLanguage":"ro-RO","@id":"https:\/\/poudresdenarco.com\/produit\/4-mec-hyper\/#primaryimage","url":"https:\/\/poudresdenarco.com\/wp-content\/uploads\/2024\/10\/4-MEC-hyper.gif","contentUrl":"https:\/\/poudresdenarco.com\/wp-content\/uploads\/2024\/10\/4-MEC-hyper.gif","width":600,"height":600,"caption":"4-MEC-hyper"},{"@type":"BreadcrumbList","@id":"https:\/\/poudresdenarco.com\/produit\/4-mec-hyper\/#breadcrumb","itemListElement":[{"@type":"ListItem","position":1,"name":"Home","item":"https:\/\/poudresdenarco.com\/"},{"@type":"ListItem","position":2,"name":"Boutique","item":"https:\/\/poudresdenarco.com\/boutique\/"},{"@type":"ListItem","position":3,"name":"4-MEC hyper"}]},{"@type":"WebSite","@id":"https:\/\/poudresdenarco.com\/#website","url":"https:\/\/poudresdenarco.com\/","name":"Poudresde Narco","description":"Acheter de la coca\u00efne et de l&#039;h\u00e9ro\u00efne en ligne","potentialAction":[{"@type":"SearchAction","target":{"@type":"EntryPoint","urlTemplate":"https:\/\/poudresdenarco.com\/?s={search_term_string}"},"query-input":{"@type":"PropertyValueSpecification","valueRequired":true,"valueName":"search_term_string"}}],"inLanguage":"ro-RO"}]}},"_links":{"self":[{"href":"https:\/\/poudresdenarco.com\/ro\/wp-json\/wp\/v2\/product\/4752","targetHints":{"allow":["GET"]}}],"collection":[{"href":"https:\/\/poudresdenarco.com\/ro\/wp-json\/wp\/v2\/product"}],"about":[{"href":"https:\/\/poudresdenarco.com\/ro\/wp-json\/wp\/v2\/types\/product"}],"replies":[{"embeddable":true,"href":"https:\/\/poudresdenarco.com\/ro\/wp-json\/wp\/v2\/comments?post=4752"}],"wp:featuredmedia":[{"embeddable":true,"href":"https:\/\/poudresdenarco.com\/ro\/wp-json\/wp\/v2\/media\/6149"}],"wp:attachment":[{"href":"https:\/\/poudresdenarco.com\/ro\/wp-json\/wp\/v2\/media?parent=4752"}],"wp:term":[{"taxonomy":"product_cat","embeddable":true,"href":"https:\/\/poudresdenarco.com\/ro\/wp-json\/wp\/v2\/product_cat?post=4752"},{"taxonomy":"product_tag","embeddable":true,"href":"https:\/\/poudresdenarco.com\/ro\/wp-json\/wp\/v2\/product_tag?post=4752"}],"curies":[{"name":"wp","href":"https:\/\/api.w.org\/{rel}","templated":true}]}}