{"id":4754,"date":"2024-10-16T11:01:47","date_gmt":"2024-10-16T11:01:47","guid":{"rendered":"https:\/\/poudresdenarco.com\/?post_type=product&#038;p=4754"},"modified":"2024-12-23T10:09:24","modified_gmt":"2024-12-23T10:09:24","slug":"2-fa","status":"publish","type":"product","link":"https:\/\/poudresdenarco.com\/ro\/produs\/2-fa\/","title":{"rendered":"2-FA"},"content":{"rendered":"<h2>Cump\u0103ra\u021bi clorhidrat de 2-FA online<\/h2>\n<p>Bine a\u021bi venit la poudresdenarco, sursa dvs. de \u00eencredere pentru a cump\u0103ra clorhidrat. <a href=\"https:\/\/poudresdenarco.com\/ro\/produs\/2-fa\/\">2-FA<\/a> online. \u00cen calitate de proprietari ai poudresdenarco, ne m\u00e2ndrim c\u0103 oferim cercet\u0103torilor produse de cea mai \u00eenalt\u0103 calitate \u0219i servicii excep\u021bionale pentru clien\u021bi. \u00cen acest articol, vom \u00eemp\u0103rt\u0103\u0219i motivele conving\u0103toare pentru care ar trebui s\u0103 alege\u021bi poudresdenarco pentru a cump\u0103ra clorhidrat de 2-FA, precum \u0219i asigurarea c\u0103 oferim transport maritim la nivel mondial pentru a satisface nevoile cercet\u0103torilor din \u00eentreaga lume.<\/p>\n<h3>Produse de calitate superioar\u0103 :<\/h3>\n<p>La <a href=\"https:\/\/poudresdenarco.com\/ro\/\">poudresdenarco<\/a>Ca produc\u0103tor de produse chimice pentru cercetare, acord\u0103m cea mai mare prioritate calit\u0103\u021bii produselor noastre. Clorhidratul nostru 2-FA este supus unor m\u0103suri riguroase de control al calit\u0103\u021bii pentru a asigura puritatea, consisten\u021ba \u0219i dozajul precis. Colabor\u0103m cu produc\u0103tori \u0219i furnizori de renume pentru a ob\u021bine numai produse chimice de cea mai \u00eenalt\u0103 calitate, permi\u021b\u00e2nd cercet\u0103torilor s\u0103 \u00ee\u0219i desf\u0103\u0219oare experimentele cu \u00eencredere. C\u00e2nd cump\u0103ra\u021bi clorhidrat de 2-FA de la poudresdenarco, pute\u021bi fi siguri c\u0103 ob\u021bine\u021bi un produs de calitate superioar\u0103.<a href=\"https:\/\/poudresdenarco.com\/ro\/produs\/1p-lsd\/\">.<\/a><\/p>\n<h3>Selec\u021bie larg\u0103 de produse chimice de cercetare:<\/h3>\n<p>poudresdenarco ofer\u0103 o gam\u0103 larg\u0103 de produse chimice de cercetare pentru a satisface nevoile diverse ale cercet\u0103torilor. Magazinul nostru online ofer\u0103 o gam\u0103 larg\u0103 de substan\u021be de \u00eenalt\u0103 calitate, inclusiv <a href=\"https:\/\/en.wikipedia.org\/wiki\/Multi-factor_authentication\">2-FA<\/a>. Fie c\u0103 studia\u021bi produse farmaceutice, chimie sau alte domenii \u0219tiin\u021bifice, ne propunem s\u0103 fim ghi\u0219eul dvs. unic pentru toate nevoile dvs. de cercetare chimic\u0103. Explora\u021bi colec\u021bia noastr\u0103 \u0219i descoperi\u021bi posibilit\u0103\u021bi interesante pentru cercetarea dumneavoastr\u0103.<\/p>\n<h4><strong>Cumpara 2-FA de \u00eenalt\u0103 puritate pentru cercetare - Narco Powders<\/strong><\/h4>\n<p>Poudres de Narco este furnizorul dumneavoastr\u0103 de \u00eencredere pentru <strong>2-FA calitatea cercet\u0103rii<\/strong>concepute exclusiv pentru <strong>aplica\u021bii de laborator \u0219i \u0219tiin\u021bifice<\/strong>. 2-FA nostru este fabricat la standarde riguroase de puritate \u0219i calitate, asigur\u00e2nd rezultate fiabile pentru profesioni\u0219tii din chimie \u0219i farmacologie.<\/p>\n<h3>De ce s\u0103 alege\u021bi 2-FA de Poudres de Narco?<\/h3>\n<p>Ca un <strong>furnizor de 2-FA pentru cercetare<\/strong>Poudres de Narco se angajeaz\u0103 s\u0103 ofere un produs care \u00eendepline\u0219te cele mai \u00eenalte standarde de calitate \u0219i siguran\u021b\u0103:<\/p>\n<ul>\n<li><strong>Puritate certificat\u0103<\/strong> Fiecare lot de 2-FA este testat riguros pentru a garanta puritatea maxim\u0103, care este esen\u021bial\u0103 pentru experimentele \u0219tiin\u021bifice.<\/li>\n<li><strong>Calitate constant\u0103<\/strong> 2-FA nostru este fabricat pentru a oferi rezultate stabile, precise, care \u00eendeplinesc cerin\u021bele de laborator.<\/li>\n<li><strong>Comand\u0103 online securizat\u0103<\/strong> : Facem mai u\u0219or s\u0103<strong>achizi\u021bionarea de 2-FA pentru aplica\u021bii \u0219tiin\u021bifice<\/strong>cu o platform\u0103 de comand\u0103 sigur\u0103 \u0219i conform\u0103.<\/li>\n<\/ul>\n<h3>Aplica\u021bii \u0219i instruc\u021biuni de siguran\u021b\u0103<\/h3>\n<p>Le <strong>2-FA<\/strong> de Poudres de Narco este utilizat \u00eentr-o varietate de contexte de cercetare de laborator. Pentru a asigura o utilizare sigur\u0103 \u0219i conform\u0103, oferim protocoale de manipulare \u0219i depozitare:<\/p>\n<ul>\n<li><strong>Depozitare securizat\u0103<\/strong> Depozita\u021bi 2-FA \u00eentr-un loc r\u0103coros, uscat \u0219i ferit de lumina direct\u0103.<\/li>\n<li><strong>Manipulare<\/strong> Utiliza\u021bi echipament de protec\u021bie individual\u0103 (EPI) \u0219i lucra\u021bi \u00eentr-un mediu bine ventilat.<\/li>\n<li><strong>Utilizare strict rezervat\u0103 pentru cercetare<\/strong> Acest produs este conceput pentru profesioni\u0219tii din domeniul cercet\u0103rii care lucreaz\u0103 \u00een medii controlate.<\/li>\n<\/ul>\n<h3>Comanda\u021bi 2-FA de calitate pentru studiile dvs. de cercetare<\/h3>\n<p>Poudres de Narco este alegerea ideal\u0103 pentru un <strong>furnizarea de 2-FA de \u00eenalt\u0103 calitate<\/strong> pentru cercetare. <strong>Contacta\u021bi-ne<\/strong> pentru o ofert\u0103 de pre\u021b sau pentru mai multe informa\u021bii despre produsele \u0219i serviciile noastre pentru aplica\u021bii \u0219tiin\u021bifice.<\/p>\n<p>&nbsp;<\/p>","protected":false},"excerpt":{"rendered":"<p>Acheter du chlorhydrate de 2-FA en ligne Bienvenue chez poudresdenarco, votre source fiable pour acheter du chlorhydrate de 2-FA en ligne. En tant que propri\u00e9taire de poudresdenarco, nous sommes fiers d&rsquo;offrir aux chercheurs des produits de la plus haute qualit\u00e9 et un service client exceptionnel. Dans cet article, nous partagerons les raisons convaincantes pour lesquelles&hellip;<\/p>","protected":false},"featured_media":6151,"comment_status":"open","ping_status":"closed","template":"","meta":{"_joinchat":[]},"product_cat":[558,751],"product_tag":[],"class_list":{"0":"post-4754","1":"product","2":"type-product","3":"status-publish","4":"has-post-thumbnail","6":"product_cat-chimiques-de-recherche","7":"product_cat-stimulants","9":"first","10":"instock","11":"shipping-taxable","12":"purchasable","13":"product-type-variable","14":"col-xs-6 col-sm-4","15":"col-md-3 col-lg-3","16":"un-4-cols"},"yoast_head":"<!-- This site is optimized with the Yoast SEO plugin v23.8 - https:\/\/yoast.com\/wordpress\/plugins\/seo\/ -->\n<title>Acheter 2-FA de Qualit\u00e9 pour la Recherche | Poudres de Narco<\/title>\n<meta name=\"description\" content=\"Fournisseur de 2-FA pour applications scientifiques. Puret\u00e9 garantie pour la recherche en laboratoire chez Poudres de Narco.\" \/>\n<meta name=\"robots\" content=\"index, follow, max-snippet:-1, max-image-preview:large, max-video-preview:-1\" \/>\n<link rel=\"canonical\" href=\"https:\/\/poudresdenarco.com\/ro\/produs\/2-fa\/\" \/>\n<meta property=\"og:locale\" content=\"ro_RO\" \/>\n<meta property=\"og:type\" content=\"article\" \/>\n<meta property=\"og:title\" content=\"Acheter 2-FA de Qualit\u00e9 pour la Recherche | Poudres de Narco\" \/>\n<meta property=\"og:description\" content=\"Fournisseur de 2-FA pour applications scientifiques. Puret\u00e9 garantie pour la recherche en laboratoire chez Poudres de Narco.\" \/>\n<meta property=\"og:url\" content=\"https:\/\/poudresdenarco.com\/ro\/produs\/2-fa\/\" \/>\n<meta property=\"og:site_name\" content=\"Poudresde Narco\" \/>\n<meta property=\"article:modified_time\" content=\"2024-12-23T10:09:24+00:00\" \/>\n<meta property=\"og:image\" content=\"https:\/\/poudresdenarco.com\/wp-content\/uploads\/2024\/10\/2-FA.gif\" \/>\n\t<meta property=\"og:image:width\" content=\"600\" \/>\n\t<meta property=\"og:image:height\" content=\"600\" \/>\n\t<meta property=\"og:image:type\" content=\"image\/gif\" \/>\n<meta name=\"twitter:card\" content=\"summary_large_image\" \/>\n<meta name=\"twitter:label1\" content=\"Timp estimat pentru citire\" \/>\n\t<meta name=\"twitter:data1\" content=\"3 minute\" \/>\n<script type=\"application\/ld+json\" class=\"yoast-schema-graph\">{\"@context\":\"https:\/\/schema.org\",\"@graph\":[{\"@type\":\"WebPage\",\"@id\":\"https:\/\/poudresdenarco.com\/produit\/2-fa\/\",\"url\":\"https:\/\/poudresdenarco.com\/produit\/2-fa\/\",\"name\":\"Acheter 2-FA de Qualit\u00e9 pour la Recherche | Poudres de Narco\",\"isPartOf\":{\"@id\":\"https:\/\/poudresdenarco.com\/#website\"},\"primaryImageOfPage\":{\"@id\":\"https:\/\/poudresdenarco.com\/produit\/2-fa\/#primaryimage\"},\"image\":{\"@id\":\"https:\/\/poudresdenarco.com\/produit\/2-fa\/#primaryimage\"},\"thumbnailUrl\":\"https:\/\/poudresdenarco.com\/wp-content\/uploads\/2024\/10\/2-FA.gif\",\"datePublished\":\"2024-10-16T11:01:47+00:00\",\"dateModified\":\"2024-12-23T10:09:24+00:00\",\"description\":\"Fournisseur de 2-FA pour applications scientifiques. Puret\u00e9 garantie pour la recherche en laboratoire chez Poudres de Narco.\",\"breadcrumb\":{\"@id\":\"https:\/\/poudresdenarco.com\/produit\/2-fa\/#breadcrumb\"},\"inLanguage\":\"ro-RO\",\"potentialAction\":[{\"@type\":\"ReadAction\",\"target\":[\"https:\/\/poudresdenarco.com\/produit\/2-fa\/\"]}]},{\"@type\":\"ImageObject\",\"inLanguage\":\"ro-RO\",\"@id\":\"https:\/\/poudresdenarco.com\/produit\/2-fa\/#primaryimage\",\"url\":\"https:\/\/poudresdenarco.com\/wp-content\/uploads\/2024\/10\/2-FA.gif\",\"contentUrl\":\"https:\/\/poudresdenarco.com\/wp-content\/uploads\/2024\/10\/2-FA.gif\",\"width\":600,\"height\":600,\"caption\":\"2-FA\"},{\"@type\":\"BreadcrumbList\",\"@id\":\"https:\/\/poudresdenarco.com\/produit\/2-fa\/#breadcrumb\",\"itemListElement\":[{\"@type\":\"ListItem\",\"position\":1,\"name\":\"Home\",\"item\":\"https:\/\/poudresdenarco.com\/\"},{\"@type\":\"ListItem\",\"position\":2,\"name\":\"Boutique\",\"item\":\"https:\/\/poudresdenarco.com\/boutique\/\"},{\"@type\":\"ListItem\",\"position\":3,\"name\":\"2-FA\"}]},{\"@type\":\"WebSite\",\"@id\":\"https:\/\/poudresdenarco.com\/#website\",\"url\":\"https:\/\/poudresdenarco.com\/\",\"name\":\"Poudresde Narco\",\"description\":\"Acheter de la coca\u00efne et de l&#039;h\u00e9ro\u00efne en ligne\",\"potentialAction\":[{\"@type\":\"SearchAction\",\"target\":{\"@type\":\"EntryPoint\",\"urlTemplate\":\"https:\/\/poudresdenarco.com\/?s={search_term_string}\"},\"query-input\":{\"@type\":\"PropertyValueSpecification\",\"valueRequired\":true,\"valueName\":\"search_term_string\"}}],\"inLanguage\":\"ro-RO\"}]}<\/script>\n<!-- \/ Yoast SEO plugin. -->","yoast_head_json":{"title":"Acheter 2-FA de Qualit\u00e9 pour la Recherche | Poudres de Narco","description":"Fournisseur de 2-FA pour applications scientifiques. Puret\u00e9 garantie pour la recherche en laboratoire chez Poudres de Narco.","robots":{"index":"index","follow":"follow","max-snippet":"max-snippet:-1","max-image-preview":"max-image-preview:large","max-video-preview":"max-video-preview:-1"},"canonical":"https:\/\/poudresdenarco.com\/ro\/produs\/2-fa\/","og_locale":"ro_RO","og_type":"article","og_title":"Acheter 2-FA de Qualit\u00e9 pour la Recherche | Poudres de Narco","og_description":"Fournisseur de 2-FA pour applications scientifiques. Puret\u00e9 garantie pour la recherche en laboratoire chez Poudres de Narco.","og_url":"https:\/\/poudresdenarco.com\/ro\/produs\/2-fa\/","og_site_name":"Poudresde Narco","article_modified_time":"2024-12-23T10:09:24+00:00","og_image":[{"width":600,"height":600,"url":"https:\/\/poudresdenarco.com\/wp-content\/uploads\/2024\/10\/2-FA.gif","type":"image\/gif"}],"twitter_card":"summary_large_image","twitter_misc":{"Timp estimat pentru citire":"3 minute"},"schema":{"@context":"https:\/\/schema.org","@graph":[{"@type":"WebPage","@id":"https:\/\/poudresdenarco.com\/produit\/2-fa\/","url":"https:\/\/poudresdenarco.com\/produit\/2-fa\/","name":"Acheter 2-FA de Qualit\u00e9 pour la Recherche | Poudres de Narco","isPartOf":{"@id":"https:\/\/poudresdenarco.com\/#website"},"primaryImageOfPage":{"@id":"https:\/\/poudresdenarco.com\/produit\/2-fa\/#primaryimage"},"image":{"@id":"https:\/\/poudresdenarco.com\/produit\/2-fa\/#primaryimage"},"thumbnailUrl":"https:\/\/poudresdenarco.com\/wp-content\/uploads\/2024\/10\/2-FA.gif","datePublished":"2024-10-16T11:01:47+00:00","dateModified":"2024-12-23T10:09:24+00:00","description":"Fournisseur de 2-FA pour applications scientifiques. Puret\u00e9 garantie pour la recherche en laboratoire chez Poudres de Narco.","breadcrumb":{"@id":"https:\/\/poudresdenarco.com\/produit\/2-fa\/#breadcrumb"},"inLanguage":"ro-RO","potentialAction":[{"@type":"ReadAction","target":["https:\/\/poudresdenarco.com\/produit\/2-fa\/"]}]},{"@type":"ImageObject","inLanguage":"ro-RO","@id":"https:\/\/poudresdenarco.com\/produit\/2-fa\/#primaryimage","url":"https:\/\/poudresdenarco.com\/wp-content\/uploads\/2024\/10\/2-FA.gif","contentUrl":"https:\/\/poudresdenarco.com\/wp-content\/uploads\/2024\/10\/2-FA.gif","width":600,"height":600,"caption":"2-FA"},{"@type":"BreadcrumbList","@id":"https:\/\/poudresdenarco.com\/produit\/2-fa\/#breadcrumb","itemListElement":[{"@type":"ListItem","position":1,"name":"Home","item":"https:\/\/poudresdenarco.com\/"},{"@type":"ListItem","position":2,"name":"Boutique","item":"https:\/\/poudresdenarco.com\/boutique\/"},{"@type":"ListItem","position":3,"name":"2-FA"}]},{"@type":"WebSite","@id":"https:\/\/poudresdenarco.com\/#website","url":"https:\/\/poudresdenarco.com\/","name":"Poudresde Narco","description":"Acheter de la coca\u00efne et de l&#039;h\u00e9ro\u00efne en ligne","potentialAction":[{"@type":"SearchAction","target":{"@type":"EntryPoint","urlTemplate":"https:\/\/poudresdenarco.com\/?s={search_term_string}"},"query-input":{"@type":"PropertyValueSpecification","valueRequired":true,"valueName":"search_term_string"}}],"inLanguage":"ro-RO"}]}},"_links":{"self":[{"href":"https:\/\/poudresdenarco.com\/ro\/wp-json\/wp\/v2\/product\/4754","targetHints":{"allow":["GET"]}}],"collection":[{"href":"https:\/\/poudresdenarco.com\/ro\/wp-json\/wp\/v2\/product"}],"about":[{"href":"https:\/\/poudresdenarco.com\/ro\/wp-json\/wp\/v2\/types\/product"}],"replies":[{"embeddable":true,"href":"https:\/\/poudresdenarco.com\/ro\/wp-json\/wp\/v2\/comments?post=4754"}],"wp:featuredmedia":[{"embeddable":true,"href":"https:\/\/poudresdenarco.com\/ro\/wp-json\/wp\/v2\/media\/6151"}],"wp:attachment":[{"href":"https:\/\/poudresdenarco.com\/ro\/wp-json\/wp\/v2\/media?parent=4754"}],"wp:term":[{"taxonomy":"product_cat","embeddable":true,"href":"https:\/\/poudresdenarco.com\/ro\/wp-json\/wp\/v2\/product_cat?post=4754"},{"taxonomy":"product_tag","embeddable":true,"href":"https:\/\/poudresdenarco.com\/ro\/wp-json\/wp\/v2\/product_tag?post=4754"}],"curies":[{"name":"wp","href":"https:\/\/api.w.org\/{rel}","templated":true}]}}