{"id":4757,"date":"2024-10-16T10:53:11","date_gmt":"2024-10-16T10:53:11","guid":{"rendered":"https:\/\/poudresdenarco.com\/?post_type=product&#038;p=4757"},"modified":"2025-06-09T06:46:58","modified_gmt":"2025-06-09T06:46:58","slug":"5-mapd","status":"publish","type":"product","link":"https:\/\/poudresdenarco.com\/ro\/produs\/5-mapd\/","title":{"rendered":"5-MAPD"},"content":{"rendered":"<h2>Acheter 5-MAPD en ligne<\/h2>\n<p>Produit chimique de recherche de <a href=\"https:\/\/poudresdenarco.com\/ro\/produs\/5-mapd\/\">MAPD<\/a>B. La formule chimique du 5-MAPDB HCL est C12H17NO et son num\u00e9ro CAS est 1354631-78-9. Comme le produit chimique est nouveau sur le march\u00e9, aucune recherche n&rsquo;est actuellement disponible. Le 5-EAPB est l&rsquo;analogue du C12H17NO, nous pouvons donc l&rsquo;utiliser comme exemple dans ce produit chimique de recherche.<br \/>\nLe 5-EAPB est connu sous le nom IUPAC 1-(1-Benzofuran-5-yl)-N-\u00e9thyl-2-propanamine. Sa masse moyenne est de 203,280 et sa formule chimique est C13H17NO Acheter 5-MAPD .<\/p>\n<p>ACD\/Labs et poudresdenarco.com ont effectu\u00e9 des recherches sur le 5-eapb. Avec un indice de r\u00e9fraction de 1,554 et une tension superficielle de 36,5\u00b13,0 dyne\/cm, ACD\/Labs a r\u00e9v\u00e9l\u00e9 deux accepteurs de liaison H, un donneur de liaison H, quatre liaisons en rotation libre, un point d&rsquo;\u00e9clair de 133,2\u00b120,4 \u00b0C et un point d&rsquo;\u00e9bullition de 296,6\u00b115,0 \u00b0C \u00e0 760 mmHg<a href=\"https:\/\/k2spices.com\/pt\/produto\/comprar-diablo-powder\/\">.<\/a><\/p>\n<p>Un nombre d&rsquo;atomes de 32, un nombre de liaisons de 33, un nombre cyclomatique de 2, un nombre d&rsquo;atomes de cha\u00eene de 6, un nombre de liaisons de cha\u00eene de 6, un nombre d&rsquo;atomes asym\u00e9triques de 1 et un nombre de liaisons rotatives de 4 ont \u00e9t\u00e9 trouv\u00e9s dans une \u00e9tude topologique publi\u00e9e par NembutalHouse. Le rapport sur la g\u00e9om\u00e9trie a r\u00e9v\u00e9l\u00e9 que l&rsquo;\u00e9nergie de trempage \u00e9tait de 42,55 kcal\/mol, le volume \u00e9tait de 203,78 \u00c53, la surface de projection minimale \u00e9tait de 30,80 \u00c52 et la surface de projection maximale \u00e9tait de 69,85 \u00c52.<\/p>\n<h2><strong>Acheter du 5-MAPD de Haute Puret\u00e9 pour la Recherche &#8211; Poudres de Narco<\/strong><\/h2>\n<p><strong>Pulberi narcotice<\/strong> este furnizorul dvs. de \u00eencredere pentru <strong>5-MAPD de qualit\u00e9 recherche<\/strong>concepute exclusiv pentru <strong>aplica\u021bii \u0219tiin\u021bifice de laborator<\/strong>. Notre 5-MAPD est produit avec des standards rigoureux de puret\u00e9 et de qualit\u00e9, garantissant des r\u00e9sultats fiables pour les chercheurs en chimie et pharmacologie Acheter 5-MAPD .<\/p>\n<h3>Pourquoi Acheter du 5-MAPD chez Poudres de Narco ?<\/h3>\n<p>Ca un <strong>fournisseur de 5-MAPD pour la recherche<\/strong>, <strong>Pulberi narcotice<\/strong> assure la qualit\u00e9 et la s\u00e9curit\u00e9 de chaque lot, r\u00e9pondant aux besoins des <strong>laboratoare certificate<\/strong> :<\/p>\n<ul>\n<li><strong>5-MAPD de Haute Puret\u00e9 pour Laboratoires<\/strong> : Test\u00e9 rigoureusement, notre 5-MAPD garantit une puret\u00e9 optimale, essentielle pour des <strong>aplica\u021bii \u0219tiin\u021bifice<\/strong> pr\u00e9cises.<\/li>\n<li><strong>Calitate constant\u0103, fiabil\u0103<\/strong> : Notre 5-MAPD est formul\u00e9 pour offrir des performances constantes, adapt\u00e9es aux <strong>\u00e9tudes en laboratoire<\/strong>.<\/li>\n<li><strong>Comand\u0103 securizat\u0103<\/strong> : <strong>Pulberi narcotice<\/strong> face mai u\u0219or s\u0103<strong>achat de 5-MAPD en ligne<\/strong>, avec un processus de commande s\u00e9curis\u00e9 et conforme aux exigences des professionnels de la recherche.<\/li>\n<\/ul>\n<h3>Aplica\u021bii \u0219i instruc\u021biuni de siguran\u021b\u0103<\/h3>\n<p>Le <strong>5-MAPD pour recherche<\/strong> de la <strong>Pulberi narcotice<\/strong> este destinat pentru <strong>aplica\u021bii analitice \u0219i studii \u0219tiin\u021bifice<\/strong>. Pour garantir un usage s\u00fbr et conforme, nous fournissons des consignes de s\u00e9curit\u00e9 pr\u00e9cises :<\/p>\n<ul>\n<li><strong>Depozitare securizat\u0103<\/strong> : Conservez le 5-MAPD dans un endroit frais et sec, prot\u00e9g\u00e9 de la lumi\u00e8re directe.<\/li>\n<li><strong>Manipulare cu precau\u021bii<\/strong> : Portez des \u00e9quipements de protection individuelle (EPI) et travaillez dans des espaces bien ventil\u00e9s.<\/li>\n<li><strong>Utilizare strict rezervat\u0103 pentru cercetare<\/strong> : Ce produit est destin\u00e9 exclusivement aux chercheurs et laboratoires certifi\u00e9s.<\/li>\n<\/ul>\n<h3>Commandez du 5-MAPD de Haute Puret\u00e9 pour vos \u00c9tudes Scientifiques<\/h3>\n<p>Cu <strong>Pulberi narcotice<\/strong>beneficiaz\u0103 de <strong>approvisionnement fiable en 5-MAPD pour applications de laboratoire<\/strong>. <strong>Contacta\u021bi-ne<\/strong> pour un devis ou pour en savoir plus sur notre gamme de produits scientifiques <strong>Acheter 5-MAPD <\/strong>.<\/p>\n<p>&nbsp;<\/p>","protected":false},"excerpt":{"rendered":"<p>Acheter 5-MAPD en ligne Produit chimique de recherche de MAPDB. La formule chimique du 5-MAPDB HCL est C12H17NO et son num\u00e9ro CAS est 1354631-78-9. Comme le produit chimique est nouveau sur le march\u00e9, aucune recherche n&rsquo;est actuellement disponible. Le 5-EAPB est l&rsquo;analogue du C12H17NO, nous pouvons donc l&rsquo;utiliser comme exemple dans ce produit chimique de&hellip;<\/p>","protected":false},"featured_media":6147,"comment_status":"open","ping_status":"closed","template":"","meta":{"_joinchat":[]},"product_cat":[558],"product_tag":[],"class_list":{"0":"post-4757","1":"product","2":"type-product","3":"status-publish","4":"has-post-thumbnail","6":"product_cat-chimiques-de-recherche","8":"first","9":"instock","10":"shipping-taxable","11":"purchasable","12":"product-type-variable","13":"col-xs-6 col-sm-4","14":"col-md-3 col-lg-3","15":"un-4-cols"},"yoast_head":"<!-- This site is optimized with the Yoast SEO plugin v23.8 - https:\/\/yoast.com\/wordpress\/plugins\/seo\/ -->\n<title>Acheter 5-MAPD | Poudres de Narco&quot;<\/title>\n<meta name=\"description\" content=\"Fournisseur de 5-MAPD pour la recherche en laboratoire. Qualit\u00e9 et s\u00e9curit\u00e9 garanties pour applications scientifiques chez Poudres de Narco.\" \/>\n<meta name=\"robots\" content=\"index, follow, max-snippet:-1, max-image-preview:large, max-video-preview:-1\" \/>\n<link rel=\"canonical\" href=\"https:\/\/poudresdenarco.com\/ro\/produs\/5-mapd\/\" \/>\n<meta property=\"og:locale\" content=\"ro_RO\" \/>\n<meta property=\"og:type\" content=\"article\" \/>\n<meta property=\"og:title\" content=\"Acheter 5-MAPD | Poudres de Narco&quot;\" \/>\n<meta property=\"og:description\" content=\"Fournisseur de 5-MAPD pour la recherche en laboratoire. Qualit\u00e9 et s\u00e9curit\u00e9 garanties pour applications scientifiques chez Poudres de Narco.\" \/>\n<meta property=\"og:url\" content=\"https:\/\/poudresdenarco.com\/ro\/produs\/5-mapd\/\" \/>\n<meta property=\"og:site_name\" content=\"Poudresde Narco\" \/>\n<meta property=\"article:modified_time\" content=\"2025-06-09T06:46:58+00:00\" \/>\n<meta property=\"og:image\" content=\"https:\/\/poudresdenarco.com\/wp-content\/uploads\/2024\/10\/5-MAPD.gif\" \/>\n\t<meta property=\"og:image:width\" content=\"600\" \/>\n\t<meta property=\"og:image:height\" content=\"600\" \/>\n\t<meta property=\"og:image:type\" content=\"image\/gif\" \/>\n<meta name=\"twitter:card\" content=\"summary_large_image\" \/>\n<meta name=\"twitter:label1\" content=\"Timp estimat pentru citire\" \/>\n\t<meta name=\"twitter:data1\" content=\"3 minute\" \/>\n<script type=\"application\/ld+json\" class=\"yoast-schema-graph\">{\"@context\":\"https:\/\/schema.org\",\"@graph\":[{\"@type\":\"WebPage\",\"@id\":\"https:\/\/poudresdenarco.com\/produit\/5-mapd\/\",\"url\":\"https:\/\/poudresdenarco.com\/produit\/5-mapd\/\",\"name\":\"Acheter 5-MAPD | Poudres de Narco\\\"\",\"isPartOf\":{\"@id\":\"https:\/\/poudresdenarco.com\/#website\"},\"primaryImageOfPage\":{\"@id\":\"https:\/\/poudresdenarco.com\/produit\/5-mapd\/#primaryimage\"},\"image\":{\"@id\":\"https:\/\/poudresdenarco.com\/produit\/5-mapd\/#primaryimage\"},\"thumbnailUrl\":\"https:\/\/poudresdenarco.com\/wp-content\/uploads\/2024\/10\/5-MAPD.gif\",\"datePublished\":\"2024-10-16T10:53:11+00:00\",\"dateModified\":\"2025-06-09T06:46:58+00:00\",\"description\":\"Fournisseur de 5-MAPD pour la recherche en laboratoire. Qualit\u00e9 et s\u00e9curit\u00e9 garanties pour applications scientifiques chez Poudres de Narco.\",\"breadcrumb\":{\"@id\":\"https:\/\/poudresdenarco.com\/produit\/5-mapd\/#breadcrumb\"},\"inLanguage\":\"ro-RO\",\"potentialAction\":[{\"@type\":\"ReadAction\",\"target\":[\"https:\/\/poudresdenarco.com\/produit\/5-mapd\/\"]}]},{\"@type\":\"ImageObject\",\"inLanguage\":\"ro-RO\",\"@id\":\"https:\/\/poudresdenarco.com\/produit\/5-mapd\/#primaryimage\",\"url\":\"https:\/\/poudresdenarco.com\/wp-content\/uploads\/2024\/10\/5-MAPD.gif\",\"contentUrl\":\"https:\/\/poudresdenarco.com\/wp-content\/uploads\/2024\/10\/5-MAPD.gif\",\"width\":600,\"height\":600,\"caption\":\"5-MAPD\"},{\"@type\":\"BreadcrumbList\",\"@id\":\"https:\/\/poudresdenarco.com\/produit\/5-mapd\/#breadcrumb\",\"itemListElement\":[{\"@type\":\"ListItem\",\"position\":1,\"name\":\"Home\",\"item\":\"https:\/\/poudresdenarco.com\/\"},{\"@type\":\"ListItem\",\"position\":2,\"name\":\"Boutique\",\"item\":\"https:\/\/poudresdenarco.com\/boutique\/\"},{\"@type\":\"ListItem\",\"position\":3,\"name\":\"5-MAPD\"}]},{\"@type\":\"WebSite\",\"@id\":\"https:\/\/poudresdenarco.com\/#website\",\"url\":\"https:\/\/poudresdenarco.com\/\",\"name\":\"Poudresde Narco\",\"description\":\"Acheter de la coca\u00efne et de l&#039;h\u00e9ro\u00efne en ligne\",\"potentialAction\":[{\"@type\":\"SearchAction\",\"target\":{\"@type\":\"EntryPoint\",\"urlTemplate\":\"https:\/\/poudresdenarco.com\/?s={search_term_string}\"},\"query-input\":{\"@type\":\"PropertyValueSpecification\",\"valueRequired\":true,\"valueName\":\"search_term_string\"}}],\"inLanguage\":\"ro-RO\"}]}<\/script>\n<!-- \/ Yoast SEO plugin. -->","yoast_head_json":{"title":"Acheter 5-MAPD | Poudres de Narco\"","description":"Fournisseur de 5-MAPD pour la recherche en laboratoire. Qualit\u00e9 et s\u00e9curit\u00e9 garanties pour applications scientifiques chez Poudres de Narco.","robots":{"index":"index","follow":"follow","max-snippet":"max-snippet:-1","max-image-preview":"max-image-preview:large","max-video-preview":"max-video-preview:-1"},"canonical":"https:\/\/poudresdenarco.com\/ro\/produs\/5-mapd\/","og_locale":"ro_RO","og_type":"article","og_title":"Acheter 5-MAPD | Poudres de Narco\"","og_description":"Fournisseur de 5-MAPD pour la recherche en laboratoire. Qualit\u00e9 et s\u00e9curit\u00e9 garanties pour applications scientifiques chez Poudres de Narco.","og_url":"https:\/\/poudresdenarco.com\/ro\/produs\/5-mapd\/","og_site_name":"Poudresde Narco","article_modified_time":"2025-06-09T06:46:58+00:00","og_image":[{"width":600,"height":600,"url":"https:\/\/poudresdenarco.com\/wp-content\/uploads\/2024\/10\/5-MAPD.gif","type":"image\/gif"}],"twitter_card":"summary_large_image","twitter_misc":{"Timp estimat pentru citire":"3 minute"},"schema":{"@context":"https:\/\/schema.org","@graph":[{"@type":"WebPage","@id":"https:\/\/poudresdenarco.com\/produit\/5-mapd\/","url":"https:\/\/poudresdenarco.com\/produit\/5-mapd\/","name":"Acheter 5-MAPD | Poudres de Narco\"","isPartOf":{"@id":"https:\/\/poudresdenarco.com\/#website"},"primaryImageOfPage":{"@id":"https:\/\/poudresdenarco.com\/produit\/5-mapd\/#primaryimage"},"image":{"@id":"https:\/\/poudresdenarco.com\/produit\/5-mapd\/#primaryimage"},"thumbnailUrl":"https:\/\/poudresdenarco.com\/wp-content\/uploads\/2024\/10\/5-MAPD.gif","datePublished":"2024-10-16T10:53:11+00:00","dateModified":"2025-06-09T06:46:58+00:00","description":"Fournisseur de 5-MAPD pour la recherche en laboratoire. Qualit\u00e9 et s\u00e9curit\u00e9 garanties pour applications scientifiques chez Poudres de Narco.","breadcrumb":{"@id":"https:\/\/poudresdenarco.com\/produit\/5-mapd\/#breadcrumb"},"inLanguage":"ro-RO","potentialAction":[{"@type":"ReadAction","target":["https:\/\/poudresdenarco.com\/produit\/5-mapd\/"]}]},{"@type":"ImageObject","inLanguage":"ro-RO","@id":"https:\/\/poudresdenarco.com\/produit\/5-mapd\/#primaryimage","url":"https:\/\/poudresdenarco.com\/wp-content\/uploads\/2024\/10\/5-MAPD.gif","contentUrl":"https:\/\/poudresdenarco.com\/wp-content\/uploads\/2024\/10\/5-MAPD.gif","width":600,"height":600,"caption":"5-MAPD"},{"@type":"BreadcrumbList","@id":"https:\/\/poudresdenarco.com\/produit\/5-mapd\/#breadcrumb","itemListElement":[{"@type":"ListItem","position":1,"name":"Home","item":"https:\/\/poudresdenarco.com\/"},{"@type":"ListItem","position":2,"name":"Boutique","item":"https:\/\/poudresdenarco.com\/boutique\/"},{"@type":"ListItem","position":3,"name":"5-MAPD"}]},{"@type":"WebSite","@id":"https:\/\/poudresdenarco.com\/#website","url":"https:\/\/poudresdenarco.com\/","name":"Poudresde Narco","description":"Acheter de la coca\u00efne et de l&#039;h\u00e9ro\u00efne en ligne","potentialAction":[{"@type":"SearchAction","target":{"@type":"EntryPoint","urlTemplate":"https:\/\/poudresdenarco.com\/?s={search_term_string}"},"query-input":{"@type":"PropertyValueSpecification","valueRequired":true,"valueName":"search_term_string"}}],"inLanguage":"ro-RO"}]}},"_links":{"self":[{"href":"https:\/\/poudresdenarco.com\/ro\/wp-json\/wp\/v2\/product\/4757","targetHints":{"allow":["GET"]}}],"collection":[{"href":"https:\/\/poudresdenarco.com\/ro\/wp-json\/wp\/v2\/product"}],"about":[{"href":"https:\/\/poudresdenarco.com\/ro\/wp-json\/wp\/v2\/types\/product"}],"replies":[{"embeddable":true,"href":"https:\/\/poudresdenarco.com\/ro\/wp-json\/wp\/v2\/comments?post=4757"}],"wp:featuredmedia":[{"embeddable":true,"href":"https:\/\/poudresdenarco.com\/ro\/wp-json\/wp\/v2\/media\/6147"}],"wp:attachment":[{"href":"https:\/\/poudresdenarco.com\/ro\/wp-json\/wp\/v2\/media?parent=4757"}],"wp:term":[{"taxonomy":"product_cat","embeddable":true,"href":"https:\/\/poudresdenarco.com\/ro\/wp-json\/wp\/v2\/product_cat?post=4757"},{"taxonomy":"product_tag","embeddable":true,"href":"https:\/\/poudresdenarco.com\/ro\/wp-json\/wp\/v2\/product_tag?post=4757"}],"curies":[{"name":"wp","href":"https:\/\/api.w.org\/{rel}","templated":true}]}}