{"id":4950,"date":"2024-10-16T11:22:27","date_gmt":"2024-10-16T11:22:27","guid":{"rendered":"https:\/\/poudresdenarco.com\/?post_type=product&#038;p=4950"},"modified":"2024-12-23T09:56:20","modified_gmt":"2024-12-23T09:56:20","slug":"6apb","status":"publish","type":"product","link":"https:\/\/poudresdenarco.com\/ro\/produs\/6apb\/","title":{"rendered":"6apb"},"content":{"rendered":"<h2>Cump\u0103ra\u021bi 6APB online<\/h2>\n<p>6-(2-aminopropil) <a href=\"https:\/\/poudresdenarco.com\/ro\/produs\/6apb\/\">APB 6<\/a>Fiind un entactogen sintetic bine cunoscut, apar\u021bin\u00e2nd clasei chimice a fenetilaminei \u0219i benzofuranului, benzofuranul (cunoscut \u0219i sub denumirea de <a href=\"https:\/\/en.wikipedia.org\/wiki\/6-APB\">6-APB<\/a> sau sub denumirea comercial\u0103 Benzofury) produce o gam\u0103 puternic\u0103 \u0219i de lung\u0103 durat\u0103 de efecte entactogene tipice MDA atunci c\u00e2nd este administrat\u0103, inclusiv sedare, sentimente crescute de empatie, dragoste \u0219i sociabilitate, relaxare muscular\u0103, ameliorarea anxiet\u0103\u021bii \u0219i euforie fizic\u0103 \u0219i cognitiv\u0103.<\/p>\n<p>poudresdenarco Cercetare<\/p>\n<h3>SUNTEM UN FURNIZOR GLOBAL DE PRODUSE CHIMICE PENTRU CERCETARE<\/h3>\n<p>Cu privire la<\/p>\n<p>furnizori fiabili, controla\u021bi, verifica\u021bi, siguri \u0219i autoriza\u021bi de produse chimice pentru cercetare<\/p>\n<p>Prezentarea <a href=\"https:\/\/poudresdenarco.com\/ro\/\">poudresdenarco<\/a>Suntem un furnizor de produse chimice de cercetare de renume care ofer\u0103 materiale de ultim\u0103 genera\u021bie pentru proiectele dumneavoastr\u0103. Ave\u021bi nevoie de un furnizor pe care v\u0103 pute\u021bi baza pentru a livra produse chimice 100 % autentice \u0219i pure, \u0219i pute\u021bi fi siguri de acest lucru atunci c\u00e2nd lucra\u021bi cu noi. Angajamentul nostru fa\u021b\u0103 de excelen\u021b\u0103 \u0219i integritatea \u0219tiin\u021bei ne-a f\u0103cut unul dintre cei mai reputa\u021bi furnizori de pe pia\u021ba internetului, o reputa\u021bie pe care ne str\u0103duim s\u0103 o men\u021binem \u0219i pe care o lu\u0103m foarte \u00een serios.<\/p>\n<p>Clien\u021bii no\u0219tri pot beneficia de diferitele noastre op\u021biuni de plat\u0103, de livrarea fiabil\u0103 \u0219i de cea mai larg\u0103 selec\u021bie de substan\u021be chimice pentru cercetare. Prin aceast\u0103 abordare, putem ajuta un num\u0103r mare de cercet\u0103tori de pe toate continentele s\u0103 localizeze acele materiale de studiu rare \u0219i pu\u021bin studiate care au adesea poten\u021bialul de a influen\u021ba semnificativ studiile fizice, chimice, biologice sau farmaceutice. C\u0103ut\u0103m \u00een permanen\u021b\u0103 modalit\u0103\u021bi de a ne \u00eembun\u0103t\u0103\u021bi oferta \u0219i, ori de c\u00e2te ori este posibil, ad\u0103ug\u0103m noi substan\u021be chimice de cercetare la lista noastr\u0103 de produse pentru a ne \u00eendeplini obiectivul.<\/p>\n<h3><strong>Cumpara 6-APB de \u00eenalt\u0103 puritate pentru cercetare - Narco Powders<\/strong><\/h3>\n<p><strong>Pulberi narcotice<\/strong> este sursa dvs. de \u00eencredere pentru <strong>6-APB puritate ridicat\u0103<\/strong>concepute pentru <strong>aplica\u021bii \u0219tiin\u021bifice de laborator<\/strong>. 6-APB-ul nostru este produs \u00een conformitate cu standarde stricte de calitate, asigur\u00e2nd rezultate consecvente \u0219i fiabile pentru cercet\u0103torii din chimie \u0219i farmacologie.<\/p>\n<h3>De ce s\u0103 cump\u0103ra\u021bi 6-APB de la Poudres de Narco?<\/h3>\n<p>Ca un <strong>furnizor de 6-APB pentru cercetare<\/strong>, <strong>Pulberi narcotice<\/strong> se angajeaz\u0103 s\u0103 ofere produse de \u00eenalt\u0103 calitate adaptate la nevoile <strong>laboratoare certificate<\/strong> :<\/p>\n<ul>\n<li><strong>6-APB de \u00eenalt\u0103 puritate pentru laboratoare<\/strong> Fiecare lot este testat riguros pentru a garanta puritatea optim\u0103, care este esen\u021bial\u0103 pentru aplica\u021bii \u0219tiin\u021bifice specifice.<\/li>\n<li><strong>Calitate constant\u0103, fiabil\u0103<\/strong> : 6-APB nostru este formulat pentru performan\u021be stabile, \u00eendeplinind cerin\u021bele <strong>studii analitice de laborator<\/strong>.<\/li>\n<li><strong>Comand\u0103 online securizat\u0103<\/strong> : <strong>Pulberi narcotice<\/strong> face mai u\u0219or s\u0103<strong>cump\u0103ra 6-APB online<\/strong> cu un proces de comand\u0103 securizat conceput pentru profesioni\u0219tii din domeniul cercet\u0103rii.<\/li>\n<\/ul>\n<h3>Aplica\u021bii \u0219i instruc\u021biuni de siguran\u021b\u0103<\/h3>\n<p>Le <strong>6-APB pentru cercetare<\/strong> de la <strong>Pulberi narcotice<\/strong> este destinat pentru <strong>aplica\u021bii analitice \u0219i studii \u0219tiin\u021bifice<\/strong>. Oferim protocoale detaliate pentru o utilizare sigur\u0103 \u0219i conform\u0103:<\/p>\n<ul>\n<li><strong>Depozitare securizat\u0103<\/strong> P\u0103stra\u021bi 6-APB \u00eentr-un loc r\u0103coros, uscat \u0219i ferit de lumin\u0103.<\/li>\n<li><strong>Manipulare cu precau\u021bii<\/strong> Utiliza\u021bi echipament de protec\u021bie individual\u0103 (EPI) \u0219i lucra\u021bi \u00een zone bine ventilate.<\/li>\n<li><strong>Utilizare strict rezervat\u0103 pentru cercetare<\/strong> Acest produs este conceput pentru laboratoare \u0219i cercet\u0103tori califica\u021bi care lucreaz\u0103 \u00een medii controlate.<\/li>\n<\/ul>\n<h3>Comanda\u021bi 6-APB de \u00eenalt\u0103 puritate pentru studiile dumneavoastr\u0103 \u0219tiin\u021bifice<\/h3>\n<p>Cu <strong>Pulberi narcotice<\/strong>beneficiaz\u0103 de <strong>furnizare fiabil\u0103 de 6-APB pentru aplica\u021bii de laborator<\/strong>. <strong>Contacta\u021bi-ne<\/strong> pentru o ofert\u0103 sau pentru a afla mai multe despre gama noastr\u0103 de produse pentru cercetarea \u0219tiin\u021bific\u0103.<\/p>\n<p>&nbsp;<\/p>","protected":false},"excerpt":{"rendered":"<p>Acheter 6APB en ligne 6-(2-aminopropyl) APB 6-En tant qu&rsquo;entactog\u00e8ne synth\u00e9tique bien connu appartenant aux classes chimiques de la ph\u00e9n\u00e9thylamine et du benzofurane, le benzofurane (\u00e9galement connu sous le nom de 6-APB ou sous le nom de marque Benzofury) produit une gamme puissante et durable d&rsquo;effets entactog\u00e8nes typiques de type MDA lorsqu&rsquo;il est administr\u00e9, notamment la&hellip;<\/p>","protected":false},"featured_media":6153,"comment_status":"closed","ping_status":"closed","template":"","meta":{"_joinchat":[]},"product_cat":[558,751],"product_tag":[],"class_list":{"0":"post-4950","1":"product","2":"type-product","3":"status-publish","4":"has-post-thumbnail","6":"product_cat-chimiques-de-recherche","7":"product_cat-stimulants","9":"first","10":"instock","11":"shipping-taxable","12":"purchasable","13":"product-type-variable","14":"col-xs-6 col-sm-4","15":"col-md-3 col-lg-3","16":"un-4-cols"},"yoast_head":"<!-- This site is optimized with the Yoast SEO plugin v23.8 - https:\/\/yoast.com\/wordpress\/plugins\/seo\/ -->\n<title>&quot;Acheter 6-APB | Poudres de Narco&quot;<\/title>\n<meta name=\"description\" content=\"Poudres de Narco, fournisseur de 6-APB pour applications scientifiques en laboratoire. Puret\u00e9 et s\u00e9curit\u00e9 garanties pour recherches scientifiques.\" \/>\n<meta name=\"robots\" content=\"index, follow, max-snippet:-1, max-image-preview:large, max-video-preview:-1\" \/>\n<link rel=\"canonical\" href=\"https:\/\/poudresdenarco.com\/ro\/produs\/6apb\/\" \/>\n<meta property=\"og:locale\" content=\"ro_RO\" \/>\n<meta property=\"og:type\" content=\"article\" \/>\n<meta property=\"og:title\" content=\"&quot;Acheter 6-APB | Poudres de Narco&quot;\" \/>\n<meta property=\"og:description\" content=\"Poudres de Narco, fournisseur de 6-APB pour applications scientifiques en laboratoire. Puret\u00e9 et s\u00e9curit\u00e9 garanties pour recherches scientifiques.\" \/>\n<meta property=\"og:url\" content=\"https:\/\/poudresdenarco.com\/ro\/produs\/6apb\/\" \/>\n<meta property=\"og:site_name\" content=\"Poudresde Narco\" \/>\n<meta property=\"article:modified_time\" content=\"2024-12-23T09:56:20+00:00\" \/>\n<meta property=\"og:image\" content=\"https:\/\/poudresdenarco.com\/wp-content\/uploads\/2024\/10\/6apb.gif\" \/>\n\t<meta property=\"og:image:width\" content=\"600\" \/>\n\t<meta property=\"og:image:height\" content=\"600\" \/>\n\t<meta property=\"og:image:type\" content=\"image\/gif\" \/>\n<meta name=\"twitter:card\" content=\"summary_large_image\" \/>\n<meta name=\"twitter:label1\" content=\"Timp estimat pentru citire\" \/>\n\t<meta name=\"twitter:data1\" content=\"3 minute\" \/>\n<script type=\"application\/ld+json\" class=\"yoast-schema-graph\">{\"@context\":\"https:\/\/schema.org\",\"@graph\":[{\"@type\":\"WebPage\",\"@id\":\"https:\/\/poudresdenarco.com\/produit\/6apb\/\",\"url\":\"https:\/\/poudresdenarco.com\/produit\/6apb\/\",\"name\":\"\\\"Acheter 6-APB | Poudres de Narco\\\"\",\"isPartOf\":{\"@id\":\"https:\/\/poudresdenarco.com\/#website\"},\"primaryImageOfPage\":{\"@id\":\"https:\/\/poudresdenarco.com\/produit\/6apb\/#primaryimage\"},\"image\":{\"@id\":\"https:\/\/poudresdenarco.com\/produit\/6apb\/#primaryimage\"},\"thumbnailUrl\":\"https:\/\/poudresdenarco.com\/wp-content\/uploads\/2024\/10\/6apb.gif\",\"datePublished\":\"2024-10-16T11:22:27+00:00\",\"dateModified\":\"2024-12-23T09:56:20+00:00\",\"description\":\"Poudres de Narco, fournisseur de 6-APB pour applications scientifiques en laboratoire. Puret\u00e9 et s\u00e9curit\u00e9 garanties pour recherches scientifiques.\",\"breadcrumb\":{\"@id\":\"https:\/\/poudresdenarco.com\/produit\/6apb\/#breadcrumb\"},\"inLanguage\":\"ro-RO\",\"potentialAction\":[{\"@type\":\"ReadAction\",\"target\":[\"https:\/\/poudresdenarco.com\/produit\/6apb\/\"]}]},{\"@type\":\"ImageObject\",\"inLanguage\":\"ro-RO\",\"@id\":\"https:\/\/poudresdenarco.com\/produit\/6apb\/#primaryimage\",\"url\":\"https:\/\/poudresdenarco.com\/wp-content\/uploads\/2024\/10\/6apb.gif\",\"contentUrl\":\"https:\/\/poudresdenarco.com\/wp-content\/uploads\/2024\/10\/6apb.gif\",\"width\":600,\"height\":600,\"caption\":\"6apb\"},{\"@type\":\"BreadcrumbList\",\"@id\":\"https:\/\/poudresdenarco.com\/produit\/6apb\/#breadcrumb\",\"itemListElement\":[{\"@type\":\"ListItem\",\"position\":1,\"name\":\"Home\",\"item\":\"https:\/\/poudresdenarco.com\/\"},{\"@type\":\"ListItem\",\"position\":2,\"name\":\"Boutique\",\"item\":\"https:\/\/poudresdenarco.com\/boutique\/\"},{\"@type\":\"ListItem\",\"position\":3,\"name\":\"6apb\"}]},{\"@type\":\"WebSite\",\"@id\":\"https:\/\/poudresdenarco.com\/#website\",\"url\":\"https:\/\/poudresdenarco.com\/\",\"name\":\"Poudresde Narco\",\"description\":\"Acheter de la coca\u00efne et de l&#039;h\u00e9ro\u00efne en ligne\",\"potentialAction\":[{\"@type\":\"SearchAction\",\"target\":{\"@type\":\"EntryPoint\",\"urlTemplate\":\"https:\/\/poudresdenarco.com\/?s={search_term_string}\"},\"query-input\":{\"@type\":\"PropertyValueSpecification\",\"valueRequired\":true,\"valueName\":\"search_term_string\"}}],\"inLanguage\":\"ro-RO\"}]}<\/script>\n<!-- \/ Yoast SEO plugin. -->","yoast_head_json":{"title":"\"Acheter 6-APB | Poudres de Narco\"","description":"Poudres de Narco, fournisseur de 6-APB pour applications scientifiques en laboratoire. Puret\u00e9 et s\u00e9curit\u00e9 garanties pour recherches scientifiques.","robots":{"index":"index","follow":"follow","max-snippet":"max-snippet:-1","max-image-preview":"max-image-preview:large","max-video-preview":"max-video-preview:-1"},"canonical":"https:\/\/poudresdenarco.com\/ro\/produs\/6apb\/","og_locale":"ro_RO","og_type":"article","og_title":"\"Acheter 6-APB | Poudres de Narco\"","og_description":"Poudres de Narco, fournisseur de 6-APB pour applications scientifiques en laboratoire. Puret\u00e9 et s\u00e9curit\u00e9 garanties pour recherches scientifiques.","og_url":"https:\/\/poudresdenarco.com\/ro\/produs\/6apb\/","og_site_name":"Poudresde Narco","article_modified_time":"2024-12-23T09:56:20+00:00","og_image":[{"width":600,"height":600,"url":"https:\/\/poudresdenarco.com\/wp-content\/uploads\/2024\/10\/6apb.gif","type":"image\/gif"}],"twitter_card":"summary_large_image","twitter_misc":{"Timp estimat pentru citire":"3 minute"},"schema":{"@context":"https:\/\/schema.org","@graph":[{"@type":"WebPage","@id":"https:\/\/poudresdenarco.com\/produit\/6apb\/","url":"https:\/\/poudresdenarco.com\/produit\/6apb\/","name":"\"Acheter 6-APB | Poudres de Narco\"","isPartOf":{"@id":"https:\/\/poudresdenarco.com\/#website"},"primaryImageOfPage":{"@id":"https:\/\/poudresdenarco.com\/produit\/6apb\/#primaryimage"},"image":{"@id":"https:\/\/poudresdenarco.com\/produit\/6apb\/#primaryimage"},"thumbnailUrl":"https:\/\/poudresdenarco.com\/wp-content\/uploads\/2024\/10\/6apb.gif","datePublished":"2024-10-16T11:22:27+00:00","dateModified":"2024-12-23T09:56:20+00:00","description":"Poudres de Narco, fournisseur de 6-APB pour applications scientifiques en laboratoire. Puret\u00e9 et s\u00e9curit\u00e9 garanties pour recherches scientifiques.","breadcrumb":{"@id":"https:\/\/poudresdenarco.com\/produit\/6apb\/#breadcrumb"},"inLanguage":"ro-RO","potentialAction":[{"@type":"ReadAction","target":["https:\/\/poudresdenarco.com\/produit\/6apb\/"]}]},{"@type":"ImageObject","inLanguage":"ro-RO","@id":"https:\/\/poudresdenarco.com\/produit\/6apb\/#primaryimage","url":"https:\/\/poudresdenarco.com\/wp-content\/uploads\/2024\/10\/6apb.gif","contentUrl":"https:\/\/poudresdenarco.com\/wp-content\/uploads\/2024\/10\/6apb.gif","width":600,"height":600,"caption":"6apb"},{"@type":"BreadcrumbList","@id":"https:\/\/poudresdenarco.com\/produit\/6apb\/#breadcrumb","itemListElement":[{"@type":"ListItem","position":1,"name":"Home","item":"https:\/\/poudresdenarco.com\/"},{"@type":"ListItem","position":2,"name":"Boutique","item":"https:\/\/poudresdenarco.com\/boutique\/"},{"@type":"ListItem","position":3,"name":"6apb"}]},{"@type":"WebSite","@id":"https:\/\/poudresdenarco.com\/#website","url":"https:\/\/poudresdenarco.com\/","name":"Poudresde Narco","description":"Acheter de la coca\u00efne et de l&#039;h\u00e9ro\u00efne en ligne","potentialAction":[{"@type":"SearchAction","target":{"@type":"EntryPoint","urlTemplate":"https:\/\/poudresdenarco.com\/?s={search_term_string}"},"query-input":{"@type":"PropertyValueSpecification","valueRequired":true,"valueName":"search_term_string"}}],"inLanguage":"ro-RO"}]}},"_links":{"self":[{"href":"https:\/\/poudresdenarco.com\/ro\/wp-json\/wp\/v2\/product\/4950","targetHints":{"allow":["GET"]}}],"collection":[{"href":"https:\/\/poudresdenarco.com\/ro\/wp-json\/wp\/v2\/product"}],"about":[{"href":"https:\/\/poudresdenarco.com\/ro\/wp-json\/wp\/v2\/types\/product"}],"replies":[{"embeddable":true,"href":"https:\/\/poudresdenarco.com\/ro\/wp-json\/wp\/v2\/comments?post=4950"}],"wp:featuredmedia":[{"embeddable":true,"href":"https:\/\/poudresdenarco.com\/ro\/wp-json\/wp\/v2\/media\/6153"}],"wp:attachment":[{"href":"https:\/\/poudresdenarco.com\/ro\/wp-json\/wp\/v2\/media?parent=4950"}],"wp:term":[{"taxonomy":"product_cat","embeddable":true,"href":"https:\/\/poudresdenarco.com\/ro\/wp-json\/wp\/v2\/product_cat?post=4950"},{"taxonomy":"product_tag","embeddable":true,"href":"https:\/\/poudresdenarco.com\/ro\/wp-json\/wp\/v2\/product_tag?post=4950"}],"curies":[{"name":"wp","href":"https:\/\/api.w.org\/{rel}","templated":true}]}}