{"id":4951,"date":"2024-10-16T11:22:28","date_gmt":"2024-10-16T11:22:28","guid":{"rendered":"https:\/\/poudresdenarco.com\/?post_type=product&#038;p=4951"},"modified":"2024-11-05T08:42:21","modified_gmt":"2024-11-05T08:42:21","slug":"lsd","status":"publish","type":"product","link":"https:\/\/poudresdenarco.com\/ro\/produs\/lsd\/","title":{"rendered":"LSD"},"content":{"rendered":"<h2>Cump\u0103ra\u021bi LSD pulbere online<\/h2>\n<p>Pic\u0103turi de <a href=\"https:\/\/poudresdenarco.com\/ro\/produs\/lsd\/\">LSD<\/a> LSD (dietilamid\u0103 a acidului lisergic) Pudr\u0103 de sare\/h\u00e2rtie de blotting LSD (dietilamid\u0103 a acidului lisergic)<\/p>\n<h3>C20H25N3O este formula<a href=\"https:\/\/legitgrams.com\/product\/bolivia-cocaine\/\">.<\/a><\/h3>\n<p>IUPAC ID: 6aR,9R-[4,3-fg] N,N-dietil-7-metil-4,6,6a,7,8,9-hexahidroindolo-Nine-carboxamid\u0103 chinolin\u0103<\/p>\n<p>Densitate \u00een vrac: 323,43 g\/mol<\/p>\n<p>\u00b0C este punctul de topire.<\/p>\n<p>Num\u0103r CAS: 50-37-3<\/p>\n<p>Acidul, sau dietilamida acidului lisergic, este o substan\u021b\u0103 psihedelic\u0103 cunoscut\u0103 pentru propriet\u0103\u021bile sale halucinogene. Wikipedia<\/p>\n<p>C20H25N3O este formula.<\/p>\n<p>IUPAC ID: 6aR,9R-[4,3-fg] N,N-dietil-7-metil-4,6,6a,7,8,9-hexahidroindolo; Nou\u0103-carboxamid\u0103 chinolin\u0103<\/p>\n<p>Densitate \u00een vrac: 323,43 g\/mol<\/p>\n<p>\u00b0C este punctul de topire.<\/p>\n<p>Num\u0103r CAS: 50-37-3<\/p>\n<h3><strong>Cump\u0103ra\u021bi LSD de \u00eenalt\u0103 puritate pentru cercetare - Narco Powders<\/strong><\/h3>\n<p><strong>Pulberi narcotice<\/strong> este furnizorul dvs. de \u00eencredere pentru <strong>Calitatea cercet\u0103rii LSD<\/strong>special concepute pentru <strong>aplica\u021bii \u0219tiin\u021bifice de laborator<\/strong>. LSD-ul nostru este produs \u00een conformitate cu standarde stricte de puritate \u0219i calitate, asigur\u00e2nd rezultate fiabile pentru cercet\u0103torii \u00een chimie \u0219i farmacologie.<\/p>\n<h3>De ce s\u0103 alege\u021bi LSD de la Poudres de Narco?<\/h3>\n<p>Ca un <strong>furnizor de LSD pentru cercetare<\/strong>, <strong>Pulberi narcotice<\/strong> garanteaz\u0103 produse care au fost testate riguros \u0219i respect\u0103 <strong>laboratoare certificate<\/strong> :<\/p>\n<ul>\n<li><strong>LSD de \u00eenalt\u0103 puritate pentru laboratoare<\/strong> : Fiecare lot este testat cu aten\u021bie pentru a asigura puritatea optim\u0103, care este esen\u021bial\u0103 pentru <strong>aplica\u021bii \u0219tiin\u021bifice specifice<\/strong>.<\/li>\n<li><strong>Calitate fiabil\u0103, constant\u0103<\/strong> : LSD-ul nostru este formulat pentru a oferi performan\u021be stabile \u0219i fiabile, ideal pentru <strong>studii analitice \u0219i cercet\u0103ri de laborator<\/strong>.<\/li>\n<li><strong>Comand\u0103 online securizat\u0103<\/strong> : <strong>Pulberi narcotice<\/strong> simplific\u0103<strong>cump\u0103ra\u021bi LSD online<\/strong>Un proces securizat care \u00eendepline\u0219te cerin\u021bele profesioni\u0219tilor din domeniul cercet\u0103rii.<\/li>\n<\/ul>\n<h3>Aplica\u021bii \u0219i instruc\u021biuni de siguran\u021b\u0103<\/h3>\n<p>Le <strong>LSD pentru cercetare<\/strong> de la <strong>Pulberi narcotice<\/strong> este destinat pentru <strong>aplica\u021bii analitice \u0219i studii \u0219tiin\u021bifice<\/strong>. Pentru a asigura utilizarea corect\u0103, v\u0103 oferim instruc\u021biuni de siguran\u021b\u0103:<\/p>\n<ul>\n<li><strong>Depozitare securizat\u0103<\/strong> P\u0103stra\u021bi LSD \u00eentr-un loc r\u0103coros, uscat \u0219i ferit de lumin\u0103 pentru a-i p\u0103stra calitatea.<\/li>\n<li><strong>Manipulare cu precau\u021bii<\/strong> Utiliza\u021bi echipamente de protec\u021bie individual\u0103 (EPI) \u0219i lucra\u021bi \u00eentr-un mediu bine ventilat pentru a asigura siguran\u021ba.<\/li>\n<li><strong>Utilizare strict rezervat\u0103 pentru cercetare<\/strong> Acest produs este destinat exclusiv cercet\u0103torilor califica\u021bi \u0219i laboratoarelor certificate.<\/li>\n<\/ul>\n<h3>Comanda\u021bi LSD de \u00eenalt\u0103 puritate pentru studiile dvs. \u0219tiin\u021bifice<\/h3>\n<p>Cu <strong>Pulberi narcotice<\/strong>beneficiaz\u0103 de <strong>furnizare fiabil\u0103 de LSD pentru aplica\u021bii de laborator<\/strong>. Standardele noastre ridicate de calitate \u0219i siguran\u021b\u0103 \u00eenseamn\u0103 c\u0103 <strong>Pulberi narcotice<\/strong> alegerea de \u00eencredere pentru profesioni\u0219tii din domeniul cercet\u0103rii. <strong>Contacta\u021bi-ne<\/strong> pentru o ofert\u0103 sau pentru a afla mai multe despre gama noastr\u0103 de produse de \u00eenalt\u0103 puritate pentru cercetarea \u0219tiin\u021bific\u0103.<\/p>","protected":false},"excerpt":{"rendered":"<p>Acheter LSD en poudre en ligne Gouttes de LSD (di\u00e9thylamide d&rsquo;acide lysergique) buvard LSD (di\u00e9thylamide d&rsquo;acide lysergique) Poudre de sel\/papier buvard C20H25N3O est la formule. ID IUPAC\u00a0: 6aR,9R- [4,3-fg] N,N-di\u00e9thyl-7-m\u00e9thyl-4,6,6a,7,8,9-hexahydroindolo- Nine-carboxamide quinol\u00e9ine Densit\u00e9 apparente\u00a0: 323,43 g\/mol \u00b0C est le point de fusion. Num\u00e9ro CAS\u00a0: 50-37-3 L&rsquo;acide, ou acide lysergique di\u00e9thylamide, est une substance psych\u00e9d\u00e9lique bien&hellip;<\/p>","protected":false},"featured_media":6172,"comment_status":"closed","ping_status":"closed","template":"","meta":{"_joinchat":[]},"product_cat":[558],"product_tag":[],"class_list":{"0":"post-4951","1":"product","2":"type-product","3":"status-publish","4":"has-post-thumbnail","6":"product_cat-chimiques-de-recherche","8":"first","9":"instock","10":"shipping-taxable","11":"purchasable","12":"product-type-variable","13":"col-xs-6 col-sm-4","14":"col-md-3 col-lg-3","15":"un-4-cols"},"yoast_head":"<!-- This site is optimized with the Yoast SEO plugin v23.8 - https:\/\/yoast.com\/wordpress\/plugins\/seo\/ -->\n<title>Acheter LSD pour la Recherche | Poudres de Narco<\/title>\n<meta name=\"description\" content=\"Fournisseur de LSD pour applications scientifiques en laboratoire. Puret\u00e9 et s\u00e9curit\u00e9 garanties pour recherches avanc\u00e9es chez Poudres de Narco.\" \/>\n<meta name=\"robots\" content=\"index, follow, max-snippet:-1, max-image-preview:large, max-video-preview:-1\" \/>\n<link rel=\"canonical\" href=\"https:\/\/poudresdenarco.com\/ro\/produs\/lsd\/\" \/>\n<meta property=\"og:locale\" content=\"ro_RO\" \/>\n<meta property=\"og:type\" content=\"article\" \/>\n<meta property=\"og:title\" content=\"Acheter LSD pour la Recherche | Poudres de Narco\" \/>\n<meta property=\"og:description\" content=\"Fournisseur de LSD pour applications scientifiques en laboratoire. Puret\u00e9 et s\u00e9curit\u00e9 garanties pour recherches avanc\u00e9es chez Poudres de Narco.\" \/>\n<meta property=\"og:url\" content=\"https:\/\/poudresdenarco.com\/ro\/produs\/lsd\/\" \/>\n<meta property=\"og:site_name\" content=\"Poudresde Narco\" \/>\n<meta property=\"article:modified_time\" content=\"2024-11-05T08:42:21+00:00\" \/>\n<meta property=\"og:image\" content=\"https:\/\/poudresdenarco.com\/wp-content\/uploads\/2024\/10\/LSD.gif\" \/>\n\t<meta property=\"og:image:width\" content=\"600\" \/>\n\t<meta property=\"og:image:height\" content=\"600\" \/>\n\t<meta property=\"og:image:type\" content=\"image\/gif\" \/>\n<meta name=\"twitter:card\" content=\"summary_large_image\" \/>\n<meta name=\"twitter:label1\" content=\"Timp estimat pentru citire\" \/>\n\t<meta name=\"twitter:data1\" content=\"2 minute\" \/>\n<script type=\"application\/ld+json\" class=\"yoast-schema-graph\">{\"@context\":\"https:\/\/schema.org\",\"@graph\":[{\"@type\":\"WebPage\",\"@id\":\"https:\/\/poudresdenarco.com\/produit\/lsd\/\",\"url\":\"https:\/\/poudresdenarco.com\/produit\/lsd\/\",\"name\":\"Acheter LSD pour la Recherche | Poudres de Narco\",\"isPartOf\":{\"@id\":\"https:\/\/poudresdenarco.com\/#website\"},\"primaryImageOfPage\":{\"@id\":\"https:\/\/poudresdenarco.com\/produit\/lsd\/#primaryimage\"},\"image\":{\"@id\":\"https:\/\/poudresdenarco.com\/produit\/lsd\/#primaryimage\"},\"thumbnailUrl\":\"https:\/\/poudresdenarco.com\/wp-content\/uploads\/2024\/10\/LSD.gif\",\"datePublished\":\"2024-10-16T11:22:28+00:00\",\"dateModified\":\"2024-11-05T08:42:21+00:00\",\"description\":\"Fournisseur de LSD pour applications scientifiques en laboratoire. Puret\u00e9 et s\u00e9curit\u00e9 garanties pour recherches avanc\u00e9es chez Poudres de Narco.\",\"breadcrumb\":{\"@id\":\"https:\/\/poudresdenarco.com\/produit\/lsd\/#breadcrumb\"},\"inLanguage\":\"ro-RO\",\"potentialAction\":[{\"@type\":\"ReadAction\",\"target\":[\"https:\/\/poudresdenarco.com\/produit\/lsd\/\"]}]},{\"@type\":\"ImageObject\",\"inLanguage\":\"ro-RO\",\"@id\":\"https:\/\/poudresdenarco.com\/produit\/lsd\/#primaryimage\",\"url\":\"https:\/\/poudresdenarco.com\/wp-content\/uploads\/2024\/10\/LSD.gif\",\"contentUrl\":\"https:\/\/poudresdenarco.com\/wp-content\/uploads\/2024\/10\/LSD.gif\",\"width\":600,\"height\":600,\"caption\":\"LSD\"},{\"@type\":\"BreadcrumbList\",\"@id\":\"https:\/\/poudresdenarco.com\/produit\/lsd\/#breadcrumb\",\"itemListElement\":[{\"@type\":\"ListItem\",\"position\":1,\"name\":\"Home\",\"item\":\"https:\/\/poudresdenarco.com\/\"},{\"@type\":\"ListItem\",\"position\":2,\"name\":\"Boutique\",\"item\":\"https:\/\/poudresdenarco.com\/boutique\/\"},{\"@type\":\"ListItem\",\"position\":3,\"name\":\"LSD\"}]},{\"@type\":\"WebSite\",\"@id\":\"https:\/\/poudresdenarco.com\/#website\",\"url\":\"https:\/\/poudresdenarco.com\/\",\"name\":\"Poudresde Narco\",\"description\":\"Acheter de la coca\u00efne et de l&#039;h\u00e9ro\u00efne en ligne\",\"potentialAction\":[{\"@type\":\"SearchAction\",\"target\":{\"@type\":\"EntryPoint\",\"urlTemplate\":\"https:\/\/poudresdenarco.com\/?s={search_term_string}\"},\"query-input\":{\"@type\":\"PropertyValueSpecification\",\"valueRequired\":true,\"valueName\":\"search_term_string\"}}],\"inLanguage\":\"ro-RO\"}]}<\/script>\n<!-- \/ Yoast SEO plugin. -->","yoast_head_json":{"title":"Acheter LSD pour la Recherche | Poudres de Narco","description":"Fournisseur de LSD pour applications scientifiques en laboratoire. Puret\u00e9 et s\u00e9curit\u00e9 garanties pour recherches avanc\u00e9es chez Poudres de Narco.","robots":{"index":"index","follow":"follow","max-snippet":"max-snippet:-1","max-image-preview":"max-image-preview:large","max-video-preview":"max-video-preview:-1"},"canonical":"https:\/\/poudresdenarco.com\/ro\/produs\/lsd\/","og_locale":"ro_RO","og_type":"article","og_title":"Acheter LSD pour la Recherche | Poudres de Narco","og_description":"Fournisseur de LSD pour applications scientifiques en laboratoire. Puret\u00e9 et s\u00e9curit\u00e9 garanties pour recherches avanc\u00e9es chez Poudres de Narco.","og_url":"https:\/\/poudresdenarco.com\/ro\/produs\/lsd\/","og_site_name":"Poudresde Narco","article_modified_time":"2024-11-05T08:42:21+00:00","og_image":[{"width":600,"height":600,"url":"https:\/\/poudresdenarco.com\/wp-content\/uploads\/2024\/10\/LSD.gif","type":"image\/gif"}],"twitter_card":"summary_large_image","twitter_misc":{"Timp estimat pentru citire":"2 minute"},"schema":{"@context":"https:\/\/schema.org","@graph":[{"@type":"WebPage","@id":"https:\/\/poudresdenarco.com\/produit\/lsd\/","url":"https:\/\/poudresdenarco.com\/produit\/lsd\/","name":"Acheter LSD pour la Recherche | Poudres de Narco","isPartOf":{"@id":"https:\/\/poudresdenarco.com\/#website"},"primaryImageOfPage":{"@id":"https:\/\/poudresdenarco.com\/produit\/lsd\/#primaryimage"},"image":{"@id":"https:\/\/poudresdenarco.com\/produit\/lsd\/#primaryimage"},"thumbnailUrl":"https:\/\/poudresdenarco.com\/wp-content\/uploads\/2024\/10\/LSD.gif","datePublished":"2024-10-16T11:22:28+00:00","dateModified":"2024-11-05T08:42:21+00:00","description":"Fournisseur de LSD pour applications scientifiques en laboratoire. Puret\u00e9 et s\u00e9curit\u00e9 garanties pour recherches avanc\u00e9es chez Poudres de Narco.","breadcrumb":{"@id":"https:\/\/poudresdenarco.com\/produit\/lsd\/#breadcrumb"},"inLanguage":"ro-RO","potentialAction":[{"@type":"ReadAction","target":["https:\/\/poudresdenarco.com\/produit\/lsd\/"]}]},{"@type":"ImageObject","inLanguage":"ro-RO","@id":"https:\/\/poudresdenarco.com\/produit\/lsd\/#primaryimage","url":"https:\/\/poudresdenarco.com\/wp-content\/uploads\/2024\/10\/LSD.gif","contentUrl":"https:\/\/poudresdenarco.com\/wp-content\/uploads\/2024\/10\/LSD.gif","width":600,"height":600,"caption":"LSD"},{"@type":"BreadcrumbList","@id":"https:\/\/poudresdenarco.com\/produit\/lsd\/#breadcrumb","itemListElement":[{"@type":"ListItem","position":1,"name":"Home","item":"https:\/\/poudresdenarco.com\/"},{"@type":"ListItem","position":2,"name":"Boutique","item":"https:\/\/poudresdenarco.com\/boutique\/"},{"@type":"ListItem","position":3,"name":"LSD"}]},{"@type":"WebSite","@id":"https:\/\/poudresdenarco.com\/#website","url":"https:\/\/poudresdenarco.com\/","name":"Poudresde Narco","description":"Acheter de la coca\u00efne et de l&#039;h\u00e9ro\u00efne en ligne","potentialAction":[{"@type":"SearchAction","target":{"@type":"EntryPoint","urlTemplate":"https:\/\/poudresdenarco.com\/?s={search_term_string}"},"query-input":{"@type":"PropertyValueSpecification","valueRequired":true,"valueName":"search_term_string"}}],"inLanguage":"ro-RO"}]}},"_links":{"self":[{"href":"https:\/\/poudresdenarco.com\/ro\/wp-json\/wp\/v2\/product\/4951","targetHints":{"allow":["GET"]}}],"collection":[{"href":"https:\/\/poudresdenarco.com\/ro\/wp-json\/wp\/v2\/product"}],"about":[{"href":"https:\/\/poudresdenarco.com\/ro\/wp-json\/wp\/v2\/types\/product"}],"replies":[{"embeddable":true,"href":"https:\/\/poudresdenarco.com\/ro\/wp-json\/wp\/v2\/comments?post=4951"}],"wp:featuredmedia":[{"embeddable":true,"href":"https:\/\/poudresdenarco.com\/ro\/wp-json\/wp\/v2\/media\/6172"}],"wp:attachment":[{"href":"https:\/\/poudresdenarco.com\/ro\/wp-json\/wp\/v2\/media?parent=4951"}],"wp:term":[{"taxonomy":"product_cat","embeddable":true,"href":"https:\/\/poudresdenarco.com\/ro\/wp-json\/wp\/v2\/product_cat?post=4951"},{"taxonomy":"product_tag","embeddable":true,"href":"https:\/\/poudresdenarco.com\/ro\/wp-json\/wp\/v2\/product_tag?post=4951"}],"curies":[{"name":"wp","href":"https:\/\/api.w.org\/{rel}","templated":true}]}}