{"id":5132,"date":"2024-10-16T11:25:01","date_gmt":"2024-10-16T11:25:01","guid":{"rendered":"https:\/\/poudresdenarco.com\/?post_type=product&#038;p=5132"},"modified":"2024-11-04T12:24:26","modified_gmt":"2024-11-04T12:24:26","slug":"5f-emb","status":"publish","type":"product","link":"https:\/\/poudresdenarco.com\/ro\/produs\/5f-emb\/","title":{"rendered":"5f-EMB"},"content":{"rendered":"<h2><strong>Cump\u0103ra\u021bi 5F-EMB de \u00eenalt\u0103 puritate pentru cercetare - Pudre narcotice<\/strong><\/h2>\n<p>La <strong>Pulberi narcotice<\/strong>furniz\u0103m <strong>5F-EMB de \u00eenalt\u0103 puritate<\/strong> exclusiv pentru <strong>aplica\u021bii \u0219tiin\u021bifice de laborator<\/strong>. Conceput pentru a satisface cerin\u021bele riguroase ale cercet\u0103rii, 5F-EMB garanteaz\u0103 rezultate fiabile pentru cercet\u0103torii din domeniul chimiei \u0219i farmacologiei Cump\u0103r\u0103 5f-EMB<a href=\"https:\/\/legitgrams.com\/de\/produktkategorie\/kokain\/\">.<\/a><\/p>\n<h3>De ce s\u0103 alege\u021bi 5F-EMB de la Poudres de Narco?<\/h3>\n<p>Ca un <strong>furnizor de \u00eencredere 5F-EMB<\/strong>, <strong>Pulberi narcotice<\/strong> se angajeaz\u0103 s\u0103 furnizeze produse care au fost testate \u0219i respect\u0103 cele mai stricte standarde de calitate. Clien\u021bii laboratoarelor noastre beneficiaz\u0103 de<a href=\"https:\/\/poudresdenarco.com\/ro\/produs\/4-mec\/\">:<\/a><\/p>\n<ul>\n<li><strong>5F-EMB puritate ridicat\u0103 pentru laboratoare<\/strong> : Fiecare lot este testat riguros pentru a garanta puritatea optim\u0103, care este esen\u021bial\u0103 pentru <strong>aplica\u021bii \u0219tiin\u021bifice<\/strong>.<\/li>\n<li><strong>Calitate constant\u0103, fiabil\u0103<\/strong> 5F-EMB: Formulat pentru a oferi performan\u021be stabile, fiabile, 5F-EMB este ideal pentru <strong>studii analitice de laborator<\/strong>.<\/li>\n<li><strong>Comand\u0103 online securizat\u0103<\/strong> : Facem mai u\u0219or s\u0103<strong>cump\u0103ra 5F-EMB online<\/strong>cu un proces de comand\u0103 securizat care \u00eendepline\u0219te cerin\u021bele cercet\u0103torilor.<\/li>\n<\/ul>\n<h3>Aplica\u021bii \u0219i instruc\u021biuni de siguran\u021b\u0103<\/h3>\n<p>Le <strong>5F-EMB pentru cercetare<\/strong> de la <strong>Pulberi narcotice<\/strong> este proiectat pentru <strong>aplica\u021bii analitice \u0219i studii \u0219tiin\u021bifice<\/strong>. Pentru a asigura o utilizare sigur\u0103 \u0219i corect\u0103, v\u0103 recomand\u0103m :<\/p>\n<ul>\n<li><strong>Depozitare securizat\u0103<\/strong> P\u0103stra\u021bi 5F-EMB \u00eentr-un loc r\u0103coros, uscat \u0219i ferit de lumin\u0103.<\/li>\n<li><strong>Manipulare cu precau\u021bii<\/strong> Utiliza\u021bi echipament de protec\u021bie individual\u0103 (EPI) \u0219i lucra\u021bi \u00eentr-un mediu bine ventilat.<\/li>\n<li><strong>Utilizare strict rezervat\u0103 pentru cercetare<\/strong> Acest produs este destinat laboratoarelor certificate \u0219i cercet\u0103torilor califica\u021bi.<\/li>\n<\/ul>\n<h4>Comanda\u021bi 5F-EMB de \u00eenalt\u0103 puritate pentru studiile dumneavoastr\u0103 \u0219tiin\u021bifice<\/h4>\n<p>Cu <strong>Pulberi narcotice<\/strong>beneficiaz\u0103 de <strong>furnizare fiabil\u0103 de 5F-EMB pentru aplica\u021bii de laborator<\/strong>. <strong>Contacta\u021bi-ne<\/strong> pentru o ofert\u0103 sau pentru a afla mai multe despre gama noastr\u0103 de produse de cercetare \u0219tiin\u021bific\u0103.<\/p>","protected":false},"excerpt":{"rendered":"<p>Acheter du 5F-EMB de Haute Puret\u00e9 pour la Recherche &#8211; Poudres de Narco Chez Poudres de Narco, nous fournissons du 5F-EMB de haute puret\u00e9 exclusivement destin\u00e9 aux applications scientifiques en laboratoire. Con\u00e7u pour r\u00e9pondre aux exigences rigoureuses de la recherche, notre 5F-EMB garantit des r\u00e9sultats fiables pour les chercheurs en chimie et pharmacologie Acheter 5f-EMB&hellip;<\/p>","protected":false},"featured_media":5142,"comment_status":"open","ping_status":"closed","template":"","meta":{"_joinchat":[]},"product_cat":[558],"product_tag":[],"class_list":{"0":"post-5132","1":"product","2":"type-product","3":"status-publish","4":"has-post-thumbnail","6":"product_cat-chimiques-de-recherche","8":"first","9":"instock","10":"shipping-taxable","11":"purchasable","12":"product-type-variable","13":"col-xs-6 col-sm-4","14":"col-md-3 col-lg-3","15":"un-4-cols"},"yoast_head":"<!-- This site is optimized with the Yoast SEO plugin v23.8 - https:\/\/yoast.com\/wordpress\/plugins\/seo\/ -->\n<title>Achetez 5F-EMB en ligne - 5F-EMB \u00e0 vendre<\/title>\n<meta name=\"description\" content=\"Vous souhaitez approfondir vos recherches ? Achetez 5F-EMB en ligne de mani\u00e8re pratique et s\u00e9curis\u00e9e, gr\u00e2ce \u00e0 un processus de commande simple pour la vente de 5F-EMB. Explorez les possibilit\u00e9s et achetez 5F-EMB pour vos travaux de recherche d\u00e8s aujourd&#039;hui. Acheter 5f-EMB\" \/>\n<meta name=\"robots\" content=\"index, follow, max-snippet:-1, max-image-preview:large, max-video-preview:-1\" \/>\n<link rel=\"canonical\" href=\"https:\/\/poudresdenarco.com\/ro\/produs\/5f-emb\/\" \/>\n<meta property=\"og:locale\" content=\"ro_RO\" \/>\n<meta property=\"og:type\" content=\"article\" \/>\n<meta property=\"og:title\" content=\"Achetez 5F-EMB en ligne - 5F-EMB \u00e0 vendre\" \/>\n<meta property=\"og:description\" content=\"Vous souhaitez approfondir vos recherches ? Achetez 5F-EMB en ligne de mani\u00e8re pratique et s\u00e9curis\u00e9e, gr\u00e2ce \u00e0 un processus de commande simple pour la vente de 5F-EMB. Explorez les possibilit\u00e9s et achetez 5F-EMB pour vos travaux de recherche d\u00e8s aujourd&#039;hui. Acheter 5f-EMB\" \/>\n<meta property=\"og:url\" content=\"https:\/\/poudresdenarco.com\/ro\/produs\/5f-emb\/\" \/>\n<meta property=\"og:site_name\" content=\"Poudresde Narco\" \/>\n<meta property=\"article:modified_time\" content=\"2024-11-04T12:24:26+00:00\" \/>\n<meta property=\"og:image\" content=\"https:\/\/poudresdenarco.com\/wp-content\/uploads\/2024\/10\/5f-EMB.gif\" \/>\n\t<meta property=\"og:image:width\" content=\"600\" \/>\n\t<meta property=\"og:image:height\" content=\"600\" \/>\n\t<meta property=\"og:image:type\" content=\"image\/gif\" \/>\n<meta name=\"twitter:card\" content=\"summary_large_image\" \/>\n<meta name=\"twitter:label1\" content=\"Timp estimat pentru citire\" \/>\n\t<meta name=\"twitter:data1\" content=\"2 minute\" \/>\n<script type=\"application\/ld+json\" class=\"yoast-schema-graph\">{\"@context\":\"https:\/\/schema.org\",\"@graph\":[{\"@type\":\"WebPage\",\"@id\":\"https:\/\/poudresdenarco.com\/produit\/5f-emb\/\",\"url\":\"https:\/\/poudresdenarco.com\/produit\/5f-emb\/\",\"name\":\"Achetez 5F-EMB en ligne - 5F-EMB \u00e0 vendre\",\"isPartOf\":{\"@id\":\"https:\/\/poudresdenarco.com\/#website\"},\"primaryImageOfPage\":{\"@id\":\"https:\/\/poudresdenarco.com\/produit\/5f-emb\/#primaryimage\"},\"image\":{\"@id\":\"https:\/\/poudresdenarco.com\/produit\/5f-emb\/#primaryimage\"},\"thumbnailUrl\":\"https:\/\/poudresdenarco.com\/wp-content\/uploads\/2024\/10\/5f-EMB.gif\",\"datePublished\":\"2024-10-16T11:25:01+00:00\",\"dateModified\":\"2024-11-04T12:24:26+00:00\",\"description\":\"Vous souhaitez approfondir vos recherches ? Achetez 5F-EMB en ligne de mani\u00e8re pratique et s\u00e9curis\u00e9e, gr\u00e2ce \u00e0 un processus de commande simple pour la vente de 5F-EMB. Explorez les possibilit\u00e9s et achetez 5F-EMB pour vos travaux de recherche d\u00e8s aujourd'hui. Acheter 5f-EMB\",\"breadcrumb\":{\"@id\":\"https:\/\/poudresdenarco.com\/produit\/5f-emb\/#breadcrumb\"},\"inLanguage\":\"ro-RO\",\"potentialAction\":[{\"@type\":\"ReadAction\",\"target\":[\"https:\/\/poudresdenarco.com\/produit\/5f-emb\/\"]}]},{\"@type\":\"ImageObject\",\"inLanguage\":\"ro-RO\",\"@id\":\"https:\/\/poudresdenarco.com\/produit\/5f-emb\/#primaryimage\",\"url\":\"https:\/\/poudresdenarco.com\/wp-content\/uploads\/2024\/10\/5f-EMB.gif\",\"contentUrl\":\"https:\/\/poudresdenarco.com\/wp-content\/uploads\/2024\/10\/5f-EMB.gif\",\"width\":600,\"height\":600},{\"@type\":\"BreadcrumbList\",\"@id\":\"https:\/\/poudresdenarco.com\/produit\/5f-emb\/#breadcrumb\",\"itemListElement\":[{\"@type\":\"ListItem\",\"position\":1,\"name\":\"Home\",\"item\":\"https:\/\/poudresdenarco.com\/\"},{\"@type\":\"ListItem\",\"position\":2,\"name\":\"Boutique\",\"item\":\"https:\/\/poudresdenarco.com\/boutique\/\"},{\"@type\":\"ListItem\",\"position\":3,\"name\":\"5f-EMB\"}]},{\"@type\":\"WebSite\",\"@id\":\"https:\/\/poudresdenarco.com\/#website\",\"url\":\"https:\/\/poudresdenarco.com\/\",\"name\":\"Poudresde Narco\",\"description\":\"Acheter de la coca\u00efne et de l&#039;h\u00e9ro\u00efne en ligne\",\"potentialAction\":[{\"@type\":\"SearchAction\",\"target\":{\"@type\":\"EntryPoint\",\"urlTemplate\":\"https:\/\/poudresdenarco.com\/?s={search_term_string}\"},\"query-input\":{\"@type\":\"PropertyValueSpecification\",\"valueRequired\":true,\"valueName\":\"search_term_string\"}}],\"inLanguage\":\"ro-RO\"}]}<\/script>\n<!-- \/ Yoast SEO plugin. -->","yoast_head_json":{"title":"Achetez 5F-EMB en ligne - 5F-EMB \u00e0 vendre","description":"Vous souhaitez approfondir vos recherches ? Achetez 5F-EMB en ligne de mani\u00e8re pratique et s\u00e9curis\u00e9e, gr\u00e2ce \u00e0 un processus de commande simple pour la vente de 5F-EMB. Explorez les possibilit\u00e9s et achetez 5F-EMB pour vos travaux de recherche d\u00e8s aujourd'hui. Acheter 5f-EMB","robots":{"index":"index","follow":"follow","max-snippet":"max-snippet:-1","max-image-preview":"max-image-preview:large","max-video-preview":"max-video-preview:-1"},"canonical":"https:\/\/poudresdenarco.com\/ro\/produs\/5f-emb\/","og_locale":"ro_RO","og_type":"article","og_title":"Achetez 5F-EMB en ligne - 5F-EMB \u00e0 vendre","og_description":"Vous souhaitez approfondir vos recherches ? Achetez 5F-EMB en ligne de mani\u00e8re pratique et s\u00e9curis\u00e9e, gr\u00e2ce \u00e0 un processus de commande simple pour la vente de 5F-EMB. Explorez les possibilit\u00e9s et achetez 5F-EMB pour vos travaux de recherche d\u00e8s aujourd'hui. Acheter 5f-EMB","og_url":"https:\/\/poudresdenarco.com\/ro\/produs\/5f-emb\/","og_site_name":"Poudresde Narco","article_modified_time":"2024-11-04T12:24:26+00:00","og_image":[{"width":600,"height":600,"url":"https:\/\/poudresdenarco.com\/wp-content\/uploads\/2024\/10\/5f-EMB.gif","type":"image\/gif"}],"twitter_card":"summary_large_image","twitter_misc":{"Timp estimat pentru citire":"2 minute"},"schema":{"@context":"https:\/\/schema.org","@graph":[{"@type":"WebPage","@id":"https:\/\/poudresdenarco.com\/produit\/5f-emb\/","url":"https:\/\/poudresdenarco.com\/produit\/5f-emb\/","name":"Achetez 5F-EMB en ligne - 5F-EMB \u00e0 vendre","isPartOf":{"@id":"https:\/\/poudresdenarco.com\/#website"},"primaryImageOfPage":{"@id":"https:\/\/poudresdenarco.com\/produit\/5f-emb\/#primaryimage"},"image":{"@id":"https:\/\/poudresdenarco.com\/produit\/5f-emb\/#primaryimage"},"thumbnailUrl":"https:\/\/poudresdenarco.com\/wp-content\/uploads\/2024\/10\/5f-EMB.gif","datePublished":"2024-10-16T11:25:01+00:00","dateModified":"2024-11-04T12:24:26+00:00","description":"Vous souhaitez approfondir vos recherches ? Achetez 5F-EMB en ligne de mani\u00e8re pratique et s\u00e9curis\u00e9e, gr\u00e2ce \u00e0 un processus de commande simple pour la vente de 5F-EMB. Explorez les possibilit\u00e9s et achetez 5F-EMB pour vos travaux de recherche d\u00e8s aujourd'hui. Acheter 5f-EMB","breadcrumb":{"@id":"https:\/\/poudresdenarco.com\/produit\/5f-emb\/#breadcrumb"},"inLanguage":"ro-RO","potentialAction":[{"@type":"ReadAction","target":["https:\/\/poudresdenarco.com\/produit\/5f-emb\/"]}]},{"@type":"ImageObject","inLanguage":"ro-RO","@id":"https:\/\/poudresdenarco.com\/produit\/5f-emb\/#primaryimage","url":"https:\/\/poudresdenarco.com\/wp-content\/uploads\/2024\/10\/5f-EMB.gif","contentUrl":"https:\/\/poudresdenarco.com\/wp-content\/uploads\/2024\/10\/5f-EMB.gif","width":600,"height":600},{"@type":"BreadcrumbList","@id":"https:\/\/poudresdenarco.com\/produit\/5f-emb\/#breadcrumb","itemListElement":[{"@type":"ListItem","position":1,"name":"Home","item":"https:\/\/poudresdenarco.com\/"},{"@type":"ListItem","position":2,"name":"Boutique","item":"https:\/\/poudresdenarco.com\/boutique\/"},{"@type":"ListItem","position":3,"name":"5f-EMB"}]},{"@type":"WebSite","@id":"https:\/\/poudresdenarco.com\/#website","url":"https:\/\/poudresdenarco.com\/","name":"Poudresde Narco","description":"Acheter de la coca\u00efne et de l&#039;h\u00e9ro\u00efne en ligne","potentialAction":[{"@type":"SearchAction","target":{"@type":"EntryPoint","urlTemplate":"https:\/\/poudresdenarco.com\/?s={search_term_string}"},"query-input":{"@type":"PropertyValueSpecification","valueRequired":true,"valueName":"search_term_string"}}],"inLanguage":"ro-RO"}]}},"_links":{"self":[{"href":"https:\/\/poudresdenarco.com\/ro\/wp-json\/wp\/v2\/product\/5132","targetHints":{"allow":["GET"]}}],"collection":[{"href":"https:\/\/poudresdenarco.com\/ro\/wp-json\/wp\/v2\/product"}],"about":[{"href":"https:\/\/poudresdenarco.com\/ro\/wp-json\/wp\/v2\/types\/product"}],"replies":[{"embeddable":true,"href":"https:\/\/poudresdenarco.com\/ro\/wp-json\/wp\/v2\/comments?post=5132"}],"wp:featuredmedia":[{"embeddable":true,"href":"https:\/\/poudresdenarco.com\/ro\/wp-json\/wp\/v2\/media\/5142"}],"wp:attachment":[{"href":"https:\/\/poudresdenarco.com\/ro\/wp-json\/wp\/v2\/media?parent=5132"}],"wp:term":[{"taxonomy":"product_cat","embeddable":true,"href":"https:\/\/poudresdenarco.com\/ro\/wp-json\/wp\/v2\/product_cat?post=5132"},{"taxonomy":"product_tag","embeddable":true,"href":"https:\/\/poudresdenarco.com\/ro\/wp-json\/wp\/v2\/product_tag?post=5132"}],"curies":[{"name":"wp","href":"https:\/\/api.w.org\/{rel}","templated":true}]}}