{"id":5193,"date":"2024-10-16T11:25:36","date_gmt":"2024-10-16T11:25:36","guid":{"rendered":"https:\/\/poudresdenarco.com\/?post_type=product&#038;p=5193"},"modified":"2024-12-23T09:45:21","modified_gmt":"2024-12-23T09:45:21","slug":"mfpep","status":"publish","type":"product","link":"https:\/\/poudresdenarco.com\/ro\/produs\/mfpep\/","title":{"rendered":"MFPEP"},"content":{"rendered":"","protected":false},"excerpt":{"rendered":"","protected":false},"featured_media":5211,"comment_status":"open","ping_status":"closed","template":"","meta":{"_joinchat":[]},"product_cat":[558,751],"product_tag":[],"class_list":{"0":"post-5193","1":"product","2":"type-product","3":"status-publish","4":"has-post-thumbnail","6":"product_cat-chimiques-de-recherche","7":"product_cat-stimulants","9":"first","10":"instock","11":"shipping-taxable","12":"purchasable","13":"product-type-variable","14":"col-xs-6 col-sm-4","15":"col-md-3 col-lg-3","16":"un-4-cols"},"yoast_head":"<!-- This site is optimized with the Yoast SEO plugin v23.8 - https:\/\/yoast.com\/wordpress\/plugins\/seo\/ -->\n<title>Achetez MFPEP en ligne - MFPEP \u00e0 vendre - Commandez MFPEP<\/title>\n<meta name=\"description\" content=\"Dans notre boutique Nembutal, vous pouvez acheter du MFPEP \u00e0 des prix avantageux. Nous ne vendons que des produits de qualit\u00e9 sup\u00e9rieure. Achetez d\u00e8s maintenant du MFPEP en ligne dans notre boutique avec un service d&#039;exp\u00e9dition rapide et s\u00e9curis\u00e9.\" \/>\n<meta name=\"robots\" content=\"index, follow, max-snippet:-1, max-image-preview:large, max-video-preview:-1\" \/>\n<link rel=\"canonical\" href=\"https:\/\/poudresdenarco.com\/ro\/produs\/mfpep\/\" \/>\n<meta property=\"og:locale\" content=\"ro_RO\" \/>\n<meta property=\"og:type\" content=\"article\" \/>\n<meta property=\"og:title\" content=\"Achetez MFPEP en ligne - MFPEP \u00e0 vendre - Commandez MFPEP\" \/>\n<meta property=\"og:description\" content=\"Dans notre boutique Nembutal, vous pouvez acheter du MFPEP \u00e0 des prix avantageux. Nous ne vendons que des produits de qualit\u00e9 sup\u00e9rieure. Achetez d\u00e8s maintenant du MFPEP en ligne dans notre boutique avec un service d&#039;exp\u00e9dition rapide et s\u00e9curis\u00e9.\" \/>\n<meta property=\"og:url\" content=\"https:\/\/poudresdenarco.com\/ro\/produs\/mfpep\/\" \/>\n<meta property=\"og:site_name\" content=\"Poudresde Narco\" \/>\n<meta property=\"article:modified_time\" content=\"2024-12-23T09:45:21+00:00\" \/>\n<meta property=\"og:image\" content=\"https:\/\/poudresdenarco.com\/wp-content\/uploads\/2024\/10\/MFPEP.gif\" \/>\n\t<meta property=\"og:image:width\" content=\"600\" \/>\n\t<meta property=\"og:image:height\" content=\"600\" \/>\n\t<meta property=\"og:image:type\" content=\"image\/gif\" \/>\n<meta name=\"twitter:card\" content=\"summary_large_image\" \/>\n<meta name=\"twitter:label1\" content=\"Timp estimat pentru citire\" \/>\n\t<meta name=\"twitter:data1\" content=\"3 minute\" \/>\n<script type=\"application\/ld+json\" class=\"yoast-schema-graph\">{\"@context\":\"https:\/\/schema.org\",\"@graph\":[{\"@type\":\"WebPage\",\"@id\":\"https:\/\/poudresdenarco.com\/produit\/mfpep\/\",\"url\":\"https:\/\/poudresdenarco.com\/produit\/mfpep\/\",\"name\":\"Achetez MFPEP en ligne - MFPEP \u00e0 vendre - Commandez MFPEP\",\"isPartOf\":{\"@id\":\"https:\/\/poudresdenarco.com\/#website\"},\"primaryImageOfPage\":{\"@id\":\"https:\/\/poudresdenarco.com\/produit\/mfpep\/#primaryimage\"},\"image\":{\"@id\":\"https:\/\/poudresdenarco.com\/produit\/mfpep\/#primaryimage\"},\"thumbnailUrl\":\"https:\/\/poudresdenarco.com\/wp-content\/uploads\/2024\/10\/MFPEP.gif\",\"datePublished\":\"2024-10-16T11:25:36+00:00\",\"dateModified\":\"2024-12-23T09:45:21+00:00\",\"description\":\"Dans notre boutique Nembutal, vous pouvez acheter du MFPEP \u00e0 des prix avantageux. Nous ne vendons que des produits de qualit\u00e9 sup\u00e9rieure. Achetez d\u00e8s maintenant du MFPEP en ligne dans notre boutique avec un service d'exp\u00e9dition rapide et s\u00e9curis\u00e9.\",\"breadcrumb\":{\"@id\":\"https:\/\/poudresdenarco.com\/produit\/mfpep\/#breadcrumb\"},\"inLanguage\":\"ro-RO\",\"potentialAction\":[{\"@type\":\"ReadAction\",\"target\":[\"https:\/\/poudresdenarco.com\/produit\/mfpep\/\"]}]},{\"@type\":\"ImageObject\",\"inLanguage\":\"ro-RO\",\"@id\":\"https:\/\/poudresdenarco.com\/produit\/mfpep\/#primaryimage\",\"url\":\"https:\/\/poudresdenarco.com\/wp-content\/uploads\/2024\/10\/MFPEP.gif\",\"contentUrl\":\"https:\/\/poudresdenarco.com\/wp-content\/uploads\/2024\/10\/MFPEP.gif\",\"width\":600,\"height\":600},{\"@type\":\"BreadcrumbList\",\"@id\":\"https:\/\/poudresdenarco.com\/produit\/mfpep\/#breadcrumb\",\"itemListElement\":[{\"@type\":\"ListItem\",\"position\":1,\"name\":\"Home\",\"item\":\"https:\/\/poudresdenarco.com\/\"},{\"@type\":\"ListItem\",\"position\":2,\"name\":\"Boutique\",\"item\":\"https:\/\/poudresdenarco.com\/boutique\/\"},{\"@type\":\"ListItem\",\"position\":3,\"name\":\"MFPEP\"}]},{\"@type\":\"WebSite\",\"@id\":\"https:\/\/poudresdenarco.com\/#website\",\"url\":\"https:\/\/poudresdenarco.com\/\",\"name\":\"Poudresde Narco\",\"description\":\"Acheter de la coca\u00efne et de l&#039;h\u00e9ro\u00efne en ligne\",\"potentialAction\":[{\"@type\":\"SearchAction\",\"target\":{\"@type\":\"EntryPoint\",\"urlTemplate\":\"https:\/\/poudresdenarco.com\/?s={search_term_string}\"},\"query-input\":{\"@type\":\"PropertyValueSpecification\",\"valueRequired\":true,\"valueName\":\"search_term_string\"}}],\"inLanguage\":\"ro-RO\"}]}<\/script>\n<!-- \/ Yoast SEO plugin. -->","yoast_head_json":{"title":"Achetez MFPEP en ligne - MFPEP \u00e0 vendre - Commandez MFPEP","description":"Dans notre boutique Nembutal, vous pouvez acheter du MFPEP \u00e0 des prix avantageux. Nous ne vendons que des produits de qualit\u00e9 sup\u00e9rieure. Achetez d\u00e8s maintenant du MFPEP en ligne dans notre boutique avec un service d'exp\u00e9dition rapide et s\u00e9curis\u00e9.","robots":{"index":"index","follow":"follow","max-snippet":"max-snippet:-1","max-image-preview":"max-image-preview:large","max-video-preview":"max-video-preview:-1"},"canonical":"https:\/\/poudresdenarco.com\/ro\/produs\/mfpep\/","og_locale":"ro_RO","og_type":"article","og_title":"Achetez MFPEP en ligne - MFPEP \u00e0 vendre - Commandez MFPEP","og_description":"Dans notre boutique Nembutal, vous pouvez acheter du MFPEP \u00e0 des prix avantageux. Nous ne vendons que des produits de qualit\u00e9 sup\u00e9rieure. Achetez d\u00e8s maintenant du MFPEP en ligne dans notre boutique avec un service d'exp\u00e9dition rapide et s\u00e9curis\u00e9.","og_url":"https:\/\/poudresdenarco.com\/ro\/produs\/mfpep\/","og_site_name":"Poudresde Narco","article_modified_time":"2024-12-23T09:45:21+00:00","og_image":[{"width":600,"height":600,"url":"https:\/\/poudresdenarco.com\/wp-content\/uploads\/2024\/10\/MFPEP.gif","type":"image\/gif"}],"twitter_card":"summary_large_image","twitter_misc":{"Timp estimat pentru citire":"3 minute"},"schema":{"@context":"https:\/\/schema.org","@graph":[{"@type":"WebPage","@id":"https:\/\/poudresdenarco.com\/produit\/mfpep\/","url":"https:\/\/poudresdenarco.com\/produit\/mfpep\/","name":"Achetez MFPEP en ligne - MFPEP \u00e0 vendre - Commandez MFPEP","isPartOf":{"@id":"https:\/\/poudresdenarco.com\/#website"},"primaryImageOfPage":{"@id":"https:\/\/poudresdenarco.com\/produit\/mfpep\/#primaryimage"},"image":{"@id":"https:\/\/poudresdenarco.com\/produit\/mfpep\/#primaryimage"},"thumbnailUrl":"https:\/\/poudresdenarco.com\/wp-content\/uploads\/2024\/10\/MFPEP.gif","datePublished":"2024-10-16T11:25:36+00:00","dateModified":"2024-12-23T09:45:21+00:00","description":"Dans notre boutique Nembutal, vous pouvez acheter du MFPEP \u00e0 des prix avantageux. Nous ne vendons que des produits de qualit\u00e9 sup\u00e9rieure. Achetez d\u00e8s maintenant du MFPEP en ligne dans notre boutique avec un service d'exp\u00e9dition rapide et s\u00e9curis\u00e9.","breadcrumb":{"@id":"https:\/\/poudresdenarco.com\/produit\/mfpep\/#breadcrumb"},"inLanguage":"ro-RO","potentialAction":[{"@type":"ReadAction","target":["https:\/\/poudresdenarco.com\/produit\/mfpep\/"]}]},{"@type":"ImageObject","inLanguage":"ro-RO","@id":"https:\/\/poudresdenarco.com\/produit\/mfpep\/#primaryimage","url":"https:\/\/poudresdenarco.com\/wp-content\/uploads\/2024\/10\/MFPEP.gif","contentUrl":"https:\/\/poudresdenarco.com\/wp-content\/uploads\/2024\/10\/MFPEP.gif","width":600,"height":600},{"@type":"BreadcrumbList","@id":"https:\/\/poudresdenarco.com\/produit\/mfpep\/#breadcrumb","itemListElement":[{"@type":"ListItem","position":1,"name":"Home","item":"https:\/\/poudresdenarco.com\/"},{"@type":"ListItem","position":2,"name":"Boutique","item":"https:\/\/poudresdenarco.com\/boutique\/"},{"@type":"ListItem","position":3,"name":"MFPEP"}]},{"@type":"WebSite","@id":"https:\/\/poudresdenarco.com\/#website","url":"https:\/\/poudresdenarco.com\/","name":"Poudresde Narco","description":"Acheter de la coca\u00efne et de l&#039;h\u00e9ro\u00efne en ligne","potentialAction":[{"@type":"SearchAction","target":{"@type":"EntryPoint","urlTemplate":"https:\/\/poudresdenarco.com\/?s={search_term_string}"},"query-input":{"@type":"PropertyValueSpecification","valueRequired":true,"valueName":"search_term_string"}}],"inLanguage":"ro-RO"}]}},"_links":{"self":[{"href":"https:\/\/poudresdenarco.com\/ro\/wp-json\/wp\/v2\/product\/5193","targetHints":{"allow":["GET"]}}],"collection":[{"href":"https:\/\/poudresdenarco.com\/ro\/wp-json\/wp\/v2\/product"}],"about":[{"href":"https:\/\/poudresdenarco.com\/ro\/wp-json\/wp\/v2\/types\/product"}],"replies":[{"embeddable":true,"href":"https:\/\/poudresdenarco.com\/ro\/wp-json\/wp\/v2\/comments?post=5193"}],"wp:featuredmedia":[{"embeddable":true,"href":"https:\/\/poudresdenarco.com\/ro\/wp-json\/wp\/v2\/media\/5211"}],"wp:attachment":[{"href":"https:\/\/poudresdenarco.com\/ro\/wp-json\/wp\/v2\/media?parent=5193"}],"wp:term":[{"taxonomy":"product_cat","embeddable":true,"href":"https:\/\/poudresdenarco.com\/ro\/wp-json\/wp\/v2\/product_cat?post=5193"},{"taxonomy":"product_tag","embeddable":true,"href":"https:\/\/poudresdenarco.com\/ro\/wp-json\/wp\/v2\/product_tag?post=5193"}],"curies":[{"name":"wp","href":"https:\/\/api.w.org\/{rel}","templated":true}]}}