{"id":5194,"date":"2024-10-16T11:25:36","date_gmt":"2024-10-16T11:25:36","guid":{"rendered":"https:\/\/poudresdenarco.com\/?post_type=product&#038;p=5194"},"modified":"2024-11-04T08:07:07","modified_gmt":"2024-11-04T08:07:07","slug":"lisotonitazene","status":"publish","type":"product","link":"https:\/\/poudresdenarco.com\/ro\/produs\/lisotonitazene\/","title":{"rendered":"izotonitazin\u0103"},"content":{"rendered":"<h2><strong>Cumpara Isotonitazene de \u00eenalt\u0103 puritate pentru cercetare <a href=\"https:\/\/cokebricks.com\/de\/produkt\/5f-mdemb-2201\/\">&#8211;<\/a> Pulberi narcotice<\/strong><\/h2>\n<p><strong>Pulberi narcotice<\/strong> este sursa dvs. de \u00eencredere pentru<strong>Izotonitazin\u0103 de cercetare<\/strong>concepute exclusiv pentru <strong>aplica\u021bii \u0219tiin\u021bifice de laborator<\/strong>. Isotonitazena noastr\u0103 este produs\u0103 la standarde riguroase de puritate \u0219i calitate, oferind rezultate fiabile pentru cercet\u0103torii \u00een chimie \u0219i farmacologie Isotonitazene de v\u00e2nzare<a href=\"https:\/\/poudresdenarco.com\/ro\/produs\/4f-pv8\/\">.<\/a><\/p>\n<h3>De ce s\u0103 alege\u021bi Isotonitazene de la Poudres de Narco?<\/h3>\n<p>Ca un <strong>furnizor de Isotonitazene pentru cercetare<\/strong>, <strong>Pulberi narcotice<\/strong> garanteaz\u0103 produse care respect\u0103 <strong>laboratoare certificate<\/strong> :<\/p>\n<ul>\n<li><strong>Isotonitazin\u0103 de \u00eenalt\u0103 puritate pentru laboratoare<\/strong> : Fiecare lot este testat riguros pentru a garanta puritatea optim\u0103, care este esen\u021bial\u0103 pentru <strong>aplica\u021bii \u0219tiin\u021bifice de precizie<\/strong>.<\/li>\n<li><strong>Calitate constant\u0103, fiabil\u0103<\/strong> : Isotonitazena noastr\u0103 este formulat\u0103 pentru o performan\u021b\u0103 stabil\u0103 \u0219i fiabil\u0103, adaptat\u0103 la nevoile <strong>studii analitice de laborator<\/strong>.<\/li>\n<li><strong>Comand\u0103 online securizat\u0103<\/strong> : <strong>Pulberi narcotice<\/strong> face mai u\u0219or s\u0103<strong>Cumpara Isotonitazene online<\/strong>cu un proces de comand\u0103 securizat conceput pentru profesioni\u0219tii din domeniul cercet\u0103rii.<\/li>\n<\/ul>\n<h3>Aplica\u021bii \u0219i instruc\u021biuni de siguran\u021b\u0103<\/h3>\n<p>L'<strong>Isotonitazene pentru cercetare<\/strong> de la <strong>Pulberi narcotice<\/strong> este conceput special pentru <strong>aplica\u021bii analitice \u0219i studii \u0219tiin\u021bifice<\/strong>. Oferim instruc\u021biuni de siguran\u021b\u0103 pentru a asigura o utilizare corect\u0103 \u0219i sigur\u0103:<\/p>\n<ul>\n<li><strong>Depozitare securizat\u0103<\/strong> P\u0103stra\u021bi izotonitazena \u00eentr-un loc r\u0103coros, uscat \u0219i ferit de lumin\u0103 pentru a-i p\u0103stra calitatea.<\/li>\n<li><strong>Manipulare cu precau\u021bii<\/strong> Utiliza\u021bi echipament de protec\u021bie individual\u0103 (EPI) \u0219i lucra\u021bi \u00eentr-un mediu bine ventilat.<\/li>\n<li><strong>Utilizare strict rezervat\u0103 pentru cercetare<\/strong> Acest produs este destinat exclusiv cercet\u0103torilor califica\u021bi \u0219i laboratoarelor certificate.<\/li>\n<\/ul>\n<h3>Comanda\u021bi izotonitazene de \u00eenalt\u0103 puritate pentru studiile dumneavoastr\u0103 \u0219tiin\u021bifice<\/h3>\n<p>Cu <strong>Pulberi narcotice<\/strong>beneficiaz\u0103 de <strong>furnizare fiabil\u0103 de izotonitazin\u0103 pentru aplica\u021bii de laborator<\/strong>. Standardele noastre de calitate \u0219i siguran\u021b\u0103 fac <strong>Pulberi narcotice<\/strong> alegerea de \u00eencredere pentru profesioni\u0219tii din domeniul cercet\u0103rii. <strong>Contacta\u021bi-ne<\/strong> pentru o ofert\u0103 sau pentru a afla mai multe despre gama noastr\u0103 de produse de cercetare \u0219tiin\u021bific\u0103 de \u00eenalt\u0103 puritate Isotonitazene de v\u00e2nzare.<\/p>","protected":false},"excerpt":{"rendered":"<p>Acheter de l&rsquo;Isotonitaz\u00e8ne de Haute Puret\u00e9 pour la Recherche &#8211; Poudres de Narco Poudres de Narco est votre source de confiance pour l&rsquo;Isotonitaz\u00e8ne de qualit\u00e9 recherche, con\u00e7u exclusivement pour des applications scientifiques en laboratoire. Notre Isotonitaz\u00e8ne est produit selon des normes rigoureuses de puret\u00e9 et de qualit\u00e9, offrant des r\u00e9sultats fiables pour les chercheurs en&hellip;<\/p>","protected":false},"featured_media":5212,"comment_status":"open","ping_status":"closed","template":"","meta":{"_joinchat":[]},"product_cat":[558],"product_tag":[],"class_list":{"0":"post-5194","1":"product","2":"type-product","3":"status-publish","4":"has-post-thumbnail","6":"product_cat-chimiques-de-recherche","8":"first","9":"instock","10":"shipping-taxable","11":"purchasable","12":"product-type-variable","13":"col-xs-6 col-sm-4","14":"col-md-3 col-lg-3","15":"un-4-cols"},"yoast_head":"<!-- This site is optimized with the Yoast SEO plugin v23.8 - https:\/\/yoast.com\/wordpress\/plugins\/seo\/ -->\n<title>Isotonitaz\u00e8ne \u00e0 vendre - Achetez de l&#039;isotonitaz\u00e8ne en ligne<\/title>\n<meta name=\"description\" content=\"Vous recherchez une source fiable pour acheter de la poudre d&#039;isotonitaz\u00e8ne en ligne ? Votre recherche s&#039;arr\u00eate ici. Commandez de la poudre d&#039;isotonitaz\u00e8ne en ligne dans notre magasin de confiance et profitez d&#039;un processus d&#039;achat transparent adapt\u00e9 \u00e0 vos besoins de recherche. Isotonitaz\u00e8ne \u00e0 vendre\" \/>\n<meta name=\"robots\" content=\"index, follow, max-snippet:-1, max-image-preview:large, max-video-preview:-1\" \/>\n<link rel=\"canonical\" href=\"https:\/\/poudresdenarco.com\/ro\/produs\/lisotonitazene\/\" \/>\n<meta property=\"og:locale\" content=\"ro_RO\" \/>\n<meta property=\"og:type\" content=\"article\" \/>\n<meta property=\"og:title\" content=\"Isotonitaz\u00e8ne \u00e0 vendre - Achetez de l&#039;isotonitaz\u00e8ne en ligne\" \/>\n<meta property=\"og:description\" content=\"Vous recherchez une source fiable pour acheter de la poudre d&#039;isotonitaz\u00e8ne en ligne ? Votre recherche s&#039;arr\u00eate ici. Commandez de la poudre d&#039;isotonitaz\u00e8ne en ligne dans notre magasin de confiance et profitez d&#039;un processus d&#039;achat transparent adapt\u00e9 \u00e0 vos besoins de recherche. Isotonitaz\u00e8ne \u00e0 vendre\" \/>\n<meta property=\"og:url\" content=\"https:\/\/poudresdenarco.com\/ro\/produs\/lisotonitazene\/\" \/>\n<meta property=\"og:site_name\" content=\"Poudresde Narco\" \/>\n<meta property=\"article:modified_time\" content=\"2024-11-04T08:07:07+00:00\" \/>\n<meta property=\"og:image\" content=\"https:\/\/poudresdenarco.com\/wp-content\/uploads\/2024\/10\/Asotonitazene.gif\" \/>\n\t<meta property=\"og:image:width\" content=\"600\" \/>\n\t<meta property=\"og:image:height\" content=\"600\" \/>\n\t<meta property=\"og:image:type\" content=\"image\/gif\" \/>\n<meta name=\"twitter:card\" content=\"summary_large_image\" \/>\n<meta name=\"twitter:label1\" content=\"Timp estimat pentru citire\" \/>\n\t<meta name=\"twitter:data1\" content=\"2 minute\" \/>\n<script type=\"application\/ld+json\" class=\"yoast-schema-graph\">{\"@context\":\"https:\/\/schema.org\",\"@graph\":[{\"@type\":\"WebPage\",\"@id\":\"https:\/\/poudresdenarco.com\/produit\/lisotonitazene\/\",\"url\":\"https:\/\/poudresdenarco.com\/produit\/lisotonitazene\/\",\"name\":\"Isotonitaz\u00e8ne \u00e0 vendre - Achetez de l'isotonitaz\u00e8ne en ligne\",\"isPartOf\":{\"@id\":\"https:\/\/poudresdenarco.com\/#website\"},\"primaryImageOfPage\":{\"@id\":\"https:\/\/poudresdenarco.com\/produit\/lisotonitazene\/#primaryimage\"},\"image\":{\"@id\":\"https:\/\/poudresdenarco.com\/produit\/lisotonitazene\/#primaryimage\"},\"thumbnailUrl\":\"https:\/\/poudresdenarco.com\/wp-content\/uploads\/2024\/10\/Asotonitazene.gif\",\"datePublished\":\"2024-10-16T11:25:36+00:00\",\"dateModified\":\"2024-11-04T08:07:07+00:00\",\"description\":\"Vous recherchez une source fiable pour acheter de la poudre d'isotonitaz\u00e8ne en ligne ? Votre recherche s'arr\u00eate ici. Commandez de la poudre d'isotonitaz\u00e8ne en ligne dans notre magasin de confiance et profitez d'un processus d'achat transparent adapt\u00e9 \u00e0 vos besoins de recherche. Isotonitaz\u00e8ne \u00e0 vendre\",\"breadcrumb\":{\"@id\":\"https:\/\/poudresdenarco.com\/produit\/lisotonitazene\/#breadcrumb\"},\"inLanguage\":\"ro-RO\",\"potentialAction\":[{\"@type\":\"ReadAction\",\"target\":[\"https:\/\/poudresdenarco.com\/produit\/lisotonitazene\/\"]}]},{\"@type\":\"ImageObject\",\"inLanguage\":\"ro-RO\",\"@id\":\"https:\/\/poudresdenarco.com\/produit\/lisotonitazene\/#primaryimage\",\"url\":\"https:\/\/poudresdenarco.com\/wp-content\/uploads\/2024\/10\/Asotonitazene.gif\",\"contentUrl\":\"https:\/\/poudresdenarco.com\/wp-content\/uploads\/2024\/10\/Asotonitazene.gif\",\"width\":600,\"height\":600},{\"@type\":\"BreadcrumbList\",\"@id\":\"https:\/\/poudresdenarco.com\/produit\/lisotonitazene\/#breadcrumb\",\"itemListElement\":[{\"@type\":\"ListItem\",\"position\":1,\"name\":\"Home\",\"item\":\"https:\/\/poudresdenarco.com\/\"},{\"@type\":\"ListItem\",\"position\":2,\"name\":\"Boutique\",\"item\":\"https:\/\/poudresdenarco.com\/boutique\/\"},{\"@type\":\"ListItem\",\"position\":3,\"name\":\"l&#8217;isotonitaz\u00e8ne\"}]},{\"@type\":\"WebSite\",\"@id\":\"https:\/\/poudresdenarco.com\/#website\",\"url\":\"https:\/\/poudresdenarco.com\/\",\"name\":\"Poudresde Narco\",\"description\":\"Acheter de la coca\u00efne et de l&#039;h\u00e9ro\u00efne en ligne\",\"potentialAction\":[{\"@type\":\"SearchAction\",\"target\":{\"@type\":\"EntryPoint\",\"urlTemplate\":\"https:\/\/poudresdenarco.com\/?s={search_term_string}\"},\"query-input\":{\"@type\":\"PropertyValueSpecification\",\"valueRequired\":true,\"valueName\":\"search_term_string\"}}],\"inLanguage\":\"ro-RO\"}]}<\/script>\n<!-- \/ Yoast SEO plugin. -->","yoast_head_json":{"title":"Isotonitaz\u00e8ne \u00e0 vendre - Achetez de l'isotonitaz\u00e8ne en ligne","description":"Vous recherchez une source fiable pour acheter de la poudre d'isotonitaz\u00e8ne en ligne ? Votre recherche s'arr\u00eate ici. Commandez de la poudre d'isotonitaz\u00e8ne en ligne dans notre magasin de confiance et profitez d'un processus d'achat transparent adapt\u00e9 \u00e0 vos besoins de recherche. Isotonitaz\u00e8ne \u00e0 vendre","robots":{"index":"index","follow":"follow","max-snippet":"max-snippet:-1","max-image-preview":"max-image-preview:large","max-video-preview":"max-video-preview:-1"},"canonical":"https:\/\/poudresdenarco.com\/ro\/produs\/lisotonitazene\/","og_locale":"ro_RO","og_type":"article","og_title":"Isotonitaz\u00e8ne \u00e0 vendre - Achetez de l'isotonitaz\u00e8ne en ligne","og_description":"Vous recherchez une source fiable pour acheter de la poudre d'isotonitaz\u00e8ne en ligne ? Votre recherche s'arr\u00eate ici. Commandez de la poudre d'isotonitaz\u00e8ne en ligne dans notre magasin de confiance et profitez d'un processus d'achat transparent adapt\u00e9 \u00e0 vos besoins de recherche. Isotonitaz\u00e8ne \u00e0 vendre","og_url":"https:\/\/poudresdenarco.com\/ro\/produs\/lisotonitazene\/","og_site_name":"Poudresde Narco","article_modified_time":"2024-11-04T08:07:07+00:00","og_image":[{"width":600,"height":600,"url":"https:\/\/poudresdenarco.com\/wp-content\/uploads\/2024\/10\/Asotonitazene.gif","type":"image\/gif"}],"twitter_card":"summary_large_image","twitter_misc":{"Timp estimat pentru citire":"2 minute"},"schema":{"@context":"https:\/\/schema.org","@graph":[{"@type":"WebPage","@id":"https:\/\/poudresdenarco.com\/produit\/lisotonitazene\/","url":"https:\/\/poudresdenarco.com\/produit\/lisotonitazene\/","name":"Isotonitaz\u00e8ne \u00e0 vendre - Achetez de l'isotonitaz\u00e8ne en ligne","isPartOf":{"@id":"https:\/\/poudresdenarco.com\/#website"},"primaryImageOfPage":{"@id":"https:\/\/poudresdenarco.com\/produit\/lisotonitazene\/#primaryimage"},"image":{"@id":"https:\/\/poudresdenarco.com\/produit\/lisotonitazene\/#primaryimage"},"thumbnailUrl":"https:\/\/poudresdenarco.com\/wp-content\/uploads\/2024\/10\/Asotonitazene.gif","datePublished":"2024-10-16T11:25:36+00:00","dateModified":"2024-11-04T08:07:07+00:00","description":"Vous recherchez une source fiable pour acheter de la poudre d'isotonitaz\u00e8ne en ligne ? Votre recherche s'arr\u00eate ici. Commandez de la poudre d'isotonitaz\u00e8ne en ligne dans notre magasin de confiance et profitez d'un processus d'achat transparent adapt\u00e9 \u00e0 vos besoins de recherche. Isotonitaz\u00e8ne \u00e0 vendre","breadcrumb":{"@id":"https:\/\/poudresdenarco.com\/produit\/lisotonitazene\/#breadcrumb"},"inLanguage":"ro-RO","potentialAction":[{"@type":"ReadAction","target":["https:\/\/poudresdenarco.com\/produit\/lisotonitazene\/"]}]},{"@type":"ImageObject","inLanguage":"ro-RO","@id":"https:\/\/poudresdenarco.com\/produit\/lisotonitazene\/#primaryimage","url":"https:\/\/poudresdenarco.com\/wp-content\/uploads\/2024\/10\/Asotonitazene.gif","contentUrl":"https:\/\/poudresdenarco.com\/wp-content\/uploads\/2024\/10\/Asotonitazene.gif","width":600,"height":600},{"@type":"BreadcrumbList","@id":"https:\/\/poudresdenarco.com\/produit\/lisotonitazene\/#breadcrumb","itemListElement":[{"@type":"ListItem","position":1,"name":"Home","item":"https:\/\/poudresdenarco.com\/"},{"@type":"ListItem","position":2,"name":"Boutique","item":"https:\/\/poudresdenarco.com\/boutique\/"},{"@type":"ListItem","position":3,"name":"l&#8217;isotonitaz\u00e8ne"}]},{"@type":"WebSite","@id":"https:\/\/poudresdenarco.com\/#website","url":"https:\/\/poudresdenarco.com\/","name":"Poudresde Narco","description":"Acheter de la coca\u00efne et de l&#039;h\u00e9ro\u00efne en ligne","potentialAction":[{"@type":"SearchAction","target":{"@type":"EntryPoint","urlTemplate":"https:\/\/poudresdenarco.com\/?s={search_term_string}"},"query-input":{"@type":"PropertyValueSpecification","valueRequired":true,"valueName":"search_term_string"}}],"inLanguage":"ro-RO"}]}},"_links":{"self":[{"href":"https:\/\/poudresdenarco.com\/ro\/wp-json\/wp\/v2\/product\/5194","targetHints":{"allow":["GET"]}}],"collection":[{"href":"https:\/\/poudresdenarco.com\/ro\/wp-json\/wp\/v2\/product"}],"about":[{"href":"https:\/\/poudresdenarco.com\/ro\/wp-json\/wp\/v2\/types\/product"}],"replies":[{"embeddable":true,"href":"https:\/\/poudresdenarco.com\/ro\/wp-json\/wp\/v2\/comments?post=5194"}],"wp:featuredmedia":[{"embeddable":true,"href":"https:\/\/poudresdenarco.com\/ro\/wp-json\/wp\/v2\/media\/5212"}],"wp:attachment":[{"href":"https:\/\/poudresdenarco.com\/ro\/wp-json\/wp\/v2\/media?parent=5194"}],"wp:term":[{"taxonomy":"product_cat","embeddable":true,"href":"https:\/\/poudresdenarco.com\/ro\/wp-json\/wp\/v2\/product_cat?post=5194"},{"taxonomy":"product_tag","embeddable":true,"href":"https:\/\/poudresdenarco.com\/ro\/wp-json\/wp\/v2\/product_tag?post=5194"}],"curies":[{"name":"wp","href":"https:\/\/api.w.org\/{rel}","templated":true}]}}