{"id":5965,"date":"2024-10-16T11:32:10","date_gmt":"2024-10-16T11:32:10","guid":{"rendered":"https:\/\/poudresdenarco.com\/?post_type=product&#038;p=5965"},"modified":"2024-11-02T12:01:43","modified_gmt":"2024-11-02T12:01:43","slug":"1p-lsd","status":"publish","type":"product","link":"https:\/\/poudresdenarco.com\/ro\/produs\/1p-lsd\/","title":{"rendered":"1P-LSD"},"content":{"rendered":"<h2>1P-LSD: Ce este?<\/h2>\n<p>Cump\u0103ra\u021bi <a href=\"https:\/\/poudresdenarco.com\/ro\/produs\/1p-lsd\/\">1P-LSD 100mcg<\/a> face parte din clasa sedativelor lizergamide \u0219i are efecte psihedelice. Unul dintre cele mai studiate sedative este 1P-LSD, un favorit al exper\u021bilor \u00een chimie.<\/p>\n<h3>Cum pot cump\u0103ra 1P-LSD online?<\/h3>\n<p><a href=\"https:\/\/poudresdenarco.com\/ro\/\">poudresdenarco.com<\/a> este locul de unde se poate cump\u0103ra 1P-LSD. Comand\u0103m 1P-LSD numai prin po\u0219t\u0103, care vine sub form\u0103 de blotter. Permitem doar ca produsul nostru Buy 1P-LSD 100mcg s\u0103 fie utilizat \u00een scopuri de cercetare; nici oamenii, nici animalele nu au voie s\u0103 \u00eel consume.<\/p>\n<h4><strong>Cump\u0103ra\u021bi 1P-LSD de \u00eenalt\u0103 puritate pentru cercetare - Narco Powders<\/strong><\/h4>\n<p>Poudres de Narco este sursa dvs. de \u00eencredere pentru <strong>1P-LSD de \u00eenalt\u0103 calitate<\/strong>concepute exclusiv pentru <strong>aplica\u021bii de cercetare \u00een laborator<\/strong>. 1P-LSD-ul nostru este fabricat la standarde riguroase de puritate, fiind ideal pentru profesioni\u0219tii din chimie, farmacologie \u0219i alte discipline \u0219tiin\u021bifice care necesit\u0103 rezultate precise \u0219i consecvente.<\/p>\n<h3>De ce s\u0103 alege\u021bi 1P-LSD de la Poudres de Narco?<\/h3>\n<p>Ca un <strong>1P-LSD furnizor pentru cercetare<\/strong>Poudres de Narco garanteaz\u0103 un produs care \u00eendepline\u0219te cerin\u021bele de calitate pentru experimente controlate:<\/p>\n<ul>\n<li><strong>Puritate fiabil\u0103<\/strong> Fiecare lot de 1P-LSD este testat riguros pentru a asigura o puritate ridicat\u0103, esen\u021bial\u0103 pentru rezultate de cercetare fiabile.<\/li>\n<li><strong>Calitate constant\u0103<\/strong> Produsul nostru 1P-LSD este fabricat pentru a oferi performan\u021be constante, r\u0103spunz\u00e2nd nevoilor laboratoarelor specializate.<\/li>\n<li><strong>Comand\u0103 online securizat\u0103<\/strong> : Facem mai u\u0219or s\u0103<strong>achizi\u021bionarea de 1P-LSD pentru aplica\u021bii \u0219tiin\u021bifice<\/strong> cu un proces de comand\u0103 care respect\u0103 standardele de siguran\u021b\u0103 \u0219i discre\u021bie.<\/li>\n<\/ul>\n<h3>Aplica\u021bii \u0219i securitate<\/h3>\n<p>Le <strong>1P-LSD<\/strong> de Poudres de Narco este destinat pentru <strong>studii analitice \u0219i experimente de laborator<\/strong>. Pentru a asigura o utilizare sigur\u0103 \u0219i adecvat\u0103, oferim orient\u0103ri privind manipularea \u0219i depozitarea, recomand\u00e2nd :<\/p>\n<ul>\n<li><strong>Depozitare securizat\u0103<\/strong> P\u0103stra\u021bi 1P-LSD \u00eentr-un loc r\u0103coros, uscat \u0219i ferit de lumin\u0103.<\/li>\n<li><strong>Manipula\u021bi cu grij\u0103<\/strong> Utiliza\u021bi echipamente de protec\u021bie pentru a lucra \u00eentr-un mediu sigur \u0219i controlat.<\/li>\n<li><strong>Utilizare strict rezervat\u0103 pentru cercetare<\/strong> Acest produs este rezervat profesioni\u0219tilor din mediul de cercetare.<\/li>\n<\/ul>\n<h3>Sunte\u021bi gata s\u0103 comanda\u021bi 1P-LSD de grad \u0219tiin\u021bific?<\/h3>\n<p>Poudres de Narco v\u0103 ofer\u0103 o surs\u0103 sigur\u0103 de <strong>Calitatea 1P-LSD<\/strong> pentru nevoile dvs. de cercetare. <strong>Contacta\u021bi-ne<\/strong> pentru o ofert\u0103 sau pentru a afla mai multe despre gama noastr\u0103 de produse pentru aplica\u021bii \u0219tiin\u021bifice.<\/p>\n<p>&nbsp;<\/p>","protected":false},"excerpt":{"rendered":"<p>1P-LSD : Qu&rsquo;est-ce que c&rsquo;est ? Acheter 1P-LSD 100mcg appartient \u00e0 la classe des s\u00e9datifs lysergamides et a des effets psych\u00e9d\u00e9liques. Parmi les s\u00e9datifs les plus \u00e9tudi\u00e9s, on trouve le 1P-LSD et il est tr\u00e8s appr\u00e9ci\u00e9 des experts en chimie. Comment puis-je acheter du 1P-LSD en ligne ? poudresdenarco.com est l&rsquo;endroit o\u00f9 acheter du 1P-LSD.&hellip;<\/p>","protected":false},"featured_media":6174,"comment_status":"open","ping_status":"closed","template":"","meta":{"_joinchat":[]},"product_cat":[558],"product_tag":[],"class_list":{"0":"post-5965","1":"product","2":"type-product","3":"status-publish","4":"has-post-thumbnail","6":"product_cat-chimiques-de-recherche","8":"first","9":"instock","10":"shipping-taxable","11":"purchasable","12":"product-type-variable","13":"col-xs-6 col-sm-4","14":"col-md-3 col-lg-3","15":"un-4-cols"},"yoast_head":"<!-- This site is optimized with the Yoast SEO plugin v23.8 - https:\/\/yoast.com\/wordpress\/plugins\/seo\/ -->\n<title>Acheter 1P-LSD de Qualit\u00e9 pour la Recherche | Poudres de Narco<\/title>\n<meta name=\"description\" content=\"Fournisseur de 1P-LSD pour applications scientifiques. Puret\u00e9 garantie pour la recherche en laboratoire chez Poudres de Narco.&quot;\" \/>\n<meta name=\"robots\" content=\"index, follow, max-snippet:-1, max-image-preview:large, max-video-preview:-1\" \/>\n<link rel=\"canonical\" href=\"https:\/\/poudresdenarco.com\/ro\/produs\/1p-lsd\/\" \/>\n<meta property=\"og:locale\" content=\"ro_RO\" \/>\n<meta property=\"og:type\" content=\"article\" \/>\n<meta property=\"og:title\" content=\"Acheter 1P-LSD de Qualit\u00e9 pour la Recherche | Poudres de Narco\" \/>\n<meta property=\"og:description\" content=\"Fournisseur de 1P-LSD pour applications scientifiques. Puret\u00e9 garantie pour la recherche en laboratoire chez Poudres de Narco.&quot;\" \/>\n<meta property=\"og:url\" content=\"https:\/\/poudresdenarco.com\/ro\/produs\/1p-lsd\/\" \/>\n<meta property=\"og:site_name\" content=\"Poudresde Narco\" \/>\n<meta property=\"article:modified_time\" content=\"2024-11-02T12:01:43+00:00\" \/>\n<meta property=\"og:image\" content=\"https:\/\/poudresdenarco.com\/wp-content\/uploads\/2024\/10\/1P-LSD-1.gif\" \/>\n\t<meta property=\"og:image:width\" content=\"600\" \/>\n\t<meta property=\"og:image:height\" content=\"600\" \/>\n\t<meta property=\"og:image:type\" content=\"image\/gif\" \/>\n<meta name=\"twitter:card\" content=\"summary_large_image\" \/>\n<meta name=\"twitter:label1\" content=\"Timp estimat pentru citire\" \/>\n\t<meta name=\"twitter:data1\" content=\"2 minute\" \/>\n<script type=\"application\/ld+json\" class=\"yoast-schema-graph\">{\"@context\":\"https:\/\/schema.org\",\"@graph\":[{\"@type\":\"WebPage\",\"@id\":\"https:\/\/poudresdenarco.com\/produit\/1p-lsd\/\",\"url\":\"https:\/\/poudresdenarco.com\/produit\/1p-lsd\/\",\"name\":\"Acheter 1P-LSD de Qualit\u00e9 pour la Recherche | Poudres de Narco\",\"isPartOf\":{\"@id\":\"https:\/\/poudresdenarco.com\/#website\"},\"primaryImageOfPage\":{\"@id\":\"https:\/\/poudresdenarco.com\/produit\/1p-lsd\/#primaryimage\"},\"image\":{\"@id\":\"https:\/\/poudresdenarco.com\/produit\/1p-lsd\/#primaryimage\"},\"thumbnailUrl\":\"https:\/\/poudresdenarco.com\/wp-content\/uploads\/2024\/10\/1P-LSD-1.gif\",\"datePublished\":\"2024-10-16T11:32:10+00:00\",\"dateModified\":\"2024-11-02T12:01:43+00:00\",\"description\":\"Fournisseur de 1P-LSD pour applications scientifiques. Puret\u00e9 garantie pour la recherche en laboratoire chez Poudres de Narco.\\\"\",\"breadcrumb\":{\"@id\":\"https:\/\/poudresdenarco.com\/produit\/1p-lsd\/#breadcrumb\"},\"inLanguage\":\"ro-RO\",\"potentialAction\":[{\"@type\":\"ReadAction\",\"target\":[\"https:\/\/poudresdenarco.com\/produit\/1p-lsd\/\"]}]},{\"@type\":\"ImageObject\",\"inLanguage\":\"ro-RO\",\"@id\":\"https:\/\/poudresdenarco.com\/produit\/1p-lsd\/#primaryimage\",\"url\":\"https:\/\/poudresdenarco.com\/wp-content\/uploads\/2024\/10\/1P-LSD-1.gif\",\"contentUrl\":\"https:\/\/poudresdenarco.com\/wp-content\/uploads\/2024\/10\/1P-LSD-1.gif\",\"width\":600,\"height\":600,\"caption\":\"1P-LSD\"},{\"@type\":\"BreadcrumbList\",\"@id\":\"https:\/\/poudresdenarco.com\/produit\/1p-lsd\/#breadcrumb\",\"itemListElement\":[{\"@type\":\"ListItem\",\"position\":1,\"name\":\"Home\",\"item\":\"https:\/\/poudresdenarco.com\/\"},{\"@type\":\"ListItem\",\"position\":2,\"name\":\"Boutique\",\"item\":\"https:\/\/poudresdenarco.com\/boutique\/\"},{\"@type\":\"ListItem\",\"position\":3,\"name\":\"1P-LSD\"}]},{\"@type\":\"WebSite\",\"@id\":\"https:\/\/poudresdenarco.com\/#website\",\"url\":\"https:\/\/poudresdenarco.com\/\",\"name\":\"Poudresde Narco\",\"description\":\"Acheter de la coca\u00efne et de l&#039;h\u00e9ro\u00efne en ligne\",\"potentialAction\":[{\"@type\":\"SearchAction\",\"target\":{\"@type\":\"EntryPoint\",\"urlTemplate\":\"https:\/\/poudresdenarco.com\/?s={search_term_string}\"},\"query-input\":{\"@type\":\"PropertyValueSpecification\",\"valueRequired\":true,\"valueName\":\"search_term_string\"}}],\"inLanguage\":\"ro-RO\"}]}<\/script>\n<!-- \/ Yoast SEO plugin. -->","yoast_head_json":{"title":"Acheter 1P-LSD de Qualit\u00e9 pour la Recherche | Poudres de Narco","description":"Fournisseur de 1P-LSD pour applications scientifiques. Puret\u00e9 garantie pour la recherche en laboratoire chez Poudres de Narco.\"","robots":{"index":"index","follow":"follow","max-snippet":"max-snippet:-1","max-image-preview":"max-image-preview:large","max-video-preview":"max-video-preview:-1"},"canonical":"https:\/\/poudresdenarco.com\/ro\/produs\/1p-lsd\/","og_locale":"ro_RO","og_type":"article","og_title":"Acheter 1P-LSD de Qualit\u00e9 pour la Recherche | Poudres de Narco","og_description":"Fournisseur de 1P-LSD pour applications scientifiques. Puret\u00e9 garantie pour la recherche en laboratoire chez Poudres de Narco.\"","og_url":"https:\/\/poudresdenarco.com\/ro\/produs\/1p-lsd\/","og_site_name":"Poudresde Narco","article_modified_time":"2024-11-02T12:01:43+00:00","og_image":[{"width":600,"height":600,"url":"https:\/\/poudresdenarco.com\/wp-content\/uploads\/2024\/10\/1P-LSD-1.gif","type":"image\/gif"}],"twitter_card":"summary_large_image","twitter_misc":{"Timp estimat pentru citire":"2 minute"},"schema":{"@context":"https:\/\/schema.org","@graph":[{"@type":"WebPage","@id":"https:\/\/poudresdenarco.com\/produit\/1p-lsd\/","url":"https:\/\/poudresdenarco.com\/produit\/1p-lsd\/","name":"Acheter 1P-LSD de Qualit\u00e9 pour la Recherche | Poudres de Narco","isPartOf":{"@id":"https:\/\/poudresdenarco.com\/#website"},"primaryImageOfPage":{"@id":"https:\/\/poudresdenarco.com\/produit\/1p-lsd\/#primaryimage"},"image":{"@id":"https:\/\/poudresdenarco.com\/produit\/1p-lsd\/#primaryimage"},"thumbnailUrl":"https:\/\/poudresdenarco.com\/wp-content\/uploads\/2024\/10\/1P-LSD-1.gif","datePublished":"2024-10-16T11:32:10+00:00","dateModified":"2024-11-02T12:01:43+00:00","description":"Fournisseur de 1P-LSD pour applications scientifiques. Puret\u00e9 garantie pour la recherche en laboratoire chez Poudres de Narco.\"","breadcrumb":{"@id":"https:\/\/poudresdenarco.com\/produit\/1p-lsd\/#breadcrumb"},"inLanguage":"ro-RO","potentialAction":[{"@type":"ReadAction","target":["https:\/\/poudresdenarco.com\/produit\/1p-lsd\/"]}]},{"@type":"ImageObject","inLanguage":"ro-RO","@id":"https:\/\/poudresdenarco.com\/produit\/1p-lsd\/#primaryimage","url":"https:\/\/poudresdenarco.com\/wp-content\/uploads\/2024\/10\/1P-LSD-1.gif","contentUrl":"https:\/\/poudresdenarco.com\/wp-content\/uploads\/2024\/10\/1P-LSD-1.gif","width":600,"height":600,"caption":"1P-LSD"},{"@type":"BreadcrumbList","@id":"https:\/\/poudresdenarco.com\/produit\/1p-lsd\/#breadcrumb","itemListElement":[{"@type":"ListItem","position":1,"name":"Home","item":"https:\/\/poudresdenarco.com\/"},{"@type":"ListItem","position":2,"name":"Boutique","item":"https:\/\/poudresdenarco.com\/boutique\/"},{"@type":"ListItem","position":3,"name":"1P-LSD"}]},{"@type":"WebSite","@id":"https:\/\/poudresdenarco.com\/#website","url":"https:\/\/poudresdenarco.com\/","name":"Poudresde Narco","description":"Acheter de la coca\u00efne et de l&#039;h\u00e9ro\u00efne en ligne","potentialAction":[{"@type":"SearchAction","target":{"@type":"EntryPoint","urlTemplate":"https:\/\/poudresdenarco.com\/?s={search_term_string}"},"query-input":{"@type":"PropertyValueSpecification","valueRequired":true,"valueName":"search_term_string"}}],"inLanguage":"ro-RO"}]}},"_links":{"self":[{"href":"https:\/\/poudresdenarco.com\/ro\/wp-json\/wp\/v2\/product\/5965","targetHints":{"allow":["GET"]}}],"collection":[{"href":"https:\/\/poudresdenarco.com\/ro\/wp-json\/wp\/v2\/product"}],"about":[{"href":"https:\/\/poudresdenarco.com\/ro\/wp-json\/wp\/v2\/types\/product"}],"replies":[{"embeddable":true,"href":"https:\/\/poudresdenarco.com\/ro\/wp-json\/wp\/v2\/comments?post=5965"}],"wp:featuredmedia":[{"embeddable":true,"href":"https:\/\/poudresdenarco.com\/ro\/wp-json\/wp\/v2\/media\/6174"}],"wp:attachment":[{"href":"https:\/\/poudresdenarco.com\/ro\/wp-json\/wp\/v2\/media?parent=5965"}],"wp:term":[{"taxonomy":"product_cat","embeddable":true,"href":"https:\/\/poudresdenarco.com\/ro\/wp-json\/wp\/v2\/product_cat?post=5965"},{"taxonomy":"product_tag","embeddable":true,"href":"https:\/\/poudresdenarco.com\/ro\/wp-json\/wp\/v2\/product_tag?post=5965"}],"curies":[{"name":"wp","href":"https:\/\/api.w.org\/{rel}","templated":true}]}}