{"id":6003,"date":"2024-10-16T11:32:20","date_gmt":"2024-10-16T11:32:20","guid":{"rendered":"https:\/\/poudresdenarco.com\/?post_type=product&#038;p=6003"},"modified":"2024-12-23T09:55:07","modified_gmt":"2024-12-23T09:55:07","slug":"a-pvp","status":"publish","type":"product","link":"https:\/\/poudresdenarco.com\/ro\/produs\/a-pvp\/","title":{"rendered":"A-PVP"},"content":{"rendered":"<h2>A-PVP CRYSTALS online<\/h2>\n<p>L<a href=\"https:\/\/poudresdenarco.com\/ro\/produs\/a-pvp\/\">alfa-PVP<\/a>cunoscut\u0103 \u0219i sub denumirea de A-PVP CRYSTALS, este un stimulent puternic \u0219i este administrat\u0103 \u00een general pentru a ob\u021bine euforie. Unii cercet\u0103tori se refer\u0103, de asemenea, la ea ca la o substan\u021b\u0103 psihoactiv\u0103. La \u00eenceputul anilor 1960 a fost descoperit \u0219i are un nivel de poten\u021b\u0103 de 1\/4 din cel al MDPV, Cump\u0103ra\u021bi A-PVP.<\/p>\n<p>Efectele sunt, de asemenea, destul de similare. <a href=\"https:\/\/en.wikipedia.org\/wiki\/%CE%91-Pyrrolidinopentiophenone\">A-PVP<\/a> CRISTALE se g\u0103se\u0219te \u00een general sub form\u0103 de cristal de st\u00e2nc\u0103 alb. Diverse utiliz\u0103ri \u0219i efecte ale A-PVP Trebuie s\u0103 amesteca\u021bi Alpha-PVP cu alte substan\u021be \u00eenainte de a-l lua.<\/p>\n<p>\u00cen afar\u0103 de aceasta, poate fi, de asemenea, inhalat sau administrat pe cale oral\u0103. Doza trebuie decis\u0103 numai de c\u0103tre medic \u0219i nu trebuie s\u0103 lua\u021bi mai multe doze \u00eentr-o singur\u0103 or\u0103. <a href=\"https:\/\/poudresdenarco.com\/ro\/\">poudresdenarco<\/a><\/p>\n<h3>De\u0219i mai pu\u021bin puternic, A-PVP CRYSTALS poate fi comparat cu cocaina.<\/h3>\n<p>Dac\u0103 \u00eel pune\u021bi sub limb\u0103, ve\u021bi observa c\u0103 se dizolv\u0103 foarte repede. \u00cen acela\u0219i timp, este posibil s\u0103 sim\u021bi\u021bi un fel de amor\u021beal\u0103.<\/p>\n<p>Euforia are nevoie de timp pentru a se instala, dar ar trebui s\u0103 fie prezent\u0103 \u00een termen de 30 de minute de la consum. Dup\u0103 amor\u021beal\u0103, ve\u021bi observa o u\u0219oar\u0103 cre\u0219tere a tensiunii arteriale.<\/p>\n<p>De asemenea, v\u0103 ve\u021bi pierde orice dorin\u021b\u0103 de a bea ap\u0103 \u00een acela\u0219i timp.<\/p>\n<p>Dup\u0103 ce au trecut 45 de minute sau mai mult de la consum, v\u0103 ve\u021bi sim\u021bi u\u0219or stimulat \u0219i v\u0103 pute\u021bi sim\u021bi chiar somnoros.<\/p>\n<p>\u00cen general, efectele nu ar trebui s\u0103 dureze mai mult de 3 ore \u0219i este posibil s\u0103 nu sim\u021bi\u021bi nevoia de a lua o alt\u0103 doz\u0103 \u00een cur\u00e2nd.<\/p>\n<p>Dac\u0103 utiliza\u021bi metoda insufl\u0103rii, ve\u021bi experimenta un sentiment de euforie pentru o perioad\u0103 relativ mai lung\u0103 de timp. Acestea fiind spuse, este dificil de ghicit c\u00e2t de puternic\u0103 este, deoarece unii pacien\u021bi sunt afecta\u021bi foarte lent, \u00een timp ce al\u021bii sunt afecta\u021bi destul de rapid.<\/p>\n<p>De \u00eendat\u0103 ce produsul intr\u0103 \u00een nasul clientului, acesta \u00eencepe s\u0103 ac\u021bioneze. \u00cen termen de 10 minute de la administrarea produsului, v\u0103 ve\u021bi sim\u021bi euforic (metoda insufl\u0103rii).<\/p>\n<h4><strong>Cump\u0103ra\u021bi A-PVP de \u00eenalt\u0103 puritate pentru cercetare - Narco Powders<\/strong><\/h4>\n<p><strong>Pulberi narcotice<\/strong> este un furnizor de \u00eencredere pentru <strong>Cercetare de calitate A-PVP<\/strong>concepute special pentru <strong>aplica\u021bii \u0219tiin\u021bifice de laborator<\/strong>. A-PVP-ul nostru este produs la standarde riguroase de puritate \u0219i calitate, oferind rezultate constante pentru cercet\u0103torii din domeniul chimiei \u0219i farmacologiei.<\/p>\n<h3>De ce s\u0103 alege\u021bi A-PVP de la Poudres de Narco?<\/h3>\n<p>Ca un <strong>furnizor de \u00eencredere A-PVP<\/strong>, <strong>Pulberi narcotice<\/strong> garanteaz\u0103 produse care respect\u0103 <strong>laboratoare certificate<\/strong> :<\/p>\n<ul>\n<li><strong>A-PVP de \u00eenalt\u0103 puritate pentru laboratoare<\/strong> Fiecare lot este testat riguros pentru a asigura puritatea maxim\u0103, esen\u021bial\u0103 pentru aplica\u021bii \u0219tiin\u021bifice precise.<\/li>\n<li><strong>Calitate constant\u0103, fiabil\u0103<\/strong> : A-PVP-ul nostru este formulat pentru o performan\u021b\u0103 stabil\u0103, fiabil\u0103, potrivit pentru <strong>studii analitice de laborator<\/strong>.<\/li>\n<li><strong>Comand\u0103 online securizat\u0103<\/strong> : <strong>Pulberi narcotice<\/strong> ofer\u0103 un proces simplificat pentru<strong>cump\u0103ra A-PVP online<\/strong>asigurarea siguran\u021bei \u0219i a conformit\u0103\u021bii.<\/li>\n<\/ul>\n<h3>Aplica\u021bii \u0219i instruc\u021biuni de siguran\u021b\u0103<\/h3>\n<p>Le <strong>A-PVP pentru cercetare<\/strong> de la <strong>Pulberi narcotice<\/strong> este destinat pentru <strong>aplica\u021bii analitice \u0219i studii \u0219tiin\u021bifice<\/strong>. Oferim recomand\u0103ri de siguran\u021b\u0103 pentru o utilizare optim\u0103:<\/p>\n<ul>\n<li><strong>Depozitare securizat\u0103<\/strong> P\u0103stra\u021bi A-PVP \u00eentr-un loc r\u0103coros, uscat \u0219i ferit de lumin\u0103.<\/li>\n<li><strong>Manipulare cu precau\u021bii<\/strong> Utiliza\u021bi echipament de protec\u021bie individual\u0103 (EPI) \u0219i lucra\u021bi \u00een zone bine ventilate.<\/li>\n<li><strong>Utilizare strict rezervat\u0103 pentru cercetare<\/strong> Acest produs este rezervat laboratoarelor certificate \u0219i cercet\u0103torilor califica\u021bi.<\/li>\n<\/ul>\n<h3>Comanda\u021bi A-PVP de \u00eenalt\u0103 puritate pentru studiile dumneavoastr\u0103 \u0219tiin\u021bifice<\/h3>\n<p>Cu <strong>Pulberi narcotice<\/strong>beneficiaz\u0103 de <strong>furnizare fiabil\u0103 de A-PVP pentru aplica\u021bii de laborator<\/strong>. <strong>Contacta\u021bi-ne<\/strong> pentru o ofert\u0103 de pre\u021b sau pentru a afla mai multe despre gama noastr\u0103 de produse pentru cercetarea \u0219tiin\u021bific\u0103 Cump\u0103ra\u021bi A-PVP.<\/p>\n<p>&nbsp;<\/p>","protected":false},"excerpt":{"rendered":"<p>A-PVP CRYSTALS en ligne L&lsquo;alpha-PVP, \u00e9galement connu sous le nom de A-PVP CRYSTALS, est un puissant stimulant et il est g\u00e9n\u00e9ralement pris pour atteindre l&rsquo;euphorie. Certains chercheurs le qualifient \u00e9galement de substance psychoactive. Au d\u00e9but des ann\u00e9es 1960, il a \u00e9t\u00e9 d\u00e9couvert et il a un niveau de puissance 1\/4, par rapport au MDPV, Acheter&hellip;<\/p>","protected":false},"featured_media":6180,"comment_status":"open","ping_status":"closed","template":"","meta":{"_joinchat":[]},"product_cat":[558,751],"product_tag":[],"class_list":{"0":"post-6003","1":"product","2":"type-product","3":"status-publish","4":"has-post-thumbnail","6":"product_cat-chimiques-de-recherche","7":"product_cat-stimulants","9":"first","10":"instock","11":"shipping-taxable","12":"purchasable","13":"product-type-variable","14":"col-xs-6 col-sm-4","15":"col-md-3 col-lg-3","16":"un-4-cols"},"yoast_head":"<!-- This site is optimized with the Yoast SEO plugin v23.8 - https:\/\/yoast.com\/wordpress\/plugins\/seo\/ -->\n<title>Acheter A-PVP Puret\u00e9 pour de Recherche | Poudres de Narco&quot;<\/title>\n<meta name=\"description\" content=\"Fournisseur de A-PVP pour applications scientifiques en laboratoire. Puret\u00e9 et s\u00e9curit\u00e9 garanties pour recherches avanc\u00e9es chez Poudres de Narco.\" \/>\n<meta name=\"robots\" content=\"index, follow, max-snippet:-1, max-image-preview:large, max-video-preview:-1\" \/>\n<link rel=\"canonical\" href=\"https:\/\/poudresdenarco.com\/ro\/produs\/a-pvp\/\" \/>\n<meta property=\"og:locale\" content=\"ro_RO\" \/>\n<meta property=\"og:type\" content=\"article\" \/>\n<meta property=\"og:title\" content=\"Acheter A-PVP Puret\u00e9 pour de Recherche | Poudres de Narco&quot;\" \/>\n<meta property=\"og:description\" content=\"Fournisseur de A-PVP pour applications scientifiques en laboratoire. Puret\u00e9 et s\u00e9curit\u00e9 garanties pour recherches avanc\u00e9es chez Poudres de Narco.\" \/>\n<meta property=\"og:url\" content=\"https:\/\/poudresdenarco.com\/ro\/produs\/a-pvp\/\" \/>\n<meta property=\"og:site_name\" content=\"Poudresde Narco\" \/>\n<meta property=\"article:modified_time\" content=\"2024-12-23T09:55:07+00:00\" \/>\n<meta property=\"og:image\" content=\"https:\/\/poudresdenarco.com\/wp-content\/uploads\/2024\/10\/A-PVP.gif\" \/>\n\t<meta property=\"og:image:width\" content=\"600\" \/>\n\t<meta property=\"og:image:height\" content=\"600\" \/>\n\t<meta property=\"og:image:type\" content=\"image\/gif\" \/>\n<meta name=\"twitter:card\" content=\"summary_large_image\" \/>\n<meta name=\"twitter:label1\" content=\"Timp estimat pentru citire\" \/>\n\t<meta name=\"twitter:data1\" content=\"3 minute\" \/>\n<script type=\"application\/ld+json\" class=\"yoast-schema-graph\">{\"@context\":\"https:\/\/schema.org\",\"@graph\":[{\"@type\":\"WebPage\",\"@id\":\"https:\/\/poudresdenarco.com\/produit\/a-pvp\/\",\"url\":\"https:\/\/poudresdenarco.com\/produit\/a-pvp\/\",\"name\":\"Acheter A-PVP Puret\u00e9 pour de Recherche | Poudres de Narco\\\"\",\"isPartOf\":{\"@id\":\"https:\/\/poudresdenarco.com\/#website\"},\"primaryImageOfPage\":{\"@id\":\"https:\/\/poudresdenarco.com\/produit\/a-pvp\/#primaryimage\"},\"image\":{\"@id\":\"https:\/\/poudresdenarco.com\/produit\/a-pvp\/#primaryimage\"},\"thumbnailUrl\":\"https:\/\/poudresdenarco.com\/wp-content\/uploads\/2024\/10\/A-PVP.gif\",\"datePublished\":\"2024-10-16T11:32:20+00:00\",\"dateModified\":\"2024-12-23T09:55:07+00:00\",\"description\":\"Fournisseur de A-PVP pour applications scientifiques en laboratoire. Puret\u00e9 et s\u00e9curit\u00e9 garanties pour recherches avanc\u00e9es chez Poudres de Narco.\",\"breadcrumb\":{\"@id\":\"https:\/\/poudresdenarco.com\/produit\/a-pvp\/#breadcrumb\"},\"inLanguage\":\"ro-RO\",\"potentialAction\":[{\"@type\":\"ReadAction\",\"target\":[\"https:\/\/poudresdenarco.com\/produit\/a-pvp\/\"]}]},{\"@type\":\"ImageObject\",\"inLanguage\":\"ro-RO\",\"@id\":\"https:\/\/poudresdenarco.com\/produit\/a-pvp\/#primaryimage\",\"url\":\"https:\/\/poudresdenarco.com\/wp-content\/uploads\/2024\/10\/A-PVP.gif\",\"contentUrl\":\"https:\/\/poudresdenarco.com\/wp-content\/uploads\/2024\/10\/A-PVP.gif\",\"width\":600,\"height\":600,\"caption\":\"A-PVP\"},{\"@type\":\"BreadcrumbList\",\"@id\":\"https:\/\/poudresdenarco.com\/produit\/a-pvp\/#breadcrumb\",\"itemListElement\":[{\"@type\":\"ListItem\",\"position\":1,\"name\":\"Home\",\"item\":\"https:\/\/poudresdenarco.com\/\"},{\"@type\":\"ListItem\",\"position\":2,\"name\":\"Boutique\",\"item\":\"https:\/\/poudresdenarco.com\/boutique\/\"},{\"@type\":\"ListItem\",\"position\":3,\"name\":\"A-PVP\"}]},{\"@type\":\"WebSite\",\"@id\":\"https:\/\/poudresdenarco.com\/#website\",\"url\":\"https:\/\/poudresdenarco.com\/\",\"name\":\"Poudresde Narco\",\"description\":\"Acheter de la coca\u00efne et de l&#039;h\u00e9ro\u00efne en ligne\",\"potentialAction\":[{\"@type\":\"SearchAction\",\"target\":{\"@type\":\"EntryPoint\",\"urlTemplate\":\"https:\/\/poudresdenarco.com\/?s={search_term_string}\"},\"query-input\":{\"@type\":\"PropertyValueSpecification\",\"valueRequired\":true,\"valueName\":\"search_term_string\"}}],\"inLanguage\":\"ro-RO\"}]}<\/script>\n<!-- \/ Yoast SEO plugin. -->","yoast_head_json":{"title":"Acheter A-PVP Puret\u00e9 pour de Recherche | Poudres de Narco\"","description":"Fournisseur de A-PVP pour applications scientifiques en laboratoire. Puret\u00e9 et s\u00e9curit\u00e9 garanties pour recherches avanc\u00e9es chez Poudres de Narco.","robots":{"index":"index","follow":"follow","max-snippet":"max-snippet:-1","max-image-preview":"max-image-preview:large","max-video-preview":"max-video-preview:-1"},"canonical":"https:\/\/poudresdenarco.com\/ro\/produs\/a-pvp\/","og_locale":"ro_RO","og_type":"article","og_title":"Acheter A-PVP Puret\u00e9 pour de Recherche | Poudres de Narco\"","og_description":"Fournisseur de A-PVP pour applications scientifiques en laboratoire. Puret\u00e9 et s\u00e9curit\u00e9 garanties pour recherches avanc\u00e9es chez Poudres de Narco.","og_url":"https:\/\/poudresdenarco.com\/ro\/produs\/a-pvp\/","og_site_name":"Poudresde Narco","article_modified_time":"2024-12-23T09:55:07+00:00","og_image":[{"width":600,"height":600,"url":"https:\/\/poudresdenarco.com\/wp-content\/uploads\/2024\/10\/A-PVP.gif","type":"image\/gif"}],"twitter_card":"summary_large_image","twitter_misc":{"Timp estimat pentru citire":"3 minute"},"schema":{"@context":"https:\/\/schema.org","@graph":[{"@type":"WebPage","@id":"https:\/\/poudresdenarco.com\/produit\/a-pvp\/","url":"https:\/\/poudresdenarco.com\/produit\/a-pvp\/","name":"Acheter A-PVP Puret\u00e9 pour de Recherche | Poudres de Narco\"","isPartOf":{"@id":"https:\/\/poudresdenarco.com\/#website"},"primaryImageOfPage":{"@id":"https:\/\/poudresdenarco.com\/produit\/a-pvp\/#primaryimage"},"image":{"@id":"https:\/\/poudresdenarco.com\/produit\/a-pvp\/#primaryimage"},"thumbnailUrl":"https:\/\/poudresdenarco.com\/wp-content\/uploads\/2024\/10\/A-PVP.gif","datePublished":"2024-10-16T11:32:20+00:00","dateModified":"2024-12-23T09:55:07+00:00","description":"Fournisseur de A-PVP pour applications scientifiques en laboratoire. Puret\u00e9 et s\u00e9curit\u00e9 garanties pour recherches avanc\u00e9es chez Poudres de Narco.","breadcrumb":{"@id":"https:\/\/poudresdenarco.com\/produit\/a-pvp\/#breadcrumb"},"inLanguage":"ro-RO","potentialAction":[{"@type":"ReadAction","target":["https:\/\/poudresdenarco.com\/produit\/a-pvp\/"]}]},{"@type":"ImageObject","inLanguage":"ro-RO","@id":"https:\/\/poudresdenarco.com\/produit\/a-pvp\/#primaryimage","url":"https:\/\/poudresdenarco.com\/wp-content\/uploads\/2024\/10\/A-PVP.gif","contentUrl":"https:\/\/poudresdenarco.com\/wp-content\/uploads\/2024\/10\/A-PVP.gif","width":600,"height":600,"caption":"A-PVP"},{"@type":"BreadcrumbList","@id":"https:\/\/poudresdenarco.com\/produit\/a-pvp\/#breadcrumb","itemListElement":[{"@type":"ListItem","position":1,"name":"Home","item":"https:\/\/poudresdenarco.com\/"},{"@type":"ListItem","position":2,"name":"Boutique","item":"https:\/\/poudresdenarco.com\/boutique\/"},{"@type":"ListItem","position":3,"name":"A-PVP"}]},{"@type":"WebSite","@id":"https:\/\/poudresdenarco.com\/#website","url":"https:\/\/poudresdenarco.com\/","name":"Poudresde Narco","description":"Acheter de la coca\u00efne et de l&#039;h\u00e9ro\u00efne en ligne","potentialAction":[{"@type":"SearchAction","target":{"@type":"EntryPoint","urlTemplate":"https:\/\/poudresdenarco.com\/?s={search_term_string}"},"query-input":{"@type":"PropertyValueSpecification","valueRequired":true,"valueName":"search_term_string"}}],"inLanguage":"ro-RO"}]}},"_links":{"self":[{"href":"https:\/\/poudresdenarco.com\/ro\/wp-json\/wp\/v2\/product\/6003","targetHints":{"allow":["GET"]}}],"collection":[{"href":"https:\/\/poudresdenarco.com\/ro\/wp-json\/wp\/v2\/product"}],"about":[{"href":"https:\/\/poudresdenarco.com\/ro\/wp-json\/wp\/v2\/types\/product"}],"replies":[{"embeddable":true,"href":"https:\/\/poudresdenarco.com\/ro\/wp-json\/wp\/v2\/comments?post=6003"}],"wp:featuredmedia":[{"embeddable":true,"href":"https:\/\/poudresdenarco.com\/ro\/wp-json\/wp\/v2\/media\/6180"}],"wp:attachment":[{"href":"https:\/\/poudresdenarco.com\/ro\/wp-json\/wp\/v2\/media?parent=6003"}],"wp:term":[{"taxonomy":"product_cat","embeddable":true,"href":"https:\/\/poudresdenarco.com\/ro\/wp-json\/wp\/v2\/product_cat?post=6003"},{"taxonomy":"product_tag","embeddable":true,"href":"https:\/\/poudresdenarco.com\/ro\/wp-json\/wp\/v2\/product_tag?post=6003"}],"curies":[{"name":"wp","href":"https:\/\/api.w.org\/{rel}","templated":true}]}}