{"id":6005,"date":"2024-10-16T11:32:20","date_gmt":"2024-10-16T11:32:20","guid":{"rendered":"https:\/\/poudresdenarco.com\/?post_type=product&#038;p=6005"},"modified":"2024-12-23T09:43:19","modified_gmt":"2024-12-23T09:43:19","slug":"flualprazolam","status":"publish","type":"product","link":"https:\/\/poudresdenarco.com\/ro\/produs\/flualprazolam\/","title":{"rendered":"Flualprazolam"},"content":{"rendered":"<h1><strong>Cump\u0103ra\u021bi Flualprazolam de \u00eenalt\u0103 puritate pentru cercetare <a href=\"https:\/\/cokebricks.com\/de\/shop\/\">&#8211;<\/a> Pulberi narcotice<\/strong><\/h1>\n<p><strong>Pulberi narcotice<\/strong> este furnizorul dvs. de \u00eencredere pentru <strong>Flualprazolam calitatea cercet\u0103rii<\/strong>concepute exclusiv pentru <strong>aplica\u021bii \u0219tiin\u021bifice de laborator<\/strong>. Flualprazolamul nostru este produs la standarde riguroase de puritate \u0219i calitate, asigur\u00e2nd rezultate fiabile pentru cercet\u0103torii din chimie \u0219i farmacologie Cump\u0103ra\u021bi Flualprazolam\u00a0<a href=\"https:\/\/poudresdenarco.com\/ro\/produs\/ghb\/\">.<\/a><\/p>\n<h3>De ce s\u0103 alege\u021bi Flualprazolam de la Poudres de Narco?<\/h3>\n<p>Ca un <strong>furnizor de Flualprazolam pentru cercetare<\/strong>, <strong>Pulberi narcotice<\/strong> garanteaz\u0103 produse de \u00eenalt\u0103 calitate, adaptate la <strong>laboratoare certificate<\/strong> :<\/p>\n<ul>\n<li><strong>Flualprazolam de \u00eenalt\u0103 puritate pentru laboratoare<\/strong> : Fiecare lot este testat riguros pentru a asigura puritatea optim\u0103, care este esen\u021bial\u0103 pentru <strong>aplica\u021bii \u0219tiin\u021bifice de precizie<\/strong>.<\/li>\n<li><strong>Calitate constant\u0103, fiabil\u0103<\/strong> : Flualprazolamul nostru este formulat pentru performan\u021b\u0103 stabil\u0103 \u0219i fiabil\u0103, adaptat la nevoile <strong>studii analitice de laborator<\/strong>.<\/li>\n<li><strong>Comand\u0103 online securizat\u0103<\/strong> : <strong>Pulberi narcotice<\/strong> ofer\u0103 un proces simplificat pentru<strong>cump\u0103ra Flualprazolam online<\/strong>asigurarea securit\u0103\u021bii \u0219i conformit\u0103\u021bii pentru profesioni\u0219tii din domeniul cercet\u0103rii.<\/li>\n<\/ul>\n<h3>Aplica\u021bii \u0219i instruc\u021biuni de siguran\u021b\u0103<\/h3>\n<p>Le <strong>Flualprazolam pentru cercetare<\/strong> de la <strong>Pulberi narcotice<\/strong> este destinat pentru <strong>aplica\u021bii analitice \u0219i studii \u0219tiin\u021bifice<\/strong>. Pentru a asigura utilizarea corect\u0103, furniz\u0103m protocoale de siguran\u021b\u0103:<\/p>\n<ul>\n<li><strong>Depozitare securizat\u0103<\/strong> P\u0103stra\u021bi Flualprazolam \u00eentr-un loc r\u0103coros, uscat \u0219i ferit de lumin\u0103 pentru a-i p\u0103stra calitatea.<\/li>\n<li><strong>Manipulare cu precau\u021bii<\/strong> Utiliza\u021bi echipament de protec\u021bie individual\u0103 (EPI) \u0219i lucra\u021bi \u00eentr-un mediu bine ventilat.<\/li>\n<li><strong>Utilizare strict rezervat\u0103 pentru cercetare<\/strong> Acest produs este destinat exclusiv cercet\u0103torilor califica\u021bi \u0219i laboratoarelor certificate pentru <strong>studii \u0219tiin\u021bifice avansate<\/strong>.<\/li>\n<\/ul>\n<h4>Comanda\u021bi Flualprazolam de \u00eenalt\u0103 puritate pentru studiile dumneavoastr\u0103 \u0219tiin\u021bifice<\/h4>\n<p>Cu <strong>Pulberi narcotice<\/strong>beneficia\u021bi de <strong>furnizare fiabil\u0103 de Flualprazolam pentru aplica\u021bii de laborator<\/strong>. Standardele noastre ridicate de calitate \u0219i siguran\u021b\u0103 \u00eenseamn\u0103 c\u0103 <strong>Pulberi narcotice<\/strong> alegerea ideal\u0103 pentru profesioni\u0219tii din domeniul cercet\u0103rii. <strong>Contacta\u021bi-ne<\/strong> pentru o ofert\u0103 sau pentru a afla mai multe despre gama noastr\u0103 de produse de \u00eenalt\u0103 puritate pentru cercetarea \u0219tiin\u021bific\u0103.<\/p>\n<h4>Cum func\u021bioneaz\u0103 flubromazepamul?<\/h4>\n<p>Le <a href=\"https:\/\/en.wikipedia.org\/wiki\/Flualprazolam\">flubromazepam<\/a> este o substan\u021b\u0103 chimic\u0103 experimental\u0103 apar\u021bin\u00e2nd familiei triazolobenzodiazepinelor. Este un derivat al benzodiazepinelor.<br \/>\nCercet\u0103rile actuale se concentreaz\u0103 asupra efectelor structurale comparabile cu cele ale pirazolamului, \u00een ciuda rarit\u0103\u021bii lor. De asemenea, se aseam\u0103n\u0103 cu alte benzodiazepine. \u00cen cadrul familiei benzodiazepinelor, este clasificat ca un depresiv din clasa psihotropilor. Din cauza \u00eenlocuirii bromului \u0219i a fluorului pe scheletul s\u0103u, substan\u021ba chimic\u0103 de cercetare a primit acest nume.<\/p>\n<p>* V\u0103 rug\u0103m s\u0103 re\u021bine\u021bi c\u0103 <a href=\"https:\/\/poudresdenarco.com\/ro\/produs\/flualprazolam\/\">flubromazepam<\/a> este autorizat numai pentru cercetare \u0219i nu poate fi consumat de c\u0103tre oameni.<\/p>\n<p>Compozi\u021bia chimic\u0103 a flubromazepamului<br \/>\nNume complet: C15H10BrFN2O (simbol) izoflubromazepam, un derivat benzodiazepinic<\/p>\n<p>Masa molar\u0103 (g\/mol): 333,160<\/p>\n<p>98 % puritate<\/p>\n<p>Utiliza\u021bi echipamentul individual de protec\u021bie adecvat (ochelari, masc\u0103 \u0219i salopet\u0103) pentru a acoperi zonele expuse ale pielii atunci c\u00e2nd lucra\u021bi cu flubromazepam.<\/p>\n<p>* Not\u0103 important\u0103: pentru un termen de valabilitate optim, depozita\u021bi \u00eentotdeauna \u00eentr-un loc r\u0103coros \u0219i uscat. Acest produs este destinat exclusiv utiliz\u0103rii \u00een criminalistic\u0103 \u0219i cercetare. Prin urmare, NU este destinat experimentelor in vivo de orice fel pe animale sau alte fiin\u021be vii, sau consumului uman.<\/p>\n<h3>De unde \u00eel pot cump\u0103ra?<\/h3>\n<p>Flubromazepams de puritate de laborator sunt disponibile de la poudresdenarco. Cea mai bun\u0103 surs\u0103 pentru a cump\u0103ra produse chimice de cercetare este poudresdenarco. V\u0103 rug\u0103m s\u0103 re\u021bine\u021bi c\u0103 achizi\u021bionarea Flubromazepam de la <a href=\"https:\/\/poudresdenarco.com\/ro\/\">poudresdenarco<\/a> v\u0103 cere s\u0103 ave\u021bi cel pu\u021bin optsprezece ani. Toate substan\u021bele chimice de cercetare comerciale nu sunt destinate consumului uman; mai degrab\u0103, acestea trebuie utilizate numai \u00een cercetare \u0219i experimente de laborator Buy Flualprazolam .<\/p>","protected":false},"excerpt":{"rendered":"<p>Acheter du Flualprazolam de Haute Puret\u00e9 pour la Recherche &#8211; Poudres de Narco Poudres de Narco est votre fournisseur de confiance pour le Flualprazolam de qualit\u00e9 recherche, con\u00e7u exclusivement pour des applications scientifiques en laboratoire. Notre Flualprazolam est produit selon des normes rigoureuses de puret\u00e9 et de qualit\u00e9, assurant des r\u00e9sultats fiables pour les chercheurs&hellip;<\/p>","protected":false},"featured_media":6178,"comment_status":"open","ping_status":"closed","template":"","meta":{"_joinchat":[]},"product_cat":[558,751],"product_tag":[],"class_list":{"0":"post-6005","1":"product","2":"type-product","3":"status-publish","4":"has-post-thumbnail","6":"product_cat-chimiques-de-recherche","7":"product_cat-stimulants","9":"first","10":"instock","11":"shipping-taxable","12":"purchasable","13":"product-type-variable","14":"col-xs-6 col-sm-4","15":"col-md-3 col-lg-3","16":"un-4-cols"},"yoast_head":"<!-- This site is optimized with the Yoast SEO plugin v23.8 - https:\/\/yoast.com\/wordpress\/plugins\/seo\/ -->\n<title>Acheter Flualprazolam Pur pour Recherche | Poudres de Narco<\/title>\n<meta name=\"description\" content=\"Flualprazolam de haute puret\u00e9 pour laboratoires. Fournisseur fiable pour applications scientifiques chez Poudres de Narco.\" \/>\n<meta name=\"robots\" content=\"index, follow, max-snippet:-1, max-image-preview:large, max-video-preview:-1\" \/>\n<link rel=\"canonical\" href=\"https:\/\/poudresdenarco.com\/ro\/produs\/flualprazolam\/\" \/>\n<meta property=\"og:locale\" content=\"ro_RO\" \/>\n<meta property=\"og:type\" content=\"article\" \/>\n<meta property=\"og:title\" content=\"Acheter Flualprazolam Pur pour Recherche | Poudres de Narco\" \/>\n<meta property=\"og:description\" content=\"Flualprazolam de haute puret\u00e9 pour laboratoires. Fournisseur fiable pour applications scientifiques chez Poudres de Narco.\" \/>\n<meta property=\"og:url\" content=\"https:\/\/poudresdenarco.com\/ro\/produs\/flualprazolam\/\" \/>\n<meta property=\"og:site_name\" content=\"Poudresde Narco\" \/>\n<meta property=\"article:modified_time\" content=\"2024-12-23T09:43:19+00:00\" \/>\n<meta property=\"og:image\" content=\"https:\/\/poudresdenarco.com\/wp-content\/uploads\/2024\/10\/Flualprazolam.gif\" \/>\n\t<meta property=\"og:image:width\" content=\"600\" \/>\n\t<meta property=\"og:image:height\" content=\"600\" \/>\n\t<meta property=\"og:image:type\" content=\"image\/gif\" \/>\n<meta name=\"twitter:card\" content=\"summary_large_image\" \/>\n<meta name=\"twitter:label1\" content=\"Timp estimat pentru citire\" \/>\n\t<meta name=\"twitter:data1\" content=\"3 minute\" \/>\n<script type=\"application\/ld+json\" class=\"yoast-schema-graph\">{\"@context\":\"https:\/\/schema.org\",\"@graph\":[{\"@type\":\"WebPage\",\"@id\":\"https:\/\/poudresdenarco.com\/produit\/flualprazolam\/\",\"url\":\"https:\/\/poudresdenarco.com\/produit\/flualprazolam\/\",\"name\":\"Acheter Flualprazolam Pur pour Recherche | Poudres de Narco\",\"isPartOf\":{\"@id\":\"https:\/\/poudresdenarco.com\/#website\"},\"primaryImageOfPage\":{\"@id\":\"https:\/\/poudresdenarco.com\/produit\/flualprazolam\/#primaryimage\"},\"image\":{\"@id\":\"https:\/\/poudresdenarco.com\/produit\/flualprazolam\/#primaryimage\"},\"thumbnailUrl\":\"https:\/\/poudresdenarco.com\/wp-content\/uploads\/2024\/10\/Flualprazolam.gif\",\"datePublished\":\"2024-10-16T11:32:20+00:00\",\"dateModified\":\"2024-12-23T09:43:19+00:00\",\"description\":\"Flualprazolam de haute puret\u00e9 pour laboratoires. Fournisseur fiable pour applications scientifiques chez Poudres de Narco.\",\"breadcrumb\":{\"@id\":\"https:\/\/poudresdenarco.com\/produit\/flualprazolam\/#breadcrumb\"},\"inLanguage\":\"ro-RO\",\"potentialAction\":[{\"@type\":\"ReadAction\",\"target\":[\"https:\/\/poudresdenarco.com\/produit\/flualprazolam\/\"]}]},{\"@type\":\"ImageObject\",\"inLanguage\":\"ro-RO\",\"@id\":\"https:\/\/poudresdenarco.com\/produit\/flualprazolam\/#primaryimage\",\"url\":\"https:\/\/poudresdenarco.com\/wp-content\/uploads\/2024\/10\/Flualprazolam.gif\",\"contentUrl\":\"https:\/\/poudresdenarco.com\/wp-content\/uploads\/2024\/10\/Flualprazolam.gif\",\"width\":600,\"height\":600,\"caption\":\"Flualprazolam\"},{\"@type\":\"BreadcrumbList\",\"@id\":\"https:\/\/poudresdenarco.com\/produit\/flualprazolam\/#breadcrumb\",\"itemListElement\":[{\"@type\":\"ListItem\",\"position\":1,\"name\":\"Home\",\"item\":\"https:\/\/poudresdenarco.com\/\"},{\"@type\":\"ListItem\",\"position\":2,\"name\":\"Boutique\",\"item\":\"https:\/\/poudresdenarco.com\/boutique\/\"},{\"@type\":\"ListItem\",\"position\":3,\"name\":\"Flualprazolam\"}]},{\"@type\":\"WebSite\",\"@id\":\"https:\/\/poudresdenarco.com\/#website\",\"url\":\"https:\/\/poudresdenarco.com\/\",\"name\":\"Poudresde Narco\",\"description\":\"Acheter de la coca\u00efne et de l&#039;h\u00e9ro\u00efne en ligne\",\"potentialAction\":[{\"@type\":\"SearchAction\",\"target\":{\"@type\":\"EntryPoint\",\"urlTemplate\":\"https:\/\/poudresdenarco.com\/?s={search_term_string}\"},\"query-input\":{\"@type\":\"PropertyValueSpecification\",\"valueRequired\":true,\"valueName\":\"search_term_string\"}}],\"inLanguage\":\"ro-RO\"}]}<\/script>\n<!-- \/ Yoast SEO plugin. -->","yoast_head_json":{"title":"Acheter Flualprazolam Pur pour Recherche | Poudres de Narco","description":"Flualprazolam de haute puret\u00e9 pour laboratoires. Fournisseur fiable pour applications scientifiques chez Poudres de Narco.","robots":{"index":"index","follow":"follow","max-snippet":"max-snippet:-1","max-image-preview":"max-image-preview:large","max-video-preview":"max-video-preview:-1"},"canonical":"https:\/\/poudresdenarco.com\/ro\/produs\/flualprazolam\/","og_locale":"ro_RO","og_type":"article","og_title":"Acheter Flualprazolam Pur pour Recherche | Poudres de Narco","og_description":"Flualprazolam de haute puret\u00e9 pour laboratoires. Fournisseur fiable pour applications scientifiques chez Poudres de Narco.","og_url":"https:\/\/poudresdenarco.com\/ro\/produs\/flualprazolam\/","og_site_name":"Poudresde Narco","article_modified_time":"2024-12-23T09:43:19+00:00","og_image":[{"width":600,"height":600,"url":"https:\/\/poudresdenarco.com\/wp-content\/uploads\/2024\/10\/Flualprazolam.gif","type":"image\/gif"}],"twitter_card":"summary_large_image","twitter_misc":{"Timp estimat pentru citire":"3 minute"},"schema":{"@context":"https:\/\/schema.org","@graph":[{"@type":"WebPage","@id":"https:\/\/poudresdenarco.com\/produit\/flualprazolam\/","url":"https:\/\/poudresdenarco.com\/produit\/flualprazolam\/","name":"Acheter Flualprazolam Pur pour Recherche | Poudres de Narco","isPartOf":{"@id":"https:\/\/poudresdenarco.com\/#website"},"primaryImageOfPage":{"@id":"https:\/\/poudresdenarco.com\/produit\/flualprazolam\/#primaryimage"},"image":{"@id":"https:\/\/poudresdenarco.com\/produit\/flualprazolam\/#primaryimage"},"thumbnailUrl":"https:\/\/poudresdenarco.com\/wp-content\/uploads\/2024\/10\/Flualprazolam.gif","datePublished":"2024-10-16T11:32:20+00:00","dateModified":"2024-12-23T09:43:19+00:00","description":"Flualprazolam de haute puret\u00e9 pour laboratoires. Fournisseur fiable pour applications scientifiques chez Poudres de Narco.","breadcrumb":{"@id":"https:\/\/poudresdenarco.com\/produit\/flualprazolam\/#breadcrumb"},"inLanguage":"ro-RO","potentialAction":[{"@type":"ReadAction","target":["https:\/\/poudresdenarco.com\/produit\/flualprazolam\/"]}]},{"@type":"ImageObject","inLanguage":"ro-RO","@id":"https:\/\/poudresdenarco.com\/produit\/flualprazolam\/#primaryimage","url":"https:\/\/poudresdenarco.com\/wp-content\/uploads\/2024\/10\/Flualprazolam.gif","contentUrl":"https:\/\/poudresdenarco.com\/wp-content\/uploads\/2024\/10\/Flualprazolam.gif","width":600,"height":600,"caption":"Flualprazolam"},{"@type":"BreadcrumbList","@id":"https:\/\/poudresdenarco.com\/produit\/flualprazolam\/#breadcrumb","itemListElement":[{"@type":"ListItem","position":1,"name":"Home","item":"https:\/\/poudresdenarco.com\/"},{"@type":"ListItem","position":2,"name":"Boutique","item":"https:\/\/poudresdenarco.com\/boutique\/"},{"@type":"ListItem","position":3,"name":"Flualprazolam"}]},{"@type":"WebSite","@id":"https:\/\/poudresdenarco.com\/#website","url":"https:\/\/poudresdenarco.com\/","name":"Poudresde Narco","description":"Acheter de la coca\u00efne et de l&#039;h\u00e9ro\u00efne en ligne","potentialAction":[{"@type":"SearchAction","target":{"@type":"EntryPoint","urlTemplate":"https:\/\/poudresdenarco.com\/?s={search_term_string}"},"query-input":{"@type":"PropertyValueSpecification","valueRequired":true,"valueName":"search_term_string"}}],"inLanguage":"ro-RO"}]}},"_links":{"self":[{"href":"https:\/\/poudresdenarco.com\/ro\/wp-json\/wp\/v2\/product\/6005","targetHints":{"allow":["GET"]}}],"collection":[{"href":"https:\/\/poudresdenarco.com\/ro\/wp-json\/wp\/v2\/product"}],"about":[{"href":"https:\/\/poudresdenarco.com\/ro\/wp-json\/wp\/v2\/types\/product"}],"replies":[{"embeddable":true,"href":"https:\/\/poudresdenarco.com\/ro\/wp-json\/wp\/v2\/comments?post=6005"}],"wp:featuredmedia":[{"embeddable":true,"href":"https:\/\/poudresdenarco.com\/ro\/wp-json\/wp\/v2\/media\/6178"}],"wp:attachment":[{"href":"https:\/\/poudresdenarco.com\/ro\/wp-json\/wp\/v2\/media?parent=6005"}],"wp:term":[{"taxonomy":"product_cat","embeddable":true,"href":"https:\/\/poudresdenarco.com\/ro\/wp-json\/wp\/v2\/product_cat?post=6005"},{"taxonomy":"product_tag","embeddable":true,"href":"https:\/\/poudresdenarco.com\/ro\/wp-json\/wp\/v2\/product_tag?post=6005"}],"curies":[{"name":"wp","href":"https:\/\/api.w.org\/{rel}","templated":true}]}}