{"id":6006,"date":"2024-10-16T11:32:20","date_gmt":"2024-10-16T11:32:20","guid":{"rendered":"https:\/\/poudresdenarco.com\/?post_type=product&#038;p=6006"},"modified":"2024-11-03T11:34:52","modified_gmt":"2024-11-03T11:34:52","slug":"bromazolam","status":"publish","type":"product","link":"https:\/\/poudresdenarco.com\/ro\/produs\/bromazolam\/","title":{"rendered":"Bromazolam"},"content":{"rendered":"<h2><strong>Cump\u0103ra\u021bi Benzolam de \u00eenalt\u0103 puritate pentru cercetare <a href=\"https:\/\/cokebricks.com\/es\/categoria-de-productos\/buy-cocaine-online\/\">&#8211;<\/a> Pulberi narcotice<\/strong><\/h2>\n<p><strong>Pulberi narcotice<\/strong> este furnizorul dvs. de \u00eencredere pentru <strong>Calitatea cercet\u0103rii Benzolam<\/strong>concepute exclusiv pentru <strong>aplica\u021bii \u0219tiin\u021bifice de laborator<\/strong>. Benzolamul nostru este produs la standarde riguroase de puritate \u0219i calitate, oferind rezultate consecvente pentru cercet\u0103torii \u00een farmacologie \u0219i chimie Cump\u0103ra\u021bi Benzolam<a href=\"https:\/\/poudresdenarco.com\/ro\/produs\/4f-php\/\">.<\/a><\/p>\n<h3>De ce s\u0103 cump\u0103ra\u021bi Benzolam de Poudres de Narco?<\/h3>\n<p>Ca un <strong>furnizor de \u00eencredere Benzolam<\/strong>, <strong>Pulberi narcotice<\/strong> garanteaz\u0103 produse care \u00eendeplinesc cerin\u021bele <strong>laboratoare certificate<\/strong> :<\/p>\n<ul>\n<li><strong>Benzolam de \u00eenalt\u0103 puritate pentru laboratoare<\/strong> : Fiecare lot de Benzolam este testat riguros pentru a asigura puritatea maxim\u0103, care este esen\u021bial\u0103 pentru <strong>aplica\u021bii \u0219tiin\u021bifice de \u00eenalt\u0103 precizie<\/strong>.<\/li>\n<li><strong>Calitate constant\u0103, fiabil\u0103<\/strong> : Benzolamul nostru este formulat pentru performan\u021be stabile, fiabile, ideal pentru <strong>studii analitice \u0219i de cercetare<\/strong>.<\/li>\n<li><strong>Comand\u0103 online securizat\u0103<\/strong> : <strong>Pulberi narcotice<\/strong> face mai u\u0219or s\u0103<strong>cump\u0103ra\u021bi Benzolam online<\/strong> cu un proces securizat conceput pentru profesioni\u0219tii din domeniul cercet\u0103rii.<\/li>\n<\/ul>\n<h3>Aplica\u021bii \u0219i instruc\u021biuni de siguran\u021b\u0103<\/h3>\n<p>Le <strong>Benzolam pentru cercetare<\/strong> de la <strong>Pulberi narcotice<\/strong> este conceput special pentru <strong>aplica\u021bii analitice \u0219i studii \u0219tiin\u021bifice<\/strong>. Pentru a asigura utilizarea corect\u0103, v\u0103 oferim instruc\u021biuni de siguran\u021b\u0103 detaliate:<\/p>\n<ul>\n<li><strong>Depozitare securizat\u0103<\/strong> P\u0103stra\u021bi Benzolam \u00eentr-un loc r\u0103coros, uscat \u0219i ferit de lumin\u0103 pentru a-i p\u0103stra calitatea.<\/li>\n<li><strong>Manipulare cu precau\u021bii<\/strong> Utiliza\u021bi echipament de protec\u021bie individual\u0103 (EPI) \u0219i lucra\u021bi \u00eentr-un mediu bine ventilat.<\/li>\n<li><strong>Utilizare strict rezervat\u0103 pentru cercetare<\/strong> Acest produs este destinat exclusiv cercet\u0103torilor califica\u021bi \u0219i laboratoarelor certificate pentru <strong>studii \u0219tiin\u021bifice avansate<\/strong>.<\/li>\n<\/ul>\n<h3>Comanda\u021bi Benzolam de \u00eenalt\u0103 puritate pentru studiile dumneavoastr\u0103 \u0219tiin\u021bifice<\/h3>\n<p>Cu <strong>Pulberi narcotice<\/strong>beneficiaz\u0103 de <strong>furnizare fiabil\u0103 de Benzolam pentru aplica\u021bii de laborator<\/strong>. Standardele noastre ridicate de calitate \u0219i siguran\u021b\u0103 \u00eenseamn\u0103 c\u0103 <strong>Pulberi narcotice<\/strong> alegerea ideal\u0103 pentru profesioni\u0219tii din domeniul cercet\u0103rii. <strong>Contacta\u021bi-ne<\/strong> pentru o ofert\u0103 sau pentru a afla mai multe despre gama noastr\u0103 de produse de \u00eenalt\u0103 puritate pentru cercetarea \u0219tiin\u021bific\u0103.<\/p>\n<h4><strong>Utiliz\u0103ri \u0219i efecte ale bromazolamului<\/strong><\/h4>\n<p>Bromazolamul este, \u00een general, v\u00e2ndut sub form\u0103 de pulbere sau tablet\u0103 numai \u00een scopuri de cercetare. Membru al familiei benzodiazepinelor, acesta este adesea studiat pentru efectele sale poten\u021biale asupra anxiet\u0103\u021bii \u0219i sed\u0103rii, efecte similare cu cele ale altor benzodiazepine utilizate mai frecvent. Cercet\u0103torii apreciaz\u0103 bromazolamul pentru studierea impactului biochimic al analogilor benzodiazepinici, de\u0219i exist\u0103 pu\u021bine date revizuite inter pares privind efectele sale generale \u0219i siguran\u021ba.<\/p>\n<h4><strong>Legalitatea bromazolamului (XLI-268)<\/strong><\/h4>\n<p>Statutul juridic al bromazolamului variaz\u0103 de la \u021bar\u0103 la \u021bar\u0103. \u00cen unele regiuni, acesta poate fi clasificat ca substan\u021b\u0103 controlat\u0103 datorit\u0103 propriet\u0103\u021bilor sale asem\u0103n\u0103toare benzodiazepinelor, \u00een timp ce \u00een altele este \u00eenc\u0103 legal ca substan\u021b\u0103 chimic\u0103 experimental\u0103, dar r\u0103m\u00e2ne reglementat. Cump\u0103r\u0103torii ar trebui s\u0103 verifice legile locale \u00eenainte de a cump\u0103ra bromazolam pentru a asigura conformitatea. Furnizori precum <em>Poudresdenarco<\/em> limiteaz\u0103, \u00een general, v\u00e2nz\u0103rile la persoanele cu v\u00e2rsta de peste 18 ani \u0219i precizeaz\u0103 c\u0103 bromazolamul este destinat exclusiv cercet\u0103rii \u00een laborator \u0219i nu consumului uman.<\/p>\n<h5><strong>Proceduri de siguran\u021b\u0103 pentru Bromazolam<\/strong><\/h5>\n<p>Din cauza poten\u021bei sale \u0219i a poten\u021bialelor efecte secundare, manipularea bromazolamului \u00een laborator necesit\u0103 m\u0103suri stricte de siguran\u021b\u0103. Se recomand\u0103 purtarea de m\u0103nu\u0219i, ochelari de protec\u021bie \u0219i aparate de respirat pentru a reduce la minimum riscul de expunere. \u00cen caz de contact accidental cu pielea sau cu ochii, este esen\u021bial\u0103 cl\u0103tirea complet\u0103 cu ap\u0103 \u0219i, dac\u0103 este necesar, trebuie solicitat\u0103 asisten\u021b\u0103 medical\u0103. Etichetarea corespunz\u0103toare, inclusiv informa\u021biile IUPAC, contribuie la asigurarea unui r\u0103spuns rapid \u00een caz de expunere accidental\u0103.<\/p>\n<h5><strong>Cum s\u0103 depozita\u021bi Bromazolam<\/strong><\/h5>\n<p>Pentru a-\u0219i men\u021bine stabilitatea \u0219i eficacitatea, bromazolamul trebuie depozitat \u00eentr-un loc r\u0103coros, uscat \u0219i \u00eentunecos, ferit de lumina direct\u0103 a soarelui, umiditate \u0219i temperaturi extreme. \u00cen condi\u021bii optime de depozitare, bromazolamul poate r\u0103m\u00e2ne stabil timp de p\u00e2n\u0103 la doi ani.<\/p>\n<h5><strong>De unde s\u0103 cump\u0103ra\u021bi Bromazolam<\/strong><\/h5>\n<p><em>Poudresdenarco<\/em> este un furnizor renumit de bromazolam (XLI-268) pulbere \u0219i tablete de \u00eenalt\u0103 calitate, oferind produse de laborator cump\u0103r\u0103torilor califica\u021bi. Achizi\u021biile de bromazolam trebuie s\u0103 fie strict pentru scopuri de cercetare \u0219i nu pentru consumul uman. Furnizori precum <em>Poudresdenarco<\/em> asigur\u0103 calitatea \u0219i autenticitatea pentru cercet\u0103torii care au nevoie de bromazolam de \u00eencredere pentru studii autorizate.<\/p>\n<h3><strong>Concluzie<\/strong><\/h3>\n<p>Bromazolam (XLI-268) este un produs chimic important pentru cercetare \u00een studiul analogilor benzodiazepinici, de\u0219i nu este aprobat pentru uz medical. Din cauza legalit\u0103\u021bii sale diferite \u0219i a riscurilor poten\u021biale, cercet\u0103torii trebuie s\u0103 manipuleze bromazolamul cu grij\u0103, respect\u00e2nd reglement\u0103rile locale \u0219i protocoalele de siguran\u021b\u0103 ale laboratorului. Aprovizionarea fiabil\u0103, depozitarea sigur\u0103 \u0219i manipularea \u00een condi\u021bii de siguran\u021b\u0103 sunt esen\u021biale pentru studierea eficient\u0103 a acestui compus \u00eentr-un mediu controlat.<\/p>\n<p>&nbsp;<\/p>","protected":false},"excerpt":{"rendered":"<p>Acheter du Benzolam de Haute Puret\u00e9 pour la Recherche &#8211; Poudres de Narco Poudres de Narco est votre fournisseur de confiance pour le Benzolam de qualit\u00e9 recherche, con\u00e7u exclusivement pour des applications scientifiques en laboratoire. Notre Benzolam est produit selon des normes rigoureuses de puret\u00e9 et de qualit\u00e9, offrant des r\u00e9sultats constants pour les chercheurs&hellip;<\/p>","protected":false},"featured_media":6177,"comment_status":"open","ping_status":"closed","template":"","meta":{"_joinchat":[]},"product_cat":[558],"product_tag":[],"class_list":{"0":"post-6006","1":"product","2":"type-product","3":"status-publish","4":"has-post-thumbnail","6":"product_cat-chimiques-de-recherche","8":"first","9":"instock","10":"shipping-taxable","11":"purchasable","12":"product-type-variable","13":"col-xs-6 col-sm-4","14":"col-md-3 col-lg-3","15":"un-4-cols"},"yoast_head":"<!-- This site is optimized with the Yoast SEO plugin v23.8 - https:\/\/yoast.com\/wordpress\/plugins\/seo\/ -->\n<title>&quot;Acheter Benzolam pour la Recherche | Poudres de Narco&quot;<\/title>\n<meta name=\"description\" content=\"Fournisseur de Benzolam pour applications scientifiques en laboratoire. Puret\u00e9 et s\u00e9curit\u00e9 garanties pour recherches avanc\u00e9es chez Poudres de Narco.\" \/>\n<meta name=\"robots\" content=\"index, follow, max-snippet:-1, max-image-preview:large, max-video-preview:-1\" \/>\n<link rel=\"canonical\" href=\"https:\/\/poudresdenarco.com\/ro\/produs\/bromazolam\/\" \/>\n<meta property=\"og:locale\" content=\"ro_RO\" \/>\n<meta property=\"og:type\" content=\"article\" \/>\n<meta property=\"og:title\" content=\"&quot;Acheter Benzolam pour la Recherche | Poudres de Narco&quot;\" \/>\n<meta property=\"og:description\" content=\"Fournisseur de Benzolam pour applications scientifiques en laboratoire. Puret\u00e9 et s\u00e9curit\u00e9 garanties pour recherches avanc\u00e9es chez Poudres de Narco.\" \/>\n<meta property=\"og:url\" content=\"https:\/\/poudresdenarco.com\/ro\/produs\/bromazolam\/\" \/>\n<meta property=\"og:site_name\" content=\"Poudresde Narco\" \/>\n<meta property=\"article:modified_time\" content=\"2024-11-03T11:34:52+00:00\" \/>\n<meta property=\"og:image\" content=\"https:\/\/poudresdenarco.com\/wp-content\/uploads\/2024\/10\/Bromazolam.gif\" \/>\n\t<meta property=\"og:image:width\" content=\"600\" \/>\n\t<meta property=\"og:image:height\" content=\"600\" \/>\n\t<meta property=\"og:image:type\" content=\"image\/gif\" \/>\n<meta name=\"twitter:card\" content=\"summary_large_image\" \/>\n<meta name=\"twitter:label1\" content=\"Timp estimat pentru citire\" \/>\n\t<meta name=\"twitter:data1\" content=\"4 minute\" \/>\n<script type=\"application\/ld+json\" class=\"yoast-schema-graph\">{\"@context\":\"https:\/\/schema.org\",\"@graph\":[{\"@type\":\"WebPage\",\"@id\":\"https:\/\/poudresdenarco.com\/produit\/bromazolam\/\",\"url\":\"https:\/\/poudresdenarco.com\/produit\/bromazolam\/\",\"name\":\"\\\"Acheter Benzolam pour la Recherche | Poudres de Narco\\\"\",\"isPartOf\":{\"@id\":\"https:\/\/poudresdenarco.com\/#website\"},\"primaryImageOfPage\":{\"@id\":\"https:\/\/poudresdenarco.com\/produit\/bromazolam\/#primaryimage\"},\"image\":{\"@id\":\"https:\/\/poudresdenarco.com\/produit\/bromazolam\/#primaryimage\"},\"thumbnailUrl\":\"https:\/\/poudresdenarco.com\/wp-content\/uploads\/2024\/10\/Bromazolam.gif\",\"datePublished\":\"2024-10-16T11:32:20+00:00\",\"dateModified\":\"2024-11-03T11:34:52+00:00\",\"description\":\"Fournisseur de Benzolam pour applications scientifiques en laboratoire. Puret\u00e9 et s\u00e9curit\u00e9 garanties pour recherches avanc\u00e9es chez Poudres de Narco.\",\"breadcrumb\":{\"@id\":\"https:\/\/poudresdenarco.com\/produit\/bromazolam\/#breadcrumb\"},\"inLanguage\":\"ro-RO\",\"potentialAction\":[{\"@type\":\"ReadAction\",\"target\":[\"https:\/\/poudresdenarco.com\/produit\/bromazolam\/\"]}]},{\"@type\":\"ImageObject\",\"inLanguage\":\"ro-RO\",\"@id\":\"https:\/\/poudresdenarco.com\/produit\/bromazolam\/#primaryimage\",\"url\":\"https:\/\/poudresdenarco.com\/wp-content\/uploads\/2024\/10\/Bromazolam.gif\",\"contentUrl\":\"https:\/\/poudresdenarco.com\/wp-content\/uploads\/2024\/10\/Bromazolam.gif\",\"width\":600,\"height\":600,\"caption\":\"Bromazolam\"},{\"@type\":\"BreadcrumbList\",\"@id\":\"https:\/\/poudresdenarco.com\/produit\/bromazolam\/#breadcrumb\",\"itemListElement\":[{\"@type\":\"ListItem\",\"position\":1,\"name\":\"Home\",\"item\":\"https:\/\/poudresdenarco.com\/\"},{\"@type\":\"ListItem\",\"position\":2,\"name\":\"Boutique\",\"item\":\"https:\/\/poudresdenarco.com\/boutique\/\"},{\"@type\":\"ListItem\",\"position\":3,\"name\":\"Bromazolam\"}]},{\"@type\":\"WebSite\",\"@id\":\"https:\/\/poudresdenarco.com\/#website\",\"url\":\"https:\/\/poudresdenarco.com\/\",\"name\":\"Poudresde Narco\",\"description\":\"Acheter de la coca\u00efne et de l&#039;h\u00e9ro\u00efne en ligne\",\"potentialAction\":[{\"@type\":\"SearchAction\",\"target\":{\"@type\":\"EntryPoint\",\"urlTemplate\":\"https:\/\/poudresdenarco.com\/?s={search_term_string}\"},\"query-input\":{\"@type\":\"PropertyValueSpecification\",\"valueRequired\":true,\"valueName\":\"search_term_string\"}}],\"inLanguage\":\"ro-RO\"}]}<\/script>\n<!-- \/ Yoast SEO plugin. -->","yoast_head_json":{"title":"\"Acheter Benzolam pour la Recherche | Poudres de Narco\"","description":"Fournisseur de Benzolam pour applications scientifiques en laboratoire. Puret\u00e9 et s\u00e9curit\u00e9 garanties pour recherches avanc\u00e9es chez Poudres de Narco.","robots":{"index":"index","follow":"follow","max-snippet":"max-snippet:-1","max-image-preview":"max-image-preview:large","max-video-preview":"max-video-preview:-1"},"canonical":"https:\/\/poudresdenarco.com\/ro\/produs\/bromazolam\/","og_locale":"ro_RO","og_type":"article","og_title":"\"Acheter Benzolam pour la Recherche | Poudres de Narco\"","og_description":"Fournisseur de Benzolam pour applications scientifiques en laboratoire. Puret\u00e9 et s\u00e9curit\u00e9 garanties pour recherches avanc\u00e9es chez Poudres de Narco.","og_url":"https:\/\/poudresdenarco.com\/ro\/produs\/bromazolam\/","og_site_name":"Poudresde Narco","article_modified_time":"2024-11-03T11:34:52+00:00","og_image":[{"width":600,"height":600,"url":"https:\/\/poudresdenarco.com\/wp-content\/uploads\/2024\/10\/Bromazolam.gif","type":"image\/gif"}],"twitter_card":"summary_large_image","twitter_misc":{"Timp estimat pentru citire":"4 minute"},"schema":{"@context":"https:\/\/schema.org","@graph":[{"@type":"WebPage","@id":"https:\/\/poudresdenarco.com\/produit\/bromazolam\/","url":"https:\/\/poudresdenarco.com\/produit\/bromazolam\/","name":"\"Acheter Benzolam pour la Recherche | Poudres de Narco\"","isPartOf":{"@id":"https:\/\/poudresdenarco.com\/#website"},"primaryImageOfPage":{"@id":"https:\/\/poudresdenarco.com\/produit\/bromazolam\/#primaryimage"},"image":{"@id":"https:\/\/poudresdenarco.com\/produit\/bromazolam\/#primaryimage"},"thumbnailUrl":"https:\/\/poudresdenarco.com\/wp-content\/uploads\/2024\/10\/Bromazolam.gif","datePublished":"2024-10-16T11:32:20+00:00","dateModified":"2024-11-03T11:34:52+00:00","description":"Fournisseur de Benzolam pour applications scientifiques en laboratoire. Puret\u00e9 et s\u00e9curit\u00e9 garanties pour recherches avanc\u00e9es chez Poudres de Narco.","breadcrumb":{"@id":"https:\/\/poudresdenarco.com\/produit\/bromazolam\/#breadcrumb"},"inLanguage":"ro-RO","potentialAction":[{"@type":"ReadAction","target":["https:\/\/poudresdenarco.com\/produit\/bromazolam\/"]}]},{"@type":"ImageObject","inLanguage":"ro-RO","@id":"https:\/\/poudresdenarco.com\/produit\/bromazolam\/#primaryimage","url":"https:\/\/poudresdenarco.com\/wp-content\/uploads\/2024\/10\/Bromazolam.gif","contentUrl":"https:\/\/poudresdenarco.com\/wp-content\/uploads\/2024\/10\/Bromazolam.gif","width":600,"height":600,"caption":"Bromazolam"},{"@type":"BreadcrumbList","@id":"https:\/\/poudresdenarco.com\/produit\/bromazolam\/#breadcrumb","itemListElement":[{"@type":"ListItem","position":1,"name":"Home","item":"https:\/\/poudresdenarco.com\/"},{"@type":"ListItem","position":2,"name":"Boutique","item":"https:\/\/poudresdenarco.com\/boutique\/"},{"@type":"ListItem","position":3,"name":"Bromazolam"}]},{"@type":"WebSite","@id":"https:\/\/poudresdenarco.com\/#website","url":"https:\/\/poudresdenarco.com\/","name":"Poudresde Narco","description":"Acheter de la coca\u00efne et de l&#039;h\u00e9ro\u00efne en ligne","potentialAction":[{"@type":"SearchAction","target":{"@type":"EntryPoint","urlTemplate":"https:\/\/poudresdenarco.com\/?s={search_term_string}"},"query-input":{"@type":"PropertyValueSpecification","valueRequired":true,"valueName":"search_term_string"}}],"inLanguage":"ro-RO"}]}},"_links":{"self":[{"href":"https:\/\/poudresdenarco.com\/ro\/wp-json\/wp\/v2\/product\/6006","targetHints":{"allow":["GET"]}}],"collection":[{"href":"https:\/\/poudresdenarco.com\/ro\/wp-json\/wp\/v2\/product"}],"about":[{"href":"https:\/\/poudresdenarco.com\/ro\/wp-json\/wp\/v2\/types\/product"}],"replies":[{"embeddable":true,"href":"https:\/\/poudresdenarco.com\/ro\/wp-json\/wp\/v2\/comments?post=6006"}],"wp:featuredmedia":[{"embeddable":true,"href":"https:\/\/poudresdenarco.com\/ro\/wp-json\/wp\/v2\/media\/6177"}],"wp:attachment":[{"href":"https:\/\/poudresdenarco.com\/ro\/wp-json\/wp\/v2\/media?parent=6006"}],"wp:term":[{"taxonomy":"product_cat","embeddable":true,"href":"https:\/\/poudresdenarco.com\/ro\/wp-json\/wp\/v2\/product_cat?post=6006"},{"taxonomy":"product_tag","embeddable":true,"href":"https:\/\/poudresdenarco.com\/ro\/wp-json\/wp\/v2\/product_tag?post=6006"}],"curies":[{"name":"wp","href":"https:\/\/api.w.org\/{rel}","templated":true}]}}