{"id":6039,"date":"2024-10-16T11:32:30","date_gmt":"2024-10-16T11:32:30","guid":{"rendered":"https:\/\/poudresdenarco.com\/?post_type=product&#038;p=6039"},"modified":"2024-11-04T08:24:32","modified_gmt":"2024-11-04T08:24:32","slug":"o-dsmt-destramadol","status":"publish","type":"product","link":"https:\/\/poudresdenarco.com\/ro\/produs\/o-dsmt-destramadol\/","title":{"rendered":"O-DSMT [Destramadol]"},"content":{"rendered":"<h2>Cump\u0103ra\u021bi O-DSMT [Destramadol] online<\/h2>\n<p>L'<a href=\"https:\/\/poudresdenarco.com\/ro\/produs\/o-dsmt-destramadol\/\">O-Desmetiltramadol (O-DSMT)<\/a> este un opioid care a fost utilizat \u00een principal indirect, deoarece este un metabolit major al analgezicului tramadol. \u00cencep\u00e2nd cu anii 2010, este uneori utilizat singur, deoarece este v\u00e2ndut pe pia\u021ba gri \/ pia\u021ba chimic\u0103 de cercetare Cump\u0103ra\u021bi O-DSMT (Destramadol) .<\/p>\n<p>Are o durat\u0103 de ac\u021biune mai lung\u0103 dec\u00e2t tramadolul \u0219i efecte opioide mai tipice, de\u0219i are \u00eenc\u0103 un impact asupra sistemelor monoaminergice \u00eentr-o m\u0103sur\u0103 care ar putea influen\u021ba oarecum profilul efectului. <a href=\"https:\/\/poudresdenarco.com\/ro\/\">PowderDenarco<\/a><\/p>\n<p>O-Desmetiltramadol = O-DSMT ; Desmetramadol ; <a href=\"https:\/\/en.wikipedia.org\/?title=O-Desmethyltramadol&amp;redirect=no\">O-Demethyltramadol<\/a><\/p>\n<p>PubChem : 9838803<\/p>\n<p>Greutate molecular\u0103: 249,354 g\/mol<\/p>\n<p>IUPAC: 3-[2-[(dimetilamino)metil]-1-hidroxiciclohexil]fenol<\/p>\n<h3><strong>Cumpara O-DSMT de \u00eenalt\u0103 puritate (Destramadol) pentru cercetare - Pulberi narcotice<\/strong><\/h3>\n<p><strong>Pulberi narcotice<\/strong> este sursa dvs. de \u00eencredere pentru<strong>O-DSMT (Destramadol) cu grad de cercetare<\/strong>concepute exclusiv pentru <strong>aplica\u021bii \u0219tiin\u021bifice de laborator<\/strong>. O-DSMT-ul nostru este produs la standarde riguroase de puritate \u0219i calitate, asigur\u00e2nd rezultate fiabile pentru cercet\u0103torii farmacologi \u0219i chimici.<\/p>\n<h3>De ce s\u0103 alege\u021bi O-DSMT (Destramadol) de la Narco Powders?<\/h3>\n<p>Ca un <strong>Furnizor O-DSMT pentru cercetare<\/strong>, <strong>Pulberi narcotice<\/strong> garanteaz\u0103 produse care respect\u0103 <strong>laboratoare certificate<\/strong> :<\/p>\n<ul>\n<li><strong>O-DSMT de \u00eenalt\u0103 puritate pentru laboratoare<\/strong> : Fiecare lot este testat riguros pentru a asigura puritatea maxim\u0103, care este esen\u021bial\u0103 pentru <strong>aplica\u021bii \u0219tiin\u021bifice de precizie<\/strong>.<\/li>\n<li><strong>Calitate constant\u0103, fiabil\u0103<\/strong> : O-DSMT-ul nostru este formulat pentru performan\u021be stabile, adaptat la <strong>studii analitice de laborator<\/strong>.<\/li>\n<li><strong>Comand\u0103 online securizat\u0103<\/strong> : <strong>Pulberi narcotice<\/strong> simplific\u0103<strong>cump\u0103ra O-DSMT online<\/strong> prin oferirea unui proces securizat care \u00eendepline\u0219te cerin\u021bele profesioni\u0219tilor din domeniul cercet\u0103rii.<\/li>\n<\/ul>\n<h3>Aplica\u021bii \u0219i instruc\u021biuni de siguran\u021b\u0103<\/h3>\n<p>L'<strong>O-DSMT pentru cercetare<\/strong> de la <strong>Pulberi narcotice<\/strong> este destinat pentru <strong>aplica\u021bii analitice \u0219i studii \u0219tiin\u021bifice<\/strong>. Oferim recomand\u0103ri de siguran\u021b\u0103 pentru a asigura utilizarea corect\u0103 \u0219i sigur\u0103:<\/p>\n<ul>\n<li><strong>Depozitare securizat\u0103<\/strong> P\u0103stra\u021bi O-DSMT \u00eentr-un loc r\u0103coros, uscat \u0219i ferit de lumin\u0103.<\/li>\n<li><strong>Manipulare cu precau\u021bii<\/strong> Utiliza\u021bi echipament de protec\u021bie individual\u0103 (EPI) \u0219i lucra\u021bi \u00eentr-o zon\u0103 bine ventilat\u0103.<\/li>\n<li><strong>Utilizare strict rezervat\u0103 pentru cercetare<\/strong> Acest produs este destinat exclusiv cercet\u0103torilor califica\u021bi \u0219i laboratoarelor certificate.<\/li>\n<\/ul>\n<h3>Comanda\u021bi O-DSMT (Destramadol) de \u00eenalt\u0103 puritate pentru studiile dumneavoastr\u0103 \u0219tiin\u021bifice<\/h3>\n<p>Cu <strong>Pulberi narcotice<\/strong>beneficia\u021bi de <strong>furnizare fiabil\u0103 de O-DSMT pentru aplica\u021bii de laborator<\/strong>. Standardele noastre ridicate de calitate \u0219i siguran\u021b\u0103 \u00eenseamn\u0103 c\u0103 <strong>Pulberi narcotice<\/strong> alegerea ideal\u0103 pentru profesioni\u0219tii din domeniul cercet\u0103rii \u0219tiin\u021bifice. <strong>Contacta\u021bi-ne<\/strong> pentru un citat sau pentru a afla mai multe despre gama noastr\u0103 de produse de \u00eenalt\u0103 puritate Cump\u0103ra\u021bi O-DSMT (Destramadol) .<\/p>","protected":false},"excerpt":{"rendered":"<p>Acheter O-DSMT [Destramadol] en ligne L&rsquo;O-Desmethyltramadol (O-DSMT) est un opio\u00efde qui a \u00e9t\u00e9 principalement utilis\u00e9 indirectement car il est un m\u00e9tabolite principal de l&rsquo;analg\u00e9sique tramadol. Depuis les ann\u00e9es 2010, il est parfois utilis\u00e9 seul car il est vendu sur le march\u00e9 gris\/march\u00e9 des produits chimiques de recherche Acheter O-DSMT (Destramadol) . Il a une dur\u00e9e&hellip;<\/p>","protected":false},"featured_media":6193,"comment_status":"open","ping_status":"closed","template":"","meta":{"_joinchat":[]},"product_cat":[558],"product_tag":[],"class_list":{"0":"post-6039","1":"product","2":"type-product","3":"status-publish","4":"has-post-thumbnail","6":"product_cat-chimiques-de-recherche","8":"first","9":"instock","10":"shipping-taxable","11":"purchasable","12":"product-type-variable","13":"col-xs-6 col-sm-4","14":"col-md-3 col-lg-3","15":"un-4-cols"},"yoast_head":"<!-- This site is optimized with the Yoast SEO plugin v23.8 - https:\/\/yoast.com\/wordpress\/plugins\/seo\/ -->\n<title>Acheter O-DSMT (Destramadol) Poudres de Narco<\/title>\n<meta name=\"description\" content=\"Fournisseur d&#039;O-DSMT (Destramadol) pour applications scientifiques en laboratoire. Puret\u00e9 et s\u00e9curit\u00e9 garanties pour recherches avanc\u00e9es chez Poudres de Narco. Acheter O-DSMT (Destramadol)\" \/>\n<meta name=\"robots\" content=\"index, follow, max-snippet:-1, max-image-preview:large, max-video-preview:-1\" \/>\n<link rel=\"canonical\" href=\"https:\/\/poudresdenarco.com\/ro\/produs\/o-dsmt-destramadol\/\" \/>\n<meta property=\"og:locale\" content=\"ro_RO\" \/>\n<meta property=\"og:type\" content=\"article\" \/>\n<meta property=\"og:title\" content=\"Acheter O-DSMT (Destramadol) Poudres de Narco\" \/>\n<meta property=\"og:description\" content=\"Fournisseur d&#039;O-DSMT (Destramadol) pour applications scientifiques en laboratoire. Puret\u00e9 et s\u00e9curit\u00e9 garanties pour recherches avanc\u00e9es chez Poudres de Narco. Acheter O-DSMT (Destramadol)\" \/>\n<meta property=\"og:url\" content=\"https:\/\/poudresdenarco.com\/ro\/produs\/o-dsmt-destramadol\/\" \/>\n<meta property=\"og:site_name\" content=\"Poudresde Narco\" \/>\n<meta property=\"article:modified_time\" content=\"2024-11-04T08:24:32+00:00\" \/>\n<meta property=\"og:image\" content=\"https:\/\/poudresdenarco.com\/wp-content\/uploads\/2024\/10\/O-DSMTDestramadol.gif\" \/>\n\t<meta property=\"og:image:width\" content=\"600\" \/>\n\t<meta property=\"og:image:height\" content=\"600\" \/>\n\t<meta property=\"og:image:type\" content=\"image\/gif\" \/>\n<meta name=\"twitter:card\" content=\"summary_large_image\" \/>\n<meta name=\"twitter:label1\" content=\"Timp estimat pentru citire\" \/>\n\t<meta name=\"twitter:data1\" content=\"3 minute\" \/>\n<script type=\"application\/ld+json\" class=\"yoast-schema-graph\">{\"@context\":\"https:\/\/schema.org\",\"@graph\":[{\"@type\":\"WebPage\",\"@id\":\"https:\/\/poudresdenarco.com\/produit\/o-dsmt-destramadol\/\",\"url\":\"https:\/\/poudresdenarco.com\/produit\/o-dsmt-destramadol\/\",\"name\":\"Acheter O-DSMT (Destramadol) Poudres de Narco\",\"isPartOf\":{\"@id\":\"https:\/\/poudresdenarco.com\/#website\"},\"primaryImageOfPage\":{\"@id\":\"https:\/\/poudresdenarco.com\/produit\/o-dsmt-destramadol\/#primaryimage\"},\"image\":{\"@id\":\"https:\/\/poudresdenarco.com\/produit\/o-dsmt-destramadol\/#primaryimage\"},\"thumbnailUrl\":\"https:\/\/poudresdenarco.com\/wp-content\/uploads\/2024\/10\/O-DSMTDestramadol.gif\",\"datePublished\":\"2024-10-16T11:32:30+00:00\",\"dateModified\":\"2024-11-04T08:24:32+00:00\",\"description\":\"Fournisseur d'O-DSMT (Destramadol) pour applications scientifiques en laboratoire. Puret\u00e9 et s\u00e9curit\u00e9 garanties pour recherches avanc\u00e9es chez Poudres de Narco. Acheter O-DSMT (Destramadol)\",\"breadcrumb\":{\"@id\":\"https:\/\/poudresdenarco.com\/produit\/o-dsmt-destramadol\/#breadcrumb\"},\"inLanguage\":\"ro-RO\",\"potentialAction\":[{\"@type\":\"ReadAction\",\"target\":[\"https:\/\/poudresdenarco.com\/produit\/o-dsmt-destramadol\/\"]}]},{\"@type\":\"ImageObject\",\"inLanguage\":\"ro-RO\",\"@id\":\"https:\/\/poudresdenarco.com\/produit\/o-dsmt-destramadol\/#primaryimage\",\"url\":\"https:\/\/poudresdenarco.com\/wp-content\/uploads\/2024\/10\/O-DSMTDestramadol.gif\",\"contentUrl\":\"https:\/\/poudresdenarco.com\/wp-content\/uploads\/2024\/10\/O-DSMTDestramadol.gif\",\"width\":600,\"height\":600,\"caption\":\"O-DSMT[Destramadol]\"},{\"@type\":\"BreadcrumbList\",\"@id\":\"https:\/\/poudresdenarco.com\/produit\/o-dsmt-destramadol\/#breadcrumb\",\"itemListElement\":[{\"@type\":\"ListItem\",\"position\":1,\"name\":\"Home\",\"item\":\"https:\/\/poudresdenarco.com\/\"},{\"@type\":\"ListItem\",\"position\":2,\"name\":\"Boutique\",\"item\":\"https:\/\/poudresdenarco.com\/boutique\/\"},{\"@type\":\"ListItem\",\"position\":3,\"name\":\"O-DSMT [Destramadol]\"}]},{\"@type\":\"WebSite\",\"@id\":\"https:\/\/poudresdenarco.com\/#website\",\"url\":\"https:\/\/poudresdenarco.com\/\",\"name\":\"Poudresde Narco\",\"description\":\"Acheter de la coca\u00efne et de l&#039;h\u00e9ro\u00efne en ligne\",\"potentialAction\":[{\"@type\":\"SearchAction\",\"target\":{\"@type\":\"EntryPoint\",\"urlTemplate\":\"https:\/\/poudresdenarco.com\/?s={search_term_string}\"},\"query-input\":{\"@type\":\"PropertyValueSpecification\",\"valueRequired\":true,\"valueName\":\"search_term_string\"}}],\"inLanguage\":\"ro-RO\"}]}<\/script>\n<!-- \/ Yoast SEO plugin. -->","yoast_head_json":{"title":"Acheter O-DSMT (Destramadol) Poudres de Narco","description":"Fournisseur d'O-DSMT (Destramadol) pour applications scientifiques en laboratoire. Puret\u00e9 et s\u00e9curit\u00e9 garanties pour recherches avanc\u00e9es chez Poudres de Narco. Acheter O-DSMT (Destramadol)","robots":{"index":"index","follow":"follow","max-snippet":"max-snippet:-1","max-image-preview":"max-image-preview:large","max-video-preview":"max-video-preview:-1"},"canonical":"https:\/\/poudresdenarco.com\/ro\/produs\/o-dsmt-destramadol\/","og_locale":"ro_RO","og_type":"article","og_title":"Acheter O-DSMT (Destramadol) Poudres de Narco","og_description":"Fournisseur d'O-DSMT (Destramadol) pour applications scientifiques en laboratoire. Puret\u00e9 et s\u00e9curit\u00e9 garanties pour recherches avanc\u00e9es chez Poudres de Narco. Acheter O-DSMT (Destramadol)","og_url":"https:\/\/poudresdenarco.com\/ro\/produs\/o-dsmt-destramadol\/","og_site_name":"Poudresde Narco","article_modified_time":"2024-11-04T08:24:32+00:00","og_image":[{"width":600,"height":600,"url":"https:\/\/poudresdenarco.com\/wp-content\/uploads\/2024\/10\/O-DSMTDestramadol.gif","type":"image\/gif"}],"twitter_card":"summary_large_image","twitter_misc":{"Timp estimat pentru citire":"3 minute"},"schema":{"@context":"https:\/\/schema.org","@graph":[{"@type":"WebPage","@id":"https:\/\/poudresdenarco.com\/produit\/o-dsmt-destramadol\/","url":"https:\/\/poudresdenarco.com\/produit\/o-dsmt-destramadol\/","name":"Acheter O-DSMT (Destramadol) Poudres de Narco","isPartOf":{"@id":"https:\/\/poudresdenarco.com\/#website"},"primaryImageOfPage":{"@id":"https:\/\/poudresdenarco.com\/produit\/o-dsmt-destramadol\/#primaryimage"},"image":{"@id":"https:\/\/poudresdenarco.com\/produit\/o-dsmt-destramadol\/#primaryimage"},"thumbnailUrl":"https:\/\/poudresdenarco.com\/wp-content\/uploads\/2024\/10\/O-DSMTDestramadol.gif","datePublished":"2024-10-16T11:32:30+00:00","dateModified":"2024-11-04T08:24:32+00:00","description":"Fournisseur d'O-DSMT (Destramadol) pour applications scientifiques en laboratoire. Puret\u00e9 et s\u00e9curit\u00e9 garanties pour recherches avanc\u00e9es chez Poudres de Narco. Acheter O-DSMT (Destramadol)","breadcrumb":{"@id":"https:\/\/poudresdenarco.com\/produit\/o-dsmt-destramadol\/#breadcrumb"},"inLanguage":"ro-RO","potentialAction":[{"@type":"ReadAction","target":["https:\/\/poudresdenarco.com\/produit\/o-dsmt-destramadol\/"]}]},{"@type":"ImageObject","inLanguage":"ro-RO","@id":"https:\/\/poudresdenarco.com\/produit\/o-dsmt-destramadol\/#primaryimage","url":"https:\/\/poudresdenarco.com\/wp-content\/uploads\/2024\/10\/O-DSMTDestramadol.gif","contentUrl":"https:\/\/poudresdenarco.com\/wp-content\/uploads\/2024\/10\/O-DSMTDestramadol.gif","width":600,"height":600,"caption":"O-DSMT[Destramadol]"},{"@type":"BreadcrumbList","@id":"https:\/\/poudresdenarco.com\/produit\/o-dsmt-destramadol\/#breadcrumb","itemListElement":[{"@type":"ListItem","position":1,"name":"Home","item":"https:\/\/poudresdenarco.com\/"},{"@type":"ListItem","position":2,"name":"Boutique","item":"https:\/\/poudresdenarco.com\/boutique\/"},{"@type":"ListItem","position":3,"name":"O-DSMT [Destramadol]"}]},{"@type":"WebSite","@id":"https:\/\/poudresdenarco.com\/#website","url":"https:\/\/poudresdenarco.com\/","name":"Poudresde Narco","description":"Acheter de la coca\u00efne et de l&#039;h\u00e9ro\u00efne en ligne","potentialAction":[{"@type":"SearchAction","target":{"@type":"EntryPoint","urlTemplate":"https:\/\/poudresdenarco.com\/?s={search_term_string}"},"query-input":{"@type":"PropertyValueSpecification","valueRequired":true,"valueName":"search_term_string"}}],"inLanguage":"ro-RO"}]}},"_links":{"self":[{"href":"https:\/\/poudresdenarco.com\/ro\/wp-json\/wp\/v2\/product\/6039","targetHints":{"allow":["GET"]}}],"collection":[{"href":"https:\/\/poudresdenarco.com\/ro\/wp-json\/wp\/v2\/product"}],"about":[{"href":"https:\/\/poudresdenarco.com\/ro\/wp-json\/wp\/v2\/types\/product"}],"replies":[{"embeddable":true,"href":"https:\/\/poudresdenarco.com\/ro\/wp-json\/wp\/v2\/comments?post=6039"}],"wp:featuredmedia":[{"embeddable":true,"href":"https:\/\/poudresdenarco.com\/ro\/wp-json\/wp\/v2\/media\/6193"}],"wp:attachment":[{"href":"https:\/\/poudresdenarco.com\/ro\/wp-json\/wp\/v2\/media?parent=6039"}],"wp:term":[{"taxonomy":"product_cat","embeddable":true,"href":"https:\/\/poudresdenarco.com\/ro\/wp-json\/wp\/v2\/product_cat?post=6039"},{"taxonomy":"product_tag","embeddable":true,"href":"https:\/\/poudresdenarco.com\/ro\/wp-json\/wp\/v2\/product_tag?post=6039"}],"curies":[{"name":"wp","href":"https:\/\/api.w.org\/{rel}","templated":true}]}}