{"id":6091,"date":"2024-10-16T11:32:47","date_gmt":"2024-10-16T11:32:47","guid":{"rendered":"https:\/\/poudresdenarco.com\/?post_type=product&#038;p=6091"},"modified":"2024-11-02T12:27:21","modified_gmt":"2024-11-02T12:27:21","slug":"2cd","status":"publish","type":"product","link":"https:\/\/poudresdenarco.com\/ro\/produs\/2cd\/","title":{"rendered":"2CD"},"content":{"rendered":"<h2>Ce este 2CD?<\/h2>\n<p><a href=\"https:\/\/poudresdenarco.com\/ro\/produs\/2cd\/\">Cump\u0103ra\u021bi 2C-D<\/a> este prescurtarea de la 2,5-dimetoxi-4-etilfenetilamin\u0103. Aceast\u0103 substan\u021b\u0103 chimic\u0103 de cercetare este de natur\u0103 psihedelic\u0103 \u0219i apar\u021bine clasei de substan\u021be chimice feniletilamin\u0103. Structura sa chimic\u0103 este similar\u0103 cu cea a mescalinei. Produsul chimic a fost sintetizat pentru prima dat\u0103 \u00een 1977. 2CD are un inel fenil legat de o grup\u0103 amino (NH2) printr-un lan\u021b etil. Aceasta produce o serie de rezultate de cercetare care sunt de dorit pentru mul\u021bi experimentali\u0219ti din comunitatea de cercetare chimic\u0103. <a href=\"https:\/\/poudresdenarco.com\/ro\/\">PowderDenarco<\/a><\/p>\n<h3>De unde pot cump\u0103ra 2CD?<\/h3>\n<p>2CD poate fi achizi\u021bionat chiar aici, pe acest site. Avem 2C-E de foarte bun\u0103 calitate, de obicei sub form\u0103 de pulbere. Cu toate acestea, dac\u0103 ave\u021bi nevoie de ea \u00eentr-o alt\u0103 form\u0103, v\u0103 rug\u0103m s\u0103 ne \u00eentreba\u021bi, deoarece avem adesea alte forme disponibile. 2CD-ul nostru nu este destinat utiliz\u0103rii la animale sau la om. Acesta este destinat exclusiv cercet\u0103rii. Trebuie s\u0103 ave\u021bi cel pu\u021bin 18 ani pentru a cump\u0103ra 2C-E de la noi \u0219i s\u0103 respecta\u021bi pe deplin legisla\u021bia privind substan\u021bele chimice pentru cercetare din \u021bara dumneavoastr\u0103.<\/p>\n<h4><strong>Cump\u0103ra\u021bi 2C-D de \u00eenalt\u0103 puritate pentru cercetare - Narco Powders<\/strong><\/h4>\n<p>Poudres de Narco este partenerul dumneavoastr\u0103 de \u00eencredere pentru <strong>2C-D calitatea cercet\u0103rii<\/strong>exclusiv pentru <strong>aplica\u021bii de laborator<\/strong> \u0219i <strong>studii \u0219tiin\u021bifice<\/strong>. 2C-D-ul nostru este produs \u00een conformitate cu standarde riguroase de puritate \u0219i calitate, ceea ce \u00eel face o alegere sigur\u0103 pentru cercet\u0103torii din domeniul chimic \u0219i farmacologic care solicit\u0103 produse constante \u0219i sigure.<\/p>\n<h3>De ce s\u0103 alege\u021bi 2C-D de la Poudres de Narco?<\/h3>\n<p>Ca un <strong>2C-D furnizor pentru cercetare<\/strong>Poudres de Narco se asigur\u0103 c\u0103 produsele sale sunt testate \u00een laborator \u0219i respect\u0103 standardele de siguran\u021b\u0103:<\/p>\n<ul>\n<li><strong>Puritate garantat\u0103<\/strong> Fiecare lot de 2C-D este controlat riguros pentru a asigura un nivel optim de puritate, esen\u021bial pentru ob\u021binerea unor rezultate precise \u00een cercetare.<\/li>\n<li><strong>Calitate fiabil\u0103<\/strong> Modelul nostru 2C-D este fabricat pentru a oferi performan\u021be constante, r\u0103spunz\u00e2nd nevoilor studiilor \u00een medii controlate.<\/li>\n<li><strong>Comand\u0103 securizat\u0103<\/strong> : Facem mai u\u0219or s\u0103<strong>achizi\u021bionarea de 2C-D pentru aplica\u021bii \u0219tiin\u021bifice<\/strong>cu un proces de comand\u0103 securizat \u0219i confiden\u021bial.<\/li>\n<\/ul>\n<h3>Aplica\u021bii \u0219i instruc\u021biuni de siguran\u021b\u0103<\/h3>\n<p>Le <strong>2C-D<\/strong> de Poudres de Narco este destinat cercet\u0103torilor pentru <strong>aplica\u021bii analitice \u0219i studii de laborator<\/strong>. Oferim instruc\u021biuni de siguran\u021b\u0103 detaliate pentru a asigura utilizarea corect\u0103 \u0219i \u00een siguran\u021b\u0103:<\/p>\n<ul>\n<li><strong>Depozitare securizat\u0103<\/strong> P\u0103stra\u021bi 2C-D \u00eentr-un loc r\u0103coros, uscat \u0219i ferit de lumin\u0103.<\/li>\n<li><strong>Manipulare conform\u0103<\/strong> Utiliza\u021bi echipament de protec\u021bie individual\u0103 (EPI) \u0219i lucra\u021bi \u00een zone bine ventilate.<\/li>\n<li><strong>Utilizare strict rezervat\u0103 pentru cercetare<\/strong> Acest produs este destinat laboratoarelor \u0219i cercet\u0103torilor \u00een medii de cercetare autorizate.<\/li>\n<\/ul>\n<h3>Comanda\u021bi 2C-D pentru studiile dumneavoastr\u0103 \u0219tiin\u021bifice<\/h3>\n<p>Cu Poudres de Narco, v\u0103 pute\u021bi baza pe o furnizare fiabil\u0103 de <strong>2C-D de \u00eenalt\u0103 puritate<\/strong> pentru nevoile dvs. de cercetare. <strong>Contacta\u021bi-ne<\/strong> pentru o ofert\u0103 sau pentru mai multe informa\u021bii despre gama noastr\u0103 de produse \u0219tiin\u021bifice pentru aplica\u021bii de laborator.<\/p>\n<p>&nbsp;<\/p>","protected":false},"excerpt":{"rendered":"<p>Qu&rsquo;est-ce que le 2CD ? Acheter 2C-D est l&rsquo;abr\u00e9viation de 2,5-Dimethoxy-4-ethylphenethylamine. Ce produit chimique de recherche est de nature psych\u00e9d\u00e9lique et fait partie de la classe des produits chimiques ph\u00e9nyl\u00e9thylamine. Sa structure chimique est similaire \u00e0 celle de la mescaline. Ce produit chimique a \u00e9t\u00e9 synth\u00e9tis\u00e9 pour la premi\u00e8re fois en 1977. Le 2CD poss\u00e8de&hellip;<\/p>","protected":false},"featured_media":6207,"comment_status":"open","ping_status":"closed","template":"","meta":{"_joinchat":[]},"product_cat":[558],"product_tag":[],"class_list":{"0":"post-6091","1":"product","2":"type-product","3":"status-publish","4":"has-post-thumbnail","6":"product_cat-chimiques-de-recherche","8":"first","9":"instock","10":"shipping-taxable","11":"purchasable","12":"product-type-variable","13":"col-xs-6 col-sm-4","14":"col-md-3 col-lg-3","15":"un-4-cols"},"yoast_head":"<!-- This site is optimized with the Yoast SEO plugin v23.8 - https:\/\/yoast.com\/wordpress\/plugins\/seo\/ -->\n<title>Acheter 2C-D de Qualit\u00e9 pour la Recherche | Poudres de Narco<\/title>\n<meta name=\"description\" content=\"Fournisseur de 2C-D pour la recherche scientifique. Puret\u00e9 garantie pour applications en laboratoire chez Poudres de Narco.\" \/>\n<meta name=\"robots\" content=\"index, follow, max-snippet:-1, max-image-preview:large, max-video-preview:-1\" \/>\n<link rel=\"canonical\" href=\"https:\/\/poudresdenarco.com\/ro\/produs\/2cd\/\" \/>\n<meta property=\"og:locale\" content=\"ro_RO\" \/>\n<meta property=\"og:type\" content=\"article\" \/>\n<meta property=\"og:title\" content=\"Acheter 2C-D de Qualit\u00e9 pour la Recherche | Poudres de Narco\" \/>\n<meta property=\"og:description\" content=\"Fournisseur de 2C-D pour la recherche scientifique. Puret\u00e9 garantie pour applications en laboratoire chez Poudres de Narco.\" \/>\n<meta property=\"og:url\" content=\"https:\/\/poudresdenarco.com\/ro\/produs\/2cd\/\" \/>\n<meta property=\"og:site_name\" content=\"Poudresde Narco\" \/>\n<meta property=\"article:modified_time\" content=\"2024-11-02T12:27:21+00:00\" \/>\n<meta property=\"og:image\" content=\"https:\/\/poudresdenarco.com\/wp-content\/uploads\/2024\/10\/2CD.gif\" \/>\n\t<meta property=\"og:image:width\" content=\"600\" \/>\n\t<meta property=\"og:image:height\" content=\"600\" \/>\n\t<meta property=\"og:image:type\" content=\"image\/gif\" \/>\n<meta name=\"twitter:card\" content=\"summary_large_image\" \/>\n<meta name=\"twitter:label1\" content=\"Timp estimat pentru citire\" \/>\n\t<meta name=\"twitter:data1\" content=\"3 minute\" \/>\n<script type=\"application\/ld+json\" class=\"yoast-schema-graph\">{\"@context\":\"https:\/\/schema.org\",\"@graph\":[{\"@type\":\"WebPage\",\"@id\":\"https:\/\/poudresdenarco.com\/produit\/2cd\/\",\"url\":\"https:\/\/poudresdenarco.com\/produit\/2cd\/\",\"name\":\"Acheter 2C-D de Qualit\u00e9 pour la Recherche | Poudres de Narco\",\"isPartOf\":{\"@id\":\"https:\/\/poudresdenarco.com\/#website\"},\"primaryImageOfPage\":{\"@id\":\"https:\/\/poudresdenarco.com\/produit\/2cd\/#primaryimage\"},\"image\":{\"@id\":\"https:\/\/poudresdenarco.com\/produit\/2cd\/#primaryimage\"},\"thumbnailUrl\":\"https:\/\/poudresdenarco.com\/wp-content\/uploads\/2024\/10\/2CD.gif\",\"datePublished\":\"2024-10-16T11:32:47+00:00\",\"dateModified\":\"2024-11-02T12:27:21+00:00\",\"description\":\"Fournisseur de 2C-D pour la recherche scientifique. Puret\u00e9 garantie pour applications en laboratoire chez Poudres de Narco.\",\"breadcrumb\":{\"@id\":\"https:\/\/poudresdenarco.com\/produit\/2cd\/#breadcrumb\"},\"inLanguage\":\"ro-RO\",\"potentialAction\":[{\"@type\":\"ReadAction\",\"target\":[\"https:\/\/poudresdenarco.com\/produit\/2cd\/\"]}]},{\"@type\":\"ImageObject\",\"inLanguage\":\"ro-RO\",\"@id\":\"https:\/\/poudresdenarco.com\/produit\/2cd\/#primaryimage\",\"url\":\"https:\/\/poudresdenarco.com\/wp-content\/uploads\/2024\/10\/2CD.gif\",\"contentUrl\":\"https:\/\/poudresdenarco.com\/wp-content\/uploads\/2024\/10\/2CD.gif\",\"width\":600,\"height\":600,\"caption\":\"2CD\"},{\"@type\":\"BreadcrumbList\",\"@id\":\"https:\/\/poudresdenarco.com\/produit\/2cd\/#breadcrumb\",\"itemListElement\":[{\"@type\":\"ListItem\",\"position\":1,\"name\":\"Home\",\"item\":\"https:\/\/poudresdenarco.com\/\"},{\"@type\":\"ListItem\",\"position\":2,\"name\":\"Boutique\",\"item\":\"https:\/\/poudresdenarco.com\/boutique\/\"},{\"@type\":\"ListItem\",\"position\":3,\"name\":\"2CD\"}]},{\"@type\":\"WebSite\",\"@id\":\"https:\/\/poudresdenarco.com\/#website\",\"url\":\"https:\/\/poudresdenarco.com\/\",\"name\":\"Poudresde Narco\",\"description\":\"Acheter de la coca\u00efne et de l&#039;h\u00e9ro\u00efne en ligne\",\"potentialAction\":[{\"@type\":\"SearchAction\",\"target\":{\"@type\":\"EntryPoint\",\"urlTemplate\":\"https:\/\/poudresdenarco.com\/?s={search_term_string}\"},\"query-input\":{\"@type\":\"PropertyValueSpecification\",\"valueRequired\":true,\"valueName\":\"search_term_string\"}}],\"inLanguage\":\"ro-RO\"}]}<\/script>\n<!-- \/ Yoast SEO plugin. -->","yoast_head_json":{"title":"Acheter 2C-D de Qualit\u00e9 pour la Recherche | Poudres de Narco","description":"Fournisseur de 2C-D pour la recherche scientifique. Puret\u00e9 garantie pour applications en laboratoire chez Poudres de Narco.","robots":{"index":"index","follow":"follow","max-snippet":"max-snippet:-1","max-image-preview":"max-image-preview:large","max-video-preview":"max-video-preview:-1"},"canonical":"https:\/\/poudresdenarco.com\/ro\/produs\/2cd\/","og_locale":"ro_RO","og_type":"article","og_title":"Acheter 2C-D de Qualit\u00e9 pour la Recherche | Poudres de Narco","og_description":"Fournisseur de 2C-D pour la recherche scientifique. Puret\u00e9 garantie pour applications en laboratoire chez Poudres de Narco.","og_url":"https:\/\/poudresdenarco.com\/ro\/produs\/2cd\/","og_site_name":"Poudresde Narco","article_modified_time":"2024-11-02T12:27:21+00:00","og_image":[{"width":600,"height":600,"url":"https:\/\/poudresdenarco.com\/wp-content\/uploads\/2024\/10\/2CD.gif","type":"image\/gif"}],"twitter_card":"summary_large_image","twitter_misc":{"Timp estimat pentru citire":"3 minute"},"schema":{"@context":"https:\/\/schema.org","@graph":[{"@type":"WebPage","@id":"https:\/\/poudresdenarco.com\/produit\/2cd\/","url":"https:\/\/poudresdenarco.com\/produit\/2cd\/","name":"Acheter 2C-D de Qualit\u00e9 pour la Recherche | Poudres de Narco","isPartOf":{"@id":"https:\/\/poudresdenarco.com\/#website"},"primaryImageOfPage":{"@id":"https:\/\/poudresdenarco.com\/produit\/2cd\/#primaryimage"},"image":{"@id":"https:\/\/poudresdenarco.com\/produit\/2cd\/#primaryimage"},"thumbnailUrl":"https:\/\/poudresdenarco.com\/wp-content\/uploads\/2024\/10\/2CD.gif","datePublished":"2024-10-16T11:32:47+00:00","dateModified":"2024-11-02T12:27:21+00:00","description":"Fournisseur de 2C-D pour la recherche scientifique. Puret\u00e9 garantie pour applications en laboratoire chez Poudres de Narco.","breadcrumb":{"@id":"https:\/\/poudresdenarco.com\/produit\/2cd\/#breadcrumb"},"inLanguage":"ro-RO","potentialAction":[{"@type":"ReadAction","target":["https:\/\/poudresdenarco.com\/produit\/2cd\/"]}]},{"@type":"ImageObject","inLanguage":"ro-RO","@id":"https:\/\/poudresdenarco.com\/produit\/2cd\/#primaryimage","url":"https:\/\/poudresdenarco.com\/wp-content\/uploads\/2024\/10\/2CD.gif","contentUrl":"https:\/\/poudresdenarco.com\/wp-content\/uploads\/2024\/10\/2CD.gif","width":600,"height":600,"caption":"2CD"},{"@type":"BreadcrumbList","@id":"https:\/\/poudresdenarco.com\/produit\/2cd\/#breadcrumb","itemListElement":[{"@type":"ListItem","position":1,"name":"Home","item":"https:\/\/poudresdenarco.com\/"},{"@type":"ListItem","position":2,"name":"Boutique","item":"https:\/\/poudresdenarco.com\/boutique\/"},{"@type":"ListItem","position":3,"name":"2CD"}]},{"@type":"WebSite","@id":"https:\/\/poudresdenarco.com\/#website","url":"https:\/\/poudresdenarco.com\/","name":"Poudresde Narco","description":"Acheter de la coca\u00efne et de l&#039;h\u00e9ro\u00efne en ligne","potentialAction":[{"@type":"SearchAction","target":{"@type":"EntryPoint","urlTemplate":"https:\/\/poudresdenarco.com\/?s={search_term_string}"},"query-input":{"@type":"PropertyValueSpecification","valueRequired":true,"valueName":"search_term_string"}}],"inLanguage":"ro-RO"}]}},"_links":{"self":[{"href":"https:\/\/poudresdenarco.com\/ro\/wp-json\/wp\/v2\/product\/6091","targetHints":{"allow":["GET"]}}],"collection":[{"href":"https:\/\/poudresdenarco.com\/ro\/wp-json\/wp\/v2\/product"}],"about":[{"href":"https:\/\/poudresdenarco.com\/ro\/wp-json\/wp\/v2\/types\/product"}],"replies":[{"embeddable":true,"href":"https:\/\/poudresdenarco.com\/ro\/wp-json\/wp\/v2\/comments?post=6091"}],"wp:featuredmedia":[{"embeddable":true,"href":"https:\/\/poudresdenarco.com\/ro\/wp-json\/wp\/v2\/media\/6207"}],"wp:attachment":[{"href":"https:\/\/poudresdenarco.com\/ro\/wp-json\/wp\/v2\/media?parent=6091"}],"wp:term":[{"taxonomy":"product_cat","embeddable":true,"href":"https:\/\/poudresdenarco.com\/ro\/wp-json\/wp\/v2\/product_cat?post=6091"},{"taxonomy":"product_tag","embeddable":true,"href":"https:\/\/poudresdenarco.com\/ro\/wp-json\/wp\/v2\/product_tag?post=6091"}],"curies":[{"name":"wp","href":"https:\/\/api.w.org\/{rel}","templated":true}]}}