{"id":6221,"date":"2024-10-18T05:41:45","date_gmt":"2024-10-18T05:41:45","guid":{"rendered":"https:\/\/poudresdenarco.com\/?post_type=product&#038;p=6221"},"modified":"2026-01-17T02:59:30","modified_gmt":"2026-01-17T02:59:30","slug":"5cladba","status":"publish","type":"product","link":"https:\/\/poudresdenarco.com\/ro\/produs\/5cladba\/","title":{"rendered":"5CL-ADB-A (MDMB-4\u00een-PINACA)"},"content":{"rendered":"<h2>Cump\u0103ra\u021bi 5cl-adb-a online<\/h2>\n<p>Cump\u0103ra\u021bi online <a href=\"https:\/\/poudresdenarco.com\/ro\/produs\/5cladba\/\">5cl-adb-a<\/a> Este cunoscut \u0219i sub denumirea de MDMB-4en-P \u0219i, \u00een general, este destinat numai pentru studiu; nu este destinat consumului uman sau animal.<a href=\"https:\/\/legitgrams.com\/de\/produkt\/bolivien-kokain\/\">.<\/a><br \/>\n5-cl-adb-a disponibil pentru cump\u0103rare<\/p>\n<p><a href=\"https:\/\/poudresdenarco.com\/ro\/\">PowderDenarco<\/a> V\u00e2nz\u0103rile ofer\u0103 5-cl-adb-a de v\u00e2nzare online la pre\u021buri sc\u0103zute. Livr\u0103m imediat ce produsul este verificat; \u00eentre timp, 5-cl-adb-a este un cannabinoid artificial suplimentar care a devenit recent disponibil \u0219i a fost ad\u0103ugat la inventarul nostru. Un cannabinoid produs artificial din familia indazol-3-carboxamide este 5-cl-adb-an. Acesta provine dintr-o serie de amestecuri pe care Pfizer le-a dezvoltat pentru prima dat\u0103 \u00een 2009 ca analgezic.<\/p>\n<h3><strong>5CL-ADB-A: \u00cen\u021belegerea acestui canabinoid sintetic MDMB-4in-PINACA<\/strong><\/h3>\n<p>Le <strong>5CL-ADB-A<\/strong>sau <strong>MDMB-4\u00een-PINACA<\/strong>este un canabinoid sintetic puternic utilizat \u00een cercetare pentru a studia interac\u021biunile canabinoide. Membru al familiei indazolilor, acesta are o afinitate puternic\u0103 pentru <strong>Receptorii CB1<\/strong>Efectele sunt similare, dar adesea mai intense dec\u00e2t THC.<\/p>\n<h3><strong>Statutul juridic \u0219i restric\u021biile<\/strong><\/h3>\n<p>Le <strong>statutul juridic al 5CL-ADB-A<\/strong> variaz\u0103 de la \u021bar\u0103 la \u021bar\u0103. La <strong>Statele Unite ale Americii<\/strong>este clasificat ca <strong>Substan\u021ba din anexa I<\/strong>limitarea utiliz\u0103rii sale la cercetarea aprobat\u0103. \u00cen Europa \u0219i Asia, ca \u0219i \u00een <strong>Germania<\/strong> \u0219i <strong>Japonia<\/strong>Se aplic\u0103 restric\u021bii similare, ceea ce impune cercet\u0103torilor s\u0103 verifice reglement\u0103rile \u00eenainte de a face orice achizi\u021bie.<\/p>\n<h3><strong>Efecte \u0219i toxicitate<\/strong><\/h3>\n<p>MDMB-4in-PINACA ac\u021bioneaz\u0103 asupra receptorilor CB1, cre\u00e2nd efecte de<strong>euforie<\/strong>dar \u0219i simptome mai intense, cum ar fi <strong>ame\u021beli<\/strong> \u0219i <strong>paranoia<\/strong>. Sa <strong>toxicitate<\/strong> este notabil\u0103: mai multe cazuri grave, inclusiv dureri de cap \u0219i convulsii, amintesc de importan\u021ba manipul\u0103rii cu aten\u021bie.<\/p>\n<h3><strong>M\u0103suri esen\u021biale de siguran\u021b\u0103<\/strong><\/h3>\n<p>La manipularea 5CL-ADB-A, pot ap\u0103rea urm\u0103toarele situa\u021bii <strong>protocoale stricte de securitate<\/strong> m\u0103nu\u0219i, ochelari de protec\u021bie \u0219i o zon\u0103 ventilat\u0103. A se depozita \u00een recipiente etan\u0219e, ferite de lumin\u0103.<\/p>\n<h3><strong>Compara\u021bie cu 5F-ADB<\/strong><\/h3>\n<p>De\u0219i similare, <strong>5CL-ADB-A<\/strong> \u0219i <strong>5F-ADB<\/strong> difer\u0103 \u00een structura lor chimic\u0103, ceea ce le influen\u021beaz\u0103 poten\u021ba \u0219i profilul de toxicitate. Aceste distinc\u021bii trebuie s\u0103 fie \u00een\u021belese pentru a putea fi utilizate \u00een siguran\u021b\u0103.<\/p>\n<p>&nbsp;<\/p>","protected":false},"excerpt":{"rendered":"<p>Acheter 5cl-adb-a en ligne Acheter en ligne 5cl-adb-a Il est \u00e9galement connu sous le nom de MDMB-4en-P et est g\u00e9n\u00e9ralement destin\u00e9 uniquement \u00e0 \u00eatre utilis\u00e9 \u00e0 des fins d&rsquo;\u00e9tude\u00a0; il n&rsquo;est pas destin\u00e9 \u00e0 \u00eatre consomm\u00e9 par les humains ou les animaux. 5-cl-adb-a disponible \u00e0 l&rsquo;achat PoudresDenarco Sales propose 5cl-adb-a \u00e0 la vente en ligne&hellip;<\/p>","protected":false},"featured_media":6296,"comment_status":"open","ping_status":"closed","template":"","meta":{"_joinchat":[]},"product_cat":[558],"product_tag":[],"class_list":{"0":"post-6221","1":"product","2":"type-product","3":"status-publish","4":"has-post-thumbnail","6":"product_cat-chimiques-de-recherche","8":"first","9":"instock","10":"shipping-taxable","11":"purchasable","12":"product-type-variable","13":"has-default-attributes","14":"col-xs-6 col-sm-4","15":"col-md-3 col-lg-3","16":"un-4-cols"},"yoast_head":"<!-- This site is optimized with the Yoast SEO plugin v23.8 - https:\/\/yoast.com\/wordpress\/plugins\/seo\/ -->\n<title>5CL-ADB-A (MDMB-4en-PINACA) : Statut L\u00e9gal, poudresdenarco<\/title>\n<meta name=\"description\" content=\"Apprenez les essentiels sur le 5CL-ADB-A (MDMB-4en-PINACA) : statut l\u00e9gal, effets, toxicit\u00e9 et pr\u00e9cautions pour la recherche. D\u00e9couvrez aussi la diff\u00e9rence avec le 5F-ADB.\" \/>\n<meta name=\"robots\" content=\"index, follow, max-snippet:-1, max-image-preview:large, max-video-preview:-1\" \/>\n<link rel=\"canonical\" href=\"https:\/\/poudresdenarco.com\/ro\/produs\/5cladba\/\" \/>\n<meta property=\"og:locale\" content=\"ro_RO\" \/>\n<meta property=\"og:type\" content=\"article\" \/>\n<meta property=\"og:title\" content=\"5CL-ADB-A (MDMB-4en-PINACA) : Statut L\u00e9gal, poudresdenarco\" \/>\n<meta property=\"og:description\" content=\"Apprenez les essentiels sur le 5CL-ADB-A (MDMB-4en-PINACA) : statut l\u00e9gal, effets, toxicit\u00e9 et pr\u00e9cautions pour la recherche. D\u00e9couvrez aussi la diff\u00e9rence avec le 5F-ADB.\" \/>\n<meta property=\"og:url\" content=\"https:\/\/poudresdenarco.com\/ro\/produs\/5cladba\/\" \/>\n<meta property=\"og:site_name\" content=\"Poudresde Narco\" \/>\n<meta property=\"article:modified_time\" content=\"2026-01-17T02:59:30+00:00\" \/>\n<meta property=\"og:image\" content=\"https:\/\/poudresdenarco.com\/wp-content\/uploads\/2024\/10\/5cladba-1.gif\" \/>\n\t<meta property=\"og:image:width\" content=\"600\" \/>\n\t<meta property=\"og:image:height\" content=\"600\" \/>\n\t<meta property=\"og:image:type\" content=\"image\/gif\" \/>\n<meta name=\"twitter:card\" content=\"summary_large_image\" \/>\n<meta name=\"twitter:label1\" content=\"Timp estimat pentru citire\" \/>\n\t<meta name=\"twitter:data1\" content=\"2 minute\" \/>\n<script type=\"application\/ld+json\" class=\"yoast-schema-graph\">{\"@context\":\"https:\/\/schema.org\",\"@graph\":[{\"@type\":\"WebPage\",\"@id\":\"https:\/\/poudresdenarco.com\/produit\/5cladba\/\",\"url\":\"https:\/\/poudresdenarco.com\/produit\/5cladba\/\",\"name\":\"5CL-ADB-A (MDMB-4en-PINACA) : Statut L\u00e9gal, poudresdenarco\",\"isPartOf\":{\"@id\":\"https:\/\/poudresdenarco.com\/#website\"},\"primaryImageOfPage\":{\"@id\":\"https:\/\/poudresdenarco.com\/produit\/5cladba\/#primaryimage\"},\"image\":{\"@id\":\"https:\/\/poudresdenarco.com\/produit\/5cladba\/#primaryimage\"},\"thumbnailUrl\":\"https:\/\/poudresdenarco.com\/wp-content\/uploads\/2024\/10\/5cladba-1.gif\",\"datePublished\":\"2024-10-18T05:41:45+00:00\",\"dateModified\":\"2026-01-17T02:59:30+00:00\",\"description\":\"Apprenez les essentiels sur le 5CL-ADB-A (MDMB-4en-PINACA) : statut l\u00e9gal, effets, toxicit\u00e9 et pr\u00e9cautions pour la recherche. D\u00e9couvrez aussi la diff\u00e9rence avec le 5F-ADB.\",\"breadcrumb\":{\"@id\":\"https:\/\/poudresdenarco.com\/produit\/5cladba\/#breadcrumb\"},\"inLanguage\":\"ro-RO\",\"potentialAction\":[{\"@type\":\"ReadAction\",\"target\":[\"https:\/\/poudresdenarco.com\/produit\/5cladba\/\"]}]},{\"@type\":\"ImageObject\",\"inLanguage\":\"ro-RO\",\"@id\":\"https:\/\/poudresdenarco.com\/produit\/5cladba\/#primaryimage\",\"url\":\"https:\/\/poudresdenarco.com\/wp-content\/uploads\/2024\/10\/5cladba-1.gif\",\"contentUrl\":\"https:\/\/poudresdenarco.com\/wp-content\/uploads\/2024\/10\/5cladba-1.gif\",\"width\":600,\"height\":600,\"caption\":\"5cladba\"},{\"@type\":\"BreadcrumbList\",\"@id\":\"https:\/\/poudresdenarco.com\/produit\/5cladba\/#breadcrumb\",\"itemListElement\":[{\"@type\":\"ListItem\",\"position\":1,\"name\":\"Home\",\"item\":\"https:\/\/poudresdenarco.com\/\"},{\"@type\":\"ListItem\",\"position\":2,\"name\":\"Boutique\",\"item\":\"https:\/\/poudresdenarco.com\/boutique\/\"},{\"@type\":\"ListItem\",\"position\":3,\"name\":\"5CL-ADB-A (MDMB-4en-PINACA)\"}]},{\"@type\":\"WebSite\",\"@id\":\"https:\/\/poudresdenarco.com\/#website\",\"url\":\"https:\/\/poudresdenarco.com\/\",\"name\":\"Poudresde Narco\",\"description\":\"Acheter de la coca\u00efne et de l&#039;h\u00e9ro\u00efne en ligne\",\"potentialAction\":[{\"@type\":\"SearchAction\",\"target\":{\"@type\":\"EntryPoint\",\"urlTemplate\":\"https:\/\/poudresdenarco.com\/?s={search_term_string}\"},\"query-input\":{\"@type\":\"PropertyValueSpecification\",\"valueRequired\":true,\"valueName\":\"search_term_string\"}}],\"inLanguage\":\"ro-RO\"}]}<\/script>\n<!-- \/ Yoast SEO plugin. -->","yoast_head_json":{"title":"5CL-ADB-A (MDMB-4en-PINACA) : Statut L\u00e9gal, poudresdenarco","description":"Apprenez les essentiels sur le 5CL-ADB-A (MDMB-4en-PINACA) : statut l\u00e9gal, effets, toxicit\u00e9 et pr\u00e9cautions pour la recherche. D\u00e9couvrez aussi la diff\u00e9rence avec le 5F-ADB.","robots":{"index":"index","follow":"follow","max-snippet":"max-snippet:-1","max-image-preview":"max-image-preview:large","max-video-preview":"max-video-preview:-1"},"canonical":"https:\/\/poudresdenarco.com\/ro\/produs\/5cladba\/","og_locale":"ro_RO","og_type":"article","og_title":"5CL-ADB-A (MDMB-4en-PINACA) : Statut L\u00e9gal, poudresdenarco","og_description":"Apprenez les essentiels sur le 5CL-ADB-A (MDMB-4en-PINACA) : statut l\u00e9gal, effets, toxicit\u00e9 et pr\u00e9cautions pour la recherche. D\u00e9couvrez aussi la diff\u00e9rence avec le 5F-ADB.","og_url":"https:\/\/poudresdenarco.com\/ro\/produs\/5cladba\/","og_site_name":"Poudresde Narco","article_modified_time":"2026-01-17T02:59:30+00:00","og_image":[{"width":600,"height":600,"url":"https:\/\/poudresdenarco.com\/wp-content\/uploads\/2024\/10\/5cladba-1.gif","type":"image\/gif"}],"twitter_card":"summary_large_image","twitter_misc":{"Timp estimat pentru citire":"2 minute"},"schema":{"@context":"https:\/\/schema.org","@graph":[{"@type":"WebPage","@id":"https:\/\/poudresdenarco.com\/produit\/5cladba\/","url":"https:\/\/poudresdenarco.com\/produit\/5cladba\/","name":"5CL-ADB-A (MDMB-4en-PINACA) : Statut L\u00e9gal, poudresdenarco","isPartOf":{"@id":"https:\/\/poudresdenarco.com\/#website"},"primaryImageOfPage":{"@id":"https:\/\/poudresdenarco.com\/produit\/5cladba\/#primaryimage"},"image":{"@id":"https:\/\/poudresdenarco.com\/produit\/5cladba\/#primaryimage"},"thumbnailUrl":"https:\/\/poudresdenarco.com\/wp-content\/uploads\/2024\/10\/5cladba-1.gif","datePublished":"2024-10-18T05:41:45+00:00","dateModified":"2026-01-17T02:59:30+00:00","description":"Apprenez les essentiels sur le 5CL-ADB-A (MDMB-4en-PINACA) : statut l\u00e9gal, effets, toxicit\u00e9 et pr\u00e9cautions pour la recherche. D\u00e9couvrez aussi la diff\u00e9rence avec le 5F-ADB.","breadcrumb":{"@id":"https:\/\/poudresdenarco.com\/produit\/5cladba\/#breadcrumb"},"inLanguage":"ro-RO","potentialAction":[{"@type":"ReadAction","target":["https:\/\/poudresdenarco.com\/produit\/5cladba\/"]}]},{"@type":"ImageObject","inLanguage":"ro-RO","@id":"https:\/\/poudresdenarco.com\/produit\/5cladba\/#primaryimage","url":"https:\/\/poudresdenarco.com\/wp-content\/uploads\/2024\/10\/5cladba-1.gif","contentUrl":"https:\/\/poudresdenarco.com\/wp-content\/uploads\/2024\/10\/5cladba-1.gif","width":600,"height":600,"caption":"5cladba"},{"@type":"BreadcrumbList","@id":"https:\/\/poudresdenarco.com\/produit\/5cladba\/#breadcrumb","itemListElement":[{"@type":"ListItem","position":1,"name":"Home","item":"https:\/\/poudresdenarco.com\/"},{"@type":"ListItem","position":2,"name":"Boutique","item":"https:\/\/poudresdenarco.com\/boutique\/"},{"@type":"ListItem","position":3,"name":"5CL-ADB-A (MDMB-4en-PINACA)"}]},{"@type":"WebSite","@id":"https:\/\/poudresdenarco.com\/#website","url":"https:\/\/poudresdenarco.com\/","name":"Poudresde Narco","description":"Acheter de la coca\u00efne et de l&#039;h\u00e9ro\u00efne en ligne","potentialAction":[{"@type":"SearchAction","target":{"@type":"EntryPoint","urlTemplate":"https:\/\/poudresdenarco.com\/?s={search_term_string}"},"query-input":{"@type":"PropertyValueSpecification","valueRequired":true,"valueName":"search_term_string"}}],"inLanguage":"ro-RO"}]}},"_links":{"self":[{"href":"https:\/\/poudresdenarco.com\/ro\/wp-json\/wp\/v2\/product\/6221","targetHints":{"allow":["GET"]}}],"collection":[{"href":"https:\/\/poudresdenarco.com\/ro\/wp-json\/wp\/v2\/product"}],"about":[{"href":"https:\/\/poudresdenarco.com\/ro\/wp-json\/wp\/v2\/types\/product"}],"replies":[{"embeddable":true,"href":"https:\/\/poudresdenarco.com\/ro\/wp-json\/wp\/v2\/comments?post=6221"}],"wp:featuredmedia":[{"embeddable":true,"href":"https:\/\/poudresdenarco.com\/ro\/wp-json\/wp\/v2\/media\/6296"}],"wp:attachment":[{"href":"https:\/\/poudresdenarco.com\/ro\/wp-json\/wp\/v2\/media?parent=6221"}],"wp:term":[{"taxonomy":"product_cat","embeddable":true,"href":"https:\/\/poudresdenarco.com\/ro\/wp-json\/wp\/v2\/product_cat?post=6221"},{"taxonomy":"product_tag","embeddable":true,"href":"https:\/\/poudresdenarco.com\/ro\/wp-json\/wp\/v2\/product_tag?post=6221"}],"curies":[{"name":"wp","href":"https:\/\/api.w.org\/{rel}","templated":true}]}}