{"id":6222,"date":"2024-10-18T05:40:12","date_gmt":"2024-10-18T05:40:12","guid":{"rendered":"https:\/\/poudresdenarco.com\/?post_type=product&#038;p=6222"},"modified":"2026-01-17T02:57:21","modified_gmt":"2026-01-17T02:57:21","slug":"3cl","status":"publish","type":"product","link":"https:\/\/poudresdenarco.com\/ro\/produs\/3cl\/","title":{"rendered":"3-Aminoindan (3-CI)"},"content":{"rendered":"<h2><strong>Cumpara 3-Aminoindan (3-AI) pentru cercetare <a href=\"https:\/\/poudresdenarco.com\/ro\/produs\/5f-adb\/\">|<\/a> Furnizor de produse chimice de \u00eenalt\u0103 calitate<\/strong><\/h2>\n<p>Dori\u021bi s\u0103 <strong>cump\u0103ra 3-Aminoindan<\/strong> pentru proiectele dumneavoastr\u0103 de cercetare? La [Numele companiei], suntem specializa\u021bi \u00een furnizarea de <strong>3-Aminoindan (3-AI)<\/strong>o substan\u021b\u0103 chimic\u0103 unic\u0103 pentru cercetare, cunoscut\u0103 pentru aplica\u021biile sale \u00een farmacologie \u0219i neuro\u0219tiin\u021be. Cu controale stricte ale calit\u0103\u021bii, ne asigur\u0103m c\u0103 <strong>3-AI<\/strong> respect\u0103 standardele industriale, ideal pentru laboratoare \u0219i institu\u021bii de cercetare<a href=\"https:\/\/k2spices.com\/product\/buy-liquid-k2-spice-paper\/\">.<\/a><\/p>\n<h3>Ce este 3-Aminoindanul (3-AI)?<\/h3>\n<p><strong>3-Aminoindan<\/strong> este un compus din familia aminoindanilor, cunoscut pentru similitudinea sa structural\u0103 cu anumite stimulente, de\u0219i caracteristicile sale unice \u00eel fac un instrument valoros \u00een cercetarea \u0219tiin\u021bific\u0103. Modelul <strong>3-Aminoindan (3-AI)<\/strong> este utilizat \u00een principal pentru studii \u0219tiin\u021bifice de laborator.<\/p>\n<h3>Caracteristici \u0219i aplica\u021bii ale 3-Aminoindanului<\/h3>\n<p>noastre <strong>3-Aminoindan<\/strong> este conceput pentru cercetarea aprofundat\u0103 \u00een <strong>farmacologie \u0219i chimie<\/strong>. Aplica\u021biile uzuale includ studii privind <strong>sinteza 3-aminoindanului<\/strong>lui <strong>farmacologie<\/strong>\u0219i <strong>propriet\u0103\u021bi chimice<\/strong>. Cercet\u0103torii exploreaz\u0103 adesea interac\u021biunile dintre <strong>3-Aminoindan cu neurotransmi\u021b\u0103tori<\/strong>ceea ce o face nepre\u021buit\u0103 \u00een neuro\u0219tiin\u021be.<\/p>\n<ul>\n<li><strong>Puritate ridicat\u0103<\/strong> Fiecare lot de 3-AI este testat conform standardelor din industrie, asigur\u00e2nd rezultate sigure \u0219i precise pentru aplica\u021biile \u0219tiin\u021bifice.<\/li>\n<li><strong>Furnizor de \u00eencredere<\/strong> : Ca <strong>furnizorul de 3-aminoindan<\/strong>Ne angaj\u0103m fa\u021b\u0103 de transparen\u021b\u0103, calitate \u0219i conformitate cu protocoalele din industrie.<\/li>\n<li><strong>Fi\u0219\u0103 cu date de securitate<\/strong> : includem date complete privind <strong>3-Aminoindan siguran\u021b\u0103<\/strong> pentru a sprijini practicile de manipulare \u00een condi\u021bii de siguran\u021b\u0103 \u00een laborator.<\/li>\n<\/ul>\n<h3>De unde s\u0103 cump\u0103ra\u021bi 3-Aminoindan (3-AI)<\/h3>\n<p>Dac\u0103 sunte\u021bi \u00een c\u0103utarea unei surse de \u00eencredere pentru <strong>cump\u0103ra 3-Aminoindan online<\/strong>[Numele companiei dvs.] ofer\u0103 op\u021biuni de cump\u0103rare sigure \u0219i livrare rapid\u0103 c\u0103tre profesioni\u0219tii autoriza\u021bi. Fiecare comand\u0103 include <strong>date de securitate<\/strong>informa\u021bii juridice \u0219i o <strong>certificat de propriet\u0103\u021bi chimice<\/strong>Acest lucru garanteaz\u0103 integritatea produsului pentru utilizare \u00eentr-un mediu de cercetare aprobat.<\/p>\n<h3>Statutul juridic \u0219i considera\u021bii privind siguran\u021ba<\/h3>\n<p>Le <strong>3-Aminoindan<\/strong> este strict pentru scopuri de cercetare \u0219i nu este destinat consumului uman. <strong>Verifica\u021bi statutul juridic al 3-Aminoindanului<\/strong> \u00een regiunea dvs. \u00eenainte de a cump\u0103ra. Echipa noastr\u0103 respect\u0103 toate cerin\u021bele de reglementare, garant\u00e2nd accesul legal \u0219i sigur la <strong>3-Aminoindan<\/strong> numai pentru uz profesional.<\/p>\n<p>Pentru cercet\u0103torii care au nevoie de <strong>3-Aminoindan de \u00eenalt\u0103 calitate (3-AI)<\/strong>Oferim acces fiabil \u0219i control riguros al calit\u0103\u021bii, permi\u021b\u00e2nd utilizarea sigur\u0103 \u0219i autorizat\u0103 pentru aplica\u021bii \u0219tiin\u021bifice \u0219i industriale. Contacta\u021bi-ne ast\u0103zi pentru <strong>cump\u0103ra 3-Aminoindan<\/strong> cu \u00eencredere \u0219i transparen\u021b\u0103.<\/p>","protected":false},"excerpt":{"rendered":"<p>3-aminoindanul are o structur\u0103 biciclic\u0103 cu o grup\u0103 amino \u00een pozi\u021bia 3 \u0219i este cercetat pentru efectele sale poten\u021biale asupra sistemelor neurotransmi\u021b\u0103toare. Dac\u0103 ave\u021bi nevoie de mai multe informa\u021bii sau detalii specifice, nu ezita\u021bi s\u0103 \u00eentreba\u021bi!<\/p>\n<p>3-Aminoindanul (3-AI) are urm\u0103toarele caracteristici:<\/p>\n<ul>\n<li><strong>Formul\u0103 chimic\u0103<\/strong> C\u2089H\u2081\u2081N<\/li>\n<li><strong>Num\u0103r CAS<\/strong> : 101-54-0<\/li>\n<\/ul>","protected":false},"featured_media":6297,"comment_status":"open","ping_status":"closed","template":"","meta":{"_joinchat":[]},"product_cat":[558],"product_tag":[],"class_list":{"0":"post-6222","1":"product","2":"type-product","3":"status-publish","4":"has-post-thumbnail","6":"product_cat-chimiques-de-recherche","8":"first","9":"instock","10":"shipping-taxable","11":"purchasable","12":"product-type-variable","13":"col-xs-6 col-sm-4","14":"col-md-3 col-lg-3","15":"un-4-cols"},"yoast_head":"<!-- This site is optimized with the Yoast SEO plugin v23.8 - https:\/\/yoast.com\/wordpress\/plugins\/seo\/ -->\n<title>Acheter 3-Aminoindane (3-AI) | Fournisseur de Qualit\u00e9<\/title>\n<meta name=\"description\" content=\"Achetez 3-Aminoindane (3-AI) de haute qualit\u00e9 pour la recherche. Fournisseur fiable avec livraison s\u00e9curis\u00e9e et fiche de s\u00e9curit\u00e9 incluse.\" \/>\n<meta name=\"robots\" content=\"index, follow, max-snippet:-1, max-image-preview:large, max-video-preview:-1\" \/>\n<link rel=\"canonical\" href=\"https:\/\/poudresdenarco.com\/ro\/produs\/3cl\/\" \/>\n<meta property=\"og:locale\" content=\"ro_RO\" \/>\n<meta property=\"og:type\" content=\"article\" \/>\n<meta property=\"og:title\" content=\"Acheter 3-Aminoindane (3-AI) | Fournisseur de Qualit\u00e9\" \/>\n<meta property=\"og:description\" content=\"Achetez 3-Aminoindane (3-AI) de haute qualit\u00e9 pour la recherche. Fournisseur fiable avec livraison s\u00e9curis\u00e9e et fiche de s\u00e9curit\u00e9 incluse.\" \/>\n<meta property=\"og:url\" content=\"https:\/\/poudresdenarco.com\/ro\/produs\/3cl\/\" \/>\n<meta property=\"og:site_name\" content=\"Poudresde Narco\" \/>\n<meta property=\"article:modified_time\" content=\"2026-01-17T02:57:21+00:00\" \/>\n<meta property=\"og:image\" content=\"https:\/\/poudresdenarco.com\/wp-content\/uploads\/2024\/10\/3cl-1.gif\" \/>\n\t<meta property=\"og:image:width\" content=\"600\" \/>\n\t<meta property=\"og:image:height\" content=\"600\" \/>\n\t<meta property=\"og:image:type\" content=\"image\/gif\" \/>\n<meta name=\"twitter:card\" content=\"summary_large_image\" \/>\n<meta name=\"twitter:label1\" content=\"Timp estimat pentru citire\" \/>\n\t<meta name=\"twitter:data1\" content=\"2 minute\" \/>\n<script type=\"application\/ld+json\" class=\"yoast-schema-graph\">{\"@context\":\"https:\/\/schema.org\",\"@graph\":[{\"@type\":\"WebPage\",\"@id\":\"https:\/\/poudresdenarco.com\/produit\/3cl\/\",\"url\":\"https:\/\/poudresdenarco.com\/produit\/3cl\/\",\"name\":\"Acheter 3-Aminoindane (3-AI) | Fournisseur de Qualit\u00e9\",\"isPartOf\":{\"@id\":\"https:\/\/poudresdenarco.com\/#website\"},\"primaryImageOfPage\":{\"@id\":\"https:\/\/poudresdenarco.com\/produit\/3cl\/#primaryimage\"},\"image\":{\"@id\":\"https:\/\/poudresdenarco.com\/produit\/3cl\/#primaryimage\"},\"thumbnailUrl\":\"https:\/\/poudresdenarco.com\/wp-content\/uploads\/2024\/10\/3cl-1.gif\",\"datePublished\":\"2024-10-18T05:40:12+00:00\",\"dateModified\":\"2026-01-17T02:57:21+00:00\",\"description\":\"Achetez 3-Aminoindane (3-AI) de haute qualit\u00e9 pour la recherche. Fournisseur fiable avec livraison s\u00e9curis\u00e9e et fiche de s\u00e9curit\u00e9 incluse.\",\"breadcrumb\":{\"@id\":\"https:\/\/poudresdenarco.com\/produit\/3cl\/#breadcrumb\"},\"inLanguage\":\"ro-RO\",\"potentialAction\":[{\"@type\":\"ReadAction\",\"target\":[\"https:\/\/poudresdenarco.com\/produit\/3cl\/\"]}]},{\"@type\":\"ImageObject\",\"inLanguage\":\"ro-RO\",\"@id\":\"https:\/\/poudresdenarco.com\/produit\/3cl\/#primaryimage\",\"url\":\"https:\/\/poudresdenarco.com\/wp-content\/uploads\/2024\/10\/3cl-1.gif\",\"contentUrl\":\"https:\/\/poudresdenarco.com\/wp-content\/uploads\/2024\/10\/3cl-1.gif\",\"width\":600,\"height\":600,\"caption\":\"3cl\"},{\"@type\":\"BreadcrumbList\",\"@id\":\"https:\/\/poudresdenarco.com\/produit\/3cl\/#breadcrumb\",\"itemListElement\":[{\"@type\":\"ListItem\",\"position\":1,\"name\":\"Home\",\"item\":\"https:\/\/poudresdenarco.com\/\"},{\"@type\":\"ListItem\",\"position\":2,\"name\":\"Boutique\",\"item\":\"https:\/\/poudresdenarco.com\/boutique\/\"},{\"@type\":\"ListItem\",\"position\":3,\"name\":\"3-Aminoindane (3-CI)\"}]},{\"@type\":\"WebSite\",\"@id\":\"https:\/\/poudresdenarco.com\/#website\",\"url\":\"https:\/\/poudresdenarco.com\/\",\"name\":\"Poudresde Narco\",\"description\":\"Acheter de la coca\u00efne et de l&#039;h\u00e9ro\u00efne en ligne\",\"potentialAction\":[{\"@type\":\"SearchAction\",\"target\":{\"@type\":\"EntryPoint\",\"urlTemplate\":\"https:\/\/poudresdenarco.com\/?s={search_term_string}\"},\"query-input\":{\"@type\":\"PropertyValueSpecification\",\"valueRequired\":true,\"valueName\":\"search_term_string\"}}],\"inLanguage\":\"ro-RO\"}]}<\/script>\n<!-- \/ Yoast SEO plugin. -->","yoast_head_json":{"title":"Acheter 3-Aminoindane (3-AI) | Fournisseur de Qualit\u00e9","description":"Achetez 3-Aminoindane (3-AI) de haute qualit\u00e9 pour la recherche. Fournisseur fiable avec livraison s\u00e9curis\u00e9e et fiche de s\u00e9curit\u00e9 incluse.","robots":{"index":"index","follow":"follow","max-snippet":"max-snippet:-1","max-image-preview":"max-image-preview:large","max-video-preview":"max-video-preview:-1"},"canonical":"https:\/\/poudresdenarco.com\/ro\/produs\/3cl\/","og_locale":"ro_RO","og_type":"article","og_title":"Acheter 3-Aminoindane (3-AI) | Fournisseur de Qualit\u00e9","og_description":"Achetez 3-Aminoindane (3-AI) de haute qualit\u00e9 pour la recherche. Fournisseur fiable avec livraison s\u00e9curis\u00e9e et fiche de s\u00e9curit\u00e9 incluse.","og_url":"https:\/\/poudresdenarco.com\/ro\/produs\/3cl\/","og_site_name":"Poudresde Narco","article_modified_time":"2026-01-17T02:57:21+00:00","og_image":[{"width":600,"height":600,"url":"https:\/\/poudresdenarco.com\/wp-content\/uploads\/2024\/10\/3cl-1.gif","type":"image\/gif"}],"twitter_card":"summary_large_image","twitter_misc":{"Timp estimat pentru citire":"2 minute"},"schema":{"@context":"https:\/\/schema.org","@graph":[{"@type":"WebPage","@id":"https:\/\/poudresdenarco.com\/produit\/3cl\/","url":"https:\/\/poudresdenarco.com\/produit\/3cl\/","name":"Acheter 3-Aminoindane (3-AI) | Fournisseur de Qualit\u00e9","isPartOf":{"@id":"https:\/\/poudresdenarco.com\/#website"},"primaryImageOfPage":{"@id":"https:\/\/poudresdenarco.com\/produit\/3cl\/#primaryimage"},"image":{"@id":"https:\/\/poudresdenarco.com\/produit\/3cl\/#primaryimage"},"thumbnailUrl":"https:\/\/poudresdenarco.com\/wp-content\/uploads\/2024\/10\/3cl-1.gif","datePublished":"2024-10-18T05:40:12+00:00","dateModified":"2026-01-17T02:57:21+00:00","description":"Achetez 3-Aminoindane (3-AI) de haute qualit\u00e9 pour la recherche. Fournisseur fiable avec livraison s\u00e9curis\u00e9e et fiche de s\u00e9curit\u00e9 incluse.","breadcrumb":{"@id":"https:\/\/poudresdenarco.com\/produit\/3cl\/#breadcrumb"},"inLanguage":"ro-RO","potentialAction":[{"@type":"ReadAction","target":["https:\/\/poudresdenarco.com\/produit\/3cl\/"]}]},{"@type":"ImageObject","inLanguage":"ro-RO","@id":"https:\/\/poudresdenarco.com\/produit\/3cl\/#primaryimage","url":"https:\/\/poudresdenarco.com\/wp-content\/uploads\/2024\/10\/3cl-1.gif","contentUrl":"https:\/\/poudresdenarco.com\/wp-content\/uploads\/2024\/10\/3cl-1.gif","width":600,"height":600,"caption":"3cl"},{"@type":"BreadcrumbList","@id":"https:\/\/poudresdenarco.com\/produit\/3cl\/#breadcrumb","itemListElement":[{"@type":"ListItem","position":1,"name":"Home","item":"https:\/\/poudresdenarco.com\/"},{"@type":"ListItem","position":2,"name":"Boutique","item":"https:\/\/poudresdenarco.com\/boutique\/"},{"@type":"ListItem","position":3,"name":"3-Aminoindane (3-CI)"}]},{"@type":"WebSite","@id":"https:\/\/poudresdenarco.com\/#website","url":"https:\/\/poudresdenarco.com\/","name":"Poudresde Narco","description":"Acheter de la coca\u00efne et de l&#039;h\u00e9ro\u00efne en ligne","potentialAction":[{"@type":"SearchAction","target":{"@type":"EntryPoint","urlTemplate":"https:\/\/poudresdenarco.com\/?s={search_term_string}"},"query-input":{"@type":"PropertyValueSpecification","valueRequired":true,"valueName":"search_term_string"}}],"inLanguage":"ro-RO"}]}},"_links":{"self":[{"href":"https:\/\/poudresdenarco.com\/ro\/wp-json\/wp\/v2\/product\/6222","targetHints":{"allow":["GET"]}}],"collection":[{"href":"https:\/\/poudresdenarco.com\/ro\/wp-json\/wp\/v2\/product"}],"about":[{"href":"https:\/\/poudresdenarco.com\/ro\/wp-json\/wp\/v2\/types\/product"}],"replies":[{"embeddable":true,"href":"https:\/\/poudresdenarco.com\/ro\/wp-json\/wp\/v2\/comments?post=6222"}],"wp:featuredmedia":[{"embeddable":true,"href":"https:\/\/poudresdenarco.com\/ro\/wp-json\/wp\/v2\/media\/6297"}],"wp:attachment":[{"href":"https:\/\/poudresdenarco.com\/ro\/wp-json\/wp\/v2\/media?parent=6222"}],"wp:term":[{"taxonomy":"product_cat","embeddable":true,"href":"https:\/\/poudresdenarco.com\/ro\/wp-json\/wp\/v2\/product_cat?post=6222"},{"taxonomy":"product_tag","embeddable":true,"href":"https:\/\/poudresdenarco.com\/ro\/wp-json\/wp\/v2\/product_tag?post=6222"}],"curies":[{"name":"wp","href":"https:\/\/api.w.org\/{rel}","templated":true}]}}