{"id":6223,"date":"2024-10-18T05:40:19","date_gmt":"2024-10-18T05:40:19","guid":{"rendered":"https:\/\/poudresdenarco.com\/?post_type=product&#038;p=6223"},"modified":"2026-01-17T02:59:50","modified_gmt":"2026-01-17T02:59:50","slug":"5f-adb","status":"publish","type":"product","link":"https:\/\/poudresdenarco.com\/ro\/produs\/5f-adb\/","title":{"rendered":"5F-ADB"},"content":{"rendered":"<h2><strong>Cump\u0103ra\u021bi 5F-ADB pentru cercetare | Furnizor de canabinoizi sintetici de \u00eenalt\u0103 calitate<\/strong><\/h2>\n<p>Bine a\u021bi venit la <strong>poudresdenarco<\/strong>sursa dvs. de \u00eencredere pentru <strong>5F-ADB<\/strong>. Destinat profesioni\u0219tilor care lucreaz\u0103 \u00een domeniul farmacologiei \u0219i cercet\u0103rii canabinoidelor, furniz\u0103m urm\u0103toarele materiale <strong>5F-ADB<\/strong> - un canabinoid sintetic puternic, cunoscut \u0219i sub denumirea de <strong>5F-MDMB-PINACA<\/strong>. Cunoscut\u0103 pentru afinitatea sa ridicat\u0103 cu receptorii CB1, <strong>5F-ADB<\/strong> este esen\u021bial pentru cercet\u0103torii care exploreaz\u0103 efectele canabinoizilor sintetici Buy 5F-ADB<a href=\"https:\/\/k2spices.com\/product\/bizarro-liquid-k2-on-paper\/\">.<\/a><\/p>\n<h3>De ce s\u0103 alege\u021bi 5F-ADB?<\/h3>\n<p>noastre <strong>5F-ADB<\/strong> provine de la furnizori certifica\u021bi, garant\u00e2nd cele mai \u00eenalte standarde de calitate. <strong>puritate \u0219i calitate<\/strong>. Noi furniz\u0103m strict <strong>5F-ADB \u00een scopuri de cercetare<\/strong>Aceste produse sunt concepute pentru a satisface nevoile institu\u021biilor \u0219i ale profesioni\u0219tilor califica\u021bi care caut\u0103 compu\u0219i autentici \u0219i fiabili.<a href=\"https:\/\/poudresdenarco.com\/ro\/produs\/fentanyl\/\">.<\/a><\/p>\n<ul>\n<li><strong>Calitate \u0219i puritate premium<\/strong> Fiecare lot este supus unor teste riguroase pentru a respecta standardele industriei.<\/li>\n<li><strong>Fiabilitate pentru cercetare<\/strong> Numai pentru aplica\u021bii de cercetare, acesta sprijin\u0103 studiile privind activitatea, farmacologia \u0219i toxicologia receptorilor canabinoizi.<\/li>\n<\/ul>\n<h3>Cump\u0103ra\u021bi 5F-ADB \u00een siguran\u021b\u0103 online<\/h3>\n<p>Pentru profesioni\u0219tii care caut\u0103 o surs\u0103 sigur\u0103 \u0219i de \u00eencredere pentru <strong>cump\u0103ra 5F-ADB online<\/strong>, <strong>poudresdenarco<\/strong> ofer\u0103 comenzi rapide \u0219i confiden\u021biale, respect\u00e2nd \u00een acela\u0219i timp toate standardele de siguran\u021b\u0103. Fiecare <strong>5F-ADB de v\u00e2nzare<\/strong> este \u00eenso\u021bit de un certificat de analiz\u0103 (COA), care documenteaz\u0103 puritatea \u0219i compozi\u021bia pentru a garanta integritatea cercet\u0103rii.<\/p>\n<h3>Informa\u021bii importante privind utilizarea \u0219i legalitatea 5F-ADB<\/h3>\n<p>5F-ADB este destinat exclusiv cercet\u0103rii \u00een laborator \u0219i este un <strong>substan\u021b\u0103 reglementat\u0103<\/strong> \u00een multe regiuni datorit\u0103 puterii sale ridicate. <strong>V\u0103 rug\u0103m s\u0103 verifica\u021bi statutul juridic al 5F-ADB<\/strong> \u00een jurisdic\u021bia dumneavoastr\u0103 \u00eenainte de a comanda. Respect\u0103m toate reglement\u0103rile locale \u0219i oferim un serviciu transparent pentru a asigura accesul sigur \u0219i legitim la profesioni\u0219ti califica\u021bi \u00een cercetare.<\/p>\n<p>Pentru profesioni\u0219ti \u0219i institu\u021bii care caut\u0103 <strong>De \u00eenalt\u0103 calitate 5F-ADB<\/strong>, <strong>poudresdenarco<\/strong> se angajeaz\u0103 s\u0103 ofere un serviciu de \u00eencredere cu cele mai \u00eenalte standarde industriale. Explora\u021bi produsele noastre, descoperi\u021bi controalele noastre stricte de calitate \u0219i afla\u021bi mai multe despre produsele noastre. <strong>cump\u0103ra 5F-ADB cu \u00eencredere<\/strong> pentru a v\u0103 sus\u021bine obiectivele de cercetare.<\/p>","protected":false},"excerpt":{"rendered":"<p>Acheter du 5F-ADB pour la Recherche | Fournisseur de Cannabino\u00efdes Synth\u00e9tiques de Haute Qualit\u00e9 Bienvenue sur poudresdenarco, votre source fiable pour l&rsquo;achat de 5F-ADB. Destin\u00e9 aux professionnels de la pharmacologie et de la recherche sur les cannabino\u00efdes, nous fournissons du 5F-ADB \u2013 un cannabino\u00efde synth\u00e9tique puissant, \u00e9galement connu sous le nom de 5F-MDMB-PINACA. R\u00e9put\u00e9 pour&hellip;<\/p>","protected":false},"featured_media":6298,"comment_status":"open","ping_status":"closed","template":"","meta":{"_joinchat":[]},"product_cat":[558],"product_tag":[746,750,749,747,745,748],"class_list":{"0":"post-6223","1":"product","2":"type-product","3":"status-publish","4":"has-post-thumbnail","6":"product_cat-chimiques-de-recherche","7":"product_tag-5f-adb-en-vente","8":"product_tag-5f-adb-laboratoire","9":"product_tag-5f-adb-pour-la-recherche","10":"product_tag-5f-mdmb-pinaca","11":"product_tag-acheter-5f-adb","12":"product_tag-fournisseur-de-5f-adb","14":"first","15":"instock","16":"shipping-taxable","17":"purchasable","18":"product-type-variable","19":"col-xs-6 col-sm-4","20":"col-md-3 col-lg-3","21":"un-4-cols"},"yoast_head":"<!-- This site is optimized with the Yoast SEO plugin v23.8 - https:\/\/yoast.com\/wordpress\/plugins\/seo\/ -->\n<title>&quot;Acheter du 5F-ADB pour la Recherche | Poudresdenarco<\/title>\n<meta name=\"description\" content=\"Achetez du 5F-ADB de haute qualit\u00e9 pour la recherche sur poudresdenarco. Fournisseur fiable de 5F-MDMB-PINACA pour des applications en laboratoire,\" \/>\n<meta name=\"robots\" content=\"index, follow, max-snippet:-1, max-image-preview:large, max-video-preview:-1\" \/>\n<link rel=\"canonical\" href=\"https:\/\/poudresdenarco.com\/ro\/produs\/5f-adb\/\" \/>\n<meta property=\"og:locale\" content=\"ro_RO\" \/>\n<meta property=\"og:type\" content=\"article\" \/>\n<meta property=\"og:title\" content=\"&quot;Acheter du 5F-ADB pour la Recherche | Poudresdenarco\" \/>\n<meta property=\"og:description\" content=\"Achetez du 5F-ADB de haute qualit\u00e9 pour la recherche sur poudresdenarco. Fournisseur fiable de 5F-MDMB-PINACA pour des applications en laboratoire,\" \/>\n<meta property=\"og:url\" content=\"https:\/\/poudresdenarco.com\/ro\/produs\/5f-adb\/\" \/>\n<meta property=\"og:site_name\" content=\"Poudresde Narco\" \/>\n<meta property=\"article:modified_time\" content=\"2026-01-17T02:59:50+00:00\" \/>\n<meta property=\"og:image\" content=\"https:\/\/poudresdenarco.com\/wp-content\/uploads\/2024\/10\/5F-ADB-2.gif\" \/>\n\t<meta property=\"og:image:width\" content=\"600\" \/>\n\t<meta property=\"og:image:height\" content=\"600\" \/>\n\t<meta property=\"og:image:type\" content=\"image\/gif\" \/>\n<meta name=\"twitter:card\" content=\"summary_large_image\" \/>\n<meta name=\"twitter:label1\" content=\"Timp estimat pentru citire\" \/>\n\t<meta name=\"twitter:data1\" content=\"2 minute\" \/>\n<script type=\"application\/ld+json\" class=\"yoast-schema-graph\">{\"@context\":\"https:\/\/schema.org\",\"@graph\":[{\"@type\":\"WebPage\",\"@id\":\"https:\/\/poudresdenarco.com\/produit\/5f-adb\/\",\"url\":\"https:\/\/poudresdenarco.com\/produit\/5f-adb\/\",\"name\":\"\\\"Acheter du 5F-ADB pour la Recherche | Poudresdenarco\",\"isPartOf\":{\"@id\":\"https:\/\/poudresdenarco.com\/#website\"},\"primaryImageOfPage\":{\"@id\":\"https:\/\/poudresdenarco.com\/produit\/5f-adb\/#primaryimage\"},\"image\":{\"@id\":\"https:\/\/poudresdenarco.com\/produit\/5f-adb\/#primaryimage\"},\"thumbnailUrl\":\"https:\/\/poudresdenarco.com\/wp-content\/uploads\/2024\/10\/5F-ADB-2.gif\",\"datePublished\":\"2024-10-18T05:40:19+00:00\",\"dateModified\":\"2026-01-17T02:59:50+00:00\",\"description\":\"Achetez du 5F-ADB de haute qualit\u00e9 pour la recherche sur poudresdenarco. Fournisseur fiable de 5F-MDMB-PINACA pour des applications en laboratoire,\",\"breadcrumb\":{\"@id\":\"https:\/\/poudresdenarco.com\/produit\/5f-adb\/#breadcrumb\"},\"inLanguage\":\"ro-RO\",\"potentialAction\":[{\"@type\":\"ReadAction\",\"target\":[\"https:\/\/poudresdenarco.com\/produit\/5f-adb\/\"]}]},{\"@type\":\"ImageObject\",\"inLanguage\":\"ro-RO\",\"@id\":\"https:\/\/poudresdenarco.com\/produit\/5f-adb\/#primaryimage\",\"url\":\"https:\/\/poudresdenarco.com\/wp-content\/uploads\/2024\/10\/5F-ADB-2.gif\",\"contentUrl\":\"https:\/\/poudresdenarco.com\/wp-content\/uploads\/2024\/10\/5F-ADB-2.gif\",\"width\":600,\"height\":600,\"caption\":\"5F-ADB\"},{\"@type\":\"BreadcrumbList\",\"@id\":\"https:\/\/poudresdenarco.com\/produit\/5f-adb\/#breadcrumb\",\"itemListElement\":[{\"@type\":\"ListItem\",\"position\":1,\"name\":\"Home\",\"item\":\"https:\/\/poudresdenarco.com\/\"},{\"@type\":\"ListItem\",\"position\":2,\"name\":\"Boutique\",\"item\":\"https:\/\/poudresdenarco.com\/boutique\/\"},{\"@type\":\"ListItem\",\"position\":3,\"name\":\"5F-ADB\"}]},{\"@type\":\"WebSite\",\"@id\":\"https:\/\/poudresdenarco.com\/#website\",\"url\":\"https:\/\/poudresdenarco.com\/\",\"name\":\"Poudresde Narco\",\"description\":\"Acheter de la coca\u00efne et de l&#039;h\u00e9ro\u00efne en ligne\",\"potentialAction\":[{\"@type\":\"SearchAction\",\"target\":{\"@type\":\"EntryPoint\",\"urlTemplate\":\"https:\/\/poudresdenarco.com\/?s={search_term_string}\"},\"query-input\":{\"@type\":\"PropertyValueSpecification\",\"valueRequired\":true,\"valueName\":\"search_term_string\"}}],\"inLanguage\":\"ro-RO\"}]}<\/script>\n<!-- \/ Yoast SEO plugin. -->","yoast_head_json":{"title":"\"Acheter du 5F-ADB pour la Recherche | Poudresdenarco","description":"Achetez du 5F-ADB de haute qualit\u00e9 pour la recherche sur poudresdenarco. Fournisseur fiable de 5F-MDMB-PINACA pour des applications en laboratoire,","robots":{"index":"index","follow":"follow","max-snippet":"max-snippet:-1","max-image-preview":"max-image-preview:large","max-video-preview":"max-video-preview:-1"},"canonical":"https:\/\/poudresdenarco.com\/ro\/produs\/5f-adb\/","og_locale":"ro_RO","og_type":"article","og_title":"\"Acheter du 5F-ADB pour la Recherche | Poudresdenarco","og_description":"Achetez du 5F-ADB de haute qualit\u00e9 pour la recherche sur poudresdenarco. Fournisseur fiable de 5F-MDMB-PINACA pour des applications en laboratoire,","og_url":"https:\/\/poudresdenarco.com\/ro\/produs\/5f-adb\/","og_site_name":"Poudresde Narco","article_modified_time":"2026-01-17T02:59:50+00:00","og_image":[{"width":600,"height":600,"url":"https:\/\/poudresdenarco.com\/wp-content\/uploads\/2024\/10\/5F-ADB-2.gif","type":"image\/gif"}],"twitter_card":"summary_large_image","twitter_misc":{"Timp estimat pentru citire":"2 minute"},"schema":{"@context":"https:\/\/schema.org","@graph":[{"@type":"WebPage","@id":"https:\/\/poudresdenarco.com\/produit\/5f-adb\/","url":"https:\/\/poudresdenarco.com\/produit\/5f-adb\/","name":"\"Acheter du 5F-ADB pour la Recherche | Poudresdenarco","isPartOf":{"@id":"https:\/\/poudresdenarco.com\/#website"},"primaryImageOfPage":{"@id":"https:\/\/poudresdenarco.com\/produit\/5f-adb\/#primaryimage"},"image":{"@id":"https:\/\/poudresdenarco.com\/produit\/5f-adb\/#primaryimage"},"thumbnailUrl":"https:\/\/poudresdenarco.com\/wp-content\/uploads\/2024\/10\/5F-ADB-2.gif","datePublished":"2024-10-18T05:40:19+00:00","dateModified":"2026-01-17T02:59:50+00:00","description":"Achetez du 5F-ADB de haute qualit\u00e9 pour la recherche sur poudresdenarco. Fournisseur fiable de 5F-MDMB-PINACA pour des applications en laboratoire,","breadcrumb":{"@id":"https:\/\/poudresdenarco.com\/produit\/5f-adb\/#breadcrumb"},"inLanguage":"ro-RO","potentialAction":[{"@type":"ReadAction","target":["https:\/\/poudresdenarco.com\/produit\/5f-adb\/"]}]},{"@type":"ImageObject","inLanguage":"ro-RO","@id":"https:\/\/poudresdenarco.com\/produit\/5f-adb\/#primaryimage","url":"https:\/\/poudresdenarco.com\/wp-content\/uploads\/2024\/10\/5F-ADB-2.gif","contentUrl":"https:\/\/poudresdenarco.com\/wp-content\/uploads\/2024\/10\/5F-ADB-2.gif","width":600,"height":600,"caption":"5F-ADB"},{"@type":"BreadcrumbList","@id":"https:\/\/poudresdenarco.com\/produit\/5f-adb\/#breadcrumb","itemListElement":[{"@type":"ListItem","position":1,"name":"Home","item":"https:\/\/poudresdenarco.com\/"},{"@type":"ListItem","position":2,"name":"Boutique","item":"https:\/\/poudresdenarco.com\/boutique\/"},{"@type":"ListItem","position":3,"name":"5F-ADB"}]},{"@type":"WebSite","@id":"https:\/\/poudresdenarco.com\/#website","url":"https:\/\/poudresdenarco.com\/","name":"Poudresde Narco","description":"Acheter de la coca\u00efne et de l&#039;h\u00e9ro\u00efne en ligne","potentialAction":[{"@type":"SearchAction","target":{"@type":"EntryPoint","urlTemplate":"https:\/\/poudresdenarco.com\/?s={search_term_string}"},"query-input":{"@type":"PropertyValueSpecification","valueRequired":true,"valueName":"search_term_string"}}],"inLanguage":"ro-RO"}]}},"_links":{"self":[{"href":"https:\/\/poudresdenarco.com\/ro\/wp-json\/wp\/v2\/product\/6223","targetHints":{"allow":["GET"]}}],"collection":[{"href":"https:\/\/poudresdenarco.com\/ro\/wp-json\/wp\/v2\/product"}],"about":[{"href":"https:\/\/poudresdenarco.com\/ro\/wp-json\/wp\/v2\/types\/product"}],"replies":[{"embeddable":true,"href":"https:\/\/poudresdenarco.com\/ro\/wp-json\/wp\/v2\/comments?post=6223"}],"wp:featuredmedia":[{"embeddable":true,"href":"https:\/\/poudresdenarco.com\/ro\/wp-json\/wp\/v2\/media\/6298"}],"wp:attachment":[{"href":"https:\/\/poudresdenarco.com\/ro\/wp-json\/wp\/v2\/media?parent=6223"}],"wp:term":[{"taxonomy":"product_cat","embeddable":true,"href":"https:\/\/poudresdenarco.com\/ro\/wp-json\/wp\/v2\/product_cat?post=6223"},{"taxonomy":"product_tag","embeddable":true,"href":"https:\/\/poudresdenarco.com\/ro\/wp-json\/wp\/v2\/product_tag?post=6223"}],"curies":[{"name":"wp","href":"https:\/\/api.w.org\/{rel}","templated":true}]}}