{"id":6226,"date":"2024-10-18T05:40:28","date_gmt":"2024-10-18T05:40:28","guid":{"rendered":"https:\/\/poudresdenarco.com\/?post_type=product&#038;p=6226"},"modified":"2026-01-17T03:00:31","modified_gmt":"2026-01-17T03:00:31","slug":"fentanyl","status":"publish","type":"product","link":"https:\/\/poudresdenarco.com\/ro\/produs\/fentanyl\/","title":{"rendered":"Fentanil"},"content":{"rendered":"<div class=\"flex max-w-full flex-col flex-grow\">\n<div class=\"min-h-8 text-message flex w-full flex-col items-end gap-2 whitespace-normal break-words [.text-message+&amp;]:mt-5\" dir=\"auto\" data-message-author-role=\"assistant\" data-message-id=\"cd93b966-aa26-4387-b278-805577f36b37\" data-message-model-slug=\"gpt-4o\">\n<div class=\"flex w-full flex-col gap-1 empty:hidden first:pt-[3px]\">\n<div class=\"markdown prose w-full break-words dark:prose-invert light\">\n<h2><strong>Cump\u0103ra\u021bi Fentanil de calitate farmaceutic\u0103 <a href=\"https:\/\/poudresdenarco.com\/ro\/categoria-de-produse-2\/cumpara-cocaina-online\/\">-<\/a> Furnizor autorizat Narco Powders<\/strong><\/h2>\n<p>Cumpara Fentanyl, Narco Powders este dvs. <strong>furnizor autorizat de fentanil<\/strong>ofert\u0103 <strong>fentanil de calitate farmaceutic\u0103<\/strong> pentru aplica\u021bii medicale \u0219i de cercetare. Produsele noastre <strong>fentanil medical<\/strong> \u00eendepline\u0219te cele mai stricte standarde de puritate \u0219i siguran\u021b\u0103, esen\u021biale pentru <strong>managementul clinic al durerii<\/strong> \u0219i alte utiliz\u0103ri industriale \u0219i farmaceutice<a href=\"https:\/\/legitgrams.com\/de\/shop\/\">.<\/a><\/p>\n<h3>De ce s\u0103 cump\u0103ra\u021bi Fentanyl de la Poudres de Narco?<\/h3>\n<p>Alege\u021bi un <strong>distribuitor autorizat de fentanil<\/strong> este esen\u021bial\u0103 pentru a asigura siguran\u021ba \u0219i conformitatea fiec\u0103rei comenzi. Atunci c\u00e2nd cump\u0103ra\u021bi de la Poudres de Narco, beneficia\u021bi de :<\/p>\n<ul>\n<li><strong>Calitate superioar\u0103<\/strong> Fentanil pur, de \u00eencredere, esen\u021bial pentru rezultate constante \u00een <strong>utilizare farmaceutic\u0103<\/strong>.<\/li>\n<li><strong>Siguran\u021b\u0103 maxim\u0103<\/strong> : Noi furniz\u0103m <strong>protocoale de siguran\u021b\u0103 pentru manipularea \u0219i depozitarea fentanilului<\/strong>pentru a asigura utilizarea \u00een siguran\u021b\u0103.<\/li>\n<li><strong>Solu\u021bii pentru comer\u021bul cu ridicata<\/strong> : noastre <strong>fentanil en-gros pentru spitale<\/strong> \u0219i <strong>farmacii<\/strong> garanteaz\u0103 o aprovizionare fiabil\u0103 la un pre\u021b competitiv.<\/li>\n<\/ul>\n<h3>Aplica\u021bii \u0219i securitate<\/h3>\n<p>Le <strong>fentanil pentru uz farmaceutic<\/strong> pe care le distribuim este utilizat \u00eentr-o varietate de contexte:<\/p>\n<ul>\n<li><strong>Clinic\u0103<\/strong> Ameliorarea controlat\u0103 \u0219i rapid\u0103 a durerii \u00een unit\u0103\u021bile medicale.<\/li>\n<li><strong>Produse farmaceutice<\/strong> Fabricarea de medicamente de \u00eenalt\u0103 precizie.<\/li>\n<li><strong>Cercetare \u0219i industrie<\/strong> Studii de laborator \u0219i studii farmacologice care necesit\u0103 un produs pur.<\/li>\n<\/ul>\n<p>Ne asigur\u0103m conformitatea prin <strong>Num\u0103rul CAS pentru fentanil (7664-39-3)<\/strong>garant\u00e2nd un produs autentic, de \u00eenalt\u0103 calitate.<\/p>\n<h3>Sunte\u021bi gata s\u0103 comanda\u021bi?<\/h3>\n<p>Pentru a cump\u0103ra fentanil \u00een siguran\u021b\u0103, contacta\u021bi Narco Powders ast\u0103zi. Suntem o <strong>furnizor de fentanil de \u00eenalt\u0103 puritate<\/strong>dedicat\u0103 furniz\u0103rii de solu\u021bii fiabile \u0219i sigure pentru toate nevoile dvs. de afaceri.<\/p>\n<\/div>\n<\/div>\n<\/div>\n<\/div>\n<div class=\"mb-2 flex gap-3 empty:hidden -ml-2\">\n<div class=\"items-center justify-start rounded-xl p-1 flex\">\n<div class=\"flex items-center\"><\/div>\n<\/div>\n<\/div>","protected":false},"excerpt":{"rendered":"<p>Fentanilul este un opioid sintetic. Este utilizat pentru ameliorarea durerii acute \u0219i cronice severe \u00een anestezie, terapie intensiv\u0103, medicina de urgen\u021b\u0103 \u0219i managementul durerii \u00een ambulatoriu. Este utilizat sub form\u0103 de injec\u021bii, plasturi, spray-uri nazale \u0219i prin absorb\u021bie prin mucoasa bucal\u0103.<\/p>","protected":false},"featured_media":6301,"comment_status":"open","ping_status":"closed","template":"","meta":{"_joinchat":[]},"product_cat":[558],"product_tag":[],"class_list":{"0":"post-6226","1":"product","2":"type-product","3":"status-publish","4":"has-post-thumbnail","6":"product_cat-chimiques-de-recherche","8":"first","9":"instock","10":"shipping-taxable","11":"purchasable","12":"product-type-variable","13":"col-xs-6 col-sm-4","14":"col-md-3 col-lg-3","15":"un-4-cols"},"yoast_head":"<!-- This site is optimized with the Yoast SEO plugin v23.8 - https:\/\/yoast.com\/wordpress\/plugins\/seo\/ -->\n<title>Acheter Fentanyl Pharmaceutique | Poudres de Narco<\/title>\n<meta name=\"description\" content=\"&quot;Poudres de Narco propose du fentanyl de qualit\u00e9 pharmaceutique pour des applications m\u00e9dicales et industrielles. Achat s\u00e9curis\u00e9 avec protocoles de s\u00e9curit\u00e9.\" \/>\n<meta name=\"robots\" content=\"index, follow, max-snippet:-1, max-image-preview:large, max-video-preview:-1\" \/>\n<link rel=\"canonical\" href=\"https:\/\/poudresdenarco.com\/ro\/produs\/fentanyl\/\" \/>\n<meta property=\"og:locale\" content=\"ro_RO\" \/>\n<meta property=\"og:type\" content=\"article\" \/>\n<meta property=\"og:title\" content=\"Acheter Fentanyl Pharmaceutique | Poudres de Narco\" \/>\n<meta property=\"og:description\" content=\"&quot;Poudres de Narco propose du fentanyl de qualit\u00e9 pharmaceutique pour des applications m\u00e9dicales et industrielles. Achat s\u00e9curis\u00e9 avec protocoles de s\u00e9curit\u00e9.\" \/>\n<meta property=\"og:url\" content=\"https:\/\/poudresdenarco.com\/ro\/produs\/fentanyl\/\" \/>\n<meta property=\"og:site_name\" content=\"Poudresde Narco\" \/>\n<meta property=\"article:modified_time\" content=\"2026-01-17T03:00:31+00:00\" \/>\n<meta property=\"og:image\" content=\"https:\/\/poudresdenarco.com\/wp-content\/uploads\/2024\/10\/Fentanyl.gif\" \/>\n\t<meta property=\"og:image:width\" content=\"600\" \/>\n\t<meta property=\"og:image:height\" content=\"600\" \/>\n\t<meta property=\"og:image:type\" content=\"image\/gif\" \/>\n<meta name=\"twitter:card\" content=\"summary_large_image\" \/>\n<meta name=\"twitter:label1\" content=\"Timp estimat pentru citire\" \/>\n\t<meta name=\"twitter:data1\" content=\"2 minute\" \/>\n<script type=\"application\/ld+json\" class=\"yoast-schema-graph\">{\"@context\":\"https:\/\/schema.org\",\"@graph\":[{\"@type\":\"WebPage\",\"@id\":\"https:\/\/poudresdenarco.com\/produit\/fentanyl\/\",\"url\":\"https:\/\/poudresdenarco.com\/produit\/fentanyl\/\",\"name\":\"Acheter Fentanyl Pharmaceutique | Poudres de Narco\",\"isPartOf\":{\"@id\":\"https:\/\/poudresdenarco.com\/#website\"},\"primaryImageOfPage\":{\"@id\":\"https:\/\/poudresdenarco.com\/produit\/fentanyl\/#primaryimage\"},\"image\":{\"@id\":\"https:\/\/poudresdenarco.com\/produit\/fentanyl\/#primaryimage\"},\"thumbnailUrl\":\"https:\/\/poudresdenarco.com\/wp-content\/uploads\/2024\/10\/Fentanyl.gif\",\"datePublished\":\"2024-10-18T05:40:28+00:00\",\"dateModified\":\"2026-01-17T03:00:31+00:00\",\"description\":\"\\\"Poudres de Narco propose du fentanyl de qualit\u00e9 pharmaceutique pour des applications m\u00e9dicales et industrielles. Achat s\u00e9curis\u00e9 avec protocoles de s\u00e9curit\u00e9.\",\"breadcrumb\":{\"@id\":\"https:\/\/poudresdenarco.com\/produit\/fentanyl\/#breadcrumb\"},\"inLanguage\":\"ro-RO\",\"potentialAction\":[{\"@type\":\"ReadAction\",\"target\":[\"https:\/\/poudresdenarco.com\/produit\/fentanyl\/\"]}]},{\"@type\":\"ImageObject\",\"inLanguage\":\"ro-RO\",\"@id\":\"https:\/\/poudresdenarco.com\/produit\/fentanyl\/#primaryimage\",\"url\":\"https:\/\/poudresdenarco.com\/wp-content\/uploads\/2024\/10\/Fentanyl.gif\",\"contentUrl\":\"https:\/\/poudresdenarco.com\/wp-content\/uploads\/2024\/10\/Fentanyl.gif\",\"width\":600,\"height\":600,\"caption\":\"Fentanyl\"},{\"@type\":\"BreadcrumbList\",\"@id\":\"https:\/\/poudresdenarco.com\/produit\/fentanyl\/#breadcrumb\",\"itemListElement\":[{\"@type\":\"ListItem\",\"position\":1,\"name\":\"Home\",\"item\":\"https:\/\/poudresdenarco.com\/\"},{\"@type\":\"ListItem\",\"position\":2,\"name\":\"Boutique\",\"item\":\"https:\/\/poudresdenarco.com\/boutique\/\"},{\"@type\":\"ListItem\",\"position\":3,\"name\":\"Fentanyl\"}]},{\"@type\":\"WebSite\",\"@id\":\"https:\/\/poudresdenarco.com\/#website\",\"url\":\"https:\/\/poudresdenarco.com\/\",\"name\":\"Poudresde Narco\",\"description\":\"Acheter de la coca\u00efne et de l&#039;h\u00e9ro\u00efne en ligne\",\"potentialAction\":[{\"@type\":\"SearchAction\",\"target\":{\"@type\":\"EntryPoint\",\"urlTemplate\":\"https:\/\/poudresdenarco.com\/?s={search_term_string}\"},\"query-input\":{\"@type\":\"PropertyValueSpecification\",\"valueRequired\":true,\"valueName\":\"search_term_string\"}}],\"inLanguage\":\"ro-RO\"}]}<\/script>\n<!-- \/ Yoast SEO plugin. -->","yoast_head_json":{"title":"Acheter Fentanyl Pharmaceutique | Poudres de Narco","description":"\"Poudres de Narco propose du fentanyl de qualit\u00e9 pharmaceutique pour des applications m\u00e9dicales et industrielles. Achat s\u00e9curis\u00e9 avec protocoles de s\u00e9curit\u00e9.","robots":{"index":"index","follow":"follow","max-snippet":"max-snippet:-1","max-image-preview":"max-image-preview:large","max-video-preview":"max-video-preview:-1"},"canonical":"https:\/\/poudresdenarco.com\/ro\/produs\/fentanyl\/","og_locale":"ro_RO","og_type":"article","og_title":"Acheter Fentanyl Pharmaceutique | Poudres de Narco","og_description":"\"Poudres de Narco propose du fentanyl de qualit\u00e9 pharmaceutique pour des applications m\u00e9dicales et industrielles. Achat s\u00e9curis\u00e9 avec protocoles de s\u00e9curit\u00e9.","og_url":"https:\/\/poudresdenarco.com\/ro\/produs\/fentanyl\/","og_site_name":"Poudresde Narco","article_modified_time":"2026-01-17T03:00:31+00:00","og_image":[{"width":600,"height":600,"url":"https:\/\/poudresdenarco.com\/wp-content\/uploads\/2024\/10\/Fentanyl.gif","type":"image\/gif"}],"twitter_card":"summary_large_image","twitter_misc":{"Timp estimat pentru citire":"2 minute"},"schema":{"@context":"https:\/\/schema.org","@graph":[{"@type":"WebPage","@id":"https:\/\/poudresdenarco.com\/produit\/fentanyl\/","url":"https:\/\/poudresdenarco.com\/produit\/fentanyl\/","name":"Acheter Fentanyl Pharmaceutique | Poudres de Narco","isPartOf":{"@id":"https:\/\/poudresdenarco.com\/#website"},"primaryImageOfPage":{"@id":"https:\/\/poudresdenarco.com\/produit\/fentanyl\/#primaryimage"},"image":{"@id":"https:\/\/poudresdenarco.com\/produit\/fentanyl\/#primaryimage"},"thumbnailUrl":"https:\/\/poudresdenarco.com\/wp-content\/uploads\/2024\/10\/Fentanyl.gif","datePublished":"2024-10-18T05:40:28+00:00","dateModified":"2026-01-17T03:00:31+00:00","description":"\"Poudres de Narco propose du fentanyl de qualit\u00e9 pharmaceutique pour des applications m\u00e9dicales et industrielles. Achat s\u00e9curis\u00e9 avec protocoles de s\u00e9curit\u00e9.","breadcrumb":{"@id":"https:\/\/poudresdenarco.com\/produit\/fentanyl\/#breadcrumb"},"inLanguage":"ro-RO","potentialAction":[{"@type":"ReadAction","target":["https:\/\/poudresdenarco.com\/produit\/fentanyl\/"]}]},{"@type":"ImageObject","inLanguage":"ro-RO","@id":"https:\/\/poudresdenarco.com\/produit\/fentanyl\/#primaryimage","url":"https:\/\/poudresdenarco.com\/wp-content\/uploads\/2024\/10\/Fentanyl.gif","contentUrl":"https:\/\/poudresdenarco.com\/wp-content\/uploads\/2024\/10\/Fentanyl.gif","width":600,"height":600,"caption":"Fentanyl"},{"@type":"BreadcrumbList","@id":"https:\/\/poudresdenarco.com\/produit\/fentanyl\/#breadcrumb","itemListElement":[{"@type":"ListItem","position":1,"name":"Home","item":"https:\/\/poudresdenarco.com\/"},{"@type":"ListItem","position":2,"name":"Boutique","item":"https:\/\/poudresdenarco.com\/boutique\/"},{"@type":"ListItem","position":3,"name":"Fentanyl"}]},{"@type":"WebSite","@id":"https:\/\/poudresdenarco.com\/#website","url":"https:\/\/poudresdenarco.com\/","name":"Poudresde Narco","description":"Acheter de la coca\u00efne et de l&#039;h\u00e9ro\u00efne en ligne","potentialAction":[{"@type":"SearchAction","target":{"@type":"EntryPoint","urlTemplate":"https:\/\/poudresdenarco.com\/?s={search_term_string}"},"query-input":{"@type":"PropertyValueSpecification","valueRequired":true,"valueName":"search_term_string"}}],"inLanguage":"ro-RO"}]}},"_links":{"self":[{"href":"https:\/\/poudresdenarco.com\/ro\/wp-json\/wp\/v2\/product\/6226","targetHints":{"allow":["GET"]}}],"collection":[{"href":"https:\/\/poudresdenarco.com\/ro\/wp-json\/wp\/v2\/product"}],"about":[{"href":"https:\/\/poudresdenarco.com\/ro\/wp-json\/wp\/v2\/types\/product"}],"replies":[{"embeddable":true,"href":"https:\/\/poudresdenarco.com\/ro\/wp-json\/wp\/v2\/comments?post=6226"}],"wp:featuredmedia":[{"embeddable":true,"href":"https:\/\/poudresdenarco.com\/ro\/wp-json\/wp\/v2\/media\/6301"}],"wp:attachment":[{"href":"https:\/\/poudresdenarco.com\/ro\/wp-json\/wp\/v2\/media?parent=6226"}],"wp:term":[{"taxonomy":"product_cat","embeddable":true,"href":"https:\/\/poudresdenarco.com\/ro\/wp-json\/wp\/v2\/product_cat?post=6226"},{"taxonomy":"product_tag","embeddable":true,"href":"https:\/\/poudresdenarco.com\/ro\/wp-json\/wp\/v2\/product_tag?post=6226"}],"curies":[{"name":"wp","href":"https:\/\/api.w.org\/{rel}","templated":true}]}}