{"id":6311,"date":"2024-10-18T05:55:06","date_gmt":"2024-10-18T05:55:06","guid":{"rendered":"https:\/\/poudresdenarco.com\/?post_type=product&#038;p=6311"},"modified":"2026-01-17T02:58:27","modified_gmt":"2026-01-17T02:58:27","slug":"3mmc","status":"publish","type":"product","link":"https:\/\/poudresdenarco.com\/ro\/produs\/3mmc\/","title":{"rendered":"3mmc"},"content":{"rendered":"<h2>Ce este 3-MMC?<\/h2>\n<p>Cump\u0103rarea 3-MMC este o substan\u021b\u0103 psihotrop\u0103 apar\u021bin\u00e2nd familiei amfetaminei. Structura sa entactogen\u0103 este comparabil\u0103 cu cea a metamfetaminei \u0219i structura sa este similar\u0103 cu cea a metamfetaminei, cu excep\u021bia grup\u0103rii metil 3-MMC.<a href=\"https:\/\/legitgrams.com\/product-category\/cocaine\/\">.<\/a><\/p>\n<p>La <a href=\"https:\/\/poudresdenarco.com\/ro\/produs\/3mmc\/\">3-metil-metamfetamin\u0103<\/a>3-metoximetilamfetamina este un tip de metamfetamin\u0103.<\/p>\n<p>Substan\u021ba chimic\u0103 1-(3-metoxifenil)-N-metil propan-2-amin\u0103 face parte din clasele fenetilamin\u0103 \u0219i amfetamin\u0103. Compu\u0219ii s\u0103i sunt numi\u021bi deriva\u021bi deoarece sunt genera\u021bi atunci c\u00e2nd sunt substitui\u021bi sau \u00eenlocui\u021bi. Amfetaminele sunt un tip de fenetilamin\u0103 care a suferit substitu\u021bie.<\/p>\n<p>3-Metil-metamfetamina a fost descoperit\u0103 \u0219i fabricat\u0103 pentru prima dat\u0103 \u00een Italia \u00een 1970. David E. Nichols a redescoperit-o ca echivalent non-neurotoxic mai t\u00e2rziu, \u00een 1991. \u00cen laboratoare, 3-metil-metamfetamina este produs\u0103 \u00een conformitate cu toate standardele de calitate.<\/p>\n<p>De\u0219i s-a demonstrat c\u0103 inhib\u0103 reabsorb\u021bia serotoninei, nu se \u0219tie nimic despre caracteristicile 3-metil-metamfetaminei.<\/p>\n<p><strong>Avertisment<\/strong><br \/>\nOameni \u0219i animale nu trebuie s\u0103 primeasc\u0103 acest produs. Acesta este destinat exclusiv v\u00e2nz\u0103rii \u00een scopuri de cercetare de laborator. V\u0103 recomand\u0103m s\u0103 manipula\u021bi compusul cu precau\u021bie extrem\u0103, folosind m\u0103nu\u0219i, m\u0103\u0219ti \u0219i alte dispozitive anti-contaminare.<\/p>\n<h3>3-MMC este legal?<\/h3>\n<p>\u00cenainte de a cump\u0103ra 3-metil-metamfetamin\u0103, v\u0103 recomand\u0103m insistent s\u0103 consulta\u021bi autorit\u0103\u021bile competente din regiunea dumneavoastr\u0103 de re\u0219edin\u021b\u0103 sau de destina\u021bie.<\/p>\n<p>Prin impunerea unor legi stricte cu privire la v\u00e2nzarea acestui produs, lu\u0103m toate m\u0103surile de protec\u021bie necesare pentru a ne asigura c\u0103 consumatorii no\u0219tri se afl\u0103 de partea sigur\u0103 a legii. Legile \u0219i normele sunt \u00een continu\u0103 schimbare, astfel \u00eenc\u00e2t este esen\u021bial ca dumneavoastr\u0103, \u00een calitate de client, s\u0103 fi\u021bi la curent cu ceea ce se \u00eent\u00e2mpl\u0103 \u00een zona dumneavoastr\u0103. Nu vom fi tra\u0219i la r\u0103spundere pentru eventualele probleme juridice care pot ap\u0103rea ca urmare a ob\u021binerii de 3-metil-metamfetamin\u0103 \u00een zona dumneavoastr\u0103.<\/p>\n<h3>De unde pot cump\u0103ra 3-MMC?<\/h3>\n<p><a href=\"https:\/\/poudresdenarco.com\/ro\/\">PowderDenarco<\/a> este un produc\u0103tor \u0219i distribuitor de top de 3-metil-metamfetamin\u0103 \u0219i alte produse chimice. Ne m\u00e2ndrim cu furnizarea de produse chimice de \u00eenalt\u0103 calitate, \u00een special unele care sunt greu de g\u0103sit. Produsele <a href=\"https:\/\/en.wikipedia.org\/wiki\/3-Methylmethcathinone\">3-metil-metamfetamin\u0103<\/a> este disponibil\u0103 sub form\u0103 de pulbere \u0219i este furnizat\u0103 numai pentru studii de laborator. Aceast\u0103 substan\u021b\u0103 este disponibil\u0103 numai pentru adul\u021bii cu v\u00e2rsta de peste 18 ani.<\/p>","protected":false},"excerpt":{"rendered":"<p>Qu&rsquo;est-ce que le 3-MMC ? Acheter du 3-MMC est une substance psychotrope qui appartient \u00e0 la famille des amph\u00e9tamines. Sa structure entactog\u00e8ne est comparable \u00e0 celle de la m\u00e9thamph\u00e9tamine et sa structure est similaire \u00e0 celle de la m\u00e9thamph\u00e9tamine \u00e0 l&rsquo;exception du groupe m\u00e9thyle 3-MMC. La 3-m\u00e9thyl-m\u00e9thamph\u00e9tamine, souvent appel\u00e9e 3-m\u00e9thoxym\u00e9thamph\u00e9tamine, est une sorte de m\u00e9thamph\u00e9tamine.&hellip;<\/p>","protected":false},"featured_media":6312,"comment_status":"open","ping_status":"closed","template":"","meta":{"_joinchat":[]},"product_cat":[558,751],"product_tag":[],"class_list":{"0":"post-6311","1":"product","2":"type-product","3":"status-publish","4":"has-post-thumbnail","6":"product_cat-chimiques-de-recherche","7":"product_cat-stimulants","9":"first","10":"instock","11":"shipping-taxable","12":"purchasable","13":"product-type-variable","14":"col-xs-6 col-sm-4","15":"col-md-3 col-lg-3","16":"un-4-cols"},"yoast_head":"<!-- This site is optimized with the Yoast SEO plugin v23.8 - https:\/\/yoast.com\/wordpress\/plugins\/seo\/ -->\n<title>3-MMC : Effets, Risques et Statut L\u00e9gal du 3-M\u00e9thylm\u00e9thcathinone<\/title>\n<meta name=\"description\" content=\"les risques et le statut l\u00e9gal du 3-MMC (3-M\u00e9thylm\u00e9thcathinone). D\u00e9couvrez ses usages, Acheter 3CMC rapidement et facilement sur poudresdenarco.\" \/>\n<meta name=\"robots\" content=\"index, follow, max-snippet:-1, max-image-preview:large, max-video-preview:-1\" \/>\n<link rel=\"canonical\" href=\"https:\/\/poudresdenarco.com\/ro\/produs\/3mmc\/\" \/>\n<meta property=\"og:locale\" content=\"ro_RO\" \/>\n<meta property=\"og:type\" content=\"article\" \/>\n<meta property=\"og:title\" content=\"3-MMC : Effets, Risques et Statut L\u00e9gal du 3-M\u00e9thylm\u00e9thcathinone\" \/>\n<meta property=\"og:description\" content=\"les risques et le statut l\u00e9gal du 3-MMC (3-M\u00e9thylm\u00e9thcathinone). D\u00e9couvrez ses usages, Acheter 3CMC rapidement et facilement sur poudresdenarco.\" \/>\n<meta property=\"og:url\" content=\"https:\/\/poudresdenarco.com\/ro\/produs\/3mmc\/\" \/>\n<meta property=\"og:site_name\" content=\"Poudresde Narco\" \/>\n<meta property=\"article:modified_time\" content=\"2026-01-17T02:58:27+00:00\" \/>\n<meta property=\"og:image\" content=\"https:\/\/poudresdenarco.com\/wp-content\/uploads\/2024\/10\/3mmc.gif\" \/>\n\t<meta property=\"og:image:width\" content=\"600\" \/>\n\t<meta property=\"og:image:height\" content=\"600\" \/>\n\t<meta property=\"og:image:type\" content=\"image\/gif\" \/>\n<meta name=\"twitter:card\" content=\"summary_large_image\" \/>\n<meta name=\"twitter:label1\" content=\"Timp estimat pentru citire\" \/>\n\t<meta name=\"twitter:data1\" content=\"2 minute\" \/>\n<script type=\"application\/ld+json\" class=\"yoast-schema-graph\">{\"@context\":\"https:\/\/schema.org\",\"@graph\":[{\"@type\":\"WebPage\",\"@id\":\"https:\/\/poudresdenarco.com\/produit\/3mmc\/\",\"url\":\"https:\/\/poudresdenarco.com\/produit\/3mmc\/\",\"name\":\"3-MMC : Effets, Risques et Statut L\u00e9gal du 3-M\u00e9thylm\u00e9thcathinone\",\"isPartOf\":{\"@id\":\"https:\/\/poudresdenarco.com\/#website\"},\"primaryImageOfPage\":{\"@id\":\"https:\/\/poudresdenarco.com\/produit\/3mmc\/#primaryimage\"},\"image\":{\"@id\":\"https:\/\/poudresdenarco.com\/produit\/3mmc\/#primaryimage\"},\"thumbnailUrl\":\"https:\/\/poudresdenarco.com\/wp-content\/uploads\/2024\/10\/3mmc.gif\",\"datePublished\":\"2024-10-18T05:55:06+00:00\",\"dateModified\":\"2026-01-17T02:58:27+00:00\",\"description\":\"les risques et le statut l\u00e9gal du 3-MMC (3-M\u00e9thylm\u00e9thcathinone). D\u00e9couvrez ses usages, Acheter 3CMC rapidement et facilement sur poudresdenarco.\",\"breadcrumb\":{\"@id\":\"https:\/\/poudresdenarco.com\/produit\/3mmc\/#breadcrumb\"},\"inLanguage\":\"ro-RO\",\"potentialAction\":[{\"@type\":\"ReadAction\",\"target\":[\"https:\/\/poudresdenarco.com\/produit\/3mmc\/\"]}]},{\"@type\":\"ImageObject\",\"inLanguage\":\"ro-RO\",\"@id\":\"https:\/\/poudresdenarco.com\/produit\/3mmc\/#primaryimage\",\"url\":\"https:\/\/poudresdenarco.com\/wp-content\/uploads\/2024\/10\/3mmc.gif\",\"contentUrl\":\"https:\/\/poudresdenarco.com\/wp-content\/uploads\/2024\/10\/3mmc.gif\",\"width\":600,\"height\":600,\"caption\":\"3-MMC\"},{\"@type\":\"BreadcrumbList\",\"@id\":\"https:\/\/poudresdenarco.com\/produit\/3mmc\/#breadcrumb\",\"itemListElement\":[{\"@type\":\"ListItem\",\"position\":1,\"name\":\"Home\",\"item\":\"https:\/\/poudresdenarco.com\/\"},{\"@type\":\"ListItem\",\"position\":2,\"name\":\"Boutique\",\"item\":\"https:\/\/poudresdenarco.com\/boutique\/\"},{\"@type\":\"ListItem\",\"position\":3,\"name\":\"3mmc\"}]},{\"@type\":\"WebSite\",\"@id\":\"https:\/\/poudresdenarco.com\/#website\",\"url\":\"https:\/\/poudresdenarco.com\/\",\"name\":\"Poudresde Narco\",\"description\":\"Acheter de la coca\u00efne et de l&#039;h\u00e9ro\u00efne en ligne\",\"potentialAction\":[{\"@type\":\"SearchAction\",\"target\":{\"@type\":\"EntryPoint\",\"urlTemplate\":\"https:\/\/poudresdenarco.com\/?s={search_term_string}\"},\"query-input\":{\"@type\":\"PropertyValueSpecification\",\"valueRequired\":true,\"valueName\":\"search_term_string\"}}],\"inLanguage\":\"ro-RO\"}]}<\/script>\n<!-- \/ Yoast SEO plugin. -->","yoast_head_json":{"title":"3-MMC : Effets, Risques et Statut L\u00e9gal du 3-M\u00e9thylm\u00e9thcathinone","description":"les risques et le statut l\u00e9gal du 3-MMC (3-M\u00e9thylm\u00e9thcathinone). D\u00e9couvrez ses usages, Acheter 3CMC rapidement et facilement sur poudresdenarco.","robots":{"index":"index","follow":"follow","max-snippet":"max-snippet:-1","max-image-preview":"max-image-preview:large","max-video-preview":"max-video-preview:-1"},"canonical":"https:\/\/poudresdenarco.com\/ro\/produs\/3mmc\/","og_locale":"ro_RO","og_type":"article","og_title":"3-MMC : Effets, Risques et Statut L\u00e9gal du 3-M\u00e9thylm\u00e9thcathinone","og_description":"les risques et le statut l\u00e9gal du 3-MMC (3-M\u00e9thylm\u00e9thcathinone). D\u00e9couvrez ses usages, Acheter 3CMC rapidement et facilement sur poudresdenarco.","og_url":"https:\/\/poudresdenarco.com\/ro\/produs\/3mmc\/","og_site_name":"Poudresde Narco","article_modified_time":"2026-01-17T02:58:27+00:00","og_image":[{"width":600,"height":600,"url":"https:\/\/poudresdenarco.com\/wp-content\/uploads\/2024\/10\/3mmc.gif","type":"image\/gif"}],"twitter_card":"summary_large_image","twitter_misc":{"Timp estimat pentru citire":"2 minute"},"schema":{"@context":"https:\/\/schema.org","@graph":[{"@type":"WebPage","@id":"https:\/\/poudresdenarco.com\/produit\/3mmc\/","url":"https:\/\/poudresdenarco.com\/produit\/3mmc\/","name":"3-MMC : Effets, Risques et Statut L\u00e9gal du 3-M\u00e9thylm\u00e9thcathinone","isPartOf":{"@id":"https:\/\/poudresdenarco.com\/#website"},"primaryImageOfPage":{"@id":"https:\/\/poudresdenarco.com\/produit\/3mmc\/#primaryimage"},"image":{"@id":"https:\/\/poudresdenarco.com\/produit\/3mmc\/#primaryimage"},"thumbnailUrl":"https:\/\/poudresdenarco.com\/wp-content\/uploads\/2024\/10\/3mmc.gif","datePublished":"2024-10-18T05:55:06+00:00","dateModified":"2026-01-17T02:58:27+00:00","description":"les risques et le statut l\u00e9gal du 3-MMC (3-M\u00e9thylm\u00e9thcathinone). D\u00e9couvrez ses usages, Acheter 3CMC rapidement et facilement sur poudresdenarco.","breadcrumb":{"@id":"https:\/\/poudresdenarco.com\/produit\/3mmc\/#breadcrumb"},"inLanguage":"ro-RO","potentialAction":[{"@type":"ReadAction","target":["https:\/\/poudresdenarco.com\/produit\/3mmc\/"]}]},{"@type":"ImageObject","inLanguage":"ro-RO","@id":"https:\/\/poudresdenarco.com\/produit\/3mmc\/#primaryimage","url":"https:\/\/poudresdenarco.com\/wp-content\/uploads\/2024\/10\/3mmc.gif","contentUrl":"https:\/\/poudresdenarco.com\/wp-content\/uploads\/2024\/10\/3mmc.gif","width":600,"height":600,"caption":"3-MMC"},{"@type":"BreadcrumbList","@id":"https:\/\/poudresdenarco.com\/produit\/3mmc\/#breadcrumb","itemListElement":[{"@type":"ListItem","position":1,"name":"Home","item":"https:\/\/poudresdenarco.com\/"},{"@type":"ListItem","position":2,"name":"Boutique","item":"https:\/\/poudresdenarco.com\/boutique\/"},{"@type":"ListItem","position":3,"name":"3mmc"}]},{"@type":"WebSite","@id":"https:\/\/poudresdenarco.com\/#website","url":"https:\/\/poudresdenarco.com\/","name":"Poudresde Narco","description":"Acheter de la coca\u00efne et de l&#039;h\u00e9ro\u00efne en ligne","potentialAction":[{"@type":"SearchAction","target":{"@type":"EntryPoint","urlTemplate":"https:\/\/poudresdenarco.com\/?s={search_term_string}"},"query-input":{"@type":"PropertyValueSpecification","valueRequired":true,"valueName":"search_term_string"}}],"inLanguage":"ro-RO"}]}},"_links":{"self":[{"href":"https:\/\/poudresdenarco.com\/ro\/wp-json\/wp\/v2\/product\/6311","targetHints":{"allow":["GET"]}}],"collection":[{"href":"https:\/\/poudresdenarco.com\/ro\/wp-json\/wp\/v2\/product"}],"about":[{"href":"https:\/\/poudresdenarco.com\/ro\/wp-json\/wp\/v2\/types\/product"}],"replies":[{"embeddable":true,"href":"https:\/\/poudresdenarco.com\/ro\/wp-json\/wp\/v2\/comments?post=6311"}],"wp:featuredmedia":[{"embeddable":true,"href":"https:\/\/poudresdenarco.com\/ro\/wp-json\/wp\/v2\/media\/6312"}],"wp:attachment":[{"href":"https:\/\/poudresdenarco.com\/ro\/wp-json\/wp\/v2\/media?parent=6311"}],"wp:term":[{"taxonomy":"product_cat","embeddable":true,"href":"https:\/\/poudresdenarco.com\/ro\/wp-json\/wp\/v2\/product_cat?post=6311"},{"taxonomy":"product_tag","embeddable":true,"href":"https:\/\/poudresdenarco.com\/ro\/wp-json\/wp\/v2\/product_tag?post=6311"}],"curies":[{"name":"wp","href":"https:\/\/api.w.org\/{rel}","templated":true}]}}