{"id":127,"date":"2023-12-25T08:20:20","date_gmt":"2023-12-25T08:20:20","guid":{"rendered":"https:\/\/unkrautmarkt.com\/narco1\/?post_type=product&#038;p=127"},"modified":"2025-09-01T19:58:05","modified_gmt":"2025-09-01T19:58:05","slug":"acheter-de-la-methamphetamine-crystal-meth-en-ligne","status":"publish","type":"product","link":"https:\/\/poudresdenarco.com\/sv\/produkt\/kopa-metamfetamin-crystal-meth-online\/","title":{"rendered":"K\u00f6p metamfetamin (Crystal meth) online"},"content":{"rendered":"<h2><span style=\"vertical-align: inherit;\"><span style=\"vertical-align: inherit;\">K\u00f6p Metamfetamin (Crystal Meth) Online<\/span><\/span><\/h2>\n<h3><span style=\"vertical-align: inherit;\"><span style=\"vertical-align: inherit;\">Vad \u00e4r metamfetamin?<\/span><\/span><\/h3>\n<p><span style=\"vertical-align: inherit;\"><span style=\"vertical-align: inherit;\">Stimulerande medel som <a href=\"https:\/\/en.wikipedia.org\/wiki\/Methamphetamine\">metamfetamin<\/a> till\u00e5ter anv\u00e4ndare att h\u00e5lla sig vakna och engagera sig i kontinuerlig aktivitet samtidigt som de minskar behovet av s\u00f6mn.<\/span><\/span><\/p>\n<p><span style=\"vertical-align: inherit;\"><span style=\"vertical-align: inherit;\">Dessa l\u00e4kemedel produceras i form av stora kristaller som kallas is, piller eller pulver. Is, ofta k\u00e4nd som crystal meth, \u00e4r ett vanligt \u00e4mne, s\u00e4rskilt bland unga vuxna och festdeltagare som bes\u00f6ker klubbar och dansgolv.<\/span><\/span><\/p>\n<h3><span style=\"vertical-align: inherit;\"><span style=\"vertical-align: inherit;\">Vilket annat namn finns det f\u00f6r metamfetamin (Met)?<\/span><\/span><\/h3>\n<p><span style=\"vertical-align: inherit;\"><span style=\"vertical-align: inherit;\">vev (s\u00e4rskilt n\u00e4r den injiceras), hastighet, stavar, metamfetamin, kristallmet, krita, is, glas och julgran<\/span><\/span><\/p>\n<h3><span style=\"vertical-align: inherit;\"><span style=\"vertical-align: inherit;\">Metamfetamin, eller \"Met\", hur anv\u00e4nds det?<\/span><\/span><\/h3>\n<p><span style=\"vertical-align: inherit;\"><span style=\"vertical-align: inherit;\">Metamfetamin kan r\u00f6kas, intas, inhaleras eller injiceras intraven\u00f6st.<\/span><\/span><\/p>\n<h3><span style=\"vertical-align: inherit;\"><span style=\"vertical-align: inherit;\">Vilket annat namn finns det f\u00f6r metamfetamin (Met)?<\/span><\/span><\/h3>\n<p><span style=\"vertical-align: inherit;\"><span style=\"vertical-align: inherit;\">Effekterna av att inta eller frusta metamfetamin - \u00e4ven kallad \"bumpin\" - \u00e4r extremt kraftfulla. En rusning eller blixt \u00e4r den kortlivade men kraftfulla och kraftfulla effekten som skapas av injektioner.<\/span><\/span><\/p>\n<p><span style=\"vertical-align: inherit;\"><span style=\"vertical-align: inherit;\">Metamfetaminanv\u00e4ndare f\u00e5r en stark och energisk high. De tror att drogen kommer att h\u00e5lla kroppen i funktion konstant. Men metamfetamin orsakar allvarliga skador p\u00e5 kroppen och hj\u00e4rnan, s\u00e4rskilt n\u00e4r det anv\u00e4nds ofta.<\/span><\/span><\/p>\n<p><span style=\"vertical-align: inherit;\"><span style=\"vertical-align: inherit;\">F\u00f6rh\u00f6jt blodtryck, oregelbunden hj\u00e4rtrytm och snabb andning \u00e4r biverkningar. Dessutom rapporterar anv\u00e4ndare huvudv\u00e4rk, muntorrhet, rodnad, f\u00f6r\u00e4ndrad syn, svettning och yrsel. M\u00e4nniskor som vill g\u00e5 ner i vikt snabbt anv\u00e4nder detta l\u00e4kemedel som en riskabel diet eftersom den ofta minskar eller till och med eliminerar aptiten.<\/span><\/span><\/p>\n<p><span style=\"vertical-align: inherit;\"><span style=\"vertical-align: inherit;\">Ett annat problem \u00e4r \"\u00a0<a href=\"https:\/\/poudresdenarco.com\/sv\/produkt\/kopa-metamfetamin-crystal-meth-online\/\">metamfetamin<\/a>.\u00bb T\u00e4nder g\u00e5r ofta s\u00f6nder eller faller ut p\u00e5 grund av kronisk tandk\u00f6ttssjukdom och karies.<\/span><\/span><\/p>\n<p>&nbsp;<\/p>","protected":false},"excerpt":{"rendered":"<p>Buy Methamphetamine (Crystal Meth) Online What is methamphetamine? Stimulants like methamphetamine allow users to stay awake and engage in continuous activity while reducing the need for sleep. These drugs are produced in the form of large crystals called ice, pills or powders. Ice, often known as crystal meth, is a common substance, especially among young&hellip;<\/p>","protected":false},"featured_media":266,"comment_status":"open","ping_status":"closed","template":"","meta":{"_joinchat":[]},"product_cat":[161],"product_tag":[],"class_list":{"0":"post-127","1":"product","2":"type-product","3":"status-publish","4":"has-post-thumbnail","6":"product_cat-du-crystal-meth","8":"first","9":"instock","10":"shipping-taxable","11":"purchasable","12":"product-type-variable","13":"col-xs-6 col-sm-4","14":"col-md-3 col-lg-3","15":"un-4-cols"},"yoast_head":"<!-- This site is optimized with the Yoast SEO plugin v23.8 - https:\/\/yoast.com\/wordpress\/plugins\/seo\/ -->\n<title>Acheter de la m\u00e9thamph\u00e9tamine en ligne \u2013 Vente de m\u00e9thamph\u00e9tamine<\/title>\n<meta name=\"description\" content=\"Achetez de la m\u00e9thamph\u00e9tamine \u00e0 des prix abordables dans notre magasin PoudresDenarco. Nous vous aiderons \u00e0 acheter de la m\u00e9thamph\u00e9tamine en ligne. Acceptez votre commande et livrez-la chez vous sous peu !\" \/>\n<meta name=\"robots\" content=\"index, follow, max-snippet:-1, max-image-preview:large, max-video-preview:-1\" \/>\n<link rel=\"canonical\" href=\"https:\/\/poudresdenarco.com\/sv\/produkt\/kopa-metamfetamin-crystal-meth-online\/\" \/>\n<meta property=\"og:locale\" content=\"sv_SE\" \/>\n<meta property=\"og:type\" content=\"article\" \/>\n<meta property=\"og:title\" content=\"Acheter de la m\u00e9thamph\u00e9tamine en ligne \u2013 Vente de m\u00e9thamph\u00e9tamine\" \/>\n<meta property=\"og:description\" content=\"Achetez de la m\u00e9thamph\u00e9tamine \u00e0 des prix abordables dans notre magasin PoudresDenarco. Nous vous aiderons \u00e0 acheter de la m\u00e9thamph\u00e9tamine en ligne. Acceptez votre commande et livrez-la chez vous sous peu !\" \/>\n<meta property=\"og:url\" content=\"https:\/\/poudresdenarco.com\/sv\/produkt\/kopa-metamfetamin-crystal-meth-online\/\" \/>\n<meta property=\"og:site_name\" content=\"Poudresde Narco\" \/>\n<meta property=\"article:modified_time\" content=\"2025-09-01T19:58:05+00:00\" \/>\n<meta property=\"og:image\" content=\"https:\/\/poudresdenarco.com\/wp-content\/uploads\/2023\/12\/Buy-Methamphetamine-online.jpg\" \/>\n\t<meta property=\"og:image:width\" content=\"600\" \/>\n\t<meta property=\"og:image:height\" content=\"600\" \/>\n\t<meta property=\"og:image:type\" content=\"image\/jpeg\" \/>\n<meta name=\"twitter:card\" content=\"summary_large_image\" \/>\n<meta name=\"twitter:label1\" content=\"Ber\u00e4knad l\u00e4stid\" \/>\n\t<meta name=\"twitter:data1\" content=\"2 minuter\" \/>\n<script type=\"application\/ld+json\" class=\"yoast-schema-graph\">{\"@context\":\"https:\/\/schema.org\",\"@graph\":[{\"@type\":\"WebPage\",\"@id\":\"https:\/\/poudresdenarco.com\/produit\/acheter-de-la-methamphetamine-crystal-meth-en-ligne\/\",\"url\":\"https:\/\/poudresdenarco.com\/produit\/acheter-de-la-methamphetamine-crystal-meth-en-ligne\/\",\"name\":\"Acheter de la m\u00e9thamph\u00e9tamine en ligne \u2013 Vente de m\u00e9thamph\u00e9tamine\",\"isPartOf\":{\"@id\":\"https:\/\/poudresdenarco.com\/#website\"},\"primaryImageOfPage\":{\"@id\":\"https:\/\/poudresdenarco.com\/produit\/acheter-de-la-methamphetamine-crystal-meth-en-ligne\/#primaryimage\"},\"image\":{\"@id\":\"https:\/\/poudresdenarco.com\/produit\/acheter-de-la-methamphetamine-crystal-meth-en-ligne\/#primaryimage\"},\"thumbnailUrl\":\"https:\/\/poudresdenarco.com\/wp-content\/uploads\/2023\/12\/Buy-Methamphetamine-online.jpg\",\"datePublished\":\"2023-12-25T08:20:20+00:00\",\"dateModified\":\"2025-09-01T19:58:05+00:00\",\"description\":\"Achetez de la m\u00e9thamph\u00e9tamine \u00e0 des prix abordables dans notre magasin PoudresDenarco. Nous vous aiderons \u00e0 acheter de la m\u00e9thamph\u00e9tamine en ligne. Acceptez votre commande et livrez-la chez vous sous peu !\",\"breadcrumb\":{\"@id\":\"https:\/\/poudresdenarco.com\/produit\/acheter-de-la-methamphetamine-crystal-meth-en-ligne\/#breadcrumb\"},\"inLanguage\":\"sv-SE\",\"potentialAction\":[{\"@type\":\"ReadAction\",\"target\":[\"https:\/\/poudresdenarco.com\/produit\/acheter-de-la-methamphetamine-crystal-meth-en-ligne\/\"]}]},{\"@type\":\"ImageObject\",\"inLanguage\":\"sv-SE\",\"@id\":\"https:\/\/poudresdenarco.com\/produit\/acheter-de-la-methamphetamine-crystal-meth-en-ligne\/#primaryimage\",\"url\":\"https:\/\/poudresdenarco.com\/wp-content\/uploads\/2023\/12\/Buy-Methamphetamine-online.jpg\",\"contentUrl\":\"https:\/\/poudresdenarco.com\/wp-content\/uploads\/2023\/12\/Buy-Methamphetamine-online.jpg\",\"width\":600,\"height\":600,\"caption\":\"Buy-Methamphetamine-online\"},{\"@type\":\"BreadcrumbList\",\"@id\":\"https:\/\/poudresdenarco.com\/produit\/acheter-de-la-methamphetamine-crystal-meth-en-ligne\/#breadcrumb\",\"itemListElement\":[{\"@type\":\"ListItem\",\"position\":1,\"name\":\"Home\",\"item\":\"https:\/\/poudresdenarco.com\/\"},{\"@type\":\"ListItem\",\"position\":2,\"name\":\"Boutique\",\"item\":\"https:\/\/poudresdenarco.com\/boutique\/\"},{\"@type\":\"ListItem\",\"position\":3,\"name\":\"Acheter de la m\u00e9thamph\u00e9tamine (Crystal meth) en ligne\"}]},{\"@type\":\"WebSite\",\"@id\":\"https:\/\/poudresdenarco.com\/#website\",\"url\":\"https:\/\/poudresdenarco.com\/\",\"name\":\"Poudresde Narco\",\"description\":\"Acheter de la coca\u00efne et de l&#039;h\u00e9ro\u00efne en ligne\",\"potentialAction\":[{\"@type\":\"SearchAction\",\"target\":{\"@type\":\"EntryPoint\",\"urlTemplate\":\"https:\/\/poudresdenarco.com\/?s={search_term_string}\"},\"query-input\":{\"@type\":\"PropertyValueSpecification\",\"valueRequired\":true,\"valueName\":\"search_term_string\"}}],\"inLanguage\":\"sv-SE\"}]}<\/script>\n<!-- \/ Yoast SEO plugin. -->","yoast_head_json":{"title":"Acheter de la m\u00e9thamph\u00e9tamine en ligne \u2013 Vente de m\u00e9thamph\u00e9tamine","description":"Achetez de la m\u00e9thamph\u00e9tamine \u00e0 des prix abordables dans notre magasin PoudresDenarco. Nous vous aiderons \u00e0 acheter de la m\u00e9thamph\u00e9tamine en ligne. Acceptez votre commande et livrez-la chez vous sous peu !","robots":{"index":"index","follow":"follow","max-snippet":"max-snippet:-1","max-image-preview":"max-image-preview:large","max-video-preview":"max-video-preview:-1"},"canonical":"https:\/\/poudresdenarco.com\/sv\/produkt\/kopa-metamfetamin-crystal-meth-online\/","og_locale":"sv_SE","og_type":"article","og_title":"Acheter de la m\u00e9thamph\u00e9tamine en ligne \u2013 Vente de m\u00e9thamph\u00e9tamine","og_description":"Achetez de la m\u00e9thamph\u00e9tamine \u00e0 des prix abordables dans notre magasin PoudresDenarco. Nous vous aiderons \u00e0 acheter de la m\u00e9thamph\u00e9tamine en ligne. Acceptez votre commande et livrez-la chez vous sous peu !","og_url":"https:\/\/poudresdenarco.com\/sv\/produkt\/kopa-metamfetamin-crystal-meth-online\/","og_site_name":"Poudresde Narco","article_modified_time":"2025-09-01T19:58:05+00:00","og_image":[{"width":600,"height":600,"url":"https:\/\/poudresdenarco.com\/wp-content\/uploads\/2023\/12\/Buy-Methamphetamine-online.jpg","type":"image\/jpeg"}],"twitter_card":"summary_large_image","twitter_misc":{"Ber\u00e4knad l\u00e4stid":"2 minuter"},"schema":{"@context":"https:\/\/schema.org","@graph":[{"@type":"WebPage","@id":"https:\/\/poudresdenarco.com\/produit\/acheter-de-la-methamphetamine-crystal-meth-en-ligne\/","url":"https:\/\/poudresdenarco.com\/produit\/acheter-de-la-methamphetamine-crystal-meth-en-ligne\/","name":"Acheter de la m\u00e9thamph\u00e9tamine en ligne \u2013 Vente de m\u00e9thamph\u00e9tamine","isPartOf":{"@id":"https:\/\/poudresdenarco.com\/#website"},"primaryImageOfPage":{"@id":"https:\/\/poudresdenarco.com\/produit\/acheter-de-la-methamphetamine-crystal-meth-en-ligne\/#primaryimage"},"image":{"@id":"https:\/\/poudresdenarco.com\/produit\/acheter-de-la-methamphetamine-crystal-meth-en-ligne\/#primaryimage"},"thumbnailUrl":"https:\/\/poudresdenarco.com\/wp-content\/uploads\/2023\/12\/Buy-Methamphetamine-online.jpg","datePublished":"2023-12-25T08:20:20+00:00","dateModified":"2025-09-01T19:58:05+00:00","description":"Achetez de la m\u00e9thamph\u00e9tamine \u00e0 des prix abordables dans notre magasin PoudresDenarco. Nous vous aiderons \u00e0 acheter de la m\u00e9thamph\u00e9tamine en ligne. Acceptez votre commande et livrez-la chez vous sous peu !","breadcrumb":{"@id":"https:\/\/poudresdenarco.com\/produit\/acheter-de-la-methamphetamine-crystal-meth-en-ligne\/#breadcrumb"},"inLanguage":"sv-SE","potentialAction":[{"@type":"ReadAction","target":["https:\/\/poudresdenarco.com\/produit\/acheter-de-la-methamphetamine-crystal-meth-en-ligne\/"]}]},{"@type":"ImageObject","inLanguage":"sv-SE","@id":"https:\/\/poudresdenarco.com\/produit\/acheter-de-la-methamphetamine-crystal-meth-en-ligne\/#primaryimage","url":"https:\/\/poudresdenarco.com\/wp-content\/uploads\/2023\/12\/Buy-Methamphetamine-online.jpg","contentUrl":"https:\/\/poudresdenarco.com\/wp-content\/uploads\/2023\/12\/Buy-Methamphetamine-online.jpg","width":600,"height":600,"caption":"Buy-Methamphetamine-online"},{"@type":"BreadcrumbList","@id":"https:\/\/poudresdenarco.com\/produit\/acheter-de-la-methamphetamine-crystal-meth-en-ligne\/#breadcrumb","itemListElement":[{"@type":"ListItem","position":1,"name":"Home","item":"https:\/\/poudresdenarco.com\/"},{"@type":"ListItem","position":2,"name":"Boutique","item":"https:\/\/poudresdenarco.com\/boutique\/"},{"@type":"ListItem","position":3,"name":"Acheter de la m\u00e9thamph\u00e9tamine (Crystal meth) en ligne"}]},{"@type":"WebSite","@id":"https:\/\/poudresdenarco.com\/#website","url":"https:\/\/poudresdenarco.com\/","name":"Poudresde Narco","description":"Acheter de la coca\u00efne et de l&#039;h\u00e9ro\u00efne en ligne","potentialAction":[{"@type":"SearchAction","target":{"@type":"EntryPoint","urlTemplate":"https:\/\/poudresdenarco.com\/?s={search_term_string}"},"query-input":{"@type":"PropertyValueSpecification","valueRequired":true,"valueName":"search_term_string"}}],"inLanguage":"sv-SE"}]}},"_links":{"self":[{"href":"https:\/\/poudresdenarco.com\/sv\/wp-json\/wp\/v2\/product\/127","targetHints":{"allow":["GET"]}}],"collection":[{"href":"https:\/\/poudresdenarco.com\/sv\/wp-json\/wp\/v2\/product"}],"about":[{"href":"https:\/\/poudresdenarco.com\/sv\/wp-json\/wp\/v2\/types\/product"}],"replies":[{"embeddable":true,"href":"https:\/\/poudresdenarco.com\/sv\/wp-json\/wp\/v2\/comments?post=127"}],"wp:featuredmedia":[{"embeddable":true,"href":"https:\/\/poudresdenarco.com\/sv\/wp-json\/wp\/v2\/media\/266"}],"wp:attachment":[{"href":"https:\/\/poudresdenarco.com\/sv\/wp-json\/wp\/v2\/media?parent=127"}],"wp:term":[{"taxonomy":"product_cat","embeddable":true,"href":"https:\/\/poudresdenarco.com\/sv\/wp-json\/wp\/v2\/product_cat?post=127"},{"taxonomy":"product_tag","embeddable":true,"href":"https:\/\/poudresdenarco.com\/sv\/wp-json\/wp\/v2\/product_tag?post=127"}],"curies":[{"name":"wp","href":"https:\/\/api.w.org\/{rel}","templated":true}]}}