{"id":136,"date":"2023-12-25T08:20:25","date_gmt":"2023-12-25T08:20:25","guid":{"rendered":"https:\/\/unkrautmarkt.com\/narco1\/?post_type=product&#038;p=136"},"modified":"2025-06-10T00:57:58","modified_gmt":"2025-06-10T00:57:58","slug":"acheter-calypsol-ketamine-500mg-10ml","status":"publish","type":"product","link":"https:\/\/poudresdenarco.com\/sv\/produkt\/kopa-calypsol-ketamin-500-mg-10-ml\/","title":{"rendered":"K\u00f6p Calypsol Ketamin 500mg\/10ml"},"content":{"rendered":"<h2><span style=\"vertical-align: inherit;\"><span style=\"vertical-align: inherit;\">Acheter Calypsol Ketamine 500mg\/10ml en ligne<\/span><\/span><\/h2>\n<h3><span style=\"vertical-align: inherit;\"><span style=\"vertical-align: inherit;\">Acheter Calypsol Ketamine 500mg\/10ml en ligne.<\/span><\/span><\/h3>\n<p><span style=\"vertical-align: inherit;\"><span style=\"vertical-align: inherit;\"><a href=\"https:\/\/en.wikipedia.org\/wiki\/Ketamine\">Ketamin HCL<\/a> is a medication primarily used in anesthesia. Additional uses include intensive care sedation and persistent pain, Acheter Calypsol K\u00e9tamine .<\/span><\/span><\/p>\n<p><span style=\"vertical-align: inherit;\"><span style=\"vertical-align: inherit;\">Den h\u00f6ga som orsakas av ketamin varar ungef\u00e4r en timme. Det b\u00f6rjar tv\u00e5 till fem minuter efter r\u00f6kning eller intag av dosen. N\u00e4r det injiceras sker det cirka 30 sekunder efter injektionen.<\/span><\/span><\/p>\n<p><span style=\"vertical-align: inherit;\"><span style=\"vertical-align: inherit;\">Den \u00f6verv\u00e4ldigande k\u00e4nslan av avslappning som anv\u00e4ndaren till en b\u00f6rjan upplever under effekten kallas ofta f\u00f6r ett \u00ab\u00a0helkroppsbuzz.\u00bb Vissa anv\u00e4ndare beskriver det till och med som att de k\u00e4nner att de flyter ut ur kroppen. M\u00e5nga upplever hallucinationer som varar l\u00e4ngre \u00e4n effekterna av bed\u00f6vningen.<\/span><\/span><\/p>\n<p><span style=\"vertical-align: inherit;\"><span style=\"vertical-align: inherit;\">H\u00f6gre doser kan leda till mer kraftfulla effekter; individer har beskrivit fullst\u00e4ndig och total dissociation fr\u00e5n sina kroppar. M\u00e4nniskor som har haft n\u00e4ra-d\u00f6den-upplevelser har beskrivit liknande k\u00e4nslor, som liknar de i ett \u00ab\u00a0K-h\u00e5l.\u00bb<\/span><\/span><\/p>\n<p><span style=\"vertical-align: inherit;\"><span style=\"vertical-align: inherit;\">Online, <a href=\"https:\/\/poudresdenarco.com\/sv\/produkt\/kopa-calypsol-ketamin-500-mg-10-ml\/\">Calypsol Ketamin 500 mg\/10 ml<\/a> \u00e4r rimligt prissatt.<\/span><\/span><\/p>\n<h4><strong>Acheter du Calypsol Ketamine de Haute Puret\u00e9 pour la Recherche &#8211; Poudres de Narco<\/strong><\/h4>\n<p><strong>Narkotiska pulver<\/strong> \u00e4r din p\u00e5litliga k\u00e4lla f\u00f6r <strong>Calypsol Ketamine de qualit\u00e9 recherche<\/strong>utformad exklusivt f\u00f6r <strong>vetenskapliga laboratorietill\u00e4mpningar<\/strong>. Notre Calypsol Ketamine est produit selon des normes strictes de puret\u00e9 et de qualit\u00e9, assurant des r\u00e9sultats fiables pour les chercheurs en pharmacologie et chimie.<\/p>\n<h3>Pourquoi Choisir le Calypsol Ketamine de Poudres de Narco ?<\/h3>\n<p>Som <strong>fournisseur de Calypsol Ketamine pour la recherche<\/strong>, <strong>Narkotiska pulver<\/strong> f\u00f6rbinder sig att leverera produkter som uppfyller kraven i <strong>certifierade laboratorier<\/strong> :<\/p>\n<ul>\n<li><strong>Calypsol Ketamine de Haute Puret\u00e9 pour Laboratoires<\/strong> : Varje parti testas noggrant f\u00f6r att s\u00e4kerst\u00e4lla optimal renhet, vilket \u00e4r avg\u00f6rande f\u00f6r <strong>vetenskapliga precisionstill\u00e4mpningar<\/strong>.<\/li>\n<li><strong>Konsekvent och tillf\u00f6rlitlig kvalitet<\/strong> : Notre Calypsol Ketamine est formul\u00e9 pour des performances stables et fiables, id\u00e9ales pour les <strong>analytiska studier och laboratorieforskning<\/strong>.<\/li>\n<li><strong>S\u00e4ker onlinebest\u00e4llning<\/strong> : <strong>Narkotiska pulver<\/strong> erbjuder en f\u00f6renklad process f\u00f6r<strong>achat de Calypsol Ketamine en ligne<\/strong>garantera s\u00e4kerhet och efterlevnad f\u00f6r forskningspersonal.<\/li>\n<\/ul>\n<h3>Till\u00e4mpningar och s\u00e4kerhetsinstruktioner<\/h3>\n<p>Le <strong>Calypsol Ketamine pour recherche<\/strong> fr\u00e5n <strong>Narkotiska pulver<\/strong> \u00e4r avsedd f\u00f6r <strong>analytiska till\u00e4mpningar och vetenskapliga studier<\/strong>. Nous fournissons des protocoles de s\u00e9curit\u00e9 pour garantir un usage conforme et s\u00e9curis\u00e9 :<\/p>\n<ul>\n<li><strong>S\u00e4ker f\u00f6rvaring<\/strong> : Conservez la Calypsol Ketamine dans un endroit frais, sec, et \u00e0 l\u2019abri de la lumi\u00e8re pour pr\u00e9server sa qualit\u00e9.<\/li>\n<li><strong>Hantering med f\u00f6rsiktighets\u00e5tg\u00e4rder<\/strong> Anv\u00e4nd personlig skyddsutrustning (PPE) och arbeta i en v\u00e4l ventilerad milj\u00f6 f\u00f6r att garantera s\u00e4kerheten.<\/li>\n<li><strong>Anv\u00e4ndningen \u00e4r strikt reserverad f\u00f6r forskning<\/strong> Denna produkt \u00e4r endast avsedd f\u00f6r kvalificerade forskare och certifierade laboratorier.<\/li>\n<\/ul>\n<h3>Commandez du Calypsol Ketamine de Haute Puret\u00e9 pour vos \u00c9tudes Scientifiques<\/h3>\n<p>Med <strong>Narkotiska pulver<\/strong>du drar nytta av <strong>approvisionnement fiable en Calypsol Ketamine pour applications de laboratoire<\/strong>. V\u00e5ra h\u00f6ga kvalitets- och s\u00e4kerhetsstandarder inneb\u00e4r att <strong>Narkotiska pulver<\/strong> det p\u00e5litliga valet f\u00f6r professionella forskare. <strong>Kontakta oss<\/strong> pour obtenir un devis ou pour en savoir plus sur notre gamme de produits de haute puret\u00e9 pour la recherche scientifique Acheter Calypsol K\u00e9tamine .<\/p>","protected":false},"excerpt":{"rendered":"<p>Acheter Calypsol Ketamine 500mg\/10ml en ligne Acheter Calypsol Ketamine 500mg\/10ml en ligne. Ketamine HCL is a medication primarily used in anesthesia. Additional uses include intensive care sedation and persistent pain, Acheter Calypsol K\u00e9tamine . The high caused by ketamine lasts about an hour. It begins two to five minutes after smoking or ingesting the dose.&hellip;<\/p>","protected":false},"featured_media":263,"comment_status":"open","ping_status":"closed","template":"","meta":{"_joinchat":[]},"product_cat":[174],"product_tag":[],"class_list":{"0":"post-136","1":"product","2":"type-product","3":"status-publish","4":"has-post-thumbnail","6":"product_cat-la-ketamine","8":"first","9":"instock","10":"shipping-taxable","11":"purchasable","12":"product-type-variable","13":"col-xs-6 col-sm-4","14":"col-md-3 col-lg-3","15":"un-4-cols"},"yoast_head":"<!-- This site is optimized with the Yoast SEO plugin v23.8 - https:\/\/yoast.com\/wordpress\/plugins\/seo\/ -->\n<title>Acheter Calypsol Ketamine 500mg\/10ml en ligne - Poudresdenarco<\/title>\n<meta name=\"description\" content=\"Vous pouvez entrer en contact avec notre boutique en ligne PoudresDenarco et acheter Calypsol Ketamine 500mg\/10ml en ligne. Vous pouvez obtenir Calypsol Ketamine 500mg\/10ml en vente \u00e0 des prix bon march\u00e9. Passez commande tout de suite !\" \/>\n<meta name=\"robots\" content=\"index, follow, max-snippet:-1, max-image-preview:large, max-video-preview:-1\" \/>\n<link rel=\"canonical\" href=\"https:\/\/poudresdenarco.com\/sv\/produkt\/kopa-calypsol-ketamin-500-mg-10-ml\/\" \/>\n<meta property=\"og:locale\" content=\"sv_SE\" \/>\n<meta property=\"og:type\" content=\"article\" \/>\n<meta property=\"og:title\" content=\"Acheter Calypsol Ketamine 500mg\/10ml en ligne - Poudresdenarco\" \/>\n<meta property=\"og:description\" content=\"Vous pouvez entrer en contact avec notre boutique en ligne PoudresDenarco et acheter Calypsol Ketamine 500mg\/10ml en ligne. Vous pouvez obtenir Calypsol Ketamine 500mg\/10ml en vente \u00e0 des prix bon march\u00e9. Passez commande tout de suite !\" \/>\n<meta property=\"og:url\" content=\"https:\/\/poudresdenarco.com\/sv\/produkt\/kopa-calypsol-ketamin-500-mg-10-ml\/\" \/>\n<meta property=\"og:site_name\" content=\"Poudresde Narco\" \/>\n<meta property=\"article:modified_time\" content=\"2025-06-10T00:57:58+00:00\" \/>\n<meta property=\"og:image\" content=\"https:\/\/poudresdenarco.com\/wp-content\/uploads\/2023\/12\/Buy-Calypsol-Ketamine-500mg-10ml.jpg\" \/>\n\t<meta property=\"og:image:width\" content=\"600\" \/>\n\t<meta property=\"og:image:height\" content=\"600\" \/>\n\t<meta property=\"og:image:type\" content=\"image\/jpeg\" \/>\n<meta name=\"twitter:card\" content=\"summary_large_image\" \/>\n<meta name=\"twitter:label1\" content=\"Ber\u00e4knad l\u00e4stid\" \/>\n\t<meta name=\"twitter:data1\" content=\"3 minuter\" \/>\n<script type=\"application\/ld+json\" class=\"yoast-schema-graph\">{\"@context\":\"https:\/\/schema.org\",\"@graph\":[{\"@type\":\"WebPage\",\"@id\":\"https:\/\/poudresdenarco.com\/produit\/acheter-calypsol-ketamine-500mg-10ml\/\",\"url\":\"https:\/\/poudresdenarco.com\/produit\/acheter-calypsol-ketamine-500mg-10ml\/\",\"name\":\"Acheter Calypsol Ketamine 500mg\/10ml en ligne - Poudresdenarco\",\"isPartOf\":{\"@id\":\"https:\/\/poudresdenarco.com\/#website\"},\"primaryImageOfPage\":{\"@id\":\"https:\/\/poudresdenarco.com\/produit\/acheter-calypsol-ketamine-500mg-10ml\/#primaryimage\"},\"image\":{\"@id\":\"https:\/\/poudresdenarco.com\/produit\/acheter-calypsol-ketamine-500mg-10ml\/#primaryimage\"},\"thumbnailUrl\":\"https:\/\/poudresdenarco.com\/wp-content\/uploads\/2023\/12\/Buy-Calypsol-Ketamine-500mg-10ml.jpg\",\"datePublished\":\"2023-12-25T08:20:25+00:00\",\"dateModified\":\"2025-06-10T00:57:58+00:00\",\"description\":\"Vous pouvez entrer en contact avec notre boutique en ligne PoudresDenarco et acheter Calypsol Ketamine 500mg\/10ml en ligne. Vous pouvez obtenir Calypsol Ketamine 500mg\/10ml en vente \u00e0 des prix bon march\u00e9. Passez commande tout de suite !\",\"breadcrumb\":{\"@id\":\"https:\/\/poudresdenarco.com\/produit\/acheter-calypsol-ketamine-500mg-10ml\/#breadcrumb\"},\"inLanguage\":\"sv-SE\",\"potentialAction\":[{\"@type\":\"ReadAction\",\"target\":[\"https:\/\/poudresdenarco.com\/produit\/acheter-calypsol-ketamine-500mg-10ml\/\"]}]},{\"@type\":\"ImageObject\",\"inLanguage\":\"sv-SE\",\"@id\":\"https:\/\/poudresdenarco.com\/produit\/acheter-calypsol-ketamine-500mg-10ml\/#primaryimage\",\"url\":\"https:\/\/poudresdenarco.com\/wp-content\/uploads\/2023\/12\/Buy-Calypsol-Ketamine-500mg-10ml.jpg\",\"contentUrl\":\"https:\/\/poudresdenarco.com\/wp-content\/uploads\/2023\/12\/Buy-Calypsol-Ketamine-500mg-10ml.jpg\",\"width\":600,\"height\":600,\"caption\":\"Buy-Calypsol-Ketamine-500mg-10ml\"},{\"@type\":\"BreadcrumbList\",\"@id\":\"https:\/\/poudresdenarco.com\/produit\/acheter-calypsol-ketamine-500mg-10ml\/#breadcrumb\",\"itemListElement\":[{\"@type\":\"ListItem\",\"position\":1,\"name\":\"Home\",\"item\":\"https:\/\/poudresdenarco.com\/\"},{\"@type\":\"ListItem\",\"position\":2,\"name\":\"Boutique\",\"item\":\"https:\/\/poudresdenarco.com\/boutique\/\"},{\"@type\":\"ListItem\",\"position\":3,\"name\":\"Acheter Calypsol K\u00e9tamine 500mg\/10ml\"}]},{\"@type\":\"WebSite\",\"@id\":\"https:\/\/poudresdenarco.com\/#website\",\"url\":\"https:\/\/poudresdenarco.com\/\",\"name\":\"Poudresde Narco\",\"description\":\"Acheter de la coca\u00efne et de l&#039;h\u00e9ro\u00efne en ligne\",\"potentialAction\":[{\"@type\":\"SearchAction\",\"target\":{\"@type\":\"EntryPoint\",\"urlTemplate\":\"https:\/\/poudresdenarco.com\/?s={search_term_string}\"},\"query-input\":{\"@type\":\"PropertyValueSpecification\",\"valueRequired\":true,\"valueName\":\"search_term_string\"}}],\"inLanguage\":\"sv-SE\"}]}<\/script>\n<!-- \/ Yoast SEO plugin. -->","yoast_head_json":{"title":"Acheter Calypsol Ketamine 500mg\/10ml en ligne - Poudresdenarco","description":"Vous pouvez entrer en contact avec notre boutique en ligne PoudresDenarco et acheter Calypsol Ketamine 500mg\/10ml en ligne. Vous pouvez obtenir Calypsol Ketamine 500mg\/10ml en vente \u00e0 des prix bon march\u00e9. Passez commande tout de suite !","robots":{"index":"index","follow":"follow","max-snippet":"max-snippet:-1","max-image-preview":"max-image-preview:large","max-video-preview":"max-video-preview:-1"},"canonical":"https:\/\/poudresdenarco.com\/sv\/produkt\/kopa-calypsol-ketamin-500-mg-10-ml\/","og_locale":"sv_SE","og_type":"article","og_title":"Acheter Calypsol Ketamine 500mg\/10ml en ligne - Poudresdenarco","og_description":"Vous pouvez entrer en contact avec notre boutique en ligne PoudresDenarco et acheter Calypsol Ketamine 500mg\/10ml en ligne. Vous pouvez obtenir Calypsol Ketamine 500mg\/10ml en vente \u00e0 des prix bon march\u00e9. Passez commande tout de suite !","og_url":"https:\/\/poudresdenarco.com\/sv\/produkt\/kopa-calypsol-ketamin-500-mg-10-ml\/","og_site_name":"Poudresde Narco","article_modified_time":"2025-06-10T00:57:58+00:00","og_image":[{"width":600,"height":600,"url":"https:\/\/poudresdenarco.com\/wp-content\/uploads\/2023\/12\/Buy-Calypsol-Ketamine-500mg-10ml.jpg","type":"image\/jpeg"}],"twitter_card":"summary_large_image","twitter_misc":{"Ber\u00e4knad l\u00e4stid":"3 minuter"},"schema":{"@context":"https:\/\/schema.org","@graph":[{"@type":"WebPage","@id":"https:\/\/poudresdenarco.com\/produit\/acheter-calypsol-ketamine-500mg-10ml\/","url":"https:\/\/poudresdenarco.com\/produit\/acheter-calypsol-ketamine-500mg-10ml\/","name":"Acheter Calypsol Ketamine 500mg\/10ml en ligne - Poudresdenarco","isPartOf":{"@id":"https:\/\/poudresdenarco.com\/#website"},"primaryImageOfPage":{"@id":"https:\/\/poudresdenarco.com\/produit\/acheter-calypsol-ketamine-500mg-10ml\/#primaryimage"},"image":{"@id":"https:\/\/poudresdenarco.com\/produit\/acheter-calypsol-ketamine-500mg-10ml\/#primaryimage"},"thumbnailUrl":"https:\/\/poudresdenarco.com\/wp-content\/uploads\/2023\/12\/Buy-Calypsol-Ketamine-500mg-10ml.jpg","datePublished":"2023-12-25T08:20:25+00:00","dateModified":"2025-06-10T00:57:58+00:00","description":"Vous pouvez entrer en contact avec notre boutique en ligne PoudresDenarco et acheter Calypsol Ketamine 500mg\/10ml en ligne. Vous pouvez obtenir Calypsol Ketamine 500mg\/10ml en vente \u00e0 des prix bon march\u00e9. Passez commande tout de suite !","breadcrumb":{"@id":"https:\/\/poudresdenarco.com\/produit\/acheter-calypsol-ketamine-500mg-10ml\/#breadcrumb"},"inLanguage":"sv-SE","potentialAction":[{"@type":"ReadAction","target":["https:\/\/poudresdenarco.com\/produit\/acheter-calypsol-ketamine-500mg-10ml\/"]}]},{"@type":"ImageObject","inLanguage":"sv-SE","@id":"https:\/\/poudresdenarco.com\/produit\/acheter-calypsol-ketamine-500mg-10ml\/#primaryimage","url":"https:\/\/poudresdenarco.com\/wp-content\/uploads\/2023\/12\/Buy-Calypsol-Ketamine-500mg-10ml.jpg","contentUrl":"https:\/\/poudresdenarco.com\/wp-content\/uploads\/2023\/12\/Buy-Calypsol-Ketamine-500mg-10ml.jpg","width":600,"height":600,"caption":"Buy-Calypsol-Ketamine-500mg-10ml"},{"@type":"BreadcrumbList","@id":"https:\/\/poudresdenarco.com\/produit\/acheter-calypsol-ketamine-500mg-10ml\/#breadcrumb","itemListElement":[{"@type":"ListItem","position":1,"name":"Home","item":"https:\/\/poudresdenarco.com\/"},{"@type":"ListItem","position":2,"name":"Boutique","item":"https:\/\/poudresdenarco.com\/boutique\/"},{"@type":"ListItem","position":3,"name":"Acheter Calypsol K\u00e9tamine 500mg\/10ml"}]},{"@type":"WebSite","@id":"https:\/\/poudresdenarco.com\/#website","url":"https:\/\/poudresdenarco.com\/","name":"Poudresde Narco","description":"Acheter de la coca\u00efne et de l&#039;h\u00e9ro\u00efne en ligne","potentialAction":[{"@type":"SearchAction","target":{"@type":"EntryPoint","urlTemplate":"https:\/\/poudresdenarco.com\/?s={search_term_string}"},"query-input":{"@type":"PropertyValueSpecification","valueRequired":true,"valueName":"search_term_string"}}],"inLanguage":"sv-SE"}]}},"_links":{"self":[{"href":"https:\/\/poudresdenarco.com\/sv\/wp-json\/wp\/v2\/product\/136","targetHints":{"allow":["GET"]}}],"collection":[{"href":"https:\/\/poudresdenarco.com\/sv\/wp-json\/wp\/v2\/product"}],"about":[{"href":"https:\/\/poudresdenarco.com\/sv\/wp-json\/wp\/v2\/types\/product"}],"replies":[{"embeddable":true,"href":"https:\/\/poudresdenarco.com\/sv\/wp-json\/wp\/v2\/comments?post=136"}],"wp:featuredmedia":[{"embeddable":true,"href":"https:\/\/poudresdenarco.com\/sv\/wp-json\/wp\/v2\/media\/263"}],"wp:attachment":[{"href":"https:\/\/poudresdenarco.com\/sv\/wp-json\/wp\/v2\/media?parent=136"}],"wp:term":[{"taxonomy":"product_cat","embeddable":true,"href":"https:\/\/poudresdenarco.com\/sv\/wp-json\/wp\/v2\/product_cat?post=136"},{"taxonomy":"product_tag","embeddable":true,"href":"https:\/\/poudresdenarco.com\/sv\/wp-json\/wp\/v2\/product_tag?post=136"}],"curies":[{"name":"wp","href":"https:\/\/api.w.org\/{rel}","templated":true}]}}