{"id":137,"date":"2023-12-25T08:20:25","date_gmt":"2023-12-25T08:20:25","guid":{"rendered":"https:\/\/unkrautmarkt.com\/narco1\/?post_type=product&#038;p=137"},"modified":"2025-06-10T10:48:21","modified_gmt":"2025-06-10T10:48:21","slug":"po-anasket-1000mg-10ml","status":"publish","type":"product","link":"https:\/\/poudresdenarco.com\/sv\/produkt\/po-anasket-1000mg-10ml\/","title":{"rendered":"Po Anasket 1000mg\/10ml"},"content":{"rendered":"<h2>K\u00f6p Anasket 1000mg\/10ml online<\/h2>\n<p>1000 mg\/10 ml anesket - K\u00f6p premium anesket online - Anesket till salu<\/p>\n<p>Nesket till salu \u00e4r en av de viktigaste uppgifterna vi utf\u00f6r h\u00e4r. Av denna anledning kan vi leverera eller s\u00e4lja anesket med eller utan ett manus. Internationella kunder kan k\u00f6pa Anesket online med eller utan recept. Detta l\u00e4kemedel fungerar dock p\u00e5 ett liknande s\u00e4tt som ketamin. Det anv\u00e4nds f\u00f6r att f\u00e5 patienter att sova under sv\u00e5ra operationer. Som s\u00e5dan tillh\u00f6r den samma medicinska grupp (anestesi). P\u00e5 grund av dess lugnande och hallucinogena egenskaper kommer l\u00e4kemedlet i en f\u00e4rgl\u00f6s, mycket potent injektionsflaska. Anesket anv\u00e4nds allm\u00e4nt i de flesta l\u00e4nder i v\u00e4rlden som ett muskelavslappnande medel. F\u00f6rutom sina potentiella till\u00e4mpningar som lugnande medel eller bed\u00f6vningsmedel har detta l\u00e4kemedel visat sig vara anm\u00e4rkningsv\u00e4rt effektivt vid behandling av lidande och depression. Listan \u00e4r o\u00e4ndlig. Anesket injektion utan recept, Anasket 1000mg\/10ml<\/p>\n<p>Anesket 1000 mg-10 ml L\u00f6sning | Anesket Injektion, OTC | K\u00f6p Generisk <a href=\"https:\/\/en.wikipedia.org\/wiki\/Ketamine\">ketamin<\/a> smygande online n\u00e4ra mig<\/p>\n<h3>Att erbjuda den b\u00e4sta l\u00f6sningen f\u00f6r ANESKET 1000MG-10ML \u00e4r vad vi g\u00f6r.<\/h3>\n<p>Vi har etablerat en betydande n\u00e4rvaro inom detta omr\u00e5de genom att erbjuda ett <a href=\"https:\/\/poudresdenarco.com\/sv\/produkt\/po-anasket-1000mg-10ml\/\">ANESKET L\u00d6SNING 1000 MG-10 ML<\/a> exceptionellt.<\/p>\n<p>En anestetisk injektion anv\u00e4nds ensam eller i kombination med andra l\u00e4kemedel f\u00f6r att framkalla medvetsl\u00f6shet f\u00f6re och under operation eller andra medicinska ingrepp. Det tillh\u00f6r en klass av l\u00e4kemedel som kallas allm\u00e4nna anestetika. Anesket 1000 mg\/10 ml lagligt. Ketamin injektioner finns att k\u00f6pa<\/p>\n<p>Administrering av anestesi kr\u00e4ver n\u00e4rvaro av utbildad sjukv\u00e5rdspersonal. Om en narkosl\u00e4kare eller l\u00e4kare ger dig Anesket under operationen ska du ge dig sj\u00e4lv l\u00e4kemedlet och noga f\u00f6lja dina framsteg. R\u00e4ttslig Anesket 1000 mg\/10 ml.<\/p>\n<h4><strong>K\u00f6p Po Anasket 1000mg \/ 10ml h\u00f6g renhet f\u00f6r forskning - narkotiska pulver<\/strong><\/h4>\n<p><strong>Narkotiska pulver<\/strong> \u00e4r din p\u00e5litliga leverant\u00f6r av <strong>Po Anasket 1000mg \/ 10ml forskningskvalitet<\/strong>speciellt framtagen f\u00f6r <strong>vetenskapliga laboratorietill\u00e4mpningar<\/strong>. V\u00e5r Po Anasket produceras enligt strikta standarder f\u00f6r renhet och kvalitet, vilket s\u00e4kerst\u00e4ller tillf\u00f6rlitliga resultat f\u00f6r farmakologiska och kemiska forskare.<\/p>\n<h3>Varf\u00f6r v\u00e4lja Po Anasket 1000mg\/10ml Narco Powders?<\/h3>\n<p>Som <strong>Po Anasket leverant\u00f6r f\u00f6r forskning<\/strong>, <strong>Narkotiska pulver<\/strong> f\u00f6rbinder sig att leverera produkter som uppfyller kraven i <strong>certifierade laboratorier<\/strong> :<\/p>\n<ul>\n<li><strong>Po Anasket 1000mg\/10ml H\u00f6g renhet f\u00f6r laboratorier<\/strong> : Varje parti testas noggrant f\u00f6r att s\u00e4kerst\u00e4lla optimal renhet, vilket \u00e4r avg\u00f6rande f\u00f6r <strong>vetenskapliga precisionstill\u00e4mpningar<\/strong>.<\/li>\n<li><strong>Konsekvent och tillf\u00f6rlitlig kvalitet<\/strong> : V\u00e5r Po Anasket \u00e4r formulerad f\u00f6r att erbjuda stabil prestanda, anpassad till behoven hos <strong>analytiska studier och laboratorieforskning<\/strong>.<\/li>\n<li><strong>S\u00e4ker onlinebest\u00e4llning<\/strong> : <strong>Narkotiska pulver<\/strong> erbjuder en f\u00f6renklad process f\u00f6r<strong>k\u00f6pa Po Anasket online<\/strong>garantera s\u00e4kerhet och efterlevnad f\u00f6r forskningspersonal.<\/li>\n<\/ul>\n<h3>Till\u00e4mpningar och s\u00e4kerhetsinstruktioner<\/h3>\n<p>Le <strong>Po Anasket f\u00f6r s\u00f6kning<\/strong> fr\u00e5n <strong>Narkotiska pulver<\/strong> \u00e4r avsedd f\u00f6r <strong>analytiska till\u00e4mpningar och vetenskapliga studier<\/strong>. Vi ger s\u00e4kerhetsrekommendationer f\u00f6r att s\u00e4kerst\u00e4lla korrekt anv\u00e4ndning:<\/p>\n<ul>\n<li><strong>S\u00e4ker f\u00f6rvaring<\/strong> F\u00f6rvara Po Anasket p\u00e5 en sval, torr och ljusskyddad plats.<\/li>\n<li><strong>Hantering med f\u00f6rsiktighets\u00e5tg\u00e4rder<\/strong> Anv\u00e4nd personlig skyddsutrustning (PPE) och arbeta i en v\u00e4l ventilerad milj\u00f6 f\u00f6r optimal s\u00e4kerhet.<\/li>\n<li><strong>Anv\u00e4ndningen \u00e4r strikt reserverad f\u00f6r forskning<\/strong> Denna produkt \u00e4r endast avsedd f\u00f6r kvalificerade forskare och certifierade laboratorier.<\/li>\n<\/ul>\n<h3>Best\u00e4ll Po Anasket 1000 mg \/ 10 ml med h\u00f6g renhet f\u00f6r dina vetenskapliga studier<\/h3>\n<p>Med <strong>Narkotiska pulver<\/strong>du drar nytta av <strong>tillf\u00f6rlitlig leverans av Po Anasket f\u00f6r laboratorieapplikationer<\/strong>. V\u00e5ra kvalitets- och s\u00e4kerhetsstandarder g\u00f6r <strong>Narkotiska pulver<\/strong> det perfekta valet f\u00f6r professionella forskare. <strong>Kontakta oss<\/strong> f\u00f6r en offert eller f\u00f6r att f\u00e5 veta mer om v\u00e5rt sortiment av h\u00f6grena produkter f\u00f6r vetenskaplig forskning.<\/p>","protected":false},"excerpt":{"rendered":"<p>Acheter Anasket 1000mg\/10ml en ligne 1000 mg\/10 ml d&rsquo;anesket &#8211; Acheter anesket premium en ligne &#8211; Anesket \u00e0 vendre Nesket for Sale fait partie des principales t\u00e2ches que nous effectuons ici. Pour cette raison, nous pouvons fournir ou vendre des anesket avec ou sans script. Les clients internationaux peuvent acheter Anesket en ligne avec ou&hellip;<\/p>","protected":false},"featured_media":264,"comment_status":"open","ping_status":"closed","template":"","meta":{"_joinchat":[]},"product_cat":[174],"product_tag":[],"class_list":{"0":"post-137","1":"product","2":"type-product","3":"status-publish","4":"has-post-thumbnail","6":"product_cat-la-ketamine","8":"first","9":"instock","10":"shipping-taxable","11":"purchasable","12":"product-type-variable","13":"col-xs-6 col-sm-4","14":"col-md-3 col-lg-3","15":"un-4-cols"},"yoast_head":"<!-- This site is optimized with the Yoast SEO plugin v23.8 - https:\/\/yoast.com\/wordpress\/plugins\/seo\/ -->\n<title>Acheter Po Anasket 1000mg\/10ml en ligne - poudresdenarco.<\/title>\n<meta name=\"description\" content=\"Vous souhaitez acheter Po Anasket 1000mg\/10ml en ligne \u00e0 un prix raisonnable ? Visitez notre boutique en ligne PoudresDenarco r\u00e9put\u00e9e et obtenez Po Anasket 1000mg\/10ml en vente d\u00e8s aujourd&#039;hui. Passez commande maintenant !\" \/>\n<meta name=\"robots\" content=\"index, follow, max-snippet:-1, max-image-preview:large, max-video-preview:-1\" \/>\n<link rel=\"canonical\" href=\"https:\/\/poudresdenarco.com\/sv\/produkt\/po-anasket-1000mg-10ml\/\" \/>\n<meta property=\"og:locale\" content=\"sv_SE\" \/>\n<meta property=\"og:type\" content=\"article\" \/>\n<meta property=\"og:title\" content=\"Acheter Po Anasket 1000mg\/10ml en ligne - poudresdenarco.\" \/>\n<meta property=\"og:description\" content=\"Vous souhaitez acheter Po Anasket 1000mg\/10ml en ligne \u00e0 un prix raisonnable ? Visitez notre boutique en ligne PoudresDenarco r\u00e9put\u00e9e et obtenez Po Anasket 1000mg\/10ml en vente d\u00e8s aujourd&#039;hui. Passez commande maintenant !\" \/>\n<meta property=\"og:url\" content=\"https:\/\/poudresdenarco.com\/sv\/produkt\/po-anasket-1000mg-10ml\/\" \/>\n<meta property=\"og:site_name\" content=\"Poudresde Narco\" \/>\n<meta property=\"article:modified_time\" content=\"2025-06-10T10:48:21+00:00\" \/>\n<meta property=\"og:image\" content=\"https:\/\/poudresdenarco.com\/wp-content\/uploads\/2023\/12\/Buy-Anesket-1000mg-10ml.jpg\" \/>\n\t<meta property=\"og:image:width\" content=\"600\" \/>\n\t<meta property=\"og:image:height\" content=\"600\" \/>\n\t<meta property=\"og:image:type\" content=\"image\/jpeg\" \/>\n<meta name=\"twitter:card\" content=\"summary_large_image\" \/>\n<meta name=\"twitter:label1\" content=\"Ber\u00e4knad l\u00e4stid\" \/>\n\t<meta name=\"twitter:data1\" content=\"3 minuter\" \/>\n<script type=\"application\/ld+json\" class=\"yoast-schema-graph\">{\"@context\":\"https:\/\/schema.org\",\"@graph\":[{\"@type\":\"WebPage\",\"@id\":\"https:\/\/poudresdenarco.com\/produit\/po-anasket-1000mg-10ml\/\",\"url\":\"https:\/\/poudresdenarco.com\/produit\/po-anasket-1000mg-10ml\/\",\"name\":\"Acheter Po Anasket 1000mg\/10ml en ligne - poudresdenarco.\",\"isPartOf\":{\"@id\":\"https:\/\/poudresdenarco.com\/#website\"},\"primaryImageOfPage\":{\"@id\":\"https:\/\/poudresdenarco.com\/produit\/po-anasket-1000mg-10ml\/#primaryimage\"},\"image\":{\"@id\":\"https:\/\/poudresdenarco.com\/produit\/po-anasket-1000mg-10ml\/#primaryimage\"},\"thumbnailUrl\":\"https:\/\/poudresdenarco.com\/wp-content\/uploads\/2023\/12\/Buy-Anesket-1000mg-10ml.jpg\",\"datePublished\":\"2023-12-25T08:20:25+00:00\",\"dateModified\":\"2025-06-10T10:48:21+00:00\",\"description\":\"Vous souhaitez acheter Po Anasket 1000mg\/10ml en ligne \u00e0 un prix raisonnable ? Visitez notre boutique en ligne PoudresDenarco r\u00e9put\u00e9e et obtenez Po Anasket 1000mg\/10ml en vente d\u00e8s aujourd'hui. Passez commande maintenant !\",\"breadcrumb\":{\"@id\":\"https:\/\/poudresdenarco.com\/produit\/po-anasket-1000mg-10ml\/#breadcrumb\"},\"inLanguage\":\"sv-SE\",\"potentialAction\":[{\"@type\":\"ReadAction\",\"target\":[\"https:\/\/poudresdenarco.com\/produit\/po-anasket-1000mg-10ml\/\"]}]},{\"@type\":\"ImageObject\",\"inLanguage\":\"sv-SE\",\"@id\":\"https:\/\/poudresdenarco.com\/produit\/po-anasket-1000mg-10ml\/#primaryimage\",\"url\":\"https:\/\/poudresdenarco.com\/wp-content\/uploads\/2023\/12\/Buy-Anesket-1000mg-10ml.jpg\",\"contentUrl\":\"https:\/\/poudresdenarco.com\/wp-content\/uploads\/2023\/12\/Buy-Anesket-1000mg-10ml.jpg\",\"width\":600,\"height\":600,\"caption\":\"Buy-Anesket-1000mg-10ml\"},{\"@type\":\"BreadcrumbList\",\"@id\":\"https:\/\/poudresdenarco.com\/produit\/po-anasket-1000mg-10ml\/#breadcrumb\",\"itemListElement\":[{\"@type\":\"ListItem\",\"position\":1,\"name\":\"Home\",\"item\":\"https:\/\/poudresdenarco.com\/\"},{\"@type\":\"ListItem\",\"position\":2,\"name\":\"Boutique\",\"item\":\"https:\/\/poudresdenarco.com\/boutique\/\"},{\"@type\":\"ListItem\",\"position\":3,\"name\":\"Po Anasket 1000mg\/10ml\"}]},{\"@type\":\"WebSite\",\"@id\":\"https:\/\/poudresdenarco.com\/#website\",\"url\":\"https:\/\/poudresdenarco.com\/\",\"name\":\"Poudresde Narco\",\"description\":\"Acheter de la coca\u00efne et de l&#039;h\u00e9ro\u00efne en ligne\",\"potentialAction\":[{\"@type\":\"SearchAction\",\"target\":{\"@type\":\"EntryPoint\",\"urlTemplate\":\"https:\/\/poudresdenarco.com\/?s={search_term_string}\"},\"query-input\":{\"@type\":\"PropertyValueSpecification\",\"valueRequired\":true,\"valueName\":\"search_term_string\"}}],\"inLanguage\":\"sv-SE\"}]}<\/script>\n<!-- \/ Yoast SEO plugin. -->","yoast_head_json":{"title":"Acheter Po Anasket 1000mg\/10ml en ligne - poudresdenarco.","description":"Vous souhaitez acheter Po Anasket 1000mg\/10ml en ligne \u00e0 un prix raisonnable ? Visitez notre boutique en ligne PoudresDenarco r\u00e9put\u00e9e et obtenez Po Anasket 1000mg\/10ml en vente d\u00e8s aujourd'hui. Passez commande maintenant !","robots":{"index":"index","follow":"follow","max-snippet":"max-snippet:-1","max-image-preview":"max-image-preview:large","max-video-preview":"max-video-preview:-1"},"canonical":"https:\/\/poudresdenarco.com\/sv\/produkt\/po-anasket-1000mg-10ml\/","og_locale":"sv_SE","og_type":"article","og_title":"Acheter Po Anasket 1000mg\/10ml en ligne - poudresdenarco.","og_description":"Vous souhaitez acheter Po Anasket 1000mg\/10ml en ligne \u00e0 un prix raisonnable ? Visitez notre boutique en ligne PoudresDenarco r\u00e9put\u00e9e et obtenez Po Anasket 1000mg\/10ml en vente d\u00e8s aujourd'hui. Passez commande maintenant !","og_url":"https:\/\/poudresdenarco.com\/sv\/produkt\/po-anasket-1000mg-10ml\/","og_site_name":"Poudresde Narco","article_modified_time":"2025-06-10T10:48:21+00:00","og_image":[{"width":600,"height":600,"url":"https:\/\/poudresdenarco.com\/wp-content\/uploads\/2023\/12\/Buy-Anesket-1000mg-10ml.jpg","type":"image\/jpeg"}],"twitter_card":"summary_large_image","twitter_misc":{"Ber\u00e4knad l\u00e4stid":"3 minuter"},"schema":{"@context":"https:\/\/schema.org","@graph":[{"@type":"WebPage","@id":"https:\/\/poudresdenarco.com\/produit\/po-anasket-1000mg-10ml\/","url":"https:\/\/poudresdenarco.com\/produit\/po-anasket-1000mg-10ml\/","name":"Acheter Po Anasket 1000mg\/10ml en ligne - poudresdenarco.","isPartOf":{"@id":"https:\/\/poudresdenarco.com\/#website"},"primaryImageOfPage":{"@id":"https:\/\/poudresdenarco.com\/produit\/po-anasket-1000mg-10ml\/#primaryimage"},"image":{"@id":"https:\/\/poudresdenarco.com\/produit\/po-anasket-1000mg-10ml\/#primaryimage"},"thumbnailUrl":"https:\/\/poudresdenarco.com\/wp-content\/uploads\/2023\/12\/Buy-Anesket-1000mg-10ml.jpg","datePublished":"2023-12-25T08:20:25+00:00","dateModified":"2025-06-10T10:48:21+00:00","description":"Vous souhaitez acheter Po Anasket 1000mg\/10ml en ligne \u00e0 un prix raisonnable ? Visitez notre boutique en ligne PoudresDenarco r\u00e9put\u00e9e et obtenez Po Anasket 1000mg\/10ml en vente d\u00e8s aujourd'hui. Passez commande maintenant !","breadcrumb":{"@id":"https:\/\/poudresdenarco.com\/produit\/po-anasket-1000mg-10ml\/#breadcrumb"},"inLanguage":"sv-SE","potentialAction":[{"@type":"ReadAction","target":["https:\/\/poudresdenarco.com\/produit\/po-anasket-1000mg-10ml\/"]}]},{"@type":"ImageObject","inLanguage":"sv-SE","@id":"https:\/\/poudresdenarco.com\/produit\/po-anasket-1000mg-10ml\/#primaryimage","url":"https:\/\/poudresdenarco.com\/wp-content\/uploads\/2023\/12\/Buy-Anesket-1000mg-10ml.jpg","contentUrl":"https:\/\/poudresdenarco.com\/wp-content\/uploads\/2023\/12\/Buy-Anesket-1000mg-10ml.jpg","width":600,"height":600,"caption":"Buy-Anesket-1000mg-10ml"},{"@type":"BreadcrumbList","@id":"https:\/\/poudresdenarco.com\/produit\/po-anasket-1000mg-10ml\/#breadcrumb","itemListElement":[{"@type":"ListItem","position":1,"name":"Home","item":"https:\/\/poudresdenarco.com\/"},{"@type":"ListItem","position":2,"name":"Boutique","item":"https:\/\/poudresdenarco.com\/boutique\/"},{"@type":"ListItem","position":3,"name":"Po Anasket 1000mg\/10ml"}]},{"@type":"WebSite","@id":"https:\/\/poudresdenarco.com\/#website","url":"https:\/\/poudresdenarco.com\/","name":"Poudresde Narco","description":"Acheter de la coca\u00efne et de l&#039;h\u00e9ro\u00efne en ligne","potentialAction":[{"@type":"SearchAction","target":{"@type":"EntryPoint","urlTemplate":"https:\/\/poudresdenarco.com\/?s={search_term_string}"},"query-input":{"@type":"PropertyValueSpecification","valueRequired":true,"valueName":"search_term_string"}}],"inLanguage":"sv-SE"}]}},"_links":{"self":[{"href":"https:\/\/poudresdenarco.com\/sv\/wp-json\/wp\/v2\/product\/137","targetHints":{"allow":["GET"]}}],"collection":[{"href":"https:\/\/poudresdenarco.com\/sv\/wp-json\/wp\/v2\/product"}],"about":[{"href":"https:\/\/poudresdenarco.com\/sv\/wp-json\/wp\/v2\/types\/product"}],"replies":[{"embeddable":true,"href":"https:\/\/poudresdenarco.com\/sv\/wp-json\/wp\/v2\/comments?post=137"}],"wp:featuredmedia":[{"embeddable":true,"href":"https:\/\/poudresdenarco.com\/sv\/wp-json\/wp\/v2\/media\/264"}],"wp:attachment":[{"href":"https:\/\/poudresdenarco.com\/sv\/wp-json\/wp\/v2\/media?parent=137"}],"wp:term":[{"taxonomy":"product_cat","embeddable":true,"href":"https:\/\/poudresdenarco.com\/sv\/wp-json\/wp\/v2\/product_cat?post=137"},{"taxonomy":"product_tag","embeddable":true,"href":"https:\/\/poudresdenarco.com\/sv\/wp-json\/wp\/v2\/product_tag?post=137"}],"curies":[{"name":"wp","href":"https:\/\/api.w.org\/{rel}","templated":true}]}}