{"id":171,"date":"2023-12-25T08:20:31","date_gmt":"2023-12-25T08:20:31","guid":{"rendered":"https:\/\/unkrautmarkt.com\/narco1\/?post_type=product&#038;p=171"},"modified":"2025-06-03T04:28:44","modified_gmt":"2025-06-03T04:28:44","slug":"acheter-ketamine-liquide-500mg-10ml","status":"publish","type":"product","link":"https:\/\/poudresdenarco.com\/sv\/produkt\/kop-flytande-ketamin-500-mg-10-ml\/","title":{"rendered":"K\u00f6p Ketamin V\u00e4tska 500mg\/10ml"},"content":{"rendered":"<h2><span style=\"vertical-align: inherit;\"><span style=\"vertical-align: inherit;\">K\u00f6p-Calypsol-Ketamin-500mg-10ml<\/span><\/span><\/h2>\n<p><span style=\"vertical-align: inherit;\"><span style=\"vertical-align: inherit;\"><a href=\"https:\/\/en.wikipedia.org\/wiki\/Ketamine\">Buy Ketamine Online<\/a> Ketamin p\u00e4rla, \u00e4ven k\u00e4nd som Exceptional K, \u00e4r en kraftfull psykedelisk som nyligen har vunnit popularitet inom sportdrogindustrin. Ketamin anv\u00e4ndes f\u00f6rst inom medicin, till exempel som lugnande medel under operation. Men det har sedan dess vunnit popularitet som den valda drogen f\u00f6r dem som s\u00f6ker exceptionella psykedeliska upplevelser.<\/span><\/span><\/p>\n<p><span style=\"vertical-align: inherit;\"><span style=\"vertical-align: inherit;\">Ketamin p\u00e4rla, \u00e4ven k\u00e4nd som Exceptional K, \u00e4r en kraftfull psykedelisk som nyligen har vunnit popularitet inom sportdrogindustrin. Ketamin anv\u00e4ndes f\u00f6rst inom medicin, till exempel som lugnande medel under operation. Men det har sedan dess vunnit popularitet som den valda drogen f\u00f6r dem som s\u00f6ker exceptionella psykedeliska upplevelser.<\/span><\/span><\/p>\n<p><span style=\"vertical-align: inherit;\"><span style=\"vertical-align: inherit;\">\u00c4ven om det ocks\u00e5 kan r\u00f6kas eller infunderas, tas ketamin oftast oralt eller snortas. Effekterna av ketamin kan variera beroende p\u00e5 dosering, administreringss\u00e4tt och patientens motst\u00e5ndsniv\u00e5. Effekterna kan vara fr\u00e5n n\u00e5gra minuter till flera timmar och kan inkludera f\u00f6r\u00e4ndrad uppfattning, oordning, en f\u00f6r\u00e4ndrad verklighetsk\u00e4nsla och en k\u00e4nsla av att vara fysiskt avskild fr\u00e5n sin kropp.<\/span><\/span><\/p>\n<p><span style=\"vertical-align: inherit;\"><span style=\"vertical-align: inherit;\"><a href=\"https:\/\/poudresdenarco.com\/sv\/produkt\/kop-flytande-ketamin-500-mg-10-ml\/\">Ketamine<\/a> kan orsaka fysiskt och psykiskt beroende och \u00e4r starkt beroendeframkallande. Det kan ocks\u00e5 medf\u00f6ra betydande h\u00e4lsorisker, s\u00e5som hj\u00e4rtproblem.<\/span><\/span><\/p>","protected":false},"excerpt":{"rendered":"<p>Buy Liquid Ketamine 500mg\/10ml Online Buy Ketamine Online Ketamine gem, also known as Exceptional K, is a powerful psychedelic that has recently gained popularity in the sports drug industry. Ketamine was first used in medicine, such as as a sedative during surgery. However, it has since gained popularity as the drug of choice for those&hellip;<\/p>","protected":false},"featured_media":258,"comment_status":"open","ping_status":"closed","template":"","meta":{"_joinchat":[]},"product_cat":[174],"product_tag":[],"class_list":{"0":"post-171","1":"product","2":"type-product","3":"status-publish","4":"has-post-thumbnail","6":"product_cat-la-ketamine","8":"first","9":"instock","10":"shipping-taxable","11":"purchasable","12":"product-type-variable","13":"col-xs-6 col-sm-4","14":"col-md-3 col-lg-3","15":"un-4-cols"},"yoast_head":"<!-- This site is optimized with the Yoast SEO plugin v23.8 - https:\/\/yoast.com\/wordpress\/plugins\/seo\/ -->\n<title>Acheter du liquide de k\u00e9tamine 500 mg\/10 ml en ligne - Liquide de k\u00e9tamine \u00e0 vendre<\/title>\n<meta name=\"description\" content=\"Vous pouvez acheter du liquide de k\u00e9tamine 500 mg\/10 ml en vente dans notre boutique en ligne et le recevoir \u00e0 votre porte sans aucun probl\u00e8me. Nous vous aidons \u00e0 acheter du liquide de k\u00e9tamine 500 mg\/10 ml en ligne. Passez simplement votre commande maintenant !\" \/>\n<meta name=\"robots\" content=\"index, follow, max-snippet:-1, max-image-preview:large, max-video-preview:-1\" \/>\n<link rel=\"canonical\" href=\"https:\/\/poudresdenarco.com\/sv\/produkt\/kop-flytande-ketamin-500-mg-10-ml\/\" \/>\n<meta property=\"og:locale\" content=\"sv_SE\" \/>\n<meta property=\"og:type\" content=\"article\" \/>\n<meta property=\"og:title\" content=\"Acheter du liquide de k\u00e9tamine 500 mg\/10 ml en ligne - Liquide de k\u00e9tamine \u00e0 vendre\" \/>\n<meta property=\"og:description\" content=\"Vous pouvez acheter du liquide de k\u00e9tamine 500 mg\/10 ml en vente dans notre boutique en ligne et le recevoir \u00e0 votre porte sans aucun probl\u00e8me. Nous vous aidons \u00e0 acheter du liquide de k\u00e9tamine 500 mg\/10 ml en ligne. Passez simplement votre commande maintenant !\" \/>\n<meta property=\"og:url\" content=\"https:\/\/poudresdenarco.com\/sv\/produkt\/kop-flytande-ketamin-500-mg-10-ml\/\" \/>\n<meta property=\"og:site_name\" content=\"Poudresde Narco\" \/>\n<meta property=\"article:modified_time\" content=\"2025-06-03T04:28:44+00:00\" \/>\n<meta property=\"og:image\" content=\"https:\/\/poudresdenarco.com\/wp-content\/uploads\/2023\/12\/Buy-Ketamine-Liquid-500mg-10ml.jpg\" \/>\n\t<meta property=\"og:image:width\" content=\"600\" \/>\n\t<meta property=\"og:image:height\" content=\"600\" \/>\n\t<meta property=\"og:image:type\" content=\"image\/jpeg\" \/>\n<meta name=\"twitter:card\" content=\"summary_large_image\" \/>\n<meta name=\"twitter:label1\" content=\"Ber\u00e4knad l\u00e4stid\" \/>\n\t<meta name=\"twitter:data1\" content=\"2 minuter\" \/>\n<script type=\"application\/ld+json\" class=\"yoast-schema-graph\">{\"@context\":\"https:\/\/schema.org\",\"@graph\":[{\"@type\":\"WebPage\",\"@id\":\"https:\/\/poudresdenarco.com\/produit\/acheter-ketamine-liquide-500mg-10ml\/\",\"url\":\"https:\/\/poudresdenarco.com\/produit\/acheter-ketamine-liquide-500mg-10ml\/\",\"name\":\"Acheter du liquide de k\u00e9tamine 500 mg\/10 ml en ligne - Liquide de k\u00e9tamine \u00e0 vendre\",\"isPartOf\":{\"@id\":\"https:\/\/poudresdenarco.com\/#website\"},\"primaryImageOfPage\":{\"@id\":\"https:\/\/poudresdenarco.com\/produit\/acheter-ketamine-liquide-500mg-10ml\/#primaryimage\"},\"image\":{\"@id\":\"https:\/\/poudresdenarco.com\/produit\/acheter-ketamine-liquide-500mg-10ml\/#primaryimage\"},\"thumbnailUrl\":\"https:\/\/poudresdenarco.com\/wp-content\/uploads\/2023\/12\/Buy-Ketamine-Liquid-500mg-10ml.jpg\",\"datePublished\":\"2023-12-25T08:20:31+00:00\",\"dateModified\":\"2025-06-03T04:28:44+00:00\",\"description\":\"Vous pouvez acheter du liquide de k\u00e9tamine 500 mg\/10 ml en vente dans notre boutique en ligne et le recevoir \u00e0 votre porte sans aucun probl\u00e8me. Nous vous aidons \u00e0 acheter du liquide de k\u00e9tamine 500 mg\/10 ml en ligne. Passez simplement votre commande maintenant !\",\"breadcrumb\":{\"@id\":\"https:\/\/poudresdenarco.com\/produit\/acheter-ketamine-liquide-500mg-10ml\/#breadcrumb\"},\"inLanguage\":\"sv-SE\",\"potentialAction\":[{\"@type\":\"ReadAction\",\"target\":[\"https:\/\/poudresdenarco.com\/produit\/acheter-ketamine-liquide-500mg-10ml\/\"]}]},{\"@type\":\"ImageObject\",\"inLanguage\":\"sv-SE\",\"@id\":\"https:\/\/poudresdenarco.com\/produit\/acheter-ketamine-liquide-500mg-10ml\/#primaryimage\",\"url\":\"https:\/\/poudresdenarco.com\/wp-content\/uploads\/2023\/12\/Buy-Ketamine-Liquid-500mg-10ml.jpg\",\"contentUrl\":\"https:\/\/poudresdenarco.com\/wp-content\/uploads\/2023\/12\/Buy-Ketamine-Liquid-500mg-10ml.jpg\",\"width\":600,\"height\":600,\"caption\":\"Acheter K\u00e9tamine Liquide 500mg\/10ml\"},{\"@type\":\"BreadcrumbList\",\"@id\":\"https:\/\/poudresdenarco.com\/produit\/acheter-ketamine-liquide-500mg-10ml\/#breadcrumb\",\"itemListElement\":[{\"@type\":\"ListItem\",\"position\":1,\"name\":\"Home\",\"item\":\"https:\/\/poudresdenarco.com\/\"},{\"@type\":\"ListItem\",\"position\":2,\"name\":\"Boutique\",\"item\":\"https:\/\/poudresdenarco.com\/boutique\/\"},{\"@type\":\"ListItem\",\"position\":3,\"name\":\"Acheter K\u00e9tamine Liquide 500mg\/10ml\"}]},{\"@type\":\"WebSite\",\"@id\":\"https:\/\/poudresdenarco.com\/#website\",\"url\":\"https:\/\/poudresdenarco.com\/\",\"name\":\"Poudresde Narco\",\"description\":\"Acheter de la coca\u00efne et de l&#039;h\u00e9ro\u00efne en ligne\",\"potentialAction\":[{\"@type\":\"SearchAction\",\"target\":{\"@type\":\"EntryPoint\",\"urlTemplate\":\"https:\/\/poudresdenarco.com\/?s={search_term_string}\"},\"query-input\":{\"@type\":\"PropertyValueSpecification\",\"valueRequired\":true,\"valueName\":\"search_term_string\"}}],\"inLanguage\":\"sv-SE\"}]}<\/script>\n<!-- \/ Yoast SEO plugin. -->","yoast_head_json":{"title":"Acheter du liquide de k\u00e9tamine 500 mg\/10 ml en ligne - Liquide de k\u00e9tamine \u00e0 vendre","description":"Vous pouvez acheter du liquide de k\u00e9tamine 500 mg\/10 ml en vente dans notre boutique en ligne et le recevoir \u00e0 votre porte sans aucun probl\u00e8me. Nous vous aidons \u00e0 acheter du liquide de k\u00e9tamine 500 mg\/10 ml en ligne. Passez simplement votre commande maintenant !","robots":{"index":"index","follow":"follow","max-snippet":"max-snippet:-1","max-image-preview":"max-image-preview:large","max-video-preview":"max-video-preview:-1"},"canonical":"https:\/\/poudresdenarco.com\/sv\/produkt\/kop-flytande-ketamin-500-mg-10-ml\/","og_locale":"sv_SE","og_type":"article","og_title":"Acheter du liquide de k\u00e9tamine 500 mg\/10 ml en ligne - Liquide de k\u00e9tamine \u00e0 vendre","og_description":"Vous pouvez acheter du liquide de k\u00e9tamine 500 mg\/10 ml en vente dans notre boutique en ligne et le recevoir \u00e0 votre porte sans aucun probl\u00e8me. Nous vous aidons \u00e0 acheter du liquide de k\u00e9tamine 500 mg\/10 ml en ligne. Passez simplement votre commande maintenant !","og_url":"https:\/\/poudresdenarco.com\/sv\/produkt\/kop-flytande-ketamin-500-mg-10-ml\/","og_site_name":"Poudresde Narco","article_modified_time":"2025-06-03T04:28:44+00:00","og_image":[{"width":600,"height":600,"url":"https:\/\/poudresdenarco.com\/wp-content\/uploads\/2023\/12\/Buy-Ketamine-Liquid-500mg-10ml.jpg","type":"image\/jpeg"}],"twitter_card":"summary_large_image","twitter_misc":{"Ber\u00e4knad l\u00e4stid":"2 minuter"},"schema":{"@context":"https:\/\/schema.org","@graph":[{"@type":"WebPage","@id":"https:\/\/poudresdenarco.com\/produit\/acheter-ketamine-liquide-500mg-10ml\/","url":"https:\/\/poudresdenarco.com\/produit\/acheter-ketamine-liquide-500mg-10ml\/","name":"Acheter du liquide de k\u00e9tamine 500 mg\/10 ml en ligne - Liquide de k\u00e9tamine \u00e0 vendre","isPartOf":{"@id":"https:\/\/poudresdenarco.com\/#website"},"primaryImageOfPage":{"@id":"https:\/\/poudresdenarco.com\/produit\/acheter-ketamine-liquide-500mg-10ml\/#primaryimage"},"image":{"@id":"https:\/\/poudresdenarco.com\/produit\/acheter-ketamine-liquide-500mg-10ml\/#primaryimage"},"thumbnailUrl":"https:\/\/poudresdenarco.com\/wp-content\/uploads\/2023\/12\/Buy-Ketamine-Liquid-500mg-10ml.jpg","datePublished":"2023-12-25T08:20:31+00:00","dateModified":"2025-06-03T04:28:44+00:00","description":"Vous pouvez acheter du liquide de k\u00e9tamine 500 mg\/10 ml en vente dans notre boutique en ligne et le recevoir \u00e0 votre porte sans aucun probl\u00e8me. Nous vous aidons \u00e0 acheter du liquide de k\u00e9tamine 500 mg\/10 ml en ligne. Passez simplement votre commande maintenant !","breadcrumb":{"@id":"https:\/\/poudresdenarco.com\/produit\/acheter-ketamine-liquide-500mg-10ml\/#breadcrumb"},"inLanguage":"sv-SE","potentialAction":[{"@type":"ReadAction","target":["https:\/\/poudresdenarco.com\/produit\/acheter-ketamine-liquide-500mg-10ml\/"]}]},{"@type":"ImageObject","inLanguage":"sv-SE","@id":"https:\/\/poudresdenarco.com\/produit\/acheter-ketamine-liquide-500mg-10ml\/#primaryimage","url":"https:\/\/poudresdenarco.com\/wp-content\/uploads\/2023\/12\/Buy-Ketamine-Liquid-500mg-10ml.jpg","contentUrl":"https:\/\/poudresdenarco.com\/wp-content\/uploads\/2023\/12\/Buy-Ketamine-Liquid-500mg-10ml.jpg","width":600,"height":600,"caption":"Acheter K\u00e9tamine Liquide 500mg\/10ml"},{"@type":"BreadcrumbList","@id":"https:\/\/poudresdenarco.com\/produit\/acheter-ketamine-liquide-500mg-10ml\/#breadcrumb","itemListElement":[{"@type":"ListItem","position":1,"name":"Home","item":"https:\/\/poudresdenarco.com\/"},{"@type":"ListItem","position":2,"name":"Boutique","item":"https:\/\/poudresdenarco.com\/boutique\/"},{"@type":"ListItem","position":3,"name":"Acheter K\u00e9tamine Liquide 500mg\/10ml"}]},{"@type":"WebSite","@id":"https:\/\/poudresdenarco.com\/#website","url":"https:\/\/poudresdenarco.com\/","name":"Poudresde Narco","description":"Acheter de la coca\u00efne et de l&#039;h\u00e9ro\u00efne en ligne","potentialAction":[{"@type":"SearchAction","target":{"@type":"EntryPoint","urlTemplate":"https:\/\/poudresdenarco.com\/?s={search_term_string}"},"query-input":{"@type":"PropertyValueSpecification","valueRequired":true,"valueName":"search_term_string"}}],"inLanguage":"sv-SE"}]}},"_links":{"self":[{"href":"https:\/\/poudresdenarco.com\/sv\/wp-json\/wp\/v2\/product\/171","targetHints":{"allow":["GET"]}}],"collection":[{"href":"https:\/\/poudresdenarco.com\/sv\/wp-json\/wp\/v2\/product"}],"about":[{"href":"https:\/\/poudresdenarco.com\/sv\/wp-json\/wp\/v2\/types\/product"}],"replies":[{"embeddable":true,"href":"https:\/\/poudresdenarco.com\/sv\/wp-json\/wp\/v2\/comments?post=171"}],"wp:featuredmedia":[{"embeddable":true,"href":"https:\/\/poudresdenarco.com\/sv\/wp-json\/wp\/v2\/media\/258"}],"wp:attachment":[{"href":"https:\/\/poudresdenarco.com\/sv\/wp-json\/wp\/v2\/media?parent=171"}],"wp:term":[{"taxonomy":"product_cat","embeddable":true,"href":"https:\/\/poudresdenarco.com\/sv\/wp-json\/wp\/v2\/product_cat?post=171"},{"taxonomy":"product_tag","embeddable":true,"href":"https:\/\/poudresdenarco.com\/sv\/wp-json\/wp\/v2\/product_tag?post=171"}],"curies":[{"name":"wp","href":"https:\/\/api.w.org\/{rel}","templated":true}]}}